{"id":20031,"date":"2022-05-17T11:25:51","date_gmt":"2022-05-17T09:25:51","guid":{"rendered":"https:\/\/www.unipatis.fr\/produit\/%d9%85%d8%b3%d8%ad%d9%88%d9%82-%d8%a7%d9%84%d8%a3%d9%86%d8%a7%d9%86%d8%a7%d8%b3\/"},"modified":"2024-09-18T17:13:27","modified_gmt":"2024-09-18T15:13:27","slug":"%d9%85%d8%b3%d8%ad%d9%88%d9%82-%d8%a7%d9%84%d8%a3%d9%86%d8%a7%d9%86%d8%a7%d8%b3","status":"publish","type":"product","link":"https:\/\/www.unipatis.fr\/ar\/produit\/%d9%85%d8%b3%d8%ad%d9%88%d9%82-%d8%a7%d9%84%d8%a3%d9%86%d8%a7%d9%86%d8%a7%d8%b3\/","title":{"rendered":"\u0645\u0633\u062d\u0648\u0642 \u0627\u0644\u0623\u0646\u0627\u0646\u0627\u0633"},"content":{"rendered":"<p>\u0645\u0633\u062d\u0648\u0642 \u0627\u0644\u0623\u0646\u0627\u0646\u0627\u0633 \u0627\u0644\u0645\u062c\u0641\u0641 \u0628\u0627\u0644\u062a\u062c\u0645\u064a\u062f\u060c \u0641\u0627\u0643\u0647\u0629 \u0637\u0628\u064a\u0639\u064a\u0629 100%.<br \/>\n\u0644\u0625\u0636\u0627\u0641\u0629 \u0627\u0644\u0646\u0643\u0647\u0629 \u0648\u0627\u0644\u0644\u0648\u0646 \u0625\u0644\u0649 \u0627\u0644\u0643\u0631\u064a\u0645\u0627\u062a \u0648\u0627\u0644\u0628\u0633\u0643\u0648\u064a\u062a \u0648\u0627\u0644\u0645\u0639\u0643\u0631\u0648\u0646\u0629 \u0648\u0627\u0644\u0634\u0648\u0643\u0648\u0644\u0627\u062a\u0629 \u0648\u0627\u0644\u063a\u0627\u0646\u0627\u0634.<br \/>\n\u064a\u0645\u0643\u0646 \u062e\u0644\u0637 \u0645\u0633\u0627\u062d\u064a\u0642 \u0627\u0644\u0641\u0627\u0643\u0647\u0629 \u0647\u0630\u0647 \u0645\u0628\u0627\u0634\u0631\u0629 \u0641\u064a \u062c\u0645\u064a\u0639 \u0627\u0644\u0645\u0633\u062a\u062d\u0636\u0631\u0627\u062a \u062f\u0648\u0646 \u062a\u062e\u0641\u064a\u0641 \u0645\u0633\u0628\u0642.<br \/>\n\u0627\u0644\u062d\u0644 \u0627\u0644\u0645\u062b\u0627\u0644\u064a \u0644\u062c\u0645\u064a\u0639 \u0627\u0644\u0623\u062c\u0647\u0632\u0629 \u0627\u0644\u062a\u064a \u0644\u0627 \u062a\u062a\u062d\u0645\u0644 \u0627\u0644\u0645\u0627\u0621 \u0645\u062b\u0644 \u0627\u0644\u0634\u0648\u0643\u0648\u0644\u0627\u062a\u0629 \u0648\u0627\u0644\u0643\u0631\u064a\u0645\u0627\u062a.   <\/p>\n","protected":false},"excerpt":{"rendered":"<p>\u0645\u0633\u062d\u0648\u0642 \u0623\u0646\u0627\u0646\u0627\u0633 \u0645\u062c\u0641\u0641 \u0628\u0627\u0644\u062a\u062c\u0645\u064a\u062f\u060c \u0641\u0627\u0643\u0647\u0629 \u0645\u062c\u0641\u0641\u0629 \u0628\u0627\u0644\u062a\u062c\u0645\u064a\u062f 100% \u0648\u0637\u0628\u064a\u0639\u064a 100%.<\/p>\n","protected":false},"featured_media":20033,"comment_status":"closed","ping_status":"closed","template":"","meta":{"_acf_changed":false,"inline_featured_image":false},"product_brand":[],"product_cat":[707],"product_tag":[],"class_list":{"0":"post-20031","1":"product","2":"type-product","3":"status-publish","4":"has-post-thumbnail","6":"product_cat-23--","7":"sales-flash-overlay","8":"woocommerce-text-align-center","9":"woocommerce-image-align-center","10":"do-quantity-buttons","12":"first","13":"instock","14":"shipping-taxable","15":"product-type-simple"},"acf":[],"yoast_head":"<!-- This site is optimized with the Yoast SEO plugin v27.2 - https:\/\/yoast.com\/product\/yoast-seo-wordpress\/ -->\n<title>\u0645\u0633\u062d\u0648\u0642 \u0627\u0644\u0623\u0646\u0627\u0646\u0627\u0633 - Unipatis<\/title>\n<meta name=\"description\" content=\"\u0645\u0633\u062d\u0648\u0642 \u0627\u0644\u0623\u0646\u0627\u0646\u0627\u0633 \u0627\u0644\u0645\u062c\u0641\u0641 \u0628\u0627\u0644\u062a\u062c\u0645\u064a\u062f\u060c \u0641\u0627\u0643\u0647\u0629 \u0637\u0628\u064a\u0639\u064a\u0629 100%. \u0644\u062a\u0646\u0643\u064a\u0647 \u0627\u0644\u0643\u0631\u064a\u0645\u0627\u062a \u0648\u0627\u0644\u0628\u0633\u0643\u0648\u064a\u062a \u0648\u0627\u0644\u0645\u0639\u0643\u0631\u0648\u0646\u0629 \u0648\u0627\u0644\u0634\u0648\u0643\u0648\u0644\u0627\u062a\u0629 \u0648\u0627\u0644\u063a\u0627\u0646\u0627\u0634.\" \/>\n<meta name=\"robots\" content=\"index, follow, max-snippet:-1, max-image-preview:large, max-video-preview:-1\" \/>\n<link rel=\"canonical\" href=\"https:\/\/www.unipatis.fr\/?post_type=product&p=8619\" \/>\n<meta property=\"og:locale\" content=\"ar_AR\" \/>\n<meta property=\"og:type\" content=\"article\" \/>\n<meta property=\"og:title\" content=\"\u0645\u0633\u062d\u0648\u0642 \u0627\u0644\u0623\u0646\u0627\u0646\u0627\u0633 - Unipatis\" \/>\n<meta property=\"og:description\" content=\"\u0645\u0633\u062d\u0648\u0642 \u0627\u0644\u0623\u0646\u0627\u0646\u0627\u0633 \u0627\u0644\u0645\u062c\u0641\u0641 \u0628\u0627\u0644\u062a\u062c\u0645\u064a\u062f\u060c \u0641\u0627\u0643\u0647\u0629 \u0637\u0628\u064a\u0639\u064a\u0629 100%. \u0644\u062a\u0646\u0643\u064a\u0647 \u0627\u0644\u0643\u0631\u064a\u0645\u0627\u062a \u0648\u0627\u0644\u0628\u0633\u0643\u0648\u064a\u062a \u0648\u0627\u0644\u0645\u0639\u0643\u0631\u0648\u0646\u0629 \u0648\u0627\u0644\u0634\u0648\u0643\u0648\u0644\u0627\u062a\u0629 \u0648\u0627\u0644\u063a\u0627\u0646\u0627\u0634.\" \/>\n<meta property=\"og:url\" content=\"https:\/\/www.unipatis.fr\/?post_type=product&amp;p=8619\" \/>\n<meta property=\"og:site_name\" content=\"Unipatis\" \/>\n<meta property=\"article:publisher\" content=\"https:\/\/www.facebook.com\/unipatis\" \/>\n<meta property=\"article:modified_time\" content=\"2024-09-18T15:13:27+00:00\" \/>\n<meta property=\"og:image\" content=\"https:\/\/www.unipatis.fr\/wp-content\/uploads\/2022\/05\/pot_poudre_ananas.jpg\" \/>\n\t<meta property=\"og:image:width\" content=\"1300\" \/>\n\t<meta property=\"og:image:height\" content=\"1300\" \/>\n\t<meta property=\"og:image:type\" content=\"image\/jpeg\" \/>\n<meta name=\"twitter:card\" content=\"summary_large_image\" \/>\n<script type=\"application\/ld+json\" class=\"yoast-schema-graph\">{\"@context\":\"https:\/\/schema.org\",\"@graph\":[{\"@type\":\"WebPage\",\"@id\":\"https:\/\/www.unipatis.fr\/?post_type=product&p=8619\",\"url\":\"https:\/\/www.unipatis.fr\/?post_type=product&p=8619\",\"name\":\"\u0645\u0633\u062d\u0648\u0642 \u0627\u0644\u0623\u0646\u0627\u0646\u0627\u0633 - Unipatis\",\"isPartOf\":{\"@id\":\"https:\/\/www.unipatis.fr\/en\/#website\"},\"primaryImageOfPage\":{\"@id\":\"https:\/\/www.unipatis.fr\/?post_type=product&p=8619#primaryimage\"},\"image\":{\"@id\":\"https:\/\/www.unipatis.fr\/?post_type=product&p=8619#primaryimage\"},\"thumbnailUrl\":\"https:\/\/www.unipatis.fr\/wp-content\/uploads\/2022\/05\/pot_poudre_ananas.jpg\",\"datePublished\":\"2022-05-17T09:25:51+00:00\",\"dateModified\":\"2024-09-18T15:13:27+00:00\",\"description\":\"\u0645\u0633\u062d\u0648\u0642 \u0627\u0644\u0623\u0646\u0627\u0646\u0627\u0633 \u0627\u0644\u0645\u062c\u0641\u0641 \u0628\u0627\u0644\u062a\u062c\u0645\u064a\u062f\u060c \u0641\u0627\u0643\u0647\u0629 \u0637\u0628\u064a\u0639\u064a\u0629 100%. \u0644\u062a\u0646\u0643\u064a\u0647 \u0627\u0644\u0643\u0631\u064a\u0645\u0627\u062a \u0648\u0627\u0644\u0628\u0633\u0643\u0648\u064a\u062a \u0648\u0627\u0644\u0645\u0639\u0643\u0631\u0648\u0646\u0629 \u0648\u0627\u0644\u0634\u0648\u0643\u0648\u0644\u0627\u062a\u0629 \u0648\u0627\u0644\u063a\u0627\u0646\u0627\u0634.\",\"breadcrumb\":{\"@id\":\"https:\/\/www.unipatis.fr\/?post_type=product&p=8619#breadcrumb\"},\"inLanguage\":\"ar\",\"potentialAction\":[{\"@type\":\"ReadAction\",\"target\":[\"https:\/\/www.unipatis.fr\/?post_type=product&p=8619\"]}]},{\"@type\":\"ImageObject\",\"inLanguage\":\"ar\",\"@id\":\"https:\/\/www.unipatis.fr\/?post_type=product&p=8619#primaryimage\",\"url\":\"https:\/\/www.unipatis.fr\/wp-content\/uploads\/2022\/05\/pot_poudre_ananas.jpg\",\"contentUrl\":\"https:\/\/www.unipatis.fr\/wp-content\/uploads\/2022\/05\/pot_poudre_ananas.jpg\",\"width\":1300,\"height\":1300},{\"@type\":\"BreadcrumbList\",\"@id\":\"https:\/\/www.unipatis.fr\/?post_type=product&p=8619#breadcrumb\",\"itemListElement\":[{\"@type\":\"ListItem\",\"position\":1,\"name\":\"Accueil\",\"item\":\"https:\/\/www.unipatis.fr\/ar\/%d8%a7%d9%84%d8%b5%d9%81%d8%ad%d8%a9-%d8%a7%d9%84%d8%b1%d8%a6%d9%8a%d8%b3%d9%8a%d8%a9\/\"},{\"@type\":\"ListItem\",\"position\":2,\"name\":\"\u0627\u0644\u0645\u062a\u062c\u0631\",\"item\":\"https:\/\/www.unipatis.fr\/ar\/%d8%a7%d9%84%d9%85%d8%aa%d8%ac%d8%b1\/\"},{\"@type\":\"ListItem\",\"position\":3,\"name\":\"\u0645\u0633\u062d\u0648\u0642 \u0627\u0644\u0623\u0646\u0627\u0646\u0627\u0633\"}]},{\"@type\":\"WebSite\",\"@id\":\"https:\/\/www.unipatis.fr\/en\/#website\",\"url\":\"https:\/\/www.unipatis.fr\/en\/\",\"name\":\"Unipatis\",\"description\":\"Unipatis Maison est une entreprise familiale sp\u00e9cialis\u00e9e dans la fabrication d&#039;ingr\u00e9dients p\u00e2tissiers et chocolatiers depuis quatre g\u00e9n\u00e9rations.\",\"publisher\":{\"@id\":\"https:\/\/www.unipatis.fr\/en\/#organization\"},\"potentialAction\":[{\"@type\":\"SearchAction\",\"target\":{\"@type\":\"EntryPoint\",\"urlTemplate\":\"https:\/\/www.unipatis.fr\/en\/?s={search_term_string}\"},\"query-input\":{\"@type\":\"PropertyValueSpecification\",\"valueRequired\":true,\"valueName\":\"search_term_string\"}}],\"inLanguage\":\"ar\"},{\"@type\":\"Organization\",\"@id\":\"https:\/\/www.unipatis.fr\/en\/#organization\",\"name\":\"Unipatis\",\"url\":\"https:\/\/www.unipatis.fr\/en\/\",\"logo\":{\"@type\":\"ImageObject\",\"inLanguage\":\"ar\",\"@id\":\"https:\/\/www.unipatis.fr\/en\/#\/schema\/logo\/image\/\",\"url\":\"https:\/\/www.unipatis.fr\/wp-content\/uploads\/2021\/10\/UNIPATIS_logo_flag_2021-1.svg\",\"contentUrl\":\"https:\/\/www.unipatis.fr\/wp-content\/uploads\/2021\/10\/UNIPATIS_logo_flag_2021-1.svg\",\"width\":150,\"height\":184,\"caption\":\"Unipatis\"},\"image\":{\"@id\":\"https:\/\/www.unipatis.fr\/en\/#\/schema\/logo\/image\/\"},\"sameAs\":[\"https:\/\/www.facebook.com\/unipatis\",\"https:\/\/www.instagram.com\/unipatis\",\"https:\/\/www.youtube.com\/@Unipatis\"]}]}<\/script>\n<!-- \/ Yoast SEO plugin. -->","yoast_head_json":{"title":"\u0645\u0633\u062d\u0648\u0642 \u0627\u0644\u0623\u0646\u0627\u0646\u0627\u0633 - Unipatis","description":"\u0645\u0633\u062d\u0648\u0642 \u0627\u0644\u0623\u0646\u0627\u0646\u0627\u0633 \u0627\u0644\u0645\u062c\u0641\u0641 \u0628\u0627\u0644\u062a\u062c\u0645\u064a\u062f\u060c \u0641\u0627\u0643\u0647\u0629 \u0637\u0628\u064a\u0639\u064a\u0629 100%. \u0644\u062a\u0646\u0643\u064a\u0647 \u0627\u0644\u0643\u0631\u064a\u0645\u0627\u062a \u0648\u0627\u0644\u0628\u0633\u0643\u0648\u064a\u062a \u0648\u0627\u0644\u0645\u0639\u0643\u0631\u0648\u0646\u0629 \u0648\u0627\u0644\u0634\u0648\u0643\u0648\u0644\u0627\u062a\u0629 \u0648\u0627\u0644\u063a\u0627\u0646\u0627\u0634.","robots":{"index":"index","follow":"follow","max-snippet":"max-snippet:-1","max-image-preview":"max-image-preview:large","max-video-preview":"max-video-preview:-1"},"canonical":"https:\/\/www.unipatis.fr\/?post_type=product&p=8619","og_locale":"ar_AR","og_type":"article","og_title":"\u0645\u0633\u062d\u0648\u0642 \u0627\u0644\u0623\u0646\u0627\u0646\u0627\u0633 - Unipatis","og_description":"\u0645\u0633\u062d\u0648\u0642 \u0627\u0644\u0623\u0646\u0627\u0646\u0627\u0633 \u0627\u0644\u0645\u062c\u0641\u0641 \u0628\u0627\u0644\u062a\u062c\u0645\u064a\u062f\u060c \u0641\u0627\u0643\u0647\u0629 \u0637\u0628\u064a\u0639\u064a\u0629 100%. \u0644\u062a\u0646\u0643\u064a\u0647 \u0627\u0644\u0643\u0631\u064a\u0645\u0627\u062a \u0648\u0627\u0644\u0628\u0633\u0643\u0648\u064a\u062a \u0648\u0627\u0644\u0645\u0639\u0643\u0631\u0648\u0646\u0629 \u0648\u0627\u0644\u0634\u0648\u0643\u0648\u0644\u0627\u062a\u0629 \u0648\u0627\u0644\u063a\u0627\u0646\u0627\u0634.","og_url":"https:\/\/www.unipatis.fr\/?post_type=product&p=8619","og_site_name":"Unipatis","article_publisher":"https:\/\/www.facebook.com\/unipatis","article_modified_time":"2024-09-18T15:13:27+00:00","og_image":[{"width":1300,"height":1300,"url":"https:\/\/www.unipatis.fr\/wp-content\/uploads\/2022\/05\/pot_poudre_ananas.jpg","type":"image\/jpeg"}],"twitter_card":"summary_large_image","schema":{"@context":"https:\/\/schema.org","@graph":[{"@type":"WebPage","@id":"https:\/\/www.unipatis.fr\/?post_type=product&p=8619","url":"https:\/\/www.unipatis.fr\/?post_type=product&p=8619","name":"\u0645\u0633\u062d\u0648\u0642 \u0627\u0644\u0623\u0646\u0627\u0646\u0627\u0633 - Unipatis","isPartOf":{"@id":"https:\/\/www.unipatis.fr\/en\/#website"},"primaryImageOfPage":{"@id":"https:\/\/www.unipatis.fr\/?post_type=product&p=8619#primaryimage"},"image":{"@id":"https:\/\/www.unipatis.fr\/?post_type=product&p=8619#primaryimage"},"thumbnailUrl":"https:\/\/www.unipatis.fr\/wp-content\/uploads\/2022\/05\/pot_poudre_ananas.jpg","datePublished":"2022-05-17T09:25:51+00:00","dateModified":"2024-09-18T15:13:27+00:00","description":"\u0645\u0633\u062d\u0648\u0642 \u0627\u0644\u0623\u0646\u0627\u0646\u0627\u0633 \u0627\u0644\u0645\u062c\u0641\u0641 \u0628\u0627\u0644\u062a\u062c\u0645\u064a\u062f\u060c \u0641\u0627\u0643\u0647\u0629 \u0637\u0628\u064a\u0639\u064a\u0629 100%. \u0644\u062a\u0646\u0643\u064a\u0647 \u0627\u0644\u0643\u0631\u064a\u0645\u0627\u062a \u0648\u0627\u0644\u0628\u0633\u0643\u0648\u064a\u062a \u0648\u0627\u0644\u0645\u0639\u0643\u0631\u0648\u0646\u0629 \u0648\u0627\u0644\u0634\u0648\u0643\u0648\u0644\u0627\u062a\u0629 \u0648\u0627\u0644\u063a\u0627\u0646\u0627\u0634.","breadcrumb":{"@id":"https:\/\/www.unipatis.fr\/?post_type=product&p=8619#breadcrumb"},"inLanguage":"ar","potentialAction":[{"@type":"ReadAction","target":["https:\/\/www.unipatis.fr\/?post_type=product&p=8619"]}]},{"@type":"ImageObject","inLanguage":"ar","@id":"https:\/\/www.unipatis.fr\/?post_type=product&p=8619#primaryimage","url":"https:\/\/www.unipatis.fr\/wp-content\/uploads\/2022\/05\/pot_poudre_ananas.jpg","contentUrl":"https:\/\/www.unipatis.fr\/wp-content\/uploads\/2022\/05\/pot_poudre_ananas.jpg","width":1300,"height":1300},{"@type":"BreadcrumbList","@id":"https:\/\/www.unipatis.fr\/?post_type=product&p=8619#breadcrumb","itemListElement":[{"@type":"ListItem","position":1,"name":"Accueil","item":"https:\/\/www.unipatis.fr\/ar\/%d8%a7%d9%84%d8%b5%d9%81%d8%ad%d8%a9-%d8%a7%d9%84%d8%b1%d8%a6%d9%8a%d8%b3%d9%8a%d8%a9\/"},{"@type":"ListItem","position":2,"name":"\u0627\u0644\u0645\u062a\u062c\u0631","item":"https:\/\/www.unipatis.fr\/ar\/%d8%a7%d9%84%d9%85%d8%aa%d8%ac%d8%b1\/"},{"@type":"ListItem","position":3,"name":"\u0645\u0633\u062d\u0648\u0642 \u0627\u0644\u0623\u0646\u0627\u0646\u0627\u0633"}]},{"@type":"WebSite","@id":"https:\/\/www.unipatis.fr\/en\/#website","url":"https:\/\/www.unipatis.fr\/en\/","name":"Unipatis","description":"Unipatis Maison est une entreprise familiale sp\u00e9cialis\u00e9e dans la fabrication d&#039;ingr\u00e9dients p\u00e2tissiers et chocolatiers depuis quatre g\u00e9n\u00e9rations.","publisher":{"@id":"https:\/\/www.unipatis.fr\/en\/#organization"},"potentialAction":[{"@type":"SearchAction","target":{"@type":"EntryPoint","urlTemplate":"https:\/\/www.unipatis.fr\/en\/?s={search_term_string}"},"query-input":{"@type":"PropertyValueSpecification","valueRequired":true,"valueName":"search_term_string"}}],"inLanguage":"ar"},{"@type":"Organization","@id":"https:\/\/www.unipatis.fr\/en\/#organization","name":"Unipatis","url":"https:\/\/www.unipatis.fr\/en\/","logo":{"@type":"ImageObject","inLanguage":"ar","@id":"https:\/\/www.unipatis.fr\/en\/#\/schema\/logo\/image\/","url":"https:\/\/www.unipatis.fr\/wp-content\/uploads\/2021\/10\/UNIPATIS_logo_flag_2021-1.svg","contentUrl":"https:\/\/www.unipatis.fr\/wp-content\/uploads\/2021\/10\/UNIPATIS_logo_flag_2021-1.svg","width":150,"height":184,"caption":"Unipatis"},"image":{"@id":"https:\/\/www.unipatis.fr\/en\/#\/schema\/logo\/image\/"},"sameAs":["https:\/\/www.facebook.com\/unipatis","https:\/\/www.instagram.com\/unipatis","https:\/\/www.youtube.com\/@Unipatis"]}]}},"_links":{"self":[{"href":"https:\/\/www.unipatis.fr\/ar\/wp-json\/wp\/v2\/product\/20031","targetHints":{"allow":["GET"]}}],"collection":[{"href":"https:\/\/www.unipatis.fr\/ar\/wp-json\/wp\/v2\/product"}],"about":[{"href":"https:\/\/www.unipatis.fr\/ar\/wp-json\/wp\/v2\/types\/product"}],"replies":[{"embeddable":true,"href":"https:\/\/www.unipatis.fr\/ar\/wp-json\/wp\/v2\/comments?post=20031"}],"version-history":[{"count":0,"href":"https:\/\/www.unipatis.fr\/ar\/wp-json\/wp\/v2\/product\/20031\/revisions"}],"wp:featuredmedia":[{"embeddable":true,"href":"https:\/\/www.unipatis.fr\/ar\/wp-json\/wp\/v2\/media\/20033"}],"wp:attachment":[{"href":"https:\/\/www.unipatis.fr\/ar\/wp-json\/wp\/v2\/media?parent=20031"}],"wp:term":[{"taxonomy":"product_brand","embeddable":true,"href":"https:\/\/www.unipatis.fr\/ar\/wp-json\/wp\/v2\/product_brand?post=20031"},{"taxonomy":"product_cat","embeddable":true,"href":"https:\/\/www.unipatis.fr\/ar\/wp-json\/wp\/v2\/product_cat?post=20031"},{"taxonomy":"product_tag","embeddable":true,"href":"https:\/\/www.unipatis.fr\/ar\/wp-json\/wp\/v2\/product_tag?post=20031"}],"curies":[{"name":"wp","href":"https:\/\/api.w.org\/{rel}","templated":true}]}}