{"id":20178,"date":"2024-08-30T09:28:32","date_gmt":"2024-08-30T07:28:32","guid":{"rendered":"https:\/\/www.unipatis.fr\/produit\/%d8%b5%d9%82%d9%8a%d9%84-%d9%83%d8%a7%d9%83%d8%a7%d9%88-%d8%af%d8%a7%d9%83%d9%86-%d8%ba%d9%8a%d8%b1-%d9%86%d8%b4%d9%88%d9%8a\/"},"modified":"2026-04-12T08:34:32","modified_gmt":"2026-04-12T06:34:32","slug":"%d8%b5%d9%82%d9%8a%d9%84-%d9%83%d8%a7%d9%83%d8%a7%d9%88-%d8%af%d8%a7%d9%83%d9%86-%d8%ba%d9%8a%d8%b1-%d9%86%d8%b4%d9%88%d9%8a","status":"publish","type":"product","link":"https:\/\/www.unipatis.fr\/ar\/produit\/%d8%b5%d9%82%d9%8a%d9%84-%d9%83%d8%a7%d9%83%d8%a7%d9%88-%d8%af%d8%a7%d9%83%d9%86-%d8%ba%d9%8a%d8%b1-%d9%86%d8%b4%d9%88%d9%8a\/","title":{"rendered":"\u0635\u0642\u064a\u0644 \u0643\u0627\u0643\u0627\u0648 \u062f\u0627\u0643\u0646 \u063a\u064a\u0631 \u0646\u0634\u0648\u064a"},"content":{"rendered":"","protected":false},"excerpt":{"rendered":"<p>\u0637\u0644\u0627\u0621 \u0627\u0644\u0643\u0627\u0643\u0627\u0648 \u0627\u0644\u0623\u0633\u0648\u062f \u0627\u0644\u0644\u0627\u0645\u0639 \u0644\u0644\u062d\u0644\u0648\u064a\u0627\u062a \u0648\u0627\u0644\u0645\u0648\u0633 \u0648\u0627\u0644\u0628\u0627\u0641\u0627\u0631\u0648\u0627 \u0648\u0627\u0644\u0622\u064a\u0633 \u0643\u0631\u064a\u0645.<\/p>\n<p>\u0645\u064f\u0632\u0648\u0651\u062c \u0628\u0627\u0644\u0628\u0643\u062a\u064a\u0646 \u063a\u064a\u0631 \u0627\u0644\u0646\u0634\u0627.<\/p>\n","protected":false},"featured_media":20179,"comment_status":"closed","ping_status":"closed","template":"","meta":{"_acf_changed":false,"inline_featured_image":false},"product_brand":[],"product_cat":[727],"product_tag":[],"class_list":{"0":"post-20178","1":"product","2":"type-product","3":"status-publish","4":"has-post-thumbnail","6":"product_cat-07----","7":"sales-flash-overlay","8":"woocommerce-text-align-center","9":"woocommerce-image-align-center","10":"do-quantity-buttons","12":"first","13":"instock","14":"shipping-taxable","15":"product-type-simple"},"acf":[],"yoast_head":"<!-- This site is optimized with the Yoast SEO plugin v27.2 - https:\/\/yoast.com\/product\/yoast-seo-wordpress\/ -->\n<title>\u0635\u0642\u064a\u0644 \u0643\u0627\u0643\u0627\u0648 \u062f\u0627\u0643\u0646 \u063a\u064a\u0631 \u0646\u0634\u0648\u064a - Unipatis<\/title>\n<meta name=\"robots\" content=\"index, follow, max-snippet:-1, max-image-preview:large, max-video-preview:-1\" \/>\n<link rel=\"canonical\" href=\"https:\/\/www.unipatis.fr\/ar\/produit\/\u0635\u0642\u064a\u0644-\u0643\u0627\u0643\u0627\u0648-\u062f\u0627\u0643\u0646-\u063a\u064a\u0631-\u0646\u0634\u0648\u064a\/\" \/>\n<meta property=\"og:locale\" content=\"ar_AR\" \/>\n<meta property=\"og:type\" content=\"article\" \/>\n<meta property=\"og:title\" content=\"\u0635\u0642\u064a\u0644 \u0643\u0627\u0643\u0627\u0648 \u062f\u0627\u0643\u0646 \u063a\u064a\u0631 \u0646\u0634\u0648\u064a - Unipatis\" \/>\n<meta property=\"og:description\" content=\"\u0637\u0644\u0627\u0621 \u0627\u0644\u0643\u0627\u0643\u0627\u0648 \u0627\u0644\u0623\u0633\u0648\u062f \u0627\u0644\u0644\u0627\u0645\u0639 \u0644\u0644\u062d\u0644\u0648\u064a\u0627\u062a \u0648\u0627\u0644\u0645\u0648\u0633 \u0648\u0627\u0644\u0628\u0627\u0641\u0627\u0631\u0648\u0627 \u0648\u0627\u0644\u0622\u064a\u0633 \u0643\u0631\u064a\u0645. \u0645\u064f\u0632\u0648\u0651\u062c \u0628\u0627\u0644\u0628\u0643\u062a\u064a\u0646 \u063a\u064a\u0631 \u0627\u0644\u0646\u0634\u0627.\" \/>\n<meta property=\"og:url\" content=\"https:\/\/www.unipatis.fr\/ar\/produit\/\u0635\u0642\u064a\u0644-\u0643\u0627\u0643\u0627\u0648-\u062f\u0627\u0643\u0646-\u063a\u064a\u0631-\u0646\u0634\u0648\u064a\/\" \/>\n<meta property=\"og:site_name\" content=\"Unipatis\" \/>\n<meta property=\"article:publisher\" content=\"https:\/\/www.facebook.com\/unipatis\" \/>\n<meta property=\"article:modified_time\" content=\"2026-04-12T06:34:32+00:00\" \/>\n<meta property=\"og:image\" content=\"https:\/\/www.unipatis.fr\/wp-content\/uploads\/2024\/08\/seau_glacage_eclat_noir_cacao_non-amidee-1.png\" \/>\n\t<meta property=\"og:image:width\" content=\"1261\" \/>\n\t<meta property=\"og:image:height\" content=\"1179\" \/>\n\t<meta property=\"og:image:type\" content=\"image\/png\" \/>\n<meta name=\"twitter:card\" content=\"summary_large_image\" \/>\n<script type=\"application\/ld+json\" class=\"yoast-schema-graph\">{\"@context\":\"https:\/\/schema.org\",\"@graph\":[{\"@type\":\"WebPage\",\"@id\":\"https:\/\/www.unipatis.fr\/ar\/produit\/%d8%b5%d9%82%d9%8a%d9%84-%d9%83%d8%a7%d9%83%d8%a7%d9%88-%d8%af%d8%a7%d9%83%d9%86-%d8%ba%d9%8a%d8%b1-%d9%86%d8%b4%d9%88%d9%8a\/\",\"url\":\"https:\/\/www.unipatis.fr\/ar\/produit\/%d8%b5%d9%82%d9%8a%d9%84-%d9%83%d8%a7%d9%83%d8%a7%d9%88-%d8%af%d8%a7%d9%83%d9%86-%d8%ba%d9%8a%d8%b1-%d9%86%d8%b4%d9%88%d9%8a\/\",\"name\":\"\u0635\u0642\u064a\u0644 \u0643\u0627\u0643\u0627\u0648 \u062f\u0627\u0643\u0646 \u063a\u064a\u0631 \u0646\u0634\u0648\u064a - Unipatis\",\"isPartOf\":{\"@id\":\"https:\/\/www.unipatis.fr\/en\/#website\"},\"primaryImageOfPage\":{\"@id\":\"https:\/\/www.unipatis.fr\/ar\/produit\/%d8%b5%d9%82%d9%8a%d9%84-%d9%83%d8%a7%d9%83%d8%a7%d9%88-%d8%af%d8%a7%d9%83%d9%86-%d8%ba%d9%8a%d8%b1-%d9%86%d8%b4%d9%88%d9%8a\/#primaryimage\"},\"image\":{\"@id\":\"https:\/\/www.unipatis.fr\/ar\/produit\/%d8%b5%d9%82%d9%8a%d9%84-%d9%83%d8%a7%d9%83%d8%a7%d9%88-%d8%af%d8%a7%d9%83%d9%86-%d8%ba%d9%8a%d8%b1-%d9%86%d8%b4%d9%88%d9%8a\/#primaryimage\"},\"thumbnailUrl\":\"https:\/\/www.unipatis.fr\/wp-content\/uploads\/2024\/08\/seau_glacage_eclat_noir_cacao_non-amidee-1.png\",\"datePublished\":\"2024-08-30T07:28:32+00:00\",\"dateModified\":\"2026-04-12T06:34:32+00:00\",\"breadcrumb\":{\"@id\":\"https:\/\/www.unipatis.fr\/ar\/produit\/%d8%b5%d9%82%d9%8a%d9%84-%d9%83%d8%a7%d9%83%d8%a7%d9%88-%d8%af%d8%a7%d9%83%d9%86-%d8%ba%d9%8a%d8%b1-%d9%86%d8%b4%d9%88%d9%8a\/#breadcrumb\"},\"inLanguage\":\"ar\",\"potentialAction\":[{\"@type\":\"ReadAction\",\"target\":[\"https:\/\/www.unipatis.fr\/ar\/produit\/%d8%b5%d9%82%d9%8a%d9%84-%d9%83%d8%a7%d9%83%d8%a7%d9%88-%d8%af%d8%a7%d9%83%d9%86-%d8%ba%d9%8a%d8%b1-%d9%86%d8%b4%d9%88%d9%8a\/\"]}]},{\"@type\":\"ImageObject\",\"inLanguage\":\"ar\",\"@id\":\"https:\/\/www.unipatis.fr\/ar\/produit\/%d8%b5%d9%82%d9%8a%d9%84-%d9%83%d8%a7%d9%83%d8%a7%d9%88-%d8%af%d8%a7%d9%83%d9%86-%d8%ba%d9%8a%d8%b1-%d9%86%d8%b4%d9%88%d9%8a\/#primaryimage\",\"url\":\"https:\/\/www.unipatis.fr\/wp-content\/uploads\/2024\/08\/seau_glacage_eclat_noir_cacao_non-amidee-1.png\",\"contentUrl\":\"https:\/\/www.unipatis.fr\/wp-content\/uploads\/2024\/08\/seau_glacage_eclat_noir_cacao_non-amidee-1.png\",\"width\":1261,\"height\":1179,\"caption\":\"\u064a\u0648\u0646\u064a\u0628\u0627\u062a\u064a\u0633_\u0623\u0633\u0648\u062f_\u0623\u0633\u0648\u062f_\u0634\u0648\u0643\u0648\u0644\u0627\u062a\u0629_\u0632\u062c\u0627\u062c\u064a\u0629 \u063a\u064a\u0631 \u0645\u0646\u0642\u0648\u0634\u0629\"},{\"@type\":\"BreadcrumbList\",\"@id\":\"https:\/\/www.unipatis.fr\/ar\/produit\/%d8%b5%d9%82%d9%8a%d9%84-%d9%83%d8%a7%d9%83%d8%a7%d9%88-%d8%af%d8%a7%d9%83%d9%86-%d8%ba%d9%8a%d8%b1-%d9%86%d8%b4%d9%88%d9%8a\/#breadcrumb\",\"itemListElement\":[{\"@type\":\"ListItem\",\"position\":1,\"name\":\"Accueil\",\"item\":\"https:\/\/www.unipatis.fr\/ar\/%d8%a7%d9%84%d8%b5%d9%81%d8%ad%d8%a9-%d8%a7%d9%84%d8%b1%d8%a6%d9%8a%d8%b3%d9%8a%d8%a9\/\"},{\"@type\":\"ListItem\",\"position\":2,\"name\":\"\u0627\u0644\u0645\u062a\u062c\u0631\",\"item\":\"https:\/\/www.unipatis.fr\/ar\/%d8%a7%d9%84%d9%85%d8%aa%d8%ac%d8%b1\/\"},{\"@type\":\"ListItem\",\"position\":3,\"name\":\"\u0635\u0642\u064a\u0644 \u0643\u0627\u0643\u0627\u0648 \u062f\u0627\u0643\u0646 \u063a\u064a\u0631 \u0646\u0634\u0648\u064a\"}]},{\"@type\":\"WebSite\",\"@id\":\"https:\/\/www.unipatis.fr\/en\/#website\",\"url\":\"https:\/\/www.unipatis.fr\/en\/\",\"name\":\"Unipatis\",\"description\":\"Unipatis Maison est une entreprise familiale sp\u00e9cialis\u00e9e dans la fabrication d&#039;ingr\u00e9dients p\u00e2tissiers et chocolatiers depuis quatre g\u00e9n\u00e9rations.\",\"publisher\":{\"@id\":\"https:\/\/www.unipatis.fr\/en\/#organization\"},\"potentialAction\":[{\"@type\":\"SearchAction\",\"target\":{\"@type\":\"EntryPoint\",\"urlTemplate\":\"https:\/\/www.unipatis.fr\/en\/?s={search_term_string}\"},\"query-input\":{\"@type\":\"PropertyValueSpecification\",\"valueRequired\":true,\"valueName\":\"search_term_string\"}}],\"inLanguage\":\"ar\"},{\"@type\":\"Organization\",\"@id\":\"https:\/\/www.unipatis.fr\/en\/#organization\",\"name\":\"Unipatis\",\"url\":\"https:\/\/www.unipatis.fr\/en\/\",\"logo\":{\"@type\":\"ImageObject\",\"inLanguage\":\"ar\",\"@id\":\"https:\/\/www.unipatis.fr\/en\/#\/schema\/logo\/image\/\",\"url\":\"https:\/\/www.unipatis.fr\/wp-content\/uploads\/2021\/10\/UNIPATIS_logo_flag_2021-1.svg\",\"contentUrl\":\"https:\/\/www.unipatis.fr\/wp-content\/uploads\/2021\/10\/UNIPATIS_logo_flag_2021-1.svg\",\"width\":150,\"height\":184,\"caption\":\"Unipatis\"},\"image\":{\"@id\":\"https:\/\/www.unipatis.fr\/en\/#\/schema\/logo\/image\/\"},\"sameAs\":[\"https:\/\/www.facebook.com\/unipatis\",\"https:\/\/www.instagram.com\/unipatis\",\"https:\/\/www.youtube.com\/@Unipatis\"]}]}<\/script>\n<!-- \/ Yoast SEO plugin. -->","yoast_head_json":{"title":"\u0635\u0642\u064a\u0644 \u0643\u0627\u0643\u0627\u0648 \u062f\u0627\u0643\u0646 \u063a\u064a\u0631 \u0646\u0634\u0648\u064a - Unipatis","robots":{"index":"index","follow":"follow","max-snippet":"max-snippet:-1","max-image-preview":"max-image-preview:large","max-video-preview":"max-video-preview:-1"},"canonical":"https:\/\/www.unipatis.fr\/ar\/produit\/\u0635\u0642\u064a\u0644-\u0643\u0627\u0643\u0627\u0648-\u062f\u0627\u0643\u0646-\u063a\u064a\u0631-\u0646\u0634\u0648\u064a\/","og_locale":"ar_AR","og_type":"article","og_title":"\u0635\u0642\u064a\u0644 \u0643\u0627\u0643\u0627\u0648 \u062f\u0627\u0643\u0646 \u063a\u064a\u0631 \u0646\u0634\u0648\u064a - Unipatis","og_description":"\u0637\u0644\u0627\u0621 \u0627\u0644\u0643\u0627\u0643\u0627\u0648 \u0627\u0644\u0623\u0633\u0648\u062f \u0627\u0644\u0644\u0627\u0645\u0639 \u0644\u0644\u062d\u0644\u0648\u064a\u0627\u062a \u0648\u0627\u0644\u0645\u0648\u0633 \u0648\u0627\u0644\u0628\u0627\u0641\u0627\u0631\u0648\u0627 \u0648\u0627\u0644\u0622\u064a\u0633 \u0643\u0631\u064a\u0645. \u0645\u064f\u0632\u0648\u0651\u062c \u0628\u0627\u0644\u0628\u0643\u062a\u064a\u0646 \u063a\u064a\u0631 \u0627\u0644\u0646\u0634\u0627.","og_url":"https:\/\/www.unipatis.fr\/ar\/produit\/\u0635\u0642\u064a\u0644-\u0643\u0627\u0643\u0627\u0648-\u062f\u0627\u0643\u0646-\u063a\u064a\u0631-\u0646\u0634\u0648\u064a\/","og_site_name":"Unipatis","article_publisher":"https:\/\/www.facebook.com\/unipatis","article_modified_time":"2026-04-12T06:34:32+00:00","og_image":[{"width":1261,"height":1179,"url":"https:\/\/www.unipatis.fr\/wp-content\/uploads\/2024\/08\/seau_glacage_eclat_noir_cacao_non-amidee-1.png","type":"image\/png"}],"twitter_card":"summary_large_image","schema":{"@context":"https:\/\/schema.org","@graph":[{"@type":"WebPage","@id":"https:\/\/www.unipatis.fr\/ar\/produit\/%d8%b5%d9%82%d9%8a%d9%84-%d9%83%d8%a7%d9%83%d8%a7%d9%88-%d8%af%d8%a7%d9%83%d9%86-%d8%ba%d9%8a%d8%b1-%d9%86%d8%b4%d9%88%d9%8a\/","url":"https:\/\/www.unipatis.fr\/ar\/produit\/%d8%b5%d9%82%d9%8a%d9%84-%d9%83%d8%a7%d9%83%d8%a7%d9%88-%d8%af%d8%a7%d9%83%d9%86-%d8%ba%d9%8a%d8%b1-%d9%86%d8%b4%d9%88%d9%8a\/","name":"\u0635\u0642\u064a\u0644 \u0643\u0627\u0643\u0627\u0648 \u062f\u0627\u0643\u0646 \u063a\u064a\u0631 \u0646\u0634\u0648\u064a - Unipatis","isPartOf":{"@id":"https:\/\/www.unipatis.fr\/en\/#website"},"primaryImageOfPage":{"@id":"https:\/\/www.unipatis.fr\/ar\/produit\/%d8%b5%d9%82%d9%8a%d9%84-%d9%83%d8%a7%d9%83%d8%a7%d9%88-%d8%af%d8%a7%d9%83%d9%86-%d8%ba%d9%8a%d8%b1-%d9%86%d8%b4%d9%88%d9%8a\/#primaryimage"},"image":{"@id":"https:\/\/www.unipatis.fr\/ar\/produit\/%d8%b5%d9%82%d9%8a%d9%84-%d9%83%d8%a7%d9%83%d8%a7%d9%88-%d8%af%d8%a7%d9%83%d9%86-%d8%ba%d9%8a%d8%b1-%d9%86%d8%b4%d9%88%d9%8a\/#primaryimage"},"thumbnailUrl":"https:\/\/www.unipatis.fr\/wp-content\/uploads\/2024\/08\/seau_glacage_eclat_noir_cacao_non-amidee-1.png","datePublished":"2024-08-30T07:28:32+00:00","dateModified":"2026-04-12T06:34:32+00:00","breadcrumb":{"@id":"https:\/\/www.unipatis.fr\/ar\/produit\/%d8%b5%d9%82%d9%8a%d9%84-%d9%83%d8%a7%d9%83%d8%a7%d9%88-%d8%af%d8%a7%d9%83%d9%86-%d8%ba%d9%8a%d8%b1-%d9%86%d8%b4%d9%88%d9%8a\/#breadcrumb"},"inLanguage":"ar","potentialAction":[{"@type":"ReadAction","target":["https:\/\/www.unipatis.fr\/ar\/produit\/%d8%b5%d9%82%d9%8a%d9%84-%d9%83%d8%a7%d9%83%d8%a7%d9%88-%d8%af%d8%a7%d9%83%d9%86-%d8%ba%d9%8a%d8%b1-%d9%86%d8%b4%d9%88%d9%8a\/"]}]},{"@type":"ImageObject","inLanguage":"ar","@id":"https:\/\/www.unipatis.fr\/ar\/produit\/%d8%b5%d9%82%d9%8a%d9%84-%d9%83%d8%a7%d9%83%d8%a7%d9%88-%d8%af%d8%a7%d9%83%d9%86-%d8%ba%d9%8a%d8%b1-%d9%86%d8%b4%d9%88%d9%8a\/#primaryimage","url":"https:\/\/www.unipatis.fr\/wp-content\/uploads\/2024\/08\/seau_glacage_eclat_noir_cacao_non-amidee-1.png","contentUrl":"https:\/\/www.unipatis.fr\/wp-content\/uploads\/2024\/08\/seau_glacage_eclat_noir_cacao_non-amidee-1.png","width":1261,"height":1179,"caption":"\u064a\u0648\u0646\u064a\u0628\u0627\u062a\u064a\u0633_\u0623\u0633\u0648\u062f_\u0623\u0633\u0648\u062f_\u0634\u0648\u0643\u0648\u0644\u0627\u062a\u0629_\u0632\u062c\u0627\u062c\u064a\u0629 \u063a\u064a\u0631 \u0645\u0646\u0642\u0648\u0634\u0629"},{"@type":"BreadcrumbList","@id":"https:\/\/www.unipatis.fr\/ar\/produit\/%d8%b5%d9%82%d9%8a%d9%84-%d9%83%d8%a7%d9%83%d8%a7%d9%88-%d8%af%d8%a7%d9%83%d9%86-%d8%ba%d9%8a%d8%b1-%d9%86%d8%b4%d9%88%d9%8a\/#breadcrumb","itemListElement":[{"@type":"ListItem","position":1,"name":"Accueil","item":"https:\/\/www.unipatis.fr\/ar\/%d8%a7%d9%84%d8%b5%d9%81%d8%ad%d8%a9-%d8%a7%d9%84%d8%b1%d8%a6%d9%8a%d8%b3%d9%8a%d8%a9\/"},{"@type":"ListItem","position":2,"name":"\u0627\u0644\u0645\u062a\u062c\u0631","item":"https:\/\/www.unipatis.fr\/ar\/%d8%a7%d9%84%d9%85%d8%aa%d8%ac%d8%b1\/"},{"@type":"ListItem","position":3,"name":"\u0635\u0642\u064a\u0644 \u0643\u0627\u0643\u0627\u0648 \u062f\u0627\u0643\u0646 \u063a\u064a\u0631 \u0646\u0634\u0648\u064a"}]},{"@type":"WebSite","@id":"https:\/\/www.unipatis.fr\/en\/#website","url":"https:\/\/www.unipatis.fr\/en\/","name":"Unipatis","description":"Unipatis Maison est une entreprise familiale sp\u00e9cialis\u00e9e dans la fabrication d&#039;ingr\u00e9dients p\u00e2tissiers et chocolatiers depuis quatre g\u00e9n\u00e9rations.","publisher":{"@id":"https:\/\/www.unipatis.fr\/en\/#organization"},"potentialAction":[{"@type":"SearchAction","target":{"@type":"EntryPoint","urlTemplate":"https:\/\/www.unipatis.fr\/en\/?s={search_term_string}"},"query-input":{"@type":"PropertyValueSpecification","valueRequired":true,"valueName":"search_term_string"}}],"inLanguage":"ar"},{"@type":"Organization","@id":"https:\/\/www.unipatis.fr\/en\/#organization","name":"Unipatis","url":"https:\/\/www.unipatis.fr\/en\/","logo":{"@type":"ImageObject","inLanguage":"ar","@id":"https:\/\/www.unipatis.fr\/en\/#\/schema\/logo\/image\/","url":"https:\/\/www.unipatis.fr\/wp-content\/uploads\/2021\/10\/UNIPATIS_logo_flag_2021-1.svg","contentUrl":"https:\/\/www.unipatis.fr\/wp-content\/uploads\/2021\/10\/UNIPATIS_logo_flag_2021-1.svg","width":150,"height":184,"caption":"Unipatis"},"image":{"@id":"https:\/\/www.unipatis.fr\/en\/#\/schema\/logo\/image\/"},"sameAs":["https:\/\/www.facebook.com\/unipatis","https:\/\/www.instagram.com\/unipatis","https:\/\/www.youtube.com\/@Unipatis"]}]}},"_links":{"self":[{"href":"https:\/\/www.unipatis.fr\/ar\/wp-json\/wp\/v2\/product\/20178","targetHints":{"allow":["GET"]}}],"collection":[{"href":"https:\/\/www.unipatis.fr\/ar\/wp-json\/wp\/v2\/product"}],"about":[{"href":"https:\/\/www.unipatis.fr\/ar\/wp-json\/wp\/v2\/types\/product"}],"replies":[{"embeddable":true,"href":"https:\/\/www.unipatis.fr\/ar\/wp-json\/wp\/v2\/comments?post=20178"}],"version-history":[{"count":1,"href":"https:\/\/www.unipatis.fr\/ar\/wp-json\/wp\/v2\/product\/20178\/revisions"}],"predecessor-version":[{"id":28317,"href":"https:\/\/www.unipatis.fr\/ar\/wp-json\/wp\/v2\/product\/20178\/revisions\/28317"}],"wp:featuredmedia":[{"embeddable":true,"href":"https:\/\/www.unipatis.fr\/ar\/wp-json\/wp\/v2\/media\/20179"}],"wp:attachment":[{"href":"https:\/\/www.unipatis.fr\/ar\/wp-json\/wp\/v2\/media?parent=20178"}],"wp:term":[{"taxonomy":"product_brand","embeddable":true,"href":"https:\/\/www.unipatis.fr\/ar\/wp-json\/wp\/v2\/product_brand?post=20178"},{"taxonomy":"product_cat","embeddable":true,"href":"https:\/\/www.unipatis.fr\/ar\/wp-json\/wp\/v2\/product_cat?post=20178"},{"taxonomy":"product_tag","embeddable":true,"href":"https:\/\/www.unipatis.fr\/ar\/wp-json\/wp\/v2\/product_tag?post=20178"}],"curies":[{"name":"wp","href":"https:\/\/api.w.org\/{rel}","templated":true}]}}