{"id":20245,"date":"2022-02-11T12:10:59","date_gmt":"2022-02-11T11:10:59","guid":{"rendered":"https:\/\/www.unipatis.fr\/produit\/%d8%ad%d9%84%d9%8a%d8%a8-%d8%a7%d9%84%d8%a8%d8%b1%d8%a7%d9%84%d9%8a%d9%86-%d8%a7%d9%84%d9%81%d9%88%d9%91%d8%a7%d8%b1-%d8%a7%d9%84%d9%85%d9%82%d8%b1%d9%85%d8%b4-%d8%a7%d9%84%d9%85%d8%ad%d8%b4%d9%88\/"},"modified":"2026-04-09T10:29:47","modified_gmt":"2026-04-09T08:29:47","slug":"%d8%ad%d9%84%d9%8a%d8%a8-%d8%a7%d9%84%d8%a8%d8%b1%d8%a7%d9%84%d9%8a%d9%86-%d8%a7%d9%84%d9%81%d9%88%d9%91%d8%a7%d8%b1-%d8%a7%d9%84%d9%85%d9%82%d8%b1%d9%85%d8%b4-%d8%a7%d9%84%d9%85%d8%ad%d8%b4%d9%88","status":"publish","type":"product","link":"https:\/\/www.unipatis.fr\/ar\/produit\/%d8%ad%d9%84%d9%8a%d8%a8-%d8%a7%d9%84%d8%a8%d8%b1%d8%a7%d9%84%d9%8a%d9%86-%d8%a7%d9%84%d9%81%d9%88%d9%91%d8%a7%d8%b1-%d8%a7%d9%84%d9%85%d9%82%d8%b1%d9%85%d8%b4-%d8%a7%d9%84%d9%85%d8%ad%d8%b4%d9%88\/","title":{"rendered":"\u062d\u0644\u064a\u0628 \u0627\u0644\u0628\u0631\u0627\u0644\u064a\u0646 \u0627\u0644\u0641\u0648\u0651\u0627\u0631 \u0627\u0644\u0645\u0642\u0631\u0645\u0634 \u0627\u0644\u0645\u062d\u0634\u0648 \u0628\u0627\u0644\u0643\u0631\u0627\u0646\u0634"},"content":{"rendered":"<p>\u062d\u0634\u0648\u0629 \u0645\u0642\u0631\u0645\u0634\u0629 \u0645\u0635\u0646\u0648\u0639\u0629 \u0645\u0646 \u0634\u0648\u0643\u0648\u0644\u0627\u062a\u0629 \u0627\u0644\u062d\u0644\u064a\u0628 (35%) \u0648\u0643\u0639\u0643\u0629 \u0627\u0644\u0628\u0633\u0643\u0648\u064a\u062a \u0648\u0639\u062c\u064a\u0646\u0629 \u0627\u0644\u0628\u0646\u062f\u0642 (18%) \u0648\u0628\u062f\u0648\u0646 \u0632\u064a\u062a \u0627\u0644\u0646\u062e\u064a\u0644. \u062c\u0627\u0647\u0632 \u0644\u0644\u0627\u0633\u062a\u062e\u062f\u0627\u0645 \u0648\u0633\u0631\u064a\u0639 \u0627\u0644\u062a\u062d\u0636\u064a\u0631.<br \/>\n\u0645\u0646\u0627\u0633\u0628\u0629 \u0644\u0644\u062a\u062c\u0645\u064a\u062f \u0648\u0627\u0644\u062a\u062c\u0645\u064a\u062f \u0627\u0644\u0639\u0645\u064a\u0642\u060c \u0648\u062a\u0628\u0642\u0649 \u0645\u0642\u0631\u0645\u0634\u0629. <\/p>\n","protected":false},"excerpt":{"rendered":"<p>\u062d\u0634\u0648\u0629 \u0628\u0631\u0627\u0644\u064a\u0646 \u0645\u0642\u0631\u0645\u0634\u0629 \u0648\u0641\u0648\u0627\u0631\u0629 \u0645\u0635\u0646\u0648\u0639\u0629 \u0645\u0646 \u0634\u0648\u0643\u0648\u0644\u0627\u062a\u0629 \u0627\u0644\u062d\u0644\u064a\u0628 \u0628\u0632\u0628\u062f\u0629 \u0627\u0644\u0643\u0627\u0643\u0627\u0648 \u0627\u0644\u0646\u0642\u064a\u0629 \u0648\u0627\u0644\u0628\u0633\u0643\u0648\u064a\u062a \u0648\u0627\u0644\u0628\u0633\u0643\u0648\u064a\u062a \u0648\u0645\u0639\u062c\u0648\u0646 \u0627\u0644\u0628\u0646\u062f\u0642. \u0644\u0644\u062d\u0644\u0648\u064a\u0627\u062a \u0648\u0627\u0644\u0641\u0637\u0627\u0626\u0631 \u0648\u0627\u0644\u0625\u0643\u0644\u064a\u0631 \u0648\u0627\u0644\u0622\u064a\u0633 \u0643\u0631\u064a\u0645 \u0648\u0627\u0644\u0642\u0637\u0639 \u0627\u0644\u062f\u0627\u062e\u0644\u064a\u0629 \u0645\u0646 \u0627\u0644\u0634\u0648\u0643\u0648\u0644\u0627\u062a\u0629 \u0648\u0627\u0644\u0628\u0648\u0646\u0628\u0648\u0646 \u0628\u0627\u0644\u0634\u0648\u0643\u0648\u0644\u0627\u062a\u0629. <\/p>\n<p>\u062e\u0627\u0644\u064a \u0645\u0646 \u0632\u064a\u062a \u0627\u0644\u0646\u062e\u064a\u0644. \u0645\u0642\u0631\u0645\u0634 \u0648\u0641\u0648\u0627\u0631 \u0639\u0644\u0649 \u0627\u0644\u062d\u0646\u0643. <\/p>\n","protected":false},"featured_media":19748,"comment_status":"closed","ping_status":"closed","template":"","meta":{"_acf_changed":false,"inline_featured_image":false},"product_brand":[],"product_cat":[697,729],"product_tag":[],"class_list":{"0":"post-20245","1":"product","2":"type-product","3":"status-publish","4":"has-post-thumbnail","6":"product_cat-01---","7":"product_cat-729","8":"sales-flash-overlay","9":"woocommerce-text-align-center","10":"woocommerce-image-align-center","11":"do-quantity-buttons","13":"first","14":"instock","15":"product-type-simple"},"acf":[],"yoast_head":"<!-- This site is optimized with the Yoast SEO plugin v27.2 - https:\/\/yoast.com\/product\/yoast-seo-wordpress\/ -->\n<title>\u062d\u0644\u064a\u0628 \u0627\u0644\u0628\u0631\u0627\u0644\u064a\u0646 \u0627\u0644\u0641\u0648\u0651\u0627\u0631 \u0627\u0644\u0645\u0642\u0631\u0645\u0634 \u0627\u0644\u0645\u062d\u0634\u0648 \u0628\u0627\u0644\u0643\u0631\u0627\u0646\u0634 - Unipatis<\/title>\n<meta name=\"description\" content=\"\u062d\u0634\u0648\u0629 \u0628\u0631\u0627\u0644\u064a\u0646 \u0645\u0642\u0631\u0645\u0634\u0629 \u0648\u0641\u0648\u0627\u0631\u0629 \u0645\u0635\u0646\u0648\u0639\u0629 \u0645\u0646 \u0634\u0648\u0643\u0648\u0644\u0627\u062a\u0629 \u0627\u0644\u062d\u0644\u064a\u0628 \u0648\u0627\u0644\u0628\u0633\u0643\u0648\u064a\u062a \u0648\u0627\u0644\u0628\u0633\u0643\u0648\u064a\u062a \u0648\u0645\u0639\u062c\u0648\u0646 \u0627\u0644\u0628\u0646\u062f\u0642. \u062a\u0623\u062b\u064a\u0631 \u0645\u062a\u0644\u0623\u0644\u0626 \u0641\u064a \u0627\u0644\u0641\u0645.\" \/>\n<meta name=\"robots\" content=\"index, follow, max-snippet:-1, max-image-preview:large, max-video-preview:-1\" \/>\n<link rel=\"canonical\" href=\"https:\/\/www.unipatis.fr\/ar\/produit\/\u062d\u0644\u064a\u0628-\u0627\u0644\u0628\u0631\u0627\u0644\u064a\u0646-\u0627\u0644\u0641\u0648\u0651\u0627\u0631-\u0627\u0644\u0645\u0642\u0631\u0645\u0634-\u0627\u0644\u0645\u062d\u0634\u0648\/\" \/>\n<meta property=\"og:locale\" content=\"ar_AR\" \/>\n<meta property=\"og:type\" content=\"article\" \/>\n<meta property=\"og:title\" content=\"\u062d\u0644\u064a\u0628 \u0627\u0644\u0628\u0631\u0627\u0644\u064a\u0646 \u0627\u0644\u0641\u0648\u0651\u0627\u0631 \u0627\u0644\u0645\u0642\u0631\u0645\u0634 \u0627\u0644\u0645\u062d\u0634\u0648 \u0628\u0627\u0644\u0643\u0631\u0627\u0646\u0634 - Unipatis\" \/>\n<meta property=\"og:description\" content=\"\u062d\u0634\u0648\u0629 \u0628\u0631\u0627\u0644\u064a\u0646 \u0645\u0642\u0631\u0645\u0634\u0629 \u0648\u0641\u0648\u0627\u0631\u0629 \u0645\u0635\u0646\u0648\u0639\u0629 \u0645\u0646 \u0634\u0648\u0643\u0648\u0644\u0627\u062a\u0629 \u0627\u0644\u062d\u0644\u064a\u0628 \u0648\u0627\u0644\u0628\u0633\u0643\u0648\u064a\u062a \u0648\u0627\u0644\u0628\u0633\u0643\u0648\u064a\u062a \u0648\u0645\u0639\u062c\u0648\u0646 \u0627\u0644\u0628\u0646\u062f\u0642. \u062a\u0623\u062b\u064a\u0631 \u0645\u062a\u0644\u0623\u0644\u0626 \u0641\u064a \u0627\u0644\u0641\u0645.\" \/>\n<meta property=\"og:url\" content=\"https:\/\/www.unipatis.fr\/ar\/produit\/\u062d\u0644\u064a\u0628-\u0627\u0644\u0628\u0631\u0627\u0644\u064a\u0646-\u0627\u0644\u0641\u0648\u0651\u0627\u0631-\u0627\u0644\u0645\u0642\u0631\u0645\u0634-\u0627\u0644\u0645\u062d\u0634\u0648\/\" \/>\n<meta property=\"og:site_name\" content=\"Unipatis\" \/>\n<meta property=\"article:publisher\" content=\"https:\/\/www.facebook.com\/unipatis\" \/>\n<meta property=\"article:modified_time\" content=\"2026-04-09T08:29:47+00:00\" \/>\n<meta property=\"og:image\" content=\"https:\/\/www.unipatis.fr\/wp-content\/uploads\/2022\/02\/SEAU_croustillant_praline_lait_petillant-2.jpg\" \/>\n\t<meta property=\"og:image:width\" content=\"1263\" \/>\n\t<meta property=\"og:image:height\" content=\"1179\" \/>\n\t<meta property=\"og:image:type\" content=\"image\/jpeg\" \/>\n<meta name=\"twitter:card\" content=\"summary_large_image\" \/>\n<script type=\"application\/ld+json\" class=\"yoast-schema-graph\">{\"@context\":\"https:\/\/schema.org\",\"@graph\":[{\"@type\":\"WebPage\",\"@id\":\"https:\/\/www.unipatis.fr\/ar\/produit\/%d8%ad%d9%84%d9%8a%d8%a8-%d8%a7%d9%84%d8%a8%d8%b1%d8%a7%d9%84%d9%8a%d9%86-%d8%a7%d9%84%d9%81%d9%88%d9%91%d8%a7%d8%b1-%d8%a7%d9%84%d9%85%d9%82%d8%b1%d9%85%d8%b4-%d8%a7%d9%84%d9%85%d8%ad%d8%b4%d9%88\/\",\"url\":\"https:\/\/www.unipatis.fr\/ar\/produit\/%d8%ad%d9%84%d9%8a%d8%a8-%d8%a7%d9%84%d8%a8%d8%b1%d8%a7%d9%84%d9%8a%d9%86-%d8%a7%d9%84%d9%81%d9%88%d9%91%d8%a7%d8%b1-%d8%a7%d9%84%d9%85%d9%82%d8%b1%d9%85%d8%b4-%d8%a7%d9%84%d9%85%d8%ad%d8%b4%d9%88\/\",\"name\":\"\u062d\u0644\u064a\u0628 \u0627\u0644\u0628\u0631\u0627\u0644\u064a\u0646 \u0627\u0644\u0641\u0648\u0651\u0627\u0631 \u0627\u0644\u0645\u0642\u0631\u0645\u0634 \u0627\u0644\u0645\u062d\u0634\u0648 \u0628\u0627\u0644\u0643\u0631\u0627\u0646\u0634 - Unipatis\",\"isPartOf\":{\"@id\":\"https:\/\/www.unipatis.fr\/en\/#website\"},\"primaryImageOfPage\":{\"@id\":\"https:\/\/www.unipatis.fr\/ar\/produit\/%d8%ad%d9%84%d9%8a%d8%a8-%d8%a7%d9%84%d8%a8%d8%b1%d8%a7%d9%84%d9%8a%d9%86-%d8%a7%d9%84%d9%81%d9%88%d9%91%d8%a7%d8%b1-%d8%a7%d9%84%d9%85%d9%82%d8%b1%d9%85%d8%b4-%d8%a7%d9%84%d9%85%d8%ad%d8%b4%d9%88\/#primaryimage\"},\"image\":{\"@id\":\"https:\/\/www.unipatis.fr\/ar\/produit\/%d8%ad%d9%84%d9%8a%d8%a8-%d8%a7%d9%84%d8%a8%d8%b1%d8%a7%d9%84%d9%8a%d9%86-%d8%a7%d9%84%d9%81%d9%88%d9%91%d8%a7%d8%b1-%d8%a7%d9%84%d9%85%d9%82%d8%b1%d9%85%d8%b4-%d8%a7%d9%84%d9%85%d8%ad%d8%b4%d9%88\/#primaryimage\"},\"thumbnailUrl\":\"https:\/\/www.unipatis.fr\/wp-content\/uploads\/2022\/02\/SEAU_croustillant_praline_lait_petillant-2.jpg\",\"datePublished\":\"2022-02-11T11:10:59+00:00\",\"dateModified\":\"2026-04-09T08:29:47+00:00\",\"description\":\"\u062d\u0634\u0648\u0629 \u0628\u0631\u0627\u0644\u064a\u0646 \u0645\u0642\u0631\u0645\u0634\u0629 \u0648\u0641\u0648\u0627\u0631\u0629 \u0645\u0635\u0646\u0648\u0639\u0629 \u0645\u0646 \u0634\u0648\u0643\u0648\u0644\u0627\u062a\u0629 \u0627\u0644\u062d\u0644\u064a\u0628 \u0648\u0627\u0644\u0628\u0633\u0643\u0648\u064a\u062a \u0648\u0627\u0644\u0628\u0633\u0643\u0648\u064a\u062a \u0648\u0645\u0639\u062c\u0648\u0646 \u0627\u0644\u0628\u0646\u062f\u0642. \u062a\u0623\u062b\u064a\u0631 \u0645\u062a\u0644\u0623\u0644\u0626 \u0641\u064a \u0627\u0644\u0641\u0645.\",\"breadcrumb\":{\"@id\":\"https:\/\/www.unipatis.fr\/ar\/produit\/%d8%ad%d9%84%d9%8a%d8%a8-%d8%a7%d9%84%d8%a8%d8%b1%d8%a7%d9%84%d9%8a%d9%86-%d8%a7%d9%84%d9%81%d9%88%d9%91%d8%a7%d8%b1-%d8%a7%d9%84%d9%85%d9%82%d8%b1%d9%85%d8%b4-%d8%a7%d9%84%d9%85%d8%ad%d8%b4%d9%88\/#breadcrumb\"},\"inLanguage\":\"ar\",\"potentialAction\":[{\"@type\":\"ReadAction\",\"target\":[\"https:\/\/www.unipatis.fr\/ar\/produit\/%d8%ad%d9%84%d9%8a%d8%a8-%d8%a7%d9%84%d8%a8%d8%b1%d8%a7%d9%84%d9%8a%d9%86-%d8%a7%d9%84%d9%81%d9%88%d9%91%d8%a7%d8%b1-%d8%a7%d9%84%d9%85%d9%82%d8%b1%d9%85%d8%b4-%d8%a7%d9%84%d9%85%d8%ad%d8%b4%d9%88\/\"]}]},{\"@type\":\"ImageObject\",\"inLanguage\":\"ar\",\"@id\":\"https:\/\/www.unipatis.fr\/ar\/produit\/%d8%ad%d9%84%d9%8a%d8%a8-%d8%a7%d9%84%d8%a8%d8%b1%d8%a7%d9%84%d9%8a%d9%86-%d8%a7%d9%84%d9%81%d9%88%d9%91%d8%a7%d8%b1-%d8%a7%d9%84%d9%85%d9%82%d8%b1%d9%85%d8%b4-%d8%a7%d9%84%d9%85%d8%ad%d8%b4%d9%88\/#primaryimage\",\"url\":\"https:\/\/www.unipatis.fr\/wp-content\/uploads\/2022\/02\/SEAU_croustillant_praline_lait_petillant-2.jpg\",\"contentUrl\":\"https:\/\/www.unipatis.fr\/wp-content\/uploads\/2022\/02\/SEAU_croustillant_praline_lait_petillant-2.jpg\",\"width\":1263,\"height\":1179,\"caption\":\"\u064a\u0648\u0646\u064a\u0628\u0627\u062a\u064a\u0633_\u0628\u0631\u0627\u0644\u064a\u0646_\u0645\u0642\u0631\u0645\u0634_\u062d\u0644\u064a\u0628_\u0628\u0631\u0627\u0644\u064a\u0646\u064a_\u0641\u0632\u064a\"},{\"@type\":\"BreadcrumbList\",\"@id\":\"https:\/\/www.unipatis.fr\/ar\/produit\/%d8%ad%d9%84%d9%8a%d8%a8-%d8%a7%d9%84%d8%a8%d8%b1%d8%a7%d9%84%d9%8a%d9%86-%d8%a7%d9%84%d9%81%d9%88%d9%91%d8%a7%d8%b1-%d8%a7%d9%84%d9%85%d9%82%d8%b1%d9%85%d8%b4-%d8%a7%d9%84%d9%85%d8%ad%d8%b4%d9%88\/#breadcrumb\",\"itemListElement\":[{\"@type\":\"ListItem\",\"position\":1,\"name\":\"Accueil\",\"item\":\"https:\/\/www.unipatis.fr\/ar\/%d8%a7%d9%84%d8%b5%d9%81%d8%ad%d8%a9-%d8%a7%d9%84%d8%b1%d8%a6%d9%8a%d8%b3%d9%8a%d8%a9\/\"},{\"@type\":\"ListItem\",\"position\":2,\"name\":\"\u0627\u0644\u0645\u062a\u062c\u0631\",\"item\":\"https:\/\/www.unipatis.fr\/ar\/%d8%a7%d9%84%d9%85%d8%aa%d8%ac%d8%b1\/\"},{\"@type\":\"ListItem\",\"position\":3,\"name\":\"\u062d\u0644\u064a\u0628 \u0627\u0644\u0628\u0631\u0627\u0644\u064a\u0646 \u0627\u0644\u0641\u0648\u0651\u0627\u0631 \u0627\u0644\u0645\u0642\u0631\u0645\u0634 \u0627\u0644\u0645\u062d\u0634\u0648 \u0628\u0627\u0644\u0643\u0631\u0627\u0646\u0634\"}]},{\"@type\":\"WebSite\",\"@id\":\"https:\/\/www.unipatis.fr\/en\/#website\",\"url\":\"https:\/\/www.unipatis.fr\/en\/\",\"name\":\"Unipatis\",\"description\":\"Unipatis Maison est une entreprise familiale sp\u00e9cialis\u00e9e dans la fabrication d&#039;ingr\u00e9dients p\u00e2tissiers et chocolatiers depuis quatre g\u00e9n\u00e9rations.\",\"publisher\":{\"@id\":\"https:\/\/www.unipatis.fr\/en\/#organization\"},\"potentialAction\":[{\"@type\":\"SearchAction\",\"target\":{\"@type\":\"EntryPoint\",\"urlTemplate\":\"https:\/\/www.unipatis.fr\/en\/?s={search_term_string}\"},\"query-input\":{\"@type\":\"PropertyValueSpecification\",\"valueRequired\":true,\"valueName\":\"search_term_string\"}}],\"inLanguage\":\"ar\"},{\"@type\":\"Organization\",\"@id\":\"https:\/\/www.unipatis.fr\/en\/#organization\",\"name\":\"Unipatis\",\"url\":\"https:\/\/www.unipatis.fr\/en\/\",\"logo\":{\"@type\":\"ImageObject\",\"inLanguage\":\"ar\",\"@id\":\"https:\/\/www.unipatis.fr\/en\/#\/schema\/logo\/image\/\",\"url\":\"https:\/\/www.unipatis.fr\/wp-content\/uploads\/2021\/10\/UNIPATIS_logo_flag_2021-1.svg\",\"contentUrl\":\"https:\/\/www.unipatis.fr\/wp-content\/uploads\/2021\/10\/UNIPATIS_logo_flag_2021-1.svg\",\"width\":150,\"height\":184,\"caption\":\"Unipatis\"},\"image\":{\"@id\":\"https:\/\/www.unipatis.fr\/en\/#\/schema\/logo\/image\/\"},\"sameAs\":[\"https:\/\/www.facebook.com\/unipatis\",\"https:\/\/www.instagram.com\/unipatis\",\"https:\/\/www.youtube.com\/@Unipatis\"]}]}<\/script>\n<!-- \/ Yoast SEO plugin. -->","yoast_head_json":{"title":"\u062d\u0644\u064a\u0628 \u0627\u0644\u0628\u0631\u0627\u0644\u064a\u0646 \u0627\u0644\u0641\u0648\u0651\u0627\u0631 \u0627\u0644\u0645\u0642\u0631\u0645\u0634 \u0627\u0644\u0645\u062d\u0634\u0648 \u0628\u0627\u0644\u0643\u0631\u0627\u0646\u0634 - Unipatis","description":"\u062d\u0634\u0648\u0629 \u0628\u0631\u0627\u0644\u064a\u0646 \u0645\u0642\u0631\u0645\u0634\u0629 \u0648\u0641\u0648\u0627\u0631\u0629 \u0645\u0635\u0646\u0648\u0639\u0629 \u0645\u0646 \u0634\u0648\u0643\u0648\u0644\u0627\u062a\u0629 \u0627\u0644\u062d\u0644\u064a\u0628 \u0648\u0627\u0644\u0628\u0633\u0643\u0648\u064a\u062a \u0648\u0627\u0644\u0628\u0633\u0643\u0648\u064a\u062a \u0648\u0645\u0639\u062c\u0648\u0646 \u0627\u0644\u0628\u0646\u062f\u0642. \u062a\u0623\u062b\u064a\u0631 \u0645\u062a\u0644\u0623\u0644\u0626 \u0641\u064a \u0627\u0644\u0641\u0645.","robots":{"index":"index","follow":"follow","max-snippet":"max-snippet:-1","max-image-preview":"max-image-preview:large","max-video-preview":"max-video-preview:-1"},"canonical":"https:\/\/www.unipatis.fr\/ar\/produit\/\u062d\u0644\u064a\u0628-\u0627\u0644\u0628\u0631\u0627\u0644\u064a\u0646-\u0627\u0644\u0641\u0648\u0651\u0627\u0631-\u0627\u0644\u0645\u0642\u0631\u0645\u0634-\u0627\u0644\u0645\u062d\u0634\u0648\/","og_locale":"ar_AR","og_type":"article","og_title":"\u062d\u0644\u064a\u0628 \u0627\u0644\u0628\u0631\u0627\u0644\u064a\u0646 \u0627\u0644\u0641\u0648\u0651\u0627\u0631 \u0627\u0644\u0645\u0642\u0631\u0645\u0634 \u0627\u0644\u0645\u062d\u0634\u0648 \u0628\u0627\u0644\u0643\u0631\u0627\u0646\u0634 - Unipatis","og_description":"\u062d\u0634\u0648\u0629 \u0628\u0631\u0627\u0644\u064a\u0646 \u0645\u0642\u0631\u0645\u0634\u0629 \u0648\u0641\u0648\u0627\u0631\u0629 \u0645\u0635\u0646\u0648\u0639\u0629 \u0645\u0646 \u0634\u0648\u0643\u0648\u0644\u0627\u062a\u0629 \u0627\u0644\u062d\u0644\u064a\u0628 \u0648\u0627\u0644\u0628\u0633\u0643\u0648\u064a\u062a \u0648\u0627\u0644\u0628\u0633\u0643\u0648\u064a\u062a \u0648\u0645\u0639\u062c\u0648\u0646 \u0627\u0644\u0628\u0646\u062f\u0642. \u062a\u0623\u062b\u064a\u0631 \u0645\u062a\u0644\u0623\u0644\u0626 \u0641\u064a \u0627\u0644\u0641\u0645.","og_url":"https:\/\/www.unipatis.fr\/ar\/produit\/\u062d\u0644\u064a\u0628-\u0627\u0644\u0628\u0631\u0627\u0644\u064a\u0646-\u0627\u0644\u0641\u0648\u0651\u0627\u0631-\u0627\u0644\u0645\u0642\u0631\u0645\u0634-\u0627\u0644\u0645\u062d\u0634\u0648\/","og_site_name":"Unipatis","article_publisher":"https:\/\/www.facebook.com\/unipatis","article_modified_time":"2026-04-09T08:29:47+00:00","og_image":[{"width":1263,"height":1179,"url":"https:\/\/www.unipatis.fr\/wp-content\/uploads\/2022\/02\/SEAU_croustillant_praline_lait_petillant-2.jpg","type":"image\/jpeg"}],"twitter_card":"summary_large_image","schema":{"@context":"https:\/\/schema.org","@graph":[{"@type":"WebPage","@id":"https:\/\/www.unipatis.fr\/ar\/produit\/%d8%ad%d9%84%d9%8a%d8%a8-%d8%a7%d9%84%d8%a8%d8%b1%d8%a7%d9%84%d9%8a%d9%86-%d8%a7%d9%84%d9%81%d9%88%d9%91%d8%a7%d8%b1-%d8%a7%d9%84%d9%85%d9%82%d8%b1%d9%85%d8%b4-%d8%a7%d9%84%d9%85%d8%ad%d8%b4%d9%88\/","url":"https:\/\/www.unipatis.fr\/ar\/produit\/%d8%ad%d9%84%d9%8a%d8%a8-%d8%a7%d9%84%d8%a8%d8%b1%d8%a7%d9%84%d9%8a%d9%86-%d8%a7%d9%84%d9%81%d9%88%d9%91%d8%a7%d8%b1-%d8%a7%d9%84%d9%85%d9%82%d8%b1%d9%85%d8%b4-%d8%a7%d9%84%d9%85%d8%ad%d8%b4%d9%88\/","name":"\u062d\u0644\u064a\u0628 \u0627\u0644\u0628\u0631\u0627\u0644\u064a\u0646 \u0627\u0644\u0641\u0648\u0651\u0627\u0631 \u0627\u0644\u0645\u0642\u0631\u0645\u0634 \u0627\u0644\u0645\u062d\u0634\u0648 \u0628\u0627\u0644\u0643\u0631\u0627\u0646\u0634 - Unipatis","isPartOf":{"@id":"https:\/\/www.unipatis.fr\/en\/#website"},"primaryImageOfPage":{"@id":"https:\/\/www.unipatis.fr\/ar\/produit\/%d8%ad%d9%84%d9%8a%d8%a8-%d8%a7%d9%84%d8%a8%d8%b1%d8%a7%d9%84%d9%8a%d9%86-%d8%a7%d9%84%d9%81%d9%88%d9%91%d8%a7%d8%b1-%d8%a7%d9%84%d9%85%d9%82%d8%b1%d9%85%d8%b4-%d8%a7%d9%84%d9%85%d8%ad%d8%b4%d9%88\/#primaryimage"},"image":{"@id":"https:\/\/www.unipatis.fr\/ar\/produit\/%d8%ad%d9%84%d9%8a%d8%a8-%d8%a7%d9%84%d8%a8%d8%b1%d8%a7%d9%84%d9%8a%d9%86-%d8%a7%d9%84%d9%81%d9%88%d9%91%d8%a7%d8%b1-%d8%a7%d9%84%d9%85%d9%82%d8%b1%d9%85%d8%b4-%d8%a7%d9%84%d9%85%d8%ad%d8%b4%d9%88\/#primaryimage"},"thumbnailUrl":"https:\/\/www.unipatis.fr\/wp-content\/uploads\/2022\/02\/SEAU_croustillant_praline_lait_petillant-2.jpg","datePublished":"2022-02-11T11:10:59+00:00","dateModified":"2026-04-09T08:29:47+00:00","description":"\u062d\u0634\u0648\u0629 \u0628\u0631\u0627\u0644\u064a\u0646 \u0645\u0642\u0631\u0645\u0634\u0629 \u0648\u0641\u0648\u0627\u0631\u0629 \u0645\u0635\u0646\u0648\u0639\u0629 \u0645\u0646 \u0634\u0648\u0643\u0648\u0644\u0627\u062a\u0629 \u0627\u0644\u062d\u0644\u064a\u0628 \u0648\u0627\u0644\u0628\u0633\u0643\u0648\u064a\u062a \u0648\u0627\u0644\u0628\u0633\u0643\u0648\u064a\u062a \u0648\u0645\u0639\u062c\u0648\u0646 \u0627\u0644\u0628\u0646\u062f\u0642. \u062a\u0623\u062b\u064a\u0631 \u0645\u062a\u0644\u0623\u0644\u0626 \u0641\u064a \u0627\u0644\u0641\u0645.","breadcrumb":{"@id":"https:\/\/www.unipatis.fr\/ar\/produit\/%d8%ad%d9%84%d9%8a%d8%a8-%d8%a7%d9%84%d8%a8%d8%b1%d8%a7%d9%84%d9%8a%d9%86-%d8%a7%d9%84%d9%81%d9%88%d9%91%d8%a7%d8%b1-%d8%a7%d9%84%d9%85%d9%82%d8%b1%d9%85%d8%b4-%d8%a7%d9%84%d9%85%d8%ad%d8%b4%d9%88\/#breadcrumb"},"inLanguage":"ar","potentialAction":[{"@type":"ReadAction","target":["https:\/\/www.unipatis.fr\/ar\/produit\/%d8%ad%d9%84%d9%8a%d8%a8-%d8%a7%d9%84%d8%a8%d8%b1%d8%a7%d9%84%d9%8a%d9%86-%d8%a7%d9%84%d9%81%d9%88%d9%91%d8%a7%d8%b1-%d8%a7%d9%84%d9%85%d9%82%d8%b1%d9%85%d8%b4-%d8%a7%d9%84%d9%85%d8%ad%d8%b4%d9%88\/"]}]},{"@type":"ImageObject","inLanguage":"ar","@id":"https:\/\/www.unipatis.fr\/ar\/produit\/%d8%ad%d9%84%d9%8a%d8%a8-%d8%a7%d9%84%d8%a8%d8%b1%d8%a7%d9%84%d9%8a%d9%86-%d8%a7%d9%84%d9%81%d9%88%d9%91%d8%a7%d8%b1-%d8%a7%d9%84%d9%85%d9%82%d8%b1%d9%85%d8%b4-%d8%a7%d9%84%d9%85%d8%ad%d8%b4%d9%88\/#primaryimage","url":"https:\/\/www.unipatis.fr\/wp-content\/uploads\/2022\/02\/SEAU_croustillant_praline_lait_petillant-2.jpg","contentUrl":"https:\/\/www.unipatis.fr\/wp-content\/uploads\/2022\/02\/SEAU_croustillant_praline_lait_petillant-2.jpg","width":1263,"height":1179,"caption":"\u064a\u0648\u0646\u064a\u0628\u0627\u062a\u064a\u0633_\u0628\u0631\u0627\u0644\u064a\u0646_\u0645\u0642\u0631\u0645\u0634_\u062d\u0644\u064a\u0628_\u0628\u0631\u0627\u0644\u064a\u0646\u064a_\u0641\u0632\u064a"},{"@type":"BreadcrumbList","@id":"https:\/\/www.unipatis.fr\/ar\/produit\/%d8%ad%d9%84%d9%8a%d8%a8-%d8%a7%d9%84%d8%a8%d8%b1%d8%a7%d9%84%d9%8a%d9%86-%d8%a7%d9%84%d9%81%d9%88%d9%91%d8%a7%d8%b1-%d8%a7%d9%84%d9%85%d9%82%d8%b1%d9%85%d8%b4-%d8%a7%d9%84%d9%85%d8%ad%d8%b4%d9%88\/#breadcrumb","itemListElement":[{"@type":"ListItem","position":1,"name":"Accueil","item":"https:\/\/www.unipatis.fr\/ar\/%d8%a7%d9%84%d8%b5%d9%81%d8%ad%d8%a9-%d8%a7%d9%84%d8%b1%d8%a6%d9%8a%d8%b3%d9%8a%d8%a9\/"},{"@type":"ListItem","position":2,"name":"\u0627\u0644\u0645\u062a\u062c\u0631","item":"https:\/\/www.unipatis.fr\/ar\/%d8%a7%d9%84%d9%85%d8%aa%d8%ac%d8%b1\/"},{"@type":"ListItem","position":3,"name":"\u062d\u0644\u064a\u0628 \u0627\u0644\u0628\u0631\u0627\u0644\u064a\u0646 \u0627\u0644\u0641\u0648\u0651\u0627\u0631 \u0627\u0644\u0645\u0642\u0631\u0645\u0634 \u0627\u0644\u0645\u062d\u0634\u0648 \u0628\u0627\u0644\u0643\u0631\u0627\u0646\u0634"}]},{"@type":"WebSite","@id":"https:\/\/www.unipatis.fr\/en\/#website","url":"https:\/\/www.unipatis.fr\/en\/","name":"Unipatis","description":"Unipatis Maison est une entreprise familiale sp\u00e9cialis\u00e9e dans la fabrication d&#039;ingr\u00e9dients p\u00e2tissiers et chocolatiers depuis quatre g\u00e9n\u00e9rations.","publisher":{"@id":"https:\/\/www.unipatis.fr\/en\/#organization"},"potentialAction":[{"@type":"SearchAction","target":{"@type":"EntryPoint","urlTemplate":"https:\/\/www.unipatis.fr\/en\/?s={search_term_string}"},"query-input":{"@type":"PropertyValueSpecification","valueRequired":true,"valueName":"search_term_string"}}],"inLanguage":"ar"},{"@type":"Organization","@id":"https:\/\/www.unipatis.fr\/en\/#organization","name":"Unipatis","url":"https:\/\/www.unipatis.fr\/en\/","logo":{"@type":"ImageObject","inLanguage":"ar","@id":"https:\/\/www.unipatis.fr\/en\/#\/schema\/logo\/image\/","url":"https:\/\/www.unipatis.fr\/wp-content\/uploads\/2021\/10\/UNIPATIS_logo_flag_2021-1.svg","contentUrl":"https:\/\/www.unipatis.fr\/wp-content\/uploads\/2021\/10\/UNIPATIS_logo_flag_2021-1.svg","width":150,"height":184,"caption":"Unipatis"},"image":{"@id":"https:\/\/www.unipatis.fr\/en\/#\/schema\/logo\/image\/"},"sameAs":["https:\/\/www.facebook.com\/unipatis","https:\/\/www.instagram.com\/unipatis","https:\/\/www.youtube.com\/@Unipatis"]}]}},"_links":{"self":[{"href":"https:\/\/www.unipatis.fr\/ar\/wp-json\/wp\/v2\/product\/20245","targetHints":{"allow":["GET"]}}],"collection":[{"href":"https:\/\/www.unipatis.fr\/ar\/wp-json\/wp\/v2\/product"}],"about":[{"href":"https:\/\/www.unipatis.fr\/ar\/wp-json\/wp\/v2\/types\/product"}],"replies":[{"embeddable":true,"href":"https:\/\/www.unipatis.fr\/ar\/wp-json\/wp\/v2\/comments?post=20245"}],"version-history":[{"count":1,"href":"https:\/\/www.unipatis.fr\/ar\/wp-json\/wp\/v2\/product\/20245\/revisions"}],"predecessor-version":[{"id":27480,"href":"https:\/\/www.unipatis.fr\/ar\/wp-json\/wp\/v2\/product\/20245\/revisions\/27480"}],"wp:featuredmedia":[{"embeddable":true,"href":"https:\/\/www.unipatis.fr\/ar\/wp-json\/wp\/v2\/media\/19748"}],"wp:attachment":[{"href":"https:\/\/www.unipatis.fr\/ar\/wp-json\/wp\/v2\/media?parent=20245"}],"wp:term":[{"taxonomy":"product_brand","embeddable":true,"href":"https:\/\/www.unipatis.fr\/ar\/wp-json\/wp\/v2\/product_brand?post=20245"},{"taxonomy":"product_cat","embeddable":true,"href":"https:\/\/www.unipatis.fr\/ar\/wp-json\/wp\/v2\/product_cat?post=20245"},{"taxonomy":"product_tag","embeddable":true,"href":"https:\/\/www.unipatis.fr\/ar\/wp-json\/wp\/v2\/product_tag?post=20245"}],"curies":[{"name":"wp","href":"https:\/\/api.w.org\/{rel}","templated":true}]}}