{"id":20732,"date":"2022-02-11T12:10:28","date_gmt":"2022-02-11T11:10:28","guid":{"rendered":"https:\/\/www.unipatis.fr\/produit\/%d8%b7%d9%84%d8%a7%d8%a1-%d8%b2%d8%ac%d8%a7%d8%ac%d9%8a-%d9%85%d8%b1%d8%a2%d8%a9-%d8%b2%d8%a7%d9%87%d9%8a%d8%a9-%d8%b1%d9%88%d8%a8%d9%8a-%d8%a7%d9%84%d8%aa%d9%88%d8%aa\/"},"modified":"2026-04-09T10:31:24","modified_gmt":"2026-04-09T08:31:24","slug":"%d8%b7%d9%84%d8%a7%d8%a1-%d8%b2%d8%ac%d8%a7%d8%ac%d9%8a-%d9%85%d8%b1%d8%a2%d8%a9-%d8%b2%d8%a7%d9%87%d9%8a%d8%a9-%d8%b1%d9%88%d8%a8%d9%8a-%d8%a7%d9%84%d8%aa%d9%88%d8%aa","status":"publish","type":"product","link":"https:\/\/www.unipatis.fr\/ar\/produit\/%d8%b7%d9%84%d8%a7%d8%a1-%d8%b2%d8%ac%d8%a7%d8%ac%d9%8a-%d9%85%d8%b1%d8%a2%d8%a9-%d8%b2%d8%a7%d9%87%d9%8a%d8%a9-%d8%b1%d9%88%d8%a8%d9%8a-%d8%a7%d9%84%d8%aa%d9%88%d8%aa\/","title":{"rendered":"\u0637\u0644\u0627\u0621 \u0632\u062c\u0627\u062c\u064a \u0645\u0631\u0622\u0629 \u0632\u0627\u0647\u064a\u0629 \u0631\u0648\u0628\u064a \u0627\u0644\u062a\u0648\u062a"},"content":{"rendered":"","protected":false},"excerpt":{"rendered":"<p>\u0635\u0642\u064a\u0644 \u0627\u0644\u0641\u0627\u0643\u0647\u0629 \u0627\u0644\u0646\u0642\u064a \u0645\u0639 \u0647\u0631\u064a\u0633 \u0627\u0644\u062a\u0648\u062a (27%).<\/p>\n<p>\u0645\u0628\u0644\u0644 \u0628\u0627\u0644\u0628\u0643\u062a\u064a\u0646 \u0627\u0644\u0641\u0627\u0643\u0647\u0629.<\/p>\n","protected":false},"featured_media":20739,"comment_status":"closed","ping_status":"closed","template":"","meta":{"_acf_changed":false,"inline_featured_image":false},"product_brand":[],"product_cat":[728],"product_tag":[],"class_list":{"0":"post-20732","1":"product","2":"type-product","3":"status-publish","4":"has-post-thumbnail","6":"product_cat-09--","7":"sales-flash-overlay","8":"woocommerce-text-align-center","9":"woocommerce-image-align-center","10":"do-quantity-buttons","12":"first","13":"instock","14":"product-type-simple"},"acf":[],"yoast_head":"<!-- This site is optimized with the Yoast SEO plugin v27.2 - https:\/\/yoast.com\/product\/yoast-seo-wordpress\/ -->\n<title>\u0637\u0644\u0627\u0621 \u0632\u062c\u0627\u062c\u064a \u0645\u0631\u0622\u0629 \u0632\u0627\u0647\u064a\u0629 \u0631\u0648\u0628\u064a \u0627\u0644\u062a\u0648\u062a - Unipatis<\/title>\n<meta name=\"robots\" content=\"index, follow, max-snippet:-1, max-image-preview:large, max-video-preview:-1\" \/>\n<link rel=\"canonical\" href=\"https:\/\/www.unipatis.fr\/ar\/produit\/\u0637\u0644\u0627\u0621-\u0632\u062c\u0627\u062c\u064a-\u0645\u0631\u0622\u0629-\u0632\u0627\u0647\u064a\u0629-\u0631\u0648\u0628\u064a-\u0627\u0644\u062a\u0648\u062a\/\" \/>\n<meta property=\"og:locale\" content=\"ar_AR\" \/>\n<meta property=\"og:type\" content=\"article\" \/>\n<meta property=\"og:title\" content=\"\u0637\u0644\u0627\u0621 \u0632\u062c\u0627\u062c\u064a \u0645\u0631\u0622\u0629 \u0632\u0627\u0647\u064a\u0629 \u0631\u0648\u0628\u064a \u0627\u0644\u062a\u0648\u062a - Unipatis\" \/>\n<meta property=\"og:description\" content=\"\u0635\u0642\u064a\u0644 \u0627\u0644\u0641\u0627\u0643\u0647\u0629 \u0627\u0644\u0646\u0642\u064a \u0645\u0639 \u0647\u0631\u064a\u0633 \u0627\u0644\u062a\u0648\u062a (27%). \u0645\u0628\u0644\u0644 \u0628\u0627\u0644\u0628\u0643\u062a\u064a\u0646 \u0627\u0644\u0641\u0627\u0643\u0647\u0629.\" \/>\n<meta property=\"og:url\" content=\"https:\/\/www.unipatis.fr\/ar\/produit\/\u0637\u0644\u0627\u0621-\u0632\u062c\u0627\u062c\u064a-\u0645\u0631\u0622\u0629-\u0632\u0627\u0647\u064a\u0629-\u0631\u0648\u0628\u064a-\u0627\u0644\u062a\u0648\u062a\/\" \/>\n<meta property=\"og:site_name\" content=\"Unipatis\" \/>\n<meta property=\"article:publisher\" content=\"https:\/\/www.facebook.com\/unipatis\" \/>\n<meta property=\"article:modified_time\" content=\"2026-04-09T08:31:24+00:00\" \/>\n<meta property=\"og:image\" content=\"https:\/\/www.unipatis.fr\/wp-content\/uploads\/2022\/02\/seau_glacage_framboise-rubis.png\" \/>\n\t<meta property=\"og:image:width\" content=\"1261\" \/>\n\t<meta property=\"og:image:height\" content=\"1179\" \/>\n\t<meta property=\"og:image:type\" content=\"image\/png\" \/>\n<meta name=\"twitter:card\" content=\"summary_large_image\" \/>\n<script type=\"application\/ld+json\" class=\"yoast-schema-graph\">{\"@context\":\"https:\/\/schema.org\",\"@graph\":[{\"@type\":\"WebPage\",\"@id\":\"https:\/\/www.unipatis.fr\/ar\/produit\/%d8%b7%d9%84%d8%a7%d8%a1-%d8%b2%d8%ac%d8%a7%d8%ac%d9%8a-%d9%85%d8%b1%d8%a2%d8%a9-%d8%b2%d8%a7%d9%87%d9%8a%d8%a9-%d8%b1%d9%88%d8%a8%d9%8a-%d8%a7%d9%84%d8%aa%d9%88%d8%aa\/\",\"url\":\"https:\/\/www.unipatis.fr\/ar\/produit\/%d8%b7%d9%84%d8%a7%d8%a1-%d8%b2%d8%ac%d8%a7%d8%ac%d9%8a-%d9%85%d8%b1%d8%a2%d8%a9-%d8%b2%d8%a7%d9%87%d9%8a%d8%a9-%d8%b1%d9%88%d8%a8%d9%8a-%d8%a7%d9%84%d8%aa%d9%88%d8%aa\/\",\"name\":\"\u0637\u0644\u0627\u0621 \u0632\u062c\u0627\u062c\u064a \u0645\u0631\u0622\u0629 \u0632\u0627\u0647\u064a\u0629 \u0631\u0648\u0628\u064a \u0627\u0644\u062a\u0648\u062a - Unipatis\",\"isPartOf\":{\"@id\":\"https:\/\/www.unipatis.fr\/en\/#website\"},\"primaryImageOfPage\":{\"@id\":\"https:\/\/www.unipatis.fr\/ar\/produit\/%d8%b7%d9%84%d8%a7%d8%a1-%d8%b2%d8%ac%d8%a7%d8%ac%d9%8a-%d9%85%d8%b1%d8%a2%d8%a9-%d8%b2%d8%a7%d9%87%d9%8a%d8%a9-%d8%b1%d9%88%d8%a8%d9%8a-%d8%a7%d9%84%d8%aa%d9%88%d8%aa\/#primaryimage\"},\"image\":{\"@id\":\"https:\/\/www.unipatis.fr\/ar\/produit\/%d8%b7%d9%84%d8%a7%d8%a1-%d8%b2%d8%ac%d8%a7%d8%ac%d9%8a-%d9%85%d8%b1%d8%a2%d8%a9-%d8%b2%d8%a7%d9%87%d9%8a%d8%a9-%d8%b1%d9%88%d8%a8%d9%8a-%d8%a7%d9%84%d8%aa%d9%88%d8%aa\/#primaryimage\"},\"thumbnailUrl\":\"https:\/\/www.unipatis.fr\/wp-content\/uploads\/2022\/02\/seau_glacage_framboise-rubis.png\",\"datePublished\":\"2022-02-11T11:10:28+00:00\",\"dateModified\":\"2026-04-09T08:31:24+00:00\",\"breadcrumb\":{\"@id\":\"https:\/\/www.unipatis.fr\/ar\/produit\/%d8%b7%d9%84%d8%a7%d8%a1-%d8%b2%d8%ac%d8%a7%d8%ac%d9%8a-%d9%85%d8%b1%d8%a2%d8%a9-%d8%b2%d8%a7%d9%87%d9%8a%d8%a9-%d8%b1%d9%88%d8%a8%d9%8a-%d8%a7%d9%84%d8%aa%d9%88%d8%aa\/#breadcrumb\"},\"inLanguage\":\"ar\",\"potentialAction\":[{\"@type\":\"ReadAction\",\"target\":[\"https:\/\/www.unipatis.fr\/ar\/produit\/%d8%b7%d9%84%d8%a7%d8%a1-%d8%b2%d8%ac%d8%a7%d8%ac%d9%8a-%d9%85%d8%b1%d8%a2%d8%a9-%d8%b2%d8%a7%d9%87%d9%8a%d8%a9-%d8%b1%d9%88%d8%a8%d9%8a-%d8%a7%d9%84%d8%aa%d9%88%d8%aa\/\"]}]},{\"@type\":\"ImageObject\",\"inLanguage\":\"ar\",\"@id\":\"https:\/\/www.unipatis.fr\/ar\/produit\/%d8%b7%d9%84%d8%a7%d8%a1-%d8%b2%d8%ac%d8%a7%d8%ac%d9%8a-%d9%85%d8%b1%d8%a2%d8%a9-%d8%b2%d8%a7%d9%87%d9%8a%d8%a9-%d8%b1%d9%88%d8%a8%d9%8a-%d8%a7%d9%84%d8%aa%d9%88%d8%aa\/#primaryimage\",\"url\":\"https:\/\/www.unipatis.fr\/wp-content\/uploads\/2022\/02\/seau_glacage_framboise-rubis.png\",\"contentUrl\":\"https:\/\/www.unipatis.fr\/wp-content\/uploads\/2022\/02\/seau_glacage_framboise-rubis.png\",\"width\":1261,\"height\":1179,\"caption\":\"\u064a\u0648\u0646\u064a\u0628\u0627\u062a\u064a\u0633 \u0632\u062c\u0627\u062c \u0627\u0644\u062a\u0648\u062a \u0648\u0627\u0644\u0631\u0648\u0628\u064a \u0627\u0644\u0635\u0642\u064a\u0644\"},{\"@type\":\"BreadcrumbList\",\"@id\":\"https:\/\/www.unipatis.fr\/ar\/produit\/%d8%b7%d9%84%d8%a7%d8%a1-%d8%b2%d8%ac%d8%a7%d8%ac%d9%8a-%d9%85%d8%b1%d8%a2%d8%a9-%d8%b2%d8%a7%d9%87%d9%8a%d8%a9-%d8%b1%d9%88%d8%a8%d9%8a-%d8%a7%d9%84%d8%aa%d9%88%d8%aa\/#breadcrumb\",\"itemListElement\":[{\"@type\":\"ListItem\",\"position\":1,\"name\":\"Accueil\",\"item\":\"https:\/\/www.unipatis.fr\/ar\/%d8%a7%d9%84%d8%b5%d9%81%d8%ad%d8%a9-%d8%a7%d9%84%d8%b1%d8%a6%d9%8a%d8%b3%d9%8a%d8%a9\/\"},{\"@type\":\"ListItem\",\"position\":2,\"name\":\"\u0627\u0644\u0645\u062a\u062c\u0631\",\"item\":\"https:\/\/www.unipatis.fr\/ar\/%d8%a7%d9%84%d9%85%d8%aa%d8%ac%d8%b1\/\"},{\"@type\":\"ListItem\",\"position\":3,\"name\":\"\u0637\u0644\u0627\u0621 \u0632\u062c\u0627\u062c\u064a \u0645\u0631\u0622\u0629 \u0632\u0627\u0647\u064a\u0629 \u0631\u0648\u0628\u064a \u0627\u0644\u062a\u0648\u062a\"}]},{\"@type\":\"WebSite\",\"@id\":\"https:\/\/www.unipatis.fr\/en\/#website\",\"url\":\"https:\/\/www.unipatis.fr\/en\/\",\"name\":\"Unipatis\",\"description\":\"Unipatis Maison est une entreprise familiale sp\u00e9cialis\u00e9e dans la fabrication d&#039;ingr\u00e9dients p\u00e2tissiers et chocolatiers depuis quatre g\u00e9n\u00e9rations.\",\"publisher\":{\"@id\":\"https:\/\/www.unipatis.fr\/en\/#organization\"},\"potentialAction\":[{\"@type\":\"SearchAction\",\"target\":{\"@type\":\"EntryPoint\",\"urlTemplate\":\"https:\/\/www.unipatis.fr\/en\/?s={search_term_string}\"},\"query-input\":{\"@type\":\"PropertyValueSpecification\",\"valueRequired\":true,\"valueName\":\"search_term_string\"}}],\"inLanguage\":\"ar\"},{\"@type\":\"Organization\",\"@id\":\"https:\/\/www.unipatis.fr\/en\/#organization\",\"name\":\"Unipatis\",\"url\":\"https:\/\/www.unipatis.fr\/en\/\",\"logo\":{\"@type\":\"ImageObject\",\"inLanguage\":\"ar\",\"@id\":\"https:\/\/www.unipatis.fr\/en\/#\/schema\/logo\/image\/\",\"url\":\"https:\/\/www.unipatis.fr\/wp-content\/uploads\/2021\/10\/UNIPATIS_logo_flag_2021-1.svg\",\"contentUrl\":\"https:\/\/www.unipatis.fr\/wp-content\/uploads\/2021\/10\/UNIPATIS_logo_flag_2021-1.svg\",\"width\":150,\"height\":184,\"caption\":\"Unipatis\"},\"image\":{\"@id\":\"https:\/\/www.unipatis.fr\/en\/#\/schema\/logo\/image\/\"},\"sameAs\":[\"https:\/\/www.facebook.com\/unipatis\",\"https:\/\/www.instagram.com\/unipatis\",\"https:\/\/www.youtube.com\/@Unipatis\"]}]}<\/script>\n<!-- \/ Yoast SEO plugin. -->","yoast_head_json":{"title":"\u0637\u0644\u0627\u0621 \u0632\u062c\u0627\u062c\u064a \u0645\u0631\u0622\u0629 \u0632\u0627\u0647\u064a\u0629 \u0631\u0648\u0628\u064a \u0627\u0644\u062a\u0648\u062a - Unipatis","robots":{"index":"index","follow":"follow","max-snippet":"max-snippet:-1","max-image-preview":"max-image-preview:large","max-video-preview":"max-video-preview:-1"},"canonical":"https:\/\/www.unipatis.fr\/ar\/produit\/\u0637\u0644\u0627\u0621-\u0632\u062c\u0627\u062c\u064a-\u0645\u0631\u0622\u0629-\u0632\u0627\u0647\u064a\u0629-\u0631\u0648\u0628\u064a-\u0627\u0644\u062a\u0648\u062a\/","og_locale":"ar_AR","og_type":"article","og_title":"\u0637\u0644\u0627\u0621 \u0632\u062c\u0627\u062c\u064a \u0645\u0631\u0622\u0629 \u0632\u0627\u0647\u064a\u0629 \u0631\u0648\u0628\u064a \u0627\u0644\u062a\u0648\u062a - Unipatis","og_description":"\u0635\u0642\u064a\u0644 \u0627\u0644\u0641\u0627\u0643\u0647\u0629 \u0627\u0644\u0646\u0642\u064a \u0645\u0639 \u0647\u0631\u064a\u0633 \u0627\u0644\u062a\u0648\u062a (27%). \u0645\u0628\u0644\u0644 \u0628\u0627\u0644\u0628\u0643\u062a\u064a\u0646 \u0627\u0644\u0641\u0627\u0643\u0647\u0629.","og_url":"https:\/\/www.unipatis.fr\/ar\/produit\/\u0637\u0644\u0627\u0621-\u0632\u062c\u0627\u062c\u064a-\u0645\u0631\u0622\u0629-\u0632\u0627\u0647\u064a\u0629-\u0631\u0648\u0628\u064a-\u0627\u0644\u062a\u0648\u062a\/","og_site_name":"Unipatis","article_publisher":"https:\/\/www.facebook.com\/unipatis","article_modified_time":"2026-04-09T08:31:24+00:00","og_image":[{"width":1261,"height":1179,"url":"https:\/\/www.unipatis.fr\/wp-content\/uploads\/2022\/02\/seau_glacage_framboise-rubis.png","type":"image\/png"}],"twitter_card":"summary_large_image","schema":{"@context":"https:\/\/schema.org","@graph":[{"@type":"WebPage","@id":"https:\/\/www.unipatis.fr\/ar\/produit\/%d8%b7%d9%84%d8%a7%d8%a1-%d8%b2%d8%ac%d8%a7%d8%ac%d9%8a-%d9%85%d8%b1%d8%a2%d8%a9-%d8%b2%d8%a7%d9%87%d9%8a%d8%a9-%d8%b1%d9%88%d8%a8%d9%8a-%d8%a7%d9%84%d8%aa%d9%88%d8%aa\/","url":"https:\/\/www.unipatis.fr\/ar\/produit\/%d8%b7%d9%84%d8%a7%d8%a1-%d8%b2%d8%ac%d8%a7%d8%ac%d9%8a-%d9%85%d8%b1%d8%a2%d8%a9-%d8%b2%d8%a7%d9%87%d9%8a%d8%a9-%d8%b1%d9%88%d8%a8%d9%8a-%d8%a7%d9%84%d8%aa%d9%88%d8%aa\/","name":"\u0637\u0644\u0627\u0621 \u0632\u062c\u0627\u062c\u064a \u0645\u0631\u0622\u0629 \u0632\u0627\u0647\u064a\u0629 \u0631\u0648\u0628\u064a \u0627\u0644\u062a\u0648\u062a - Unipatis","isPartOf":{"@id":"https:\/\/www.unipatis.fr\/en\/#website"},"primaryImageOfPage":{"@id":"https:\/\/www.unipatis.fr\/ar\/produit\/%d8%b7%d9%84%d8%a7%d8%a1-%d8%b2%d8%ac%d8%a7%d8%ac%d9%8a-%d9%85%d8%b1%d8%a2%d8%a9-%d8%b2%d8%a7%d9%87%d9%8a%d8%a9-%d8%b1%d9%88%d8%a8%d9%8a-%d8%a7%d9%84%d8%aa%d9%88%d8%aa\/#primaryimage"},"image":{"@id":"https:\/\/www.unipatis.fr\/ar\/produit\/%d8%b7%d9%84%d8%a7%d8%a1-%d8%b2%d8%ac%d8%a7%d8%ac%d9%8a-%d9%85%d8%b1%d8%a2%d8%a9-%d8%b2%d8%a7%d9%87%d9%8a%d8%a9-%d8%b1%d9%88%d8%a8%d9%8a-%d8%a7%d9%84%d8%aa%d9%88%d8%aa\/#primaryimage"},"thumbnailUrl":"https:\/\/www.unipatis.fr\/wp-content\/uploads\/2022\/02\/seau_glacage_framboise-rubis.png","datePublished":"2022-02-11T11:10:28+00:00","dateModified":"2026-04-09T08:31:24+00:00","breadcrumb":{"@id":"https:\/\/www.unipatis.fr\/ar\/produit\/%d8%b7%d9%84%d8%a7%d8%a1-%d8%b2%d8%ac%d8%a7%d8%ac%d9%8a-%d9%85%d8%b1%d8%a2%d8%a9-%d8%b2%d8%a7%d9%87%d9%8a%d8%a9-%d8%b1%d9%88%d8%a8%d9%8a-%d8%a7%d9%84%d8%aa%d9%88%d8%aa\/#breadcrumb"},"inLanguage":"ar","potentialAction":[{"@type":"ReadAction","target":["https:\/\/www.unipatis.fr\/ar\/produit\/%d8%b7%d9%84%d8%a7%d8%a1-%d8%b2%d8%ac%d8%a7%d8%ac%d9%8a-%d9%85%d8%b1%d8%a2%d8%a9-%d8%b2%d8%a7%d9%87%d9%8a%d8%a9-%d8%b1%d9%88%d8%a8%d9%8a-%d8%a7%d9%84%d8%aa%d9%88%d8%aa\/"]}]},{"@type":"ImageObject","inLanguage":"ar","@id":"https:\/\/www.unipatis.fr\/ar\/produit\/%d8%b7%d9%84%d8%a7%d8%a1-%d8%b2%d8%ac%d8%a7%d8%ac%d9%8a-%d9%85%d8%b1%d8%a2%d8%a9-%d8%b2%d8%a7%d9%87%d9%8a%d8%a9-%d8%b1%d9%88%d8%a8%d9%8a-%d8%a7%d9%84%d8%aa%d9%88%d8%aa\/#primaryimage","url":"https:\/\/www.unipatis.fr\/wp-content\/uploads\/2022\/02\/seau_glacage_framboise-rubis.png","contentUrl":"https:\/\/www.unipatis.fr\/wp-content\/uploads\/2022\/02\/seau_glacage_framboise-rubis.png","width":1261,"height":1179,"caption":"\u064a\u0648\u0646\u064a\u0628\u0627\u062a\u064a\u0633 \u0632\u062c\u0627\u062c \u0627\u0644\u062a\u0648\u062a \u0648\u0627\u0644\u0631\u0648\u0628\u064a \u0627\u0644\u0635\u0642\u064a\u0644"},{"@type":"BreadcrumbList","@id":"https:\/\/www.unipatis.fr\/ar\/produit\/%d8%b7%d9%84%d8%a7%d8%a1-%d8%b2%d8%ac%d8%a7%d8%ac%d9%8a-%d9%85%d8%b1%d8%a2%d8%a9-%d8%b2%d8%a7%d9%87%d9%8a%d8%a9-%d8%b1%d9%88%d8%a8%d9%8a-%d8%a7%d9%84%d8%aa%d9%88%d8%aa\/#breadcrumb","itemListElement":[{"@type":"ListItem","position":1,"name":"Accueil","item":"https:\/\/www.unipatis.fr\/ar\/%d8%a7%d9%84%d8%b5%d9%81%d8%ad%d8%a9-%d8%a7%d9%84%d8%b1%d8%a6%d9%8a%d8%b3%d9%8a%d8%a9\/"},{"@type":"ListItem","position":2,"name":"\u0627\u0644\u0645\u062a\u062c\u0631","item":"https:\/\/www.unipatis.fr\/ar\/%d8%a7%d9%84%d9%85%d8%aa%d8%ac%d8%b1\/"},{"@type":"ListItem","position":3,"name":"\u0637\u0644\u0627\u0621 \u0632\u062c\u0627\u062c\u064a \u0645\u0631\u0622\u0629 \u0632\u0627\u0647\u064a\u0629 \u0631\u0648\u0628\u064a \u0627\u0644\u062a\u0648\u062a"}]},{"@type":"WebSite","@id":"https:\/\/www.unipatis.fr\/en\/#website","url":"https:\/\/www.unipatis.fr\/en\/","name":"Unipatis","description":"Unipatis Maison est une entreprise familiale sp\u00e9cialis\u00e9e dans la fabrication d&#039;ingr\u00e9dients p\u00e2tissiers et chocolatiers depuis quatre g\u00e9n\u00e9rations.","publisher":{"@id":"https:\/\/www.unipatis.fr\/en\/#organization"},"potentialAction":[{"@type":"SearchAction","target":{"@type":"EntryPoint","urlTemplate":"https:\/\/www.unipatis.fr\/en\/?s={search_term_string}"},"query-input":{"@type":"PropertyValueSpecification","valueRequired":true,"valueName":"search_term_string"}}],"inLanguage":"ar"},{"@type":"Organization","@id":"https:\/\/www.unipatis.fr\/en\/#organization","name":"Unipatis","url":"https:\/\/www.unipatis.fr\/en\/","logo":{"@type":"ImageObject","inLanguage":"ar","@id":"https:\/\/www.unipatis.fr\/en\/#\/schema\/logo\/image\/","url":"https:\/\/www.unipatis.fr\/wp-content\/uploads\/2021\/10\/UNIPATIS_logo_flag_2021-1.svg","contentUrl":"https:\/\/www.unipatis.fr\/wp-content\/uploads\/2021\/10\/UNIPATIS_logo_flag_2021-1.svg","width":150,"height":184,"caption":"Unipatis"},"image":{"@id":"https:\/\/www.unipatis.fr\/en\/#\/schema\/logo\/image\/"},"sameAs":["https:\/\/www.facebook.com\/unipatis","https:\/\/www.instagram.com\/unipatis","https:\/\/www.youtube.com\/@Unipatis"]}]}},"_links":{"self":[{"href":"https:\/\/www.unipatis.fr\/ar\/wp-json\/wp\/v2\/product\/20732","targetHints":{"allow":["GET"]}}],"collection":[{"href":"https:\/\/www.unipatis.fr\/ar\/wp-json\/wp\/v2\/product"}],"about":[{"href":"https:\/\/www.unipatis.fr\/ar\/wp-json\/wp\/v2\/types\/product"}],"replies":[{"embeddable":true,"href":"https:\/\/www.unipatis.fr\/ar\/wp-json\/wp\/v2\/comments?post=20732"}],"version-history":[{"count":1,"href":"https:\/\/www.unipatis.fr\/ar\/wp-json\/wp\/v2\/product\/20732\/revisions"}],"predecessor-version":[{"id":26587,"href":"https:\/\/www.unipatis.fr\/ar\/wp-json\/wp\/v2\/product\/20732\/revisions\/26587"}],"wp:featuredmedia":[{"embeddable":true,"href":"https:\/\/www.unipatis.fr\/ar\/wp-json\/wp\/v2\/media\/20739"}],"wp:attachment":[{"href":"https:\/\/www.unipatis.fr\/ar\/wp-json\/wp\/v2\/media?parent=20732"}],"wp:term":[{"taxonomy":"product_brand","embeddable":true,"href":"https:\/\/www.unipatis.fr\/ar\/wp-json\/wp\/v2\/product_brand?post=20732"},{"taxonomy":"product_cat","embeddable":true,"href":"https:\/\/www.unipatis.fr\/ar\/wp-json\/wp\/v2\/product_cat?post=20732"},{"taxonomy":"product_tag","embeddable":true,"href":"https:\/\/www.unipatis.fr\/ar\/wp-json\/wp\/v2\/product_tag?post=20732"}],"curies":[{"name":"wp","href":"https:\/\/api.w.org\/{rel}","templated":true}]}}