{"id":17024,"date":"2024-08-23T17:27:30","date_gmt":"2024-08-23T15:27:30","guid":{"rendered":"https:\/\/www.unipatis.fr\/terms-of-use\/"},"modified":"2025-12-16T09:37:25","modified_gmt":"2025-12-16T08:37:25","slug":"terms-of-use","status":"publish","type":"page","link":"https:\/\/www.unipatis.fr\/en\/terms-of-use\/","title":{"rendered":"Terms of use"},"content":{"rendered":"\t\t<div data-elementor-type=\"wp-page\" data-elementor-id=\"17024\" class=\"elementor elementor-17024 elementor-33\" data-elementor-post-type=\"page\">\n\t\t\t\t\t\t<section class=\"elementor-section elementor-top-section elementor-element elementor-element-74c3687 elementor-section-boxed elementor-section-height-default elementor-section-height-default\" data-id=\"74c3687\" data-element_type=\"section\" data-e-type=\"section\">\n\t\t\t\t\t\t<div class=\"elementor-container elementor-column-gap-default\">\n\t\t\t\t\t<div class=\"elementor-column elementor-col-100 elementor-top-column elementor-element elementor-element-8763ae2\" data-id=\"8763ae2\" data-element_type=\"column\" data-e-type=\"column\">\n\t\t\t<div class=\"elementor-widget-wrap elementor-element-populated\">\n\t\t\t\t\t\t<div class=\"elementor-element elementor-element-6fd4f8e elementor-widget elementor-widget-text-editor\" data-id=\"6fd4f8e\" data-element_type=\"widget\" data-e-type=\"widget\" data-widget_type=\"text-editor.default\">\n\t\t\t\t<div class=\"elementor-widget-container\">\n\t\t\t\t\t\t\t\t\t<p>Legal notice: This site is the property of Mediapilote Caen, whose head office is located at the following address:<\/p>\t\t\t\t\t\t\t\t<\/div>\n\t\t\t\t<\/div>\n\t\t\t\t<div class=\"elementor-element elementor-element-34b29a2 elementor-widget elementor-widget-text-editor\" data-id=\"34b29a2\" data-element_type=\"widget\" data-e-type=\"widget\" data-widget_type=\"text-editor.default\">\n\t\t\t\t<div class=\"elementor-widget-container\">\n\t\t\t\t\t\t\t\t\t<p>80 Avenue de Thi\u00e8s<\/p>\n<p>14000&nbsp; CAEN<\/p>\n<p>The website&#8217;s publication director is raphael marieux in his capacity as Web Project Manager.<\/p>\n<p>The hosting provider is Medialibs.<\/p>\n<p>The site was created by the mediapilote agency.<\/p>\n<p>The user is hereby informed that, in accordance with article 27 of the French Data Protection Act of January 6, 1978, the information communicated by the user via the forms on the site is required to respond to his\/her request and is intended exclusively for Mediapilote Caen, for administrative management purposes.<\/p>\n<p>Users of the website are required to comply with the provisions of the French Data Protection Act (loi relative \u00e0 l&#8217;informatique, aux fichiers et aux libert\u00e9s), any breach of which is subject to criminal penalties.<\/p>\n<p>In particular, they must refrain from collecting or misusing any personal information to which they have access, and, in general, from any act likely to harm Mediapilote Caen, or the privacy or reputation of individuals.<\/p>\n<p>The general structure, as well as the texts, images animated or not, know-how and all the other elements composing the site are the exclusive property of Mediapilote.<\/p>\n<p>Any total or partial representation of this site by any company whatsoever without the express authorization of Mediapilote is prohibited and constitutes an infringement punishable by articles L.335-2 et seq. of the French Intellectual Property Code. The same applies to any databases appearing on the website, which is protected by the provisions of the law of July 1, 1998, transposing the European directive of March 11, 1996 on the legal protection of databases into the French Intellectual Property Code. <\/p>\n<p>Any total or partial reproduction of trademarks or logos, made from elements of the site without the express permission of the owner or owners of the rights relating thereto is therefore prohibited, within the meaning of Article L.713-2 of the French Intellectual Property Code.<\/p>\n<p>The hypertext links set up on the site may lead the user to other sites. The mediapilote site has not verified all the sites linked to its own, their content and the information contained therein, and invites users, under their own responsibility, to validate the conformity, accuracy, completeness and\/or legality of the information and\/or content to which they have access on these sites. Mediapilote therefore declines all responsibility for the content and services offered on sites accessed via hyperlinks from the Mediapilote website, and for the use made of such sites by the user. Users are solely responsible for their use of such sites.   <\/p>\n<p>Users of and visitors to the website may not set up a hyperlink to this site without the express prior authorization of Mediapilote.<\/p>\n<p>Mediapilote makes every effort to provide users with available and verified information and\/or tools, but cannot under any circumstances be held responsible for errors, lack of availability of information and\/or the presence of viruses on its site.<\/p>\t\t\t\t\t\t\t\t<\/div>\n\t\t\t\t<\/div>\n\t\t\t\t\t<\/div>\n\t\t<\/div>\n\t\t\t\t\t<\/div>\n\t\t<\/section>\n\t\t\t\t<\/div>\n\t\t","protected":false},"excerpt":{"rendered":"<p>Legal notice: This site is the property of Mediapilote Caen, whose head office is located at the following address: 80 Avenue de Thi\u00e8s 14000&nbsp; CAEN The website&#8217;s publication director is raphael marieux in his capacity as Web Project Manager. The hosting provider is Medialibs. The site was created by the mediapilote agency. The user is &#8230; <a title=\"Terms of use\" class=\"read-more\" href=\"https:\/\/www.unipatis.fr\/en\/terms-of-use\/\" aria-label=\"Read more about Terms of use\">Read more<\/a><\/p>\n","protected":false},"author":1,"featured_media":0,"parent":0,"menu_order":0,"comment_status":"closed","ping_status":"closed","template":"","meta":{"_acf_changed":false,"inline_featured_image":false,"footnotes":""},"class_list":["post-17024","page","type-page","status-publish"],"acf":[],"yoast_head":"<!-- This site is optimized with the Yoast SEO plugin v27.2 - https:\/\/yoast.com\/product\/yoast-seo-wordpress\/ -->\n<title>Terms of use - Unipatis<\/title>\n<meta name=\"description\" content=\"Legal notice Unipatis - Information about the site publisher, hosting, intellectual property and use. M\u00e9diapilote Caen, 80 Avenue de Thi\u00e8s, 14000 Caen.\" \/>\n<meta name=\"robots\" content=\"index, follow, max-snippet:-1, max-image-preview:large, max-video-preview:-1\" \/>\n<link rel=\"canonical\" href=\"https:\/\/www.unipatis.fr\/en\/terms-of-use\/\" \/>\n<meta property=\"og:locale\" content=\"en_US\" \/>\n<meta property=\"og:type\" content=\"article\" \/>\n<meta property=\"og:title\" content=\"Terms of use - Unipatis\" \/>\n<meta property=\"og:description\" content=\"Legal notice Unipatis - Information about the site publisher, hosting, intellectual property and use. M\u00e9diapilote Caen, 80 Avenue de Thi\u00e8s, 14000 Caen.\" \/>\n<meta property=\"og:url\" content=\"https:\/\/www.unipatis.fr\/en\/terms-of-use\/\" \/>\n<meta property=\"og:site_name\" content=\"Unipatis\" \/>\n<meta property=\"article:publisher\" content=\"https:\/\/www.facebook.com\/unipatis\" \/>\n<meta property=\"article:modified_time\" content=\"2025-12-16T08:37:25+00:00\" \/>\n<meta name=\"twitter:card\" content=\"summary_large_image\" \/>\n<meta name=\"twitter:label1\" content=\"Est. reading time\" \/>\n\t<meta name=\"twitter:data1\" content=\"2 minutes\" \/>\n<script type=\"application\/ld+json\" class=\"yoast-schema-graph\">{\"@context\":\"https:\/\/schema.org\",\"@graph\":[{\"@type\":\"WebPage\",\"@id\":\"https:\/\/www.unipatis.fr\/en\/terms-of-use\/\",\"url\":\"https:\/\/www.unipatis.fr\/en\/terms-of-use\/\",\"name\":\"Terms of use - Unipatis\",\"isPartOf\":{\"@id\":\"https:\/\/www.unipatis.fr\/en\/#website\"},\"datePublished\":\"2024-08-23T15:27:30+00:00\",\"dateModified\":\"2025-12-16T08:37:25+00:00\",\"description\":\"Legal notice Unipatis - Information about the site publisher, hosting, intellectual property and use. M\u00e9diapilote Caen, 80 Avenue de Thi\u00e8s, 14000 Caen.\",\"breadcrumb\":{\"@id\":\"https:\/\/www.unipatis.fr\/en\/terms-of-use\/#breadcrumb\"},\"inLanguage\":\"en-US\",\"potentialAction\":[{\"@type\":\"ReadAction\",\"target\":[\"https:\/\/www.unipatis.fr\/en\/terms-of-use\/\"]}]},{\"@type\":\"BreadcrumbList\",\"@id\":\"https:\/\/www.unipatis.fr\/en\/terms-of-use\/#breadcrumb\",\"itemListElement\":[{\"@type\":\"ListItem\",\"position\":1,\"name\":\"Accueil\",\"item\":\"https:\/\/www.unipatis.fr\/en\/home-3\/\"},{\"@type\":\"ListItem\",\"position\":2,\"name\":\"Terms of use\"}]},{\"@type\":\"WebSite\",\"@id\":\"https:\/\/www.unipatis.fr\/en\/#website\",\"url\":\"https:\/\/www.unipatis.fr\/en\/\",\"name\":\"Unipatis\",\"description\":\"Unipatis Maison est une entreprise familiale sp\u00e9cialis\u00e9e dans la fabrication d&#039;ingr\u00e9dients p\u00e2tissiers et chocolatiers depuis quatre g\u00e9n\u00e9rations.\",\"publisher\":{\"@id\":\"https:\/\/www.unipatis.fr\/en\/#organization\"},\"potentialAction\":[{\"@type\":\"SearchAction\",\"target\":{\"@type\":\"EntryPoint\",\"urlTemplate\":\"https:\/\/www.unipatis.fr\/en\/?s={search_term_string}\"},\"query-input\":{\"@type\":\"PropertyValueSpecification\",\"valueRequired\":true,\"valueName\":\"search_term_string\"}}],\"inLanguage\":\"en-US\"},{\"@type\":\"Organization\",\"@id\":\"https:\/\/www.unipatis.fr\/en\/#organization\",\"name\":\"Unipatis\",\"url\":\"https:\/\/www.unipatis.fr\/en\/\",\"logo\":{\"@type\":\"ImageObject\",\"inLanguage\":\"en-US\",\"@id\":\"https:\/\/www.unipatis.fr\/en\/#\/schema\/logo\/image\/\",\"url\":\"https:\/\/www.unipatis.fr\/wp-content\/uploads\/2021\/10\/UNIPATIS_logo_flag_2021-1.svg\",\"contentUrl\":\"https:\/\/www.unipatis.fr\/wp-content\/uploads\/2021\/10\/UNIPATIS_logo_flag_2021-1.svg\",\"width\":150,\"height\":184,\"caption\":\"Unipatis\"},\"image\":{\"@id\":\"https:\/\/www.unipatis.fr\/en\/#\/schema\/logo\/image\/\"},\"sameAs\":[\"https:\/\/www.facebook.com\/unipatis\",\"https:\/\/www.instagram.com\/unipatis\",\"https:\/\/www.youtube.com\/@Unipatis\"]}]}<\/script>\n<!-- \/ Yoast SEO plugin. -->","yoast_head_json":{"title":"Terms of use - Unipatis","description":"Legal notice Unipatis - Information about the site publisher, hosting, intellectual property and use. M\u00e9diapilote Caen, 80 Avenue de Thi\u00e8s, 14000 Caen.","robots":{"index":"index","follow":"follow","max-snippet":"max-snippet:-1","max-image-preview":"max-image-preview:large","max-video-preview":"max-video-preview:-1"},"canonical":"https:\/\/www.unipatis.fr\/en\/terms-of-use\/","og_locale":"en_US","og_type":"article","og_title":"Terms of use - Unipatis","og_description":"Legal notice Unipatis - Information about the site publisher, hosting, intellectual property and use. M\u00e9diapilote Caen, 80 Avenue de Thi\u00e8s, 14000 Caen.","og_url":"https:\/\/www.unipatis.fr\/en\/terms-of-use\/","og_site_name":"Unipatis","article_publisher":"https:\/\/www.facebook.com\/unipatis","article_modified_time":"2025-12-16T08:37:25+00:00","twitter_card":"summary_large_image","twitter_misc":{"Est. reading time":"2 minutes"},"schema":{"@context":"https:\/\/schema.org","@graph":[{"@type":"WebPage","@id":"https:\/\/www.unipatis.fr\/en\/terms-of-use\/","url":"https:\/\/www.unipatis.fr\/en\/terms-of-use\/","name":"Terms of use - Unipatis","isPartOf":{"@id":"https:\/\/www.unipatis.fr\/en\/#website"},"datePublished":"2024-08-23T15:27:30+00:00","dateModified":"2025-12-16T08:37:25+00:00","description":"Legal notice Unipatis - Information about the site publisher, hosting, intellectual property and use. M\u00e9diapilote Caen, 80 Avenue de Thi\u00e8s, 14000 Caen.","breadcrumb":{"@id":"https:\/\/www.unipatis.fr\/en\/terms-of-use\/#breadcrumb"},"inLanguage":"en-US","potentialAction":[{"@type":"ReadAction","target":["https:\/\/www.unipatis.fr\/en\/terms-of-use\/"]}]},{"@type":"BreadcrumbList","@id":"https:\/\/www.unipatis.fr\/en\/terms-of-use\/#breadcrumb","itemListElement":[{"@type":"ListItem","position":1,"name":"Accueil","item":"https:\/\/www.unipatis.fr\/en\/home-3\/"},{"@type":"ListItem","position":2,"name":"Terms of use"}]},{"@type":"WebSite","@id":"https:\/\/www.unipatis.fr\/en\/#website","url":"https:\/\/www.unipatis.fr\/en\/","name":"Unipatis","description":"Unipatis Maison est une entreprise familiale sp\u00e9cialis\u00e9e dans la fabrication d&#039;ingr\u00e9dients p\u00e2tissiers et chocolatiers depuis quatre g\u00e9n\u00e9rations.","publisher":{"@id":"https:\/\/www.unipatis.fr\/en\/#organization"},"potentialAction":[{"@type":"SearchAction","target":{"@type":"EntryPoint","urlTemplate":"https:\/\/www.unipatis.fr\/en\/?s={search_term_string}"},"query-input":{"@type":"PropertyValueSpecification","valueRequired":true,"valueName":"search_term_string"}}],"inLanguage":"en-US"},{"@type":"Organization","@id":"https:\/\/www.unipatis.fr\/en\/#organization","name":"Unipatis","url":"https:\/\/www.unipatis.fr\/en\/","logo":{"@type":"ImageObject","inLanguage":"en-US","@id":"https:\/\/www.unipatis.fr\/en\/#\/schema\/logo\/image\/","url":"https:\/\/www.unipatis.fr\/wp-content\/uploads\/2021\/10\/UNIPATIS_logo_flag_2021-1.svg","contentUrl":"https:\/\/www.unipatis.fr\/wp-content\/uploads\/2021\/10\/UNIPATIS_logo_flag_2021-1.svg","width":150,"height":184,"caption":"Unipatis"},"image":{"@id":"https:\/\/www.unipatis.fr\/en\/#\/schema\/logo\/image\/"},"sameAs":["https:\/\/www.facebook.com\/unipatis","https:\/\/www.instagram.com\/unipatis","https:\/\/www.youtube.com\/@Unipatis"]}]}},"_links":{"self":[{"href":"https:\/\/www.unipatis.fr\/en\/wp-json\/wp\/v2\/pages\/17024","targetHints":{"allow":["GET"]}}],"collection":[{"href":"https:\/\/www.unipatis.fr\/en\/wp-json\/wp\/v2\/pages"}],"about":[{"href":"https:\/\/www.unipatis.fr\/en\/wp-json\/wp\/v2\/types\/page"}],"author":[{"embeddable":true,"href":"https:\/\/www.unipatis.fr\/en\/wp-json\/wp\/v2\/users\/1"}],"replies":[{"embeddable":true,"href":"https:\/\/www.unipatis.fr\/en\/wp-json\/wp\/v2\/comments?post=17024"}],"version-history":[{"count":2,"href":"https:\/\/www.unipatis.fr\/en\/wp-json\/wp\/v2\/pages\/17024\/revisions"}],"predecessor-version":[{"id":30378,"href":"https:\/\/www.unipatis.fr\/en\/wp-json\/wp\/v2\/pages\/17024\/revisions\/30378"}],"wp:attachment":[{"href":"https:\/\/www.unipatis.fr\/en\/wp-json\/wp\/v2\/media?parent=17024"}],"curies":[{"name":"wp","href":"https:\/\/api.w.org\/{rel}","templated":true}]}}