{"id":17030,"date":"2024-08-23T17:27:32","date_gmt":"2024-08-23T15:27:32","guid":{"rendered":"https:\/\/www.unipatis.fr\/privacy-policy\/"},"modified":"2025-12-16T09:36:15","modified_gmt":"2025-12-16T08:36:15","slug":"privacy-policy","status":"publish","type":"page","link":"https:\/\/www.unipatis.fr\/en\/privacy-policy\/","title":{"rendered":"Privacy policy"},"content":{"rendered":"\t\t<div data-elementor-type=\"wp-page\" data-elementor-id=\"17030\" class=\"elementor elementor-17030 elementor-3\" data-elementor-post-type=\"page\">\n\t\t\t\t\t\t<section class=\"elementor-section elementor-top-section elementor-element elementor-element-e131709 elementor-section-boxed elementor-section-height-default elementor-section-height-default\" data-id=\"e131709\" data-element_type=\"section\" data-e-type=\"section\">\n\t\t\t\t\t\t<div class=\"elementor-container elementor-column-gap-default\">\n\t\t\t\t\t<div class=\"elementor-column elementor-col-100 elementor-top-column elementor-element elementor-element-f5a3367\" data-id=\"f5a3367\" data-element_type=\"column\" data-e-type=\"column\">\n\t\t\t<div class=\"elementor-widget-wrap elementor-element-populated\">\n\t\t\t\t\t\t<div class=\"elementor-element elementor-element-a996042 elementor-widget elementor-widget-text-editor\" data-id=\"a996042\" data-element_type=\"widget\" data-e-type=\"widget\" data-widget_type=\"text-editor.default\">\n\t\t\t\t<div class=\"elementor-widget-container\">\n\t\t\t\t\t\t\t\t\t<p>About the site  <\/p><p>The site <span style=\"font-size: 1.5rem; font-family: -apple-system, system-ui, BlinkMacSystemFont, 'Segoe UI', Helvetica, Arial, sans-serif, 'Apple Color Emoji', 'Segoe UI Emoji', 'Segoe UI Symbol';\"> is the property of Mediapilote Caen<\/span><\/p><p>Publication manager: Raphael Marieux<\/p><p>The site features a questionnaire for videoconference appointments.  <\/p>\t\t\t\t\t\t\t\t<\/div>\n\t\t\t\t<\/div>\n\t\t\t\t<div class=\"elementor-element elementor-element-df9525b elementor-widget elementor-widget-heading\" data-id=\"df9525b\" data-element_type=\"widget\" data-e-type=\"widget\" data-widget_type=\"heading.default\">\n\t\t\t\t<div class=\"elementor-widget-container\">\n\t\t\t\t\t<h2 class=\"elementor-heading-title elementor-size-default\">Data collection<\/h2>\t\t\t\t<\/div>\n\t\t\t\t<\/div>\n\t\t\t\t<div class=\"elementor-element elementor-element-b511feb elementor-widget elementor-widget-text-editor\" data-id=\"b511feb\" data-element_type=\"widget\" data-e-type=\"widget\" data-widget_type=\"text-editor.default\">\n\t\t\t\t<div class=\"elementor-widget-container\">\n\t\t\t\t\t\t\t\t\t<p>implements several personal data processing operations whose purpose is to offer online functionalities: To register for videoconferences organized by mediapilote Caen using a form.<\/p>\t\t\t\t\t\t\t\t<\/div>\n\t\t\t\t<\/div>\n\t\t\t\t<div class=\"elementor-element elementor-element-37fed67 elementor-widget elementor-widget-heading\" data-id=\"37fed67\" data-element_type=\"widget\" data-e-type=\"widget\" data-widget_type=\"heading.default\">\n\t\t\t\t<div class=\"elementor-widget-container\">\n\t\t\t\t\t<h2 class=\"elementor-heading-title elementor-size-default\">Measure site audience (Google Analytics tool).<\/h2>\t\t\t\t<\/div>\n\t\t\t\t<\/div>\n\t\t\t\t<div class=\"elementor-element elementor-element-9660ac9 elementor-widget elementor-widget-text-editor\" data-id=\"9660ac9\" data-element_type=\"widget\" data-e-type=\"widget\" data-widget_type=\"text-editor.default\">\n\t\t\t\t<div class=\"elementor-widget-container\">\n\t\t\t\t\t\t\t\t\t<p>There is no audience measurement on this site.<\/p>\t\t\t\t\t\t\t\t<\/div>\n\t\t\t\t<\/div>\n\t\t\t\t<div class=\"elementor-element elementor-element-4a21977 elementor-widget elementor-widget-heading\" data-id=\"4a21977\" data-element_type=\"widget\" data-e-type=\"widget\" data-widget_type=\"heading.default\">\n\t\t\t\t<div class=\"elementor-widget-container\">\n\t\t\t\t\t<h2 class=\"elementor-heading-title elementor-size-default\">How can I modify, view, download and delete my data?<\/h2>\t\t\t\t<\/div>\n\t\t\t\t<\/div>\n\t\t\t\t<div class=\"elementor-element elementor-element-4481b40 elementor-widget elementor-widget-text-editor\" data-id=\"4481b40\" data-element_type=\"widget\" data-e-type=\"widget\" data-widget_type=\"text-editor.default\">\n\t\t\t\t<div class=\"elementor-widget-container\">\n\t\t\t\t\t\t\t\t\t<p>In accordance with Articles 39 et seq. of French Law no. 78-17 of January 6, 1978 on Data Processing, Data Files and Individual Liberties, you have the right to access, rectify, modify, oppose and delete data concerning you.<br>You can exercise this right by contacting us at r.marieux@mediapilote.com or by sending a request by post to the following address:<br>Mediapilote<\/p><p>80 Avenue de Thi\u00e8s<\/p><p>14000 Caen<\/p><p> <\/p>\t\t\t\t\t\t\t\t<\/div>\n\t\t\t\t<\/div>\n\t\t\t\t<div class=\"elementor-element elementor-element-3bc6e75 elementor-widget elementor-widget-heading\" data-id=\"3bc6e75\" data-element_type=\"widget\" data-e-type=\"widget\" data-widget_type=\"heading.default\">\n\t\t\t\t<div class=\"elementor-widget-container\">\n\t\t\t\t\t<h2 class=\"elementor-heading-title elementor-size-default\">Where is your data stored?<\/h2>\t\t\t\t<\/div>\n\t\t\t\t<\/div>\n\t\t\t\t<div class=\"elementor-element elementor-element-c0f7800 elementor-widget elementor-widget-text-editor\" data-id=\"c0f7800\" data-element_type=\"widget\" data-e-type=\"widget\" data-widget_type=\"text-editor.default\">\n\t\t\t\t<div class=\"elementor-widget-container\">\n\t\t\t\t\t\t\t\t\t<p>All personal data held by Mediapilote is hosted by Medialibs in France.<\/p>\t\t\t\t\t\t\t\t<\/div>\n\t\t\t\t<\/div>\n\t\t\t\t<div class=\"elementor-element elementor-element-b60f1c8 elementor-widget elementor-widget-heading\" data-id=\"b60f1c8\" data-element_type=\"widget\" data-e-type=\"widget\" data-widget_type=\"heading.default\">\n\t\t\t\t<div class=\"elementor-widget-container\">\n\t\t\t\t\t<h2 class=\"elementor-heading-title elementor-size-default\">Controls<\/h2>\t\t\t\t<\/div>\n\t\t\t\t<\/div>\n\t\t\t\t<div class=\"elementor-element elementor-element-5751405 elementor-widget elementor-widget-text-editor\" data-id=\"5751405\" data-element_type=\"widget\" data-e-type=\"widget\" data-widget_type=\"text-editor.default\">\n\t\t\t\t<div class=\"elementor-widget-container\">\n\t\t\t\t\t\t\t\t\tThe services offered by a are subject to moderation by the service administrator.\t\t\t\t\t\t\t\t<\/div>\n\t\t\t\t<\/div>\n\t\t\t\t<div class=\"elementor-element elementor-element-7426863 elementor-widget elementor-widget-heading\" data-id=\"7426863\" data-element_type=\"widget\" data-e-type=\"widget\" data-widget_type=\"heading.default\">\n\t\t\t\t<div class=\"elementor-widget-container\">\n\t\t\t\t\t<h2 class=\"elementor-heading-title elementor-size-default\">Third-party calls<\/h2>\t\t\t\t<\/div>\n\t\t\t\t<\/div>\n\t\t\t\t<div class=\"elementor-element elementor-element-f29e196 elementor-widget elementor-widget-text-editor\" data-id=\"f29e196\" data-element_type=\"widget\" data-e-type=\"widget\" data-widget_type=\"text-editor.default\">\n\t\t\t\t<div class=\"elementor-widget-container\">\n\t\t\t\t\t\t\t\t\t<p>Calls are made to third-party services. They concern the proper functioning of the site.<br>The third-party services called up are : Youtube, Vimeo, jQuery, Dailymotion. Other third-party services may also be called up.  <\/p>\t\t\t\t\t\t\t\t<\/div>\n\t\t\t\t<\/div>\n\t\t\t\t<div class=\"elementor-element elementor-element-245cbe0 elementor-widget elementor-widget-heading\" data-id=\"245cbe0\" data-element_type=\"widget\" data-e-type=\"widget\" data-widget_type=\"heading.default\">\n\t\t\t\t<div class=\"elementor-widget-container\">\n\t\t\t\t\t<h2 class=\"elementor-heading-title elementor-size-default\">Backups and backup storage<\/h2>\t\t\t\t<\/div>\n\t\t\t\t<\/div>\n\t\t\t\t<div class=\"elementor-element elementor-element-78e8800 elementor-widget elementor-widget-text-editor\" data-id=\"78e8800\" data-element_type=\"widget\" data-e-type=\"widget\" data-widget_type=\"text-editor.default\">\n\t\t\t\t<div class=\"elementor-widget-container\">\n\t\t\t\t\t\t\t\t\tAll data is backed up daily. They are stored securely on servers belonging to Medialibs\nFurthermore, the data collected via the processing of personal data on this site is not transferred outside the territory of the European Union.\nIn addition, data passing through the site is subject to constant attention to security and confidentiality. Access to the site&#8217;s back-office is possible via logins and complex, strongly protected passwords. The same applies to mailboxes, which hold the personal data of users and customers.\nThe brasseriedelavire.com website is also equipped with numerous security modules to prevent malicious intrusions and data leaks.\n\t\t\t\t\t\t\t\t<\/div>\n\t\t\t\t<\/div>\n\t\t\t\t<div class=\"elementor-element elementor-element-d92cbf1 elementor-widget elementor-widget-heading\" data-id=\"d92cbf1\" data-element_type=\"widget\" data-e-type=\"widget\" data-widget_type=\"heading.default\">\n\t\t\t\t<div class=\"elementor-widget-container\">\n\t\t\t\t\t<h2 class=\"elementor-heading-title elementor-size-default\">Cookie management<\/h2>\t\t\t\t<\/div>\n\t\t\t\t<\/div>\n\t\t\t\t<div class=\"elementor-element elementor-element-d98f0ce elementor-widget elementor-widget-text-editor\" data-id=\"d98f0ce\" data-element_type=\"widget\" data-e-type=\"widget\" data-widget_type=\"text-editor.default\">\n\t\t\t\t<div class=\"elementor-widget-container\">\n\t\t\t\t\t\t\t\t\tWe use persistent cookies to enhance the user experience. These cookies are stored on your computer even after you close your browser and are reused on subsequent visits to our sites. We also use cookies to better understand how you interact with our sites and services and to improve them.  \t\t\t\t\t\t\t\t<\/div>\n\t\t\t\t<\/div>\n\t\t\t\t<div class=\"elementor-element elementor-element-c85a669 elementor-widget elementor-widget-heading\" data-id=\"c85a669\" data-element_type=\"widget\" data-e-type=\"widget\" data-widget_type=\"heading.default\">\n\t\t\t\t<div class=\"elementor-widget-container\">\n\t\t\t\t\t<h2 class=\"elementor-heading-title elementor-size-default\">What types of cookies are used on the site?<\/h2>\t\t\t\t<\/div>\n\t\t\t\t<\/div>\n\t\t\t\t<div class=\"elementor-element elementor-element-6693045 elementor-widget elementor-widget-text-editor\" data-id=\"6693045\" data-element_type=\"widget\" data-e-type=\"widget\" data-widget_type=\"text-editor.default\">\n\t\t\t\t<div class=\"elementor-widget-container\">\n\t\t\t\t\t\t\t\t\tTechnical and navigation cookies: These cookies make it easier for you to navigate between pages on our site. They are also necessary to enable you to benefit from certain functionalities of our sites and\/or services (account creation, identification&#8230;) and expire automatically when you close your browser. If you have chosen to deactivate these cookies via your web browser, access to our services may be impaired. We therefore advise you to leave them enabled to take full advantage of our services and your browsing experience on our site.   \t\t\t\t\t\t\t\t<\/div>\n\t\t\t\t<\/div>\n\t\t\t\t<div class=\"elementor-element elementor-element-2a6c2f7 elementor-widget elementor-widget-heading\" data-id=\"2a6c2f7\" data-element_type=\"widget\" data-e-type=\"widget\" data-widget_type=\"heading.default\">\n\t\t\t\t<div class=\"elementor-widget-container\">\n\t\t\t\t\t<h2 class=\"elementor-heading-title elementor-size-default\">Session cookies present on this site :<\/h2>\t\t\t\t<\/div>\n\t\t\t\t<\/div>\n\t\t\t\t<div class=\"elementor-element elementor-element-9ecd8d6 elementor-widget elementor-widget-text-editor\" data-id=\"9ecd8d6\" data-element_type=\"widget\" data-e-type=\"widget\" data-widget_type=\"text-editor.default\">\n\t\t\t\t<div class=\"elementor-widget-container\">\n\t\t\t\t\t\t\t\t\tPHPSESSID : Session cookie specific to PHP duration of session wordpress_* : Session cookies used by WordPress wp-settings* : WordPress personalization cookies Audience measurement and navigation tracking cookie: This cookie enables us to collect anonymous statistical data on the number of visitors to our site, in order to improve its ergonomics. _ga, _gat, _gid: Google Analytics cookies (statistics)\n\nVISITOR_INFO1_LIVE, YSC, PREF, GPS: Youtube cookies -&gt; .youtube.com\n\ncookieconsent_status, wordpress_test_cookie, : Cookie approval module cookies\n\nYou&#8217;ll find all the information you need about Google Analytics compliance here.\n\nArticles on this site may include embedded content (e.g. videos, images, articles, etc.). Embedded content from other sites behaves in the same way as if the visitor were visiting that other site.\nThese websites may collect data about you, use cookies, embed third-party tracking tools, track your interactions with such embedded content if you have a logged-in account on their website.\n\t\t\t\t\t\t\t\t<\/div>\n\t\t\t\t<\/div>\n\t\t\t\t<div class=\"elementor-element elementor-element-fd37a1c elementor-widget elementor-widget-heading\" data-id=\"fd37a1c\" data-element_type=\"widget\" data-e-type=\"widget\" data-widget_type=\"heading.default\">\n\t\t\t\t<div class=\"elementor-widget-container\">\n\t\t\t\t\t<h2 class=\"elementor-heading-title elementor-size-default\">Deactivating\/activating cookies via your browser<\/h2>\t\t\t\t<\/div>\n\t\t\t\t<\/div>\n\t\t\t\t<div class=\"elementor-element elementor-element-b290cb3 elementor-widget elementor-widget-text-editor\" data-id=\"b290cb3\" data-element_type=\"widget\" data-e-type=\"widget\" data-widget_type=\"text-editor.default\">\n\t\t\t\t<div class=\"elementor-widget-container\">\n\t\t\t\t\t\t\t\t\tThere are a number of ways in which you can manage cookies and other tracking technologies. You can accept or decline cookies by modifying your browser settings, or have your browser prompt you for confirmation before accepting a cookie from the websites you visit. Please note that if you choose to disable cookies completely, you may not be able to use all our features.\nIf you use several computers in different locations, you&#8217;ll need to make sure that each browser is set to suit your preferences.\nYou can delete any cookies that have been installed in your browser&#8217;s cookie folder. Each browser offers different procedures for managing your settings. Click on one of the browser links below to consult their instructions.\nMicrosoft Internet Explorer\n\nGoogle Chrome\n\nMozilla Firefox\n\nIf you do not use any of the above browsers, you will need to select the &#8220;cookies&#8221; option in the &#8220;Help&#8221; function to obtain information about the location of your cookie folder.\n\t\t\t\t\t\t\t\t<\/div>\n\t\t\t\t<\/div>\n\t\t\t\t\t<\/div>\n\t\t<\/div>\n\t\t\t\t\t<\/div>\n\t\t<\/section>\n\t\t\t\t<\/div>\n\t\t","protected":false},"excerpt":{"rendered":"<p>About the site The site is the property of Mediapilote Caen Publication manager: Raphael Marieux The site features a questionnaire for videoconference appointments. Data collection implements several personal data processing operations whose purpose is to offer online functionalities: To register for videoconferences organized by mediapilote Caen using a form. Measure site audience (Google Analytics tool). &#8230; <a title=\"Privacy policy\" class=\"read-more\" href=\"https:\/\/www.unipatis.fr\/en\/privacy-policy\/\" aria-label=\"Read more about Privacy policy\">Read more<\/a><\/p>\n","protected":false},"author":1,"featured_media":0,"parent":0,"menu_order":0,"comment_status":"closed","ping_status":"open","template":"","meta":{"_acf_changed":false,"inline_featured_image":false,"footnotes":""},"class_list":["post-17030","page","type-page","status-publish"],"acf":[],"yoast_head":"<!-- This site is optimized with the Yoast SEO plugin v27.2 - https:\/\/yoast.com\/product\/yoast-seo-wordpress\/ -->\n<title>Privacy policy - Unipatis<\/title>\n<meta name=\"description\" content=\"Unipatis privacy policy: find out how we protect your personal data in accordance with the RGPD. Transparency and security guaranteed.\" \/>\n<meta name=\"robots\" content=\"index, follow, max-snippet:-1, max-image-preview:large, max-video-preview:-1\" \/>\n<link rel=\"canonical\" href=\"https:\/\/www.unipatis.fr\/en\/privacy-policy\/\" \/>\n<meta property=\"og:locale\" content=\"en_US\" \/>\n<meta property=\"og:type\" content=\"article\" \/>\n<meta property=\"og:title\" content=\"Privacy policy - Unipatis\" \/>\n<meta property=\"og:description\" content=\"Unipatis privacy policy: find out how we protect your personal data in accordance with the RGPD. Transparency and security guaranteed.\" \/>\n<meta property=\"og:url\" content=\"https:\/\/www.unipatis.fr\/en\/privacy-policy\/\" \/>\n<meta property=\"og:site_name\" content=\"Unipatis\" \/>\n<meta property=\"article:publisher\" content=\"https:\/\/www.facebook.com\/unipatis\" \/>\n<meta property=\"article:modified_time\" content=\"2025-12-16T08:36:15+00:00\" \/>\n<meta name=\"twitter:card\" content=\"summary_large_image\" \/>\n<meta name=\"twitter:label1\" content=\"Est. reading time\" \/>\n\t<meta name=\"twitter:data1\" content=\"4 minutes\" \/>\n<script type=\"application\/ld+json\" class=\"yoast-schema-graph\">{\"@context\":\"https:\/\/schema.org\",\"@graph\":[{\"@type\":\"WebPage\",\"@id\":\"https:\/\/www.unipatis.fr\/en\/privacy-policy\/\",\"url\":\"https:\/\/www.unipatis.fr\/en\/privacy-policy\/\",\"name\":\"Privacy policy - Unipatis\",\"isPartOf\":{\"@id\":\"https:\/\/www.unipatis.fr\/en\/#website\"},\"datePublished\":\"2024-08-23T15:27:32+00:00\",\"dateModified\":\"2025-12-16T08:36:15+00:00\",\"description\":\"Unipatis privacy policy: find out how we protect your personal data in accordance with the RGPD. Transparency and security guaranteed.\",\"breadcrumb\":{\"@id\":\"https:\/\/www.unipatis.fr\/en\/privacy-policy\/#breadcrumb\"},\"inLanguage\":\"en-US\",\"potentialAction\":[{\"@type\":\"ReadAction\",\"target\":[\"https:\/\/www.unipatis.fr\/en\/privacy-policy\/\"]}]},{\"@type\":\"BreadcrumbList\",\"@id\":\"https:\/\/www.unipatis.fr\/en\/privacy-policy\/#breadcrumb\",\"itemListElement\":[{\"@type\":\"ListItem\",\"position\":1,\"name\":\"Accueil\",\"item\":\"https:\/\/www.unipatis.fr\/en\/home-3\/\"},{\"@type\":\"ListItem\",\"position\":2,\"name\":\"Privacy policy\"}]},{\"@type\":\"WebSite\",\"@id\":\"https:\/\/www.unipatis.fr\/en\/#website\",\"url\":\"https:\/\/www.unipatis.fr\/en\/\",\"name\":\"Unipatis\",\"description\":\"Unipatis Maison est une entreprise familiale sp\u00e9cialis\u00e9e dans la fabrication d&#039;ingr\u00e9dients p\u00e2tissiers et chocolatiers depuis quatre g\u00e9n\u00e9rations.\",\"publisher\":{\"@id\":\"https:\/\/www.unipatis.fr\/en\/#organization\"},\"potentialAction\":[{\"@type\":\"SearchAction\",\"target\":{\"@type\":\"EntryPoint\",\"urlTemplate\":\"https:\/\/www.unipatis.fr\/en\/?s={search_term_string}\"},\"query-input\":{\"@type\":\"PropertyValueSpecification\",\"valueRequired\":true,\"valueName\":\"search_term_string\"}}],\"inLanguage\":\"en-US\"},{\"@type\":\"Organization\",\"@id\":\"https:\/\/www.unipatis.fr\/en\/#organization\",\"name\":\"Unipatis\",\"url\":\"https:\/\/www.unipatis.fr\/en\/\",\"logo\":{\"@type\":\"ImageObject\",\"inLanguage\":\"en-US\",\"@id\":\"https:\/\/www.unipatis.fr\/en\/#\/schema\/logo\/image\/\",\"url\":\"https:\/\/www.unipatis.fr\/wp-content\/uploads\/2021\/10\/UNIPATIS_logo_flag_2021-1.svg\",\"contentUrl\":\"https:\/\/www.unipatis.fr\/wp-content\/uploads\/2021\/10\/UNIPATIS_logo_flag_2021-1.svg\",\"width\":150,\"height\":184,\"caption\":\"Unipatis\"},\"image\":{\"@id\":\"https:\/\/www.unipatis.fr\/en\/#\/schema\/logo\/image\/\"},\"sameAs\":[\"https:\/\/www.facebook.com\/unipatis\",\"https:\/\/www.instagram.com\/unipatis\",\"https:\/\/www.youtube.com\/@Unipatis\"]}]}<\/script>\n<!-- \/ Yoast SEO plugin. -->","yoast_head_json":{"title":"Privacy policy - Unipatis","description":"Unipatis privacy policy: find out how we protect your personal data in accordance with the RGPD. Transparency and security guaranteed.","robots":{"index":"index","follow":"follow","max-snippet":"max-snippet:-1","max-image-preview":"max-image-preview:large","max-video-preview":"max-video-preview:-1"},"canonical":"https:\/\/www.unipatis.fr\/en\/privacy-policy\/","og_locale":"en_US","og_type":"article","og_title":"Privacy policy - Unipatis","og_description":"Unipatis privacy policy: find out how we protect your personal data in accordance with the RGPD. Transparency and security guaranteed.","og_url":"https:\/\/www.unipatis.fr\/en\/privacy-policy\/","og_site_name":"Unipatis","article_publisher":"https:\/\/www.facebook.com\/unipatis","article_modified_time":"2025-12-16T08:36:15+00:00","twitter_card":"summary_large_image","twitter_misc":{"Est. reading time":"4 minutes"},"schema":{"@context":"https:\/\/schema.org","@graph":[{"@type":"WebPage","@id":"https:\/\/www.unipatis.fr\/en\/privacy-policy\/","url":"https:\/\/www.unipatis.fr\/en\/privacy-policy\/","name":"Privacy policy - Unipatis","isPartOf":{"@id":"https:\/\/www.unipatis.fr\/en\/#website"},"datePublished":"2024-08-23T15:27:32+00:00","dateModified":"2025-12-16T08:36:15+00:00","description":"Unipatis privacy policy: find out how we protect your personal data in accordance with the RGPD. Transparency and security guaranteed.","breadcrumb":{"@id":"https:\/\/www.unipatis.fr\/en\/privacy-policy\/#breadcrumb"},"inLanguage":"en-US","potentialAction":[{"@type":"ReadAction","target":["https:\/\/www.unipatis.fr\/en\/privacy-policy\/"]}]},{"@type":"BreadcrumbList","@id":"https:\/\/www.unipatis.fr\/en\/privacy-policy\/#breadcrumb","itemListElement":[{"@type":"ListItem","position":1,"name":"Accueil","item":"https:\/\/www.unipatis.fr\/en\/home-3\/"},{"@type":"ListItem","position":2,"name":"Privacy policy"}]},{"@type":"WebSite","@id":"https:\/\/www.unipatis.fr\/en\/#website","url":"https:\/\/www.unipatis.fr\/en\/","name":"Unipatis","description":"Unipatis Maison est une entreprise familiale sp\u00e9cialis\u00e9e dans la fabrication d&#039;ingr\u00e9dients p\u00e2tissiers et chocolatiers depuis quatre g\u00e9n\u00e9rations.","publisher":{"@id":"https:\/\/www.unipatis.fr\/en\/#organization"},"potentialAction":[{"@type":"SearchAction","target":{"@type":"EntryPoint","urlTemplate":"https:\/\/www.unipatis.fr\/en\/?s={search_term_string}"},"query-input":{"@type":"PropertyValueSpecification","valueRequired":true,"valueName":"search_term_string"}}],"inLanguage":"en-US"},{"@type":"Organization","@id":"https:\/\/www.unipatis.fr\/en\/#organization","name":"Unipatis","url":"https:\/\/www.unipatis.fr\/en\/","logo":{"@type":"ImageObject","inLanguage":"en-US","@id":"https:\/\/www.unipatis.fr\/en\/#\/schema\/logo\/image\/","url":"https:\/\/www.unipatis.fr\/wp-content\/uploads\/2021\/10\/UNIPATIS_logo_flag_2021-1.svg","contentUrl":"https:\/\/www.unipatis.fr\/wp-content\/uploads\/2021\/10\/UNIPATIS_logo_flag_2021-1.svg","width":150,"height":184,"caption":"Unipatis"},"image":{"@id":"https:\/\/www.unipatis.fr\/en\/#\/schema\/logo\/image\/"},"sameAs":["https:\/\/www.facebook.com\/unipatis","https:\/\/www.instagram.com\/unipatis","https:\/\/www.youtube.com\/@Unipatis"]}]}},"_links":{"self":[{"href":"https:\/\/www.unipatis.fr\/en\/wp-json\/wp\/v2\/pages\/17030","targetHints":{"allow":["GET"]}}],"collection":[{"href":"https:\/\/www.unipatis.fr\/en\/wp-json\/wp\/v2\/pages"}],"about":[{"href":"https:\/\/www.unipatis.fr\/en\/wp-json\/wp\/v2\/types\/page"}],"author":[{"embeddable":true,"href":"https:\/\/www.unipatis.fr\/en\/wp-json\/wp\/v2\/users\/1"}],"replies":[{"embeddable":true,"href":"https:\/\/www.unipatis.fr\/en\/wp-json\/wp\/v2\/comments?post=17030"}],"version-history":[{"count":2,"href":"https:\/\/www.unipatis.fr\/en\/wp-json\/wp\/v2\/pages\/17030\/revisions"}],"predecessor-version":[{"id":30368,"href":"https:\/\/www.unipatis.fr\/en\/wp-json\/wp\/v2\/pages\/17030\/revisions\/30368"}],"wp:attachment":[{"href":"https:\/\/www.unipatis.fr\/en\/wp-json\/wp\/v2\/media?parent=17030"}],"curies":[{"name":"wp","href":"https:\/\/api.w.org\/{rel}","templated":true}]}}