{"id":8795,"date":"2022-02-11T12:10:28","date_gmt":"2022-02-11T11:10:28","guid":{"rendered":"https:\/\/www.unipatis.fr\/produit\/chocolate-brown-velvet-spray\/"},"modified":"2026-04-09T10:25:09","modified_gmt":"2026-04-09T08:25:09","slug":"brown-pearly-velvet-for-spray-gun","status":"publish","type":"product","link":"https:\/\/www.unipatis.fr\/en\/produit\/brown-pearly-velvet-for-spray-gun\/","title":{"rendered":"Chocolate Brown Velvet"},"content":{"rendered":"<p>Brown Pearly Velvet for Spray Gun<\/p>\n","protected":false},"excerpt":{"rendered":"<p>Finishing product giving a velvety cocoa powder pearl effect for entremets, Yule logs and ice creams.<\/p>\n<p>Based on dark chocolate with cocoa butter, with a touch of beeswax (confectioner&#8217;s coating agent) to improve the velvet&#8217;s pearly texture and increase the melting point to better protect the finish of your entremets (demarcation, handling marks). Naturally colored with plants (fruit &amp; vegetables) to give your creations a boost.<\/p>\n","protected":false},"featured_media":21273,"comment_status":"closed","ping_status":"closed","template":"","meta":{"_acf_changed":false,"inline_featured_image":false},"product_brand":[],"product_cat":[170],"product_tag":[],"class_list":{"0":"post-8795","1":"product","2":"type-product","3":"status-publish","4":"has-post-thumbnail","6":"product_cat-velvet-finish","7":"sales-flash-overlay","8":"woocommerce-text-align-center","9":"woocommerce-image-align-center","10":"do-quantity-buttons","12":"first","13":"instock","14":"product-type-simple"},"acf":[],"yoast_head":"<!-- This site is optimized with the Yoast SEO plugin v27.2 - https:\/\/yoast.com\/product\/yoast-seo-wordpress\/ -->\n<title>Chocolate Brown Velvet - Unipatis<\/title>\n<meta name=\"description\" content=\"Baptism blue velvet spray with cocoa butter. Elegant pearl effect, naturally colored. Melting point 40\u00b0C. For festive desserts. 1kg\/5kg pails.\" \/>\n<meta name=\"robots\" content=\"index, follow, max-snippet:-1, max-image-preview:large, max-video-preview:-1\" \/>\n<link rel=\"canonical\" href=\"https:\/\/www.unipatis.fr\/en\/produit\/brown-pearly-velvet-for-spray-gun\/\" \/>\n<meta property=\"og:locale\" content=\"en_US\" \/>\n<meta property=\"og:type\" content=\"article\" \/>\n<meta property=\"og:title\" content=\"Chocolate Brown Velvet - Unipatis\" \/>\n<meta property=\"og:description\" content=\"Baptism blue velvet spray with cocoa butter. Elegant pearl effect, naturally colored. Melting point 40\u00b0C. For festive desserts. 1kg\/5kg pails.\" \/>\n<meta property=\"og:url\" content=\"https:\/\/www.unipatis.fr\/en\/produit\/brown-pearly-velvet-for-spray-gun\/\" \/>\n<meta property=\"og:site_name\" content=\"Unipatis\" \/>\n<meta property=\"article:publisher\" content=\"https:\/\/www.facebook.com\/unipatis\" \/>\n<meta property=\"article:modified_time\" content=\"2026-04-09T08:25:09+00:00\" \/>\n<meta property=\"og:image\" content=\"https:\/\/www.unipatis.fr\/wp-content\/uploads\/2022\/02\/seau_velours_brun_chocolatSEP2024.png\" \/>\n\t<meta property=\"og:image:width\" content=\"1261\" \/>\n\t<meta property=\"og:image:height\" content=\"1179\" \/>\n\t<meta property=\"og:image:type\" content=\"image\/png\" \/>\n<meta name=\"twitter:card\" content=\"summary_large_image\" \/>\n<meta name=\"twitter:label1\" content=\"Est. reading time\" \/>\n\t<meta name=\"twitter:data1\" content=\"1 minute\" \/>\n<script type=\"application\/ld+json\" class=\"yoast-schema-graph\">{\"@context\":\"https:\/\/schema.org\",\"@graph\":[{\"@type\":\"WebPage\",\"@id\":\"https:\/\/www.unipatis.fr\/en\/produit\/brown-pearly-velvet-for-spray-gun\/\",\"url\":\"https:\/\/www.unipatis.fr\/en\/produit\/brown-pearly-velvet-for-spray-gun\/\",\"name\":\"Chocolate Brown Velvet - Unipatis\",\"isPartOf\":{\"@id\":\"https:\/\/www.unipatis.fr\/en\/#website\"},\"primaryImageOfPage\":{\"@id\":\"https:\/\/www.unipatis.fr\/en\/produit\/brown-pearly-velvet-for-spray-gun\/#primaryimage\"},\"image\":{\"@id\":\"https:\/\/www.unipatis.fr\/en\/produit\/brown-pearly-velvet-for-spray-gun\/#primaryimage\"},\"thumbnailUrl\":\"https:\/\/www.unipatis.fr\/wp-content\/uploads\/2022\/02\/seau_velours_brun_chocolatSEP2024.png\",\"datePublished\":\"2022-02-11T11:10:28+00:00\",\"dateModified\":\"2026-04-09T08:25:09+00:00\",\"description\":\"Baptism blue velvet spray with cocoa butter. Elegant pearl effect, naturally colored. Melting point 40\u00b0C. For festive desserts. 1kg\/5kg pails.\",\"breadcrumb\":{\"@id\":\"https:\/\/www.unipatis.fr\/en\/produit\/brown-pearly-velvet-for-spray-gun\/#breadcrumb\"},\"inLanguage\":\"en-US\",\"potentialAction\":[{\"@type\":\"ReadAction\",\"target\":[\"https:\/\/www.unipatis.fr\/en\/produit\/brown-pearly-velvet-for-spray-gun\/\"]}]},{\"@type\":\"ImageObject\",\"inLanguage\":\"en-US\",\"@id\":\"https:\/\/www.unipatis.fr\/en\/produit\/brown-pearly-velvet-for-spray-gun\/#primaryimage\",\"url\":\"https:\/\/www.unipatis.fr\/wp-content\/uploads\/2022\/02\/seau_velours_brun_chocolatSEP2024.png\",\"contentUrl\":\"https:\/\/www.unipatis.fr\/wp-content\/uploads\/2022\/02\/seau_velours_brun_chocolatSEP2024.png\",\"width\":1261,\"height\":1179,\"caption\":\"velours_brun_chocolat unipatis\"},{\"@type\":\"BreadcrumbList\",\"@id\":\"https:\/\/www.unipatis.fr\/en\/produit\/brown-pearly-velvet-for-spray-gun\/#breadcrumb\",\"itemListElement\":[{\"@type\":\"ListItem\",\"position\":1,\"name\":\"Accueil\",\"item\":\"https:\/\/www.unipatis.fr\/en\/home-3\/\"},{\"@type\":\"ListItem\",\"position\":2,\"name\":\"Store\",\"item\":\"https:\/\/www.unipatis.fr\/en\/shop\/\"},{\"@type\":\"ListItem\",\"position\":3,\"name\":\"Chocolate Brown Velvet\"}]},{\"@type\":\"WebSite\",\"@id\":\"https:\/\/www.unipatis.fr\/en\/#website\",\"url\":\"https:\/\/www.unipatis.fr\/en\/\",\"name\":\"Unipatis\",\"description\":\"Unipatis Maison est une entreprise familiale sp\u00e9cialis\u00e9e dans la fabrication d&#039;ingr\u00e9dients p\u00e2tissiers et chocolatiers depuis quatre g\u00e9n\u00e9rations.\",\"publisher\":{\"@id\":\"https:\/\/www.unipatis.fr\/en\/#organization\"},\"potentialAction\":[{\"@type\":\"SearchAction\",\"target\":{\"@type\":\"EntryPoint\",\"urlTemplate\":\"https:\/\/www.unipatis.fr\/en\/?s={search_term_string}\"},\"query-input\":{\"@type\":\"PropertyValueSpecification\",\"valueRequired\":true,\"valueName\":\"search_term_string\"}}],\"inLanguage\":\"en-US\"},{\"@type\":\"Organization\",\"@id\":\"https:\/\/www.unipatis.fr\/en\/#organization\",\"name\":\"Unipatis\",\"url\":\"https:\/\/www.unipatis.fr\/en\/\",\"logo\":{\"@type\":\"ImageObject\",\"inLanguage\":\"en-US\",\"@id\":\"https:\/\/www.unipatis.fr\/en\/#\/schema\/logo\/image\/\",\"url\":\"https:\/\/www.unipatis.fr\/wp-content\/uploads\/2021\/10\/UNIPATIS_logo_flag_2021-1.svg\",\"contentUrl\":\"https:\/\/www.unipatis.fr\/wp-content\/uploads\/2021\/10\/UNIPATIS_logo_flag_2021-1.svg\",\"width\":150,\"height\":184,\"caption\":\"Unipatis\"},\"image\":{\"@id\":\"https:\/\/www.unipatis.fr\/en\/#\/schema\/logo\/image\/\"},\"sameAs\":[\"https:\/\/www.facebook.com\/unipatis\",\"https:\/\/www.instagram.com\/unipatis\",\"https:\/\/www.youtube.com\/@Unipatis\"]}]}<\/script>\n<!-- \/ Yoast SEO plugin. -->","yoast_head_json":{"title":"Chocolate Brown Velvet - Unipatis","description":"Baptism blue velvet spray with cocoa butter. Elegant pearl effect, naturally colored. Melting point 40\u00b0C. For festive desserts. 1kg\/5kg pails.","robots":{"index":"index","follow":"follow","max-snippet":"max-snippet:-1","max-image-preview":"max-image-preview:large","max-video-preview":"max-video-preview:-1"},"canonical":"https:\/\/www.unipatis.fr\/en\/produit\/brown-pearly-velvet-for-spray-gun\/","og_locale":"en_US","og_type":"article","og_title":"Chocolate Brown Velvet - Unipatis","og_description":"Baptism blue velvet spray with cocoa butter. Elegant pearl effect, naturally colored. Melting point 40\u00b0C. For festive desserts. 1kg\/5kg pails.","og_url":"https:\/\/www.unipatis.fr\/en\/produit\/brown-pearly-velvet-for-spray-gun\/","og_site_name":"Unipatis","article_publisher":"https:\/\/www.facebook.com\/unipatis","article_modified_time":"2026-04-09T08:25:09+00:00","og_image":[{"width":1261,"height":1179,"url":"https:\/\/www.unipatis.fr\/wp-content\/uploads\/2022\/02\/seau_velours_brun_chocolatSEP2024.png","type":"image\/png"}],"twitter_card":"summary_large_image","twitter_misc":{"Est. reading time":"1 minute"},"schema":{"@context":"https:\/\/schema.org","@graph":[{"@type":"WebPage","@id":"https:\/\/www.unipatis.fr\/en\/produit\/brown-pearly-velvet-for-spray-gun\/","url":"https:\/\/www.unipatis.fr\/en\/produit\/brown-pearly-velvet-for-spray-gun\/","name":"Chocolate Brown Velvet - Unipatis","isPartOf":{"@id":"https:\/\/www.unipatis.fr\/en\/#website"},"primaryImageOfPage":{"@id":"https:\/\/www.unipatis.fr\/en\/produit\/brown-pearly-velvet-for-spray-gun\/#primaryimage"},"image":{"@id":"https:\/\/www.unipatis.fr\/en\/produit\/brown-pearly-velvet-for-spray-gun\/#primaryimage"},"thumbnailUrl":"https:\/\/www.unipatis.fr\/wp-content\/uploads\/2022\/02\/seau_velours_brun_chocolatSEP2024.png","datePublished":"2022-02-11T11:10:28+00:00","dateModified":"2026-04-09T08:25:09+00:00","description":"Baptism blue velvet spray with cocoa butter. Elegant pearl effect, naturally colored. Melting point 40\u00b0C. For festive desserts. 1kg\/5kg pails.","breadcrumb":{"@id":"https:\/\/www.unipatis.fr\/en\/produit\/brown-pearly-velvet-for-spray-gun\/#breadcrumb"},"inLanguage":"en-US","potentialAction":[{"@type":"ReadAction","target":["https:\/\/www.unipatis.fr\/en\/produit\/brown-pearly-velvet-for-spray-gun\/"]}]},{"@type":"ImageObject","inLanguage":"en-US","@id":"https:\/\/www.unipatis.fr\/en\/produit\/brown-pearly-velvet-for-spray-gun\/#primaryimage","url":"https:\/\/www.unipatis.fr\/wp-content\/uploads\/2022\/02\/seau_velours_brun_chocolatSEP2024.png","contentUrl":"https:\/\/www.unipatis.fr\/wp-content\/uploads\/2022\/02\/seau_velours_brun_chocolatSEP2024.png","width":1261,"height":1179,"caption":"velours_brun_chocolat unipatis"},{"@type":"BreadcrumbList","@id":"https:\/\/www.unipatis.fr\/en\/produit\/brown-pearly-velvet-for-spray-gun\/#breadcrumb","itemListElement":[{"@type":"ListItem","position":1,"name":"Accueil","item":"https:\/\/www.unipatis.fr\/en\/home-3\/"},{"@type":"ListItem","position":2,"name":"Store","item":"https:\/\/www.unipatis.fr\/en\/shop\/"},{"@type":"ListItem","position":3,"name":"Chocolate Brown Velvet"}]},{"@type":"WebSite","@id":"https:\/\/www.unipatis.fr\/en\/#website","url":"https:\/\/www.unipatis.fr\/en\/","name":"Unipatis","description":"Unipatis Maison est une entreprise familiale sp\u00e9cialis\u00e9e dans la fabrication d&#039;ingr\u00e9dients p\u00e2tissiers et chocolatiers depuis quatre g\u00e9n\u00e9rations.","publisher":{"@id":"https:\/\/www.unipatis.fr\/en\/#organization"},"potentialAction":[{"@type":"SearchAction","target":{"@type":"EntryPoint","urlTemplate":"https:\/\/www.unipatis.fr\/en\/?s={search_term_string}"},"query-input":{"@type":"PropertyValueSpecification","valueRequired":true,"valueName":"search_term_string"}}],"inLanguage":"en-US"},{"@type":"Organization","@id":"https:\/\/www.unipatis.fr\/en\/#organization","name":"Unipatis","url":"https:\/\/www.unipatis.fr\/en\/","logo":{"@type":"ImageObject","inLanguage":"en-US","@id":"https:\/\/www.unipatis.fr\/en\/#\/schema\/logo\/image\/","url":"https:\/\/www.unipatis.fr\/wp-content\/uploads\/2021\/10\/UNIPATIS_logo_flag_2021-1.svg","contentUrl":"https:\/\/www.unipatis.fr\/wp-content\/uploads\/2021\/10\/UNIPATIS_logo_flag_2021-1.svg","width":150,"height":184,"caption":"Unipatis"},"image":{"@id":"https:\/\/www.unipatis.fr\/en\/#\/schema\/logo\/image\/"},"sameAs":["https:\/\/www.facebook.com\/unipatis","https:\/\/www.instagram.com\/unipatis","https:\/\/www.youtube.com\/@Unipatis"]}]}},"_links":{"self":[{"href":"https:\/\/www.unipatis.fr\/en\/wp-json\/wp\/v2\/product\/8795","targetHints":{"allow":["GET"]}}],"collection":[{"href":"https:\/\/www.unipatis.fr\/en\/wp-json\/wp\/v2\/product"}],"about":[{"href":"https:\/\/www.unipatis.fr\/en\/wp-json\/wp\/v2\/types\/product"}],"replies":[{"embeddable":true,"href":"https:\/\/www.unipatis.fr\/en\/wp-json\/wp\/v2\/comments?post=8795"}],"version-history":[{"count":2,"href":"https:\/\/www.unipatis.fr\/en\/wp-json\/wp\/v2\/product\/8795\/revisions"}],"predecessor-version":[{"id":26360,"href":"https:\/\/www.unipatis.fr\/en\/wp-json\/wp\/v2\/product\/8795\/revisions\/26360"}],"wp:featuredmedia":[{"embeddable":true,"href":"https:\/\/www.unipatis.fr\/en\/wp-json\/wp\/v2\/media\/21273"}],"wp:attachment":[{"href":"https:\/\/www.unipatis.fr\/en\/wp-json\/wp\/v2\/media?parent=8795"}],"wp:term":[{"taxonomy":"product_brand","embeddable":true,"href":"https:\/\/www.unipatis.fr\/en\/wp-json\/wp\/v2\/product_brand?post=8795"},{"taxonomy":"product_cat","embeddable":true,"href":"https:\/\/www.unipatis.fr\/en\/wp-json\/wp\/v2\/product_cat?post=8795"},{"taxonomy":"product_tag","embeddable":true,"href":"https:\/\/www.unipatis.fr\/en\/wp-json\/wp\/v2\/product_tag?post=8795"}],"curies":[{"name":"wp","href":"https:\/\/api.w.org\/{rel}","templated":true}]}}