{"id":8891,"date":"2022-02-11T12:11:58","date_gmt":"2022-02-11T11:11:58","guid":{"rendered":"https:\/\/www.unipatis.fr\/produit\/vanilla-mousse-entremet\/"},"modified":"2026-04-09T10:36:24","modified_gmt":"2026-04-09T08:36:24","slug":"vanilla-mousse-entremet","status":"publish","type":"product","link":"https:\/\/www.unipatis.fr\/en\/produit\/vanilla-mousse-entremet\/","title":{"rendered":"DESSERT JELLY (VEGETABLE)"},"content":{"rendered":"","protected":false},"excerpt":{"rendered":"<p>Preparation for mousses, bavarois and charlottes.<br \/>\nMade with purely plant-based gelling agents, this mix is suitable for vegetarian diets.<\/p>\n","protected":false},"featured_media":10244,"comment_status":"closed","ping_status":"closed","template":"","meta":{"_acf_changed":false,"inline_featured_image":false},"product_brand":[],"product_cat":[183,181,465,515],"product_tag":[],"class_list":{"0":"post-8891","1":"product","2":"type-product","3":"status-publish","4":"has-post-thumbnail","6":"product_cat-gelling-preparations","7":"product_cat-technical-products","8":"product_cat-gelling-agents","9":"product_cat-plant-based-foams","10":"sales-flash-overlay","11":"woocommerce-text-align-center","12":"woocommerce-image-align-center","13":"do-quantity-buttons","15":"first","16":"instock","17":"product-type-simple"},"acf":[],"yoast_head":"<!-- This site is optimized with the Yoast SEO plugin v27.2 - https:\/\/yoast.com\/product\/yoast-seo-wordpress\/ -->\n<title>DESSERT JELLY (VEGETABLE) - Unipatis<\/title>\n<meta name=\"description\" content=\"Preparation for vanilla mousse with authentic beans. Airy texture, intense flavor. Professional solution for entremets, logs and refined desserts.\" \/>\n<meta name=\"robots\" content=\"index, follow, max-snippet:-1, max-image-preview:large, max-video-preview:-1\" \/>\n<link rel=\"canonical\" href=\"https:\/\/www.unipatis.fr\/en\/produit\/vanilla-mousse-entremet\/\" \/>\n<meta property=\"og:locale\" content=\"en_US\" \/>\n<meta property=\"og:type\" content=\"article\" \/>\n<meta property=\"og:title\" content=\"DESSERT JELLY (VEGETABLE) - Unipatis\" \/>\n<meta property=\"og:description\" content=\"Preparation for vanilla mousse with authentic beans. Airy texture, intense flavor. Professional solution for entremets, logs and refined desserts.\" \/>\n<meta property=\"og:url\" content=\"https:\/\/www.unipatis.fr\/en\/produit\/vanilla-mousse-entremet\/\" \/>\n<meta property=\"og:site_name\" content=\"Unipatis\" \/>\n<meta property=\"article:publisher\" content=\"https:\/\/www.facebook.com\/unipatis\" \/>\n<meta property=\"article:modified_time\" content=\"2026-04-09T08:36:24+00:00\" \/>\n<meta property=\"og:image\" content=\"https:\/\/www.unipatis.fr\/wp-content\/uploads\/2022\/02\/CARTON-Gel-Vegetale_5kg.png\" \/>\n\t<meta property=\"og:image:width\" content=\"1000\" \/>\n\t<meta property=\"og:image:height\" content=\"1000\" \/>\n\t<meta property=\"og:image:type\" content=\"image\/png\" \/>\n<meta name=\"twitter:card\" content=\"summary_large_image\" \/>\n<script type=\"application\/ld+json\" class=\"yoast-schema-graph\">{\"@context\":\"https:\/\/schema.org\",\"@graph\":[{\"@type\":\"WebPage\",\"@id\":\"https:\/\/www.unipatis.fr\/en\/produit\/vanilla-mousse-entremet\/\",\"url\":\"https:\/\/www.unipatis.fr\/en\/produit\/vanilla-mousse-entremet\/\",\"name\":\"DESSERT JELLY (VEGETABLE) - Unipatis\",\"isPartOf\":{\"@id\":\"https:\/\/www.unipatis.fr\/en\/#website\"},\"primaryImageOfPage\":{\"@id\":\"https:\/\/www.unipatis.fr\/en\/produit\/vanilla-mousse-entremet\/#primaryimage\"},\"image\":{\"@id\":\"https:\/\/www.unipatis.fr\/en\/produit\/vanilla-mousse-entremet\/#primaryimage\"},\"thumbnailUrl\":\"https:\/\/www.unipatis.fr\/wp-content\/uploads\/2022\/02\/CARTON-Gel-Vegetale_5kg.png\",\"datePublished\":\"2022-02-11T11:11:58+00:00\",\"dateModified\":\"2026-04-09T08:36:24+00:00\",\"description\":\"Preparation for vanilla mousse with authentic beans. Airy texture, intense flavor. Professional solution for entremets, logs and refined desserts.\",\"breadcrumb\":{\"@id\":\"https:\/\/www.unipatis.fr\/en\/produit\/vanilla-mousse-entremet\/#breadcrumb\"},\"inLanguage\":\"en-US\",\"potentialAction\":[{\"@type\":\"ReadAction\",\"target\":[\"https:\/\/www.unipatis.fr\/en\/produit\/vanilla-mousse-entremet\/\"]}]},{\"@type\":\"ImageObject\",\"inLanguage\":\"en-US\",\"@id\":\"https:\/\/www.unipatis.fr\/en\/produit\/vanilla-mousse-entremet\/#primaryimage\",\"url\":\"https:\/\/www.unipatis.fr\/wp-content\/uploads\/2022\/02\/CARTON-Gel-Vegetale_5kg.png\",\"contentUrl\":\"https:\/\/www.unipatis.fr\/wp-content\/uploads\/2022\/02\/CARTON-Gel-Vegetale_5kg.png\",\"width\":1000,\"height\":1000,\"caption\":\"Gelee V\u00e9g\u00e9tale Unipatis\"},{\"@type\":\"BreadcrumbList\",\"@id\":\"https:\/\/www.unipatis.fr\/en\/produit\/vanilla-mousse-entremet\/#breadcrumb\",\"itemListElement\":[{\"@type\":\"ListItem\",\"position\":1,\"name\":\"Accueil\",\"item\":\"https:\/\/www.unipatis.fr\/en\/home-3\/\"},{\"@type\":\"ListItem\",\"position\":2,\"name\":\"Store\",\"item\":\"https:\/\/www.unipatis.fr\/en\/shop\/\"},{\"@type\":\"ListItem\",\"position\":3,\"name\":\"DESSERT JELLY (VEGETABLE)\"}]},{\"@type\":\"WebSite\",\"@id\":\"https:\/\/www.unipatis.fr\/en\/#website\",\"url\":\"https:\/\/www.unipatis.fr\/en\/\",\"name\":\"Unipatis\",\"description\":\"Unipatis Maison est une entreprise familiale sp\u00e9cialis\u00e9e dans la fabrication d&#039;ingr\u00e9dients p\u00e2tissiers et chocolatiers depuis quatre g\u00e9n\u00e9rations.\",\"publisher\":{\"@id\":\"https:\/\/www.unipatis.fr\/en\/#organization\"},\"potentialAction\":[{\"@type\":\"SearchAction\",\"target\":{\"@type\":\"EntryPoint\",\"urlTemplate\":\"https:\/\/www.unipatis.fr\/en\/?s={search_term_string}\"},\"query-input\":{\"@type\":\"PropertyValueSpecification\",\"valueRequired\":true,\"valueName\":\"search_term_string\"}}],\"inLanguage\":\"en-US\"},{\"@type\":\"Organization\",\"@id\":\"https:\/\/www.unipatis.fr\/en\/#organization\",\"name\":\"Unipatis\",\"url\":\"https:\/\/www.unipatis.fr\/en\/\",\"logo\":{\"@type\":\"ImageObject\",\"inLanguage\":\"en-US\",\"@id\":\"https:\/\/www.unipatis.fr\/en\/#\/schema\/logo\/image\/\",\"url\":\"https:\/\/www.unipatis.fr\/wp-content\/uploads\/2021\/10\/UNIPATIS_logo_flag_2021-1.svg\",\"contentUrl\":\"https:\/\/www.unipatis.fr\/wp-content\/uploads\/2021\/10\/UNIPATIS_logo_flag_2021-1.svg\",\"width\":150,\"height\":184,\"caption\":\"Unipatis\"},\"image\":{\"@id\":\"https:\/\/www.unipatis.fr\/en\/#\/schema\/logo\/image\/\"},\"sameAs\":[\"https:\/\/www.facebook.com\/unipatis\",\"https:\/\/www.instagram.com\/unipatis\",\"https:\/\/www.youtube.com\/@Unipatis\"]}]}<\/script>\n<!-- \/ Yoast SEO plugin. -->","yoast_head_json":{"title":"DESSERT JELLY (VEGETABLE) - Unipatis","description":"Preparation for vanilla mousse with authentic beans. Airy texture, intense flavor. Professional solution for entremets, logs and refined desserts.","robots":{"index":"index","follow":"follow","max-snippet":"max-snippet:-1","max-image-preview":"max-image-preview:large","max-video-preview":"max-video-preview:-1"},"canonical":"https:\/\/www.unipatis.fr\/en\/produit\/vanilla-mousse-entremet\/","og_locale":"en_US","og_type":"article","og_title":"DESSERT JELLY (VEGETABLE) - Unipatis","og_description":"Preparation for vanilla mousse with authentic beans. Airy texture, intense flavor. Professional solution for entremets, logs and refined desserts.","og_url":"https:\/\/www.unipatis.fr\/en\/produit\/vanilla-mousse-entremet\/","og_site_name":"Unipatis","article_publisher":"https:\/\/www.facebook.com\/unipatis","article_modified_time":"2026-04-09T08:36:24+00:00","og_image":[{"width":1000,"height":1000,"url":"https:\/\/www.unipatis.fr\/wp-content\/uploads\/2022\/02\/CARTON-Gel-Vegetale_5kg.png","type":"image\/png"}],"twitter_card":"summary_large_image","schema":{"@context":"https:\/\/schema.org","@graph":[{"@type":"WebPage","@id":"https:\/\/www.unipatis.fr\/en\/produit\/vanilla-mousse-entremet\/","url":"https:\/\/www.unipatis.fr\/en\/produit\/vanilla-mousse-entremet\/","name":"DESSERT JELLY (VEGETABLE) - Unipatis","isPartOf":{"@id":"https:\/\/www.unipatis.fr\/en\/#website"},"primaryImageOfPage":{"@id":"https:\/\/www.unipatis.fr\/en\/produit\/vanilla-mousse-entremet\/#primaryimage"},"image":{"@id":"https:\/\/www.unipatis.fr\/en\/produit\/vanilla-mousse-entremet\/#primaryimage"},"thumbnailUrl":"https:\/\/www.unipatis.fr\/wp-content\/uploads\/2022\/02\/CARTON-Gel-Vegetale_5kg.png","datePublished":"2022-02-11T11:11:58+00:00","dateModified":"2026-04-09T08:36:24+00:00","description":"Preparation for vanilla mousse with authentic beans. Airy texture, intense flavor. Professional solution for entremets, logs and refined desserts.","breadcrumb":{"@id":"https:\/\/www.unipatis.fr\/en\/produit\/vanilla-mousse-entremet\/#breadcrumb"},"inLanguage":"en-US","potentialAction":[{"@type":"ReadAction","target":["https:\/\/www.unipatis.fr\/en\/produit\/vanilla-mousse-entremet\/"]}]},{"@type":"ImageObject","inLanguage":"en-US","@id":"https:\/\/www.unipatis.fr\/en\/produit\/vanilla-mousse-entremet\/#primaryimage","url":"https:\/\/www.unipatis.fr\/wp-content\/uploads\/2022\/02\/CARTON-Gel-Vegetale_5kg.png","contentUrl":"https:\/\/www.unipatis.fr\/wp-content\/uploads\/2022\/02\/CARTON-Gel-Vegetale_5kg.png","width":1000,"height":1000,"caption":"Gelee V\u00e9g\u00e9tale Unipatis"},{"@type":"BreadcrumbList","@id":"https:\/\/www.unipatis.fr\/en\/produit\/vanilla-mousse-entremet\/#breadcrumb","itemListElement":[{"@type":"ListItem","position":1,"name":"Accueil","item":"https:\/\/www.unipatis.fr\/en\/home-3\/"},{"@type":"ListItem","position":2,"name":"Store","item":"https:\/\/www.unipatis.fr\/en\/shop\/"},{"@type":"ListItem","position":3,"name":"DESSERT JELLY (VEGETABLE)"}]},{"@type":"WebSite","@id":"https:\/\/www.unipatis.fr\/en\/#website","url":"https:\/\/www.unipatis.fr\/en\/","name":"Unipatis","description":"Unipatis Maison est une entreprise familiale sp\u00e9cialis\u00e9e dans la fabrication d&#039;ingr\u00e9dients p\u00e2tissiers et chocolatiers depuis quatre g\u00e9n\u00e9rations.","publisher":{"@id":"https:\/\/www.unipatis.fr\/en\/#organization"},"potentialAction":[{"@type":"SearchAction","target":{"@type":"EntryPoint","urlTemplate":"https:\/\/www.unipatis.fr\/en\/?s={search_term_string}"},"query-input":{"@type":"PropertyValueSpecification","valueRequired":true,"valueName":"search_term_string"}}],"inLanguage":"en-US"},{"@type":"Organization","@id":"https:\/\/www.unipatis.fr\/en\/#organization","name":"Unipatis","url":"https:\/\/www.unipatis.fr\/en\/","logo":{"@type":"ImageObject","inLanguage":"en-US","@id":"https:\/\/www.unipatis.fr\/en\/#\/schema\/logo\/image\/","url":"https:\/\/www.unipatis.fr\/wp-content\/uploads\/2021\/10\/UNIPATIS_logo_flag_2021-1.svg","contentUrl":"https:\/\/www.unipatis.fr\/wp-content\/uploads\/2021\/10\/UNIPATIS_logo_flag_2021-1.svg","width":150,"height":184,"caption":"Unipatis"},"image":{"@id":"https:\/\/www.unipatis.fr\/en\/#\/schema\/logo\/image\/"},"sameAs":["https:\/\/www.facebook.com\/unipatis","https:\/\/www.instagram.com\/unipatis","https:\/\/www.youtube.com\/@Unipatis"]}]}},"_links":{"self":[{"href":"https:\/\/www.unipatis.fr\/en\/wp-json\/wp\/v2\/product\/8891","targetHints":{"allow":["GET"]}}],"collection":[{"href":"https:\/\/www.unipatis.fr\/en\/wp-json\/wp\/v2\/product"}],"about":[{"href":"https:\/\/www.unipatis.fr\/en\/wp-json\/wp\/v2\/types\/product"}],"replies":[{"embeddable":true,"href":"https:\/\/www.unipatis.fr\/en\/wp-json\/wp\/v2\/comments?post=8891"}],"version-history":[{"count":2,"href":"https:\/\/www.unipatis.fr\/en\/wp-json\/wp\/v2\/product\/8891\/revisions"}],"predecessor-version":[{"id":26901,"href":"https:\/\/www.unipatis.fr\/en\/wp-json\/wp\/v2\/product\/8891\/revisions\/26901"}],"wp:featuredmedia":[{"embeddable":true,"href":"https:\/\/www.unipatis.fr\/en\/wp-json\/wp\/v2\/media\/10244"}],"wp:attachment":[{"href":"https:\/\/www.unipatis.fr\/en\/wp-json\/wp\/v2\/media?parent=8891"}],"wp:term":[{"taxonomy":"product_brand","embeddable":true,"href":"https:\/\/www.unipatis.fr\/en\/wp-json\/wp\/v2\/product_brand?post=8891"},{"taxonomy":"product_cat","embeddable":true,"href":"https:\/\/www.unipatis.fr\/en\/wp-json\/wp\/v2\/product_cat?post=8891"},{"taxonomy":"product_tag","embeddable":true,"href":"https:\/\/www.unipatis.fr\/en\/wp-json\/wp\/v2\/product_tag?post=8891"}],"curies":[{"name":"wp","href":"https:\/\/api.w.org\/{rel}","templated":true}]}}