{"id":8974,"date":"2022-02-11T12:12:43","date_gmt":"2022-02-11T11:12:43","guid":{"rendered":"https:\/\/www.unipatis.fr\/produit\/hot-orange-chocolate-sauce-2\/"},"modified":"2022-05-30T14:24:29","modified_gmt":"2022-05-30T12:24:29","slug":"hot-orange-chocolate-sauce-2","status":"publish","type":"product","link":"https:\/\/www.unipatis.fr\/en\/produit\/hot-orange-chocolate-sauce-2\/","title":{"rendered":"Hot Orange Chocolate Sauce"},"content":{"rendered":"","protected":false},"excerpt":{"rendered":"<p>Chocolate dessert sauce for ice cream, profiteroles, Belle H\u00e9l\u00e8ne pear, cr\u00e8pes, pancakes&#8230;<br \/>\nBased on dark chocolate pure cocoa butter without other vegetable fats and orange powder.<br \/>\nNo palm oil, no coloring agents, no GMOs.<\/p>\n","protected":false},"featured_media":3232,"comment_status":"closed","ping_status":"open","template":"","meta":{"_acf_changed":false,"inline_featured_image":false},"product_brand":[],"product_cat":[191],"product_tag":[],"class_list":{"0":"post-8974","1":"product","2":"type-product","3":"status-publish","4":"has-post-thumbnail","6":"product_cat-delicatessen-selection","7":"sales-flash-overlay","8":"woocommerce-text-align-center","9":"woocommerce-image-align-center","10":"do-quantity-buttons","12":"first","13":"instock","14":"product-type-simple"},"acf":[],"yoast_head":"<!-- This site is optimized with the Yoast SEO plugin v27.2 - https:\/\/yoast.com\/product\/yoast-seo-wordpress\/ -->\n<title>Hot Orange Chocolate Sauce - Unipatis<\/title>\n<meta name=\"robots\" content=\"index, follow, max-snippet:-1, max-image-preview:large, max-video-preview:-1\" \/>\n<link rel=\"canonical\" href=\"https:\/\/www.unipatis.fr\/en\/produit\/hot-orange-chocolate-sauce-2\/\" \/>\n<meta property=\"og:locale\" content=\"en_US\" \/>\n<meta property=\"og:type\" content=\"article\" \/>\n<meta property=\"og:title\" content=\"Hot Orange Chocolate Sauce - Unipatis\" \/>\n<meta property=\"og:description\" content=\"Chocolate dessert sauce for ice cream, profiteroles, Belle H\u00e9l\u00e8ne pear, cr\u00e8pes, pancakes... Based on dark chocolate pure cocoa butter without other vegetable fats and orange powder. No palm oil, no coloring agents, no GMOs.\" \/>\n<meta property=\"og:url\" content=\"https:\/\/www.unipatis.fr\/en\/produit\/hot-orange-chocolate-sauce-2\/\" \/>\n<meta property=\"og:site_name\" content=\"Unipatis\" \/>\n<meta property=\"article:publisher\" content=\"https:\/\/www.facebook.com\/unipatis\" \/>\n<meta property=\"article:modified_time\" content=\"2022-05-30T12:24:29+00:00\" \/>\n<meta property=\"og:image\" content=\"https:\/\/www.unipatis.fr\/wp-content\/uploads\/2021\/06\/boite_sauce_chocolat_orange.jpg\" \/>\n\t<meta property=\"og:image:width\" content=\"2178\" \/>\n\t<meta property=\"og:image:height\" content=\"2178\" \/>\n\t<meta property=\"og:image:type\" content=\"image\/jpeg\" \/>\n<meta name=\"twitter:card\" content=\"summary_large_image\" \/>\n<script type=\"application\/ld+json\" class=\"yoast-schema-graph\">{\"@context\":\"https:\/\/schema.org\",\"@graph\":[{\"@type\":\"WebPage\",\"@id\":\"https:\/\/www.unipatis.fr\/en\/produit\/hot-orange-chocolate-sauce-2\/\",\"url\":\"https:\/\/www.unipatis.fr\/en\/produit\/hot-orange-chocolate-sauce-2\/\",\"name\":\"Hot Orange Chocolate Sauce - Unipatis\",\"isPartOf\":{\"@id\":\"https:\/\/www.unipatis.fr\/en\/#website\"},\"primaryImageOfPage\":{\"@id\":\"https:\/\/www.unipatis.fr\/en\/produit\/hot-orange-chocolate-sauce-2\/#primaryimage\"},\"image\":{\"@id\":\"https:\/\/www.unipatis.fr\/en\/produit\/hot-orange-chocolate-sauce-2\/#primaryimage\"},\"thumbnailUrl\":\"https:\/\/www.unipatis.fr\/wp-content\/uploads\/2021\/06\/boite_sauce_chocolat_orange.jpg\",\"datePublished\":\"2022-02-11T11:12:43+00:00\",\"dateModified\":\"2022-05-30T12:24:29+00:00\",\"breadcrumb\":{\"@id\":\"https:\/\/www.unipatis.fr\/en\/produit\/hot-orange-chocolate-sauce-2\/#breadcrumb\"},\"inLanguage\":\"en-US\",\"potentialAction\":[{\"@type\":\"ReadAction\",\"target\":[\"https:\/\/www.unipatis.fr\/en\/produit\/hot-orange-chocolate-sauce-2\/\"]}]},{\"@type\":\"ImageObject\",\"inLanguage\":\"en-US\",\"@id\":\"https:\/\/www.unipatis.fr\/en\/produit\/hot-orange-chocolate-sauce-2\/#primaryimage\",\"url\":\"https:\/\/www.unipatis.fr\/wp-content\/uploads\/2021\/06\/boite_sauce_chocolat_orange.jpg\",\"contentUrl\":\"https:\/\/www.unipatis.fr\/wp-content\/uploads\/2021\/06\/boite_sauce_chocolat_orange.jpg\",\"width\":2178,\"height\":2178},{\"@type\":\"BreadcrumbList\",\"@id\":\"https:\/\/www.unipatis.fr\/en\/produit\/hot-orange-chocolate-sauce-2\/#breadcrumb\",\"itemListElement\":[{\"@type\":\"ListItem\",\"position\":1,\"name\":\"Accueil\",\"item\":\"https:\/\/www.unipatis.fr\/en\/home-3\/\"},{\"@type\":\"ListItem\",\"position\":2,\"name\":\"Store\",\"item\":\"https:\/\/www.unipatis.fr\/en\/shop\/\"},{\"@type\":\"ListItem\",\"position\":3,\"name\":\"Hot Orange Chocolate Sauce\"}]},{\"@type\":\"WebSite\",\"@id\":\"https:\/\/www.unipatis.fr\/en\/#website\",\"url\":\"https:\/\/www.unipatis.fr\/en\/\",\"name\":\"Unipatis\",\"description\":\"Unipatis Maison est une entreprise familiale sp\u00e9cialis\u00e9e dans la fabrication d&#039;ingr\u00e9dients p\u00e2tissiers et chocolatiers depuis quatre g\u00e9n\u00e9rations.\",\"publisher\":{\"@id\":\"https:\/\/www.unipatis.fr\/en\/#organization\"},\"potentialAction\":[{\"@type\":\"SearchAction\",\"target\":{\"@type\":\"EntryPoint\",\"urlTemplate\":\"https:\/\/www.unipatis.fr\/en\/?s={search_term_string}\"},\"query-input\":{\"@type\":\"PropertyValueSpecification\",\"valueRequired\":true,\"valueName\":\"search_term_string\"}}],\"inLanguage\":\"en-US\"},{\"@type\":\"Organization\",\"@id\":\"https:\/\/www.unipatis.fr\/en\/#organization\",\"name\":\"Unipatis\",\"url\":\"https:\/\/www.unipatis.fr\/en\/\",\"logo\":{\"@type\":\"ImageObject\",\"inLanguage\":\"en-US\",\"@id\":\"https:\/\/www.unipatis.fr\/en\/#\/schema\/logo\/image\/\",\"url\":\"https:\/\/www.unipatis.fr\/wp-content\/uploads\/2021\/10\/UNIPATIS_logo_flag_2021-1.svg\",\"contentUrl\":\"https:\/\/www.unipatis.fr\/wp-content\/uploads\/2021\/10\/UNIPATIS_logo_flag_2021-1.svg\",\"width\":150,\"height\":184,\"caption\":\"Unipatis\"},\"image\":{\"@id\":\"https:\/\/www.unipatis.fr\/en\/#\/schema\/logo\/image\/\"},\"sameAs\":[\"https:\/\/www.facebook.com\/unipatis\",\"https:\/\/www.instagram.com\/unipatis\",\"https:\/\/www.youtube.com\/@Unipatis\"]}]}<\/script>\n<!-- \/ Yoast SEO plugin. -->","yoast_head_json":{"title":"Hot Orange Chocolate Sauce - Unipatis","robots":{"index":"index","follow":"follow","max-snippet":"max-snippet:-1","max-image-preview":"max-image-preview:large","max-video-preview":"max-video-preview:-1"},"canonical":"https:\/\/www.unipatis.fr\/en\/produit\/hot-orange-chocolate-sauce-2\/","og_locale":"en_US","og_type":"article","og_title":"Hot Orange Chocolate Sauce - Unipatis","og_description":"Chocolate dessert sauce for ice cream, profiteroles, Belle H\u00e9l\u00e8ne pear, cr\u00e8pes, pancakes... Based on dark chocolate pure cocoa butter without other vegetable fats and orange powder. No palm oil, no coloring agents, no GMOs.","og_url":"https:\/\/www.unipatis.fr\/en\/produit\/hot-orange-chocolate-sauce-2\/","og_site_name":"Unipatis","article_publisher":"https:\/\/www.facebook.com\/unipatis","article_modified_time":"2022-05-30T12:24:29+00:00","og_image":[{"width":2178,"height":2178,"url":"https:\/\/www.unipatis.fr\/wp-content\/uploads\/2021\/06\/boite_sauce_chocolat_orange.jpg","type":"image\/jpeg"}],"twitter_card":"summary_large_image","schema":{"@context":"https:\/\/schema.org","@graph":[{"@type":"WebPage","@id":"https:\/\/www.unipatis.fr\/en\/produit\/hot-orange-chocolate-sauce-2\/","url":"https:\/\/www.unipatis.fr\/en\/produit\/hot-orange-chocolate-sauce-2\/","name":"Hot Orange Chocolate Sauce - Unipatis","isPartOf":{"@id":"https:\/\/www.unipatis.fr\/en\/#website"},"primaryImageOfPage":{"@id":"https:\/\/www.unipatis.fr\/en\/produit\/hot-orange-chocolate-sauce-2\/#primaryimage"},"image":{"@id":"https:\/\/www.unipatis.fr\/en\/produit\/hot-orange-chocolate-sauce-2\/#primaryimage"},"thumbnailUrl":"https:\/\/www.unipatis.fr\/wp-content\/uploads\/2021\/06\/boite_sauce_chocolat_orange.jpg","datePublished":"2022-02-11T11:12:43+00:00","dateModified":"2022-05-30T12:24:29+00:00","breadcrumb":{"@id":"https:\/\/www.unipatis.fr\/en\/produit\/hot-orange-chocolate-sauce-2\/#breadcrumb"},"inLanguage":"en-US","potentialAction":[{"@type":"ReadAction","target":["https:\/\/www.unipatis.fr\/en\/produit\/hot-orange-chocolate-sauce-2\/"]}]},{"@type":"ImageObject","inLanguage":"en-US","@id":"https:\/\/www.unipatis.fr\/en\/produit\/hot-orange-chocolate-sauce-2\/#primaryimage","url":"https:\/\/www.unipatis.fr\/wp-content\/uploads\/2021\/06\/boite_sauce_chocolat_orange.jpg","contentUrl":"https:\/\/www.unipatis.fr\/wp-content\/uploads\/2021\/06\/boite_sauce_chocolat_orange.jpg","width":2178,"height":2178},{"@type":"BreadcrumbList","@id":"https:\/\/www.unipatis.fr\/en\/produit\/hot-orange-chocolate-sauce-2\/#breadcrumb","itemListElement":[{"@type":"ListItem","position":1,"name":"Accueil","item":"https:\/\/www.unipatis.fr\/en\/home-3\/"},{"@type":"ListItem","position":2,"name":"Store","item":"https:\/\/www.unipatis.fr\/en\/shop\/"},{"@type":"ListItem","position":3,"name":"Hot Orange Chocolate Sauce"}]},{"@type":"WebSite","@id":"https:\/\/www.unipatis.fr\/en\/#website","url":"https:\/\/www.unipatis.fr\/en\/","name":"Unipatis","description":"Unipatis Maison est une entreprise familiale sp\u00e9cialis\u00e9e dans la fabrication d&#039;ingr\u00e9dients p\u00e2tissiers et chocolatiers depuis quatre g\u00e9n\u00e9rations.","publisher":{"@id":"https:\/\/www.unipatis.fr\/en\/#organization"},"potentialAction":[{"@type":"SearchAction","target":{"@type":"EntryPoint","urlTemplate":"https:\/\/www.unipatis.fr\/en\/?s={search_term_string}"},"query-input":{"@type":"PropertyValueSpecification","valueRequired":true,"valueName":"search_term_string"}}],"inLanguage":"en-US"},{"@type":"Organization","@id":"https:\/\/www.unipatis.fr\/en\/#organization","name":"Unipatis","url":"https:\/\/www.unipatis.fr\/en\/","logo":{"@type":"ImageObject","inLanguage":"en-US","@id":"https:\/\/www.unipatis.fr\/en\/#\/schema\/logo\/image\/","url":"https:\/\/www.unipatis.fr\/wp-content\/uploads\/2021\/10\/UNIPATIS_logo_flag_2021-1.svg","contentUrl":"https:\/\/www.unipatis.fr\/wp-content\/uploads\/2021\/10\/UNIPATIS_logo_flag_2021-1.svg","width":150,"height":184,"caption":"Unipatis"},"image":{"@id":"https:\/\/www.unipatis.fr\/en\/#\/schema\/logo\/image\/"},"sameAs":["https:\/\/www.facebook.com\/unipatis","https:\/\/www.instagram.com\/unipatis","https:\/\/www.youtube.com\/@Unipatis"]}]}},"_links":{"self":[{"href":"https:\/\/www.unipatis.fr\/en\/wp-json\/wp\/v2\/product\/8974","targetHints":{"allow":["GET"]}}],"collection":[{"href":"https:\/\/www.unipatis.fr\/en\/wp-json\/wp\/v2\/product"}],"about":[{"href":"https:\/\/www.unipatis.fr\/en\/wp-json\/wp\/v2\/types\/product"}],"replies":[{"embeddable":true,"href":"https:\/\/www.unipatis.fr\/en\/wp-json\/wp\/v2\/comments?post=8974"}],"version-history":[{"count":1,"href":"https:\/\/www.unipatis.fr\/en\/wp-json\/wp\/v2\/product\/8974\/revisions"}],"predecessor-version":[{"id":8975,"href":"https:\/\/www.unipatis.fr\/en\/wp-json\/wp\/v2\/product\/8974\/revisions\/8975"}],"wp:featuredmedia":[{"embeddable":true,"href":"https:\/\/www.unipatis.fr\/en\/wp-json\/wp\/v2\/media\/3232"}],"wp:attachment":[{"href":"https:\/\/www.unipatis.fr\/en\/wp-json\/wp\/v2\/media?parent=8974"}],"wp:term":[{"taxonomy":"product_brand","embeddable":true,"href":"https:\/\/www.unipatis.fr\/en\/wp-json\/wp\/v2\/product_brand?post=8974"},{"taxonomy":"product_cat","embeddable":true,"href":"https:\/\/www.unipatis.fr\/en\/wp-json\/wp\/v2\/product_cat?post=8974"},{"taxonomy":"product_tag","embeddable":true,"href":"https:\/\/www.unipatis.fr\/en\/wp-json\/wp\/v2\/product_tag?post=8974"}],"curies":[{"name":"wp","href":"https:\/\/api.w.org\/{rel}","templated":true}]}}