{"id":9317,"date":"2022-10-11T15:44:25","date_gmt":"2022-10-11T13:44:25","guid":{"rendered":"https:\/\/www.unipatis.fr\/?post_type=product&#038;p=9317"},"modified":"2023-02-01T15:19:00","modified_gmt":"2023-02-01T14:19:00","slug":"white-chocolate-and-brownies-crunchy-coating","status":"publish","type":"product","link":"https:\/\/www.unipatis.fr\/en\/produit\/white-chocolate-and-brownies-crunchy-coating\/","title":{"rendered":"White chocolate and brownies crunchy coating"},"content":{"rendered":"<p>White chocolate and brownies crunchy coating<\/p>\n","protected":false},"excerpt":{"rendered":"<p>Unip\u00e2tis supports the BORNEO ORANGUTAN SURVIVAL UK association with this palm oil free icing.<br \/>\nWhite chocolate and brownies crunchy coating<\/p>\n","protected":false},"featured_media":9323,"comment_status":"closed","ping_status":"closed","template":"","meta":{"_acf_changed":false,"inline_featured_image":false},"product_brand":[],"product_cat":[178],"product_tag":[],"class_list":{"0":"post-9317","1":"product","2":"type-product","3":"status-publish","4":"has-post-thumbnail","6":"product_cat-chocolate-glazes","7":"sales-flash-overlay","8":"woocommerce-text-align-center","9":"woocommerce-image-align-center","10":"do-quantity-buttons","11":"wc-has-gallery","13":"first","14":"instock","15":"product-type-simple"},"acf":[],"yoast_head":"<!-- This site is optimized with the Yoast SEO plugin v27.2 - https:\/\/yoast.com\/product\/yoast-seo-wordpress\/ -->\n<title>White chocolate and brownies crunchy coating - Unipatis<\/title>\n<meta name=\"description\" content=\"White chocolate and brownies crunchy coating - Unipatis\" \/>\n<meta name=\"robots\" content=\"index, follow, max-snippet:-1, max-image-preview:large, max-video-preview:-1\" \/>\n<link rel=\"canonical\" href=\"https:\/\/www.unipatis.fr\/en\/produit\/white-chocolate-and-brownies-crunchy-coating\/\" \/>\n<meta property=\"og:locale\" content=\"en_US\" \/>\n<meta property=\"og:type\" content=\"article\" \/>\n<meta property=\"og:title\" content=\"White chocolate and brownies crunchy coating - Unipatis\" \/>\n<meta property=\"og:description\" content=\"White chocolate and brownies crunchy coating - Unipatis\" \/>\n<meta property=\"og:url\" content=\"https:\/\/www.unipatis.fr\/en\/produit\/white-chocolate-and-brownies-crunchy-coating\/\" \/>\n<meta property=\"og:site_name\" content=\"Unipatis\" \/>\n<meta property=\"article:publisher\" content=\"https:\/\/www.facebook.com\/unipatis\" \/>\n<meta property=\"article:modified_time\" content=\"2023-02-01T14:19:00+00:00\" \/>\n<meta property=\"og:image\" content=\"https:\/\/www.unipatis.fr\/wp-content\/uploads\/2022\/10\/MOCKUP_SEAU_UNIPATIS_SITE.jpg\" \/>\n\t<meta property=\"og:image:width\" content=\"1280\" \/>\n\t<meta property=\"og:image:height\" content=\"1280\" \/>\n\t<meta property=\"og:image:type\" content=\"image\/jpeg\" \/>\n<meta name=\"twitter:card\" content=\"summary_large_image\" \/>\n<meta name=\"twitter:label1\" content=\"Est. reading time\" \/>\n\t<meta name=\"twitter:data1\" content=\"1 minute\" \/>\n<script type=\"application\/ld+json\" class=\"yoast-schema-graph\">{\"@context\":\"https:\/\/schema.org\",\"@graph\":[{\"@type\":\"WebPage\",\"@id\":\"https:\/\/www.unipatis.fr\/en\/produit\/white-chocolate-and-brownies-crunchy-coating\/\",\"url\":\"https:\/\/www.unipatis.fr\/en\/produit\/white-chocolate-and-brownies-crunchy-coating\/\",\"name\":\"White chocolate and brownies crunchy coating - Unipatis\",\"isPartOf\":{\"@id\":\"https:\/\/www.unipatis.fr\/en\/#website\"},\"primaryImageOfPage\":{\"@id\":\"https:\/\/www.unipatis.fr\/en\/produit\/white-chocolate-and-brownies-crunchy-coating\/#primaryimage\"},\"image\":{\"@id\":\"https:\/\/www.unipatis.fr\/en\/produit\/white-chocolate-and-brownies-crunchy-coating\/#primaryimage\"},\"thumbnailUrl\":\"https:\/\/www.unipatis.fr\/wp-content\/uploads\/2022\/10\/MOCKUP_SEAU_UNIPATIS_SITE.jpg\",\"datePublished\":\"2022-10-11T13:44:25+00:00\",\"dateModified\":\"2023-02-01T14:19:00+00:00\",\"description\":\"White chocolate and brownies crunchy coating - Unipatis\",\"breadcrumb\":{\"@id\":\"https:\/\/www.unipatis.fr\/en\/produit\/white-chocolate-and-brownies-crunchy-coating\/#breadcrumb\"},\"inLanguage\":\"en-US\",\"potentialAction\":[{\"@type\":\"ReadAction\",\"target\":[\"https:\/\/www.unipatis.fr\/en\/produit\/white-chocolate-and-brownies-crunchy-coating\/\"]}]},{\"@type\":\"ImageObject\",\"inLanguage\":\"en-US\",\"@id\":\"https:\/\/www.unipatis.fr\/en\/produit\/white-chocolate-and-brownies-crunchy-coating\/#primaryimage\",\"url\":\"https:\/\/www.unipatis.fr\/wp-content\/uploads\/2022\/10\/MOCKUP_SEAU_UNIPATIS_SITE.jpg\",\"contentUrl\":\"https:\/\/www.unipatis.fr\/wp-content\/uploads\/2022\/10\/MOCKUP_SEAU_UNIPATIS_SITE.jpg\",\"width\":1280,\"height\":1280},{\"@type\":\"BreadcrumbList\",\"@id\":\"https:\/\/www.unipatis.fr\/en\/produit\/white-chocolate-and-brownies-crunchy-coating\/#breadcrumb\",\"itemListElement\":[{\"@type\":\"ListItem\",\"position\":1,\"name\":\"Accueil\",\"item\":\"https:\/\/www.unipatis.fr\/en\/home-3\/\"},{\"@type\":\"ListItem\",\"position\":2,\"name\":\"Store\",\"item\":\"https:\/\/www.unipatis.fr\/en\/shop\/\"},{\"@type\":\"ListItem\",\"position\":3,\"name\":\"White chocolate and brownies crunchy coating\"}]},{\"@type\":\"WebSite\",\"@id\":\"https:\/\/www.unipatis.fr\/en\/#website\",\"url\":\"https:\/\/www.unipatis.fr\/en\/\",\"name\":\"Unipatis\",\"description\":\"Unipatis Maison est une entreprise familiale sp\u00e9cialis\u00e9e dans la fabrication d&#039;ingr\u00e9dients p\u00e2tissiers et chocolatiers depuis quatre g\u00e9n\u00e9rations.\",\"publisher\":{\"@id\":\"https:\/\/www.unipatis.fr\/en\/#organization\"},\"potentialAction\":[{\"@type\":\"SearchAction\",\"target\":{\"@type\":\"EntryPoint\",\"urlTemplate\":\"https:\/\/www.unipatis.fr\/en\/?s={search_term_string}\"},\"query-input\":{\"@type\":\"PropertyValueSpecification\",\"valueRequired\":true,\"valueName\":\"search_term_string\"}}],\"inLanguage\":\"en-US\"},{\"@type\":\"Organization\",\"@id\":\"https:\/\/www.unipatis.fr\/en\/#organization\",\"name\":\"Unipatis\",\"url\":\"https:\/\/www.unipatis.fr\/en\/\",\"logo\":{\"@type\":\"ImageObject\",\"inLanguage\":\"en-US\",\"@id\":\"https:\/\/www.unipatis.fr\/en\/#\/schema\/logo\/image\/\",\"url\":\"https:\/\/www.unipatis.fr\/wp-content\/uploads\/2021\/10\/UNIPATIS_logo_flag_2021-1.svg\",\"contentUrl\":\"https:\/\/www.unipatis.fr\/wp-content\/uploads\/2021\/10\/UNIPATIS_logo_flag_2021-1.svg\",\"width\":150,\"height\":184,\"caption\":\"Unipatis\"},\"image\":{\"@id\":\"https:\/\/www.unipatis.fr\/en\/#\/schema\/logo\/image\/\"},\"sameAs\":[\"https:\/\/www.facebook.com\/unipatis\",\"https:\/\/www.instagram.com\/unipatis\",\"https:\/\/www.youtube.com\/@Unipatis\"]}]}<\/script>\n<!-- \/ Yoast SEO plugin. -->","yoast_head_json":{"title":"White chocolate and brownies crunchy coating - Unipatis","description":"White chocolate and brownies crunchy coating - Unipatis","robots":{"index":"index","follow":"follow","max-snippet":"max-snippet:-1","max-image-preview":"max-image-preview:large","max-video-preview":"max-video-preview:-1"},"canonical":"https:\/\/www.unipatis.fr\/en\/produit\/white-chocolate-and-brownies-crunchy-coating\/","og_locale":"en_US","og_type":"article","og_title":"White chocolate and brownies crunchy coating - Unipatis","og_description":"White chocolate and brownies crunchy coating - Unipatis","og_url":"https:\/\/www.unipatis.fr\/en\/produit\/white-chocolate-and-brownies-crunchy-coating\/","og_site_name":"Unipatis","article_publisher":"https:\/\/www.facebook.com\/unipatis","article_modified_time":"2023-02-01T14:19:00+00:00","og_image":[{"width":1280,"height":1280,"url":"https:\/\/www.unipatis.fr\/wp-content\/uploads\/2022\/10\/MOCKUP_SEAU_UNIPATIS_SITE.jpg","type":"image\/jpeg"}],"twitter_card":"summary_large_image","twitter_misc":{"Est. reading time":"1 minute"},"schema":{"@context":"https:\/\/schema.org","@graph":[{"@type":"WebPage","@id":"https:\/\/www.unipatis.fr\/en\/produit\/white-chocolate-and-brownies-crunchy-coating\/","url":"https:\/\/www.unipatis.fr\/en\/produit\/white-chocolate-and-brownies-crunchy-coating\/","name":"White chocolate and brownies crunchy coating - Unipatis","isPartOf":{"@id":"https:\/\/www.unipatis.fr\/en\/#website"},"primaryImageOfPage":{"@id":"https:\/\/www.unipatis.fr\/en\/produit\/white-chocolate-and-brownies-crunchy-coating\/#primaryimage"},"image":{"@id":"https:\/\/www.unipatis.fr\/en\/produit\/white-chocolate-and-brownies-crunchy-coating\/#primaryimage"},"thumbnailUrl":"https:\/\/www.unipatis.fr\/wp-content\/uploads\/2022\/10\/MOCKUP_SEAU_UNIPATIS_SITE.jpg","datePublished":"2022-10-11T13:44:25+00:00","dateModified":"2023-02-01T14:19:00+00:00","description":"White chocolate and brownies crunchy coating - Unipatis","breadcrumb":{"@id":"https:\/\/www.unipatis.fr\/en\/produit\/white-chocolate-and-brownies-crunchy-coating\/#breadcrumb"},"inLanguage":"en-US","potentialAction":[{"@type":"ReadAction","target":["https:\/\/www.unipatis.fr\/en\/produit\/white-chocolate-and-brownies-crunchy-coating\/"]}]},{"@type":"ImageObject","inLanguage":"en-US","@id":"https:\/\/www.unipatis.fr\/en\/produit\/white-chocolate-and-brownies-crunchy-coating\/#primaryimage","url":"https:\/\/www.unipatis.fr\/wp-content\/uploads\/2022\/10\/MOCKUP_SEAU_UNIPATIS_SITE.jpg","contentUrl":"https:\/\/www.unipatis.fr\/wp-content\/uploads\/2022\/10\/MOCKUP_SEAU_UNIPATIS_SITE.jpg","width":1280,"height":1280},{"@type":"BreadcrumbList","@id":"https:\/\/www.unipatis.fr\/en\/produit\/white-chocolate-and-brownies-crunchy-coating\/#breadcrumb","itemListElement":[{"@type":"ListItem","position":1,"name":"Accueil","item":"https:\/\/www.unipatis.fr\/en\/home-3\/"},{"@type":"ListItem","position":2,"name":"Store","item":"https:\/\/www.unipatis.fr\/en\/shop\/"},{"@type":"ListItem","position":3,"name":"White chocolate and brownies crunchy coating"}]},{"@type":"WebSite","@id":"https:\/\/www.unipatis.fr\/en\/#website","url":"https:\/\/www.unipatis.fr\/en\/","name":"Unipatis","description":"Unipatis Maison est une entreprise familiale sp\u00e9cialis\u00e9e dans la fabrication d&#039;ingr\u00e9dients p\u00e2tissiers et chocolatiers depuis quatre g\u00e9n\u00e9rations.","publisher":{"@id":"https:\/\/www.unipatis.fr\/en\/#organization"},"potentialAction":[{"@type":"SearchAction","target":{"@type":"EntryPoint","urlTemplate":"https:\/\/www.unipatis.fr\/en\/?s={search_term_string}"},"query-input":{"@type":"PropertyValueSpecification","valueRequired":true,"valueName":"search_term_string"}}],"inLanguage":"en-US"},{"@type":"Organization","@id":"https:\/\/www.unipatis.fr\/en\/#organization","name":"Unipatis","url":"https:\/\/www.unipatis.fr\/en\/","logo":{"@type":"ImageObject","inLanguage":"en-US","@id":"https:\/\/www.unipatis.fr\/en\/#\/schema\/logo\/image\/","url":"https:\/\/www.unipatis.fr\/wp-content\/uploads\/2021\/10\/UNIPATIS_logo_flag_2021-1.svg","contentUrl":"https:\/\/www.unipatis.fr\/wp-content\/uploads\/2021\/10\/UNIPATIS_logo_flag_2021-1.svg","width":150,"height":184,"caption":"Unipatis"},"image":{"@id":"https:\/\/www.unipatis.fr\/en\/#\/schema\/logo\/image\/"},"sameAs":["https:\/\/www.facebook.com\/unipatis","https:\/\/www.instagram.com\/unipatis","https:\/\/www.youtube.com\/@Unipatis"]}]}},"_links":{"self":[{"href":"https:\/\/www.unipatis.fr\/en\/wp-json\/wp\/v2\/product\/9317","targetHints":{"allow":["GET"]}}],"collection":[{"href":"https:\/\/www.unipatis.fr\/en\/wp-json\/wp\/v2\/product"}],"about":[{"href":"https:\/\/www.unipatis.fr\/en\/wp-json\/wp\/v2\/types\/product"}],"replies":[{"embeddable":true,"href":"https:\/\/www.unipatis.fr\/en\/wp-json\/wp\/v2\/comments?post=9317"}],"version-history":[{"count":1,"href":"https:\/\/www.unipatis.fr\/en\/wp-json\/wp\/v2\/product\/9317\/revisions"}],"predecessor-version":[{"id":9481,"href":"https:\/\/www.unipatis.fr\/en\/wp-json\/wp\/v2\/product\/9317\/revisions\/9481"}],"wp:featuredmedia":[{"embeddable":true,"href":"https:\/\/www.unipatis.fr\/en\/wp-json\/wp\/v2\/media\/9323"}],"wp:attachment":[{"href":"https:\/\/www.unipatis.fr\/en\/wp-json\/wp\/v2\/media?parent=9317"}],"wp:term":[{"taxonomy":"product_brand","embeddable":true,"href":"https:\/\/www.unipatis.fr\/en\/wp-json\/wp\/v2\/product_brand?post=9317"},{"taxonomy":"product_cat","embeddable":true,"href":"https:\/\/www.unipatis.fr\/en\/wp-json\/wp\/v2\/product_cat?post=9317"},{"taxonomy":"product_tag","embeddable":true,"href":"https:\/\/www.unipatis.fr\/en\/wp-json\/wp\/v2\/product_tag?post=9317"}],"curies":[{"name":"wp","href":"https:\/\/api.w.org\/{rel}","templated":true}]}}