{"id":9540,"date":"2022-02-11T12:10:14","date_gmt":"2022-02-11T11:10:14","guid":{"rendered":"https:\/\/www.unipatis.fr\/produit\/glacage-scintillant-noir\/"},"modified":"2026-04-09T10:23:22","modified_gmt":"2026-04-09T08:23:22","slug":"black-glossy-glaze","status":"publish","type":"product","link":"https:\/\/www.unipatis.fr\/en\/produit\/black-glossy-glaze\/","title":{"rendered":"Black Glitter Glaze"},"content":{"rendered":"<p>Black glossy glaze<\/p>\n","protected":false},"excerpt":{"rendered":"<p>Glossy black cocoa glaze for entremets, mousses, bavarois and ice creams.<\/p>\n<p>Frosted with fruit pectin.<\/p>\n","protected":false},"featured_media":10527,"comment_status":"closed","ping_status":"closed","template":"","meta":{"_acf_changed":false,"inline_featured_image":false},"product_brand":[],"product_cat":[178],"product_tag":[],"class_list":{"0":"post-9540","1":"product","2":"type-product","3":"status-publish","4":"has-post-thumbnail","6":"product_cat-chocolate-glazes","7":"sales-flash-overlay","8":"woocommerce-text-align-center","9":"woocommerce-image-align-center","10":"do-quantity-buttons","12":"first","13":"instock","14":"product-type-simple"},"acf":[],"yoast_head":"<!-- This site is optimized with the Yoast SEO plugin v27.2 - https:\/\/yoast.com\/product\/yoast-seo-wordpress\/ -->\n<title>Black Glitter Glaze - Unipatis<\/title>\n<meta name=\"description\" content=\"Glossy black cocoa glaze, gelled with fruit pectin. Dense color, fluid texture, deep-freeze stable. Application 45-50\u00b0C. 2kg, 5kg pails\" \/>\n<meta name=\"robots\" content=\"index, follow, max-snippet:-1, max-image-preview:large, max-video-preview:-1\" \/>\n<link rel=\"canonical\" href=\"https:\/\/www.unipatis.fr\/en\/produit\/black-glossy-glaze\/\" \/>\n<meta property=\"og:locale\" content=\"en_US\" \/>\n<meta property=\"og:type\" content=\"article\" \/>\n<meta property=\"og:title\" content=\"Black Glitter Glaze - Unipatis\" \/>\n<meta property=\"og:description\" content=\"Glossy black cocoa glaze, gelled with fruit pectin. Dense color, fluid texture, deep-freeze stable. Application 45-50\u00b0C. 2kg, 5kg pails\" \/>\n<meta property=\"og:url\" content=\"https:\/\/www.unipatis.fr\/en\/produit\/black-glossy-glaze\/\" \/>\n<meta property=\"og:site_name\" content=\"Unipatis\" \/>\n<meta property=\"article:publisher\" content=\"https:\/\/www.facebook.com\/unipatis\" \/>\n<meta property=\"article:modified_time\" content=\"2026-04-09T08:23:22+00:00\" \/>\n<meta property=\"og:image\" content=\"https:\/\/www.unipatis.fr\/wp-content\/uploads\/2022\/02\/seau_glacage_chocolat_scintillant_noir-copie.png\" \/>\n\t<meta property=\"og:image:width\" content=\"1261\" \/>\n\t<meta property=\"og:image:height\" content=\"1179\" \/>\n\t<meta property=\"og:image:type\" content=\"image\/png\" \/>\n<meta name=\"twitter:card\" content=\"summary_large_image\" \/>\n<meta name=\"twitter:label1\" content=\"Est. reading time\" \/>\n\t<meta name=\"twitter:data1\" content=\"1 minute\" \/>\n<script type=\"application\/ld+json\" class=\"yoast-schema-graph\">{\"@context\":\"https:\/\/schema.org\",\"@graph\":[{\"@type\":\"WebPage\",\"@id\":\"https:\/\/www.unipatis.fr\/en\/produit\/black-glossy-glaze\/\",\"url\":\"https:\/\/www.unipatis.fr\/en\/produit\/black-glossy-glaze\/\",\"name\":\"Black Glitter Glaze - Unipatis\",\"isPartOf\":{\"@id\":\"https:\/\/www.unipatis.fr\/en\/#website\"},\"primaryImageOfPage\":{\"@id\":\"https:\/\/www.unipatis.fr\/en\/produit\/black-glossy-glaze\/#primaryimage\"},\"image\":{\"@id\":\"https:\/\/www.unipatis.fr\/en\/produit\/black-glossy-glaze\/#primaryimage\"},\"thumbnailUrl\":\"https:\/\/www.unipatis.fr\/wp-content\/uploads\/2022\/02\/seau_glacage_chocolat_scintillant_noir-copie.png\",\"datePublished\":\"2022-02-11T11:10:14+00:00\",\"dateModified\":\"2026-04-09T08:23:22+00:00\",\"description\":\"Glossy black cocoa glaze, gelled with fruit pectin. Dense color, fluid texture, deep-freeze stable. Application 45-50\u00b0C. 2kg, 5kg pails\",\"breadcrumb\":{\"@id\":\"https:\/\/www.unipatis.fr\/en\/produit\/black-glossy-glaze\/#breadcrumb\"},\"inLanguage\":\"en-US\",\"potentialAction\":[{\"@type\":\"ReadAction\",\"target\":[\"https:\/\/www.unipatis.fr\/en\/produit\/black-glossy-glaze\/\"]}]},{\"@type\":\"ImageObject\",\"inLanguage\":\"en-US\",\"@id\":\"https:\/\/www.unipatis.fr\/en\/produit\/black-glossy-glaze\/#primaryimage\",\"url\":\"https:\/\/www.unipatis.fr\/wp-content\/uploads\/2022\/02\/seau_glacage_chocolat_scintillant_noir-copie.png\",\"contentUrl\":\"https:\/\/www.unipatis.fr\/wp-content\/uploads\/2022\/02\/seau_glacage_chocolat_scintillant_noir-copie.png\",\"width\":1261,\"height\":1179,\"caption\":\"Unipatis_black_glitter_chocolate_glaze\"},{\"@type\":\"BreadcrumbList\",\"@id\":\"https:\/\/www.unipatis.fr\/en\/produit\/black-glossy-glaze\/#breadcrumb\",\"itemListElement\":[{\"@type\":\"ListItem\",\"position\":1,\"name\":\"Accueil\",\"item\":\"https:\/\/www.unipatis.fr\/en\/home-3\/\"},{\"@type\":\"ListItem\",\"position\":2,\"name\":\"Store\",\"item\":\"https:\/\/www.unipatis.fr\/en\/shop\/\"},{\"@type\":\"ListItem\",\"position\":3,\"name\":\"Black Glitter Glaze\"}]},{\"@type\":\"WebSite\",\"@id\":\"https:\/\/www.unipatis.fr\/en\/#website\",\"url\":\"https:\/\/www.unipatis.fr\/en\/\",\"name\":\"Unipatis\",\"description\":\"Unipatis Maison est une entreprise familiale sp\u00e9cialis\u00e9e dans la fabrication d&#039;ingr\u00e9dients p\u00e2tissiers et chocolatiers depuis quatre g\u00e9n\u00e9rations.\",\"publisher\":{\"@id\":\"https:\/\/www.unipatis.fr\/en\/#organization\"},\"potentialAction\":[{\"@type\":\"SearchAction\",\"target\":{\"@type\":\"EntryPoint\",\"urlTemplate\":\"https:\/\/www.unipatis.fr\/en\/?s={search_term_string}\"},\"query-input\":{\"@type\":\"PropertyValueSpecification\",\"valueRequired\":true,\"valueName\":\"search_term_string\"}}],\"inLanguage\":\"en-US\"},{\"@type\":\"Organization\",\"@id\":\"https:\/\/www.unipatis.fr\/en\/#organization\",\"name\":\"Unipatis\",\"url\":\"https:\/\/www.unipatis.fr\/en\/\",\"logo\":{\"@type\":\"ImageObject\",\"inLanguage\":\"en-US\",\"@id\":\"https:\/\/www.unipatis.fr\/en\/#\/schema\/logo\/image\/\",\"url\":\"https:\/\/www.unipatis.fr\/wp-content\/uploads\/2021\/10\/UNIPATIS_logo_flag_2021-1.svg\",\"contentUrl\":\"https:\/\/www.unipatis.fr\/wp-content\/uploads\/2021\/10\/UNIPATIS_logo_flag_2021-1.svg\",\"width\":150,\"height\":184,\"caption\":\"Unipatis\"},\"image\":{\"@id\":\"https:\/\/www.unipatis.fr\/en\/#\/schema\/logo\/image\/\"},\"sameAs\":[\"https:\/\/www.facebook.com\/unipatis\",\"https:\/\/www.instagram.com\/unipatis\",\"https:\/\/www.youtube.com\/@Unipatis\"]}]}<\/script>\n<!-- \/ Yoast SEO plugin. -->","yoast_head_json":{"title":"Black Glitter Glaze - Unipatis","description":"Glossy black cocoa glaze, gelled with fruit pectin. Dense color, fluid texture, deep-freeze stable. Application 45-50\u00b0C. 2kg, 5kg pails","robots":{"index":"index","follow":"follow","max-snippet":"max-snippet:-1","max-image-preview":"max-image-preview:large","max-video-preview":"max-video-preview:-1"},"canonical":"https:\/\/www.unipatis.fr\/en\/produit\/black-glossy-glaze\/","og_locale":"en_US","og_type":"article","og_title":"Black Glitter Glaze - Unipatis","og_description":"Glossy black cocoa glaze, gelled with fruit pectin. Dense color, fluid texture, deep-freeze stable. Application 45-50\u00b0C. 2kg, 5kg pails","og_url":"https:\/\/www.unipatis.fr\/en\/produit\/black-glossy-glaze\/","og_site_name":"Unipatis","article_publisher":"https:\/\/www.facebook.com\/unipatis","article_modified_time":"2026-04-09T08:23:22+00:00","og_image":[{"width":1261,"height":1179,"url":"https:\/\/www.unipatis.fr\/wp-content\/uploads\/2022\/02\/seau_glacage_chocolat_scintillant_noir-copie.png","type":"image\/png"}],"twitter_card":"summary_large_image","twitter_misc":{"Est. reading time":"1 minute"},"schema":{"@context":"https:\/\/schema.org","@graph":[{"@type":"WebPage","@id":"https:\/\/www.unipatis.fr\/en\/produit\/black-glossy-glaze\/","url":"https:\/\/www.unipatis.fr\/en\/produit\/black-glossy-glaze\/","name":"Black Glitter Glaze - Unipatis","isPartOf":{"@id":"https:\/\/www.unipatis.fr\/en\/#website"},"primaryImageOfPage":{"@id":"https:\/\/www.unipatis.fr\/en\/produit\/black-glossy-glaze\/#primaryimage"},"image":{"@id":"https:\/\/www.unipatis.fr\/en\/produit\/black-glossy-glaze\/#primaryimage"},"thumbnailUrl":"https:\/\/www.unipatis.fr\/wp-content\/uploads\/2022\/02\/seau_glacage_chocolat_scintillant_noir-copie.png","datePublished":"2022-02-11T11:10:14+00:00","dateModified":"2026-04-09T08:23:22+00:00","description":"Glossy black cocoa glaze, gelled with fruit pectin. Dense color, fluid texture, deep-freeze stable. Application 45-50\u00b0C. 2kg, 5kg pails","breadcrumb":{"@id":"https:\/\/www.unipatis.fr\/en\/produit\/black-glossy-glaze\/#breadcrumb"},"inLanguage":"en-US","potentialAction":[{"@type":"ReadAction","target":["https:\/\/www.unipatis.fr\/en\/produit\/black-glossy-glaze\/"]}]},{"@type":"ImageObject","inLanguage":"en-US","@id":"https:\/\/www.unipatis.fr\/en\/produit\/black-glossy-glaze\/#primaryimage","url":"https:\/\/www.unipatis.fr\/wp-content\/uploads\/2022\/02\/seau_glacage_chocolat_scintillant_noir-copie.png","contentUrl":"https:\/\/www.unipatis.fr\/wp-content\/uploads\/2022\/02\/seau_glacage_chocolat_scintillant_noir-copie.png","width":1261,"height":1179,"caption":"Unipatis_black_glitter_chocolate_glaze"},{"@type":"BreadcrumbList","@id":"https:\/\/www.unipatis.fr\/en\/produit\/black-glossy-glaze\/#breadcrumb","itemListElement":[{"@type":"ListItem","position":1,"name":"Accueil","item":"https:\/\/www.unipatis.fr\/en\/home-3\/"},{"@type":"ListItem","position":2,"name":"Store","item":"https:\/\/www.unipatis.fr\/en\/shop\/"},{"@type":"ListItem","position":3,"name":"Black Glitter Glaze"}]},{"@type":"WebSite","@id":"https:\/\/www.unipatis.fr\/en\/#website","url":"https:\/\/www.unipatis.fr\/en\/","name":"Unipatis","description":"Unipatis Maison est une entreprise familiale sp\u00e9cialis\u00e9e dans la fabrication d&#039;ingr\u00e9dients p\u00e2tissiers et chocolatiers depuis quatre g\u00e9n\u00e9rations.","publisher":{"@id":"https:\/\/www.unipatis.fr\/en\/#organization"},"potentialAction":[{"@type":"SearchAction","target":{"@type":"EntryPoint","urlTemplate":"https:\/\/www.unipatis.fr\/en\/?s={search_term_string}"},"query-input":{"@type":"PropertyValueSpecification","valueRequired":true,"valueName":"search_term_string"}}],"inLanguage":"en-US"},{"@type":"Organization","@id":"https:\/\/www.unipatis.fr\/en\/#organization","name":"Unipatis","url":"https:\/\/www.unipatis.fr\/en\/","logo":{"@type":"ImageObject","inLanguage":"en-US","@id":"https:\/\/www.unipatis.fr\/en\/#\/schema\/logo\/image\/","url":"https:\/\/www.unipatis.fr\/wp-content\/uploads\/2021\/10\/UNIPATIS_logo_flag_2021-1.svg","contentUrl":"https:\/\/www.unipatis.fr\/wp-content\/uploads\/2021\/10\/UNIPATIS_logo_flag_2021-1.svg","width":150,"height":184,"caption":"Unipatis"},"image":{"@id":"https:\/\/www.unipatis.fr\/en\/#\/schema\/logo\/image\/"},"sameAs":["https:\/\/www.facebook.com\/unipatis","https:\/\/www.instagram.com\/unipatis","https:\/\/www.youtube.com\/@Unipatis"]}]}},"_links":{"self":[{"href":"https:\/\/www.unipatis.fr\/en\/wp-json\/wp\/v2\/product\/9540","targetHints":{"allow":["GET"]}}],"collection":[{"href":"https:\/\/www.unipatis.fr\/en\/wp-json\/wp\/v2\/product"}],"about":[{"href":"https:\/\/www.unipatis.fr\/en\/wp-json\/wp\/v2\/types\/product"}],"replies":[{"embeddable":true,"href":"https:\/\/www.unipatis.fr\/en\/wp-json\/wp\/v2\/comments?post=9540"}],"version-history":[{"count":3,"href":"https:\/\/www.unipatis.fr\/en\/wp-json\/wp\/v2\/product\/9540\/revisions"}],"predecessor-version":[{"id":30384,"href":"https:\/\/www.unipatis.fr\/en\/wp-json\/wp\/v2\/product\/9540\/revisions\/30384"}],"wp:featuredmedia":[{"embeddable":true,"href":"https:\/\/www.unipatis.fr\/en\/wp-json\/wp\/v2\/media\/10527"}],"wp:attachment":[{"href":"https:\/\/www.unipatis.fr\/en\/wp-json\/wp\/v2\/media?parent=9540"}],"wp:term":[{"taxonomy":"product_brand","embeddable":true,"href":"https:\/\/www.unipatis.fr\/en\/wp-json\/wp\/v2\/product_brand?post=9540"},{"taxonomy":"product_cat","embeddable":true,"href":"https:\/\/www.unipatis.fr\/en\/wp-json\/wp\/v2\/product_cat?post=9540"},{"taxonomy":"product_tag","embeddable":true,"href":"https:\/\/www.unipatis.fr\/en\/wp-json\/wp\/v2\/product_tag?post=9540"}],"curies":[{"name":"wp","href":"https:\/\/api.w.org\/{rel}","templated":true}]}}