{"id":17021,"date":"2024-08-23T17:27:24","date_gmt":"2024-08-23T15:27:24","guid":{"rendered":"https:\/\/www.unipatis.fr\/informacion-legal\/"},"modified":"2025-12-16T09:37:25","modified_gmt":"2025-12-16T08:37:25","slug":"informacion-legal","status":"publish","type":"page","link":"https:\/\/www.unipatis.fr\/es\/informacion-legal\/","title":{"rendered":"Informaci\u00f3n legal"},"content":{"rendered":"\t\t<div data-elementor-type=\"wp-page\" data-elementor-id=\"17021\" class=\"elementor elementor-17021 elementor-33\" data-elementor-post-type=\"page\">\n\t\t\t\t\t\t<section class=\"elementor-section elementor-top-section elementor-element elementor-element-74c3687 elementor-section-boxed elementor-section-height-default elementor-section-height-default\" data-id=\"74c3687\" data-element_type=\"section\" data-e-type=\"section\">\n\t\t\t\t\t\t<div class=\"elementor-container elementor-column-gap-default\">\n\t\t\t\t\t<div class=\"elementor-column elementor-col-100 elementor-top-column elementor-element elementor-element-8763ae2\" data-id=\"8763ae2\" data-element_type=\"column\" data-e-type=\"column\">\n\t\t\t<div class=\"elementor-widget-wrap elementor-element-populated\">\n\t\t\t\t\t\t<div class=\"elementor-element elementor-element-6fd4f8e elementor-widget elementor-widget-text-editor\" data-id=\"6fd4f8e\" data-element_type=\"widget\" data-e-type=\"widget\" data-widget_type=\"text-editor.default\">\n\t\t\t\t<div class=\"elementor-widget-container\">\n\t\t\t\t\t\t\t\t\t<p>Aviso legal: Este sitio web es propiedad de Mediapilote Caen, cuya sede social se encuentra en la siguiente direcci\u00f3n:<\/p>\t\t\t\t\t\t\t\t<\/div>\n\t\t\t\t<\/div>\n\t\t\t\t<div class=\"elementor-element elementor-element-34b29a2 elementor-widget elementor-widget-text-editor\" data-id=\"34b29a2\" data-element_type=\"widget\" data-e-type=\"widget\" data-widget_type=\"text-editor.default\">\n\t\t\t\t<div class=\"elementor-widget-container\">\n\t\t\t\t\t\t\t\t\t<p>80 Avenida de Thi\u00e8s<\/p>\n<p>&nbsp; 14000 CAEN<\/p>\n<p>El director de publicaci\u00f3n del sitio web es raphael marieux en su calidad de Director de Proyectos Web.<\/p>\n<p>El proveedor de alojamiento es Medialibs.<\/p>\n<p>El sitio fue creado por la agencia mediapilote.<\/p>\n<p>El usuario queda informado de que, de conformidad con el art\u00edculo 27 de la Ley Inform\u00e1tica y Libertades de 6 de enero de 1978, los datos comunicados por el usuario a trav\u00e9s de los formularios del sitio son necesarios para responder a su solicitud y est\u00e1n destinados exclusivamente a Mediapilote Caen, con fines de gesti\u00f3n administrativa.<\/p>\n<p>Los usuarios del sitio web est\u00e1n obligados a cumplir las disposiciones de la ley sobre tratamiento de datos, archivos de datos y libertades individuales, cuya violaci\u00f3n se castiga con sanciones penales.<\/p>\n<p>En particular, deben abstenerse de recoger o utilizar indebidamente cualquier informaci\u00f3n personal a la que tengan acceso y, en general, de cualquier acto que pueda perjudicar a Mediapilote Caen, la vida privada o la reputaci\u00f3n de las personas.<\/p>\n<p>La estructura general, los textos, las im\u00e1genes (animadas o no), el know-how y todos los dem\u00e1s elementos que componen el sitio son propiedad exclusiva de Mediapilote.<\/p>\n<p>Cualquier representaci\u00f3n total o parcial de este sitio por cualquier empresa sin la autorizaci\u00f3n expresa de Mediapilote est\u00e1 prohibida y constituye una infracci\u00f3n sancionada por los art\u00edculos L.335-2 y siguientes del C\u00f3digo de la Propiedad Intelectual franc\u00e9s. Lo mismo se aplica a cualquier base de datos que aparezca en el sitio web, que est\u00e1 protegida por las disposiciones de la Ley de 1 de julio de 1998 por la que se incorpora al C\u00f3digo de la Propiedad Intelectual la Directiva europea de 11 de marzo de 1996 sobre la protecci\u00f3n jur\u00eddica de las bases de datos. <\/p>\n<p>Cualquier reproducci\u00f3n total o parcial de marcas o logotipos, realizada a partir de elementos del sitio sin la autorizaci\u00f3n expresa del titular o titulares de los derechos correspondientes est\u00e1, por tanto, prohibida, en el sentido del art\u00edculo L.713-2 del C\u00f3digo franc\u00e9s de la Propiedad Intelectual.<\/p>\n<p>Los enlaces de hipertexto establecidos en el sitio pueden conducir al usuario a diversos sitios. Se precisa que el sitio de Mediapilote no ha comprobado todos los sitios que pueden estar vinculados al suyo, su contenido y la informaci\u00f3n que contienen, e invita a los usuarios, bajo su propia responsabilidad, a validar la conformidad, exactitud, exhaustividad y\/o legalidad de la informaci\u00f3n y\/o contenido a los que tengan acceso en estos sitios. Por lo tanto, Mediapilote declina toda responsabilidad por los contenidos y servicios ofrecidos en los sitios a los que el visitante tenga acceso a trav\u00e9s de hiperv\u00ednculos desde el sitio web de Mediapilote y por el uso que el usuario haga de dichos sitios. El usuario es el \u00fanico responsable del uso que haga de dichos sitios.   <\/p>\n<p>Los usuarios y visitantes del sitio web no podr\u00e1n establecer un hiperenlace a este sitio sin la previa autorizaci\u00f3n expresa de Mediapilote.<\/p>\n<p>Mediapilote hace todo lo posible para proporcionar a los usuarios informaci\u00f3n y\/o herramientas disponibles y verificadas, pero no se hace responsable en ning\u00fan caso de los errores, la falta de disponibilidad de la informaci\u00f3n y\/o la presencia de virus en su sitio.<\/p>\t\t\t\t\t\t\t\t<\/div>\n\t\t\t\t<\/div>\n\t\t\t\t\t<\/div>\n\t\t<\/div>\n\t\t\t\t\t<\/div>\n\t\t<\/section>\n\t\t\t\t<\/div>\n\t\t","protected":false},"excerpt":{"rendered":"<p>Aviso legal: Este sitio web es propiedad de Mediapilote Caen, cuya sede social se encuentra en la siguiente direcci\u00f3n: 80 Avenida de Thi\u00e8s &nbsp; 14000 CAEN El director de publicaci\u00f3n del sitio web es raphael marieux en su calidad de Director de Proyectos Web. El proveedor de alojamiento es Medialibs. El sitio fue creado por &#8230; <a title=\"Informaci\u00f3n legal\" class=\"read-more\" href=\"https:\/\/www.unipatis.fr\/es\/informacion-legal\/\" aria-label=\"Leer m\u00e1s sobre Informaci\u00f3n legal\">Leer m\u00e1s<\/a><\/p>\n","protected":false},"author":1,"featured_media":0,"parent":0,"menu_order":0,"comment_status":"closed","ping_status":"closed","template":"","meta":{"_acf_changed":false,"inline_featured_image":false,"footnotes":""},"class_list":["post-17021","page","type-page","status-publish"],"acf":[],"yoast_head":"<!-- This site is optimized with the Yoast SEO plugin v27.2 - https:\/\/yoast.com\/product\/yoast-seo-wordpress\/ -->\n<title>Informaci\u00f3n legal - Unipatis<\/title>\n<meta name=\"description\" content=\"Aviso legal Unipatis - Informaci\u00f3n sobre el editor del sitio, alojamiento, propiedad intelectual y uso. M\u00e9diapilote Caen, 80 Avenue de Thi\u00e8s, 14000 Caen.\" \/>\n<meta name=\"robots\" content=\"index, follow, max-snippet:-1, max-image-preview:large, max-video-preview:-1\" \/>\n<link rel=\"canonical\" href=\"https:\/\/www.unipatis.fr\/es\/informacion-legal\/\" \/>\n<meta property=\"og:locale\" content=\"es_ES\" \/>\n<meta property=\"og:type\" content=\"article\" \/>\n<meta property=\"og:title\" content=\"Informaci\u00f3n legal - Unipatis\" \/>\n<meta property=\"og:description\" content=\"Aviso legal Unipatis - Informaci\u00f3n sobre el editor del sitio, alojamiento, propiedad intelectual y uso. M\u00e9diapilote Caen, 80 Avenue de Thi\u00e8s, 14000 Caen.\" \/>\n<meta property=\"og:url\" content=\"https:\/\/www.unipatis.fr\/es\/informacion-legal\/\" \/>\n<meta property=\"og:site_name\" content=\"Unipatis\" \/>\n<meta property=\"article:publisher\" content=\"https:\/\/www.facebook.com\/unipatis\" \/>\n<meta property=\"article:modified_time\" content=\"2025-12-16T08:37:25+00:00\" \/>\n<meta name=\"twitter:card\" content=\"summary_large_image\" \/>\n<meta name=\"twitter:label1\" content=\"Tiempo de lectura\" \/>\n\t<meta name=\"twitter:data1\" content=\"3 minutos\" \/>\n<script type=\"application\/ld+json\" class=\"yoast-schema-graph\">{\"@context\":\"https:\/\/schema.org\",\"@graph\":[{\"@type\":\"WebPage\",\"@id\":\"https:\/\/www.unipatis.fr\/es\/informacion-legal\/\",\"url\":\"https:\/\/www.unipatis.fr\/es\/informacion-legal\/\",\"name\":\"Informaci\u00f3n legal - Unipatis\",\"isPartOf\":{\"@id\":\"https:\/\/www.unipatis.fr\/en\/#website\"},\"datePublished\":\"2024-08-23T15:27:24+00:00\",\"dateModified\":\"2025-12-16T08:37:25+00:00\",\"description\":\"Aviso legal Unipatis - Informaci\u00f3n sobre el editor del sitio, alojamiento, propiedad intelectual y uso. M\u00e9diapilote Caen, 80 Avenue de Thi\u00e8s, 14000 Caen.\",\"breadcrumb\":{\"@id\":\"https:\/\/www.unipatis.fr\/es\/informacion-legal\/#breadcrumb\"},\"inLanguage\":\"es\",\"potentialAction\":[{\"@type\":\"ReadAction\",\"target\":[\"https:\/\/www.unipatis.fr\/es\/informacion-legal\/\"]}]},{\"@type\":\"BreadcrumbList\",\"@id\":\"https:\/\/www.unipatis.fr\/es\/informacion-legal\/#breadcrumb\",\"itemListElement\":[{\"@type\":\"ListItem\",\"position\":1,\"name\":\"Accueil\",\"item\":\"https:\/\/www.unipatis.fr\/es\/inicio\/\"},{\"@type\":\"ListItem\",\"position\":2,\"name\":\"Informaci\u00f3n legal\"}]},{\"@type\":\"WebSite\",\"@id\":\"https:\/\/www.unipatis.fr\/en\/#website\",\"url\":\"https:\/\/www.unipatis.fr\/en\/\",\"name\":\"Unipatis\",\"description\":\"Unipatis Maison est une entreprise familiale sp\u00e9cialis\u00e9e dans la fabrication d&#039;ingr\u00e9dients p\u00e2tissiers et chocolatiers depuis quatre g\u00e9n\u00e9rations.\",\"publisher\":{\"@id\":\"https:\/\/www.unipatis.fr\/en\/#organization\"},\"potentialAction\":[{\"@type\":\"SearchAction\",\"target\":{\"@type\":\"EntryPoint\",\"urlTemplate\":\"https:\/\/www.unipatis.fr\/en\/?s={search_term_string}\"},\"query-input\":{\"@type\":\"PropertyValueSpecification\",\"valueRequired\":true,\"valueName\":\"search_term_string\"}}],\"inLanguage\":\"es\"},{\"@type\":\"Organization\",\"@id\":\"https:\/\/www.unipatis.fr\/en\/#organization\",\"name\":\"Unipatis\",\"url\":\"https:\/\/www.unipatis.fr\/en\/\",\"logo\":{\"@type\":\"ImageObject\",\"inLanguage\":\"es\",\"@id\":\"https:\/\/www.unipatis.fr\/en\/#\/schema\/logo\/image\/\",\"url\":\"https:\/\/www.unipatis.fr\/wp-content\/uploads\/2021\/10\/UNIPATIS_logo_flag_2021-1.svg\",\"contentUrl\":\"https:\/\/www.unipatis.fr\/wp-content\/uploads\/2021\/10\/UNIPATIS_logo_flag_2021-1.svg\",\"width\":150,\"height\":184,\"caption\":\"Unipatis\"},\"image\":{\"@id\":\"https:\/\/www.unipatis.fr\/en\/#\/schema\/logo\/image\/\"},\"sameAs\":[\"https:\/\/www.facebook.com\/unipatis\",\"https:\/\/www.instagram.com\/unipatis\",\"https:\/\/www.youtube.com\/@Unipatis\"]}]}<\/script>\n<!-- \/ Yoast SEO plugin. -->","yoast_head_json":{"title":"Informaci\u00f3n legal - Unipatis","description":"Aviso legal Unipatis - Informaci\u00f3n sobre el editor del sitio, alojamiento, propiedad intelectual y uso. M\u00e9diapilote Caen, 80 Avenue de Thi\u00e8s, 14000 Caen.","robots":{"index":"index","follow":"follow","max-snippet":"max-snippet:-1","max-image-preview":"max-image-preview:large","max-video-preview":"max-video-preview:-1"},"canonical":"https:\/\/www.unipatis.fr\/es\/informacion-legal\/","og_locale":"es_ES","og_type":"article","og_title":"Informaci\u00f3n legal - Unipatis","og_description":"Aviso legal Unipatis - Informaci\u00f3n sobre el editor del sitio, alojamiento, propiedad intelectual y uso. M\u00e9diapilote Caen, 80 Avenue de Thi\u00e8s, 14000 Caen.","og_url":"https:\/\/www.unipatis.fr\/es\/informacion-legal\/","og_site_name":"Unipatis","article_publisher":"https:\/\/www.facebook.com\/unipatis","article_modified_time":"2025-12-16T08:37:25+00:00","twitter_card":"summary_large_image","twitter_misc":{"Tiempo de lectura":"3 minutos"},"schema":{"@context":"https:\/\/schema.org","@graph":[{"@type":"WebPage","@id":"https:\/\/www.unipatis.fr\/es\/informacion-legal\/","url":"https:\/\/www.unipatis.fr\/es\/informacion-legal\/","name":"Informaci\u00f3n legal - Unipatis","isPartOf":{"@id":"https:\/\/www.unipatis.fr\/en\/#website"},"datePublished":"2024-08-23T15:27:24+00:00","dateModified":"2025-12-16T08:37:25+00:00","description":"Aviso legal Unipatis - Informaci\u00f3n sobre el editor del sitio, alojamiento, propiedad intelectual y uso. M\u00e9diapilote Caen, 80 Avenue de Thi\u00e8s, 14000 Caen.","breadcrumb":{"@id":"https:\/\/www.unipatis.fr\/es\/informacion-legal\/#breadcrumb"},"inLanguage":"es","potentialAction":[{"@type":"ReadAction","target":["https:\/\/www.unipatis.fr\/es\/informacion-legal\/"]}]},{"@type":"BreadcrumbList","@id":"https:\/\/www.unipatis.fr\/es\/informacion-legal\/#breadcrumb","itemListElement":[{"@type":"ListItem","position":1,"name":"Accueil","item":"https:\/\/www.unipatis.fr\/es\/inicio\/"},{"@type":"ListItem","position":2,"name":"Informaci\u00f3n legal"}]},{"@type":"WebSite","@id":"https:\/\/www.unipatis.fr\/en\/#website","url":"https:\/\/www.unipatis.fr\/en\/","name":"Unipatis","description":"Unipatis Maison est une entreprise familiale sp\u00e9cialis\u00e9e dans la fabrication d&#039;ingr\u00e9dients p\u00e2tissiers et chocolatiers depuis quatre g\u00e9n\u00e9rations.","publisher":{"@id":"https:\/\/www.unipatis.fr\/en\/#organization"},"potentialAction":[{"@type":"SearchAction","target":{"@type":"EntryPoint","urlTemplate":"https:\/\/www.unipatis.fr\/en\/?s={search_term_string}"},"query-input":{"@type":"PropertyValueSpecification","valueRequired":true,"valueName":"search_term_string"}}],"inLanguage":"es"},{"@type":"Organization","@id":"https:\/\/www.unipatis.fr\/en\/#organization","name":"Unipatis","url":"https:\/\/www.unipatis.fr\/en\/","logo":{"@type":"ImageObject","inLanguage":"es","@id":"https:\/\/www.unipatis.fr\/en\/#\/schema\/logo\/image\/","url":"https:\/\/www.unipatis.fr\/wp-content\/uploads\/2021\/10\/UNIPATIS_logo_flag_2021-1.svg","contentUrl":"https:\/\/www.unipatis.fr\/wp-content\/uploads\/2021\/10\/UNIPATIS_logo_flag_2021-1.svg","width":150,"height":184,"caption":"Unipatis"},"image":{"@id":"https:\/\/www.unipatis.fr\/en\/#\/schema\/logo\/image\/"},"sameAs":["https:\/\/www.facebook.com\/unipatis","https:\/\/www.instagram.com\/unipatis","https:\/\/www.youtube.com\/@Unipatis"]}]}},"_links":{"self":[{"href":"https:\/\/www.unipatis.fr\/es\/wp-json\/wp\/v2\/pages\/17021","targetHints":{"allow":["GET"]}}],"collection":[{"href":"https:\/\/www.unipatis.fr\/es\/wp-json\/wp\/v2\/pages"}],"about":[{"href":"https:\/\/www.unipatis.fr\/es\/wp-json\/wp\/v2\/types\/page"}],"author":[{"embeddable":true,"href":"https:\/\/www.unipatis.fr\/es\/wp-json\/wp\/v2\/users\/1"}],"replies":[{"embeddable":true,"href":"https:\/\/www.unipatis.fr\/es\/wp-json\/wp\/v2\/comments?post=17021"}],"version-history":[{"count":2,"href":"https:\/\/www.unipatis.fr\/es\/wp-json\/wp\/v2\/pages\/17021\/revisions"}],"predecessor-version":[{"id":30374,"href":"https:\/\/www.unipatis.fr\/es\/wp-json\/wp\/v2\/pages\/17021\/revisions\/30374"}],"wp:attachment":[{"href":"https:\/\/www.unipatis.fr\/es\/wp-json\/wp\/v2\/media?parent=17021"}],"curies":[{"name":"wp","href":"https:\/\/api.w.org\/{rel}","templated":true}]}}