{"id":11675,"date":"2024-08-19T15:49:34","date_gmt":"2024-08-19T13:49:34","guid":{"rendered":"https:\/\/www.unipatis.fr\/produit\/crema-pastelera-fria-instantanea\/"},"modified":"2026-04-12T08:31:07","modified_gmt":"2026-04-12T06:31:07","slug":"crema-pastelera-fria-instantanea","status":"publish","type":"product","link":"https:\/\/www.unipatis.fr\/es\/produit\/crema-pastelera-fria-instantanea\/","title":{"rendered":"Crema pastelera fr\u00eda instant\u00e1nea"},"content":{"rendered":"","protected":false},"excerpt":{"rendered":"<p>Preparado en polvo fr\u00edo para flanes cremosos, elaborado con vainilla natural.<br \/>\nUtilizar en fr\u00edo.<\/p>\n","protected":false},"featured_media":22282,"comment_status":"closed","ping_status":"closed","template":"","meta":{"_acf_changed":false,"inline_featured_image":false},"product_brand":[],"product_cat":[416],"product_tag":[],"class_list":{"0":"post-11675","1":"product","2":"type-product","3":"status-publish","4":"has-post-thumbnail","6":"product_cat-10-preparados-de-nata","7":"sales-flash-overlay","8":"woocommerce-text-align-center","9":"woocommerce-image-align-center","10":"do-quantity-buttons","12":"first","13":"instock","14":"shipping-taxable","15":"product-type-simple"},"acf":[],"yoast_head":"<!-- This site is optimized with the Yoast SEO plugin v27.2 - https:\/\/yoast.com\/product\/yoast-seo-wordpress\/ -->\n<title>Crema pastelera fr\u00eda instant\u00e1nea - Unipatis<\/title>\n<meta name=\"robots\" content=\"index, follow, max-snippet:-1, max-image-preview:large, max-video-preview:-1\" \/>\n<link rel=\"canonical\" href=\"https:\/\/www.unipatis.fr\/es\/produit\/crema-pastelera-fria-instantanea\/\" \/>\n<meta property=\"og:locale\" content=\"es_ES\" \/>\n<meta property=\"og:type\" content=\"article\" \/>\n<meta property=\"og:title\" content=\"Crema pastelera fr\u00eda instant\u00e1nea - Unipatis\" \/>\n<meta property=\"og:description\" content=\"Preparado en polvo fr\u00edo para flanes cremosos, elaborado con vainilla natural. Utilizar en fr\u00edo.\" \/>\n<meta property=\"og:url\" content=\"https:\/\/www.unipatis.fr\/es\/produit\/crema-pastelera-fria-instantanea\/\" \/>\n<meta property=\"og:site_name\" content=\"Unipatis\" \/>\n<meta property=\"article:publisher\" content=\"https:\/\/www.facebook.com\/unipatis\" \/>\n<meta property=\"article:modified_time\" content=\"2026-04-12T06:31:07+00:00\" \/>\n<meta property=\"og:image\" content=\"https:\/\/www.unipatis.fr\/wp-content\/uploads\/2024\/08\/SAC_creme-patissiere-a-flan-a-chaud_2024_nov-3.png\" \/>\n\t<meta property=\"og:image:width\" content=\"1000\" \/>\n\t<meta property=\"og:image:height\" content=\"1000\" \/>\n\t<meta property=\"og:image:type\" content=\"image\/png\" \/>\n<meta name=\"twitter:card\" content=\"summary_large_image\" \/>\n<script type=\"application\/ld+json\" class=\"yoast-schema-graph\">{\"@context\":\"https:\/\/schema.org\",\"@graph\":[{\"@type\":\"WebPage\",\"@id\":\"https:\/\/www.unipatis.fr\/es\/produit\/crema-pastelera-fria-instantanea\/\",\"url\":\"https:\/\/www.unipatis.fr\/es\/produit\/crema-pastelera-fria-instantanea\/\",\"name\":\"Crema pastelera fr\u00eda instant\u00e1nea - Unipatis\",\"isPartOf\":{\"@id\":\"https:\/\/www.unipatis.fr\/en\/#website\"},\"primaryImageOfPage\":{\"@id\":\"https:\/\/www.unipatis.fr\/es\/produit\/crema-pastelera-fria-instantanea\/#primaryimage\"},\"image\":{\"@id\":\"https:\/\/www.unipatis.fr\/es\/produit\/crema-pastelera-fria-instantanea\/#primaryimage\"},\"thumbnailUrl\":\"https:\/\/www.unipatis.fr\/wp-content\/uploads\/2024\/08\/SAC_creme-patissiere-a-flan-a-chaud_2024_nov-3.png\",\"datePublished\":\"2024-08-19T13:49:34+00:00\",\"dateModified\":\"2026-04-12T06:31:07+00:00\",\"breadcrumb\":{\"@id\":\"https:\/\/www.unipatis.fr\/es\/produit\/crema-pastelera-fria-instantanea\/#breadcrumb\"},\"inLanguage\":\"es\",\"potentialAction\":[{\"@type\":\"ReadAction\",\"target\":[\"https:\/\/www.unipatis.fr\/es\/produit\/crema-pastelera-fria-instantanea\/\"]}]},{\"@type\":\"ImageObject\",\"inLanguage\":\"es\",\"@id\":\"https:\/\/www.unipatis.fr\/es\/produit\/crema-pastelera-fria-instantanea\/#primaryimage\",\"url\":\"https:\/\/www.unipatis.fr\/wp-content\/uploads\/2024\/08\/SAC_creme-patissiere-a-flan-a-chaud_2024_nov-3.png\",\"contentUrl\":\"https:\/\/www.unipatis.fr\/wp-content\/uploads\/2024\/08\/SAC_creme-patissiere-a-flan-a-chaud_2024_nov-3.png\",\"width\":1000,\"height\":1000,\"caption\":\"SAC unipatis crema pastelera caliente\"},{\"@type\":\"BreadcrumbList\",\"@id\":\"https:\/\/www.unipatis.fr\/es\/produit\/crema-pastelera-fria-instantanea\/#breadcrumb\",\"itemListElement\":[{\"@type\":\"ListItem\",\"position\":1,\"name\":\"Accueil\",\"item\":\"https:\/\/www.unipatis.fr\/es\/inicio\/\"},{\"@type\":\"ListItem\",\"position\":2,\"name\":\"Tienda\",\"item\":\"https:\/\/www.unipatis.fr\/es\/tienda\/\"},{\"@type\":\"ListItem\",\"position\":3,\"name\":\"Crema pastelera fr\u00eda instant\u00e1nea\"}]},{\"@type\":\"WebSite\",\"@id\":\"https:\/\/www.unipatis.fr\/en\/#website\",\"url\":\"https:\/\/www.unipatis.fr\/en\/\",\"name\":\"Unipatis\",\"description\":\"Unipatis Maison est une entreprise familiale sp\u00e9cialis\u00e9e dans la fabrication d&#039;ingr\u00e9dients p\u00e2tissiers et chocolatiers depuis quatre g\u00e9n\u00e9rations.\",\"publisher\":{\"@id\":\"https:\/\/www.unipatis.fr\/en\/#organization\"},\"potentialAction\":[{\"@type\":\"SearchAction\",\"target\":{\"@type\":\"EntryPoint\",\"urlTemplate\":\"https:\/\/www.unipatis.fr\/en\/?s={search_term_string}\"},\"query-input\":{\"@type\":\"PropertyValueSpecification\",\"valueRequired\":true,\"valueName\":\"search_term_string\"}}],\"inLanguage\":\"es\"},{\"@type\":\"Organization\",\"@id\":\"https:\/\/www.unipatis.fr\/en\/#organization\",\"name\":\"Unipatis\",\"url\":\"https:\/\/www.unipatis.fr\/en\/\",\"logo\":{\"@type\":\"ImageObject\",\"inLanguage\":\"es\",\"@id\":\"https:\/\/www.unipatis.fr\/en\/#\/schema\/logo\/image\/\",\"url\":\"https:\/\/www.unipatis.fr\/wp-content\/uploads\/2021\/10\/UNIPATIS_logo_flag_2021-1.svg\",\"contentUrl\":\"https:\/\/www.unipatis.fr\/wp-content\/uploads\/2021\/10\/UNIPATIS_logo_flag_2021-1.svg\",\"width\":150,\"height\":184,\"caption\":\"Unipatis\"},\"image\":{\"@id\":\"https:\/\/www.unipatis.fr\/en\/#\/schema\/logo\/image\/\"},\"sameAs\":[\"https:\/\/www.facebook.com\/unipatis\",\"https:\/\/www.instagram.com\/unipatis\",\"https:\/\/www.youtube.com\/@Unipatis\"]}]}<\/script>\n<!-- \/ Yoast SEO plugin. -->","yoast_head_json":{"title":"Crema pastelera fr\u00eda instant\u00e1nea - Unipatis","robots":{"index":"index","follow":"follow","max-snippet":"max-snippet:-1","max-image-preview":"max-image-preview:large","max-video-preview":"max-video-preview:-1"},"canonical":"https:\/\/www.unipatis.fr\/es\/produit\/crema-pastelera-fria-instantanea\/","og_locale":"es_ES","og_type":"article","og_title":"Crema pastelera fr\u00eda instant\u00e1nea - Unipatis","og_description":"Preparado en polvo fr\u00edo para flanes cremosos, elaborado con vainilla natural. Utilizar en fr\u00edo.","og_url":"https:\/\/www.unipatis.fr\/es\/produit\/crema-pastelera-fria-instantanea\/","og_site_name":"Unipatis","article_publisher":"https:\/\/www.facebook.com\/unipatis","article_modified_time":"2026-04-12T06:31:07+00:00","og_image":[{"width":1000,"height":1000,"url":"https:\/\/www.unipatis.fr\/wp-content\/uploads\/2024\/08\/SAC_creme-patissiere-a-flan-a-chaud_2024_nov-3.png","type":"image\/png"}],"twitter_card":"summary_large_image","schema":{"@context":"https:\/\/schema.org","@graph":[{"@type":"WebPage","@id":"https:\/\/www.unipatis.fr\/es\/produit\/crema-pastelera-fria-instantanea\/","url":"https:\/\/www.unipatis.fr\/es\/produit\/crema-pastelera-fria-instantanea\/","name":"Crema pastelera fr\u00eda instant\u00e1nea - Unipatis","isPartOf":{"@id":"https:\/\/www.unipatis.fr\/en\/#website"},"primaryImageOfPage":{"@id":"https:\/\/www.unipatis.fr\/es\/produit\/crema-pastelera-fria-instantanea\/#primaryimage"},"image":{"@id":"https:\/\/www.unipatis.fr\/es\/produit\/crema-pastelera-fria-instantanea\/#primaryimage"},"thumbnailUrl":"https:\/\/www.unipatis.fr\/wp-content\/uploads\/2024\/08\/SAC_creme-patissiere-a-flan-a-chaud_2024_nov-3.png","datePublished":"2024-08-19T13:49:34+00:00","dateModified":"2026-04-12T06:31:07+00:00","breadcrumb":{"@id":"https:\/\/www.unipatis.fr\/es\/produit\/crema-pastelera-fria-instantanea\/#breadcrumb"},"inLanguage":"es","potentialAction":[{"@type":"ReadAction","target":["https:\/\/www.unipatis.fr\/es\/produit\/crema-pastelera-fria-instantanea\/"]}]},{"@type":"ImageObject","inLanguage":"es","@id":"https:\/\/www.unipatis.fr\/es\/produit\/crema-pastelera-fria-instantanea\/#primaryimage","url":"https:\/\/www.unipatis.fr\/wp-content\/uploads\/2024\/08\/SAC_creme-patissiere-a-flan-a-chaud_2024_nov-3.png","contentUrl":"https:\/\/www.unipatis.fr\/wp-content\/uploads\/2024\/08\/SAC_creme-patissiere-a-flan-a-chaud_2024_nov-3.png","width":1000,"height":1000,"caption":"SAC unipatis crema pastelera caliente"},{"@type":"BreadcrumbList","@id":"https:\/\/www.unipatis.fr\/es\/produit\/crema-pastelera-fria-instantanea\/#breadcrumb","itemListElement":[{"@type":"ListItem","position":1,"name":"Accueil","item":"https:\/\/www.unipatis.fr\/es\/inicio\/"},{"@type":"ListItem","position":2,"name":"Tienda","item":"https:\/\/www.unipatis.fr\/es\/tienda\/"},{"@type":"ListItem","position":3,"name":"Crema pastelera fr\u00eda instant\u00e1nea"}]},{"@type":"WebSite","@id":"https:\/\/www.unipatis.fr\/en\/#website","url":"https:\/\/www.unipatis.fr\/en\/","name":"Unipatis","description":"Unipatis Maison est une entreprise familiale sp\u00e9cialis\u00e9e dans la fabrication d&#039;ingr\u00e9dients p\u00e2tissiers et chocolatiers depuis quatre g\u00e9n\u00e9rations.","publisher":{"@id":"https:\/\/www.unipatis.fr\/en\/#organization"},"potentialAction":[{"@type":"SearchAction","target":{"@type":"EntryPoint","urlTemplate":"https:\/\/www.unipatis.fr\/en\/?s={search_term_string}"},"query-input":{"@type":"PropertyValueSpecification","valueRequired":true,"valueName":"search_term_string"}}],"inLanguage":"es"},{"@type":"Organization","@id":"https:\/\/www.unipatis.fr\/en\/#organization","name":"Unipatis","url":"https:\/\/www.unipatis.fr\/en\/","logo":{"@type":"ImageObject","inLanguage":"es","@id":"https:\/\/www.unipatis.fr\/en\/#\/schema\/logo\/image\/","url":"https:\/\/www.unipatis.fr\/wp-content\/uploads\/2021\/10\/UNIPATIS_logo_flag_2021-1.svg","contentUrl":"https:\/\/www.unipatis.fr\/wp-content\/uploads\/2021\/10\/UNIPATIS_logo_flag_2021-1.svg","width":150,"height":184,"caption":"Unipatis"},"image":{"@id":"https:\/\/www.unipatis.fr\/en\/#\/schema\/logo\/image\/"},"sameAs":["https:\/\/www.facebook.com\/unipatis","https:\/\/www.instagram.com\/unipatis","https:\/\/www.youtube.com\/@Unipatis"]}]}},"_links":{"self":[{"href":"https:\/\/www.unipatis.fr\/es\/wp-json\/wp\/v2\/product\/11675","targetHints":{"allow":["GET"]}}],"collection":[{"href":"https:\/\/www.unipatis.fr\/es\/wp-json\/wp\/v2\/product"}],"about":[{"href":"https:\/\/www.unipatis.fr\/es\/wp-json\/wp\/v2\/types\/product"}],"replies":[{"embeddable":true,"href":"https:\/\/www.unipatis.fr\/es\/wp-json\/wp\/v2\/comments?post=11675"}],"version-history":[{"count":1,"href":"https:\/\/www.unipatis.fr\/es\/wp-json\/wp\/v2\/product\/11675\/revisions"}],"predecessor-version":[{"id":27906,"href":"https:\/\/www.unipatis.fr\/es\/wp-json\/wp\/v2\/product\/11675\/revisions\/27906"}],"wp:featuredmedia":[{"embeddable":true,"href":"https:\/\/www.unipatis.fr\/es\/wp-json\/wp\/v2\/media\/22282"}],"wp:attachment":[{"href":"https:\/\/www.unipatis.fr\/es\/wp-json\/wp\/v2\/media?parent=11675"}],"wp:term":[{"taxonomy":"product_brand","embeddable":true,"href":"https:\/\/www.unipatis.fr\/es\/wp-json\/wp\/v2\/product_brand?post=11675"},{"taxonomy":"product_cat","embeddable":true,"href":"https:\/\/www.unipatis.fr\/es\/wp-json\/wp\/v2\/product_cat?post=11675"},{"taxonomy":"product_tag","embeddable":true,"href":"https:\/\/www.unipatis.fr\/es\/wp-json\/wp\/v2\/product_tag?post=11675"}],"curies":[{"name":"wp","href":"https:\/\/api.w.org\/{rel}","templated":true}]}}