{"id":12454,"date":"2022-05-17T11:03:09","date_gmt":"2022-05-17T09:03:09","guid":{"rendered":"https:\/\/www.unipatis.fr\/produit\/platano-en-polvo\/"},"modified":"2024-08-23T13:42:44","modified_gmt":"2024-08-23T11:42:44","slug":"platano-en-polvo","status":"publish","type":"product","link":"https:\/\/www.unipatis.fr\/es\/produit\/platano-en-polvo\/","title":{"rendered":"Pl\u00e1tano en polvo"},"content":{"rendered":"<p>Pl\u00e1tano liofilizado en polvo, 100% fruta y natural.<br \/>\nPara aromatizar tus cremas, galletas, macarrones, chocolate y ganaches.<br \/>\nEstos polvos de fruta se pueden mezclar directamente en todas las preparaciones sin diluci\u00f3n previa.<br \/>\nIdeal para todos los aparatos que no soportan el agua, como el chocolate y las cremas.   <\/p>\n","protected":false},"excerpt":{"rendered":"<p>Pl\u00e1tano liofilizado en polvo, 100% fruta y 100% natural.<\/p>\n","protected":false},"featured_media":12455,"comment_status":"closed","ping_status":"closed","template":"","meta":{"_acf_changed":false,"inline_featured_image":false},"product_brand":[],"product_cat":[449],"product_tag":[],"class_list":{"0":"post-12454","1":"product","2":"type-product","3":"status-publish","4":"has-post-thumbnail","6":"product_cat-23-aroma-natural","7":"sales-flash-overlay","8":"woocommerce-text-align-center","9":"woocommerce-image-align-center","10":"do-quantity-buttons","12":"first","13":"instock","14":"shipping-taxable","15":"product-type-simple"},"acf":[],"yoast_head":"<!-- This site is optimized with the Yoast SEO plugin v27.2 - https:\/\/yoast.com\/product\/yoast-seo-wordpress\/ -->\n<title>Pl\u00e1tano en polvo - Unipatis<\/title>\n<meta name=\"description\" content=\"Pl\u00e1tano liofilizado en polvo, 100% fruta y natural. Para aromatizar tus cremas, galletas, macarrones, chocolate y ganaches.\" \/>\n<meta name=\"robots\" content=\"index, follow, max-snippet:-1, max-image-preview:large, max-video-preview:-1\" \/>\n<link rel=\"canonical\" href=\"https:\/\/www.unipatis.fr\/?post_type=product&p=8615\" \/>\n<meta property=\"og:locale\" content=\"es_ES\" \/>\n<meta property=\"og:type\" content=\"article\" \/>\n<meta property=\"og:title\" content=\"Pl\u00e1tano en polvo - Unipatis\" \/>\n<meta property=\"og:description\" content=\"Pl\u00e1tano liofilizado en polvo, 100% fruta y natural. Para aromatizar tus cremas, galletas, macarrones, chocolate y ganaches.\" \/>\n<meta property=\"og:url\" content=\"https:\/\/www.unipatis.fr\/?post_type=product&amp;p=8615\" \/>\n<meta property=\"og:site_name\" content=\"Unipatis\" \/>\n<meta property=\"article:publisher\" content=\"https:\/\/www.facebook.com\/unipatis\" \/>\n<meta property=\"article:modified_time\" content=\"2024-08-23T11:42:44+00:00\" \/>\n<meta property=\"og:image\" content=\"https:\/\/www.unipatis.fr\/wp-content\/uploads\/2022\/05\/pot_poudre_banane.jpg\" \/>\n\t<meta property=\"og:image:width\" content=\"1300\" \/>\n\t<meta property=\"og:image:height\" content=\"1300\" \/>\n\t<meta property=\"og:image:type\" content=\"image\/jpeg\" \/>\n<meta name=\"twitter:card\" content=\"summary_large_image\" \/>\n<script type=\"application\/ld+json\" class=\"yoast-schema-graph\">{\"@context\":\"https:\/\/schema.org\",\"@graph\":[{\"@type\":\"WebPage\",\"@id\":\"https:\/\/www.unipatis.fr\/?post_type=product&p=8615\",\"url\":\"https:\/\/www.unipatis.fr\/?post_type=product&p=8615\",\"name\":\"Pl\u00e1tano en polvo - Unipatis\",\"isPartOf\":{\"@id\":\"https:\/\/www.unipatis.fr\/en\/#website\"},\"primaryImageOfPage\":{\"@id\":\"https:\/\/www.unipatis.fr\/?post_type=product&p=8615#primaryimage\"},\"image\":{\"@id\":\"https:\/\/www.unipatis.fr\/?post_type=product&p=8615#primaryimage\"},\"thumbnailUrl\":\"https:\/\/www.unipatis.fr\/wp-content\/uploads\/2022\/05\/pot_poudre_banane.jpg\",\"datePublished\":\"2022-05-17T09:03:09+00:00\",\"dateModified\":\"2024-08-23T11:42:44+00:00\",\"description\":\"Pl\u00e1tano liofilizado en polvo, 100% fruta y natural. Para aromatizar tus cremas, galletas, macarrones, chocolate y ganaches.\",\"breadcrumb\":{\"@id\":\"https:\/\/www.unipatis.fr\/?post_type=product&p=8615#breadcrumb\"},\"inLanguage\":\"es\",\"potentialAction\":[{\"@type\":\"ReadAction\",\"target\":[\"https:\/\/www.unipatis.fr\/?post_type=product&p=8615\"]}]},{\"@type\":\"ImageObject\",\"inLanguage\":\"es\",\"@id\":\"https:\/\/www.unipatis.fr\/?post_type=product&p=8615#primaryimage\",\"url\":\"https:\/\/www.unipatis.fr\/wp-content\/uploads\/2022\/05\/pot_poudre_banane.jpg\",\"contentUrl\":\"https:\/\/www.unipatis.fr\/wp-content\/uploads\/2022\/05\/pot_poudre_banane.jpg\",\"width\":1300,\"height\":1300},{\"@type\":\"BreadcrumbList\",\"@id\":\"https:\/\/www.unipatis.fr\/?post_type=product&p=8615#breadcrumb\",\"itemListElement\":[{\"@type\":\"ListItem\",\"position\":1,\"name\":\"Accueil\",\"item\":\"https:\/\/www.unipatis.fr\/es\/inicio\/\"},{\"@type\":\"ListItem\",\"position\":2,\"name\":\"Tienda\",\"item\":\"https:\/\/www.unipatis.fr\/es\/tienda\/\"},{\"@type\":\"ListItem\",\"position\":3,\"name\":\"Pl\u00e1tano en polvo\"}]},{\"@type\":\"WebSite\",\"@id\":\"https:\/\/www.unipatis.fr\/en\/#website\",\"url\":\"https:\/\/www.unipatis.fr\/en\/\",\"name\":\"Unipatis\",\"description\":\"Unipatis Maison est une entreprise familiale sp\u00e9cialis\u00e9e dans la fabrication d&#039;ingr\u00e9dients p\u00e2tissiers et chocolatiers depuis quatre g\u00e9n\u00e9rations.\",\"publisher\":{\"@id\":\"https:\/\/www.unipatis.fr\/en\/#organization\"},\"potentialAction\":[{\"@type\":\"SearchAction\",\"target\":{\"@type\":\"EntryPoint\",\"urlTemplate\":\"https:\/\/www.unipatis.fr\/en\/?s={search_term_string}\"},\"query-input\":{\"@type\":\"PropertyValueSpecification\",\"valueRequired\":true,\"valueName\":\"search_term_string\"}}],\"inLanguage\":\"es\"},{\"@type\":\"Organization\",\"@id\":\"https:\/\/www.unipatis.fr\/en\/#organization\",\"name\":\"Unipatis\",\"url\":\"https:\/\/www.unipatis.fr\/en\/\",\"logo\":{\"@type\":\"ImageObject\",\"inLanguage\":\"es\",\"@id\":\"https:\/\/www.unipatis.fr\/en\/#\/schema\/logo\/image\/\",\"url\":\"https:\/\/www.unipatis.fr\/wp-content\/uploads\/2021\/10\/UNIPATIS_logo_flag_2021-1.svg\",\"contentUrl\":\"https:\/\/www.unipatis.fr\/wp-content\/uploads\/2021\/10\/UNIPATIS_logo_flag_2021-1.svg\",\"width\":150,\"height\":184,\"caption\":\"Unipatis\"},\"image\":{\"@id\":\"https:\/\/www.unipatis.fr\/en\/#\/schema\/logo\/image\/\"},\"sameAs\":[\"https:\/\/www.facebook.com\/unipatis\",\"https:\/\/www.instagram.com\/unipatis\",\"https:\/\/www.youtube.com\/@Unipatis\"]}]}<\/script>\n<!-- \/ Yoast SEO plugin. -->","yoast_head_json":{"title":"Pl\u00e1tano en polvo - Unipatis","description":"Pl\u00e1tano liofilizado en polvo, 100% fruta y natural. Para aromatizar tus cremas, galletas, macarrones, chocolate y ganaches.","robots":{"index":"index","follow":"follow","max-snippet":"max-snippet:-1","max-image-preview":"max-image-preview:large","max-video-preview":"max-video-preview:-1"},"canonical":"https:\/\/www.unipatis.fr\/?post_type=product&p=8615","og_locale":"es_ES","og_type":"article","og_title":"Pl\u00e1tano en polvo - Unipatis","og_description":"Pl\u00e1tano liofilizado en polvo, 100% fruta y natural. Para aromatizar tus cremas, galletas, macarrones, chocolate y ganaches.","og_url":"https:\/\/www.unipatis.fr\/?post_type=product&p=8615","og_site_name":"Unipatis","article_publisher":"https:\/\/www.facebook.com\/unipatis","article_modified_time":"2024-08-23T11:42:44+00:00","og_image":[{"width":1300,"height":1300,"url":"https:\/\/www.unipatis.fr\/wp-content\/uploads\/2022\/05\/pot_poudre_banane.jpg","type":"image\/jpeg"}],"twitter_card":"summary_large_image","schema":{"@context":"https:\/\/schema.org","@graph":[{"@type":"WebPage","@id":"https:\/\/www.unipatis.fr\/?post_type=product&p=8615","url":"https:\/\/www.unipatis.fr\/?post_type=product&p=8615","name":"Pl\u00e1tano en polvo - Unipatis","isPartOf":{"@id":"https:\/\/www.unipatis.fr\/en\/#website"},"primaryImageOfPage":{"@id":"https:\/\/www.unipatis.fr\/?post_type=product&p=8615#primaryimage"},"image":{"@id":"https:\/\/www.unipatis.fr\/?post_type=product&p=8615#primaryimage"},"thumbnailUrl":"https:\/\/www.unipatis.fr\/wp-content\/uploads\/2022\/05\/pot_poudre_banane.jpg","datePublished":"2022-05-17T09:03:09+00:00","dateModified":"2024-08-23T11:42:44+00:00","description":"Pl\u00e1tano liofilizado en polvo, 100% fruta y natural. Para aromatizar tus cremas, galletas, macarrones, chocolate y ganaches.","breadcrumb":{"@id":"https:\/\/www.unipatis.fr\/?post_type=product&p=8615#breadcrumb"},"inLanguage":"es","potentialAction":[{"@type":"ReadAction","target":["https:\/\/www.unipatis.fr\/?post_type=product&p=8615"]}]},{"@type":"ImageObject","inLanguage":"es","@id":"https:\/\/www.unipatis.fr\/?post_type=product&p=8615#primaryimage","url":"https:\/\/www.unipatis.fr\/wp-content\/uploads\/2022\/05\/pot_poudre_banane.jpg","contentUrl":"https:\/\/www.unipatis.fr\/wp-content\/uploads\/2022\/05\/pot_poudre_banane.jpg","width":1300,"height":1300},{"@type":"BreadcrumbList","@id":"https:\/\/www.unipatis.fr\/?post_type=product&p=8615#breadcrumb","itemListElement":[{"@type":"ListItem","position":1,"name":"Accueil","item":"https:\/\/www.unipatis.fr\/es\/inicio\/"},{"@type":"ListItem","position":2,"name":"Tienda","item":"https:\/\/www.unipatis.fr\/es\/tienda\/"},{"@type":"ListItem","position":3,"name":"Pl\u00e1tano en polvo"}]},{"@type":"WebSite","@id":"https:\/\/www.unipatis.fr\/en\/#website","url":"https:\/\/www.unipatis.fr\/en\/","name":"Unipatis","description":"Unipatis Maison est une entreprise familiale sp\u00e9cialis\u00e9e dans la fabrication d&#039;ingr\u00e9dients p\u00e2tissiers et chocolatiers depuis quatre g\u00e9n\u00e9rations.","publisher":{"@id":"https:\/\/www.unipatis.fr\/en\/#organization"},"potentialAction":[{"@type":"SearchAction","target":{"@type":"EntryPoint","urlTemplate":"https:\/\/www.unipatis.fr\/en\/?s={search_term_string}"},"query-input":{"@type":"PropertyValueSpecification","valueRequired":true,"valueName":"search_term_string"}}],"inLanguage":"es"},{"@type":"Organization","@id":"https:\/\/www.unipatis.fr\/en\/#organization","name":"Unipatis","url":"https:\/\/www.unipatis.fr\/en\/","logo":{"@type":"ImageObject","inLanguage":"es","@id":"https:\/\/www.unipatis.fr\/en\/#\/schema\/logo\/image\/","url":"https:\/\/www.unipatis.fr\/wp-content\/uploads\/2021\/10\/UNIPATIS_logo_flag_2021-1.svg","contentUrl":"https:\/\/www.unipatis.fr\/wp-content\/uploads\/2021\/10\/UNIPATIS_logo_flag_2021-1.svg","width":150,"height":184,"caption":"Unipatis"},"image":{"@id":"https:\/\/www.unipatis.fr\/en\/#\/schema\/logo\/image\/"},"sameAs":["https:\/\/www.facebook.com\/unipatis","https:\/\/www.instagram.com\/unipatis","https:\/\/www.youtube.com\/@Unipatis"]}]}},"_links":{"self":[{"href":"https:\/\/www.unipatis.fr\/es\/wp-json\/wp\/v2\/product\/12454","targetHints":{"allow":["GET"]}}],"collection":[{"href":"https:\/\/www.unipatis.fr\/es\/wp-json\/wp\/v2\/product"}],"about":[{"href":"https:\/\/www.unipatis.fr\/es\/wp-json\/wp\/v2\/types\/product"}],"replies":[{"embeddable":true,"href":"https:\/\/www.unipatis.fr\/es\/wp-json\/wp\/v2\/comments?post=12454"}],"version-history":[{"count":0,"href":"https:\/\/www.unipatis.fr\/es\/wp-json\/wp\/v2\/product\/12454\/revisions"}],"wp:featuredmedia":[{"embeddable":true,"href":"https:\/\/www.unipatis.fr\/es\/wp-json\/wp\/v2\/media\/12455"}],"wp:attachment":[{"href":"https:\/\/www.unipatis.fr\/es\/wp-json\/wp\/v2\/media?parent=12454"}],"wp:term":[{"taxonomy":"product_brand","embeddable":true,"href":"https:\/\/www.unipatis.fr\/es\/wp-json\/wp\/v2\/product_brand?post=12454"},{"taxonomy":"product_cat","embeddable":true,"href":"https:\/\/www.unipatis.fr\/es\/wp-json\/wp\/v2\/product_cat?post=12454"},{"taxonomy":"product_tag","embeddable":true,"href":"https:\/\/www.unipatis.fr\/es\/wp-json\/wp\/v2\/product_tag?post=12454"}],"curies":[{"name":"wp","href":"https:\/\/api.w.org\/{rel}","templated":true}]}}