{"id":13206,"date":"2022-02-11T12:11:45","date_gmt":"2022-02-11T11:11:45","guid":{"rendered":"https:\/\/www.unipatis.fr\/produit\/gelatina-bavara-cerdo-3\/"},"modified":"2026-04-10T12:19:03","modified_gmt":"2026-04-10T10:19:03","slug":"gelatina-bavara-cerdo-3","status":"publish","type":"product","link":"https:\/\/www.unipatis.fr\/es\/produit\/gelatina-bavara-cerdo-3\/","title":{"rendered":"Gelatina b\u00e1vara (cerdo)"},"content":{"rendered":"","protected":false},"excerpt":{"rendered":"<p>Preparados gelificantes neutros en polvo para mousses, bavaroises y cremas.<\/p>\n","protected":false},"featured_media":13208,"comment_status":"closed","ping_status":"closed","template":"","meta":{"_acf_changed":false,"inline_featured_image":false},"product_brand":[],"product_cat":[422,517],"product_tag":[],"class_list":{"0":"post-13206","1":"product","2":"type-product","3":"status-publish","4":"has-post-thumbnail","6":"product_cat-13-preparados-de-mousse-y-bavarois","7":"product_cat-espumas-de-gelatina","8":"sales-flash-overlay","9":"woocommerce-text-align-center","10":"woocommerce-image-align-center","11":"do-quantity-buttons","13":"first","14":"instock","15":"product-type-simple"},"acf":[],"yoast_head":"<!-- This site is optimized with the Yoast SEO plugin v27.2 - https:\/\/yoast.com\/product\/yoast-seo-wordpress\/ -->\n<title>Gelatina b\u00e1vara (cerdo) - Unipatis<\/title>\n<meta name=\"robots\" content=\"index, follow, max-snippet:-1, max-image-preview:large, max-video-preview:-1\" \/>\n<link rel=\"canonical\" href=\"https:\/\/www.unipatis.fr\/es\/produit\/gelatina-bavara-cerdo-3\/\" \/>\n<meta property=\"og:locale\" content=\"es_ES\" \/>\n<meta property=\"og:type\" content=\"article\" \/>\n<meta property=\"og:title\" content=\"Gelatina b\u00e1vara (cerdo) - Unipatis\" \/>\n<meta property=\"og:description\" content=\"Preparados gelificantes neutros en polvo para mousses, bavaroises y cremas.\" \/>\n<meta property=\"og:url\" content=\"https:\/\/www.unipatis.fr\/es\/produit\/gelatina-bavara-cerdo-3\/\" \/>\n<meta property=\"og:site_name\" content=\"Unipatis\" \/>\n<meta property=\"article:publisher\" content=\"https:\/\/www.facebook.com\/unipatis\" \/>\n<meta property=\"article:modified_time\" content=\"2026-04-10T10:19:03+00:00\" \/>\n<meta property=\"og:image\" content=\"https:\/\/www.unipatis.fr\/wp-content\/uploads\/2022\/02\/CARTON_gelee_bavaroise_porcine_2024_juillet.png\" \/>\n\t<meta property=\"og:image:width\" content=\"1000\" \/>\n\t<meta property=\"og:image:height\" content=\"1000\" \/>\n\t<meta property=\"og:image:type\" content=\"image\/png\" \/>\n<meta name=\"twitter:card\" content=\"summary_large_image\" \/>\n<script type=\"application\/ld+json\" class=\"yoast-schema-graph\">{\"@context\":\"https:\/\/schema.org\",\"@graph\":[{\"@type\":\"WebPage\",\"@id\":\"https:\/\/www.unipatis.fr\/es\/produit\/gelatina-bavara-cerdo-3\/\",\"url\":\"https:\/\/www.unipatis.fr\/es\/produit\/gelatina-bavara-cerdo-3\/\",\"name\":\"Gelatina b\u00e1vara (cerdo) - Unipatis\",\"isPartOf\":{\"@id\":\"https:\/\/www.unipatis.fr\/en\/#website\"},\"primaryImageOfPage\":{\"@id\":\"https:\/\/www.unipatis.fr\/es\/produit\/gelatina-bavara-cerdo-3\/#primaryimage\"},\"image\":{\"@id\":\"https:\/\/www.unipatis.fr\/es\/produit\/gelatina-bavara-cerdo-3\/#primaryimage\"},\"thumbnailUrl\":\"https:\/\/www.unipatis.fr\/wp-content\/uploads\/2022\/02\/CARTON_gelee_bavaroise_porcine_2024_juillet.png\",\"datePublished\":\"2022-02-11T11:11:45+00:00\",\"dateModified\":\"2026-04-10T10:19:03+00:00\",\"breadcrumb\":{\"@id\":\"https:\/\/www.unipatis.fr\/es\/produit\/gelatina-bavara-cerdo-3\/#breadcrumb\"},\"inLanguage\":\"es\",\"potentialAction\":[{\"@type\":\"ReadAction\",\"target\":[\"https:\/\/www.unipatis.fr\/es\/produit\/gelatina-bavara-cerdo-3\/\"]}]},{\"@type\":\"ImageObject\",\"inLanguage\":\"es\",\"@id\":\"https:\/\/www.unipatis.fr\/es\/produit\/gelatina-bavara-cerdo-3\/#primaryimage\",\"url\":\"https:\/\/www.unipatis.fr\/wp-content\/uploads\/2022\/02\/CARTON_gelee_bavaroise_porcine_2024_juillet.png\",\"contentUrl\":\"https:\/\/www.unipatis.fr\/wp-content\/uploads\/2022\/02\/CARTON_gelee_bavaroise_porcine_2024_juillet.png\",\"width\":1000,\"height\":1000,\"caption\":\"Unipatis_porcina_jalea_b\u00e1vara\"},{\"@type\":\"BreadcrumbList\",\"@id\":\"https:\/\/www.unipatis.fr\/es\/produit\/gelatina-bavara-cerdo-3\/#breadcrumb\",\"itemListElement\":[{\"@type\":\"ListItem\",\"position\":1,\"name\":\"Accueil\",\"item\":\"https:\/\/www.unipatis.fr\/es\/inicio\/\"},{\"@type\":\"ListItem\",\"position\":2,\"name\":\"Tienda\",\"item\":\"https:\/\/www.unipatis.fr\/es\/tienda\/\"},{\"@type\":\"ListItem\",\"position\":3,\"name\":\"Gelatina b\u00e1vara (cerdo)\"}]},{\"@type\":\"WebSite\",\"@id\":\"https:\/\/www.unipatis.fr\/en\/#website\",\"url\":\"https:\/\/www.unipatis.fr\/en\/\",\"name\":\"Unipatis\",\"description\":\"Unipatis Maison est une entreprise familiale sp\u00e9cialis\u00e9e dans la fabrication d&#039;ingr\u00e9dients p\u00e2tissiers et chocolatiers depuis quatre g\u00e9n\u00e9rations.\",\"publisher\":{\"@id\":\"https:\/\/www.unipatis.fr\/en\/#organization\"},\"potentialAction\":[{\"@type\":\"SearchAction\",\"target\":{\"@type\":\"EntryPoint\",\"urlTemplate\":\"https:\/\/www.unipatis.fr\/en\/?s={search_term_string}\"},\"query-input\":{\"@type\":\"PropertyValueSpecification\",\"valueRequired\":true,\"valueName\":\"search_term_string\"}}],\"inLanguage\":\"es\"},{\"@type\":\"Organization\",\"@id\":\"https:\/\/www.unipatis.fr\/en\/#organization\",\"name\":\"Unipatis\",\"url\":\"https:\/\/www.unipatis.fr\/en\/\",\"logo\":{\"@type\":\"ImageObject\",\"inLanguage\":\"es\",\"@id\":\"https:\/\/www.unipatis.fr\/en\/#\/schema\/logo\/image\/\",\"url\":\"https:\/\/www.unipatis.fr\/wp-content\/uploads\/2021\/10\/UNIPATIS_logo_flag_2021-1.svg\",\"contentUrl\":\"https:\/\/www.unipatis.fr\/wp-content\/uploads\/2021\/10\/UNIPATIS_logo_flag_2021-1.svg\",\"width\":150,\"height\":184,\"caption\":\"Unipatis\"},\"image\":{\"@id\":\"https:\/\/www.unipatis.fr\/en\/#\/schema\/logo\/image\/\"},\"sameAs\":[\"https:\/\/www.facebook.com\/unipatis\",\"https:\/\/www.instagram.com\/unipatis\",\"https:\/\/www.youtube.com\/@Unipatis\"]}]}<\/script>\n<!-- \/ Yoast SEO plugin. -->","yoast_head_json":{"title":"Gelatina b\u00e1vara (cerdo) - Unipatis","robots":{"index":"index","follow":"follow","max-snippet":"max-snippet:-1","max-image-preview":"max-image-preview:large","max-video-preview":"max-video-preview:-1"},"canonical":"https:\/\/www.unipatis.fr\/es\/produit\/gelatina-bavara-cerdo-3\/","og_locale":"es_ES","og_type":"article","og_title":"Gelatina b\u00e1vara (cerdo) - Unipatis","og_description":"Preparados gelificantes neutros en polvo para mousses, bavaroises y cremas.","og_url":"https:\/\/www.unipatis.fr\/es\/produit\/gelatina-bavara-cerdo-3\/","og_site_name":"Unipatis","article_publisher":"https:\/\/www.facebook.com\/unipatis","article_modified_time":"2026-04-10T10:19:03+00:00","og_image":[{"width":1000,"height":1000,"url":"https:\/\/www.unipatis.fr\/wp-content\/uploads\/2022\/02\/CARTON_gelee_bavaroise_porcine_2024_juillet.png","type":"image\/png"}],"twitter_card":"summary_large_image","schema":{"@context":"https:\/\/schema.org","@graph":[{"@type":"WebPage","@id":"https:\/\/www.unipatis.fr\/es\/produit\/gelatina-bavara-cerdo-3\/","url":"https:\/\/www.unipatis.fr\/es\/produit\/gelatina-bavara-cerdo-3\/","name":"Gelatina b\u00e1vara (cerdo) - Unipatis","isPartOf":{"@id":"https:\/\/www.unipatis.fr\/en\/#website"},"primaryImageOfPage":{"@id":"https:\/\/www.unipatis.fr\/es\/produit\/gelatina-bavara-cerdo-3\/#primaryimage"},"image":{"@id":"https:\/\/www.unipatis.fr\/es\/produit\/gelatina-bavara-cerdo-3\/#primaryimage"},"thumbnailUrl":"https:\/\/www.unipatis.fr\/wp-content\/uploads\/2022\/02\/CARTON_gelee_bavaroise_porcine_2024_juillet.png","datePublished":"2022-02-11T11:11:45+00:00","dateModified":"2026-04-10T10:19:03+00:00","breadcrumb":{"@id":"https:\/\/www.unipatis.fr\/es\/produit\/gelatina-bavara-cerdo-3\/#breadcrumb"},"inLanguage":"es","potentialAction":[{"@type":"ReadAction","target":["https:\/\/www.unipatis.fr\/es\/produit\/gelatina-bavara-cerdo-3\/"]}]},{"@type":"ImageObject","inLanguage":"es","@id":"https:\/\/www.unipatis.fr\/es\/produit\/gelatina-bavara-cerdo-3\/#primaryimage","url":"https:\/\/www.unipatis.fr\/wp-content\/uploads\/2022\/02\/CARTON_gelee_bavaroise_porcine_2024_juillet.png","contentUrl":"https:\/\/www.unipatis.fr\/wp-content\/uploads\/2022\/02\/CARTON_gelee_bavaroise_porcine_2024_juillet.png","width":1000,"height":1000,"caption":"Unipatis_porcina_jalea_b\u00e1vara"},{"@type":"BreadcrumbList","@id":"https:\/\/www.unipatis.fr\/es\/produit\/gelatina-bavara-cerdo-3\/#breadcrumb","itemListElement":[{"@type":"ListItem","position":1,"name":"Accueil","item":"https:\/\/www.unipatis.fr\/es\/inicio\/"},{"@type":"ListItem","position":2,"name":"Tienda","item":"https:\/\/www.unipatis.fr\/es\/tienda\/"},{"@type":"ListItem","position":3,"name":"Gelatina b\u00e1vara (cerdo)"}]},{"@type":"WebSite","@id":"https:\/\/www.unipatis.fr\/en\/#website","url":"https:\/\/www.unipatis.fr\/en\/","name":"Unipatis","description":"Unipatis Maison est une entreprise familiale sp\u00e9cialis\u00e9e dans la fabrication d&#039;ingr\u00e9dients p\u00e2tissiers et chocolatiers depuis quatre g\u00e9n\u00e9rations.","publisher":{"@id":"https:\/\/www.unipatis.fr\/en\/#organization"},"potentialAction":[{"@type":"SearchAction","target":{"@type":"EntryPoint","urlTemplate":"https:\/\/www.unipatis.fr\/en\/?s={search_term_string}"},"query-input":{"@type":"PropertyValueSpecification","valueRequired":true,"valueName":"search_term_string"}}],"inLanguage":"es"},{"@type":"Organization","@id":"https:\/\/www.unipatis.fr\/en\/#organization","name":"Unipatis","url":"https:\/\/www.unipatis.fr\/en\/","logo":{"@type":"ImageObject","inLanguage":"es","@id":"https:\/\/www.unipatis.fr\/en\/#\/schema\/logo\/image\/","url":"https:\/\/www.unipatis.fr\/wp-content\/uploads\/2021\/10\/UNIPATIS_logo_flag_2021-1.svg","contentUrl":"https:\/\/www.unipatis.fr\/wp-content\/uploads\/2021\/10\/UNIPATIS_logo_flag_2021-1.svg","width":150,"height":184,"caption":"Unipatis"},"image":{"@id":"https:\/\/www.unipatis.fr\/en\/#\/schema\/logo\/image\/"},"sameAs":["https:\/\/www.facebook.com\/unipatis","https:\/\/www.instagram.com\/unipatis","https:\/\/www.youtube.com\/@Unipatis"]}]}},"_links":{"self":[{"href":"https:\/\/www.unipatis.fr\/es\/wp-json\/wp\/v2\/product\/13206","targetHints":{"allow":["GET"]}}],"collection":[{"href":"https:\/\/www.unipatis.fr\/es\/wp-json\/wp\/v2\/product"}],"about":[{"href":"https:\/\/www.unipatis.fr\/es\/wp-json\/wp\/v2\/types\/product"}],"replies":[{"embeddable":true,"href":"https:\/\/www.unipatis.fr\/es\/wp-json\/wp\/v2\/comments?post=13206"}],"version-history":[{"count":1,"href":"https:\/\/www.unipatis.fr\/es\/wp-json\/wp\/v2\/product\/13206\/revisions"}],"predecessor-version":[{"id":27221,"href":"https:\/\/www.unipatis.fr\/es\/wp-json\/wp\/v2\/product\/13206\/revisions\/27221"}],"wp:featuredmedia":[{"embeddable":true,"href":"https:\/\/www.unipatis.fr\/es\/wp-json\/wp\/v2\/media\/13208"}],"wp:attachment":[{"href":"https:\/\/www.unipatis.fr\/es\/wp-json\/wp\/v2\/media?parent=13206"}],"wp:term":[{"taxonomy":"product_brand","embeddable":true,"href":"https:\/\/www.unipatis.fr\/es\/wp-json\/wp\/v2\/product_brand?post=13206"},{"taxonomy":"product_cat","embeddable":true,"href":"https:\/\/www.unipatis.fr\/es\/wp-json\/wp\/v2\/product_cat?post=13206"},{"taxonomy":"product_tag","embeddable":true,"href":"https:\/\/www.unipatis.fr\/es\/wp-json\/wp\/v2\/product_tag?post=13206"}],"curies":[{"name":"wp","href":"https:\/\/api.w.org\/{rel}","templated":true}]}}