{"id":13705,"date":"2022-02-11T12:10:59","date_gmt":"2022-02-11T11:10:59","guid":{"rendered":"https:\/\/www.unipatis.fr\/produit\/relleno-negro-crujiente-con-copos-de-haba-de-cacao\/"},"modified":"2026-04-09T10:26:33","modified_gmt":"2026-04-09T08:26:33","slug":"relleno-negro-crujiente-con-copos-de-haba-de-cacao","status":"publish","type":"product","link":"https:\/\/www.unipatis.fr\/es\/produit\/relleno-negro-crujiente-con-copos-de-haba-de-cacao\/","title":{"rendered":"Chips Oscuros de Granos de Cacao Rellenos y Crujientes"},"content":{"rendered":"","protected":false},"excerpt":{"rendered":"<p>Relleno crujiente elaborado con cobertura de chocolate negro, manteca de cacao puro y habas de cacao tostadas y luego trituradas. Para entremets, tartas, \u00e9clairs, helados e interiores de bombones de chocolate. <\/p>\n<p>Sin aceite de palma.<\/p>\n","protected":false},"featured_media":13708,"comment_status":"closed","ping_status":"closed","template":"","meta":{"_acf_changed":false,"inline_featured_image":false},"product_brand":[],"product_cat":[446,537],"product_tag":[],"class_list":{"0":"post-13705","1":"product","2":"type-product","3":"status-publish","4":"has-post-thumbnail","6":"product_cat-01-rellenos-crujientes","7":"product_cat-forrajes-convencionales","8":"sales-flash-overlay","9":"woocommerce-text-align-center","10":"woocommerce-image-align-center","11":"do-quantity-buttons","13":"first","14":"instock","15":"product-type-simple"},"acf":[],"yoast_head":"<!-- This site is optimized with the Yoast SEO plugin v27.2 - https:\/\/yoast.com\/product\/yoast-seo-wordpress\/ -->\n<title>Chips Oscuros de Granos de Cacao Rellenos y Crujientes - Unipatis<\/title>\n<meta name=\"description\" content=\"Relleno crujiente hecho con chocolate negro, trocitos de galleta y granos de cacao tostados y luego triturados. Sin aceite de palma.\" \/>\n<meta name=\"robots\" content=\"index, follow, max-snippet:-1, max-image-preview:large, max-video-preview:-1\" \/>\n<link rel=\"canonical\" href=\"https:\/\/www.unipatis.fr\/es\/produit\/relleno-negro-crujiente-con-copos-de-haba-de-cacao\/\" \/>\n<meta property=\"og:locale\" content=\"es_ES\" \/>\n<meta property=\"og:type\" content=\"article\" \/>\n<meta property=\"og:title\" content=\"Chips Oscuros de Granos de Cacao Rellenos y Crujientes - Unipatis\" \/>\n<meta property=\"og:description\" content=\"Relleno crujiente hecho con chocolate negro, trocitos de galleta y granos de cacao tostados y luego triturados. Sin aceite de palma.\" \/>\n<meta property=\"og:url\" content=\"https:\/\/www.unipatis.fr\/es\/produit\/relleno-negro-crujiente-con-copos-de-haba-de-cacao\/\" \/>\n<meta property=\"og:site_name\" content=\"Unipatis\" \/>\n<meta property=\"article:publisher\" content=\"https:\/\/www.facebook.com\/unipatis\" \/>\n<meta property=\"article:modified_time\" content=\"2026-04-09T08:26:33+00:00\" \/>\n<meta property=\"og:image\" content=\"https:\/\/www.unipatis.fr\/wp-content\/uploads\/2022\/02\/seau_croustillant_noir_eclats_de_feves.png\" \/>\n\t<meta property=\"og:image:width\" content=\"1261\" \/>\n\t<meta property=\"og:image:height\" content=\"1179\" \/>\n\t<meta property=\"og:image:type\" content=\"image\/png\" \/>\n<meta name=\"twitter:card\" content=\"summary_large_image\" \/>\n<script type=\"application\/ld+json\" class=\"yoast-schema-graph\">{\"@context\":\"https:\/\/schema.org\",\"@graph\":[{\"@type\":\"WebPage\",\"@id\":\"https:\/\/www.unipatis.fr\/es\/produit\/relleno-negro-crujiente-con-copos-de-haba-de-cacao\/\",\"url\":\"https:\/\/www.unipatis.fr\/es\/produit\/relleno-negro-crujiente-con-copos-de-haba-de-cacao\/\",\"name\":\"Chips Oscuros de Granos de Cacao Rellenos y Crujientes - Unipatis\",\"isPartOf\":{\"@id\":\"https:\/\/www.unipatis.fr\/en\/#website\"},\"primaryImageOfPage\":{\"@id\":\"https:\/\/www.unipatis.fr\/es\/produit\/relleno-negro-crujiente-con-copos-de-haba-de-cacao\/#primaryimage\"},\"image\":{\"@id\":\"https:\/\/www.unipatis.fr\/es\/produit\/relleno-negro-crujiente-con-copos-de-haba-de-cacao\/#primaryimage\"},\"thumbnailUrl\":\"https:\/\/www.unipatis.fr\/wp-content\/uploads\/2022\/02\/seau_croustillant_noir_eclats_de_feves.png\",\"datePublished\":\"2022-02-11T11:10:59+00:00\",\"dateModified\":\"2026-04-09T08:26:33+00:00\",\"description\":\"Relleno crujiente hecho con chocolate negro, trocitos de galleta y granos de cacao tostados y luego triturados. Sin aceite de palma.\",\"breadcrumb\":{\"@id\":\"https:\/\/www.unipatis.fr\/es\/produit\/relleno-negro-crujiente-con-copos-de-haba-de-cacao\/#breadcrumb\"},\"inLanguage\":\"es\",\"potentialAction\":[{\"@type\":\"ReadAction\",\"target\":[\"https:\/\/www.unipatis.fr\/es\/produit\/relleno-negro-crujiente-con-copos-de-haba-de-cacao\/\"]}]},{\"@type\":\"ImageObject\",\"inLanguage\":\"es\",\"@id\":\"https:\/\/www.unipatis.fr\/es\/produit\/relleno-negro-crujiente-con-copos-de-haba-de-cacao\/#primaryimage\",\"url\":\"https:\/\/www.unipatis.fr\/wp-content\/uploads\/2022\/02\/seau_croustillant_noir_eclats_de_feves.png\",\"contentUrl\":\"https:\/\/www.unipatis.fr\/wp-content\/uploads\/2022\/02\/seau_croustillant_noir_eclats_de_feves.png\",\"width\":1261,\"height\":1179,\"caption\":\"croustillant_noir_eclats_de_feves Unipatis\"},{\"@type\":\"BreadcrumbList\",\"@id\":\"https:\/\/www.unipatis.fr\/es\/produit\/relleno-negro-crujiente-con-copos-de-haba-de-cacao\/#breadcrumb\",\"itemListElement\":[{\"@type\":\"ListItem\",\"position\":1,\"name\":\"Accueil\",\"item\":\"https:\/\/www.unipatis.fr\/es\/inicio\/\"},{\"@type\":\"ListItem\",\"position\":2,\"name\":\"Tienda\",\"item\":\"https:\/\/www.unipatis.fr\/es\/tienda\/\"},{\"@type\":\"ListItem\",\"position\":3,\"name\":\"Chips Oscuros de Granos de Cacao Rellenos y Crujientes\"}]},{\"@type\":\"WebSite\",\"@id\":\"https:\/\/www.unipatis.fr\/en\/#website\",\"url\":\"https:\/\/www.unipatis.fr\/en\/\",\"name\":\"Unipatis\",\"description\":\"Unipatis Maison est une entreprise familiale sp\u00e9cialis\u00e9e dans la fabrication d&#039;ingr\u00e9dients p\u00e2tissiers et chocolatiers depuis quatre g\u00e9n\u00e9rations.\",\"publisher\":{\"@id\":\"https:\/\/www.unipatis.fr\/en\/#organization\"},\"potentialAction\":[{\"@type\":\"SearchAction\",\"target\":{\"@type\":\"EntryPoint\",\"urlTemplate\":\"https:\/\/www.unipatis.fr\/en\/?s={search_term_string}\"},\"query-input\":{\"@type\":\"PropertyValueSpecification\",\"valueRequired\":true,\"valueName\":\"search_term_string\"}}],\"inLanguage\":\"es\"},{\"@type\":\"Organization\",\"@id\":\"https:\/\/www.unipatis.fr\/en\/#organization\",\"name\":\"Unipatis\",\"url\":\"https:\/\/www.unipatis.fr\/en\/\",\"logo\":{\"@type\":\"ImageObject\",\"inLanguage\":\"es\",\"@id\":\"https:\/\/www.unipatis.fr\/en\/#\/schema\/logo\/image\/\",\"url\":\"https:\/\/www.unipatis.fr\/wp-content\/uploads\/2021\/10\/UNIPATIS_logo_flag_2021-1.svg\",\"contentUrl\":\"https:\/\/www.unipatis.fr\/wp-content\/uploads\/2021\/10\/UNIPATIS_logo_flag_2021-1.svg\",\"width\":150,\"height\":184,\"caption\":\"Unipatis\"},\"image\":{\"@id\":\"https:\/\/www.unipatis.fr\/en\/#\/schema\/logo\/image\/\"},\"sameAs\":[\"https:\/\/www.facebook.com\/unipatis\",\"https:\/\/www.instagram.com\/unipatis\",\"https:\/\/www.youtube.com\/@Unipatis\"]}]}<\/script>\n<!-- \/ Yoast SEO plugin. -->","yoast_head_json":{"title":"Chips Oscuros de Granos de Cacao Rellenos y Crujientes - Unipatis","description":"Relleno crujiente hecho con chocolate negro, trocitos de galleta y granos de cacao tostados y luego triturados. Sin aceite de palma.","robots":{"index":"index","follow":"follow","max-snippet":"max-snippet:-1","max-image-preview":"max-image-preview:large","max-video-preview":"max-video-preview:-1"},"canonical":"https:\/\/www.unipatis.fr\/es\/produit\/relleno-negro-crujiente-con-copos-de-haba-de-cacao\/","og_locale":"es_ES","og_type":"article","og_title":"Chips Oscuros de Granos de Cacao Rellenos y Crujientes - Unipatis","og_description":"Relleno crujiente hecho con chocolate negro, trocitos de galleta y granos de cacao tostados y luego triturados. Sin aceite de palma.","og_url":"https:\/\/www.unipatis.fr\/es\/produit\/relleno-negro-crujiente-con-copos-de-haba-de-cacao\/","og_site_name":"Unipatis","article_publisher":"https:\/\/www.facebook.com\/unipatis","article_modified_time":"2026-04-09T08:26:33+00:00","og_image":[{"width":1261,"height":1179,"url":"https:\/\/www.unipatis.fr\/wp-content\/uploads\/2022\/02\/seau_croustillant_noir_eclats_de_feves.png","type":"image\/png"}],"twitter_card":"summary_large_image","schema":{"@context":"https:\/\/schema.org","@graph":[{"@type":"WebPage","@id":"https:\/\/www.unipatis.fr\/es\/produit\/relleno-negro-crujiente-con-copos-de-haba-de-cacao\/","url":"https:\/\/www.unipatis.fr\/es\/produit\/relleno-negro-crujiente-con-copos-de-haba-de-cacao\/","name":"Chips Oscuros de Granos de Cacao Rellenos y Crujientes - Unipatis","isPartOf":{"@id":"https:\/\/www.unipatis.fr\/en\/#website"},"primaryImageOfPage":{"@id":"https:\/\/www.unipatis.fr\/es\/produit\/relleno-negro-crujiente-con-copos-de-haba-de-cacao\/#primaryimage"},"image":{"@id":"https:\/\/www.unipatis.fr\/es\/produit\/relleno-negro-crujiente-con-copos-de-haba-de-cacao\/#primaryimage"},"thumbnailUrl":"https:\/\/www.unipatis.fr\/wp-content\/uploads\/2022\/02\/seau_croustillant_noir_eclats_de_feves.png","datePublished":"2022-02-11T11:10:59+00:00","dateModified":"2026-04-09T08:26:33+00:00","description":"Relleno crujiente hecho con chocolate negro, trocitos de galleta y granos de cacao tostados y luego triturados. Sin aceite de palma.","breadcrumb":{"@id":"https:\/\/www.unipatis.fr\/es\/produit\/relleno-negro-crujiente-con-copos-de-haba-de-cacao\/#breadcrumb"},"inLanguage":"es","potentialAction":[{"@type":"ReadAction","target":["https:\/\/www.unipatis.fr\/es\/produit\/relleno-negro-crujiente-con-copos-de-haba-de-cacao\/"]}]},{"@type":"ImageObject","inLanguage":"es","@id":"https:\/\/www.unipatis.fr\/es\/produit\/relleno-negro-crujiente-con-copos-de-haba-de-cacao\/#primaryimage","url":"https:\/\/www.unipatis.fr\/wp-content\/uploads\/2022\/02\/seau_croustillant_noir_eclats_de_feves.png","contentUrl":"https:\/\/www.unipatis.fr\/wp-content\/uploads\/2022\/02\/seau_croustillant_noir_eclats_de_feves.png","width":1261,"height":1179,"caption":"croustillant_noir_eclats_de_feves Unipatis"},{"@type":"BreadcrumbList","@id":"https:\/\/www.unipatis.fr\/es\/produit\/relleno-negro-crujiente-con-copos-de-haba-de-cacao\/#breadcrumb","itemListElement":[{"@type":"ListItem","position":1,"name":"Accueil","item":"https:\/\/www.unipatis.fr\/es\/inicio\/"},{"@type":"ListItem","position":2,"name":"Tienda","item":"https:\/\/www.unipatis.fr\/es\/tienda\/"},{"@type":"ListItem","position":3,"name":"Chips Oscuros de Granos de Cacao Rellenos y Crujientes"}]},{"@type":"WebSite","@id":"https:\/\/www.unipatis.fr\/en\/#website","url":"https:\/\/www.unipatis.fr\/en\/","name":"Unipatis","description":"Unipatis Maison est une entreprise familiale sp\u00e9cialis\u00e9e dans la fabrication d&#039;ingr\u00e9dients p\u00e2tissiers et chocolatiers depuis quatre g\u00e9n\u00e9rations.","publisher":{"@id":"https:\/\/www.unipatis.fr\/en\/#organization"},"potentialAction":[{"@type":"SearchAction","target":{"@type":"EntryPoint","urlTemplate":"https:\/\/www.unipatis.fr\/en\/?s={search_term_string}"},"query-input":{"@type":"PropertyValueSpecification","valueRequired":true,"valueName":"search_term_string"}}],"inLanguage":"es"},{"@type":"Organization","@id":"https:\/\/www.unipatis.fr\/en\/#organization","name":"Unipatis","url":"https:\/\/www.unipatis.fr\/en\/","logo":{"@type":"ImageObject","inLanguage":"es","@id":"https:\/\/www.unipatis.fr\/en\/#\/schema\/logo\/image\/","url":"https:\/\/www.unipatis.fr\/wp-content\/uploads\/2021\/10\/UNIPATIS_logo_flag_2021-1.svg","contentUrl":"https:\/\/www.unipatis.fr\/wp-content\/uploads\/2021\/10\/UNIPATIS_logo_flag_2021-1.svg","width":150,"height":184,"caption":"Unipatis"},"image":{"@id":"https:\/\/www.unipatis.fr\/en\/#\/schema\/logo\/image\/"},"sameAs":["https:\/\/www.facebook.com\/unipatis","https:\/\/www.instagram.com\/unipatis","https:\/\/www.youtube.com\/@Unipatis"]}]}},"_links":{"self":[{"href":"https:\/\/www.unipatis.fr\/es\/wp-json\/wp\/v2\/product\/13705","targetHints":{"allow":["GET"]}}],"collection":[{"href":"https:\/\/www.unipatis.fr\/es\/wp-json\/wp\/v2\/product"}],"about":[{"href":"https:\/\/www.unipatis.fr\/es\/wp-json\/wp\/v2\/types\/product"}],"replies":[{"embeddable":true,"href":"https:\/\/www.unipatis.fr\/es\/wp-json\/wp\/v2\/comments?post=13705"}],"version-history":[{"count":2,"href":"https:\/\/www.unipatis.fr\/es\/wp-json\/wp\/v2\/product\/13705\/revisions"}],"predecessor-version":[{"id":26795,"href":"https:\/\/www.unipatis.fr\/es\/wp-json\/wp\/v2\/product\/13705\/revisions\/26795"}],"wp:featuredmedia":[{"embeddable":true,"href":"https:\/\/www.unipatis.fr\/es\/wp-json\/wp\/v2\/media\/13708"}],"wp:attachment":[{"href":"https:\/\/www.unipatis.fr\/es\/wp-json\/wp\/v2\/media?parent=13705"}],"wp:term":[{"taxonomy":"product_brand","embeddable":true,"href":"https:\/\/www.unipatis.fr\/es\/wp-json\/wp\/v2\/product_brand?post=13705"},{"taxonomy":"product_cat","embeddable":true,"href":"https:\/\/www.unipatis.fr\/es\/wp-json\/wp\/v2\/product_cat?post=13705"},{"taxonomy":"product_tag","embeddable":true,"href":"https:\/\/www.unipatis.fr\/es\/wp-json\/wp\/v2\/product_tag?post=13705"}],"curies":[{"name":"wp","href":"https:\/\/api.w.org\/{rel}","templated":true}]}}