{"id":15303,"date":"2022-02-11T12:10:28","date_gmt":"2022-02-11T11:10:28","guid":{"rendered":"https:\/\/www.unipatis.fr\/produit\/glaseado-opera-rosa-de-fresa\/"},"modified":"2026-04-09T10:23:43","modified_gmt":"2026-04-09T08:23:43","slug":"glaseado-opera-rosa-de-fresa","status":"publish","type":"product","link":"https:\/\/www.unipatis.fr\/es\/produit\/glaseado-opera-rosa-de-fresa\/","title":{"rendered":"Glaseado \u00d3pera Rosa de Fresa"},"content":{"rendered":"","protected":false},"excerpt":{"rendered":"<p>El Glaseado \u00d3pera Rosa Fresa Unipatis es un producto excepcional para los profesionales de la pasteler\u00eda que buscan un acabado refinado y mate. Este Glaseado \u00d3pera Rosa Fresa fundente es ideal para realzar tus entremets, mousses, bavarois y helados con un delicado color rosa fresa. Naturalmente coloreado con extractos vegetales y vegetales, este Glaseado \u00d3pera Rosa Fresa tiene una textura estable para un corte limpio en todo tipo de superficies: c\u00fapulas, troncos de Navidad, pasteles y reposter\u00eda elaborada.  <\/p>\n<p>Formulado con <strong>ingredientes<\/strong> de primera calidad y enriquecido con <strong>az\u00facar<\/strong> para un equilibrio perfecto, este <strong>glaseado \u00d3pera Rosa de Fresa<\/strong> ofrece un sutil <strong>sabor<\/strong> a fresa que har\u00e1 las delicias de tus <strong>clientes<\/strong>. La<strong>c\u00e1scara de<\/strong> <strong>fruta<\/strong> deshidratada incorporada a la formulaci\u00f3n realza los <strong>sabores<\/strong> <strong>naturales<\/strong>de este glaseado mate. <strong>Descubre<\/strong> las m\u00faltiples aplicaciones de este <strong>Glaseado \u00d3pera Rosa de<\/strong> Fresa: acabado de<strong>entremets de<\/strong> <strong>frutos<\/strong> rojos, cobertura de <strong>tartas de<\/strong> cumplea\u00f1os, decoraci\u00f3n de <strong>postres<\/strong> helados. <\/p>\n","protected":false},"featured_media":15307,"comment_status":"closed","ping_status":"closed","template":"","meta":{"_acf_changed":false,"inline_featured_image":false},"product_brand":[],"product_cat":[589,570],"product_tag":[],"class_list":{"0":"post-15303","1":"product","2":"type-product","3":"status-publish","4":"has-post-thumbnail","6":"product_cat-06-esmaltes-mate-opera","7":"product_cat-08-esmaltes-color-chocolate","8":"sales-flash-overlay","9":"woocommerce-text-align-center","10":"woocommerce-image-align-center","11":"do-quantity-buttons","13":"first","14":"instock","15":"product-type-simple"},"acf":[],"yoast_head":"<!-- This site is optimized with the Yoast SEO plugin v27.2 - https:\/\/yoast.com\/product\/yoast-seo-wordpress\/ -->\n<title>Glaseado \u00d3pera Rosa de Fresa mate y fundente - Unipatis<\/title>\n<meta name=\"description\" content=\"Glaseado \u00d3pera Rosa Fresa Unipatis: glaseado mate de fondant para entremets, tartas y postres. Textura estable, corte limpio, color natural. Listo para usar.\" \/>\n<meta name=\"robots\" content=\"index, follow, max-snippet:-1, max-image-preview:large, max-video-preview:-1\" \/>\n<link rel=\"canonical\" href=\"https:\/\/www.unipatis.fr\/es\/produit\/glaseado-opera-rosa-de-fresa\/\" \/>\n<meta property=\"og:locale\" content=\"es_ES\" \/>\n<meta property=\"og:type\" content=\"article\" \/>\n<meta property=\"og:title\" content=\"Glaseado \u00d3pera Rosa de Fresa mate y fundente - Unipatis\" \/>\n<meta property=\"og:description\" content=\"Glaseado \u00d3pera Rosa Fresa Unipatis: glaseado mate de fondant para entremets, tartas y postres. Textura estable, corte limpio, color natural. Listo para usar.\" \/>\n<meta property=\"og:url\" content=\"https:\/\/www.unipatis.fr\/es\/produit\/glaseado-opera-rosa-de-fresa\/\" \/>\n<meta property=\"og:site_name\" content=\"Unipatis\" \/>\n<meta property=\"article:publisher\" content=\"https:\/\/www.facebook.com\/unipatis\" \/>\n<meta property=\"article:modified_time\" content=\"2026-04-09T08:23:43+00:00\" \/>\n<meta property=\"og:image\" content=\"https:\/\/www.unipatis.fr\/wp-content\/uploads\/2022\/02\/seau_glacage_opera_rose_fraise.png\" \/>\n\t<meta property=\"og:image:width\" content=\"1261\" \/>\n\t<meta property=\"og:image:height\" content=\"1179\" \/>\n\t<meta property=\"og:image:type\" content=\"image\/png\" \/>\n<meta name=\"twitter:card\" content=\"summary_large_image\" \/>\n<script type=\"application\/ld+json\" class=\"yoast-schema-graph\">{\"@context\":\"https:\/\/schema.org\",\"@graph\":[{\"@type\":\"WebPage\",\"@id\":\"https:\/\/www.unipatis.fr\/es\/produit\/glaseado-opera-rosa-de-fresa\/\",\"url\":\"https:\/\/www.unipatis.fr\/es\/produit\/glaseado-opera-rosa-de-fresa\/\",\"name\":\"Glaseado \u00d3pera Rosa de Fresa mate y fundente - Unipatis\",\"isPartOf\":{\"@id\":\"https:\/\/www.unipatis.fr\/en\/#website\"},\"primaryImageOfPage\":{\"@id\":\"https:\/\/www.unipatis.fr\/es\/produit\/glaseado-opera-rosa-de-fresa\/#primaryimage\"},\"image\":{\"@id\":\"https:\/\/www.unipatis.fr\/es\/produit\/glaseado-opera-rosa-de-fresa\/#primaryimage\"},\"thumbnailUrl\":\"https:\/\/www.unipatis.fr\/wp-content\/uploads\/2022\/02\/seau_glacage_opera_rose_fraise.png\",\"datePublished\":\"2022-02-11T11:10:28+00:00\",\"dateModified\":\"2026-04-09T08:23:43+00:00\",\"description\":\"Glaseado \u00d3pera Rosa Fresa Unipatis: glaseado mate de fondant para entremets, tartas y postres. Textura estable, corte limpio, color natural. Listo para usar.\",\"breadcrumb\":{\"@id\":\"https:\/\/www.unipatis.fr\/es\/produit\/glaseado-opera-rosa-de-fresa\/#breadcrumb\"},\"inLanguage\":\"es\",\"potentialAction\":[{\"@type\":\"ReadAction\",\"target\":[\"https:\/\/www.unipatis.fr\/es\/produit\/glaseado-opera-rosa-de-fresa\/\"]}]},{\"@type\":\"ImageObject\",\"inLanguage\":\"es\",\"@id\":\"https:\/\/www.unipatis.fr\/es\/produit\/glaseado-opera-rosa-de-fresa\/#primaryimage\",\"url\":\"https:\/\/www.unipatis.fr\/wp-content\/uploads\/2022\/02\/seau_glacage_opera_rose_fraise.png\",\"contentUrl\":\"https:\/\/www.unipatis.fr\/wp-content\/uploads\/2022\/02\/seau_glacage_opera_rose_fraise.png\",\"width\":1261,\"height\":1179,\"caption\":\"strawberry_rose_opera_glaze Unipatis\"},{\"@type\":\"BreadcrumbList\",\"@id\":\"https:\/\/www.unipatis.fr\/es\/produit\/glaseado-opera-rosa-de-fresa\/#breadcrumb\",\"itemListElement\":[{\"@type\":\"ListItem\",\"position\":1,\"name\":\"Accueil\",\"item\":\"https:\/\/www.unipatis.fr\/es\/inicio\/\"},{\"@type\":\"ListItem\",\"position\":2,\"name\":\"Tienda\",\"item\":\"https:\/\/www.unipatis.fr\/es\/tienda\/\"},{\"@type\":\"ListItem\",\"position\":3,\"name\":\"Glaseado \u00d3pera Rosa de Fresa\"}]},{\"@type\":\"WebSite\",\"@id\":\"https:\/\/www.unipatis.fr\/en\/#website\",\"url\":\"https:\/\/www.unipatis.fr\/en\/\",\"name\":\"Unipatis\",\"description\":\"Unipatis Maison est une entreprise familiale sp\u00e9cialis\u00e9e dans la fabrication d&#039;ingr\u00e9dients p\u00e2tissiers et chocolatiers depuis quatre g\u00e9n\u00e9rations.\",\"publisher\":{\"@id\":\"https:\/\/www.unipatis.fr\/en\/#organization\"},\"potentialAction\":[{\"@type\":\"SearchAction\",\"target\":{\"@type\":\"EntryPoint\",\"urlTemplate\":\"https:\/\/www.unipatis.fr\/en\/?s={search_term_string}\"},\"query-input\":{\"@type\":\"PropertyValueSpecification\",\"valueRequired\":true,\"valueName\":\"search_term_string\"}}],\"inLanguage\":\"es\"},{\"@type\":\"Organization\",\"@id\":\"https:\/\/www.unipatis.fr\/en\/#organization\",\"name\":\"Unipatis\",\"url\":\"https:\/\/www.unipatis.fr\/en\/\",\"logo\":{\"@type\":\"ImageObject\",\"inLanguage\":\"es\",\"@id\":\"https:\/\/www.unipatis.fr\/en\/#\/schema\/logo\/image\/\",\"url\":\"https:\/\/www.unipatis.fr\/wp-content\/uploads\/2021\/10\/UNIPATIS_logo_flag_2021-1.svg\",\"contentUrl\":\"https:\/\/www.unipatis.fr\/wp-content\/uploads\/2021\/10\/UNIPATIS_logo_flag_2021-1.svg\",\"width\":150,\"height\":184,\"caption\":\"Unipatis\"},\"image\":{\"@id\":\"https:\/\/www.unipatis.fr\/en\/#\/schema\/logo\/image\/\"},\"sameAs\":[\"https:\/\/www.facebook.com\/unipatis\",\"https:\/\/www.instagram.com\/unipatis\",\"https:\/\/www.youtube.com\/@Unipatis\"]}]}<\/script>\n<!-- \/ Yoast SEO plugin. -->","yoast_head_json":{"title":"Glaseado \u00d3pera Rosa de Fresa mate y fundente - Unipatis","description":"Glaseado \u00d3pera Rosa Fresa Unipatis: glaseado mate de fondant para entremets, tartas y postres. Textura estable, corte limpio, color natural. Listo para usar.","robots":{"index":"index","follow":"follow","max-snippet":"max-snippet:-1","max-image-preview":"max-image-preview:large","max-video-preview":"max-video-preview:-1"},"canonical":"https:\/\/www.unipatis.fr\/es\/produit\/glaseado-opera-rosa-de-fresa\/","og_locale":"es_ES","og_type":"article","og_title":"Glaseado \u00d3pera Rosa de Fresa mate y fundente - Unipatis","og_description":"Glaseado \u00d3pera Rosa Fresa Unipatis: glaseado mate de fondant para entremets, tartas y postres. Textura estable, corte limpio, color natural. Listo para usar.","og_url":"https:\/\/www.unipatis.fr\/es\/produit\/glaseado-opera-rosa-de-fresa\/","og_site_name":"Unipatis","article_publisher":"https:\/\/www.facebook.com\/unipatis","article_modified_time":"2026-04-09T08:23:43+00:00","og_image":[{"width":1261,"height":1179,"url":"https:\/\/www.unipatis.fr\/wp-content\/uploads\/2022\/02\/seau_glacage_opera_rose_fraise.png","type":"image\/png"}],"twitter_card":"summary_large_image","schema":{"@context":"https:\/\/schema.org","@graph":[{"@type":"WebPage","@id":"https:\/\/www.unipatis.fr\/es\/produit\/glaseado-opera-rosa-de-fresa\/","url":"https:\/\/www.unipatis.fr\/es\/produit\/glaseado-opera-rosa-de-fresa\/","name":"Glaseado \u00d3pera Rosa de Fresa mate y fundente - Unipatis","isPartOf":{"@id":"https:\/\/www.unipatis.fr\/en\/#website"},"primaryImageOfPage":{"@id":"https:\/\/www.unipatis.fr\/es\/produit\/glaseado-opera-rosa-de-fresa\/#primaryimage"},"image":{"@id":"https:\/\/www.unipatis.fr\/es\/produit\/glaseado-opera-rosa-de-fresa\/#primaryimage"},"thumbnailUrl":"https:\/\/www.unipatis.fr\/wp-content\/uploads\/2022\/02\/seau_glacage_opera_rose_fraise.png","datePublished":"2022-02-11T11:10:28+00:00","dateModified":"2026-04-09T08:23:43+00:00","description":"Glaseado \u00d3pera Rosa Fresa Unipatis: glaseado mate de fondant para entremets, tartas y postres. Textura estable, corte limpio, color natural. Listo para usar.","breadcrumb":{"@id":"https:\/\/www.unipatis.fr\/es\/produit\/glaseado-opera-rosa-de-fresa\/#breadcrumb"},"inLanguage":"es","potentialAction":[{"@type":"ReadAction","target":["https:\/\/www.unipatis.fr\/es\/produit\/glaseado-opera-rosa-de-fresa\/"]}]},{"@type":"ImageObject","inLanguage":"es","@id":"https:\/\/www.unipatis.fr\/es\/produit\/glaseado-opera-rosa-de-fresa\/#primaryimage","url":"https:\/\/www.unipatis.fr\/wp-content\/uploads\/2022\/02\/seau_glacage_opera_rose_fraise.png","contentUrl":"https:\/\/www.unipatis.fr\/wp-content\/uploads\/2022\/02\/seau_glacage_opera_rose_fraise.png","width":1261,"height":1179,"caption":"strawberry_rose_opera_glaze Unipatis"},{"@type":"BreadcrumbList","@id":"https:\/\/www.unipatis.fr\/es\/produit\/glaseado-opera-rosa-de-fresa\/#breadcrumb","itemListElement":[{"@type":"ListItem","position":1,"name":"Accueil","item":"https:\/\/www.unipatis.fr\/es\/inicio\/"},{"@type":"ListItem","position":2,"name":"Tienda","item":"https:\/\/www.unipatis.fr\/es\/tienda\/"},{"@type":"ListItem","position":3,"name":"Glaseado \u00d3pera Rosa de Fresa"}]},{"@type":"WebSite","@id":"https:\/\/www.unipatis.fr\/en\/#website","url":"https:\/\/www.unipatis.fr\/en\/","name":"Unipatis","description":"Unipatis Maison est une entreprise familiale sp\u00e9cialis\u00e9e dans la fabrication d&#039;ingr\u00e9dients p\u00e2tissiers et chocolatiers depuis quatre g\u00e9n\u00e9rations.","publisher":{"@id":"https:\/\/www.unipatis.fr\/en\/#organization"},"potentialAction":[{"@type":"SearchAction","target":{"@type":"EntryPoint","urlTemplate":"https:\/\/www.unipatis.fr\/en\/?s={search_term_string}"},"query-input":{"@type":"PropertyValueSpecification","valueRequired":true,"valueName":"search_term_string"}}],"inLanguage":"es"},{"@type":"Organization","@id":"https:\/\/www.unipatis.fr\/en\/#organization","name":"Unipatis","url":"https:\/\/www.unipatis.fr\/en\/","logo":{"@type":"ImageObject","inLanguage":"es","@id":"https:\/\/www.unipatis.fr\/en\/#\/schema\/logo\/image\/","url":"https:\/\/www.unipatis.fr\/wp-content\/uploads\/2021\/10\/UNIPATIS_logo_flag_2021-1.svg","contentUrl":"https:\/\/www.unipatis.fr\/wp-content\/uploads\/2021\/10\/UNIPATIS_logo_flag_2021-1.svg","width":150,"height":184,"caption":"Unipatis"},"image":{"@id":"https:\/\/www.unipatis.fr\/en\/#\/schema\/logo\/image\/"},"sameAs":["https:\/\/www.facebook.com\/unipatis","https:\/\/www.instagram.com\/unipatis","https:\/\/www.youtube.com\/@Unipatis"]}]}},"_links":{"self":[{"href":"https:\/\/www.unipatis.fr\/es\/wp-json\/wp\/v2\/product\/15303","targetHints":{"allow":["GET"]}}],"collection":[{"href":"https:\/\/www.unipatis.fr\/es\/wp-json\/wp\/v2\/product"}],"about":[{"href":"https:\/\/www.unipatis.fr\/es\/wp-json\/wp\/v2\/types\/product"}],"replies":[{"embeddable":true,"href":"https:\/\/www.unipatis.fr\/es\/wp-json\/wp\/v2\/comments?post=15303"}],"version-history":[{"count":1,"href":"https:\/\/www.unipatis.fr\/es\/wp-json\/wp\/v2\/product\/15303\/revisions"}],"predecessor-version":[{"id":26454,"href":"https:\/\/www.unipatis.fr\/es\/wp-json\/wp\/v2\/product\/15303\/revisions\/26454"}],"wp:featuredmedia":[{"embeddable":true,"href":"https:\/\/www.unipatis.fr\/es\/wp-json\/wp\/v2\/media\/15307"}],"wp:attachment":[{"href":"https:\/\/www.unipatis.fr\/es\/wp-json\/wp\/v2\/media?parent=15303"}],"wp:term":[{"taxonomy":"product_brand","embeddable":true,"href":"https:\/\/www.unipatis.fr\/es\/wp-json\/wp\/v2\/product_brand?post=15303"},{"taxonomy":"product_cat","embeddable":true,"href":"https:\/\/www.unipatis.fr\/es\/wp-json\/wp\/v2\/product_cat?post=15303"},{"taxonomy":"product_tag","embeddable":true,"href":"https:\/\/www.unipatis.fr\/es\/wp-json\/wp\/v2\/product_tag?post=15303"}],"curies":[{"name":"wp","href":"https:\/\/api.w.org\/{rel}","templated":true}]}}