{"id":15725,"date":"2022-02-11T12:10:43","date_gmt":"2022-02-11T11:10:43","guid":{"rendered":"https:\/\/www.unipatis.fr\/produit\/terciopelo-de-pistacho\/"},"modified":"2026-04-09T10:30:40","modified_gmt":"2026-04-09T08:30:40","slug":"terciopelo-de-pistacho","status":"publish","type":"product","link":"https:\/\/www.unipatis.fr\/es\/produit\/terciopelo-de-pistacho\/","title":{"rendered":"Terciopelo de pistacho"},"content":{"rendered":"","protected":false},"excerpt":{"rendered":"<p>Producto de acabado que da un aterciopelado efecto perlado de cacao en polvo a postres, troncos de Navidad y helados.<\/p>\n<p>A base de chocolate de manteca de cacao, con un toque de cera de abejas (agente de recubrimiento de confiter\u00eda) para mejorar la textura nacarada del terciopelo y aumentar el punto de fusi\u00f3n para proteger mejor el acabado de tus postres (demarcaci\u00f3n, marcas de manipulaci\u00f3n). Naturalmente coloreado con plantas (frutas y verduras) para dar un impulso a tus creaciones.<\/p>\n","protected":false},"featured_media":21332,"comment_status":"closed","ping_status":"closed","template":"","meta":{"_acf_changed":false,"inline_featured_image":false},"product_brand":[],"product_cat":[576],"product_tag":[],"class_list":{"0":"post-15725","1":"product","2":"type-product","3":"status-publish","4":"has-post-thumbnail","6":"product_cat-17-flocado-de-terciopelo","7":"sales-flash-overlay","8":"woocommerce-text-align-center","9":"woocommerce-image-align-center","10":"do-quantity-buttons","12":"first","13":"instock","14":"product-type-simple"},"acf":[],"yoast_head":"<!-- This site is optimized with the Yoast SEO plugin v27.2 - https:\/\/yoast.com\/product\/yoast-seo-wordpress\/ -->\n<title>Terciopelo de pistacho - Unipatis<\/title>\n<meta name=\"description\" content=\"Spray aterciopelado efecto perla de pistacho con manteca de cacao. Color natural, punto de fusi\u00f3n 40\u00b0C. Pulverizar sobre postres congelados. Cubos de 1 kg\/5 kg.\" \/>\n<meta name=\"robots\" content=\"index, follow, max-snippet:-1, max-image-preview:large, max-video-preview:-1\" \/>\n<link rel=\"canonical\" href=\"https:\/\/www.unipatis.fr\/es\/produit\/terciopelo-de-pistacho\/\" \/>\n<meta property=\"og:locale\" content=\"es_ES\" \/>\n<meta property=\"og:type\" content=\"article\" \/>\n<meta property=\"og:title\" content=\"Terciopelo de pistacho - Unipatis\" \/>\n<meta property=\"og:description\" content=\"Spray aterciopelado efecto perla de pistacho con manteca de cacao. Color natural, punto de fusi\u00f3n 40\u00b0C. Pulverizar sobre postres congelados. Cubos de 1 kg\/5 kg.\" \/>\n<meta property=\"og:url\" content=\"https:\/\/www.unipatis.fr\/es\/produit\/terciopelo-de-pistacho\/\" \/>\n<meta property=\"og:site_name\" content=\"Unipatis\" \/>\n<meta property=\"article:publisher\" content=\"https:\/\/www.facebook.com\/unipatis\" \/>\n<meta property=\"article:modified_time\" content=\"2026-04-09T08:30:40+00:00\" \/>\n<meta property=\"og:image\" content=\"https:\/\/www.unipatis.fr\/wp-content\/uploads\/2022\/02\/seau_velours_vertSEP2024.png\" \/>\n\t<meta property=\"og:image:width\" content=\"1261\" \/>\n\t<meta property=\"og:image:height\" content=\"1179\" \/>\n\t<meta property=\"og:image:type\" content=\"image\/png\" \/>\n<meta name=\"twitter:card\" content=\"summary_large_image\" \/>\n<script type=\"application\/ld+json\" class=\"yoast-schema-graph\">{\"@context\":\"https:\/\/schema.org\",\"@graph\":[{\"@type\":\"WebPage\",\"@id\":\"https:\/\/www.unipatis.fr\/es\/produit\/terciopelo-de-pistacho\/\",\"url\":\"https:\/\/www.unipatis.fr\/es\/produit\/terciopelo-de-pistacho\/\",\"name\":\"Terciopelo de pistacho - Unipatis\",\"isPartOf\":{\"@id\":\"https:\/\/www.unipatis.fr\/en\/#website\"},\"primaryImageOfPage\":{\"@id\":\"https:\/\/www.unipatis.fr\/es\/produit\/terciopelo-de-pistacho\/#primaryimage\"},\"image\":{\"@id\":\"https:\/\/www.unipatis.fr\/es\/produit\/terciopelo-de-pistacho\/#primaryimage\"},\"thumbnailUrl\":\"https:\/\/www.unipatis.fr\/wp-content\/uploads\/2022\/02\/seau_velours_vertSEP2024.png\",\"datePublished\":\"2022-02-11T11:10:43+00:00\",\"dateModified\":\"2026-04-09T08:30:40+00:00\",\"description\":\"Spray aterciopelado efecto perla de pistacho con manteca de cacao. Color natural, punto de fusi\u00f3n 40\u00b0C. Pulverizar sobre postres congelados. Cubos de 1 kg\/5 kg.\",\"breadcrumb\":{\"@id\":\"https:\/\/www.unipatis.fr\/es\/produit\/terciopelo-de-pistacho\/#breadcrumb\"},\"inLanguage\":\"es\",\"potentialAction\":[{\"@type\":\"ReadAction\",\"target\":[\"https:\/\/www.unipatis.fr\/es\/produit\/terciopelo-de-pistacho\/\"]}]},{\"@type\":\"ImageObject\",\"inLanguage\":\"es\",\"@id\":\"https:\/\/www.unipatis.fr\/es\/produit\/terciopelo-de-pistacho\/#primaryimage\",\"url\":\"https:\/\/www.unipatis.fr\/wp-content\/uploads\/2022\/02\/seau_velours_vertSEP2024.png\",\"contentUrl\":\"https:\/\/www.unipatis.fr\/wp-content\/uploads\/2022\/02\/seau_velours_vertSEP2024.png\",\"width\":1261,\"height\":1179,\"caption\":\"terciopelo_verde unipatis\"},{\"@type\":\"BreadcrumbList\",\"@id\":\"https:\/\/www.unipatis.fr\/es\/produit\/terciopelo-de-pistacho\/#breadcrumb\",\"itemListElement\":[{\"@type\":\"ListItem\",\"position\":1,\"name\":\"Accueil\",\"item\":\"https:\/\/www.unipatis.fr\/es\/inicio\/\"},{\"@type\":\"ListItem\",\"position\":2,\"name\":\"Tienda\",\"item\":\"https:\/\/www.unipatis.fr\/es\/tienda\/\"},{\"@type\":\"ListItem\",\"position\":3,\"name\":\"Terciopelo de pistacho\"}]},{\"@type\":\"WebSite\",\"@id\":\"https:\/\/www.unipatis.fr\/en\/#website\",\"url\":\"https:\/\/www.unipatis.fr\/en\/\",\"name\":\"Unipatis\",\"description\":\"Unipatis Maison est une entreprise familiale sp\u00e9cialis\u00e9e dans la fabrication d&#039;ingr\u00e9dients p\u00e2tissiers et chocolatiers depuis quatre g\u00e9n\u00e9rations.\",\"publisher\":{\"@id\":\"https:\/\/www.unipatis.fr\/en\/#organization\"},\"potentialAction\":[{\"@type\":\"SearchAction\",\"target\":{\"@type\":\"EntryPoint\",\"urlTemplate\":\"https:\/\/www.unipatis.fr\/en\/?s={search_term_string}\"},\"query-input\":{\"@type\":\"PropertyValueSpecification\",\"valueRequired\":true,\"valueName\":\"search_term_string\"}}],\"inLanguage\":\"es\"},{\"@type\":\"Organization\",\"@id\":\"https:\/\/www.unipatis.fr\/en\/#organization\",\"name\":\"Unipatis\",\"url\":\"https:\/\/www.unipatis.fr\/en\/\",\"logo\":{\"@type\":\"ImageObject\",\"inLanguage\":\"es\",\"@id\":\"https:\/\/www.unipatis.fr\/en\/#\/schema\/logo\/image\/\",\"url\":\"https:\/\/www.unipatis.fr\/wp-content\/uploads\/2021\/10\/UNIPATIS_logo_flag_2021-1.svg\",\"contentUrl\":\"https:\/\/www.unipatis.fr\/wp-content\/uploads\/2021\/10\/UNIPATIS_logo_flag_2021-1.svg\",\"width\":150,\"height\":184,\"caption\":\"Unipatis\"},\"image\":{\"@id\":\"https:\/\/www.unipatis.fr\/en\/#\/schema\/logo\/image\/\"},\"sameAs\":[\"https:\/\/www.facebook.com\/unipatis\",\"https:\/\/www.instagram.com\/unipatis\",\"https:\/\/www.youtube.com\/@Unipatis\"]}]}<\/script>\n<!-- \/ Yoast SEO plugin. -->","yoast_head_json":{"title":"Terciopelo de pistacho - Unipatis","description":"Spray aterciopelado efecto perla de pistacho con manteca de cacao. Color natural, punto de fusi\u00f3n 40\u00b0C. Pulverizar sobre postres congelados. Cubos de 1 kg\/5 kg.","robots":{"index":"index","follow":"follow","max-snippet":"max-snippet:-1","max-image-preview":"max-image-preview:large","max-video-preview":"max-video-preview:-1"},"canonical":"https:\/\/www.unipatis.fr\/es\/produit\/terciopelo-de-pistacho\/","og_locale":"es_ES","og_type":"article","og_title":"Terciopelo de pistacho - Unipatis","og_description":"Spray aterciopelado efecto perla de pistacho con manteca de cacao. Color natural, punto de fusi\u00f3n 40\u00b0C. Pulverizar sobre postres congelados. Cubos de 1 kg\/5 kg.","og_url":"https:\/\/www.unipatis.fr\/es\/produit\/terciopelo-de-pistacho\/","og_site_name":"Unipatis","article_publisher":"https:\/\/www.facebook.com\/unipatis","article_modified_time":"2026-04-09T08:30:40+00:00","og_image":[{"width":1261,"height":1179,"url":"https:\/\/www.unipatis.fr\/wp-content\/uploads\/2022\/02\/seau_velours_vertSEP2024.png","type":"image\/png"}],"twitter_card":"summary_large_image","schema":{"@context":"https:\/\/schema.org","@graph":[{"@type":"WebPage","@id":"https:\/\/www.unipatis.fr\/es\/produit\/terciopelo-de-pistacho\/","url":"https:\/\/www.unipatis.fr\/es\/produit\/terciopelo-de-pistacho\/","name":"Terciopelo de pistacho - Unipatis","isPartOf":{"@id":"https:\/\/www.unipatis.fr\/en\/#website"},"primaryImageOfPage":{"@id":"https:\/\/www.unipatis.fr\/es\/produit\/terciopelo-de-pistacho\/#primaryimage"},"image":{"@id":"https:\/\/www.unipatis.fr\/es\/produit\/terciopelo-de-pistacho\/#primaryimage"},"thumbnailUrl":"https:\/\/www.unipatis.fr\/wp-content\/uploads\/2022\/02\/seau_velours_vertSEP2024.png","datePublished":"2022-02-11T11:10:43+00:00","dateModified":"2026-04-09T08:30:40+00:00","description":"Spray aterciopelado efecto perla de pistacho con manteca de cacao. Color natural, punto de fusi\u00f3n 40\u00b0C. Pulverizar sobre postres congelados. Cubos de 1 kg\/5 kg.","breadcrumb":{"@id":"https:\/\/www.unipatis.fr\/es\/produit\/terciopelo-de-pistacho\/#breadcrumb"},"inLanguage":"es","potentialAction":[{"@type":"ReadAction","target":["https:\/\/www.unipatis.fr\/es\/produit\/terciopelo-de-pistacho\/"]}]},{"@type":"ImageObject","inLanguage":"es","@id":"https:\/\/www.unipatis.fr\/es\/produit\/terciopelo-de-pistacho\/#primaryimage","url":"https:\/\/www.unipatis.fr\/wp-content\/uploads\/2022\/02\/seau_velours_vertSEP2024.png","contentUrl":"https:\/\/www.unipatis.fr\/wp-content\/uploads\/2022\/02\/seau_velours_vertSEP2024.png","width":1261,"height":1179,"caption":"terciopelo_verde unipatis"},{"@type":"BreadcrumbList","@id":"https:\/\/www.unipatis.fr\/es\/produit\/terciopelo-de-pistacho\/#breadcrumb","itemListElement":[{"@type":"ListItem","position":1,"name":"Accueil","item":"https:\/\/www.unipatis.fr\/es\/inicio\/"},{"@type":"ListItem","position":2,"name":"Tienda","item":"https:\/\/www.unipatis.fr\/es\/tienda\/"},{"@type":"ListItem","position":3,"name":"Terciopelo de pistacho"}]},{"@type":"WebSite","@id":"https:\/\/www.unipatis.fr\/en\/#website","url":"https:\/\/www.unipatis.fr\/en\/","name":"Unipatis","description":"Unipatis Maison est une entreprise familiale sp\u00e9cialis\u00e9e dans la fabrication d&#039;ingr\u00e9dients p\u00e2tissiers et chocolatiers depuis quatre g\u00e9n\u00e9rations.","publisher":{"@id":"https:\/\/www.unipatis.fr\/en\/#organization"},"potentialAction":[{"@type":"SearchAction","target":{"@type":"EntryPoint","urlTemplate":"https:\/\/www.unipatis.fr\/en\/?s={search_term_string}"},"query-input":{"@type":"PropertyValueSpecification","valueRequired":true,"valueName":"search_term_string"}}],"inLanguage":"es"},{"@type":"Organization","@id":"https:\/\/www.unipatis.fr\/en\/#organization","name":"Unipatis","url":"https:\/\/www.unipatis.fr\/en\/","logo":{"@type":"ImageObject","inLanguage":"es","@id":"https:\/\/www.unipatis.fr\/en\/#\/schema\/logo\/image\/","url":"https:\/\/www.unipatis.fr\/wp-content\/uploads\/2021\/10\/UNIPATIS_logo_flag_2021-1.svg","contentUrl":"https:\/\/www.unipatis.fr\/wp-content\/uploads\/2021\/10\/UNIPATIS_logo_flag_2021-1.svg","width":150,"height":184,"caption":"Unipatis"},"image":{"@id":"https:\/\/www.unipatis.fr\/en\/#\/schema\/logo\/image\/"},"sameAs":["https:\/\/www.facebook.com\/unipatis","https:\/\/www.instagram.com\/unipatis","https:\/\/www.youtube.com\/@Unipatis"]}]}},"_links":{"self":[{"href":"https:\/\/www.unipatis.fr\/es\/wp-json\/wp\/v2\/product\/15725","targetHints":{"allow":["GET"]}}],"collection":[{"href":"https:\/\/www.unipatis.fr\/es\/wp-json\/wp\/v2\/product"}],"about":[{"href":"https:\/\/www.unipatis.fr\/es\/wp-json\/wp\/v2\/types\/product"}],"replies":[{"embeddable":true,"href":"https:\/\/www.unipatis.fr\/es\/wp-json\/wp\/v2\/comments?post=15725"}],"version-history":[{"count":1,"href":"https:\/\/www.unipatis.fr\/es\/wp-json\/wp\/v2\/product\/15725\/revisions"}],"predecessor-version":[{"id":26560,"href":"https:\/\/www.unipatis.fr\/es\/wp-json\/wp\/v2\/product\/15725\/revisions\/26560"}],"wp:featuredmedia":[{"embeddable":true,"href":"https:\/\/www.unipatis.fr\/es\/wp-json\/wp\/v2\/media\/21332"}],"wp:attachment":[{"href":"https:\/\/www.unipatis.fr\/es\/wp-json\/wp\/v2\/media?parent=15725"}],"wp:term":[{"taxonomy":"product_brand","embeddable":true,"href":"https:\/\/www.unipatis.fr\/es\/wp-json\/wp\/v2\/product_brand?post=15725"},{"taxonomy":"product_cat","embeddable":true,"href":"https:\/\/www.unipatis.fr\/es\/wp-json\/wp\/v2\/product_cat?post=15725"},{"taxonomy":"product_tag","embeddable":true,"href":"https:\/\/www.unipatis.fr\/es\/wp-json\/wp\/v2\/product_tag?post=15725"}],"curies":[{"name":"wp","href":"https:\/\/api.w.org\/{rel}","templated":true}]}}