{"id":28336,"date":"2025-10-26T14:21:41","date_gmt":"2025-10-26T13:21:41","guid":{"rendered":"https:\/\/www.unipatis.fr\/produit\/relleno-craquant-croc-praline\/"},"modified":"2026-04-12T08:38:37","modified_gmt":"2026-04-12T06:38:37","slug":"relleno-craquant-croc-praline","status":"publish","type":"product","link":"https:\/\/www.unipatis.fr\/es\/produit\/relleno-craquant-croc-praline\/","title":{"rendered":"Relleno Craquant Croc Pralin\u00e9"},"content":{"rendered":"","protected":false},"excerpt":{"rendered":"<p>20% de avellanas tostadas, almendras tostadas, trocitos de hojaldre, chocolate blanco y copra no hidrogenada para una combinaci\u00f3n sabrosa, econ\u00f3mica y responsable. 0% de aceite de palma.<br \/>\nPara entremets (tipo Trianon), tartas, eclairs, helados e insertos de bombones de chocolate. <\/p>\n","protected":false},"featured_media":28337,"comment_status":"closed","ping_status":"closed","template":"","meta":{"_acf_changed":false,"inline_featured_image":false},"product_brand":[],"product_cat":[446,820],"product_tag":[],"class_list":{"0":"post-28336","1":"product","2":"type-product","3":"status-publish","4":"has-post-thumbnail","6":"product_cat-01-rellenos-crujientes","7":"product_cat-forraje-para-cocodrilos","8":"sales-flash-overlay","9":"woocommerce-text-align-center","10":"woocommerce-image-align-center","11":"do-quantity-buttons","13":"first","14":"instock","15":"product-type-simple"},"acf":[],"yoast_head":"<!-- This site is optimized with the Yoast SEO plugin v27.2 - https:\/\/yoast.com\/product\/yoast-seo-wordpress\/ -->\n<title>Relleno Craquant Croc Pralin\u00e9 - Unipatis<\/title>\n<meta name=\"description\" content=\"Relleno crujiente de pralin\u00e9 de almendra y avellana listo para usar. 27% de nueces tostadas, 0% de aceite de palma. Ideal para entremets, chocolates y reposter\u00eda.\" \/>\n<meta name=\"robots\" content=\"index, follow, max-snippet:-1, max-image-preview:large, max-video-preview:-1\" \/>\n<link rel=\"canonical\" href=\"https:\/\/www.unipatis.fr\/es\/produit\/relleno-craquant-croc-praline\/\" \/>\n<meta property=\"og:locale\" content=\"es_ES\" \/>\n<meta property=\"og:type\" content=\"article\" \/>\n<meta property=\"og:title\" content=\"Relleno Craquant Croc Pralin\u00e9 - Unipatis\" \/>\n<meta property=\"og:description\" content=\"Relleno crujiente de pralin\u00e9 de almendra y avellana listo para usar. 27% de nueces tostadas, 0% de aceite de palma. Ideal para entremets, chocolates y reposter\u00eda.\" \/>\n<meta property=\"og:url\" content=\"https:\/\/www.unipatis.fr\/es\/produit\/relleno-craquant-croc-praline\/\" \/>\n<meta property=\"og:site_name\" content=\"Unipatis\" \/>\n<meta property=\"article:publisher\" content=\"https:\/\/www.facebook.com\/unipatis\" \/>\n<meta property=\"article:modified_time\" content=\"2026-04-12T06:38:37+00:00\" \/>\n<meta property=\"og:image\" content=\"https:\/\/www.unipatis.fr\/wp-content\/uploads\/2025\/10\/Fourrage-croc-praline-Unipatis.png\" \/>\n\t<meta property=\"og:image:width\" content=\"630\" \/>\n\t<meta property=\"og:image:height\" content=\"589\" \/>\n\t<meta property=\"og:image:type\" content=\"image\/png\" \/>\n<meta name=\"twitter:card\" content=\"summary_large_image\" \/>\n<script type=\"application\/ld+json\" class=\"yoast-schema-graph\">{\"@context\":\"https:\/\/schema.org\",\"@graph\":[{\"@type\":\"WebPage\",\"@id\":\"https:\/\/www.unipatis.fr\/es\/produit\/relleno-craquant-croc-praline\/\",\"url\":\"https:\/\/www.unipatis.fr\/es\/produit\/relleno-craquant-croc-praline\/\",\"name\":\"Relleno Craquant Croc Pralin\u00e9 - Unipatis\",\"isPartOf\":{\"@id\":\"https:\/\/www.unipatis.fr\/en\/#website\"},\"primaryImageOfPage\":{\"@id\":\"https:\/\/www.unipatis.fr\/es\/produit\/relleno-craquant-croc-praline\/#primaryimage\"},\"image\":{\"@id\":\"https:\/\/www.unipatis.fr\/es\/produit\/relleno-craquant-croc-praline\/#primaryimage\"},\"thumbnailUrl\":\"https:\/\/www.unipatis.fr\/wp-content\/uploads\/2025\/10\/Fourrage-croc-praline-Unipatis.png\",\"datePublished\":\"2025-10-26T13:21:41+00:00\",\"dateModified\":\"2026-04-12T06:38:37+00:00\",\"description\":\"Relleno crujiente de pralin\u00e9 de almendra y avellana listo para usar. 27% de nueces tostadas, 0% de aceite de palma. Ideal para entremets, chocolates y reposter\u00eda.\",\"breadcrumb\":{\"@id\":\"https:\/\/www.unipatis.fr\/es\/produit\/relleno-craquant-croc-praline\/#breadcrumb\"},\"inLanguage\":\"es\",\"potentialAction\":[{\"@type\":\"ReadAction\",\"target\":[\"https:\/\/www.unipatis.fr\/es\/produit\/relleno-craquant-croc-praline\/\"]}]},{\"@type\":\"ImageObject\",\"inLanguage\":\"es\",\"@id\":\"https:\/\/www.unipatis.fr\/es\/produit\/relleno-craquant-croc-praline\/#primaryimage\",\"url\":\"https:\/\/www.unipatis.fr\/wp-content\/uploads\/2025\/10\/Fourrage-croc-praline-Unipatis.png\",\"contentUrl\":\"https:\/\/www.unipatis.fr\/wp-content\/uploads\/2025\/10\/Fourrage-croc-praline-Unipatis.png\",\"width\":630,\"height\":589,\"caption\":\"Relleno de pralin\u00e9 de cocodrilo- Unipatis\"},{\"@type\":\"BreadcrumbList\",\"@id\":\"https:\/\/www.unipatis.fr\/es\/produit\/relleno-craquant-croc-praline\/#breadcrumb\",\"itemListElement\":[{\"@type\":\"ListItem\",\"position\":1,\"name\":\"Accueil\",\"item\":\"https:\/\/www.unipatis.fr\/es\/inicio\/\"},{\"@type\":\"ListItem\",\"position\":2,\"name\":\"Tienda\",\"item\":\"https:\/\/www.unipatis.fr\/es\/tienda\/\"},{\"@type\":\"ListItem\",\"position\":3,\"name\":\"Relleno Craquant Croc Pralin\u00e9\"}]},{\"@type\":\"WebSite\",\"@id\":\"https:\/\/www.unipatis.fr\/en\/#website\",\"url\":\"https:\/\/www.unipatis.fr\/en\/\",\"name\":\"Unipatis\",\"description\":\"Unipatis Maison est une entreprise familiale sp\u00e9cialis\u00e9e dans la fabrication d&#039;ingr\u00e9dients p\u00e2tissiers et chocolatiers depuis quatre g\u00e9n\u00e9rations.\",\"publisher\":{\"@id\":\"https:\/\/www.unipatis.fr\/en\/#organization\"},\"potentialAction\":[{\"@type\":\"SearchAction\",\"target\":{\"@type\":\"EntryPoint\",\"urlTemplate\":\"https:\/\/www.unipatis.fr\/en\/?s={search_term_string}\"},\"query-input\":{\"@type\":\"PropertyValueSpecification\",\"valueRequired\":true,\"valueName\":\"search_term_string\"}}],\"inLanguage\":\"es\"},{\"@type\":\"Organization\",\"@id\":\"https:\/\/www.unipatis.fr\/en\/#organization\",\"name\":\"Unipatis\",\"url\":\"https:\/\/www.unipatis.fr\/en\/\",\"logo\":{\"@type\":\"ImageObject\",\"inLanguage\":\"es\",\"@id\":\"https:\/\/www.unipatis.fr\/en\/#\/schema\/logo\/image\/\",\"url\":\"https:\/\/www.unipatis.fr\/wp-content\/uploads\/2021\/10\/UNIPATIS_logo_flag_2021-1.svg\",\"contentUrl\":\"https:\/\/www.unipatis.fr\/wp-content\/uploads\/2021\/10\/UNIPATIS_logo_flag_2021-1.svg\",\"width\":150,\"height\":184,\"caption\":\"Unipatis\"},\"image\":{\"@id\":\"https:\/\/www.unipatis.fr\/en\/#\/schema\/logo\/image\/\"},\"sameAs\":[\"https:\/\/www.facebook.com\/unipatis\",\"https:\/\/www.instagram.com\/unipatis\",\"https:\/\/www.youtube.com\/@Unipatis\"]}]}<\/script>\n<!-- \/ Yoast SEO plugin. -->","yoast_head_json":{"title":"Relleno Craquant Croc Pralin\u00e9 - Unipatis","description":"Relleno crujiente de pralin\u00e9 de almendra y avellana listo para usar. 27% de nueces tostadas, 0% de aceite de palma. Ideal para entremets, chocolates y reposter\u00eda.","robots":{"index":"index","follow":"follow","max-snippet":"max-snippet:-1","max-image-preview":"max-image-preview:large","max-video-preview":"max-video-preview:-1"},"canonical":"https:\/\/www.unipatis.fr\/es\/produit\/relleno-craquant-croc-praline\/","og_locale":"es_ES","og_type":"article","og_title":"Relleno Craquant Croc Pralin\u00e9 - Unipatis","og_description":"Relleno crujiente de pralin\u00e9 de almendra y avellana listo para usar. 27% de nueces tostadas, 0% de aceite de palma. Ideal para entremets, chocolates y reposter\u00eda.","og_url":"https:\/\/www.unipatis.fr\/es\/produit\/relleno-craquant-croc-praline\/","og_site_name":"Unipatis","article_publisher":"https:\/\/www.facebook.com\/unipatis","article_modified_time":"2026-04-12T06:38:37+00:00","og_image":[{"width":630,"height":589,"url":"https:\/\/www.unipatis.fr\/wp-content\/uploads\/2025\/10\/Fourrage-croc-praline-Unipatis.png","type":"image\/png"}],"twitter_card":"summary_large_image","schema":{"@context":"https:\/\/schema.org","@graph":[{"@type":"WebPage","@id":"https:\/\/www.unipatis.fr\/es\/produit\/relleno-craquant-croc-praline\/","url":"https:\/\/www.unipatis.fr\/es\/produit\/relleno-craquant-croc-praline\/","name":"Relleno Craquant Croc Pralin\u00e9 - Unipatis","isPartOf":{"@id":"https:\/\/www.unipatis.fr\/en\/#website"},"primaryImageOfPage":{"@id":"https:\/\/www.unipatis.fr\/es\/produit\/relleno-craquant-croc-praline\/#primaryimage"},"image":{"@id":"https:\/\/www.unipatis.fr\/es\/produit\/relleno-craquant-croc-praline\/#primaryimage"},"thumbnailUrl":"https:\/\/www.unipatis.fr\/wp-content\/uploads\/2025\/10\/Fourrage-croc-praline-Unipatis.png","datePublished":"2025-10-26T13:21:41+00:00","dateModified":"2026-04-12T06:38:37+00:00","description":"Relleno crujiente de pralin\u00e9 de almendra y avellana listo para usar. 27% de nueces tostadas, 0% de aceite de palma. Ideal para entremets, chocolates y reposter\u00eda.","breadcrumb":{"@id":"https:\/\/www.unipatis.fr\/es\/produit\/relleno-craquant-croc-praline\/#breadcrumb"},"inLanguage":"es","potentialAction":[{"@type":"ReadAction","target":["https:\/\/www.unipatis.fr\/es\/produit\/relleno-craquant-croc-praline\/"]}]},{"@type":"ImageObject","inLanguage":"es","@id":"https:\/\/www.unipatis.fr\/es\/produit\/relleno-craquant-croc-praline\/#primaryimage","url":"https:\/\/www.unipatis.fr\/wp-content\/uploads\/2025\/10\/Fourrage-croc-praline-Unipatis.png","contentUrl":"https:\/\/www.unipatis.fr\/wp-content\/uploads\/2025\/10\/Fourrage-croc-praline-Unipatis.png","width":630,"height":589,"caption":"Relleno de pralin\u00e9 de cocodrilo- Unipatis"},{"@type":"BreadcrumbList","@id":"https:\/\/www.unipatis.fr\/es\/produit\/relleno-craquant-croc-praline\/#breadcrumb","itemListElement":[{"@type":"ListItem","position":1,"name":"Accueil","item":"https:\/\/www.unipatis.fr\/es\/inicio\/"},{"@type":"ListItem","position":2,"name":"Tienda","item":"https:\/\/www.unipatis.fr\/es\/tienda\/"},{"@type":"ListItem","position":3,"name":"Relleno Craquant Croc Pralin\u00e9"}]},{"@type":"WebSite","@id":"https:\/\/www.unipatis.fr\/en\/#website","url":"https:\/\/www.unipatis.fr\/en\/","name":"Unipatis","description":"Unipatis Maison est une entreprise familiale sp\u00e9cialis\u00e9e dans la fabrication d&#039;ingr\u00e9dients p\u00e2tissiers et chocolatiers depuis quatre g\u00e9n\u00e9rations.","publisher":{"@id":"https:\/\/www.unipatis.fr\/en\/#organization"},"potentialAction":[{"@type":"SearchAction","target":{"@type":"EntryPoint","urlTemplate":"https:\/\/www.unipatis.fr\/en\/?s={search_term_string}"},"query-input":{"@type":"PropertyValueSpecification","valueRequired":true,"valueName":"search_term_string"}}],"inLanguage":"es"},{"@type":"Organization","@id":"https:\/\/www.unipatis.fr\/en\/#organization","name":"Unipatis","url":"https:\/\/www.unipatis.fr\/en\/","logo":{"@type":"ImageObject","inLanguage":"es","@id":"https:\/\/www.unipatis.fr\/en\/#\/schema\/logo\/image\/","url":"https:\/\/www.unipatis.fr\/wp-content\/uploads\/2021\/10\/UNIPATIS_logo_flag_2021-1.svg","contentUrl":"https:\/\/www.unipatis.fr\/wp-content\/uploads\/2021\/10\/UNIPATIS_logo_flag_2021-1.svg","width":150,"height":184,"caption":"Unipatis"},"image":{"@id":"https:\/\/www.unipatis.fr\/en\/#\/schema\/logo\/image\/"},"sameAs":["https:\/\/www.facebook.com\/unipatis","https:\/\/www.instagram.com\/unipatis","https:\/\/www.youtube.com\/@Unipatis"]}]}},"_links":{"self":[{"href":"https:\/\/www.unipatis.fr\/es\/wp-json\/wp\/v2\/product\/28336","targetHints":{"allow":["GET"]}}],"collection":[{"href":"https:\/\/www.unipatis.fr\/es\/wp-json\/wp\/v2\/product"}],"about":[{"href":"https:\/\/www.unipatis.fr\/es\/wp-json\/wp\/v2\/types\/product"}],"replies":[{"embeddable":true,"href":"https:\/\/www.unipatis.fr\/es\/wp-json\/wp\/v2\/comments?post=28336"}],"version-history":[{"count":1,"href":"https:\/\/www.unipatis.fr\/es\/wp-json\/wp\/v2\/product\/28336\/revisions"}],"predecessor-version":[{"id":30430,"href":"https:\/\/www.unipatis.fr\/es\/wp-json\/wp\/v2\/product\/28336\/revisions\/30430"}],"wp:featuredmedia":[{"embeddable":true,"href":"https:\/\/www.unipatis.fr\/es\/wp-json\/wp\/v2\/media\/28337"}],"wp:attachment":[{"href":"https:\/\/www.unipatis.fr\/es\/wp-json\/wp\/v2\/media?parent=28336"}],"wp:term":[{"taxonomy":"product_brand","embeddable":true,"href":"https:\/\/www.unipatis.fr\/es\/wp-json\/wp\/v2\/product_brand?post=28336"},{"taxonomy":"product_cat","embeddable":true,"href":"https:\/\/www.unipatis.fr\/es\/wp-json\/wp\/v2\/product_cat?post=28336"},{"taxonomy":"product_tag","embeddable":true,"href":"https:\/\/www.unipatis.fr\/es\/wp-json\/wp\/v2\/product_tag?post=28336"}],"curies":[{"name":"wp","href":"https:\/\/api.w.org\/{rel}","templated":true}]}}