{"id":16970,"date":"2024-08-23T17:27:00","date_gmt":"2024-08-23T15:27:00","guid":{"rendered":"https:\/\/www.unipatis.fr\/%e3%83%9e%e3%82%a4%e3%82%a2%e3%82%ab%e3%82%a6%e3%83%b3%e3%83%88\/"},"modified":"2024-08-23T17:27:01","modified_gmt":"2024-08-23T15:27:01","slug":"%e3%83%9e%e3%82%a4%e3%82%a2%e3%82%ab%e3%82%a6%e3%83%b3%e3%83%88","status":"publish","type":"page","link":"https:\/\/www.unipatis.fr\/ja\/%e3%83%9e%e3%82%a4%e3%82%a2%e3%82%ab%e3%82%a6%e3%83%b3%e3%83%88\/","title":{"rendered":"\u30de\u30a4\u30a2\u30ab\u30a6\u30f3\u30c8"},"content":{"rendered":"<div class=\"woocommerce\"><\/div>\n","protected":false},"excerpt":{"rendered":"","protected":false},"author":1,"featured_media":0,"parent":0,"menu_order":0,"comment_status":"closed","ping_status":"closed","template":"","meta":{"_acf_changed":false,"inline_featured_image":false,"footnotes":""},"class_list":["post-16970","page","type-page","status-publish"],"acf":[],"yoast_head":"<!-- This site is optimized with the Yoast SEO plugin v27.2 - https:\/\/yoast.com\/product\/yoast-seo-wordpress\/ -->\n<title>\u30de\u30a4\u30a2\u30ab\u30a6\u30f3\u30c8 - Unipatis<\/title>\n<meta name=\"robots\" content=\"index, follow, max-snippet:-1, max-image-preview:large, max-video-preview:-1\" \/>\n<link rel=\"canonical\" href=\"https:\/\/www.unipatis.fr\/ja\/\u30de\u30a4\u30a2\u30ab\u30a6\u30f3\u30c8\/\" \/>\n<meta property=\"og:locale\" content=\"ja_JP\" \/>\n<meta property=\"og:type\" content=\"article\" \/>\n<meta property=\"og:title\" content=\"\u30de\u30a4\u30a2\u30ab\u30a6\u30f3\u30c8 - Unipatis\" \/>\n<meta property=\"og:url\" content=\"https:\/\/www.unipatis.fr\/ja\/\u30de\u30a4\u30a2\u30ab\u30a6\u30f3\u30c8\/\" \/>\n<meta property=\"og:site_name\" content=\"Unipatis\" \/>\n<meta property=\"article:publisher\" content=\"https:\/\/www.facebook.com\/unipatis\" \/>\n<meta property=\"article:modified_time\" content=\"2024-08-23T15:27:01+00:00\" \/>\n<meta name=\"twitter:card\" content=\"summary_large_image\" \/>\n<script type=\"application\/ld+json\" class=\"yoast-schema-graph\">{\"@context\":\"https:\/\/schema.org\",\"@graph\":[{\"@type\":\"WebPage\",\"@id\":\"https:\/\/www.unipatis.fr\/ja\/%e3%83%9e%e3%82%a4%e3%82%a2%e3%82%ab%e3%82%a6%e3%83%b3%e3%83%88\/\",\"url\":\"https:\/\/www.unipatis.fr\/ja\/%e3%83%9e%e3%82%a4%e3%82%a2%e3%82%ab%e3%82%a6%e3%83%b3%e3%83%88\/\",\"name\":\"\u30de\u30a4\u30a2\u30ab\u30a6\u30f3\u30c8 - Unipatis\",\"isPartOf\":{\"@id\":\"https:\/\/www.unipatis.fr\/en\/#website\"},\"datePublished\":\"2024-08-23T15:27:00+00:00\",\"dateModified\":\"2024-08-23T15:27:01+00:00\",\"breadcrumb\":{\"@id\":\"https:\/\/www.unipatis.fr\/ja\/%e3%83%9e%e3%82%a4%e3%82%a2%e3%82%ab%e3%82%a6%e3%83%b3%e3%83%88\/#breadcrumb\"},\"inLanguage\":\"ja\",\"potentialAction\":[{\"@type\":\"ReadAction\",\"target\":[\"https:\/\/www.unipatis.fr\/ja\/%e3%83%9e%e3%82%a4%e3%82%a2%e3%82%ab%e3%82%a6%e3%83%b3%e3%83%88\/\"]}]},{\"@type\":\"BreadcrumbList\",\"@id\":\"https:\/\/www.unipatis.fr\/ja\/%e3%83%9e%e3%82%a4%e3%82%a2%e3%82%ab%e3%82%a6%e3%83%b3%e3%83%88\/#breadcrumb\",\"itemListElement\":[{\"@type\":\"ListItem\",\"position\":1,\"name\":\"Accueil\",\"item\":\"https:\/\/www.unipatis.fr\/ja\/%e3%83%9b%e3%83%bc%e3%83%a0-2\/\"},{\"@type\":\"ListItem\",\"position\":2,\"name\":\"\u30de\u30a4\u30a2\u30ab\u30a6\u30f3\u30c8\"}]},{\"@type\":\"WebSite\",\"@id\":\"https:\/\/www.unipatis.fr\/en\/#website\",\"url\":\"https:\/\/www.unipatis.fr\/en\/\",\"name\":\"Unipatis\",\"description\":\"Unipatis Maison est une entreprise familiale sp\u00e9cialis\u00e9e dans la fabrication d&#039;ingr\u00e9dients p\u00e2tissiers et chocolatiers depuis quatre g\u00e9n\u00e9rations.\",\"publisher\":{\"@id\":\"https:\/\/www.unipatis.fr\/en\/#organization\"},\"potentialAction\":[{\"@type\":\"SearchAction\",\"target\":{\"@type\":\"EntryPoint\",\"urlTemplate\":\"https:\/\/www.unipatis.fr\/en\/?s={search_term_string}\"},\"query-input\":{\"@type\":\"PropertyValueSpecification\",\"valueRequired\":true,\"valueName\":\"search_term_string\"}}],\"inLanguage\":\"ja\"},{\"@type\":\"Organization\",\"@id\":\"https:\/\/www.unipatis.fr\/en\/#organization\",\"name\":\"Unipatis\",\"url\":\"https:\/\/www.unipatis.fr\/en\/\",\"logo\":{\"@type\":\"ImageObject\",\"inLanguage\":\"ja\",\"@id\":\"https:\/\/www.unipatis.fr\/en\/#\/schema\/logo\/image\/\",\"url\":\"https:\/\/www.unipatis.fr\/wp-content\/uploads\/2021\/10\/UNIPATIS_logo_flag_2021-1.svg\",\"contentUrl\":\"https:\/\/www.unipatis.fr\/wp-content\/uploads\/2021\/10\/UNIPATIS_logo_flag_2021-1.svg\",\"width\":150,\"height\":184,\"caption\":\"Unipatis\"},\"image\":{\"@id\":\"https:\/\/www.unipatis.fr\/en\/#\/schema\/logo\/image\/\"},\"sameAs\":[\"https:\/\/www.facebook.com\/unipatis\",\"https:\/\/www.instagram.com\/unipatis\",\"https:\/\/www.youtube.com\/@Unipatis\"]}]}<\/script>\n<!-- \/ Yoast SEO plugin. -->","yoast_head_json":{"title":"\u30de\u30a4\u30a2\u30ab\u30a6\u30f3\u30c8 - Unipatis","robots":{"index":"index","follow":"follow","max-snippet":"max-snippet:-1","max-image-preview":"max-image-preview:large","max-video-preview":"max-video-preview:-1"},"canonical":"https:\/\/www.unipatis.fr\/ja\/\u30de\u30a4\u30a2\u30ab\u30a6\u30f3\u30c8\/","og_locale":"ja_JP","og_type":"article","og_title":"\u30de\u30a4\u30a2\u30ab\u30a6\u30f3\u30c8 - Unipatis","og_url":"https:\/\/www.unipatis.fr\/ja\/\u30de\u30a4\u30a2\u30ab\u30a6\u30f3\u30c8\/","og_site_name":"Unipatis","article_publisher":"https:\/\/www.facebook.com\/unipatis","article_modified_time":"2024-08-23T15:27:01+00:00","twitter_card":"summary_large_image","schema":{"@context":"https:\/\/schema.org","@graph":[{"@type":"WebPage","@id":"https:\/\/www.unipatis.fr\/ja\/%e3%83%9e%e3%82%a4%e3%82%a2%e3%82%ab%e3%82%a6%e3%83%b3%e3%83%88\/","url":"https:\/\/www.unipatis.fr\/ja\/%e3%83%9e%e3%82%a4%e3%82%a2%e3%82%ab%e3%82%a6%e3%83%b3%e3%83%88\/","name":"\u30de\u30a4\u30a2\u30ab\u30a6\u30f3\u30c8 - Unipatis","isPartOf":{"@id":"https:\/\/www.unipatis.fr\/en\/#website"},"datePublished":"2024-08-23T15:27:00+00:00","dateModified":"2024-08-23T15:27:01+00:00","breadcrumb":{"@id":"https:\/\/www.unipatis.fr\/ja\/%e3%83%9e%e3%82%a4%e3%82%a2%e3%82%ab%e3%82%a6%e3%83%b3%e3%83%88\/#breadcrumb"},"inLanguage":"ja","potentialAction":[{"@type":"ReadAction","target":["https:\/\/www.unipatis.fr\/ja\/%e3%83%9e%e3%82%a4%e3%82%a2%e3%82%ab%e3%82%a6%e3%83%b3%e3%83%88\/"]}]},{"@type":"BreadcrumbList","@id":"https:\/\/www.unipatis.fr\/ja\/%e3%83%9e%e3%82%a4%e3%82%a2%e3%82%ab%e3%82%a6%e3%83%b3%e3%83%88\/#breadcrumb","itemListElement":[{"@type":"ListItem","position":1,"name":"Accueil","item":"https:\/\/www.unipatis.fr\/ja\/%e3%83%9b%e3%83%bc%e3%83%a0-2\/"},{"@type":"ListItem","position":2,"name":"\u30de\u30a4\u30a2\u30ab\u30a6\u30f3\u30c8"}]},{"@type":"WebSite","@id":"https:\/\/www.unipatis.fr\/en\/#website","url":"https:\/\/www.unipatis.fr\/en\/","name":"Unipatis","description":"Unipatis Maison est une entreprise familiale sp\u00e9cialis\u00e9e dans la fabrication d&#039;ingr\u00e9dients p\u00e2tissiers et chocolatiers depuis quatre g\u00e9n\u00e9rations.","publisher":{"@id":"https:\/\/www.unipatis.fr\/en\/#organization"},"potentialAction":[{"@type":"SearchAction","target":{"@type":"EntryPoint","urlTemplate":"https:\/\/www.unipatis.fr\/en\/?s={search_term_string}"},"query-input":{"@type":"PropertyValueSpecification","valueRequired":true,"valueName":"search_term_string"}}],"inLanguage":"ja"},{"@type":"Organization","@id":"https:\/\/www.unipatis.fr\/en\/#organization","name":"Unipatis","url":"https:\/\/www.unipatis.fr\/en\/","logo":{"@type":"ImageObject","inLanguage":"ja","@id":"https:\/\/www.unipatis.fr\/en\/#\/schema\/logo\/image\/","url":"https:\/\/www.unipatis.fr\/wp-content\/uploads\/2021\/10\/UNIPATIS_logo_flag_2021-1.svg","contentUrl":"https:\/\/www.unipatis.fr\/wp-content\/uploads\/2021\/10\/UNIPATIS_logo_flag_2021-1.svg","width":150,"height":184,"caption":"Unipatis"},"image":{"@id":"https:\/\/www.unipatis.fr\/en\/#\/schema\/logo\/image\/"},"sameAs":["https:\/\/www.facebook.com\/unipatis","https:\/\/www.instagram.com\/unipatis","https:\/\/www.youtube.com\/@Unipatis"]}]}},"_links":{"self":[{"href":"https:\/\/www.unipatis.fr\/ja\/wp-json\/wp\/v2\/pages\/16970","targetHints":{"allow":["GET"]}}],"collection":[{"href":"https:\/\/www.unipatis.fr\/ja\/wp-json\/wp\/v2\/pages"}],"about":[{"href":"https:\/\/www.unipatis.fr\/ja\/wp-json\/wp\/v2\/types\/page"}],"author":[{"embeddable":true,"href":"https:\/\/www.unipatis.fr\/ja\/wp-json\/wp\/v2\/users\/1"}],"replies":[{"embeddable":true,"href":"https:\/\/www.unipatis.fr\/ja\/wp-json\/wp\/v2\/comments?post=16970"}],"version-history":[{"count":1,"href":"https:\/\/www.unipatis.fr\/ja\/wp-json\/wp\/v2\/pages\/16970\/revisions"}],"predecessor-version":[{"id":16971,"href":"https:\/\/www.unipatis.fr\/ja\/wp-json\/wp\/v2\/pages\/16970\/revisions\/16971"}],"wp:attachment":[{"href":"https:\/\/www.unipatis.fr\/ja\/wp-json\/wp\/v2\/media?parent=16970"}],"curies":[{"name":"wp","href":"https:\/\/api.w.org\/{rel}","templated":true}]}}