{"id":17017,"date":"2024-08-23T17:27:23","date_gmt":"2024-08-23T15:27:23","guid":{"rendered":"https:\/\/www.unipatis.fr\/%e6%b3%95%e7%9a%84%e6%83%85%e5%a0%b1\/"},"modified":"2025-12-16T09:37:25","modified_gmt":"2025-12-16T08:37:25","slug":"%e6%b3%95%e7%9a%84%e6%83%85%e5%a0%b1","status":"publish","type":"page","link":"https:\/\/www.unipatis.fr\/ja\/%e6%b3%95%e7%9a%84%e6%83%85%e5%a0%b1\/","title":{"rendered":"\u6cd5\u7684\u60c5\u5831"},"content":{"rendered":"\t\t<div data-elementor-type=\"wp-page\" data-elementor-id=\"17017\" class=\"elementor elementor-17017 elementor-33\" data-elementor-post-type=\"page\">\n\t\t\t\t\t\t<section class=\"elementor-section elementor-top-section elementor-element elementor-element-74c3687 elementor-section-boxed elementor-section-height-default elementor-section-height-default\" data-id=\"74c3687\" data-element_type=\"section\" data-e-type=\"section\">\n\t\t\t\t\t\t<div class=\"elementor-container elementor-column-gap-default\">\n\t\t\t\t\t<div class=\"elementor-column elementor-col-100 elementor-top-column elementor-element elementor-element-8763ae2\" data-id=\"8763ae2\" data-element_type=\"column\" data-e-type=\"column\">\n\t\t\t<div class=\"elementor-widget-wrap elementor-element-populated\">\n\t\t\t\t\t\t<div class=\"elementor-element elementor-element-6fd4f8e elementor-widget elementor-widget-text-editor\" data-id=\"6fd4f8e\" data-element_type=\"widget\" data-e-type=\"widget\" data-widget_type=\"text-editor.default\">\n\t\t\t\t<div class=\"elementor-widget-container\">\n\t\t\t\t\t\t\t\t\t<p>\u6cd5\u7684\u901a\u77e5\uff1a\u3053\u306e\u30a6\u30a7\u30d6\u30b5\u30a4\u30c8\u306f\u3001\u4ee5\u4e0b\u306e\u4f4f\u6240\u306b\u672c\u793e\u3092\u7f6e\u304f\u30e1\u30c7\u30a3\u30a2\u30d4\u30ed\u30fc\u30c6\u30fb\u30ab\u30fc\u30f3\u306b\u5e30\u5c5e\u3057\u307e\u3059\uff1a<\/p>\t\t\t\t\t\t\t\t<\/div>\n\t\t\t\t<\/div>\n\t\t\t\t<div class=\"elementor-element elementor-element-34b29a2 elementor-widget elementor-widget-text-editor\" data-id=\"34b29a2\" data-element_type=\"widget\" data-e-type=\"widget\" data-widget_type=\"text-editor.default\">\n\t\t\t\t<div class=\"elementor-widget-container\">\n\t\t\t\t\t\t\t\t\t<p>80 \u30c6\u30a3\u30a8\u30b9\u901a\u308a<\/p>\n<p>&nbsp; 14000 CAEN<\/p>\n<p>\u5f53\u30a6\u30a7\u30d6\u30b5\u30a4\u30c8\u306e\u767a\u884c\u8cac\u4efb\u8005\u306f\u3001\u30a6\u30a7\u30d6\u30fb\u30d7\u30ed\u30b8\u30a7\u30af\u30c8\u30fb\u30de\u30cd\u30fc\u30b8\u30e3\u30fc\u3068\u3057\u3066\u30e9\u30d5\u30a1\u30a8\u30eb\u30fb\u30de\u30ea\u30e5\u30fc\u304c\u52d9\u3081\u3066\u3044\u308b\u3002<\/p>\n<p>\u30db\u30b9\u30c6\u30a3\u30f3\u30b0\u30fb\u30d7\u30ed\u30d0\u30a4\u30c0\u30fc\u306fMedialibs\u3002<\/p>\n<p>\u3053\u306e\u30b5\u30a4\u30c8\u306fmediapilote\u4ee3\u7406\u5e97\u304c\u5236\u4f5c\u3057\u305f\u3002<\/p>\n<p>\u5229\u7528\u8005\u306f\u30011978\u5e741\u67086\u65e5\u4ed8\u30d5\u30e9\u30f3\u30b9\u60c5\u5831\u4fdd\u8b77\u6cd5\u7b2c27\u6761\u306b\u57fa\u3065\u304d\u3001\u672c\u30b5\u30a4\u30c8\u306e\u30d5\u30a9\u30fc\u30e0\u3092\u901a\u3058\u3066\u5229\u7528\u8005\u304b\u3089\u63d0\u4f9b\u3055\u308c\u305f\u60c5\u5831\u306f\u3001\u5229\u7528\u8005\u306e\u30ea\u30af\u30a8\u30b9\u30c8\u306b\u5bfe\u5fdc\u3059\u308b\u305f\u3081\u306b\u5fc5\u8981\u306a\u3082\u306e\u3067\u3042\u308a\u3001\u30e1\u30c7\u30a3\u30a2\u30d4\u30ed\u30fc\u30c6\u30fb\u30b1\u30a2\u30f3\u306e\u7ba1\u7406\u76ee\u7684\u306b\u306e\u307f\u4f7f\u7528\u3055\u308c\u308b\u3082\u306e\u3067\u3042\u308b\u3053\u3068\u3092\u3053\u3053\u306b\u901a\u77e5\u3057\u307e\u3059\u3002<\/p>\n<p>\u5f53\u30a6\u30a7\u30d6\u30b5\u30a4\u30c8\u306e\u5229\u7528\u8005\u306f\u3001\u30c7\u30fc\u30bf\u51e6\u7406\u3001\u30c7\u30fc\u30bf\u30d5\u30a1\u30a4\u30eb\u3001\u500b\u4eba\u306e\u81ea\u7531\u306b\u95a2\u3059\u308b\u6cd5\u5f8b\u306e\u898f\u5b9a\u3092\u9075\u5b88\u3059\u308b\u5fc5\u8981\u304c\u3042\u308a\u3001\u3053\u308c\u306b\u9055\u53cd\u3057\u305f\u5834\u5408\u306f\u5211\u4e8b\u7f70\u306e\u5bfe\u8c61\u3068\u306a\u308a\u307e\u3059\u3002<\/p>\n<p>\u7279\u306b\u3001\u30a2\u30af\u30bb\u30b9\u3057\u305f\u500b\u4eba\u60c5\u5831\u3092\u53ce\u96c6\u3057\u305f\u308a\u60aa\u7528\u3057\u305f\u308a\u3059\u308b\u3053\u3068\u3001\u307e\u305f\u3001\u4e00\u822c\u7684\u306b\u3001\u30e1\u30c7\u30a3\u30a2\u30d4\u30ed\u30fc\u30c6\u30fb\u30ab\u30fc\u30f3\u3001\u500b\u4eba\u306e\u79c1\u751f\u6d3b\u3084\u540d\u8a89\u3092\u50b7\u3064\u3051\u308b\u53ef\u80fd\u6027\u306e\u3042\u308b\u884c\u70ba\u3092\u614e\u307e\u306a\u3051\u308c\u3070\u306a\u308a\u307e\u305b\u3093\u3002<\/p>\n<p>\u4e00\u822c\u7684\u306a\u69cb\u9020\u3001\u30c6\u30ad\u30b9\u30c8\u3001\u753b\u50cf\uff08\u30a2\u30cb\u30e1\u30fc\u30b7\u30e7\u30f3\u306e\u6709\u7121\u306b\u304b\u304b\u308f\u3089\u305a\uff09\u3001\u30ce\u30a6\u30cf\u30a6\u3001\u305d\u306e\u4ed6\u30b5\u30a4\u30c8\u3092\u69cb\u6210\u3059\u308b\u3059\u3079\u3066\u306e\u8981\u7d20\u306f\u3001\u30e1\u30c7\u30a3\u30a2\u30d4\u30ed\u30fc\u30c6\u304c\u72ec\u5360\u7684\u306b\u6240\u6709\u3057\u307e\u3059\u3002<\/p>\n<p>\u30e1\u30c7\u30a3\u30a2\u30d4\u30ed\u30fc\u30c6\u306e\u660e\u793a\u7684\u306a\u8a31\u53ef\u306a\u304f\u3001\u3044\u304b\u306a\u308b\u4f01\u696d\u306b\u3088\u308b\u672c\u30b5\u30a4\u30c8\u306e\u5168\u4f53\u7684\u307e\u305f\u306f\u90e8\u5206\u7684\u306a\u8868\u73fe\u3082\u7981\u6b62\u3055\u308c\u3066\u304a\u308a\u3001\u30d5\u30e9\u30f3\u30b9\u77e5\u7684\u6240\u6709\u6a29\u6cd5L.335-2\u4ed6\u306b\u3088\u308a\u51e6\u7f70\u3055\u308c\u308b\u4fb5\u5bb3\u884c\u70ba\u3068\u306a\u308a\u307e\u3059\u3002\u672c\u30b5\u30a4\u30c8\u306b\u63b2\u8f09\u3055\u308c\u3066\u3044\u308b\u30c7\u30fc\u30bf\u30d9\u30fc\u30b9\u306b\u3064\u3044\u3066\u3082\u540c\u69d8\u3067\u3042\u308a\u3001\u30c7\u30fc\u30bf\u30d9\u30fc\u30b9\u306e\u6cd5\u7684\u4fdd\u8b77\u306b\u95a2\u3059\u308b1996\u5e743\u670811\u65e5\u4ed8\u6b27\u5dde\u6307\u4ee4\u3092\u77e5\u7684\u8ca1\u7523\u6cd5\u5178\u306b\u79fb\u7ba1\u3059\u308b1998\u5e747\u67081\u65e5\u4ed8\u6cd5\u306e\u898f\u5b9a\u306b\u3088\u3063\u3066\u4fdd\u8b77\u3055\u308c\u3066\u3044\u307e\u3059\u3002 <\/p>\n<p>\u5f93\u3063\u3066\u3001\u30d5\u30e9\u30f3\u30b9\u77e5\u7684\u8ca1\u7523\u6cd5\u5178L.713-2\u306e\u610f\u5473\u306b\u304a\u3044\u3066\u3001\u5546\u6a19\u307e\u305f\u306f\u30ed\u30b4\u306e\u5168\u90e8\u307e\u305f\u306f\u4e00\u90e8\u3092\u3001\u305d\u308c\u306b\u95a2\u3059\u308b\u6a29\u5229\u8005\u306e\u660e\u793a\u7684\u306a\u8a31\u53ef\u306a\u304f\u3001\u672c\u30b5\u30a4\u30c8\u306e\u8981\u7d20\u304b\u3089\u8907\u88fd\u3059\u308b\u3053\u3068\u306f\u7981\u6b62\u3055\u308c\u3066\u3044\u307e\u3059\u3002<\/p>\n<p>\u672c\u30b5\u30a4\u30c8\u306b\u8a2d\u5b9a\u3055\u308c\u3066\u3044\u308b\u30cf\u30a4\u30d1\u30fc\u30c6\u30ad\u30b9\u30c8\u30ea\u30f3\u30af\u306f\u3001\u5229\u7528\u8005\u3092\u69d8\u3005\u306a\u30b5\u30a4\u30c8\u3078\u5c0e\u304f\u53ef\u80fd\u6027\u304c\u3042\u308a\u307e\u3059\u3002\u30e1\u30c7\u30a3\u30a2\u30d4\u30ed\u30fc\u30c6\u306f\u3001\u30ea\u30f3\u30af\u5148\u306e\u30b5\u30a4\u30c8\u3001\u305d\u306e\u30b3\u30f3\u30c6\u30f3\u30c4\u3001\u305d\u3053\u306b\u542b\u307e\u308c\u308b\u60c5\u5831\u3092\u3059\u3079\u3066\u78ba\u8a8d\u3057\u3066\u3044\u308b\u308f\u3051\u3067\u306f\u306a\u304f\u3001\u5229\u7528\u8005\u3054\u81ea\u8eab\u306e\u8cac\u4efb\u306b\u304a\u3044\u3066\u3001\u30ea\u30f3\u30af\u5148\u306e\u30b5\u30a4\u30c8\u306e\u60c5\u5831\u304a\u3088\u3073\/\u307e\u305f\u306f\u30b3\u30f3\u30c6\u30f3\u30c4\u306e\u9069\u5408\u6027\u3001\u6b63\u78ba\u6027\u3001\u5b8c\u5168\u6027\u304a\u3088\u3073\/\u307e\u305f\u306f\u5408\u6cd5\u6027\u3092\u3054\u78ba\u8a8d\u304f\u3060\u3055\u3044\u3002\u5f93\u3063\u3066\u3001\u30e1\u30c7\u30a3\u30a2\u30d4\u30ed\u30fc\u30c6\u306f\u3001\u5229\u7528\u8005\u304c\u30e1\u30c7\u30a3\u30a2\u30d4\u30ed\u30fc\u30c6\u306e\u30a6\u30a7\u30d6\u30b5\u30a4\u30c8\u304b\u3089\u30cf\u30a4\u30d1\u30fc\u30ea\u30f3\u30af\u3092\u901a\u3058\u3066\u30a2\u30af\u30bb\u30b9\u3067\u304d\u308b\u30b5\u30a4\u30c8\u3067\u63d0\u4f9b\u3055\u308c\u308b\u30b3\u30f3\u30c6\u30f3\u30c4\u3084\u30b5\u30fc\u30d3\u30b9\u3001\u304a\u3088\u3073\u5229\u7528\u8005\u306b\u3088\u308b\u305d\u306e\u3088\u3046\u306a\u30b5\u30a4\u30c8\u306e\u5229\u7528\u306b\u3064\u3044\u3066\u3001\u4e00\u5207\u306e\u8cac\u4efb\u3092\u8ca0\u3044\u307e\u305b\u3093\u3002\u305d\u306e\u3088\u3046\u306a\u30b5\u30a4\u30c8\u306e\u5229\u7528\u306b\u3064\u3044\u3066\u306f\u3001\u5229\u7528\u8005\u306e\u307f\u304c\u8cac\u4efb\u3092\u8ca0\u3046\u3082\u306e\u3068\u3057\u307e\u3059\u3002   <\/p>\n<p>\u672c\u30b5\u30a4\u30c8\u306e\u5229\u7528\u8005\u304a\u3088\u3073\u8a2a\u554f\u8005\u306f\u3001\u30e1\u30c7\u30a3\u30a2\u30d4\u30ed\u30fc\u30c6\u306e\u4e8b\u524d\u306e\u660e\u793a\u7684\u306a\u8a31\u53ef\u306a\u304f\u3001\u672c\u30b5\u30a4\u30c8\u3078\u306e\u30cf\u30a4\u30d1\u30fc\u30ea\u30f3\u30af\u3092\u8a2d\u5b9a\u3059\u308b\u3053\u3068\u306f\u3067\u304d\u307e\u305b\u3093\u3002<\/p>\n<p>\u30e1\u30c7\u30a3\u30a2\u30d4\u30ed\u30fc\u30c6\u306f\u3001\u5229\u7528\u53ef\u80fd\u3067\u691c\u8a3c\u3055\u308c\u305f\u60c5\u5831\u304a\u3088\u3073\/\u307e\u305f\u306f\u30c4\u30fc\u30eb\u3092\u30e6\u30fc\u30b6\u30fc\u306b\u63d0\u4f9b\u3059\u308b\u305f\u3081\u306b\u6700\u5927\u9650\u306e\u52aa\u529b\u3092\u6255\u3044\u307e\u3059\u304c\u3001\u3044\u304b\u306a\u308b\u72b6\u6cc1\u306b\u304a\u3044\u3066\u3082\u3001\u30a8\u30e9\u30fc\u3001\u60c5\u5831\u306e\u5229\u7528\u53ef\u80fd\u6027\u306e\u6b20\u5982\u3001\u304a\u3088\u3073\/\u307e\u305f\u306f\u30b5\u30a4\u30c8\u4e0a\u306e\u30a6\u30a4\u30eb\u30b9\u306e\u5b58\u5728\u306b\u5bfe\u3057\u3066\u8cac\u4efb\u3092\u8ca0\u3046\u3053\u3068\u306f\u3067\u304d\u307e\u305b\u3093\u3002<\/p>\t\t\t\t\t\t\t\t<\/div>\n\t\t\t\t<\/div>\n\t\t\t\t\t<\/div>\n\t\t<\/div>\n\t\t\t\t\t<\/div>\n\t\t<\/section>\n\t\t\t\t<\/div>\n\t\t","protected":false},"excerpt":{"rendered":"<p>\u6cd5\u7684\u901a\u77e5\uff1a\u3053\u306e\u30a6\u30a7\u30d6\u30b5\u30a4\u30c8\u306f\u3001\u4ee5\u4e0b\u306e\u4f4f\u6240\u306b\u672c\u793e\u3092\u7f6e\u304f\u30e1\u30c7\u30a3\u30a2\u30d4\u30ed\u30fc\u30c6\u30fb\u30ab\u30fc\u30f3\u306b\u5e30\u5c5e\u3057\u307e\u3059\uff1a 80 \u30c6\u30a3\u30a8\u30b9\u901a\u308a &#8230; <a title=\"\u6cd5\u7684\u60c5\u5831\" class=\"read-more\" href=\"https:\/\/www.unipatis.fr\/ja\/%e6%b3%95%e7%9a%84%e6%83%85%e5%a0%b1\/\" aria-label=\"\u6cd5\u7684\u60c5\u5831 \u306b\u3064\u3044\u3066\u3055\u3089\u306b\u8aad\u3080\">Read more<\/a><\/p>\n","protected":false},"author":1,"featured_media":0,"parent":0,"menu_order":0,"comment_status":"closed","ping_status":"closed","template":"","meta":{"_acf_changed":false,"inline_featured_image":false,"footnotes":""},"class_list":["post-17017","page","type-page","status-publish"],"acf":[],"yoast_head":"<!-- This site is optimized with the Yoast SEO plugin v27.2 - https:\/\/yoast.com\/product\/yoast-seo-wordpress\/ -->\n<title>\u6cd5\u7684\u60c5\u5831 - Unipatis<\/title>\n<meta name=\"description\" content=\"\u6cd5\u5f8b\u4e0a\u306e\u901a\u77e5Unipatis - \u30b5\u30a4\u30c8\u306e\u767a\u884c\u8005\u3001\u30db\u30b9\u30c6\u30a3\u30f3\u30b0\u3001\u77e5\u7684\u8ca1\u7523\u6a29\u3068\u4f7f\u7528\u306b\u95a2\u3059\u308b\u60c5\u5831\u3002M\u00e9diapilote Caen, 80 Avenue de Thi\u00e8s, 14000 Caen.\" \/>\n<meta name=\"robots\" content=\"index, follow, max-snippet:-1, max-image-preview:large, max-video-preview:-1\" \/>\n<link rel=\"canonical\" href=\"https:\/\/www.unipatis.fr\/ja\/\u6cd5\u7684\u60c5\u5831\/\" \/>\n<meta property=\"og:locale\" content=\"ja_JP\" \/>\n<meta property=\"og:type\" content=\"article\" \/>\n<meta property=\"og:title\" content=\"\u6cd5\u7684\u60c5\u5831 - Unipatis\" \/>\n<meta property=\"og:description\" content=\"\u6cd5\u5f8b\u4e0a\u306e\u901a\u77e5Unipatis - \u30b5\u30a4\u30c8\u306e\u767a\u884c\u8005\u3001\u30db\u30b9\u30c6\u30a3\u30f3\u30b0\u3001\u77e5\u7684\u8ca1\u7523\u6a29\u3068\u4f7f\u7528\u306b\u95a2\u3059\u308b\u60c5\u5831\u3002M\u00e9diapilote Caen, 80 Avenue de Thi\u00e8s, 14000 Caen.\" \/>\n<meta property=\"og:url\" content=\"https:\/\/www.unipatis.fr\/ja\/\u6cd5\u7684\u60c5\u5831\/\" \/>\n<meta property=\"og:site_name\" content=\"Unipatis\" \/>\n<meta property=\"article:publisher\" content=\"https:\/\/www.facebook.com\/unipatis\" \/>\n<meta property=\"article:modified_time\" content=\"2025-12-16T08:37:25+00:00\" \/>\n<meta name=\"twitter:card\" content=\"summary_large_image\" \/>\n<script type=\"application\/ld+json\" class=\"yoast-schema-graph\">{\"@context\":\"https:\/\/schema.org\",\"@graph\":[{\"@type\":\"WebPage\",\"@id\":\"https:\/\/www.unipatis.fr\/ja\/%e6%b3%95%e7%9a%84%e6%83%85%e5%a0%b1\/\",\"url\":\"https:\/\/www.unipatis.fr\/ja\/%e6%b3%95%e7%9a%84%e6%83%85%e5%a0%b1\/\",\"name\":\"\u6cd5\u7684\u60c5\u5831 - Unipatis\",\"isPartOf\":{\"@id\":\"https:\/\/www.unipatis.fr\/en\/#website\"},\"datePublished\":\"2024-08-23T15:27:23+00:00\",\"dateModified\":\"2025-12-16T08:37:25+00:00\",\"description\":\"\u6cd5\u5f8b\u4e0a\u306e\u901a\u77e5Unipatis - \u30b5\u30a4\u30c8\u306e\u767a\u884c\u8005\u3001\u30db\u30b9\u30c6\u30a3\u30f3\u30b0\u3001\u77e5\u7684\u8ca1\u7523\u6a29\u3068\u4f7f\u7528\u306b\u95a2\u3059\u308b\u60c5\u5831\u3002M\u00e9diapilote Caen, 80 Avenue de Thi\u00e8s, 14000 Caen.\",\"breadcrumb\":{\"@id\":\"https:\/\/www.unipatis.fr\/ja\/%e6%b3%95%e7%9a%84%e6%83%85%e5%a0%b1\/#breadcrumb\"},\"inLanguage\":\"ja\",\"potentialAction\":[{\"@type\":\"ReadAction\",\"target\":[\"https:\/\/www.unipatis.fr\/ja\/%e6%b3%95%e7%9a%84%e6%83%85%e5%a0%b1\/\"]}]},{\"@type\":\"BreadcrumbList\",\"@id\":\"https:\/\/www.unipatis.fr\/ja\/%e6%b3%95%e7%9a%84%e6%83%85%e5%a0%b1\/#breadcrumb\",\"itemListElement\":[{\"@type\":\"ListItem\",\"position\":1,\"name\":\"Accueil\",\"item\":\"https:\/\/www.unipatis.fr\/ja\/%e3%83%9b%e3%83%bc%e3%83%a0-2\/\"},{\"@type\":\"ListItem\",\"position\":2,\"name\":\"\u6cd5\u7684\u60c5\u5831\"}]},{\"@type\":\"WebSite\",\"@id\":\"https:\/\/www.unipatis.fr\/en\/#website\",\"url\":\"https:\/\/www.unipatis.fr\/en\/\",\"name\":\"Unipatis\",\"description\":\"Unipatis Maison est une entreprise familiale sp\u00e9cialis\u00e9e dans la fabrication d&#039;ingr\u00e9dients p\u00e2tissiers et chocolatiers depuis quatre g\u00e9n\u00e9rations.\",\"publisher\":{\"@id\":\"https:\/\/www.unipatis.fr\/en\/#organization\"},\"potentialAction\":[{\"@type\":\"SearchAction\",\"target\":{\"@type\":\"EntryPoint\",\"urlTemplate\":\"https:\/\/www.unipatis.fr\/en\/?s={search_term_string}\"},\"query-input\":{\"@type\":\"PropertyValueSpecification\",\"valueRequired\":true,\"valueName\":\"search_term_string\"}}],\"inLanguage\":\"ja\"},{\"@type\":\"Organization\",\"@id\":\"https:\/\/www.unipatis.fr\/en\/#organization\",\"name\":\"Unipatis\",\"url\":\"https:\/\/www.unipatis.fr\/en\/\",\"logo\":{\"@type\":\"ImageObject\",\"inLanguage\":\"ja\",\"@id\":\"https:\/\/www.unipatis.fr\/en\/#\/schema\/logo\/image\/\",\"url\":\"https:\/\/www.unipatis.fr\/wp-content\/uploads\/2021\/10\/UNIPATIS_logo_flag_2021-1.svg\",\"contentUrl\":\"https:\/\/www.unipatis.fr\/wp-content\/uploads\/2021\/10\/UNIPATIS_logo_flag_2021-1.svg\",\"width\":150,\"height\":184,\"caption\":\"Unipatis\"},\"image\":{\"@id\":\"https:\/\/www.unipatis.fr\/en\/#\/schema\/logo\/image\/\"},\"sameAs\":[\"https:\/\/www.facebook.com\/unipatis\",\"https:\/\/www.instagram.com\/unipatis\",\"https:\/\/www.youtube.com\/@Unipatis\"]}]}<\/script>\n<!-- \/ Yoast SEO plugin. -->","yoast_head_json":{"title":"\u6cd5\u7684\u60c5\u5831 - Unipatis","description":"\u6cd5\u5f8b\u4e0a\u306e\u901a\u77e5Unipatis - \u30b5\u30a4\u30c8\u306e\u767a\u884c\u8005\u3001\u30db\u30b9\u30c6\u30a3\u30f3\u30b0\u3001\u77e5\u7684\u8ca1\u7523\u6a29\u3068\u4f7f\u7528\u306b\u95a2\u3059\u308b\u60c5\u5831\u3002M\u00e9diapilote Caen, 80 Avenue de Thi\u00e8s, 14000 Caen.","robots":{"index":"index","follow":"follow","max-snippet":"max-snippet:-1","max-image-preview":"max-image-preview:large","max-video-preview":"max-video-preview:-1"},"canonical":"https:\/\/www.unipatis.fr\/ja\/\u6cd5\u7684\u60c5\u5831\/","og_locale":"ja_JP","og_type":"article","og_title":"\u6cd5\u7684\u60c5\u5831 - Unipatis","og_description":"\u6cd5\u5f8b\u4e0a\u306e\u901a\u77e5Unipatis - \u30b5\u30a4\u30c8\u306e\u767a\u884c\u8005\u3001\u30db\u30b9\u30c6\u30a3\u30f3\u30b0\u3001\u77e5\u7684\u8ca1\u7523\u6a29\u3068\u4f7f\u7528\u306b\u95a2\u3059\u308b\u60c5\u5831\u3002M\u00e9diapilote Caen, 80 Avenue de Thi\u00e8s, 14000 Caen.","og_url":"https:\/\/www.unipatis.fr\/ja\/\u6cd5\u7684\u60c5\u5831\/","og_site_name":"Unipatis","article_publisher":"https:\/\/www.facebook.com\/unipatis","article_modified_time":"2025-12-16T08:37:25+00:00","twitter_card":"summary_large_image","schema":{"@context":"https:\/\/schema.org","@graph":[{"@type":"WebPage","@id":"https:\/\/www.unipatis.fr\/ja\/%e6%b3%95%e7%9a%84%e6%83%85%e5%a0%b1\/","url":"https:\/\/www.unipatis.fr\/ja\/%e6%b3%95%e7%9a%84%e6%83%85%e5%a0%b1\/","name":"\u6cd5\u7684\u60c5\u5831 - Unipatis","isPartOf":{"@id":"https:\/\/www.unipatis.fr\/en\/#website"},"datePublished":"2024-08-23T15:27:23+00:00","dateModified":"2025-12-16T08:37:25+00:00","description":"\u6cd5\u5f8b\u4e0a\u306e\u901a\u77e5Unipatis - \u30b5\u30a4\u30c8\u306e\u767a\u884c\u8005\u3001\u30db\u30b9\u30c6\u30a3\u30f3\u30b0\u3001\u77e5\u7684\u8ca1\u7523\u6a29\u3068\u4f7f\u7528\u306b\u95a2\u3059\u308b\u60c5\u5831\u3002M\u00e9diapilote Caen, 80 Avenue de Thi\u00e8s, 14000 Caen.","breadcrumb":{"@id":"https:\/\/www.unipatis.fr\/ja\/%e6%b3%95%e7%9a%84%e6%83%85%e5%a0%b1\/#breadcrumb"},"inLanguage":"ja","potentialAction":[{"@type":"ReadAction","target":["https:\/\/www.unipatis.fr\/ja\/%e6%b3%95%e7%9a%84%e6%83%85%e5%a0%b1\/"]}]},{"@type":"BreadcrumbList","@id":"https:\/\/www.unipatis.fr\/ja\/%e6%b3%95%e7%9a%84%e6%83%85%e5%a0%b1\/#breadcrumb","itemListElement":[{"@type":"ListItem","position":1,"name":"Accueil","item":"https:\/\/www.unipatis.fr\/ja\/%e3%83%9b%e3%83%bc%e3%83%a0-2\/"},{"@type":"ListItem","position":2,"name":"\u6cd5\u7684\u60c5\u5831"}]},{"@type":"WebSite","@id":"https:\/\/www.unipatis.fr\/en\/#website","url":"https:\/\/www.unipatis.fr\/en\/","name":"Unipatis","description":"Unipatis Maison est une entreprise familiale sp\u00e9cialis\u00e9e dans la fabrication d&#039;ingr\u00e9dients p\u00e2tissiers et chocolatiers depuis quatre g\u00e9n\u00e9rations.","publisher":{"@id":"https:\/\/www.unipatis.fr\/en\/#organization"},"potentialAction":[{"@type":"SearchAction","target":{"@type":"EntryPoint","urlTemplate":"https:\/\/www.unipatis.fr\/en\/?s={search_term_string}"},"query-input":{"@type":"PropertyValueSpecification","valueRequired":true,"valueName":"search_term_string"}}],"inLanguage":"ja"},{"@type":"Organization","@id":"https:\/\/www.unipatis.fr\/en\/#organization","name":"Unipatis","url":"https:\/\/www.unipatis.fr\/en\/","logo":{"@type":"ImageObject","inLanguage":"ja","@id":"https:\/\/www.unipatis.fr\/en\/#\/schema\/logo\/image\/","url":"https:\/\/www.unipatis.fr\/wp-content\/uploads\/2021\/10\/UNIPATIS_logo_flag_2021-1.svg","contentUrl":"https:\/\/www.unipatis.fr\/wp-content\/uploads\/2021\/10\/UNIPATIS_logo_flag_2021-1.svg","width":150,"height":184,"caption":"Unipatis"},"image":{"@id":"https:\/\/www.unipatis.fr\/en\/#\/schema\/logo\/image\/"},"sameAs":["https:\/\/www.facebook.com\/unipatis","https:\/\/www.instagram.com\/unipatis","https:\/\/www.youtube.com\/@Unipatis"]}]}},"_links":{"self":[{"href":"https:\/\/www.unipatis.fr\/ja\/wp-json\/wp\/v2\/pages\/17017","targetHints":{"allow":["GET"]}}],"collection":[{"href":"https:\/\/www.unipatis.fr\/ja\/wp-json\/wp\/v2\/pages"}],"about":[{"href":"https:\/\/www.unipatis.fr\/ja\/wp-json\/wp\/v2\/types\/page"}],"author":[{"embeddable":true,"href":"https:\/\/www.unipatis.fr\/ja\/wp-json\/wp\/v2\/users\/1"}],"replies":[{"embeddable":true,"href":"https:\/\/www.unipatis.fr\/ja\/wp-json\/wp\/v2\/comments?post=17017"}],"version-history":[{"count":2,"href":"https:\/\/www.unipatis.fr\/ja\/wp-json\/wp\/v2\/pages\/17017\/revisions"}],"predecessor-version":[{"id":30377,"href":"https:\/\/www.unipatis.fr\/ja\/wp-json\/wp\/v2\/pages\/17017\/revisions\/30377"}],"wp:attachment":[{"href":"https:\/\/www.unipatis.fr\/ja\/wp-json\/wp\/v2\/media?parent=17017"}],"curies":[{"name":"wp","href":"https:\/\/api.w.org\/{rel}","templated":true}]}}