{"id":12129,"date":"2023-04-24T16:04:42","date_gmt":"2023-04-24T14:04:42","guid":{"rendered":"https:\/\/www.unipatis.fr\/produit\/%e6%a4%8d%e7%89%a9%e6%9f%93%e6%96%99-%e8%b5%a4\/"},"modified":"2026-04-12T08:33:59","modified_gmt":"2026-04-12T06:33:59","slug":"%e6%a4%8d%e7%89%a9%e6%9f%93%e6%96%99-%e8%b5%a4","status":"publish","type":"product","link":"https:\/\/www.unipatis.fr\/ja\/produit\/%e6%a4%8d%e7%89%a9%e6%9f%93%e6%96%99-%e8%b5%a4\/","title":{"rendered":"\u690d\u7269\u67d3\u6599 &#8211; \u8d64"},"content":{"rendered":"<p>\u8d64\u8272\u690d\u7269\u30af\u30fc\u30e9\u30f3\u30c8\u7c89\u672b<\/p>\n","protected":false},"excerpt":{"rendered":"<p>\u8d64\u8272\u690d\u7269\u30af\u30fc\u30e9\u30f3\u30c8\u7c89\u672b<\/p>\n","protected":false},"featured_media":22118,"comment_status":"closed","ping_status":"closed","template":"","meta":{"_acf_changed":false,"inline_featured_image":false},"product_brand":[],"product_cat":[432],"product_tag":[],"class_list":{"0":"post-12129","1":"product","2":"type-product","3":"status-publish","4":"has-post-thumbnail","6":"product_cat-18-","7":"sales-flash-overlay","8":"woocommerce-text-align-center","9":"woocommerce-image-align-center","10":"do-quantity-buttons","12":"first","13":"instock","14":"shipping-taxable","15":"product-type-simple"},"acf":[],"yoast_head":"<!-- This site is optimized with the Yoast SEO plugin v27.2 - https:\/\/yoast.com\/product\/yoast-seo-wordpress\/ -->\n<title>\u690d\u7269\u67d3\u6599 - \u8d64 - Unipatis<\/title>\n<meta name=\"robots\" content=\"index, follow, max-snippet:-1, max-image-preview:large, max-video-preview:-1\" \/>\n<link rel=\"canonical\" href=\"https:\/\/www.unipatis.fr\/ja\/produit\/\u690d\u7269\u67d3\u6599-\u8d64\/\" \/>\n<meta property=\"og:locale\" content=\"ja_JP\" \/>\n<meta property=\"og:type\" content=\"article\" \/>\n<meta property=\"og:title\" content=\"\u690d\u7269\u67d3\u6599 - \u8d64 - Unipatis\" \/>\n<meta property=\"og:description\" content=\"\u8d64\u8272\u690d\u7269\u30af\u30fc\u30e9\u30f3\u30c8\u7c89\u672b\" \/>\n<meta property=\"og:url\" content=\"https:\/\/www.unipatis.fr\/ja\/produit\/\u690d\u7269\u67d3\u6599-\u8d64\/\" \/>\n<meta property=\"og:site_name\" content=\"Unipatis\" \/>\n<meta property=\"article:publisher\" content=\"https:\/\/www.facebook.com\/unipatis\" \/>\n<meta property=\"article:modified_time\" content=\"2026-04-12T06:33:59+00:00\" \/>\n<meta property=\"og:image\" content=\"https:\/\/www.unipatis.fr\/wp-content\/uploads\/2023\/04\/colorant-rouge.png\" \/>\n\t<meta property=\"og:image:width\" content=\"1000\" \/>\n\t<meta property=\"og:image:height\" content=\"1000\" \/>\n\t<meta property=\"og:image:type\" content=\"image\/png\" \/>\n<meta name=\"twitter:card\" content=\"summary_large_image\" \/>\n<script type=\"application\/ld+json\" class=\"yoast-schema-graph\">{\"@context\":\"https:\/\/schema.org\",\"@graph\":[{\"@type\":\"WebPage\",\"@id\":\"https:\/\/www.unipatis.fr\/ja\/produit\/%e6%a4%8d%e7%89%a9%e6%9f%93%e6%96%99-%e8%b5%a4\/\",\"url\":\"https:\/\/www.unipatis.fr\/ja\/produit\/%e6%a4%8d%e7%89%a9%e6%9f%93%e6%96%99-%e8%b5%a4\/\",\"name\":\"\u690d\u7269\u67d3\u6599 - \u8d64 - Unipatis\",\"isPartOf\":{\"@id\":\"https:\/\/www.unipatis.fr\/en\/#website\"},\"primaryImageOfPage\":{\"@id\":\"https:\/\/www.unipatis.fr\/ja\/produit\/%e6%a4%8d%e7%89%a9%e6%9f%93%e6%96%99-%e8%b5%a4\/#primaryimage\"},\"image\":{\"@id\":\"https:\/\/www.unipatis.fr\/ja\/produit\/%e6%a4%8d%e7%89%a9%e6%9f%93%e6%96%99-%e8%b5%a4\/#primaryimage\"},\"thumbnailUrl\":\"https:\/\/www.unipatis.fr\/wp-content\/uploads\/2023\/04\/colorant-rouge.png\",\"datePublished\":\"2023-04-24T14:04:42+00:00\",\"dateModified\":\"2026-04-12T06:33:59+00:00\",\"breadcrumb\":{\"@id\":\"https:\/\/www.unipatis.fr\/ja\/produit\/%e6%a4%8d%e7%89%a9%e6%9f%93%e6%96%99-%e8%b5%a4\/#breadcrumb\"},\"inLanguage\":\"ja\",\"potentialAction\":[{\"@type\":\"ReadAction\",\"target\":[\"https:\/\/www.unipatis.fr\/ja\/produit\/%e6%a4%8d%e7%89%a9%e6%9f%93%e6%96%99-%e8%b5%a4\/\"]}]},{\"@type\":\"ImageObject\",\"inLanguage\":\"ja\",\"@id\":\"https:\/\/www.unipatis.fr\/ja\/produit\/%e6%a4%8d%e7%89%a9%e6%9f%93%e6%96%99-%e8%b5%a4\/#primaryimage\",\"url\":\"https:\/\/www.unipatis.fr\/wp-content\/uploads\/2023\/04\/colorant-rouge.png\",\"contentUrl\":\"https:\/\/www.unipatis.fr\/wp-content\/uploads\/2023\/04\/colorant-rouge.png\",\"width\":1000,\"height\":1000,\"caption\":\"\u30e6\u30cb\u30d1\u30c6\u30a3\u30b9\u30fb\u30ec\u30c3\u30c9\u30fb\u30d9\u30b8\u30bf\u30d6\u30eb\u30fb\u30d5\u30fc\u30c9\u30fb\u30ab\u30e9\u30fc\"},{\"@type\":\"BreadcrumbList\",\"@id\":\"https:\/\/www.unipatis.fr\/ja\/produit\/%e6%a4%8d%e7%89%a9%e6%9f%93%e6%96%99-%e8%b5%a4\/#breadcrumb\",\"itemListElement\":[{\"@type\":\"ListItem\",\"position\":1,\"name\":\"Accueil\",\"item\":\"https:\/\/www.unipatis.fr\/ja\/%e3%83%9b%e3%83%bc%e3%83%a0-2\/\"},{\"@type\":\"ListItem\",\"position\":2,\"name\":\"\u30b7\u30e7\u30c3\u30d7\",\"item\":\"https:\/\/www.unipatis.fr\/ja\/%e3%82%b7%e3%83%a7%e3%83%83%e3%83%97\/\"},{\"@type\":\"ListItem\",\"position\":3,\"name\":\"\u690d\u7269\u67d3\u6599 &#8211; \u8d64\"}]},{\"@type\":\"WebSite\",\"@id\":\"https:\/\/www.unipatis.fr\/en\/#website\",\"url\":\"https:\/\/www.unipatis.fr\/en\/\",\"name\":\"Unipatis\",\"description\":\"Unipatis Maison est une entreprise familiale sp\u00e9cialis\u00e9e dans la fabrication d&#039;ingr\u00e9dients p\u00e2tissiers et chocolatiers depuis quatre g\u00e9n\u00e9rations.\",\"publisher\":{\"@id\":\"https:\/\/www.unipatis.fr\/en\/#organization\"},\"potentialAction\":[{\"@type\":\"SearchAction\",\"target\":{\"@type\":\"EntryPoint\",\"urlTemplate\":\"https:\/\/www.unipatis.fr\/en\/?s={search_term_string}\"},\"query-input\":{\"@type\":\"PropertyValueSpecification\",\"valueRequired\":true,\"valueName\":\"search_term_string\"}}],\"inLanguage\":\"ja\"},{\"@type\":\"Organization\",\"@id\":\"https:\/\/www.unipatis.fr\/en\/#organization\",\"name\":\"Unipatis\",\"url\":\"https:\/\/www.unipatis.fr\/en\/\",\"logo\":{\"@type\":\"ImageObject\",\"inLanguage\":\"ja\",\"@id\":\"https:\/\/www.unipatis.fr\/en\/#\/schema\/logo\/image\/\",\"url\":\"https:\/\/www.unipatis.fr\/wp-content\/uploads\/2021\/10\/UNIPATIS_logo_flag_2021-1.svg\",\"contentUrl\":\"https:\/\/www.unipatis.fr\/wp-content\/uploads\/2021\/10\/UNIPATIS_logo_flag_2021-1.svg\",\"width\":150,\"height\":184,\"caption\":\"Unipatis\"},\"image\":{\"@id\":\"https:\/\/www.unipatis.fr\/en\/#\/schema\/logo\/image\/\"},\"sameAs\":[\"https:\/\/www.facebook.com\/unipatis\",\"https:\/\/www.instagram.com\/unipatis\",\"https:\/\/www.youtube.com\/@Unipatis\"]}]}<\/script>\n<!-- \/ Yoast SEO plugin. -->","yoast_head_json":{"title":"\u690d\u7269\u67d3\u6599 - \u8d64 - Unipatis","robots":{"index":"index","follow":"follow","max-snippet":"max-snippet:-1","max-image-preview":"max-image-preview:large","max-video-preview":"max-video-preview:-1"},"canonical":"https:\/\/www.unipatis.fr\/ja\/produit\/\u690d\u7269\u67d3\u6599-\u8d64\/","og_locale":"ja_JP","og_type":"article","og_title":"\u690d\u7269\u67d3\u6599 - \u8d64 - Unipatis","og_description":"\u8d64\u8272\u690d\u7269\u30af\u30fc\u30e9\u30f3\u30c8\u7c89\u672b","og_url":"https:\/\/www.unipatis.fr\/ja\/produit\/\u690d\u7269\u67d3\u6599-\u8d64\/","og_site_name":"Unipatis","article_publisher":"https:\/\/www.facebook.com\/unipatis","article_modified_time":"2026-04-12T06:33:59+00:00","og_image":[{"width":1000,"height":1000,"url":"https:\/\/www.unipatis.fr\/wp-content\/uploads\/2023\/04\/colorant-rouge.png","type":"image\/png"}],"twitter_card":"summary_large_image","schema":{"@context":"https:\/\/schema.org","@graph":[{"@type":"WebPage","@id":"https:\/\/www.unipatis.fr\/ja\/produit\/%e6%a4%8d%e7%89%a9%e6%9f%93%e6%96%99-%e8%b5%a4\/","url":"https:\/\/www.unipatis.fr\/ja\/produit\/%e6%a4%8d%e7%89%a9%e6%9f%93%e6%96%99-%e8%b5%a4\/","name":"\u690d\u7269\u67d3\u6599 - \u8d64 - Unipatis","isPartOf":{"@id":"https:\/\/www.unipatis.fr\/en\/#website"},"primaryImageOfPage":{"@id":"https:\/\/www.unipatis.fr\/ja\/produit\/%e6%a4%8d%e7%89%a9%e6%9f%93%e6%96%99-%e8%b5%a4\/#primaryimage"},"image":{"@id":"https:\/\/www.unipatis.fr\/ja\/produit\/%e6%a4%8d%e7%89%a9%e6%9f%93%e6%96%99-%e8%b5%a4\/#primaryimage"},"thumbnailUrl":"https:\/\/www.unipatis.fr\/wp-content\/uploads\/2023\/04\/colorant-rouge.png","datePublished":"2023-04-24T14:04:42+00:00","dateModified":"2026-04-12T06:33:59+00:00","breadcrumb":{"@id":"https:\/\/www.unipatis.fr\/ja\/produit\/%e6%a4%8d%e7%89%a9%e6%9f%93%e6%96%99-%e8%b5%a4\/#breadcrumb"},"inLanguage":"ja","potentialAction":[{"@type":"ReadAction","target":["https:\/\/www.unipatis.fr\/ja\/produit\/%e6%a4%8d%e7%89%a9%e6%9f%93%e6%96%99-%e8%b5%a4\/"]}]},{"@type":"ImageObject","inLanguage":"ja","@id":"https:\/\/www.unipatis.fr\/ja\/produit\/%e6%a4%8d%e7%89%a9%e6%9f%93%e6%96%99-%e8%b5%a4\/#primaryimage","url":"https:\/\/www.unipatis.fr\/wp-content\/uploads\/2023\/04\/colorant-rouge.png","contentUrl":"https:\/\/www.unipatis.fr\/wp-content\/uploads\/2023\/04\/colorant-rouge.png","width":1000,"height":1000,"caption":"\u30e6\u30cb\u30d1\u30c6\u30a3\u30b9\u30fb\u30ec\u30c3\u30c9\u30fb\u30d9\u30b8\u30bf\u30d6\u30eb\u30fb\u30d5\u30fc\u30c9\u30fb\u30ab\u30e9\u30fc"},{"@type":"BreadcrumbList","@id":"https:\/\/www.unipatis.fr\/ja\/produit\/%e6%a4%8d%e7%89%a9%e6%9f%93%e6%96%99-%e8%b5%a4\/#breadcrumb","itemListElement":[{"@type":"ListItem","position":1,"name":"Accueil","item":"https:\/\/www.unipatis.fr\/ja\/%e3%83%9b%e3%83%bc%e3%83%a0-2\/"},{"@type":"ListItem","position":2,"name":"\u30b7\u30e7\u30c3\u30d7","item":"https:\/\/www.unipatis.fr\/ja\/%e3%82%b7%e3%83%a7%e3%83%83%e3%83%97\/"},{"@type":"ListItem","position":3,"name":"\u690d\u7269\u67d3\u6599 &#8211; \u8d64"}]},{"@type":"WebSite","@id":"https:\/\/www.unipatis.fr\/en\/#website","url":"https:\/\/www.unipatis.fr\/en\/","name":"Unipatis","description":"Unipatis Maison est une entreprise familiale sp\u00e9cialis\u00e9e dans la fabrication d&#039;ingr\u00e9dients p\u00e2tissiers et chocolatiers depuis quatre g\u00e9n\u00e9rations.","publisher":{"@id":"https:\/\/www.unipatis.fr\/en\/#organization"},"potentialAction":[{"@type":"SearchAction","target":{"@type":"EntryPoint","urlTemplate":"https:\/\/www.unipatis.fr\/en\/?s={search_term_string}"},"query-input":{"@type":"PropertyValueSpecification","valueRequired":true,"valueName":"search_term_string"}}],"inLanguage":"ja"},{"@type":"Organization","@id":"https:\/\/www.unipatis.fr\/en\/#organization","name":"Unipatis","url":"https:\/\/www.unipatis.fr\/en\/","logo":{"@type":"ImageObject","inLanguage":"ja","@id":"https:\/\/www.unipatis.fr\/en\/#\/schema\/logo\/image\/","url":"https:\/\/www.unipatis.fr\/wp-content\/uploads\/2021\/10\/UNIPATIS_logo_flag_2021-1.svg","contentUrl":"https:\/\/www.unipatis.fr\/wp-content\/uploads\/2021\/10\/UNIPATIS_logo_flag_2021-1.svg","width":150,"height":184,"caption":"Unipatis"},"image":{"@id":"https:\/\/www.unipatis.fr\/en\/#\/schema\/logo\/image\/"},"sameAs":["https:\/\/www.facebook.com\/unipatis","https:\/\/www.instagram.com\/unipatis","https:\/\/www.youtube.com\/@Unipatis"]}]}},"_links":{"self":[{"href":"https:\/\/www.unipatis.fr\/ja\/wp-json\/wp\/v2\/product\/12129","targetHints":{"allow":["GET"]}}],"collection":[{"href":"https:\/\/www.unipatis.fr\/ja\/wp-json\/wp\/v2\/product"}],"about":[{"href":"https:\/\/www.unipatis.fr\/ja\/wp-json\/wp\/v2\/types\/product"}],"replies":[{"embeddable":true,"href":"https:\/\/www.unipatis.fr\/ja\/wp-json\/wp\/v2\/comments?post=12129"}],"version-history":[{"count":1,"href":"https:\/\/www.unipatis.fr\/ja\/wp-json\/wp\/v2\/product\/12129\/revisions"}],"predecessor-version":[{"id":27507,"href":"https:\/\/www.unipatis.fr\/ja\/wp-json\/wp\/v2\/product\/12129\/revisions\/27507"}],"wp:featuredmedia":[{"embeddable":true,"href":"https:\/\/www.unipatis.fr\/ja\/wp-json\/wp\/v2\/media\/22118"}],"wp:attachment":[{"href":"https:\/\/www.unipatis.fr\/ja\/wp-json\/wp\/v2\/media?parent=12129"}],"wp:term":[{"taxonomy":"product_brand","embeddable":true,"href":"https:\/\/www.unipatis.fr\/ja\/wp-json\/wp\/v2\/product_brand?post=12129"},{"taxonomy":"product_cat","embeddable":true,"href":"https:\/\/www.unipatis.fr\/ja\/wp-json\/wp\/v2\/product_cat?post=12129"},{"taxonomy":"product_tag","embeddable":true,"href":"https:\/\/www.unipatis.fr\/ja\/wp-json\/wp\/v2\/product_tag?post=12129"}],"curies":[{"name":"wp","href":"https:\/\/api.w.org\/{rel}","templated":true}]}}