{"id":12229,"date":"2024-07-22T12:03:31","date_gmt":"2024-07-22T10:03:31","guid":{"rendered":"https:\/\/www.unipatis.fr\/produit\/%e3%82%af%e3%83%a9%e3%83%b3%e3%83%81%e3%83%bc%e3%83%81%e3%83%a7%e3%82%b3%e3%83%ac%e3%83%bc%e3%83%88%e3%82%a2%e3%82%a4%e3%82%b7%e3%83%b3%e3%82%b070%ef%bc%85%ef%bc%88%e3%83%94%e3%82%b9%e3%82%bf%e3%83%81\/"},"modified":"2026-04-12T08:31:05","modified_gmt":"2026-04-12T06:31:05","slug":"%e3%82%af%e3%83%a9%e3%83%b3%e3%83%81%e3%83%bc%e3%83%81%e3%83%a7%e3%82%b3%e3%83%ac%e3%83%bc%e3%83%88%e3%82%a2%e3%82%a4%e3%82%b7%e3%83%b3%e3%82%b070%ef%bc%85%ef%bc%88%e3%83%94%e3%82%b9%e3%82%bf%e3%83%81","status":"publish","type":"product","link":"https:\/\/www.unipatis.fr\/ja\/produit\/%e3%82%af%e3%83%a9%e3%83%b3%e3%83%81%e3%83%bc%e3%83%81%e3%83%a7%e3%82%b3%e3%83%ac%e3%83%bc%e3%83%88%e3%82%a2%e3%82%a4%e3%82%b7%e3%83%b3%e3%82%b070%ef%bc%85%ef%bc%88%e3%83%94%e3%82%b9%e3%82%bf%e3%83%81\/","title":{"rendered":"\u30d4\u30b9\u30bf\u30c1\u30aa\u98a8\u5473\u306e\u30ed\u30c3\u30af\u98a8\u30ab\u30ea\u30ab\u30ea\u30a2\u30a4\u30b7\u30f3\u30b0"},"content":{"rendered":"","protected":false},"excerpt":{"rendered":"<p>\u30a2\u30f3\u30c8\u30eb\u30e1\u3001\u30a8\u30af\u30ec\u30a2\u3001\u30b7\u30e5\u30fc\u30da\u30b9\u30c8\u30ea\u30fc\u3001\u30c8\u30e9\u30d9\u30eb\u30b1\u30fc\u30ad\u3001\u30a2\u30a4\u30b9\u30af\u30ea\u30fc\u30e0\u306a\u3069\u306b\u3002<\/p>\n","protected":false},"featured_media":18668,"comment_status":"closed","ping_status":"closed","template":"","meta":{"_acf_changed":false,"inline_featured_image":false},"product_brand":[],"product_cat":[418,504],"product_tag":[],"class_list":{"0":"post-12229","1":"product","2":"type-product","3":"status-publish","4":"has-post-thumbnail","6":"product_cat-05-","7":"product_cat-504","8":"sales-flash-overlay","9":"woocommerce-text-align-center","10":"woocommerce-image-align-center","11":"do-quantity-buttons","13":"first","14":"instock","15":"shipping-taxable","16":"product-type-simple"},"acf":[],"yoast_head":"<!-- This site is optimized with the Yoast SEO plugin v27.2 - https:\/\/yoast.com\/product\/yoast-seo-wordpress\/ -->\n<title>\u30d4\u30b9\u30bf\u30c1\u30aa\u98a8\u5473\u306e\u30ed\u30c3\u30af\u98a8\u30ab\u30ea\u30ab\u30ea\u30a2\u30a4\u30b7\u30f3\u30b0 - Unipatis<\/title>\n<meta name=\"description\" content=\"\u30c1\u30e7\u30b3\u30ec\u30fc\u30c870\uff05\u3001\u30d1\u30fc\u30e0\u6cb90\uff05\u3001\u30d8\u30fc\u30bc\u30eb\u30ca\u30c3\u30c4\u30c1\u30c3\u30d7\u3002\u81ea\u7136\u7740\u8272\u3001\u51b7\u51cd\u4fdd\u5b58\u53ef\u30024kg\/400g\u30d0\u30b1\u30c3\u30c8\u3002\" \/>\n<meta name=\"robots\" content=\"index, follow, max-snippet:-1, max-image-preview:large, max-video-preview:-1\" \/>\n<link rel=\"canonical\" href=\"https:\/\/www.unipatis.fr\/ja\/produit\/\u30af\u30e9\u30f3\u30c1\u30fc\u30c1\u30e7\u30b3\u30ec\u30fc\u30c8\u30a2\u30a4\u30b7\u30f3\u30b070\uff05\uff08\u30d4\u30b9\u30bf\u30c1\/\" \/>\n<meta property=\"og:locale\" content=\"ja_JP\" \/>\n<meta property=\"og:type\" content=\"article\" \/>\n<meta property=\"og:title\" content=\"\u30d4\u30b9\u30bf\u30c1\u30aa\u98a8\u5473\u306e\u30ed\u30c3\u30af\u98a8\u30ab\u30ea\u30ab\u30ea\u30a2\u30a4\u30b7\u30f3\u30b0 - Unipatis\" \/>\n<meta property=\"og:description\" content=\"\u30c1\u30e7\u30b3\u30ec\u30fc\u30c870\uff05\u3001\u30d1\u30fc\u30e0\u6cb90\uff05\u3001\u30d8\u30fc\u30bc\u30eb\u30ca\u30c3\u30c4\u30c1\u30c3\u30d7\u3002\u81ea\u7136\u7740\u8272\u3001\u51b7\u51cd\u4fdd\u5b58\u53ef\u30024kg\/400g\u30d0\u30b1\u30c3\u30c8\u3002\" \/>\n<meta property=\"og:url\" content=\"https:\/\/www.unipatis.fr\/ja\/produit\/\u30af\u30e9\u30f3\u30c1\u30fc\u30c1\u30e7\u30b3\u30ec\u30fc\u30c8\u30a2\u30a4\u30b7\u30f3\u30b070\uff05\uff08\u30d4\u30b9\u30bf\u30c1\/\" \/>\n<meta property=\"og:site_name\" content=\"Unipatis\" \/>\n<meta property=\"article:publisher\" content=\"https:\/\/www.facebook.com\/unipatis\" \/>\n<meta property=\"article:modified_time\" content=\"2026-04-12T06:31:05+00:00\" \/>\n<meta property=\"og:image\" content=\"https:\/\/www.unipatis.fr\/wp-content\/uploads\/2024\/07\/SEAU_enrobage_croquant_pistache-2024.png\" \/>\n\t<meta property=\"og:image:width\" content=\"1261\" \/>\n\t<meta property=\"og:image:height\" content=\"1179\" \/>\n\t<meta property=\"og:image:type\" content=\"image\/png\" \/>\n<meta name=\"twitter:card\" content=\"summary_large_image\" \/>\n<script type=\"application\/ld+json\" class=\"yoast-schema-graph\">{\"@context\":\"https:\/\/schema.org\",\"@graph\":[{\"@type\":\"WebPage\",\"@id\":\"https:\/\/www.unipatis.fr\/ja\/produit\/%e3%82%af%e3%83%a9%e3%83%b3%e3%83%81%e3%83%bc%e3%83%81%e3%83%a7%e3%82%b3%e3%83%ac%e3%83%bc%e3%83%88%e3%82%a2%e3%82%a4%e3%82%b7%e3%83%b3%e3%82%b070%ef%bc%85%ef%bc%88%e3%83%94%e3%82%b9%e3%82%bf%e3%83%81\/\",\"url\":\"https:\/\/www.unipatis.fr\/ja\/produit\/%e3%82%af%e3%83%a9%e3%83%b3%e3%83%81%e3%83%bc%e3%83%81%e3%83%a7%e3%82%b3%e3%83%ac%e3%83%bc%e3%83%88%e3%82%a2%e3%82%a4%e3%82%b7%e3%83%b3%e3%82%b070%ef%bc%85%ef%bc%88%e3%83%94%e3%82%b9%e3%82%bf%e3%83%81\/\",\"name\":\"\u30d4\u30b9\u30bf\u30c1\u30aa\u98a8\u5473\u306e\u30ed\u30c3\u30af\u98a8\u30ab\u30ea\u30ab\u30ea\u30a2\u30a4\u30b7\u30f3\u30b0 - Unipatis\",\"isPartOf\":{\"@id\":\"https:\/\/www.unipatis.fr\/en\/#website\"},\"primaryImageOfPage\":{\"@id\":\"https:\/\/www.unipatis.fr\/ja\/produit\/%e3%82%af%e3%83%a9%e3%83%b3%e3%83%81%e3%83%bc%e3%83%81%e3%83%a7%e3%82%b3%e3%83%ac%e3%83%bc%e3%83%88%e3%82%a2%e3%82%a4%e3%82%b7%e3%83%b3%e3%82%b070%ef%bc%85%ef%bc%88%e3%83%94%e3%82%b9%e3%82%bf%e3%83%81\/#primaryimage\"},\"image\":{\"@id\":\"https:\/\/www.unipatis.fr\/ja\/produit\/%e3%82%af%e3%83%a9%e3%83%b3%e3%83%81%e3%83%bc%e3%83%81%e3%83%a7%e3%82%b3%e3%83%ac%e3%83%bc%e3%83%88%e3%82%a2%e3%82%a4%e3%82%b7%e3%83%b3%e3%82%b070%ef%bc%85%ef%bc%88%e3%83%94%e3%82%b9%e3%82%bf%e3%83%81\/#primaryimage\"},\"thumbnailUrl\":\"https:\/\/www.unipatis.fr\/wp-content\/uploads\/2024\/07\/SEAU_enrobage_croquant_pistache-2024.png\",\"datePublished\":\"2024-07-22T10:03:31+00:00\",\"dateModified\":\"2026-04-12T06:31:05+00:00\",\"description\":\"\u30c1\u30e7\u30b3\u30ec\u30fc\u30c870\uff05\u3001\u30d1\u30fc\u30e0\u6cb90\uff05\u3001\u30d8\u30fc\u30bc\u30eb\u30ca\u30c3\u30c4\u30c1\u30c3\u30d7\u3002\u81ea\u7136\u7740\u8272\u3001\u51b7\u51cd\u4fdd\u5b58\u53ef\u30024kg\/400g\u30d0\u30b1\u30c3\u30c8\u3002\",\"breadcrumb\":{\"@id\":\"https:\/\/www.unipatis.fr\/ja\/produit\/%e3%82%af%e3%83%a9%e3%83%b3%e3%83%81%e3%83%bc%e3%83%81%e3%83%a7%e3%82%b3%e3%83%ac%e3%83%bc%e3%83%88%e3%82%a2%e3%82%a4%e3%82%b7%e3%83%b3%e3%82%b070%ef%bc%85%ef%bc%88%e3%83%94%e3%82%b9%e3%82%bf%e3%83%81\/#breadcrumb\"},\"inLanguage\":\"ja\",\"potentialAction\":[{\"@type\":\"ReadAction\",\"target\":[\"https:\/\/www.unipatis.fr\/ja\/produit\/%e3%82%af%e3%83%a9%e3%83%b3%e3%83%81%e3%83%bc%e3%83%81%e3%83%a7%e3%82%b3%e3%83%ac%e3%83%bc%e3%83%88%e3%82%a2%e3%82%a4%e3%82%b7%e3%83%b3%e3%82%b070%ef%bc%85%ef%bc%88%e3%83%94%e3%82%b9%e3%82%bf%e3%83%81\/\"]}]},{\"@type\":\"ImageObject\",\"inLanguage\":\"ja\",\"@id\":\"https:\/\/www.unipatis.fr\/ja\/produit\/%e3%82%af%e3%83%a9%e3%83%b3%e3%83%81%e3%83%bc%e3%83%81%e3%83%a7%e3%82%b3%e3%83%ac%e3%83%bc%e3%83%88%e3%82%a2%e3%82%a4%e3%82%b7%e3%83%b3%e3%82%b070%ef%bc%85%ef%bc%88%e3%83%94%e3%82%b9%e3%82%bf%e3%83%81\/#primaryimage\",\"url\":\"https:\/\/www.unipatis.fr\/wp-content\/uploads\/2024\/07\/SEAU_enrobage_croquant_pistache-2024.png\",\"contentUrl\":\"https:\/\/www.unipatis.fr\/wp-content\/uploads\/2024\/07\/SEAU_enrobage_croquant_pistache-2024.png\",\"width\":1261,\"height\":1179,\"caption\":\"\u30ab\u30ea\u30ab\u30ea_\u30d4\u30b9\u30bf\u30c1\u30aa_\u30b3\u30fc\u30c6\u30a3\u30f3\u30b0 \u30e6\u30cb\u30d1\u30c6\u30a3\u30b9\"},{\"@type\":\"BreadcrumbList\",\"@id\":\"https:\/\/www.unipatis.fr\/ja\/produit\/%e3%82%af%e3%83%a9%e3%83%b3%e3%83%81%e3%83%bc%e3%83%81%e3%83%a7%e3%82%b3%e3%83%ac%e3%83%bc%e3%83%88%e3%82%a2%e3%82%a4%e3%82%b7%e3%83%b3%e3%82%b070%ef%bc%85%ef%bc%88%e3%83%94%e3%82%b9%e3%82%bf%e3%83%81\/#breadcrumb\",\"itemListElement\":[{\"@type\":\"ListItem\",\"position\":1,\"name\":\"Accueil\",\"item\":\"https:\/\/www.unipatis.fr\/ja\/%e3%83%9b%e3%83%bc%e3%83%a0-2\/\"},{\"@type\":\"ListItem\",\"position\":2,\"name\":\"\u30b7\u30e7\u30c3\u30d7\",\"item\":\"https:\/\/www.unipatis.fr\/ja\/%e3%82%b7%e3%83%a7%e3%83%83%e3%83%97\/\"},{\"@type\":\"ListItem\",\"position\":3,\"name\":\"\u30d4\u30b9\u30bf\u30c1\u30aa\u98a8\u5473\u306e\u30ed\u30c3\u30af\u98a8\u30ab\u30ea\u30ab\u30ea\u30a2\u30a4\u30b7\u30f3\u30b0\"}]},{\"@type\":\"WebSite\",\"@id\":\"https:\/\/www.unipatis.fr\/en\/#website\",\"url\":\"https:\/\/www.unipatis.fr\/en\/\",\"name\":\"Unipatis\",\"description\":\"Unipatis Maison est une entreprise familiale sp\u00e9cialis\u00e9e dans la fabrication d&#039;ingr\u00e9dients p\u00e2tissiers et chocolatiers depuis quatre g\u00e9n\u00e9rations.\",\"publisher\":{\"@id\":\"https:\/\/www.unipatis.fr\/en\/#organization\"},\"potentialAction\":[{\"@type\":\"SearchAction\",\"target\":{\"@type\":\"EntryPoint\",\"urlTemplate\":\"https:\/\/www.unipatis.fr\/en\/?s={search_term_string}\"},\"query-input\":{\"@type\":\"PropertyValueSpecification\",\"valueRequired\":true,\"valueName\":\"search_term_string\"}}],\"inLanguage\":\"ja\"},{\"@type\":\"Organization\",\"@id\":\"https:\/\/www.unipatis.fr\/en\/#organization\",\"name\":\"Unipatis\",\"url\":\"https:\/\/www.unipatis.fr\/en\/\",\"logo\":{\"@type\":\"ImageObject\",\"inLanguage\":\"ja\",\"@id\":\"https:\/\/www.unipatis.fr\/en\/#\/schema\/logo\/image\/\",\"url\":\"https:\/\/www.unipatis.fr\/wp-content\/uploads\/2021\/10\/UNIPATIS_logo_flag_2021-1.svg\",\"contentUrl\":\"https:\/\/www.unipatis.fr\/wp-content\/uploads\/2021\/10\/UNIPATIS_logo_flag_2021-1.svg\",\"width\":150,\"height\":184,\"caption\":\"Unipatis\"},\"image\":{\"@id\":\"https:\/\/www.unipatis.fr\/en\/#\/schema\/logo\/image\/\"},\"sameAs\":[\"https:\/\/www.facebook.com\/unipatis\",\"https:\/\/www.instagram.com\/unipatis\",\"https:\/\/www.youtube.com\/@Unipatis\"]}]}<\/script>\n<!-- \/ Yoast SEO plugin. -->","yoast_head_json":{"title":"\u30d4\u30b9\u30bf\u30c1\u30aa\u98a8\u5473\u306e\u30ed\u30c3\u30af\u98a8\u30ab\u30ea\u30ab\u30ea\u30a2\u30a4\u30b7\u30f3\u30b0 - Unipatis","description":"\u30c1\u30e7\u30b3\u30ec\u30fc\u30c870\uff05\u3001\u30d1\u30fc\u30e0\u6cb90\uff05\u3001\u30d8\u30fc\u30bc\u30eb\u30ca\u30c3\u30c4\u30c1\u30c3\u30d7\u3002\u81ea\u7136\u7740\u8272\u3001\u51b7\u51cd\u4fdd\u5b58\u53ef\u30024kg\/400g\u30d0\u30b1\u30c3\u30c8\u3002","robots":{"index":"index","follow":"follow","max-snippet":"max-snippet:-1","max-image-preview":"max-image-preview:large","max-video-preview":"max-video-preview:-1"},"canonical":"https:\/\/www.unipatis.fr\/ja\/produit\/\u30af\u30e9\u30f3\u30c1\u30fc\u30c1\u30e7\u30b3\u30ec\u30fc\u30c8\u30a2\u30a4\u30b7\u30f3\u30b070\uff05\uff08\u30d4\u30b9\u30bf\u30c1\/","og_locale":"ja_JP","og_type":"article","og_title":"\u30d4\u30b9\u30bf\u30c1\u30aa\u98a8\u5473\u306e\u30ed\u30c3\u30af\u98a8\u30ab\u30ea\u30ab\u30ea\u30a2\u30a4\u30b7\u30f3\u30b0 - Unipatis","og_description":"\u30c1\u30e7\u30b3\u30ec\u30fc\u30c870\uff05\u3001\u30d1\u30fc\u30e0\u6cb90\uff05\u3001\u30d8\u30fc\u30bc\u30eb\u30ca\u30c3\u30c4\u30c1\u30c3\u30d7\u3002\u81ea\u7136\u7740\u8272\u3001\u51b7\u51cd\u4fdd\u5b58\u53ef\u30024kg\/400g\u30d0\u30b1\u30c3\u30c8\u3002","og_url":"https:\/\/www.unipatis.fr\/ja\/produit\/\u30af\u30e9\u30f3\u30c1\u30fc\u30c1\u30e7\u30b3\u30ec\u30fc\u30c8\u30a2\u30a4\u30b7\u30f3\u30b070\uff05\uff08\u30d4\u30b9\u30bf\u30c1\/","og_site_name":"Unipatis","article_publisher":"https:\/\/www.facebook.com\/unipatis","article_modified_time":"2026-04-12T06:31:05+00:00","og_image":[{"width":1261,"height":1179,"url":"https:\/\/www.unipatis.fr\/wp-content\/uploads\/2024\/07\/SEAU_enrobage_croquant_pistache-2024.png","type":"image\/png"}],"twitter_card":"summary_large_image","schema":{"@context":"https:\/\/schema.org","@graph":[{"@type":"WebPage","@id":"https:\/\/www.unipatis.fr\/ja\/produit\/%e3%82%af%e3%83%a9%e3%83%b3%e3%83%81%e3%83%bc%e3%83%81%e3%83%a7%e3%82%b3%e3%83%ac%e3%83%bc%e3%83%88%e3%82%a2%e3%82%a4%e3%82%b7%e3%83%b3%e3%82%b070%ef%bc%85%ef%bc%88%e3%83%94%e3%82%b9%e3%82%bf%e3%83%81\/","url":"https:\/\/www.unipatis.fr\/ja\/produit\/%e3%82%af%e3%83%a9%e3%83%b3%e3%83%81%e3%83%bc%e3%83%81%e3%83%a7%e3%82%b3%e3%83%ac%e3%83%bc%e3%83%88%e3%82%a2%e3%82%a4%e3%82%b7%e3%83%b3%e3%82%b070%ef%bc%85%ef%bc%88%e3%83%94%e3%82%b9%e3%82%bf%e3%83%81\/","name":"\u30d4\u30b9\u30bf\u30c1\u30aa\u98a8\u5473\u306e\u30ed\u30c3\u30af\u98a8\u30ab\u30ea\u30ab\u30ea\u30a2\u30a4\u30b7\u30f3\u30b0 - Unipatis","isPartOf":{"@id":"https:\/\/www.unipatis.fr\/en\/#website"},"primaryImageOfPage":{"@id":"https:\/\/www.unipatis.fr\/ja\/produit\/%e3%82%af%e3%83%a9%e3%83%b3%e3%83%81%e3%83%bc%e3%83%81%e3%83%a7%e3%82%b3%e3%83%ac%e3%83%bc%e3%83%88%e3%82%a2%e3%82%a4%e3%82%b7%e3%83%b3%e3%82%b070%ef%bc%85%ef%bc%88%e3%83%94%e3%82%b9%e3%82%bf%e3%83%81\/#primaryimage"},"image":{"@id":"https:\/\/www.unipatis.fr\/ja\/produit\/%e3%82%af%e3%83%a9%e3%83%b3%e3%83%81%e3%83%bc%e3%83%81%e3%83%a7%e3%82%b3%e3%83%ac%e3%83%bc%e3%83%88%e3%82%a2%e3%82%a4%e3%82%b7%e3%83%b3%e3%82%b070%ef%bc%85%ef%bc%88%e3%83%94%e3%82%b9%e3%82%bf%e3%83%81\/#primaryimage"},"thumbnailUrl":"https:\/\/www.unipatis.fr\/wp-content\/uploads\/2024\/07\/SEAU_enrobage_croquant_pistache-2024.png","datePublished":"2024-07-22T10:03:31+00:00","dateModified":"2026-04-12T06:31:05+00:00","description":"\u30c1\u30e7\u30b3\u30ec\u30fc\u30c870\uff05\u3001\u30d1\u30fc\u30e0\u6cb90\uff05\u3001\u30d8\u30fc\u30bc\u30eb\u30ca\u30c3\u30c4\u30c1\u30c3\u30d7\u3002\u81ea\u7136\u7740\u8272\u3001\u51b7\u51cd\u4fdd\u5b58\u53ef\u30024kg\/400g\u30d0\u30b1\u30c3\u30c8\u3002","breadcrumb":{"@id":"https:\/\/www.unipatis.fr\/ja\/produit\/%e3%82%af%e3%83%a9%e3%83%b3%e3%83%81%e3%83%bc%e3%83%81%e3%83%a7%e3%82%b3%e3%83%ac%e3%83%bc%e3%83%88%e3%82%a2%e3%82%a4%e3%82%b7%e3%83%b3%e3%82%b070%ef%bc%85%ef%bc%88%e3%83%94%e3%82%b9%e3%82%bf%e3%83%81\/#breadcrumb"},"inLanguage":"ja","potentialAction":[{"@type":"ReadAction","target":["https:\/\/www.unipatis.fr\/ja\/produit\/%e3%82%af%e3%83%a9%e3%83%b3%e3%83%81%e3%83%bc%e3%83%81%e3%83%a7%e3%82%b3%e3%83%ac%e3%83%bc%e3%83%88%e3%82%a2%e3%82%a4%e3%82%b7%e3%83%b3%e3%82%b070%ef%bc%85%ef%bc%88%e3%83%94%e3%82%b9%e3%82%bf%e3%83%81\/"]}]},{"@type":"ImageObject","inLanguage":"ja","@id":"https:\/\/www.unipatis.fr\/ja\/produit\/%e3%82%af%e3%83%a9%e3%83%b3%e3%83%81%e3%83%bc%e3%83%81%e3%83%a7%e3%82%b3%e3%83%ac%e3%83%bc%e3%83%88%e3%82%a2%e3%82%a4%e3%82%b7%e3%83%b3%e3%82%b070%ef%bc%85%ef%bc%88%e3%83%94%e3%82%b9%e3%82%bf%e3%83%81\/#primaryimage","url":"https:\/\/www.unipatis.fr\/wp-content\/uploads\/2024\/07\/SEAU_enrobage_croquant_pistache-2024.png","contentUrl":"https:\/\/www.unipatis.fr\/wp-content\/uploads\/2024\/07\/SEAU_enrobage_croquant_pistache-2024.png","width":1261,"height":1179,"caption":"\u30ab\u30ea\u30ab\u30ea_\u30d4\u30b9\u30bf\u30c1\u30aa_\u30b3\u30fc\u30c6\u30a3\u30f3\u30b0 \u30e6\u30cb\u30d1\u30c6\u30a3\u30b9"},{"@type":"BreadcrumbList","@id":"https:\/\/www.unipatis.fr\/ja\/produit\/%e3%82%af%e3%83%a9%e3%83%b3%e3%83%81%e3%83%bc%e3%83%81%e3%83%a7%e3%82%b3%e3%83%ac%e3%83%bc%e3%83%88%e3%82%a2%e3%82%a4%e3%82%b7%e3%83%b3%e3%82%b070%ef%bc%85%ef%bc%88%e3%83%94%e3%82%b9%e3%82%bf%e3%83%81\/#breadcrumb","itemListElement":[{"@type":"ListItem","position":1,"name":"Accueil","item":"https:\/\/www.unipatis.fr\/ja\/%e3%83%9b%e3%83%bc%e3%83%a0-2\/"},{"@type":"ListItem","position":2,"name":"\u30b7\u30e7\u30c3\u30d7","item":"https:\/\/www.unipatis.fr\/ja\/%e3%82%b7%e3%83%a7%e3%83%83%e3%83%97\/"},{"@type":"ListItem","position":3,"name":"\u30d4\u30b9\u30bf\u30c1\u30aa\u98a8\u5473\u306e\u30ed\u30c3\u30af\u98a8\u30ab\u30ea\u30ab\u30ea\u30a2\u30a4\u30b7\u30f3\u30b0"}]},{"@type":"WebSite","@id":"https:\/\/www.unipatis.fr\/en\/#website","url":"https:\/\/www.unipatis.fr\/en\/","name":"Unipatis","description":"Unipatis Maison est une entreprise familiale sp\u00e9cialis\u00e9e dans la fabrication d&#039;ingr\u00e9dients p\u00e2tissiers et chocolatiers depuis quatre g\u00e9n\u00e9rations.","publisher":{"@id":"https:\/\/www.unipatis.fr\/en\/#organization"},"potentialAction":[{"@type":"SearchAction","target":{"@type":"EntryPoint","urlTemplate":"https:\/\/www.unipatis.fr\/en\/?s={search_term_string}"},"query-input":{"@type":"PropertyValueSpecification","valueRequired":true,"valueName":"search_term_string"}}],"inLanguage":"ja"},{"@type":"Organization","@id":"https:\/\/www.unipatis.fr\/en\/#organization","name":"Unipatis","url":"https:\/\/www.unipatis.fr\/en\/","logo":{"@type":"ImageObject","inLanguage":"ja","@id":"https:\/\/www.unipatis.fr\/en\/#\/schema\/logo\/image\/","url":"https:\/\/www.unipatis.fr\/wp-content\/uploads\/2021\/10\/UNIPATIS_logo_flag_2021-1.svg","contentUrl":"https:\/\/www.unipatis.fr\/wp-content\/uploads\/2021\/10\/UNIPATIS_logo_flag_2021-1.svg","width":150,"height":184,"caption":"Unipatis"},"image":{"@id":"https:\/\/www.unipatis.fr\/en\/#\/schema\/logo\/image\/"},"sameAs":["https:\/\/www.facebook.com\/unipatis","https:\/\/www.instagram.com\/unipatis","https:\/\/www.youtube.com\/@Unipatis"]}]}},"_links":{"self":[{"href":"https:\/\/www.unipatis.fr\/ja\/wp-json\/wp\/v2\/product\/12229","targetHints":{"allow":["GET"]}}],"collection":[{"href":"https:\/\/www.unipatis.fr\/ja\/wp-json\/wp\/v2\/product"}],"about":[{"href":"https:\/\/www.unipatis.fr\/ja\/wp-json\/wp\/v2\/types\/product"}],"replies":[{"embeddable":true,"href":"https:\/\/www.unipatis.fr\/ja\/wp-json\/wp\/v2\/comments?post=12229"}],"version-history":[{"count":1,"href":"https:\/\/www.unipatis.fr\/ja\/wp-json\/wp\/v2\/product\/12229\/revisions"}],"predecessor-version":[{"id":18027,"href":"https:\/\/www.unipatis.fr\/ja\/wp-json\/wp\/v2\/product\/12229\/revisions\/18027"}],"wp:featuredmedia":[{"embeddable":true,"href":"https:\/\/www.unipatis.fr\/ja\/wp-json\/wp\/v2\/media\/18668"}],"wp:attachment":[{"href":"https:\/\/www.unipatis.fr\/ja\/wp-json\/wp\/v2\/media?parent=12229"}],"wp:term":[{"taxonomy":"product_brand","embeddable":true,"href":"https:\/\/www.unipatis.fr\/ja\/wp-json\/wp\/v2\/product_brand?post=12229"},{"taxonomy":"product_cat","embeddable":true,"href":"https:\/\/www.unipatis.fr\/ja\/wp-json\/wp\/v2\/product_cat?post=12229"},{"taxonomy":"product_tag","embeddable":true,"href":"https:\/\/www.unipatis.fr\/ja\/wp-json\/wp\/v2\/product_tag?post=12229"}],"curies":[{"name":"wp","href":"https:\/\/api.w.org\/{rel}","templated":true}]}}