{"id":12327,"date":"2022-02-11T12:13:35","date_gmt":"2022-02-11T11:13:35","guid":{"rendered":"https:\/\/www.unipatis.fr\/produit\/%e3%83%8c%e3%82%ac%e3%83%bc%e3%83%9a%e3%83%bc%e3%82%b9%e3%83%88\/"},"modified":"2026-04-12T08:27:37","modified_gmt":"2026-04-12T06:27:37","slug":"%e3%83%8c%e3%82%ac%e3%83%bc%e3%83%9a%e3%83%bc%e3%82%b9%e3%83%88","status":"publish","type":"product","link":"https:\/\/www.unipatis.fr\/ja\/produit\/%e3%83%8c%e3%82%ac%e3%83%bc%e3%83%9a%e3%83%bc%e3%82%b9%e3%83%88\/","title":{"rendered":"\u30cc\u30ac\u30fc\u30da\u30fc\u30b9\u30c8"},"content":{"rendered":"","protected":false},"excerpt":{"rendered":"<p>\u30e2\u30f3\u30c6\u30ea\u30de\u30fc\u30eb\u30fb\u30cc\u30ac\u30fc\u3092\u30ed\u30fc\u30b9\u30c8\u30fb\u30a2\u30fc\u30e2\u30f3\u30c9\u3068\u3068\u3082\u306b\u7c89\u7815\u3057\u3066\u5f97\u3089\u308c\u308b\u30cc\u30ac\u30fc\u30fb\u30da\u30fc\u30b9\u30c8\u3002<\/p>\n","protected":false},"featured_media":12328,"comment_status":"closed","ping_status":"closed","template":"","meta":{"_acf_changed":false,"inline_featured_image":false},"product_brand":[],"product_cat":[439],"product_tag":[],"class_list":{"0":"post-12327","1":"product","2":"type-product","3":"status-publish","4":"has-post-thumbnail","6":"product_cat-24-","7":"sales-flash-overlay","8":"woocommerce-text-align-center","9":"woocommerce-image-align-center","10":"do-quantity-buttons","12":"first","13":"instock","14":"product-type-simple"},"acf":[],"yoast_head":"<!-- This site is optimized with the Yoast SEO plugin v27.2 - https:\/\/yoast.com\/product\/yoast-seo-wordpress\/ -->\n<title>\u30cc\u30ac\u30fc\u30da\u30fc\u30b9\u30c8 - Unipatis<\/title>\n<meta name=\"robots\" content=\"index, follow, max-snippet:-1, max-image-preview:large, max-video-preview:-1\" \/>\n<link rel=\"canonical\" href=\"https:\/\/www.unipatis.fr\/ja\/produit\/\u30cc\u30ac\u30fc\u30da\u30fc\u30b9\u30c8\/\" \/>\n<meta property=\"og:locale\" content=\"ja_JP\" \/>\n<meta property=\"og:type\" content=\"article\" \/>\n<meta property=\"og:title\" content=\"\u30cc\u30ac\u30fc\u30da\u30fc\u30b9\u30c8 - Unipatis\" \/>\n<meta property=\"og:description\" content=\"\u30e2\u30f3\u30c6\u30ea\u30de\u30fc\u30eb\u30fb\u30cc\u30ac\u30fc\u3092\u30ed\u30fc\u30b9\u30c8\u30fb\u30a2\u30fc\u30e2\u30f3\u30c9\u3068\u3068\u3082\u306b\u7c89\u7815\u3057\u3066\u5f97\u3089\u308c\u308b\u30cc\u30ac\u30fc\u30fb\u30da\u30fc\u30b9\u30c8\u3002\" \/>\n<meta property=\"og:url\" content=\"https:\/\/www.unipatis.fr\/ja\/produit\/\u30cc\u30ac\u30fc\u30da\u30fc\u30b9\u30c8\/\" \/>\n<meta property=\"og:site_name\" content=\"Unipatis\" \/>\n<meta property=\"article:publisher\" content=\"https:\/\/www.facebook.com\/unipatis\" \/>\n<meta property=\"article:modified_time\" content=\"2026-04-12T06:27:37+00:00\" \/>\n<meta property=\"og:image\" content=\"https:\/\/www.unipatis.fr\/wp-content\/uploads\/2022\/02\/pot_pate_nougat.jpg\" \/>\n\t<meta property=\"og:image:width\" content=\"1200\" \/>\n\t<meta property=\"og:image:height\" content=\"1200\" \/>\n\t<meta property=\"og:image:type\" content=\"image\/jpeg\" \/>\n<meta name=\"twitter:card\" content=\"summary_large_image\" \/>\n<script type=\"application\/ld+json\" class=\"yoast-schema-graph\">{\"@context\":\"https:\/\/schema.org\",\"@graph\":[{\"@type\":\"WebPage\",\"@id\":\"https:\/\/www.unipatis.fr\/ja\/produit\/%e3%83%8c%e3%82%ac%e3%83%bc%e3%83%9a%e3%83%bc%e3%82%b9%e3%83%88\/\",\"url\":\"https:\/\/www.unipatis.fr\/ja\/produit\/%e3%83%8c%e3%82%ac%e3%83%bc%e3%83%9a%e3%83%bc%e3%82%b9%e3%83%88\/\",\"name\":\"\u30cc\u30ac\u30fc\u30da\u30fc\u30b9\u30c8 - Unipatis\",\"isPartOf\":{\"@id\":\"https:\/\/www.unipatis.fr\/en\/#website\"},\"primaryImageOfPage\":{\"@id\":\"https:\/\/www.unipatis.fr\/ja\/produit\/%e3%83%8c%e3%82%ac%e3%83%bc%e3%83%9a%e3%83%bc%e3%82%b9%e3%83%88\/#primaryimage\"},\"image\":{\"@id\":\"https:\/\/www.unipatis.fr\/ja\/produit\/%e3%83%8c%e3%82%ac%e3%83%bc%e3%83%9a%e3%83%bc%e3%82%b9%e3%83%88\/#primaryimage\"},\"thumbnailUrl\":\"https:\/\/www.unipatis.fr\/wp-content\/uploads\/2022\/02\/pot_pate_nougat.jpg\",\"datePublished\":\"2022-02-11T11:13:35+00:00\",\"dateModified\":\"2026-04-12T06:27:37+00:00\",\"breadcrumb\":{\"@id\":\"https:\/\/www.unipatis.fr\/ja\/produit\/%e3%83%8c%e3%82%ac%e3%83%bc%e3%83%9a%e3%83%bc%e3%82%b9%e3%83%88\/#breadcrumb\"},\"inLanguage\":\"ja\",\"potentialAction\":[{\"@type\":\"ReadAction\",\"target\":[\"https:\/\/www.unipatis.fr\/ja\/produit\/%e3%83%8c%e3%82%ac%e3%83%bc%e3%83%9a%e3%83%bc%e3%82%b9%e3%83%88\/\"]}]},{\"@type\":\"ImageObject\",\"inLanguage\":\"ja\",\"@id\":\"https:\/\/www.unipatis.fr\/ja\/produit\/%e3%83%8c%e3%82%ac%e3%83%bc%e3%83%9a%e3%83%bc%e3%82%b9%e3%83%88\/#primaryimage\",\"url\":\"https:\/\/www.unipatis.fr\/wp-content\/uploads\/2022\/02\/pot_pate_nougat.jpg\",\"contentUrl\":\"https:\/\/www.unipatis.fr\/wp-content\/uploads\/2022\/02\/pot_pate_nougat.jpg\",\"width\":1200,\"height\":1200,\"caption\":\"\u30d1\u30c6\u30fb\u30cc\u30ac\u30fc \u30e6\u30cb\u30d1\u30c6\u30a3\u30b9\"},{\"@type\":\"BreadcrumbList\",\"@id\":\"https:\/\/www.unipatis.fr\/ja\/produit\/%e3%83%8c%e3%82%ac%e3%83%bc%e3%83%9a%e3%83%bc%e3%82%b9%e3%83%88\/#breadcrumb\",\"itemListElement\":[{\"@type\":\"ListItem\",\"position\":1,\"name\":\"Accueil\",\"item\":\"https:\/\/www.unipatis.fr\/ja\/%e3%83%9b%e3%83%bc%e3%83%a0-2\/\"},{\"@type\":\"ListItem\",\"position\":2,\"name\":\"\u30b7\u30e7\u30c3\u30d7\",\"item\":\"https:\/\/www.unipatis.fr\/ja\/%e3%82%b7%e3%83%a7%e3%83%83%e3%83%97\/\"},{\"@type\":\"ListItem\",\"position\":3,\"name\":\"\u30cc\u30ac\u30fc\u30da\u30fc\u30b9\u30c8\"}]},{\"@type\":\"WebSite\",\"@id\":\"https:\/\/www.unipatis.fr\/en\/#website\",\"url\":\"https:\/\/www.unipatis.fr\/en\/\",\"name\":\"Unipatis\",\"description\":\"Unipatis Maison est une entreprise familiale sp\u00e9cialis\u00e9e dans la fabrication d&#039;ingr\u00e9dients p\u00e2tissiers et chocolatiers depuis quatre g\u00e9n\u00e9rations.\",\"publisher\":{\"@id\":\"https:\/\/www.unipatis.fr\/en\/#organization\"},\"potentialAction\":[{\"@type\":\"SearchAction\",\"target\":{\"@type\":\"EntryPoint\",\"urlTemplate\":\"https:\/\/www.unipatis.fr\/en\/?s={search_term_string}\"},\"query-input\":{\"@type\":\"PropertyValueSpecification\",\"valueRequired\":true,\"valueName\":\"search_term_string\"}}],\"inLanguage\":\"ja\"},{\"@type\":\"Organization\",\"@id\":\"https:\/\/www.unipatis.fr\/en\/#organization\",\"name\":\"Unipatis\",\"url\":\"https:\/\/www.unipatis.fr\/en\/\",\"logo\":{\"@type\":\"ImageObject\",\"inLanguage\":\"ja\",\"@id\":\"https:\/\/www.unipatis.fr\/en\/#\/schema\/logo\/image\/\",\"url\":\"https:\/\/www.unipatis.fr\/wp-content\/uploads\/2021\/10\/UNIPATIS_logo_flag_2021-1.svg\",\"contentUrl\":\"https:\/\/www.unipatis.fr\/wp-content\/uploads\/2021\/10\/UNIPATIS_logo_flag_2021-1.svg\",\"width\":150,\"height\":184,\"caption\":\"Unipatis\"},\"image\":{\"@id\":\"https:\/\/www.unipatis.fr\/en\/#\/schema\/logo\/image\/\"},\"sameAs\":[\"https:\/\/www.facebook.com\/unipatis\",\"https:\/\/www.instagram.com\/unipatis\",\"https:\/\/www.youtube.com\/@Unipatis\"]}]}<\/script>\n<!-- \/ Yoast SEO plugin. -->","yoast_head_json":{"title":"\u30cc\u30ac\u30fc\u30da\u30fc\u30b9\u30c8 - Unipatis","robots":{"index":"index","follow":"follow","max-snippet":"max-snippet:-1","max-image-preview":"max-image-preview:large","max-video-preview":"max-video-preview:-1"},"canonical":"https:\/\/www.unipatis.fr\/ja\/produit\/\u30cc\u30ac\u30fc\u30da\u30fc\u30b9\u30c8\/","og_locale":"ja_JP","og_type":"article","og_title":"\u30cc\u30ac\u30fc\u30da\u30fc\u30b9\u30c8 - Unipatis","og_description":"\u30e2\u30f3\u30c6\u30ea\u30de\u30fc\u30eb\u30fb\u30cc\u30ac\u30fc\u3092\u30ed\u30fc\u30b9\u30c8\u30fb\u30a2\u30fc\u30e2\u30f3\u30c9\u3068\u3068\u3082\u306b\u7c89\u7815\u3057\u3066\u5f97\u3089\u308c\u308b\u30cc\u30ac\u30fc\u30fb\u30da\u30fc\u30b9\u30c8\u3002","og_url":"https:\/\/www.unipatis.fr\/ja\/produit\/\u30cc\u30ac\u30fc\u30da\u30fc\u30b9\u30c8\/","og_site_name":"Unipatis","article_publisher":"https:\/\/www.facebook.com\/unipatis","article_modified_time":"2026-04-12T06:27:37+00:00","og_image":[{"width":1200,"height":1200,"url":"https:\/\/www.unipatis.fr\/wp-content\/uploads\/2022\/02\/pot_pate_nougat.jpg","type":"image\/jpeg"}],"twitter_card":"summary_large_image","schema":{"@context":"https:\/\/schema.org","@graph":[{"@type":"WebPage","@id":"https:\/\/www.unipatis.fr\/ja\/produit\/%e3%83%8c%e3%82%ac%e3%83%bc%e3%83%9a%e3%83%bc%e3%82%b9%e3%83%88\/","url":"https:\/\/www.unipatis.fr\/ja\/produit\/%e3%83%8c%e3%82%ac%e3%83%bc%e3%83%9a%e3%83%bc%e3%82%b9%e3%83%88\/","name":"\u30cc\u30ac\u30fc\u30da\u30fc\u30b9\u30c8 - Unipatis","isPartOf":{"@id":"https:\/\/www.unipatis.fr\/en\/#website"},"primaryImageOfPage":{"@id":"https:\/\/www.unipatis.fr\/ja\/produit\/%e3%83%8c%e3%82%ac%e3%83%bc%e3%83%9a%e3%83%bc%e3%82%b9%e3%83%88\/#primaryimage"},"image":{"@id":"https:\/\/www.unipatis.fr\/ja\/produit\/%e3%83%8c%e3%82%ac%e3%83%bc%e3%83%9a%e3%83%bc%e3%82%b9%e3%83%88\/#primaryimage"},"thumbnailUrl":"https:\/\/www.unipatis.fr\/wp-content\/uploads\/2022\/02\/pot_pate_nougat.jpg","datePublished":"2022-02-11T11:13:35+00:00","dateModified":"2026-04-12T06:27:37+00:00","breadcrumb":{"@id":"https:\/\/www.unipatis.fr\/ja\/produit\/%e3%83%8c%e3%82%ac%e3%83%bc%e3%83%9a%e3%83%bc%e3%82%b9%e3%83%88\/#breadcrumb"},"inLanguage":"ja","potentialAction":[{"@type":"ReadAction","target":["https:\/\/www.unipatis.fr\/ja\/produit\/%e3%83%8c%e3%82%ac%e3%83%bc%e3%83%9a%e3%83%bc%e3%82%b9%e3%83%88\/"]}]},{"@type":"ImageObject","inLanguage":"ja","@id":"https:\/\/www.unipatis.fr\/ja\/produit\/%e3%83%8c%e3%82%ac%e3%83%bc%e3%83%9a%e3%83%bc%e3%82%b9%e3%83%88\/#primaryimage","url":"https:\/\/www.unipatis.fr\/wp-content\/uploads\/2022\/02\/pot_pate_nougat.jpg","contentUrl":"https:\/\/www.unipatis.fr\/wp-content\/uploads\/2022\/02\/pot_pate_nougat.jpg","width":1200,"height":1200,"caption":"\u30d1\u30c6\u30fb\u30cc\u30ac\u30fc \u30e6\u30cb\u30d1\u30c6\u30a3\u30b9"},{"@type":"BreadcrumbList","@id":"https:\/\/www.unipatis.fr\/ja\/produit\/%e3%83%8c%e3%82%ac%e3%83%bc%e3%83%9a%e3%83%bc%e3%82%b9%e3%83%88\/#breadcrumb","itemListElement":[{"@type":"ListItem","position":1,"name":"Accueil","item":"https:\/\/www.unipatis.fr\/ja\/%e3%83%9b%e3%83%bc%e3%83%a0-2\/"},{"@type":"ListItem","position":2,"name":"\u30b7\u30e7\u30c3\u30d7","item":"https:\/\/www.unipatis.fr\/ja\/%e3%82%b7%e3%83%a7%e3%83%83%e3%83%97\/"},{"@type":"ListItem","position":3,"name":"\u30cc\u30ac\u30fc\u30da\u30fc\u30b9\u30c8"}]},{"@type":"WebSite","@id":"https:\/\/www.unipatis.fr\/en\/#website","url":"https:\/\/www.unipatis.fr\/en\/","name":"Unipatis","description":"Unipatis Maison est une entreprise familiale sp\u00e9cialis\u00e9e dans la fabrication d&#039;ingr\u00e9dients p\u00e2tissiers et chocolatiers depuis quatre g\u00e9n\u00e9rations.","publisher":{"@id":"https:\/\/www.unipatis.fr\/en\/#organization"},"potentialAction":[{"@type":"SearchAction","target":{"@type":"EntryPoint","urlTemplate":"https:\/\/www.unipatis.fr\/en\/?s={search_term_string}"},"query-input":{"@type":"PropertyValueSpecification","valueRequired":true,"valueName":"search_term_string"}}],"inLanguage":"ja"},{"@type":"Organization","@id":"https:\/\/www.unipatis.fr\/en\/#organization","name":"Unipatis","url":"https:\/\/www.unipatis.fr\/en\/","logo":{"@type":"ImageObject","inLanguage":"ja","@id":"https:\/\/www.unipatis.fr\/en\/#\/schema\/logo\/image\/","url":"https:\/\/www.unipatis.fr\/wp-content\/uploads\/2021\/10\/UNIPATIS_logo_flag_2021-1.svg","contentUrl":"https:\/\/www.unipatis.fr\/wp-content\/uploads\/2021\/10\/UNIPATIS_logo_flag_2021-1.svg","width":150,"height":184,"caption":"Unipatis"},"image":{"@id":"https:\/\/www.unipatis.fr\/en\/#\/schema\/logo\/image\/"},"sameAs":["https:\/\/www.facebook.com\/unipatis","https:\/\/www.instagram.com\/unipatis","https:\/\/www.youtube.com\/@Unipatis"]}]}},"_links":{"self":[{"href":"https:\/\/www.unipatis.fr\/ja\/wp-json\/wp\/v2\/product\/12327","targetHints":{"allow":["GET"]}}],"collection":[{"href":"https:\/\/www.unipatis.fr\/ja\/wp-json\/wp\/v2\/product"}],"about":[{"href":"https:\/\/www.unipatis.fr\/ja\/wp-json\/wp\/v2\/types\/product"}],"replies":[{"embeddable":true,"href":"https:\/\/www.unipatis.fr\/ja\/wp-json\/wp\/v2\/comments?post=12327"}],"version-history":[{"count":1,"href":"https:\/\/www.unipatis.fr\/ja\/wp-json\/wp\/v2\/product\/12327\/revisions"}],"predecessor-version":[{"id":27622,"href":"https:\/\/www.unipatis.fr\/ja\/wp-json\/wp\/v2\/product\/12327\/revisions\/27622"}],"wp:featuredmedia":[{"embeddable":true,"href":"https:\/\/www.unipatis.fr\/ja\/wp-json\/wp\/v2\/media\/12328"}],"wp:attachment":[{"href":"https:\/\/www.unipatis.fr\/ja\/wp-json\/wp\/v2\/media?parent=12327"}],"wp:term":[{"taxonomy":"product_brand","embeddable":true,"href":"https:\/\/www.unipatis.fr\/ja\/wp-json\/wp\/v2\/product_brand?post=12327"},{"taxonomy":"product_cat","embeddable":true,"href":"https:\/\/www.unipatis.fr\/ja\/wp-json\/wp\/v2\/product_cat?post=12327"},{"taxonomy":"product_tag","embeddable":true,"href":"https:\/\/www.unipatis.fr\/ja\/wp-json\/wp\/v2\/product_tag?post=12327"}],"curies":[{"name":"wp","href":"https:\/\/api.w.org\/{rel}","templated":true}]}}