{"id":12458,"date":"2022-05-17T10:57:42","date_gmt":"2022-05-17T08:57:42","guid":{"rendered":"https:\/\/www.unipatis.fr\/produit\/%e3%82%ab%e3%82%b7%e3%82%b9%e3%83%91%e3%82%a6%e3%83%80%e3%83%bc\/"},"modified":"2024-08-23T13:42:46","modified_gmt":"2024-08-23T11:42:46","slug":"%e3%82%ab%e3%82%b7%e3%82%b9%e3%83%91%e3%82%a6%e3%83%80%e3%83%bc","status":"publish","type":"product","link":"https:\/\/www.unipatis.fr\/ja\/produit\/%e3%82%ab%e3%82%b7%e3%82%b9%e3%83%91%e3%82%a6%e3%83%80%e3%83%bc\/","title":{"rendered":"\u30ab\u30b7\u30b9\u30d1\u30a6\u30c0\u30fc"},"content":{"rendered":"<p>\u30d5\u30ea\u30fc\u30ba\u30c9\u30e9\u30a4\u306e\u30ab\u30b7\u30b9\u30d1\u30a6\u30c0\u30fc\u3002<br \/>\n\u30af\u30ea\u30fc\u30e0\u3001\u30d3\u30b9\u30b1\u30c3\u30c8\u3001\u30de\u30ab\u30ed\u30f3\u3001\u30c1\u30e7\u30b3\u30ec\u30fc\u30c8\u3001\u30ac\u30ca\u30c3\u30b7\u30e5\u306e\u98a8\u5473\u4ed8\u3051\u306b\u3002 \u3053\u306e\u30d5\u30eb\u30fc\u30c4\u30d1\u30a6\u30c0\u30fc\u306f\u3001\u4e8b\u524d\u306b\u5e0c\u91c8\u3059\u308b\u3053\u3068\u306a\u304f\u3001\u3059\u3079\u3066\u306e\u8abf\u88fd\u54c1\u306b\u76f4\u63a5\u6df7\u305c\u308b\u3053\u3068\u304c\u3067\u304d\u307e\u3059\u3002<br \/>\n\u30c1\u30e7\u30b3\u30ec\u30fc\u30c8\u3084\u30af\u30ea\u30fc\u30e0\u306a\u3069\u3001\u6c34\u306b\u8010\u3048\u3089\u308c\u306a\u3044\u3059\u3079\u3066\u306e\u5668\u5177\u306b\u6700\u9069\u3067\u3059\u3002<br \/>\n\u30db\u30ef\u30a4\u30c8\u30c1\u30e7\u30b3\u30ec\u30fc\u30c8\u306e\u30af\u30fc\u30d9\u30eb\u30c1\u30e5\u30fc\u30eb\u306b\u306f\u30015\uff05\u306e\u30d5\u30ea\u30fc\u30ba\u30c9\u30e9\u30a4\u30d5\u30eb\u30fc\u30c4\u30d1\u30a6\u30c0\u30fc\u3092\u52a0\u3048\u308b\u3053\u3068\u3092\u304a\u52e7\u3081\u3057\u307e\u3059\u3002   <\/p>\n","protected":false},"excerpt":{"rendered":"<p>\u30d5\u30ea\u30fc\u30ba\u30c9\u30e9\u30a4\u306e\u30ab\u30b7\u30b9\u30d1\u30a6\u30c0\u30fc\u3001\u679c\u5b9f100\uff05\u3001\u5929\u7136100\uff05\u3002<\/p>\n","protected":false},"featured_media":12460,"comment_status":"closed","ping_status":"closed","template":"","meta":{"_acf_changed":false,"inline_featured_image":false},"product_brand":[],"product_cat":[453],"product_tag":[],"class_list":{"0":"post-12458","1":"product","2":"type-product","3":"status-publish","4":"has-post-thumbnail","6":"product_cat-23-","7":"sales-flash-overlay","8":"woocommerce-text-align-center","9":"woocommerce-image-align-center","10":"do-quantity-buttons","12":"first","13":"instock","14":"shipping-taxable","15":"product-type-simple"},"acf":[],"yoast_head":"<!-- This site is optimized with the Yoast SEO plugin v27.2 - https:\/\/yoast.com\/product\/yoast-seo-wordpress\/ -->\n<title>\u30ab\u30b7\u30b9\u30d1\u30a6\u30c0\u30fc - Unipatis<\/title>\n<meta name=\"description\" content=\"\u30d5\u30ea\u30fc\u30ba\u30c9\u30e9\u30a4\u306e\u30ab\u30b7\u30b9\u30d1\u30a6\u30c0\u30fc\u3002 \u30af\u30ea\u30fc\u30e0\u3001\u30d3\u30b9\u30b1\u30c3\u30c8\u3001\u30de\u30ab\u30ed\u30f3\u3001\u30c1\u30e7\u30b3\u30ec\u30fc\u30c8\u3001\u30ac\u30ca\u30c3\u30b7\u30e5\u306e\u98a8\u5473\u4ed8\u3051\u306b\u3002\" \/>\n<meta name=\"robots\" content=\"index, follow, max-snippet:-1, max-image-preview:large, max-video-preview:-1\" \/>\n<link rel=\"canonical\" href=\"https:\/\/www.unipatis.fr\/?post_type=product&p=8611\" \/>\n<meta property=\"og:locale\" content=\"ja_JP\" \/>\n<meta property=\"og:type\" content=\"article\" \/>\n<meta property=\"og:title\" content=\"\u30ab\u30b7\u30b9\u30d1\u30a6\u30c0\u30fc - Unipatis\" \/>\n<meta property=\"og:description\" content=\"\u30d5\u30ea\u30fc\u30ba\u30c9\u30e9\u30a4\u306e\u30ab\u30b7\u30b9\u30d1\u30a6\u30c0\u30fc\u3002 \u30af\u30ea\u30fc\u30e0\u3001\u30d3\u30b9\u30b1\u30c3\u30c8\u3001\u30de\u30ab\u30ed\u30f3\u3001\u30c1\u30e7\u30b3\u30ec\u30fc\u30c8\u3001\u30ac\u30ca\u30c3\u30b7\u30e5\u306e\u98a8\u5473\u4ed8\u3051\u306b\u3002\" \/>\n<meta property=\"og:url\" content=\"https:\/\/www.unipatis.fr\/?post_type=product&amp;p=8611\" \/>\n<meta property=\"og:site_name\" content=\"Unipatis\" \/>\n<meta property=\"article:publisher\" content=\"https:\/\/www.facebook.com\/unipatis\" \/>\n<meta property=\"article:modified_time\" content=\"2024-08-23T11:42:46+00:00\" \/>\n<meta property=\"og:image\" content=\"https:\/\/www.unipatis.fr\/wp-content\/uploads\/2022\/05\/pot_poudre_cassis.jpg\" \/>\n\t<meta property=\"og:image:width\" content=\"1300\" \/>\n\t<meta property=\"og:image:height\" content=\"1300\" \/>\n\t<meta property=\"og:image:type\" content=\"image\/jpeg\" \/>\n<meta name=\"twitter:card\" content=\"summary_large_image\" \/>\n<script type=\"application\/ld+json\" class=\"yoast-schema-graph\">{\"@context\":\"https:\/\/schema.org\",\"@graph\":[{\"@type\":\"WebPage\",\"@id\":\"https:\/\/www.unipatis.fr\/?post_type=product&p=8611\",\"url\":\"https:\/\/www.unipatis.fr\/?post_type=product&p=8611\",\"name\":\"\u30ab\u30b7\u30b9\u30d1\u30a6\u30c0\u30fc - Unipatis\",\"isPartOf\":{\"@id\":\"https:\/\/www.unipatis.fr\/en\/#website\"},\"primaryImageOfPage\":{\"@id\":\"https:\/\/www.unipatis.fr\/?post_type=product&p=8611#primaryimage\"},\"image\":{\"@id\":\"https:\/\/www.unipatis.fr\/?post_type=product&p=8611#primaryimage\"},\"thumbnailUrl\":\"https:\/\/www.unipatis.fr\/wp-content\/uploads\/2022\/05\/pot_poudre_cassis.jpg\",\"datePublished\":\"2022-05-17T08:57:42+00:00\",\"dateModified\":\"2024-08-23T11:42:46+00:00\",\"description\":\"\u30d5\u30ea\u30fc\u30ba\u30c9\u30e9\u30a4\u306e\u30ab\u30b7\u30b9\u30d1\u30a6\u30c0\u30fc\u3002 \u30af\u30ea\u30fc\u30e0\u3001\u30d3\u30b9\u30b1\u30c3\u30c8\u3001\u30de\u30ab\u30ed\u30f3\u3001\u30c1\u30e7\u30b3\u30ec\u30fc\u30c8\u3001\u30ac\u30ca\u30c3\u30b7\u30e5\u306e\u98a8\u5473\u4ed8\u3051\u306b\u3002\",\"breadcrumb\":{\"@id\":\"https:\/\/www.unipatis.fr\/?post_type=product&p=8611#breadcrumb\"},\"inLanguage\":\"ja\",\"potentialAction\":[{\"@type\":\"ReadAction\",\"target\":[\"https:\/\/www.unipatis.fr\/?post_type=product&p=8611\"]}]},{\"@type\":\"ImageObject\",\"inLanguage\":\"ja\",\"@id\":\"https:\/\/www.unipatis.fr\/?post_type=product&p=8611#primaryimage\",\"url\":\"https:\/\/www.unipatis.fr\/wp-content\/uploads\/2022\/05\/pot_poudre_cassis.jpg\",\"contentUrl\":\"https:\/\/www.unipatis.fr\/wp-content\/uploads\/2022\/05\/pot_poudre_cassis.jpg\",\"width\":1300,\"height\":1300},{\"@type\":\"BreadcrumbList\",\"@id\":\"https:\/\/www.unipatis.fr\/?post_type=product&p=8611#breadcrumb\",\"itemListElement\":[{\"@type\":\"ListItem\",\"position\":1,\"name\":\"Accueil\",\"item\":\"https:\/\/www.unipatis.fr\/ja\/%e3%83%9b%e3%83%bc%e3%83%a0-2\/\"},{\"@type\":\"ListItem\",\"position\":2,\"name\":\"\u30b7\u30e7\u30c3\u30d7\",\"item\":\"https:\/\/www.unipatis.fr\/ja\/%e3%82%b7%e3%83%a7%e3%83%83%e3%83%97\/\"},{\"@type\":\"ListItem\",\"position\":3,\"name\":\"\u30ab\u30b7\u30b9\u30d1\u30a6\u30c0\u30fc\"}]},{\"@type\":\"WebSite\",\"@id\":\"https:\/\/www.unipatis.fr\/en\/#website\",\"url\":\"https:\/\/www.unipatis.fr\/en\/\",\"name\":\"Unipatis\",\"description\":\"Unipatis Maison est une entreprise familiale sp\u00e9cialis\u00e9e dans la fabrication d&#039;ingr\u00e9dients p\u00e2tissiers et chocolatiers depuis quatre g\u00e9n\u00e9rations.\",\"publisher\":{\"@id\":\"https:\/\/www.unipatis.fr\/en\/#organization\"},\"potentialAction\":[{\"@type\":\"SearchAction\",\"target\":{\"@type\":\"EntryPoint\",\"urlTemplate\":\"https:\/\/www.unipatis.fr\/en\/?s={search_term_string}\"},\"query-input\":{\"@type\":\"PropertyValueSpecification\",\"valueRequired\":true,\"valueName\":\"search_term_string\"}}],\"inLanguage\":\"ja\"},{\"@type\":\"Organization\",\"@id\":\"https:\/\/www.unipatis.fr\/en\/#organization\",\"name\":\"Unipatis\",\"url\":\"https:\/\/www.unipatis.fr\/en\/\",\"logo\":{\"@type\":\"ImageObject\",\"inLanguage\":\"ja\",\"@id\":\"https:\/\/www.unipatis.fr\/en\/#\/schema\/logo\/image\/\",\"url\":\"https:\/\/www.unipatis.fr\/wp-content\/uploads\/2021\/10\/UNIPATIS_logo_flag_2021-1.svg\",\"contentUrl\":\"https:\/\/www.unipatis.fr\/wp-content\/uploads\/2021\/10\/UNIPATIS_logo_flag_2021-1.svg\",\"width\":150,\"height\":184,\"caption\":\"Unipatis\"},\"image\":{\"@id\":\"https:\/\/www.unipatis.fr\/en\/#\/schema\/logo\/image\/\"},\"sameAs\":[\"https:\/\/www.facebook.com\/unipatis\",\"https:\/\/www.instagram.com\/unipatis\",\"https:\/\/www.youtube.com\/@Unipatis\"]}]}<\/script>\n<!-- \/ Yoast SEO plugin. -->","yoast_head_json":{"title":"\u30ab\u30b7\u30b9\u30d1\u30a6\u30c0\u30fc - Unipatis","description":"\u30d5\u30ea\u30fc\u30ba\u30c9\u30e9\u30a4\u306e\u30ab\u30b7\u30b9\u30d1\u30a6\u30c0\u30fc\u3002 \u30af\u30ea\u30fc\u30e0\u3001\u30d3\u30b9\u30b1\u30c3\u30c8\u3001\u30de\u30ab\u30ed\u30f3\u3001\u30c1\u30e7\u30b3\u30ec\u30fc\u30c8\u3001\u30ac\u30ca\u30c3\u30b7\u30e5\u306e\u98a8\u5473\u4ed8\u3051\u306b\u3002","robots":{"index":"index","follow":"follow","max-snippet":"max-snippet:-1","max-image-preview":"max-image-preview:large","max-video-preview":"max-video-preview:-1"},"canonical":"https:\/\/www.unipatis.fr\/?post_type=product&p=8611","og_locale":"ja_JP","og_type":"article","og_title":"\u30ab\u30b7\u30b9\u30d1\u30a6\u30c0\u30fc - Unipatis","og_description":"\u30d5\u30ea\u30fc\u30ba\u30c9\u30e9\u30a4\u306e\u30ab\u30b7\u30b9\u30d1\u30a6\u30c0\u30fc\u3002 \u30af\u30ea\u30fc\u30e0\u3001\u30d3\u30b9\u30b1\u30c3\u30c8\u3001\u30de\u30ab\u30ed\u30f3\u3001\u30c1\u30e7\u30b3\u30ec\u30fc\u30c8\u3001\u30ac\u30ca\u30c3\u30b7\u30e5\u306e\u98a8\u5473\u4ed8\u3051\u306b\u3002","og_url":"https:\/\/www.unipatis.fr\/?post_type=product&p=8611","og_site_name":"Unipatis","article_publisher":"https:\/\/www.facebook.com\/unipatis","article_modified_time":"2024-08-23T11:42:46+00:00","og_image":[{"width":1300,"height":1300,"url":"https:\/\/www.unipatis.fr\/wp-content\/uploads\/2022\/05\/pot_poudre_cassis.jpg","type":"image\/jpeg"}],"twitter_card":"summary_large_image","schema":{"@context":"https:\/\/schema.org","@graph":[{"@type":"WebPage","@id":"https:\/\/www.unipatis.fr\/?post_type=product&p=8611","url":"https:\/\/www.unipatis.fr\/?post_type=product&p=8611","name":"\u30ab\u30b7\u30b9\u30d1\u30a6\u30c0\u30fc - Unipatis","isPartOf":{"@id":"https:\/\/www.unipatis.fr\/en\/#website"},"primaryImageOfPage":{"@id":"https:\/\/www.unipatis.fr\/?post_type=product&p=8611#primaryimage"},"image":{"@id":"https:\/\/www.unipatis.fr\/?post_type=product&p=8611#primaryimage"},"thumbnailUrl":"https:\/\/www.unipatis.fr\/wp-content\/uploads\/2022\/05\/pot_poudre_cassis.jpg","datePublished":"2022-05-17T08:57:42+00:00","dateModified":"2024-08-23T11:42:46+00:00","description":"\u30d5\u30ea\u30fc\u30ba\u30c9\u30e9\u30a4\u306e\u30ab\u30b7\u30b9\u30d1\u30a6\u30c0\u30fc\u3002 \u30af\u30ea\u30fc\u30e0\u3001\u30d3\u30b9\u30b1\u30c3\u30c8\u3001\u30de\u30ab\u30ed\u30f3\u3001\u30c1\u30e7\u30b3\u30ec\u30fc\u30c8\u3001\u30ac\u30ca\u30c3\u30b7\u30e5\u306e\u98a8\u5473\u4ed8\u3051\u306b\u3002","breadcrumb":{"@id":"https:\/\/www.unipatis.fr\/?post_type=product&p=8611#breadcrumb"},"inLanguage":"ja","potentialAction":[{"@type":"ReadAction","target":["https:\/\/www.unipatis.fr\/?post_type=product&p=8611"]}]},{"@type":"ImageObject","inLanguage":"ja","@id":"https:\/\/www.unipatis.fr\/?post_type=product&p=8611#primaryimage","url":"https:\/\/www.unipatis.fr\/wp-content\/uploads\/2022\/05\/pot_poudre_cassis.jpg","contentUrl":"https:\/\/www.unipatis.fr\/wp-content\/uploads\/2022\/05\/pot_poudre_cassis.jpg","width":1300,"height":1300},{"@type":"BreadcrumbList","@id":"https:\/\/www.unipatis.fr\/?post_type=product&p=8611#breadcrumb","itemListElement":[{"@type":"ListItem","position":1,"name":"Accueil","item":"https:\/\/www.unipatis.fr\/ja\/%e3%83%9b%e3%83%bc%e3%83%a0-2\/"},{"@type":"ListItem","position":2,"name":"\u30b7\u30e7\u30c3\u30d7","item":"https:\/\/www.unipatis.fr\/ja\/%e3%82%b7%e3%83%a7%e3%83%83%e3%83%97\/"},{"@type":"ListItem","position":3,"name":"\u30ab\u30b7\u30b9\u30d1\u30a6\u30c0\u30fc"}]},{"@type":"WebSite","@id":"https:\/\/www.unipatis.fr\/en\/#website","url":"https:\/\/www.unipatis.fr\/en\/","name":"Unipatis","description":"Unipatis Maison est une entreprise familiale sp\u00e9cialis\u00e9e dans la fabrication d&#039;ingr\u00e9dients p\u00e2tissiers et chocolatiers depuis quatre g\u00e9n\u00e9rations.","publisher":{"@id":"https:\/\/www.unipatis.fr\/en\/#organization"},"potentialAction":[{"@type":"SearchAction","target":{"@type":"EntryPoint","urlTemplate":"https:\/\/www.unipatis.fr\/en\/?s={search_term_string}"},"query-input":{"@type":"PropertyValueSpecification","valueRequired":true,"valueName":"search_term_string"}}],"inLanguage":"ja"},{"@type":"Organization","@id":"https:\/\/www.unipatis.fr\/en\/#organization","name":"Unipatis","url":"https:\/\/www.unipatis.fr\/en\/","logo":{"@type":"ImageObject","inLanguage":"ja","@id":"https:\/\/www.unipatis.fr\/en\/#\/schema\/logo\/image\/","url":"https:\/\/www.unipatis.fr\/wp-content\/uploads\/2021\/10\/UNIPATIS_logo_flag_2021-1.svg","contentUrl":"https:\/\/www.unipatis.fr\/wp-content\/uploads\/2021\/10\/UNIPATIS_logo_flag_2021-1.svg","width":150,"height":184,"caption":"Unipatis"},"image":{"@id":"https:\/\/www.unipatis.fr\/en\/#\/schema\/logo\/image\/"},"sameAs":["https:\/\/www.facebook.com\/unipatis","https:\/\/www.instagram.com\/unipatis","https:\/\/www.youtube.com\/@Unipatis"]}]}},"_links":{"self":[{"href":"https:\/\/www.unipatis.fr\/ja\/wp-json\/wp\/v2\/product\/12458","targetHints":{"allow":["GET"]}}],"collection":[{"href":"https:\/\/www.unipatis.fr\/ja\/wp-json\/wp\/v2\/product"}],"about":[{"href":"https:\/\/www.unipatis.fr\/ja\/wp-json\/wp\/v2\/types\/product"}],"replies":[{"embeddable":true,"href":"https:\/\/www.unipatis.fr\/ja\/wp-json\/wp\/v2\/comments?post=12458"}],"version-history":[{"count":0,"href":"https:\/\/www.unipatis.fr\/ja\/wp-json\/wp\/v2\/product\/12458\/revisions"}],"wp:featuredmedia":[{"embeddable":true,"href":"https:\/\/www.unipatis.fr\/ja\/wp-json\/wp\/v2\/media\/12460"}],"wp:attachment":[{"href":"https:\/\/www.unipatis.fr\/ja\/wp-json\/wp\/v2\/media?parent=12458"}],"wp:term":[{"taxonomy":"product_brand","embeddable":true,"href":"https:\/\/www.unipatis.fr\/ja\/wp-json\/wp\/v2\/product_brand?post=12458"},{"taxonomy":"product_cat","embeddable":true,"href":"https:\/\/www.unipatis.fr\/ja\/wp-json\/wp\/v2\/product_cat?post=12458"},{"taxonomy":"product_tag","embeddable":true,"href":"https:\/\/www.unipatis.fr\/ja\/wp-json\/wp\/v2\/product_tag?post=12458"}],"curies":[{"name":"wp","href":"https:\/\/api.w.org\/{rel}","templated":true}]}}