{"id":12588,"date":"2022-07-04T11:00:47","date_gmt":"2022-07-04T09:00:47","guid":{"rendered":"https:\/\/www.unipatis.fr\/produit\/%e5%a4%89%e6%80%a7%e3%83%88%e3%82%a6%e3%83%a2%e3%83%ad%e3%82%b3%e3%82%b7%e3%83%87%e3%83%b3%e3%83%97%e3%83%b3\/"},"modified":"2026-04-12T08:24:45","modified_gmt":"2026-04-12T06:24:45","slug":"%e5%a4%89%e6%80%a7%e3%83%88%e3%82%a6%e3%83%a2%e3%83%ad%e3%82%b3%e3%82%b7%e3%83%87%e3%83%b3%e3%83%97%e3%83%b3","status":"publish","type":"product","link":"https:\/\/www.unipatis.fr\/ja\/produit\/%e5%a4%89%e6%80%a7%e3%83%88%e3%82%a6%e3%83%a2%e3%83%ad%e3%82%b3%e3%82%b7%e3%83%87%e3%83%b3%e3%83%97%e3%83%b3\/","title":{"rendered":"\u5909\u6027\u30b3\u30fc\u30f3\u30b9\u30bf\u30fc\u30c1"},"content":{"rendered":"<p>\u5909\u6027\u30b3\u30fc\u30f3\u30b9\u30bf\u30fc\u30c1\u306f\u30b2\u30eb\u5316\u5264\u3067\u3001\u305f\u3068\u3048\u3070\u30bd\u30fc\u30b9\u306b\u7c98\u308a\u3092\u4e0e\u3048\u308b\u3002 \u3053\u306e\u6539\u8cea\u30c7\u30f3\u30d7\u30f3\u7c89\u672b\u306f\u3001\u6db2\u4f53\u306e\u4f4e\u6e29\u7d50\u5408\u3092\u53ef\u80fd\u306b\u3059\u308b\u3002 \u3053\u306e\u8abf\u7406\u6cd5\u306f\u3001\u3057\u3063\u304b\u308a\u3068\u3057\u305f\u30d5\u30a3\u30ea\u30f3\u30b0\u3084\u30c8\u30c3\u30d4\u30f3\u30b0\u306b\u6700\u9069\u3067\u3042\u308b\u3002<\/p>\n","protected":false},"excerpt":{"rendered":"<p>\u5909\u6027\u30b3\u30fc\u30f3\u30b9\u30bf\u30fc\u30c1\u306f\u30b2\u30eb\u5316\u5264\u3067\u3001\u305f\u3068\u3048\u3070\u30bd\u30fc\u30b9\u306b\u7c98\u308a\u3092\u4e0e\u3048\u308b\u3002 \u3053\u306e\u6539\u8cea\u30c7\u30f3\u30d7\u30f3\u7c89\u672b\u306f\u3001\u6db2\u4f53\u306e\u4f4e\u6e29\u7d50\u5408\u3092\u53ef\u80fd\u306b\u3059\u308b\u3002 \u3053\u306e\u88fd\u6cd5\u306f\u3001\u3057\u3063\u304b\u308a\u3068\u3057\u305f\u30d5\u30a3\u30ea\u30f3\u30b0\u3084\u30af\u30ea\u30fc\u30e0\u30c7\u30b6\u30fc\u30c8\u3001\u304a\u83d3\u5b50\u4f5c\u308a\u306e\u30c8\u30c3\u30d4\u30f3\u30b0\u306b\u6700\u9069\u3067\u3042\u308b\u3002<\/p>\n","protected":false},"featured_media":21878,"comment_status":"closed","ping_status":"closed","template":"","meta":{"_acf_changed":false,"inline_featured_image":false},"product_brand":[],"product_cat":[462,473],"product_tag":[],"class_list":{"0":"post-12588","1":"product","2":"type-product","3":"status-publish","4":"has-post-thumbnail","6":"product_cat-12--2","7":"product_cat-473","8":"sales-flash-overlay","9":"woocommerce-text-align-center","10":"woocommerce-image-align-center","11":"do-quantity-buttons","13":"first","14":"instock","15":"product-type-simple"},"acf":[],"yoast_head":"<!-- This site is optimized with the Yoast SEO plugin v27.2 - https:\/\/yoast.com\/product\/yoast-seo-wordpress\/ -->\n<title>\u5909\u6027\u30b3\u30fc\u30f3\u30b9\u30bf\u30fc\u30c1 - Unipatis<\/title>\n<meta name=\"description\" content=\"\u30bd\u30fc\u30b9\u306a\u3069\u306b\u7c98\u308a\u3092\u4e0e\u3048\u308b\u5909\u6027\u30c8\u30a6\u30e2\u30ed\u30b3\u30b7\u30c7\u30f3\u30d7\u30f3\u3002 \u3053\u306e\u8abf\u7406\u6cd5\u306f\u3001\u3057\u3063\u304b\u308a\u3068\u3057\u305f\u30d5\u30a3\u30ea\u30f3\u30b0\u3084\u30c8\u30c3\u30d4\u30f3\u30b0\u306b\u6700\u9069\u3067\u3042\u308b\u3002\" \/>\n<meta name=\"robots\" content=\"index, follow, max-snippet:-1, max-image-preview:large, max-video-preview:-1\" \/>\n<link rel=\"canonical\" href=\"https:\/\/www.unipatis.fr\/ja\/produit\/\u5909\u6027\u30c8\u30a6\u30e2\u30ed\u30b3\u30b7\u30c7\u30f3\u30d7\u30f3\/\" \/>\n<meta property=\"og:locale\" content=\"ja_JP\" \/>\n<meta property=\"og:type\" content=\"article\" \/>\n<meta property=\"og:title\" content=\"\u5909\u6027\u30b3\u30fc\u30f3\u30b9\u30bf\u30fc\u30c1 - Unipatis\" \/>\n<meta property=\"og:description\" content=\"\u30bd\u30fc\u30b9\u306a\u3069\u306b\u7c98\u308a\u3092\u4e0e\u3048\u308b\u5909\u6027\u30c8\u30a6\u30e2\u30ed\u30b3\u30b7\u30c7\u30f3\u30d7\u30f3\u3002 \u3053\u306e\u8abf\u7406\u6cd5\u306f\u3001\u3057\u3063\u304b\u308a\u3068\u3057\u305f\u30d5\u30a3\u30ea\u30f3\u30b0\u3084\u30c8\u30c3\u30d4\u30f3\u30b0\u306b\u6700\u9069\u3067\u3042\u308b\u3002\" \/>\n<meta property=\"og:url\" content=\"https:\/\/www.unipatis.fr\/ja\/produit\/\u5909\u6027\u30c8\u30a6\u30e2\u30ed\u30b3\u30b7\u30c7\u30f3\u30d7\u30f3\/\" \/>\n<meta property=\"og:site_name\" content=\"Unipatis\" \/>\n<meta property=\"article:publisher\" content=\"https:\/\/www.facebook.com\/unipatis\" \/>\n<meta property=\"article:modified_time\" content=\"2026-04-12T06:24:45+00:00\" \/>\n<meta property=\"og:image\" content=\"https:\/\/www.unipatis.fr\/wp-content\/uploads\/2022\/07\/POT_Amidon_modifie_de_mais_1kg_octobre2024.png\" \/>\n\t<meta property=\"og:image:width\" content=\"1261\" \/>\n\t<meta property=\"og:image:height\" content=\"1179\" \/>\n\t<meta property=\"og:image:type\" content=\"image\/png\" \/>\n<meta name=\"twitter:card\" content=\"summary_large_image\" \/>\n<script type=\"application\/ld+json\" class=\"yoast-schema-graph\">{\"@context\":\"https:\/\/schema.org\",\"@graph\":[{\"@type\":\"WebPage\",\"@id\":\"https:\/\/www.unipatis.fr\/ja\/produit\/%e5%a4%89%e6%80%a7%e3%83%88%e3%82%a6%e3%83%a2%e3%83%ad%e3%82%b3%e3%82%b7%e3%83%87%e3%83%b3%e3%83%97%e3%83%b3\/\",\"url\":\"https:\/\/www.unipatis.fr\/ja\/produit\/%e5%a4%89%e6%80%a7%e3%83%88%e3%82%a6%e3%83%a2%e3%83%ad%e3%82%b3%e3%82%b7%e3%83%87%e3%83%b3%e3%83%97%e3%83%b3\/\",\"name\":\"\u5909\u6027\u30b3\u30fc\u30f3\u30b9\u30bf\u30fc\u30c1 - Unipatis\",\"isPartOf\":{\"@id\":\"https:\/\/www.unipatis.fr\/en\/#website\"},\"primaryImageOfPage\":{\"@id\":\"https:\/\/www.unipatis.fr\/ja\/produit\/%e5%a4%89%e6%80%a7%e3%83%88%e3%82%a6%e3%83%a2%e3%83%ad%e3%82%b3%e3%82%b7%e3%83%87%e3%83%b3%e3%83%97%e3%83%b3\/#primaryimage\"},\"image\":{\"@id\":\"https:\/\/www.unipatis.fr\/ja\/produit\/%e5%a4%89%e6%80%a7%e3%83%88%e3%82%a6%e3%83%a2%e3%83%ad%e3%82%b3%e3%82%b7%e3%83%87%e3%83%b3%e3%83%97%e3%83%b3\/#primaryimage\"},\"thumbnailUrl\":\"https:\/\/www.unipatis.fr\/wp-content\/uploads\/2022\/07\/POT_Amidon_modifie_de_mais_1kg_octobre2024.png\",\"datePublished\":\"2022-07-04T09:00:47+00:00\",\"dateModified\":\"2026-04-12T06:24:45+00:00\",\"description\":\"\u30bd\u30fc\u30b9\u306a\u3069\u306b\u7c98\u308a\u3092\u4e0e\u3048\u308b\u5909\u6027\u30c8\u30a6\u30e2\u30ed\u30b3\u30b7\u30c7\u30f3\u30d7\u30f3\u3002 \u3053\u306e\u8abf\u7406\u6cd5\u306f\u3001\u3057\u3063\u304b\u308a\u3068\u3057\u305f\u30d5\u30a3\u30ea\u30f3\u30b0\u3084\u30c8\u30c3\u30d4\u30f3\u30b0\u306b\u6700\u9069\u3067\u3042\u308b\u3002\",\"breadcrumb\":{\"@id\":\"https:\/\/www.unipatis.fr\/ja\/produit\/%e5%a4%89%e6%80%a7%e3%83%88%e3%82%a6%e3%83%a2%e3%83%ad%e3%82%b3%e3%82%b7%e3%83%87%e3%83%b3%e3%83%97%e3%83%b3\/#breadcrumb\"},\"inLanguage\":\"ja\",\"potentialAction\":[{\"@type\":\"ReadAction\",\"target\":[\"https:\/\/www.unipatis.fr\/ja\/produit\/%e5%a4%89%e6%80%a7%e3%83%88%e3%82%a6%e3%83%a2%e3%83%ad%e3%82%b3%e3%82%b7%e3%83%87%e3%83%b3%e3%83%97%e3%83%b3\/\"]}]},{\"@type\":\"ImageObject\",\"inLanguage\":\"ja\",\"@id\":\"https:\/\/www.unipatis.fr\/ja\/produit\/%e5%a4%89%e6%80%a7%e3%83%88%e3%82%a6%e3%83%a2%e3%83%ad%e3%82%b3%e3%82%b7%e3%83%87%e3%83%b3%e3%83%97%e3%83%b3\/#primaryimage\",\"url\":\"https:\/\/www.unipatis.fr\/wp-content\/uploads\/2022\/07\/POT_Amidon_modifie_de_mais_1kg_octobre2024.png\",\"contentUrl\":\"https:\/\/www.unipatis.fr\/wp-content\/uploads\/2022\/07\/POT_Amidon_modifie_de_mais_1kg_octobre2024.png\",\"width\":1261,\"height\":1179,\"caption\":\"\u30e6\u30cb\u30d1\u30c6\u30a3\u30b9_\u5909\u6027\u30b3\u30fc\u30f3\u30b9\u30bf\u30fc\u30c1\"},{\"@type\":\"BreadcrumbList\",\"@id\":\"https:\/\/www.unipatis.fr\/ja\/produit\/%e5%a4%89%e6%80%a7%e3%83%88%e3%82%a6%e3%83%a2%e3%83%ad%e3%82%b3%e3%82%b7%e3%83%87%e3%83%b3%e3%83%97%e3%83%b3\/#breadcrumb\",\"itemListElement\":[{\"@type\":\"ListItem\",\"position\":1,\"name\":\"Accueil\",\"item\":\"https:\/\/www.unipatis.fr\/ja\/%e3%83%9b%e3%83%bc%e3%83%a0-2\/\"},{\"@type\":\"ListItem\",\"position\":2,\"name\":\"\u30b7\u30e7\u30c3\u30d7\",\"item\":\"https:\/\/www.unipatis.fr\/ja\/%e3%82%b7%e3%83%a7%e3%83%83%e3%83%97\/\"},{\"@type\":\"ListItem\",\"position\":3,\"name\":\"\u5909\u6027\u30b3\u30fc\u30f3\u30b9\u30bf\u30fc\u30c1\"}]},{\"@type\":\"WebSite\",\"@id\":\"https:\/\/www.unipatis.fr\/en\/#website\",\"url\":\"https:\/\/www.unipatis.fr\/en\/\",\"name\":\"Unipatis\",\"description\":\"Unipatis Maison est une entreprise familiale sp\u00e9cialis\u00e9e dans la fabrication d&#039;ingr\u00e9dients p\u00e2tissiers et chocolatiers depuis quatre g\u00e9n\u00e9rations.\",\"publisher\":{\"@id\":\"https:\/\/www.unipatis.fr\/en\/#organization\"},\"potentialAction\":[{\"@type\":\"SearchAction\",\"target\":{\"@type\":\"EntryPoint\",\"urlTemplate\":\"https:\/\/www.unipatis.fr\/en\/?s={search_term_string}\"},\"query-input\":{\"@type\":\"PropertyValueSpecification\",\"valueRequired\":true,\"valueName\":\"search_term_string\"}}],\"inLanguage\":\"ja\"},{\"@type\":\"Organization\",\"@id\":\"https:\/\/www.unipatis.fr\/en\/#organization\",\"name\":\"Unipatis\",\"url\":\"https:\/\/www.unipatis.fr\/en\/\",\"logo\":{\"@type\":\"ImageObject\",\"inLanguage\":\"ja\",\"@id\":\"https:\/\/www.unipatis.fr\/en\/#\/schema\/logo\/image\/\",\"url\":\"https:\/\/www.unipatis.fr\/wp-content\/uploads\/2021\/10\/UNIPATIS_logo_flag_2021-1.svg\",\"contentUrl\":\"https:\/\/www.unipatis.fr\/wp-content\/uploads\/2021\/10\/UNIPATIS_logo_flag_2021-1.svg\",\"width\":150,\"height\":184,\"caption\":\"Unipatis\"},\"image\":{\"@id\":\"https:\/\/www.unipatis.fr\/en\/#\/schema\/logo\/image\/\"},\"sameAs\":[\"https:\/\/www.facebook.com\/unipatis\",\"https:\/\/www.instagram.com\/unipatis\",\"https:\/\/www.youtube.com\/@Unipatis\"]}]}<\/script>\n<!-- \/ Yoast SEO plugin. -->","yoast_head_json":{"title":"\u5909\u6027\u30b3\u30fc\u30f3\u30b9\u30bf\u30fc\u30c1 - Unipatis","description":"\u30bd\u30fc\u30b9\u306a\u3069\u306b\u7c98\u308a\u3092\u4e0e\u3048\u308b\u5909\u6027\u30c8\u30a6\u30e2\u30ed\u30b3\u30b7\u30c7\u30f3\u30d7\u30f3\u3002 \u3053\u306e\u8abf\u7406\u6cd5\u306f\u3001\u3057\u3063\u304b\u308a\u3068\u3057\u305f\u30d5\u30a3\u30ea\u30f3\u30b0\u3084\u30c8\u30c3\u30d4\u30f3\u30b0\u306b\u6700\u9069\u3067\u3042\u308b\u3002","robots":{"index":"index","follow":"follow","max-snippet":"max-snippet:-1","max-image-preview":"max-image-preview:large","max-video-preview":"max-video-preview:-1"},"canonical":"https:\/\/www.unipatis.fr\/ja\/produit\/\u5909\u6027\u30c8\u30a6\u30e2\u30ed\u30b3\u30b7\u30c7\u30f3\u30d7\u30f3\/","og_locale":"ja_JP","og_type":"article","og_title":"\u5909\u6027\u30b3\u30fc\u30f3\u30b9\u30bf\u30fc\u30c1 - Unipatis","og_description":"\u30bd\u30fc\u30b9\u306a\u3069\u306b\u7c98\u308a\u3092\u4e0e\u3048\u308b\u5909\u6027\u30c8\u30a6\u30e2\u30ed\u30b3\u30b7\u30c7\u30f3\u30d7\u30f3\u3002 \u3053\u306e\u8abf\u7406\u6cd5\u306f\u3001\u3057\u3063\u304b\u308a\u3068\u3057\u305f\u30d5\u30a3\u30ea\u30f3\u30b0\u3084\u30c8\u30c3\u30d4\u30f3\u30b0\u306b\u6700\u9069\u3067\u3042\u308b\u3002","og_url":"https:\/\/www.unipatis.fr\/ja\/produit\/\u5909\u6027\u30c8\u30a6\u30e2\u30ed\u30b3\u30b7\u30c7\u30f3\u30d7\u30f3\/","og_site_name":"Unipatis","article_publisher":"https:\/\/www.facebook.com\/unipatis","article_modified_time":"2026-04-12T06:24:45+00:00","og_image":[{"width":1261,"height":1179,"url":"https:\/\/www.unipatis.fr\/wp-content\/uploads\/2022\/07\/POT_Amidon_modifie_de_mais_1kg_octobre2024.png","type":"image\/png"}],"twitter_card":"summary_large_image","schema":{"@context":"https:\/\/schema.org","@graph":[{"@type":"WebPage","@id":"https:\/\/www.unipatis.fr\/ja\/produit\/%e5%a4%89%e6%80%a7%e3%83%88%e3%82%a6%e3%83%a2%e3%83%ad%e3%82%b3%e3%82%b7%e3%83%87%e3%83%b3%e3%83%97%e3%83%b3\/","url":"https:\/\/www.unipatis.fr\/ja\/produit\/%e5%a4%89%e6%80%a7%e3%83%88%e3%82%a6%e3%83%a2%e3%83%ad%e3%82%b3%e3%82%b7%e3%83%87%e3%83%b3%e3%83%97%e3%83%b3\/","name":"\u5909\u6027\u30b3\u30fc\u30f3\u30b9\u30bf\u30fc\u30c1 - Unipatis","isPartOf":{"@id":"https:\/\/www.unipatis.fr\/en\/#website"},"primaryImageOfPage":{"@id":"https:\/\/www.unipatis.fr\/ja\/produit\/%e5%a4%89%e6%80%a7%e3%83%88%e3%82%a6%e3%83%a2%e3%83%ad%e3%82%b3%e3%82%b7%e3%83%87%e3%83%b3%e3%83%97%e3%83%b3\/#primaryimage"},"image":{"@id":"https:\/\/www.unipatis.fr\/ja\/produit\/%e5%a4%89%e6%80%a7%e3%83%88%e3%82%a6%e3%83%a2%e3%83%ad%e3%82%b3%e3%82%b7%e3%83%87%e3%83%b3%e3%83%97%e3%83%b3\/#primaryimage"},"thumbnailUrl":"https:\/\/www.unipatis.fr\/wp-content\/uploads\/2022\/07\/POT_Amidon_modifie_de_mais_1kg_octobre2024.png","datePublished":"2022-07-04T09:00:47+00:00","dateModified":"2026-04-12T06:24:45+00:00","description":"\u30bd\u30fc\u30b9\u306a\u3069\u306b\u7c98\u308a\u3092\u4e0e\u3048\u308b\u5909\u6027\u30c8\u30a6\u30e2\u30ed\u30b3\u30b7\u30c7\u30f3\u30d7\u30f3\u3002 \u3053\u306e\u8abf\u7406\u6cd5\u306f\u3001\u3057\u3063\u304b\u308a\u3068\u3057\u305f\u30d5\u30a3\u30ea\u30f3\u30b0\u3084\u30c8\u30c3\u30d4\u30f3\u30b0\u306b\u6700\u9069\u3067\u3042\u308b\u3002","breadcrumb":{"@id":"https:\/\/www.unipatis.fr\/ja\/produit\/%e5%a4%89%e6%80%a7%e3%83%88%e3%82%a6%e3%83%a2%e3%83%ad%e3%82%b3%e3%82%b7%e3%83%87%e3%83%b3%e3%83%97%e3%83%b3\/#breadcrumb"},"inLanguage":"ja","potentialAction":[{"@type":"ReadAction","target":["https:\/\/www.unipatis.fr\/ja\/produit\/%e5%a4%89%e6%80%a7%e3%83%88%e3%82%a6%e3%83%a2%e3%83%ad%e3%82%b3%e3%82%b7%e3%83%87%e3%83%b3%e3%83%97%e3%83%b3\/"]}]},{"@type":"ImageObject","inLanguage":"ja","@id":"https:\/\/www.unipatis.fr\/ja\/produit\/%e5%a4%89%e6%80%a7%e3%83%88%e3%82%a6%e3%83%a2%e3%83%ad%e3%82%b3%e3%82%b7%e3%83%87%e3%83%b3%e3%83%97%e3%83%b3\/#primaryimage","url":"https:\/\/www.unipatis.fr\/wp-content\/uploads\/2022\/07\/POT_Amidon_modifie_de_mais_1kg_octobre2024.png","contentUrl":"https:\/\/www.unipatis.fr\/wp-content\/uploads\/2022\/07\/POT_Amidon_modifie_de_mais_1kg_octobre2024.png","width":1261,"height":1179,"caption":"\u30e6\u30cb\u30d1\u30c6\u30a3\u30b9_\u5909\u6027\u30b3\u30fc\u30f3\u30b9\u30bf\u30fc\u30c1"},{"@type":"BreadcrumbList","@id":"https:\/\/www.unipatis.fr\/ja\/produit\/%e5%a4%89%e6%80%a7%e3%83%88%e3%82%a6%e3%83%a2%e3%83%ad%e3%82%b3%e3%82%b7%e3%83%87%e3%83%b3%e3%83%97%e3%83%b3\/#breadcrumb","itemListElement":[{"@type":"ListItem","position":1,"name":"Accueil","item":"https:\/\/www.unipatis.fr\/ja\/%e3%83%9b%e3%83%bc%e3%83%a0-2\/"},{"@type":"ListItem","position":2,"name":"\u30b7\u30e7\u30c3\u30d7","item":"https:\/\/www.unipatis.fr\/ja\/%e3%82%b7%e3%83%a7%e3%83%83%e3%83%97\/"},{"@type":"ListItem","position":3,"name":"\u5909\u6027\u30b3\u30fc\u30f3\u30b9\u30bf\u30fc\u30c1"}]},{"@type":"WebSite","@id":"https:\/\/www.unipatis.fr\/en\/#website","url":"https:\/\/www.unipatis.fr\/en\/","name":"Unipatis","description":"Unipatis Maison est une entreprise familiale sp\u00e9cialis\u00e9e dans la fabrication d&#039;ingr\u00e9dients p\u00e2tissiers et chocolatiers depuis quatre g\u00e9n\u00e9rations.","publisher":{"@id":"https:\/\/www.unipatis.fr\/en\/#organization"},"potentialAction":[{"@type":"SearchAction","target":{"@type":"EntryPoint","urlTemplate":"https:\/\/www.unipatis.fr\/en\/?s={search_term_string}"},"query-input":{"@type":"PropertyValueSpecification","valueRequired":true,"valueName":"search_term_string"}}],"inLanguage":"ja"},{"@type":"Organization","@id":"https:\/\/www.unipatis.fr\/en\/#organization","name":"Unipatis","url":"https:\/\/www.unipatis.fr\/en\/","logo":{"@type":"ImageObject","inLanguage":"ja","@id":"https:\/\/www.unipatis.fr\/en\/#\/schema\/logo\/image\/","url":"https:\/\/www.unipatis.fr\/wp-content\/uploads\/2021\/10\/UNIPATIS_logo_flag_2021-1.svg","contentUrl":"https:\/\/www.unipatis.fr\/wp-content\/uploads\/2021\/10\/UNIPATIS_logo_flag_2021-1.svg","width":150,"height":184,"caption":"Unipatis"},"image":{"@id":"https:\/\/www.unipatis.fr\/en\/#\/schema\/logo\/image\/"},"sameAs":["https:\/\/www.facebook.com\/unipatis","https:\/\/www.instagram.com\/unipatis","https:\/\/www.youtube.com\/@Unipatis"]}]}},"_links":{"self":[{"href":"https:\/\/www.unipatis.fr\/ja\/wp-json\/wp\/v2\/product\/12588","targetHints":{"allow":["GET"]}}],"collection":[{"href":"https:\/\/www.unipatis.fr\/ja\/wp-json\/wp\/v2\/product"}],"about":[{"href":"https:\/\/www.unipatis.fr\/ja\/wp-json\/wp\/v2\/types\/product"}],"replies":[{"embeddable":true,"href":"https:\/\/www.unipatis.fr\/ja\/wp-json\/wp\/v2\/comments?post=12588"}],"version-history":[{"count":4,"href":"https:\/\/www.unipatis.fr\/ja\/wp-json\/wp\/v2\/product\/12588\/revisions"}],"predecessor-version":[{"id":32315,"href":"https:\/\/www.unipatis.fr\/ja\/wp-json\/wp\/v2\/product\/12588\/revisions\/32315"}],"wp:featuredmedia":[{"embeddable":true,"href":"https:\/\/www.unipatis.fr\/ja\/wp-json\/wp\/v2\/media\/21878"}],"wp:attachment":[{"href":"https:\/\/www.unipatis.fr\/ja\/wp-json\/wp\/v2\/media?parent=12588"}],"wp:term":[{"taxonomy":"product_brand","embeddable":true,"href":"https:\/\/www.unipatis.fr\/ja\/wp-json\/wp\/v2\/product_brand?post=12588"},{"taxonomy":"product_cat","embeddable":true,"href":"https:\/\/www.unipatis.fr\/ja\/wp-json\/wp\/v2\/product_cat?post=12588"},{"taxonomy":"product_tag","embeddable":true,"href":"https:\/\/www.unipatis.fr\/ja\/wp-json\/wp\/v2\/product_tag?post=12588"}],"curies":[{"name":"wp","href":"https:\/\/api.w.org\/{rel}","templated":true}]}}