{"id":13069,"date":"2022-02-11T12:11:45","date_gmt":"2022-02-11T11:11:45","guid":{"rendered":"https:\/\/www.unipatis.fr\/produit\/%e3%83%90%e3%82%a4%e3%82%a8%e3%83%ab%e3%83%b3%e3%82%bc%e3%83%aa%e3%83%bc%ef%bc%88%e8%b1%9a%e8%82%89%ef%bc%89\/"},"modified":"2026-04-10T12:19:22","modified_gmt":"2026-04-10T10:19:22","slug":"%e3%83%90%e3%82%a4%e3%82%a8%e3%83%ab%e3%83%b3%e3%82%bc%e3%83%aa%e3%83%bc%ef%bc%88%e8%b1%9a%e8%82%89%ef%bc%89","status":"publish","type":"product","link":"https:\/\/www.unipatis.fr\/ja\/produit\/%e3%83%90%e3%82%a4%e3%82%a8%e3%83%ab%e3%83%b3%e3%82%bc%e3%83%aa%e3%83%bc%ef%bc%88%e8%b1%9a%e8%82%89%ef%bc%89\/","title":{"rendered":"\u30d0\u30a4\u30a8\u30eb\u30f3\u30bc\u30ea\u30fc\uff08\u8c5a\u8089\uff09"},"content":{"rendered":"","protected":false},"excerpt":{"rendered":"<p>\u30e0\u30fc\u30b9\u3001\u30d0\u30d0\u30ed\u30a2\u3001\u30af\u30ea\u30fc\u30e0\u7528\u306e\u7c89\u672b\u72b6\u306e\u4e2d\u6027\u30b2\u30eb\u5316\u5264\u3002<\/p>\n","protected":false},"featured_media":21623,"comment_status":"closed","ping_status":"closed","template":"","meta":{"_acf_changed":false,"inline_featured_image":false},"product_brand":[],"product_cat":[426,520],"product_tag":[],"class_list":{"0":"post-13069","1":"product","2":"type-product","3":"status-publish","4":"has-post-thumbnail","6":"product_cat-13-","7":"product_cat-520","8":"sales-flash-overlay","9":"woocommerce-text-align-center","10":"woocommerce-image-align-center","11":"do-quantity-buttons","13":"first","14":"instock","15":"product-type-simple"},"acf":[],"yoast_head":"<!-- This site is optimized with the Yoast SEO plugin v27.2 - https:\/\/yoast.com\/product\/yoast-seo-wordpress\/ -->\n<title>\u30d0\u30a4\u30a8\u30eb\u30f3\u30bc\u30ea\u30fc\uff08\u8c5a\u8089\uff09 - Unipatis<\/title>\n<meta name=\"robots\" content=\"index, follow, max-snippet:-1, max-image-preview:large, max-video-preview:-1\" \/>\n<link rel=\"canonical\" href=\"https:\/\/www.unipatis.fr\/ja\/produit\/\u30d0\u30a4\u30a8\u30eb\u30f3\u30bc\u30ea\u30fc\uff08\u8c5a\u8089\uff09\/\" \/>\n<meta property=\"og:locale\" content=\"ja_JP\" \/>\n<meta property=\"og:type\" content=\"article\" \/>\n<meta property=\"og:title\" content=\"\u30d0\u30a4\u30a8\u30eb\u30f3\u30bc\u30ea\u30fc\uff08\u8c5a\u8089\uff09 - Unipatis\" \/>\n<meta property=\"og:description\" content=\"\u30e0\u30fc\u30b9\u3001\u30d0\u30d0\u30ed\u30a2\u3001\u30af\u30ea\u30fc\u30e0\u7528\u306e\u7c89\u672b\u72b6\u306e\u4e2d\u6027\u30b2\u30eb\u5316\u5264\u3002\" \/>\n<meta property=\"og:url\" content=\"https:\/\/www.unipatis.fr\/ja\/produit\/\u30d0\u30a4\u30a8\u30eb\u30f3\u30bc\u30ea\u30fc\uff08\u8c5a\u8089\uff09\/\" \/>\n<meta property=\"og:site_name\" content=\"Unipatis\" \/>\n<meta property=\"article:publisher\" content=\"https:\/\/www.facebook.com\/unipatis\" \/>\n<meta property=\"article:modified_time\" content=\"2026-04-10T10:19:22+00:00\" \/>\n<meta property=\"og:image\" content=\"https:\/\/www.unipatis.fr\/wp-content\/uploads\/2024\/07\/SAC_gelee_bavaroise_porcine_2024_octobre.png\" \/>\n\t<meta property=\"og:image:width\" content=\"1000\" \/>\n\t<meta property=\"og:image:height\" content=\"1000\" \/>\n\t<meta property=\"og:image:type\" content=\"image\/png\" \/>\n<meta name=\"twitter:card\" content=\"summary_large_image\" \/>\n<script type=\"application\/ld+json\" class=\"yoast-schema-graph\">{\"@context\":\"https:\/\/schema.org\",\"@graph\":[{\"@type\":\"WebPage\",\"@id\":\"https:\/\/www.unipatis.fr\/ja\/produit\/%e3%83%90%e3%82%a4%e3%82%a8%e3%83%ab%e3%83%b3%e3%82%bc%e3%83%aa%e3%83%bc%ef%bc%88%e8%b1%9a%e8%82%89%ef%bc%89\/\",\"url\":\"https:\/\/www.unipatis.fr\/ja\/produit\/%e3%83%90%e3%82%a4%e3%82%a8%e3%83%ab%e3%83%b3%e3%82%bc%e3%83%aa%e3%83%bc%ef%bc%88%e8%b1%9a%e8%82%89%ef%bc%89\/\",\"name\":\"\u30d0\u30a4\u30a8\u30eb\u30f3\u30bc\u30ea\u30fc\uff08\u8c5a\u8089\uff09 - Unipatis\",\"isPartOf\":{\"@id\":\"https:\/\/www.unipatis.fr\/en\/#website\"},\"primaryImageOfPage\":{\"@id\":\"https:\/\/www.unipatis.fr\/ja\/produit\/%e3%83%90%e3%82%a4%e3%82%a8%e3%83%ab%e3%83%b3%e3%82%bc%e3%83%aa%e3%83%bc%ef%bc%88%e8%b1%9a%e8%82%89%ef%bc%89\/#primaryimage\"},\"image\":{\"@id\":\"https:\/\/www.unipatis.fr\/ja\/produit\/%e3%83%90%e3%82%a4%e3%82%a8%e3%83%ab%e3%83%b3%e3%82%bc%e3%83%aa%e3%83%bc%ef%bc%88%e8%b1%9a%e8%82%89%ef%bc%89\/#primaryimage\"},\"thumbnailUrl\":\"https:\/\/www.unipatis.fr\/wp-content\/uploads\/2024\/07\/SAC_gelee_bavaroise_porcine_2024_octobre.png\",\"datePublished\":\"2022-02-11T11:11:45+00:00\",\"dateModified\":\"2026-04-10T10:19:22+00:00\",\"breadcrumb\":{\"@id\":\"https:\/\/www.unipatis.fr\/ja\/produit\/%e3%83%90%e3%82%a4%e3%82%a8%e3%83%ab%e3%83%b3%e3%82%bc%e3%83%aa%e3%83%bc%ef%bc%88%e8%b1%9a%e8%82%89%ef%bc%89\/#breadcrumb\"},\"inLanguage\":\"ja\",\"potentialAction\":[{\"@type\":\"ReadAction\",\"target\":[\"https:\/\/www.unipatis.fr\/ja\/produit\/%e3%83%90%e3%82%a4%e3%82%a8%e3%83%ab%e3%83%b3%e3%82%bc%e3%83%aa%e3%83%bc%ef%bc%88%e8%b1%9a%e8%82%89%ef%bc%89\/\"]}]},{\"@type\":\"ImageObject\",\"inLanguage\":\"ja\",\"@id\":\"https:\/\/www.unipatis.fr\/ja\/produit\/%e3%83%90%e3%82%a4%e3%82%a8%e3%83%ab%e3%83%b3%e3%82%bc%e3%83%aa%e3%83%bc%ef%bc%88%e8%b1%9a%e8%82%89%ef%bc%89\/#primaryimage\",\"url\":\"https:\/\/www.unipatis.fr\/wp-content\/uploads\/2024\/07\/SAC_gelee_bavaroise_porcine_2024_octobre.png\",\"contentUrl\":\"https:\/\/www.unipatis.fr\/wp-content\/uploads\/2024\/07\/SAC_gelee_bavaroise_porcine_2024_octobre.png\",\"width\":1000,\"height\":1000,\"caption\":\"\u30e6\u30cb\u30d1\u30c6\u30a3\u30b9\u30bc\u30ea\u30fc_\u30d0\u30a4\u30a8\u30eb\u30f3\u30dd\u30eb\u30c1\u30fc\u30cd\"},{\"@type\":\"BreadcrumbList\",\"@id\":\"https:\/\/www.unipatis.fr\/ja\/produit\/%e3%83%90%e3%82%a4%e3%82%a8%e3%83%ab%e3%83%b3%e3%82%bc%e3%83%aa%e3%83%bc%ef%bc%88%e8%b1%9a%e8%82%89%ef%bc%89\/#breadcrumb\",\"itemListElement\":[{\"@type\":\"ListItem\",\"position\":1,\"name\":\"Accueil\",\"item\":\"https:\/\/www.unipatis.fr\/ja\/%e3%83%9b%e3%83%bc%e3%83%a0-2\/\"},{\"@type\":\"ListItem\",\"position\":2,\"name\":\"\u30b7\u30e7\u30c3\u30d7\",\"item\":\"https:\/\/www.unipatis.fr\/ja\/%e3%82%b7%e3%83%a7%e3%83%83%e3%83%97\/\"},{\"@type\":\"ListItem\",\"position\":3,\"name\":\"\u30d0\u30a4\u30a8\u30eb\u30f3\u30bc\u30ea\u30fc\uff08\u8c5a\u8089\uff09\"}]},{\"@type\":\"WebSite\",\"@id\":\"https:\/\/www.unipatis.fr\/en\/#website\",\"url\":\"https:\/\/www.unipatis.fr\/en\/\",\"name\":\"Unipatis\",\"description\":\"Unipatis Maison est une entreprise familiale sp\u00e9cialis\u00e9e dans la fabrication d&#039;ingr\u00e9dients p\u00e2tissiers et chocolatiers depuis quatre g\u00e9n\u00e9rations.\",\"publisher\":{\"@id\":\"https:\/\/www.unipatis.fr\/en\/#organization\"},\"potentialAction\":[{\"@type\":\"SearchAction\",\"target\":{\"@type\":\"EntryPoint\",\"urlTemplate\":\"https:\/\/www.unipatis.fr\/en\/?s={search_term_string}\"},\"query-input\":{\"@type\":\"PropertyValueSpecification\",\"valueRequired\":true,\"valueName\":\"search_term_string\"}}],\"inLanguage\":\"ja\"},{\"@type\":\"Organization\",\"@id\":\"https:\/\/www.unipatis.fr\/en\/#organization\",\"name\":\"Unipatis\",\"url\":\"https:\/\/www.unipatis.fr\/en\/\",\"logo\":{\"@type\":\"ImageObject\",\"inLanguage\":\"ja\",\"@id\":\"https:\/\/www.unipatis.fr\/en\/#\/schema\/logo\/image\/\",\"url\":\"https:\/\/www.unipatis.fr\/wp-content\/uploads\/2021\/10\/UNIPATIS_logo_flag_2021-1.svg\",\"contentUrl\":\"https:\/\/www.unipatis.fr\/wp-content\/uploads\/2021\/10\/UNIPATIS_logo_flag_2021-1.svg\",\"width\":150,\"height\":184,\"caption\":\"Unipatis\"},\"image\":{\"@id\":\"https:\/\/www.unipatis.fr\/en\/#\/schema\/logo\/image\/\"},\"sameAs\":[\"https:\/\/www.facebook.com\/unipatis\",\"https:\/\/www.instagram.com\/unipatis\",\"https:\/\/www.youtube.com\/@Unipatis\"]}]}<\/script>\n<!-- \/ Yoast SEO plugin. -->","yoast_head_json":{"title":"\u30d0\u30a4\u30a8\u30eb\u30f3\u30bc\u30ea\u30fc\uff08\u8c5a\u8089\uff09 - Unipatis","robots":{"index":"index","follow":"follow","max-snippet":"max-snippet:-1","max-image-preview":"max-image-preview:large","max-video-preview":"max-video-preview:-1"},"canonical":"https:\/\/www.unipatis.fr\/ja\/produit\/\u30d0\u30a4\u30a8\u30eb\u30f3\u30bc\u30ea\u30fc\uff08\u8c5a\u8089\uff09\/","og_locale":"ja_JP","og_type":"article","og_title":"\u30d0\u30a4\u30a8\u30eb\u30f3\u30bc\u30ea\u30fc\uff08\u8c5a\u8089\uff09 - Unipatis","og_description":"\u30e0\u30fc\u30b9\u3001\u30d0\u30d0\u30ed\u30a2\u3001\u30af\u30ea\u30fc\u30e0\u7528\u306e\u7c89\u672b\u72b6\u306e\u4e2d\u6027\u30b2\u30eb\u5316\u5264\u3002","og_url":"https:\/\/www.unipatis.fr\/ja\/produit\/\u30d0\u30a4\u30a8\u30eb\u30f3\u30bc\u30ea\u30fc\uff08\u8c5a\u8089\uff09\/","og_site_name":"Unipatis","article_publisher":"https:\/\/www.facebook.com\/unipatis","article_modified_time":"2026-04-10T10:19:22+00:00","og_image":[{"width":1000,"height":1000,"url":"https:\/\/www.unipatis.fr\/wp-content\/uploads\/2024\/07\/SAC_gelee_bavaroise_porcine_2024_octobre.png","type":"image\/png"}],"twitter_card":"summary_large_image","schema":{"@context":"https:\/\/schema.org","@graph":[{"@type":"WebPage","@id":"https:\/\/www.unipatis.fr\/ja\/produit\/%e3%83%90%e3%82%a4%e3%82%a8%e3%83%ab%e3%83%b3%e3%82%bc%e3%83%aa%e3%83%bc%ef%bc%88%e8%b1%9a%e8%82%89%ef%bc%89\/","url":"https:\/\/www.unipatis.fr\/ja\/produit\/%e3%83%90%e3%82%a4%e3%82%a8%e3%83%ab%e3%83%b3%e3%82%bc%e3%83%aa%e3%83%bc%ef%bc%88%e8%b1%9a%e8%82%89%ef%bc%89\/","name":"\u30d0\u30a4\u30a8\u30eb\u30f3\u30bc\u30ea\u30fc\uff08\u8c5a\u8089\uff09 - Unipatis","isPartOf":{"@id":"https:\/\/www.unipatis.fr\/en\/#website"},"primaryImageOfPage":{"@id":"https:\/\/www.unipatis.fr\/ja\/produit\/%e3%83%90%e3%82%a4%e3%82%a8%e3%83%ab%e3%83%b3%e3%82%bc%e3%83%aa%e3%83%bc%ef%bc%88%e8%b1%9a%e8%82%89%ef%bc%89\/#primaryimage"},"image":{"@id":"https:\/\/www.unipatis.fr\/ja\/produit\/%e3%83%90%e3%82%a4%e3%82%a8%e3%83%ab%e3%83%b3%e3%82%bc%e3%83%aa%e3%83%bc%ef%bc%88%e8%b1%9a%e8%82%89%ef%bc%89\/#primaryimage"},"thumbnailUrl":"https:\/\/www.unipatis.fr\/wp-content\/uploads\/2024\/07\/SAC_gelee_bavaroise_porcine_2024_octobre.png","datePublished":"2022-02-11T11:11:45+00:00","dateModified":"2026-04-10T10:19:22+00:00","breadcrumb":{"@id":"https:\/\/www.unipatis.fr\/ja\/produit\/%e3%83%90%e3%82%a4%e3%82%a8%e3%83%ab%e3%83%b3%e3%82%bc%e3%83%aa%e3%83%bc%ef%bc%88%e8%b1%9a%e8%82%89%ef%bc%89\/#breadcrumb"},"inLanguage":"ja","potentialAction":[{"@type":"ReadAction","target":["https:\/\/www.unipatis.fr\/ja\/produit\/%e3%83%90%e3%82%a4%e3%82%a8%e3%83%ab%e3%83%b3%e3%82%bc%e3%83%aa%e3%83%bc%ef%bc%88%e8%b1%9a%e8%82%89%ef%bc%89\/"]}]},{"@type":"ImageObject","inLanguage":"ja","@id":"https:\/\/www.unipatis.fr\/ja\/produit\/%e3%83%90%e3%82%a4%e3%82%a8%e3%83%ab%e3%83%b3%e3%82%bc%e3%83%aa%e3%83%bc%ef%bc%88%e8%b1%9a%e8%82%89%ef%bc%89\/#primaryimage","url":"https:\/\/www.unipatis.fr\/wp-content\/uploads\/2024\/07\/SAC_gelee_bavaroise_porcine_2024_octobre.png","contentUrl":"https:\/\/www.unipatis.fr\/wp-content\/uploads\/2024\/07\/SAC_gelee_bavaroise_porcine_2024_octobre.png","width":1000,"height":1000,"caption":"\u30e6\u30cb\u30d1\u30c6\u30a3\u30b9\u30bc\u30ea\u30fc_\u30d0\u30a4\u30a8\u30eb\u30f3\u30dd\u30eb\u30c1\u30fc\u30cd"},{"@type":"BreadcrumbList","@id":"https:\/\/www.unipatis.fr\/ja\/produit\/%e3%83%90%e3%82%a4%e3%82%a8%e3%83%ab%e3%83%b3%e3%82%bc%e3%83%aa%e3%83%bc%ef%bc%88%e8%b1%9a%e8%82%89%ef%bc%89\/#breadcrumb","itemListElement":[{"@type":"ListItem","position":1,"name":"Accueil","item":"https:\/\/www.unipatis.fr\/ja\/%e3%83%9b%e3%83%bc%e3%83%a0-2\/"},{"@type":"ListItem","position":2,"name":"\u30b7\u30e7\u30c3\u30d7","item":"https:\/\/www.unipatis.fr\/ja\/%e3%82%b7%e3%83%a7%e3%83%83%e3%83%97\/"},{"@type":"ListItem","position":3,"name":"\u30d0\u30a4\u30a8\u30eb\u30f3\u30bc\u30ea\u30fc\uff08\u8c5a\u8089\uff09"}]},{"@type":"WebSite","@id":"https:\/\/www.unipatis.fr\/en\/#website","url":"https:\/\/www.unipatis.fr\/en\/","name":"Unipatis","description":"Unipatis Maison est une entreprise familiale sp\u00e9cialis\u00e9e dans la fabrication d&#039;ingr\u00e9dients p\u00e2tissiers et chocolatiers depuis quatre g\u00e9n\u00e9rations.","publisher":{"@id":"https:\/\/www.unipatis.fr\/en\/#organization"},"potentialAction":[{"@type":"SearchAction","target":{"@type":"EntryPoint","urlTemplate":"https:\/\/www.unipatis.fr\/en\/?s={search_term_string}"},"query-input":{"@type":"PropertyValueSpecification","valueRequired":true,"valueName":"search_term_string"}}],"inLanguage":"ja"},{"@type":"Organization","@id":"https:\/\/www.unipatis.fr\/en\/#organization","name":"Unipatis","url":"https:\/\/www.unipatis.fr\/en\/","logo":{"@type":"ImageObject","inLanguage":"ja","@id":"https:\/\/www.unipatis.fr\/en\/#\/schema\/logo\/image\/","url":"https:\/\/www.unipatis.fr\/wp-content\/uploads\/2021\/10\/UNIPATIS_logo_flag_2021-1.svg","contentUrl":"https:\/\/www.unipatis.fr\/wp-content\/uploads\/2021\/10\/UNIPATIS_logo_flag_2021-1.svg","width":150,"height":184,"caption":"Unipatis"},"image":{"@id":"https:\/\/www.unipatis.fr\/en\/#\/schema\/logo\/image\/"},"sameAs":["https:\/\/www.facebook.com\/unipatis","https:\/\/www.instagram.com\/unipatis","https:\/\/www.youtube.com\/@Unipatis"]}]}},"_links":{"self":[{"href":"https:\/\/www.unipatis.fr\/ja\/wp-json\/wp\/v2\/product\/13069","targetHints":{"allow":["GET"]}}],"collection":[{"href":"https:\/\/www.unipatis.fr\/ja\/wp-json\/wp\/v2\/product"}],"about":[{"href":"https:\/\/www.unipatis.fr\/ja\/wp-json\/wp\/v2\/types\/product"}],"replies":[{"embeddable":true,"href":"https:\/\/www.unipatis.fr\/ja\/wp-json\/wp\/v2\/comments?post=13069"}],"version-history":[{"count":1,"href":"https:\/\/www.unipatis.fr\/ja\/wp-json\/wp\/v2\/product\/13069\/revisions"}],"predecessor-version":[{"id":27217,"href":"https:\/\/www.unipatis.fr\/ja\/wp-json\/wp\/v2\/product\/13069\/revisions\/27217"}],"wp:featuredmedia":[{"embeddable":true,"href":"https:\/\/www.unipatis.fr\/ja\/wp-json\/wp\/v2\/media\/21623"}],"wp:attachment":[{"href":"https:\/\/www.unipatis.fr\/ja\/wp-json\/wp\/v2\/media?parent=13069"}],"wp:term":[{"taxonomy":"product_brand","embeddable":true,"href":"https:\/\/www.unipatis.fr\/ja\/wp-json\/wp\/v2\/product_brand?post=13069"},{"taxonomy":"product_cat","embeddable":true,"href":"https:\/\/www.unipatis.fr\/ja\/wp-json\/wp\/v2\/product_cat?post=13069"},{"taxonomy":"product_tag","embeddable":true,"href":"https:\/\/www.unipatis.fr\/ja\/wp-json\/wp\/v2\/product_tag?post=13069"}],"curies":[{"name":"wp","href":"https:\/\/api.w.org\/{rel}","templated":true}]}}