{"id":13445,"date":"2022-02-11T12:11:58","date_gmt":"2022-02-11T11:11:58","guid":{"rendered":"https:\/\/www.unipatis.fr\/produit\/%e3%83%87%e3%82%b6%e3%83%bc%e3%83%88%e3%82%bc%e3%83%aa%e3%83%bc%ef%bc%88%e9%87%8e%e8%8f%9c%ef%bc%89-4\/"},"modified":"2026-04-10T12:18:46","modified_gmt":"2026-04-10T10:18:46","slug":"%e3%83%87%e3%82%b6%e3%83%bc%e3%83%88%e3%82%bc%e3%83%aa%e3%83%bc%ef%bc%88%e9%87%8e%e8%8f%9c%ef%bc%89-4","status":"publish","type":"product","link":"https:\/\/www.unipatis.fr\/ja\/produit\/%e3%83%87%e3%82%b6%e3%83%bc%e3%83%88%e3%82%bc%e3%83%aa%e3%83%bc%ef%bc%88%e9%87%8e%e8%8f%9c%ef%bc%89-4\/","title":{"rendered":"\u30c7\u30b6\u30fc\u30c8\u30bc\u30ea\u30fc"},"content":{"rendered":"","protected":false},"excerpt":{"rendered":"<p>\u30e0\u30fc\u30b9\u3001\u30d0\u30d0\u30ed\u30a2\u3001\u30b7\u30e3\u30eb\u30ed\u30c3\u30c8\u306e\u4e0b\u3054\u3057\u3089\u3048\u3002<br \/>\n\u7d14\u690d\u7269\u6027\u306e\u30b2\u30eb\u5316\u5264\u3067\u4f5c\u3089\u308c\u305f\u3053\u306e\u30df\u30c3\u30af\u30b9\u306f\u3001\u30d9\u30b8\u30bf\u30ea\u30a2\u30f3\u98df\u306b\u9069\u3057\u3066\u3044\u308b\u3002<\/p>\n","protected":false},"featured_media":21607,"comment_status":"closed","ping_status":"closed","template":"","meta":{"_acf_changed":false,"inline_featured_image":false},"product_brand":[],"product_cat":[462,426,464,514],"product_tag":[],"class_list":{"0":"post-13445","1":"product","2":"type-product","3":"status-publish","4":"has-post-thumbnail","6":"product_cat-12--2","7":"product_cat-13-","8":"product_cat-464","9":"product_cat-514","10":"sales-flash-overlay","11":"woocommerce-text-align-center","12":"woocommerce-image-align-center","13":"do-quantity-buttons","15":"first","16":"instock","17":"product-type-simple"},"acf":[],"yoast_head":"<!-- This site is optimized with the Yoast SEO plugin v27.2 - https:\/\/yoast.com\/product\/yoast-seo-wordpress\/ -->\n<title>\u30c7\u30b6\u30fc\u30c8\u30bc\u30ea\u30fc - Unipatis<\/title>\n<meta name=\"description\" content=\"\u30d7\u30ed\u30d5\u30a7\u30c3\u30b7\u30e7\u30ca\u30eb\u306a\u30d7\u30e9\u30ea\u30cd\u30fb\u30e0\u30fc\u30b9\u306e\u6e96\u5099\u3002\u8efd\u304f\u3001\u30b7\u30e3\u30fc\u30d7\u306a\u30c6\u30af\u30b9\u30c1\u30e3\u30fc\u3001\u91ce\u83dc\u30d9\u30fc\u30b9\u3067\u4f7f\u3044\u3084\u3059\u3044\u3002\u30a2\u30f3\u30c8\u30eb\u30e1\u3001\u30d0\u30d0\u30ed\u30a2\u3001\u30b7\u30e3\u30eb\u30ed\u30c3\u30c8\u306a\u3069\u306b\u6700\u9069\u300225kg\u888b\" \/>\n<meta name=\"robots\" content=\"index, follow, max-snippet:-1, max-image-preview:large, max-video-preview:-1\" \/>\n<link rel=\"canonical\" href=\"https:\/\/www.unipatis.fr\/ja\/produit\/\u30c7\u30b6\u30fc\u30c8\u30bc\u30ea\u30fc\uff08\u91ce\u83dc\uff09-4\/\" \/>\n<meta property=\"og:locale\" content=\"ja_JP\" \/>\n<meta property=\"og:type\" content=\"article\" \/>\n<meta property=\"og:title\" content=\"\u30c7\u30b6\u30fc\u30c8\u30bc\u30ea\u30fc - Unipatis\" \/>\n<meta property=\"og:description\" content=\"\u30d7\u30ed\u30d5\u30a7\u30c3\u30b7\u30e7\u30ca\u30eb\u306a\u30d7\u30e9\u30ea\u30cd\u30fb\u30e0\u30fc\u30b9\u306e\u6e96\u5099\u3002\u8efd\u304f\u3001\u30b7\u30e3\u30fc\u30d7\u306a\u30c6\u30af\u30b9\u30c1\u30e3\u30fc\u3001\u91ce\u83dc\u30d9\u30fc\u30b9\u3067\u4f7f\u3044\u3084\u3059\u3044\u3002\u30a2\u30f3\u30c8\u30eb\u30e1\u3001\u30d0\u30d0\u30ed\u30a2\u3001\u30b7\u30e3\u30eb\u30ed\u30c3\u30c8\u306a\u3069\u306b\u6700\u9069\u300225kg\u888b\" \/>\n<meta property=\"og:url\" content=\"https:\/\/www.unipatis.fr\/ja\/produit\/\u30c7\u30b6\u30fc\u30c8\u30bc\u30ea\u30fc\uff08\u91ce\u83dc\uff09-4\/\" \/>\n<meta property=\"og:site_name\" content=\"Unipatis\" \/>\n<meta property=\"article:publisher\" content=\"https:\/\/www.facebook.com\/unipatis\" \/>\n<meta property=\"article:modified_time\" content=\"2026-04-10T10:18:46+00:00\" \/>\n<meta property=\"og:image\" content=\"https:\/\/www.unipatis.fr\/wp-content\/uploads\/2022\/02\/SAC_gelee_dessert-vegetale_octibre2024-2.png\" \/>\n\t<meta property=\"og:image:width\" content=\"1000\" \/>\n\t<meta property=\"og:image:height\" content=\"1000\" \/>\n\t<meta property=\"og:image:type\" content=\"image\/png\" \/>\n<meta name=\"twitter:card\" content=\"summary_large_image\" \/>\n<script type=\"application\/ld+json\" class=\"yoast-schema-graph\">{\"@context\":\"https:\/\/schema.org\",\"@graph\":[{\"@type\":\"WebPage\",\"@id\":\"https:\/\/www.unipatis.fr\/ja\/produit\/%e3%83%87%e3%82%b6%e3%83%bc%e3%83%88%e3%82%bc%e3%83%aa%e3%83%bc%ef%bc%88%e9%87%8e%e8%8f%9c%ef%bc%89-4\/\",\"url\":\"https:\/\/www.unipatis.fr\/ja\/produit\/%e3%83%87%e3%82%b6%e3%83%bc%e3%83%88%e3%82%bc%e3%83%aa%e3%83%bc%ef%bc%88%e9%87%8e%e8%8f%9c%ef%bc%89-4\/\",\"name\":\"\u30c7\u30b6\u30fc\u30c8\u30bc\u30ea\u30fc - Unipatis\",\"isPartOf\":{\"@id\":\"https:\/\/www.unipatis.fr\/en\/#website\"},\"primaryImageOfPage\":{\"@id\":\"https:\/\/www.unipatis.fr\/ja\/produit\/%e3%83%87%e3%82%b6%e3%83%bc%e3%83%88%e3%82%bc%e3%83%aa%e3%83%bc%ef%bc%88%e9%87%8e%e8%8f%9c%ef%bc%89-4\/#primaryimage\"},\"image\":{\"@id\":\"https:\/\/www.unipatis.fr\/ja\/produit\/%e3%83%87%e3%82%b6%e3%83%bc%e3%83%88%e3%82%bc%e3%83%aa%e3%83%bc%ef%bc%88%e9%87%8e%e8%8f%9c%ef%bc%89-4\/#primaryimage\"},\"thumbnailUrl\":\"https:\/\/www.unipatis.fr\/wp-content\/uploads\/2022\/02\/SAC_gelee_dessert-vegetale_octibre2024-2.png\",\"datePublished\":\"2022-02-11T11:11:58+00:00\",\"dateModified\":\"2026-04-10T10:18:46+00:00\",\"description\":\"\u30d7\u30ed\u30d5\u30a7\u30c3\u30b7\u30e7\u30ca\u30eb\u306a\u30d7\u30e9\u30ea\u30cd\u30fb\u30e0\u30fc\u30b9\u306e\u6e96\u5099\u3002\u8efd\u304f\u3001\u30b7\u30e3\u30fc\u30d7\u306a\u30c6\u30af\u30b9\u30c1\u30e3\u30fc\u3001\u91ce\u83dc\u30d9\u30fc\u30b9\u3067\u4f7f\u3044\u3084\u3059\u3044\u3002\u30a2\u30f3\u30c8\u30eb\u30e1\u3001\u30d0\u30d0\u30ed\u30a2\u3001\u30b7\u30e3\u30eb\u30ed\u30c3\u30c8\u306a\u3069\u306b\u6700\u9069\u300225kg\u888b\",\"breadcrumb\":{\"@id\":\"https:\/\/www.unipatis.fr\/ja\/produit\/%e3%83%87%e3%82%b6%e3%83%bc%e3%83%88%e3%82%bc%e3%83%aa%e3%83%bc%ef%bc%88%e9%87%8e%e8%8f%9c%ef%bc%89-4\/#breadcrumb\"},\"inLanguage\":\"ja\",\"potentialAction\":[{\"@type\":\"ReadAction\",\"target\":[\"https:\/\/www.unipatis.fr\/ja\/produit\/%e3%83%87%e3%82%b6%e3%83%bc%e3%83%88%e3%82%bc%e3%83%aa%e3%83%bc%ef%bc%88%e9%87%8e%e8%8f%9c%ef%bc%89-4\/\"]}]},{\"@type\":\"ImageObject\",\"inLanguage\":\"ja\",\"@id\":\"https:\/\/www.unipatis.fr\/ja\/produit\/%e3%83%87%e3%82%b6%e3%83%bc%e3%83%88%e3%82%bc%e3%83%aa%e3%83%bc%ef%bc%88%e9%87%8e%e8%8f%9c%ef%bc%89-4\/#primaryimage\",\"url\":\"https:\/\/www.unipatis.fr\/wp-content\/uploads\/2022\/02\/SAC_gelee_dessert-vegetale_octibre2024-2.png\",\"contentUrl\":\"https:\/\/www.unipatis.fr\/wp-content\/uploads\/2022\/02\/SAC_gelee_dessert-vegetale_octibre2024-2.png\",\"width\":1000,\"height\":1000,\"caption\":\"\u690d\u7269\u6027\u30c7\u30b6\u30fc\u30c8\u30bc\u30ea\u30fc\"},{\"@type\":\"BreadcrumbList\",\"@id\":\"https:\/\/www.unipatis.fr\/ja\/produit\/%e3%83%87%e3%82%b6%e3%83%bc%e3%83%88%e3%82%bc%e3%83%aa%e3%83%bc%ef%bc%88%e9%87%8e%e8%8f%9c%ef%bc%89-4\/#breadcrumb\",\"itemListElement\":[{\"@type\":\"ListItem\",\"position\":1,\"name\":\"Accueil\",\"item\":\"https:\/\/www.unipatis.fr\/ja\/%e3%83%9b%e3%83%bc%e3%83%a0-2\/\"},{\"@type\":\"ListItem\",\"position\":2,\"name\":\"\u30b7\u30e7\u30c3\u30d7\",\"item\":\"https:\/\/www.unipatis.fr\/ja\/%e3%82%b7%e3%83%a7%e3%83%83%e3%83%97\/\"},{\"@type\":\"ListItem\",\"position\":3,\"name\":\"\u30c7\u30b6\u30fc\u30c8\u30bc\u30ea\u30fc\"}]},{\"@type\":\"WebSite\",\"@id\":\"https:\/\/www.unipatis.fr\/en\/#website\",\"url\":\"https:\/\/www.unipatis.fr\/en\/\",\"name\":\"Unipatis\",\"description\":\"Unipatis Maison est une entreprise familiale sp\u00e9cialis\u00e9e dans la fabrication d&#039;ingr\u00e9dients p\u00e2tissiers et chocolatiers depuis quatre g\u00e9n\u00e9rations.\",\"publisher\":{\"@id\":\"https:\/\/www.unipatis.fr\/en\/#organization\"},\"potentialAction\":[{\"@type\":\"SearchAction\",\"target\":{\"@type\":\"EntryPoint\",\"urlTemplate\":\"https:\/\/www.unipatis.fr\/en\/?s={search_term_string}\"},\"query-input\":{\"@type\":\"PropertyValueSpecification\",\"valueRequired\":true,\"valueName\":\"search_term_string\"}}],\"inLanguage\":\"ja\"},{\"@type\":\"Organization\",\"@id\":\"https:\/\/www.unipatis.fr\/en\/#organization\",\"name\":\"Unipatis\",\"url\":\"https:\/\/www.unipatis.fr\/en\/\",\"logo\":{\"@type\":\"ImageObject\",\"inLanguage\":\"ja\",\"@id\":\"https:\/\/www.unipatis.fr\/en\/#\/schema\/logo\/image\/\",\"url\":\"https:\/\/www.unipatis.fr\/wp-content\/uploads\/2021\/10\/UNIPATIS_logo_flag_2021-1.svg\",\"contentUrl\":\"https:\/\/www.unipatis.fr\/wp-content\/uploads\/2021\/10\/UNIPATIS_logo_flag_2021-1.svg\",\"width\":150,\"height\":184,\"caption\":\"Unipatis\"},\"image\":{\"@id\":\"https:\/\/www.unipatis.fr\/en\/#\/schema\/logo\/image\/\"},\"sameAs\":[\"https:\/\/www.facebook.com\/unipatis\",\"https:\/\/www.instagram.com\/unipatis\",\"https:\/\/www.youtube.com\/@Unipatis\"]}]}<\/script>\n<!-- \/ Yoast SEO plugin. -->","yoast_head_json":{"title":"\u30c7\u30b6\u30fc\u30c8\u30bc\u30ea\u30fc - Unipatis","description":"\u30d7\u30ed\u30d5\u30a7\u30c3\u30b7\u30e7\u30ca\u30eb\u306a\u30d7\u30e9\u30ea\u30cd\u30fb\u30e0\u30fc\u30b9\u306e\u6e96\u5099\u3002\u8efd\u304f\u3001\u30b7\u30e3\u30fc\u30d7\u306a\u30c6\u30af\u30b9\u30c1\u30e3\u30fc\u3001\u91ce\u83dc\u30d9\u30fc\u30b9\u3067\u4f7f\u3044\u3084\u3059\u3044\u3002\u30a2\u30f3\u30c8\u30eb\u30e1\u3001\u30d0\u30d0\u30ed\u30a2\u3001\u30b7\u30e3\u30eb\u30ed\u30c3\u30c8\u306a\u3069\u306b\u6700\u9069\u300225kg\u888b","robots":{"index":"index","follow":"follow","max-snippet":"max-snippet:-1","max-image-preview":"max-image-preview:large","max-video-preview":"max-video-preview:-1"},"canonical":"https:\/\/www.unipatis.fr\/ja\/produit\/\u30c7\u30b6\u30fc\u30c8\u30bc\u30ea\u30fc\uff08\u91ce\u83dc\uff09-4\/","og_locale":"ja_JP","og_type":"article","og_title":"\u30c7\u30b6\u30fc\u30c8\u30bc\u30ea\u30fc - Unipatis","og_description":"\u30d7\u30ed\u30d5\u30a7\u30c3\u30b7\u30e7\u30ca\u30eb\u306a\u30d7\u30e9\u30ea\u30cd\u30fb\u30e0\u30fc\u30b9\u306e\u6e96\u5099\u3002\u8efd\u304f\u3001\u30b7\u30e3\u30fc\u30d7\u306a\u30c6\u30af\u30b9\u30c1\u30e3\u30fc\u3001\u91ce\u83dc\u30d9\u30fc\u30b9\u3067\u4f7f\u3044\u3084\u3059\u3044\u3002\u30a2\u30f3\u30c8\u30eb\u30e1\u3001\u30d0\u30d0\u30ed\u30a2\u3001\u30b7\u30e3\u30eb\u30ed\u30c3\u30c8\u306a\u3069\u306b\u6700\u9069\u300225kg\u888b","og_url":"https:\/\/www.unipatis.fr\/ja\/produit\/\u30c7\u30b6\u30fc\u30c8\u30bc\u30ea\u30fc\uff08\u91ce\u83dc\uff09-4\/","og_site_name":"Unipatis","article_publisher":"https:\/\/www.facebook.com\/unipatis","article_modified_time":"2026-04-10T10:18:46+00:00","og_image":[{"width":1000,"height":1000,"url":"https:\/\/www.unipatis.fr\/wp-content\/uploads\/2022\/02\/SAC_gelee_dessert-vegetale_octibre2024-2.png","type":"image\/png"}],"twitter_card":"summary_large_image","schema":{"@context":"https:\/\/schema.org","@graph":[{"@type":"WebPage","@id":"https:\/\/www.unipatis.fr\/ja\/produit\/%e3%83%87%e3%82%b6%e3%83%bc%e3%83%88%e3%82%bc%e3%83%aa%e3%83%bc%ef%bc%88%e9%87%8e%e8%8f%9c%ef%bc%89-4\/","url":"https:\/\/www.unipatis.fr\/ja\/produit\/%e3%83%87%e3%82%b6%e3%83%bc%e3%83%88%e3%82%bc%e3%83%aa%e3%83%bc%ef%bc%88%e9%87%8e%e8%8f%9c%ef%bc%89-4\/","name":"\u30c7\u30b6\u30fc\u30c8\u30bc\u30ea\u30fc - Unipatis","isPartOf":{"@id":"https:\/\/www.unipatis.fr\/en\/#website"},"primaryImageOfPage":{"@id":"https:\/\/www.unipatis.fr\/ja\/produit\/%e3%83%87%e3%82%b6%e3%83%bc%e3%83%88%e3%82%bc%e3%83%aa%e3%83%bc%ef%bc%88%e9%87%8e%e8%8f%9c%ef%bc%89-4\/#primaryimage"},"image":{"@id":"https:\/\/www.unipatis.fr\/ja\/produit\/%e3%83%87%e3%82%b6%e3%83%bc%e3%83%88%e3%82%bc%e3%83%aa%e3%83%bc%ef%bc%88%e9%87%8e%e8%8f%9c%ef%bc%89-4\/#primaryimage"},"thumbnailUrl":"https:\/\/www.unipatis.fr\/wp-content\/uploads\/2022\/02\/SAC_gelee_dessert-vegetale_octibre2024-2.png","datePublished":"2022-02-11T11:11:58+00:00","dateModified":"2026-04-10T10:18:46+00:00","description":"\u30d7\u30ed\u30d5\u30a7\u30c3\u30b7\u30e7\u30ca\u30eb\u306a\u30d7\u30e9\u30ea\u30cd\u30fb\u30e0\u30fc\u30b9\u306e\u6e96\u5099\u3002\u8efd\u304f\u3001\u30b7\u30e3\u30fc\u30d7\u306a\u30c6\u30af\u30b9\u30c1\u30e3\u30fc\u3001\u91ce\u83dc\u30d9\u30fc\u30b9\u3067\u4f7f\u3044\u3084\u3059\u3044\u3002\u30a2\u30f3\u30c8\u30eb\u30e1\u3001\u30d0\u30d0\u30ed\u30a2\u3001\u30b7\u30e3\u30eb\u30ed\u30c3\u30c8\u306a\u3069\u306b\u6700\u9069\u300225kg\u888b","breadcrumb":{"@id":"https:\/\/www.unipatis.fr\/ja\/produit\/%e3%83%87%e3%82%b6%e3%83%bc%e3%83%88%e3%82%bc%e3%83%aa%e3%83%bc%ef%bc%88%e9%87%8e%e8%8f%9c%ef%bc%89-4\/#breadcrumb"},"inLanguage":"ja","potentialAction":[{"@type":"ReadAction","target":["https:\/\/www.unipatis.fr\/ja\/produit\/%e3%83%87%e3%82%b6%e3%83%bc%e3%83%88%e3%82%bc%e3%83%aa%e3%83%bc%ef%bc%88%e9%87%8e%e8%8f%9c%ef%bc%89-4\/"]}]},{"@type":"ImageObject","inLanguage":"ja","@id":"https:\/\/www.unipatis.fr\/ja\/produit\/%e3%83%87%e3%82%b6%e3%83%bc%e3%83%88%e3%82%bc%e3%83%aa%e3%83%bc%ef%bc%88%e9%87%8e%e8%8f%9c%ef%bc%89-4\/#primaryimage","url":"https:\/\/www.unipatis.fr\/wp-content\/uploads\/2022\/02\/SAC_gelee_dessert-vegetale_octibre2024-2.png","contentUrl":"https:\/\/www.unipatis.fr\/wp-content\/uploads\/2022\/02\/SAC_gelee_dessert-vegetale_octibre2024-2.png","width":1000,"height":1000,"caption":"\u690d\u7269\u6027\u30c7\u30b6\u30fc\u30c8\u30bc\u30ea\u30fc"},{"@type":"BreadcrumbList","@id":"https:\/\/www.unipatis.fr\/ja\/produit\/%e3%83%87%e3%82%b6%e3%83%bc%e3%83%88%e3%82%bc%e3%83%aa%e3%83%bc%ef%bc%88%e9%87%8e%e8%8f%9c%ef%bc%89-4\/#breadcrumb","itemListElement":[{"@type":"ListItem","position":1,"name":"Accueil","item":"https:\/\/www.unipatis.fr\/ja\/%e3%83%9b%e3%83%bc%e3%83%a0-2\/"},{"@type":"ListItem","position":2,"name":"\u30b7\u30e7\u30c3\u30d7","item":"https:\/\/www.unipatis.fr\/ja\/%e3%82%b7%e3%83%a7%e3%83%83%e3%83%97\/"},{"@type":"ListItem","position":3,"name":"\u30c7\u30b6\u30fc\u30c8\u30bc\u30ea\u30fc"}]},{"@type":"WebSite","@id":"https:\/\/www.unipatis.fr\/en\/#website","url":"https:\/\/www.unipatis.fr\/en\/","name":"Unipatis","description":"Unipatis Maison est une entreprise familiale sp\u00e9cialis\u00e9e dans la fabrication d&#039;ingr\u00e9dients p\u00e2tissiers et chocolatiers depuis quatre g\u00e9n\u00e9rations.","publisher":{"@id":"https:\/\/www.unipatis.fr\/en\/#organization"},"potentialAction":[{"@type":"SearchAction","target":{"@type":"EntryPoint","urlTemplate":"https:\/\/www.unipatis.fr\/en\/?s={search_term_string}"},"query-input":{"@type":"PropertyValueSpecification","valueRequired":true,"valueName":"search_term_string"}}],"inLanguage":"ja"},{"@type":"Organization","@id":"https:\/\/www.unipatis.fr\/en\/#organization","name":"Unipatis","url":"https:\/\/www.unipatis.fr\/en\/","logo":{"@type":"ImageObject","inLanguage":"ja","@id":"https:\/\/www.unipatis.fr\/en\/#\/schema\/logo\/image\/","url":"https:\/\/www.unipatis.fr\/wp-content\/uploads\/2021\/10\/UNIPATIS_logo_flag_2021-1.svg","contentUrl":"https:\/\/www.unipatis.fr\/wp-content\/uploads\/2021\/10\/UNIPATIS_logo_flag_2021-1.svg","width":150,"height":184,"caption":"Unipatis"},"image":{"@id":"https:\/\/www.unipatis.fr\/en\/#\/schema\/logo\/image\/"},"sameAs":["https:\/\/www.facebook.com\/unipatis","https:\/\/www.instagram.com\/unipatis","https:\/\/www.youtube.com\/@Unipatis"]}]}},"_links":{"self":[{"href":"https:\/\/www.unipatis.fr\/ja\/wp-json\/wp\/v2\/product\/13445","targetHints":{"allow":["GET"]}}],"collection":[{"href":"https:\/\/www.unipatis.fr\/ja\/wp-json\/wp\/v2\/product"}],"about":[{"href":"https:\/\/www.unipatis.fr\/ja\/wp-json\/wp\/v2\/types\/product"}],"replies":[{"embeddable":true,"href":"https:\/\/www.unipatis.fr\/ja\/wp-json\/wp\/v2\/comments?post=13445"}],"version-history":[{"count":2,"href":"https:\/\/www.unipatis.fr\/ja\/wp-json\/wp\/v2\/product\/13445\/revisions"}],"predecessor-version":[{"id":27202,"href":"https:\/\/www.unipatis.fr\/ja\/wp-json\/wp\/v2\/product\/13445\/revisions\/27202"}],"wp:featuredmedia":[{"embeddable":true,"href":"https:\/\/www.unipatis.fr\/ja\/wp-json\/wp\/v2\/media\/21607"}],"wp:attachment":[{"href":"https:\/\/www.unipatis.fr\/ja\/wp-json\/wp\/v2\/media?parent=13445"}],"wp:term":[{"taxonomy":"product_brand","embeddable":true,"href":"https:\/\/www.unipatis.fr\/ja\/wp-json\/wp\/v2\/product_brand?post=13445"},{"taxonomy":"product_cat","embeddable":true,"href":"https:\/\/www.unipatis.fr\/ja\/wp-json\/wp\/v2\/product_cat?post=13445"},{"taxonomy":"product_tag","embeddable":true,"href":"https:\/\/www.unipatis.fr\/ja\/wp-json\/wp\/v2\/product_tag?post=13445"}],"curies":[{"name":"wp","href":"https:\/\/api.w.org\/{rel}","templated":true}]}}