{"id":13523,"date":"2022-02-11T12:12:12","date_gmt":"2022-02-11T11:12:12","guid":{"rendered":"https:\/\/www.unipatis.fr\/produit\/%e3%82%a2%e3%82%a4%e3%82%b9%e3%82%af%e3%83%aa%e3%83%bc%e3%83%a0%e3%81%ae%e3%83%86%e3%82%af%e3%82%b9%e3%83%81%e3%83%a3%e3%83%a9%e3%82%a4%e3%82%b6%e3%83%bc\/"},"modified":"2026-04-12T08:29:18","modified_gmt":"2026-04-12T06:29:18","slug":"%e3%82%a2%e3%82%a4%e3%82%b9%e3%82%af%e3%83%aa%e3%83%bc%e3%83%a0%e3%81%ae%e3%83%86%e3%82%af%e3%82%b9%e3%83%81%e3%83%a3%e3%83%a9%e3%82%a4%e3%82%b6%e3%83%bc","status":"publish","type":"product","link":"https:\/\/www.unipatis.fr\/ja\/produit\/%e3%82%a2%e3%82%a4%e3%82%b9%e3%82%af%e3%83%aa%e3%83%bc%e3%83%a0%e3%81%ae%e3%83%86%e3%82%af%e3%82%b9%e3%83%81%e3%83%a3%e3%83%a9%e3%82%a4%e3%82%b6%e3%83%bc\/","title":{"rendered":"\u30a2\u30a4\u30b9\u30af\u30ea\u30fc\u30e0\u30c6\u30af\u30b9\u30c1\u30e3\u30e9\u30a4\u30b6\u30fc"},"content":{"rendered":"","protected":false},"excerpt":{"rendered":"<p>\u5375\u6c37\u3084\u30a2\u30a4\u30b9\u30af\u30ea\u30fc\u30e0\u3092\u3088\u308a\u7f8e\u5473\u3057\u304f\u3059\u308b\u30c6\u30af\u30b9\u30c1\u30e3\u30ea\u30f3\u30b0\u5264\u3002<\/p>\n","protected":false},"featured_media":22006,"comment_status":"closed","ping_status":"closed","template":"","meta":{"_acf_changed":false,"inline_featured_image":false},"product_brand":[],"product_cat":[462,473],"product_tag":[],"class_list":{"0":"post-13523","1":"product","2":"type-product","3":"status-publish","4":"has-post-thumbnail","6":"product_cat-12--2","7":"product_cat-473","8":"sales-flash-overlay","9":"woocommerce-text-align-center","10":"woocommerce-image-align-center","11":"do-quantity-buttons","13":"first","14":"instock","15":"product-type-simple"},"acf":[],"yoast_head":"<!-- This site is optimized with the Yoast SEO plugin v27.2 - https:\/\/yoast.com\/product\/yoast-seo-wordpress\/ -->\n<title>\u30a2\u30a4\u30b9\u30af\u30ea\u30fc\u30e0\u30c6\u30af\u30b9\u30c1\u30e3\u30e9\u30a4\u30b6\u30fc - Unipatis<\/title>\n<meta name=\"robots\" content=\"index, follow, max-snippet:-1, max-image-preview:large, max-video-preview:-1\" \/>\n<link rel=\"canonical\" href=\"https:\/\/www.unipatis.fr\/ja\/produit\/\u30a2\u30a4\u30b9\u30af\u30ea\u30fc\u30e0\u306e\u30c6\u30af\u30b9\u30c1\u30e3\u30e9\u30a4\u30b6\u30fc\/\" \/>\n<meta property=\"og:locale\" content=\"ja_JP\" \/>\n<meta property=\"og:type\" content=\"article\" \/>\n<meta property=\"og:title\" content=\"\u30a2\u30a4\u30b9\u30af\u30ea\u30fc\u30e0\u30c6\u30af\u30b9\u30c1\u30e3\u30e9\u30a4\u30b6\u30fc - Unipatis\" \/>\n<meta property=\"og:description\" content=\"\u5375\u6c37\u3084\u30a2\u30a4\u30b9\u30af\u30ea\u30fc\u30e0\u3092\u3088\u308a\u7f8e\u5473\u3057\u304f\u3059\u308b\u30c6\u30af\u30b9\u30c1\u30e3\u30ea\u30f3\u30b0\u5264\u3002\" \/>\n<meta property=\"og:url\" content=\"https:\/\/www.unipatis.fr\/ja\/produit\/\u30a2\u30a4\u30b9\u30af\u30ea\u30fc\u30e0\u306e\u30c6\u30af\u30b9\u30c1\u30e3\u30e9\u30a4\u30b6\u30fc\/\" \/>\n<meta property=\"og:site_name\" content=\"Unipatis\" \/>\n<meta property=\"article:publisher\" content=\"https:\/\/www.facebook.com\/unipatis\" \/>\n<meta property=\"article:modified_time\" content=\"2026-04-12T06:29:18+00:00\" \/>\n<meta property=\"og:image\" content=\"https:\/\/www.unipatis.fr\/wp-content\/uploads\/2022\/02\/POT_Creme-glacee_texturant_1kg_octobre2024.png\" \/>\n\t<meta property=\"og:image:width\" content=\"1261\" \/>\n\t<meta property=\"og:image:height\" content=\"1179\" \/>\n\t<meta property=\"og:image:type\" content=\"image\/png\" \/>\n<meta name=\"twitter:card\" content=\"summary_large_image\" \/>\n<script type=\"application\/ld+json\" class=\"yoast-schema-graph\">{\"@context\":\"https:\/\/schema.org\",\"@graph\":[{\"@type\":\"WebPage\",\"@id\":\"https:\/\/www.unipatis.fr\/ja\/produit\/%e3%82%a2%e3%82%a4%e3%82%b9%e3%82%af%e3%83%aa%e3%83%bc%e3%83%a0%e3%81%ae%e3%83%86%e3%82%af%e3%82%b9%e3%83%81%e3%83%a3%e3%83%a9%e3%82%a4%e3%82%b6%e3%83%bc\/\",\"url\":\"https:\/\/www.unipatis.fr\/ja\/produit\/%e3%82%a2%e3%82%a4%e3%82%b9%e3%82%af%e3%83%aa%e3%83%bc%e3%83%a0%e3%81%ae%e3%83%86%e3%82%af%e3%82%b9%e3%83%81%e3%83%a3%e3%83%a9%e3%82%a4%e3%82%b6%e3%83%bc\/\",\"name\":\"\u30a2\u30a4\u30b9\u30af\u30ea\u30fc\u30e0\u30c6\u30af\u30b9\u30c1\u30e3\u30e9\u30a4\u30b6\u30fc - Unipatis\",\"isPartOf\":{\"@id\":\"https:\/\/www.unipatis.fr\/en\/#website\"},\"primaryImageOfPage\":{\"@id\":\"https:\/\/www.unipatis.fr\/ja\/produit\/%e3%82%a2%e3%82%a4%e3%82%b9%e3%82%af%e3%83%aa%e3%83%bc%e3%83%a0%e3%81%ae%e3%83%86%e3%82%af%e3%82%b9%e3%83%81%e3%83%a3%e3%83%a9%e3%82%a4%e3%82%b6%e3%83%bc\/#primaryimage\"},\"image\":{\"@id\":\"https:\/\/www.unipatis.fr\/ja\/produit\/%e3%82%a2%e3%82%a4%e3%82%b9%e3%82%af%e3%83%aa%e3%83%bc%e3%83%a0%e3%81%ae%e3%83%86%e3%82%af%e3%82%b9%e3%83%81%e3%83%a3%e3%83%a9%e3%82%a4%e3%82%b6%e3%83%bc\/#primaryimage\"},\"thumbnailUrl\":\"https:\/\/www.unipatis.fr\/wp-content\/uploads\/2022\/02\/POT_Creme-glacee_texturant_1kg_octobre2024.png\",\"datePublished\":\"2022-02-11T11:12:12+00:00\",\"dateModified\":\"2026-04-12T06:29:18+00:00\",\"breadcrumb\":{\"@id\":\"https:\/\/www.unipatis.fr\/ja\/produit\/%e3%82%a2%e3%82%a4%e3%82%b9%e3%82%af%e3%83%aa%e3%83%bc%e3%83%a0%e3%81%ae%e3%83%86%e3%82%af%e3%82%b9%e3%83%81%e3%83%a3%e3%83%a9%e3%82%a4%e3%82%b6%e3%83%bc\/#breadcrumb\"},\"inLanguage\":\"ja\",\"potentialAction\":[{\"@type\":\"ReadAction\",\"target\":[\"https:\/\/www.unipatis.fr\/ja\/produit\/%e3%82%a2%e3%82%a4%e3%82%b9%e3%82%af%e3%83%aa%e3%83%bc%e3%83%a0%e3%81%ae%e3%83%86%e3%82%af%e3%82%b9%e3%83%81%e3%83%a3%e3%83%a9%e3%82%a4%e3%82%b6%e3%83%bc\/\"]}]},{\"@type\":\"ImageObject\",\"inLanguage\":\"ja\",\"@id\":\"https:\/\/www.unipatis.fr\/ja\/produit\/%e3%82%a2%e3%82%a4%e3%82%b9%e3%82%af%e3%83%aa%e3%83%bc%e3%83%a0%e3%81%ae%e3%83%86%e3%82%af%e3%82%b9%e3%83%81%e3%83%a3%e3%83%a9%e3%82%a4%e3%82%b6%e3%83%bc\/#primaryimage\",\"url\":\"https:\/\/www.unipatis.fr\/wp-content\/uploads\/2022\/02\/POT_Creme-glacee_texturant_1kg_octobre2024.png\",\"contentUrl\":\"https:\/\/www.unipatis.fr\/wp-content\/uploads\/2022\/02\/POT_Creme-glacee_texturant_1kg_octobre2024.png\",\"width\":1261,\"height\":1179,\"caption\":\"\u30e6\u30cb\u30d1\u30c6\u30a3\u30b9\u30fb\u30c6\u30af\u30b9\u30c1\u30e5\u30e9\u30f3\u30c8\u30fb\u30ec\u30fc\u30e0\u30fb\u30b0\u30e9\u30c3\u30bb\"},{\"@type\":\"BreadcrumbList\",\"@id\":\"https:\/\/www.unipatis.fr\/ja\/produit\/%e3%82%a2%e3%82%a4%e3%82%b9%e3%82%af%e3%83%aa%e3%83%bc%e3%83%a0%e3%81%ae%e3%83%86%e3%82%af%e3%82%b9%e3%83%81%e3%83%a3%e3%83%a9%e3%82%a4%e3%82%b6%e3%83%bc\/#breadcrumb\",\"itemListElement\":[{\"@type\":\"ListItem\",\"position\":1,\"name\":\"Accueil\",\"item\":\"https:\/\/www.unipatis.fr\/ja\/%e3%83%9b%e3%83%bc%e3%83%a0-2\/\"},{\"@type\":\"ListItem\",\"position\":2,\"name\":\"\u30b7\u30e7\u30c3\u30d7\",\"item\":\"https:\/\/www.unipatis.fr\/ja\/%e3%82%b7%e3%83%a7%e3%83%83%e3%83%97\/\"},{\"@type\":\"ListItem\",\"position\":3,\"name\":\"\u30a2\u30a4\u30b9\u30af\u30ea\u30fc\u30e0\u30c6\u30af\u30b9\u30c1\u30e3\u30e9\u30a4\u30b6\u30fc\"}]},{\"@type\":\"WebSite\",\"@id\":\"https:\/\/www.unipatis.fr\/en\/#website\",\"url\":\"https:\/\/www.unipatis.fr\/en\/\",\"name\":\"Unipatis\",\"description\":\"Unipatis Maison est une entreprise familiale sp\u00e9cialis\u00e9e dans la fabrication d&#039;ingr\u00e9dients p\u00e2tissiers et chocolatiers depuis quatre g\u00e9n\u00e9rations.\",\"publisher\":{\"@id\":\"https:\/\/www.unipatis.fr\/en\/#organization\"},\"potentialAction\":[{\"@type\":\"SearchAction\",\"target\":{\"@type\":\"EntryPoint\",\"urlTemplate\":\"https:\/\/www.unipatis.fr\/en\/?s={search_term_string}\"},\"query-input\":{\"@type\":\"PropertyValueSpecification\",\"valueRequired\":true,\"valueName\":\"search_term_string\"}}],\"inLanguage\":\"ja\"},{\"@type\":\"Organization\",\"@id\":\"https:\/\/www.unipatis.fr\/en\/#organization\",\"name\":\"Unipatis\",\"url\":\"https:\/\/www.unipatis.fr\/en\/\",\"logo\":{\"@type\":\"ImageObject\",\"inLanguage\":\"ja\",\"@id\":\"https:\/\/www.unipatis.fr\/en\/#\/schema\/logo\/image\/\",\"url\":\"https:\/\/www.unipatis.fr\/wp-content\/uploads\/2021\/10\/UNIPATIS_logo_flag_2021-1.svg\",\"contentUrl\":\"https:\/\/www.unipatis.fr\/wp-content\/uploads\/2021\/10\/UNIPATIS_logo_flag_2021-1.svg\",\"width\":150,\"height\":184,\"caption\":\"Unipatis\"},\"image\":{\"@id\":\"https:\/\/www.unipatis.fr\/en\/#\/schema\/logo\/image\/\"},\"sameAs\":[\"https:\/\/www.facebook.com\/unipatis\",\"https:\/\/www.instagram.com\/unipatis\",\"https:\/\/www.youtube.com\/@Unipatis\"]}]}<\/script>\n<!-- \/ Yoast SEO plugin. -->","yoast_head_json":{"title":"\u30a2\u30a4\u30b9\u30af\u30ea\u30fc\u30e0\u30c6\u30af\u30b9\u30c1\u30e3\u30e9\u30a4\u30b6\u30fc - Unipatis","robots":{"index":"index","follow":"follow","max-snippet":"max-snippet:-1","max-image-preview":"max-image-preview:large","max-video-preview":"max-video-preview:-1"},"canonical":"https:\/\/www.unipatis.fr\/ja\/produit\/\u30a2\u30a4\u30b9\u30af\u30ea\u30fc\u30e0\u306e\u30c6\u30af\u30b9\u30c1\u30e3\u30e9\u30a4\u30b6\u30fc\/","og_locale":"ja_JP","og_type":"article","og_title":"\u30a2\u30a4\u30b9\u30af\u30ea\u30fc\u30e0\u30c6\u30af\u30b9\u30c1\u30e3\u30e9\u30a4\u30b6\u30fc - Unipatis","og_description":"\u5375\u6c37\u3084\u30a2\u30a4\u30b9\u30af\u30ea\u30fc\u30e0\u3092\u3088\u308a\u7f8e\u5473\u3057\u304f\u3059\u308b\u30c6\u30af\u30b9\u30c1\u30e3\u30ea\u30f3\u30b0\u5264\u3002","og_url":"https:\/\/www.unipatis.fr\/ja\/produit\/\u30a2\u30a4\u30b9\u30af\u30ea\u30fc\u30e0\u306e\u30c6\u30af\u30b9\u30c1\u30e3\u30e9\u30a4\u30b6\u30fc\/","og_site_name":"Unipatis","article_publisher":"https:\/\/www.facebook.com\/unipatis","article_modified_time":"2026-04-12T06:29:18+00:00","og_image":[{"width":1261,"height":1179,"url":"https:\/\/www.unipatis.fr\/wp-content\/uploads\/2022\/02\/POT_Creme-glacee_texturant_1kg_octobre2024.png","type":"image\/png"}],"twitter_card":"summary_large_image","schema":{"@context":"https:\/\/schema.org","@graph":[{"@type":"WebPage","@id":"https:\/\/www.unipatis.fr\/ja\/produit\/%e3%82%a2%e3%82%a4%e3%82%b9%e3%82%af%e3%83%aa%e3%83%bc%e3%83%a0%e3%81%ae%e3%83%86%e3%82%af%e3%82%b9%e3%83%81%e3%83%a3%e3%83%a9%e3%82%a4%e3%82%b6%e3%83%bc\/","url":"https:\/\/www.unipatis.fr\/ja\/produit\/%e3%82%a2%e3%82%a4%e3%82%b9%e3%82%af%e3%83%aa%e3%83%bc%e3%83%a0%e3%81%ae%e3%83%86%e3%82%af%e3%82%b9%e3%83%81%e3%83%a3%e3%83%a9%e3%82%a4%e3%82%b6%e3%83%bc\/","name":"\u30a2\u30a4\u30b9\u30af\u30ea\u30fc\u30e0\u30c6\u30af\u30b9\u30c1\u30e3\u30e9\u30a4\u30b6\u30fc - Unipatis","isPartOf":{"@id":"https:\/\/www.unipatis.fr\/en\/#website"},"primaryImageOfPage":{"@id":"https:\/\/www.unipatis.fr\/ja\/produit\/%e3%82%a2%e3%82%a4%e3%82%b9%e3%82%af%e3%83%aa%e3%83%bc%e3%83%a0%e3%81%ae%e3%83%86%e3%82%af%e3%82%b9%e3%83%81%e3%83%a3%e3%83%a9%e3%82%a4%e3%82%b6%e3%83%bc\/#primaryimage"},"image":{"@id":"https:\/\/www.unipatis.fr\/ja\/produit\/%e3%82%a2%e3%82%a4%e3%82%b9%e3%82%af%e3%83%aa%e3%83%bc%e3%83%a0%e3%81%ae%e3%83%86%e3%82%af%e3%82%b9%e3%83%81%e3%83%a3%e3%83%a9%e3%82%a4%e3%82%b6%e3%83%bc\/#primaryimage"},"thumbnailUrl":"https:\/\/www.unipatis.fr\/wp-content\/uploads\/2022\/02\/POT_Creme-glacee_texturant_1kg_octobre2024.png","datePublished":"2022-02-11T11:12:12+00:00","dateModified":"2026-04-12T06:29:18+00:00","breadcrumb":{"@id":"https:\/\/www.unipatis.fr\/ja\/produit\/%e3%82%a2%e3%82%a4%e3%82%b9%e3%82%af%e3%83%aa%e3%83%bc%e3%83%a0%e3%81%ae%e3%83%86%e3%82%af%e3%82%b9%e3%83%81%e3%83%a3%e3%83%a9%e3%82%a4%e3%82%b6%e3%83%bc\/#breadcrumb"},"inLanguage":"ja","potentialAction":[{"@type":"ReadAction","target":["https:\/\/www.unipatis.fr\/ja\/produit\/%e3%82%a2%e3%82%a4%e3%82%b9%e3%82%af%e3%83%aa%e3%83%bc%e3%83%a0%e3%81%ae%e3%83%86%e3%82%af%e3%82%b9%e3%83%81%e3%83%a3%e3%83%a9%e3%82%a4%e3%82%b6%e3%83%bc\/"]}]},{"@type":"ImageObject","inLanguage":"ja","@id":"https:\/\/www.unipatis.fr\/ja\/produit\/%e3%82%a2%e3%82%a4%e3%82%b9%e3%82%af%e3%83%aa%e3%83%bc%e3%83%a0%e3%81%ae%e3%83%86%e3%82%af%e3%82%b9%e3%83%81%e3%83%a3%e3%83%a9%e3%82%a4%e3%82%b6%e3%83%bc\/#primaryimage","url":"https:\/\/www.unipatis.fr\/wp-content\/uploads\/2022\/02\/POT_Creme-glacee_texturant_1kg_octobre2024.png","contentUrl":"https:\/\/www.unipatis.fr\/wp-content\/uploads\/2022\/02\/POT_Creme-glacee_texturant_1kg_octobre2024.png","width":1261,"height":1179,"caption":"\u30e6\u30cb\u30d1\u30c6\u30a3\u30b9\u30fb\u30c6\u30af\u30b9\u30c1\u30e5\u30e9\u30f3\u30c8\u30fb\u30ec\u30fc\u30e0\u30fb\u30b0\u30e9\u30c3\u30bb"},{"@type":"BreadcrumbList","@id":"https:\/\/www.unipatis.fr\/ja\/produit\/%e3%82%a2%e3%82%a4%e3%82%b9%e3%82%af%e3%83%aa%e3%83%bc%e3%83%a0%e3%81%ae%e3%83%86%e3%82%af%e3%82%b9%e3%83%81%e3%83%a3%e3%83%a9%e3%82%a4%e3%82%b6%e3%83%bc\/#breadcrumb","itemListElement":[{"@type":"ListItem","position":1,"name":"Accueil","item":"https:\/\/www.unipatis.fr\/ja\/%e3%83%9b%e3%83%bc%e3%83%a0-2\/"},{"@type":"ListItem","position":2,"name":"\u30b7\u30e7\u30c3\u30d7","item":"https:\/\/www.unipatis.fr\/ja\/%e3%82%b7%e3%83%a7%e3%83%83%e3%83%97\/"},{"@type":"ListItem","position":3,"name":"\u30a2\u30a4\u30b9\u30af\u30ea\u30fc\u30e0\u30c6\u30af\u30b9\u30c1\u30e3\u30e9\u30a4\u30b6\u30fc"}]},{"@type":"WebSite","@id":"https:\/\/www.unipatis.fr\/en\/#website","url":"https:\/\/www.unipatis.fr\/en\/","name":"Unipatis","description":"Unipatis Maison est une entreprise familiale sp\u00e9cialis\u00e9e dans la fabrication d&#039;ingr\u00e9dients p\u00e2tissiers et chocolatiers depuis quatre g\u00e9n\u00e9rations.","publisher":{"@id":"https:\/\/www.unipatis.fr\/en\/#organization"},"potentialAction":[{"@type":"SearchAction","target":{"@type":"EntryPoint","urlTemplate":"https:\/\/www.unipatis.fr\/en\/?s={search_term_string}"},"query-input":{"@type":"PropertyValueSpecification","valueRequired":true,"valueName":"search_term_string"}}],"inLanguage":"ja"},{"@type":"Organization","@id":"https:\/\/www.unipatis.fr\/en\/#organization","name":"Unipatis","url":"https:\/\/www.unipatis.fr\/en\/","logo":{"@type":"ImageObject","inLanguage":"ja","@id":"https:\/\/www.unipatis.fr\/en\/#\/schema\/logo\/image\/","url":"https:\/\/www.unipatis.fr\/wp-content\/uploads\/2021\/10\/UNIPATIS_logo_flag_2021-1.svg","contentUrl":"https:\/\/www.unipatis.fr\/wp-content\/uploads\/2021\/10\/UNIPATIS_logo_flag_2021-1.svg","width":150,"height":184,"caption":"Unipatis"},"image":{"@id":"https:\/\/www.unipatis.fr\/en\/#\/schema\/logo\/image\/"},"sameAs":["https:\/\/www.facebook.com\/unipatis","https:\/\/www.instagram.com\/unipatis","https:\/\/www.youtube.com\/@Unipatis"]}]}},"_links":{"self":[{"href":"https:\/\/www.unipatis.fr\/ja\/wp-json\/wp\/v2\/product\/13523","targetHints":{"allow":["GET"]}}],"collection":[{"href":"https:\/\/www.unipatis.fr\/ja\/wp-json\/wp\/v2\/product"}],"about":[{"href":"https:\/\/www.unipatis.fr\/ja\/wp-json\/wp\/v2\/types\/product"}],"replies":[{"embeddable":true,"href":"https:\/\/www.unipatis.fr\/ja\/wp-json\/wp\/v2\/comments?post=13523"}],"version-history":[{"count":2,"href":"https:\/\/www.unipatis.fr\/ja\/wp-json\/wp\/v2\/product\/13523\/revisions"}],"predecessor-version":[{"id":27750,"href":"https:\/\/www.unipatis.fr\/ja\/wp-json\/wp\/v2\/product\/13523\/revisions\/27750"}],"wp:featuredmedia":[{"embeddable":true,"href":"https:\/\/www.unipatis.fr\/ja\/wp-json\/wp\/v2\/media\/22006"}],"wp:attachment":[{"href":"https:\/\/www.unipatis.fr\/ja\/wp-json\/wp\/v2\/media?parent=13523"}],"wp:term":[{"taxonomy":"product_brand","embeddable":true,"href":"https:\/\/www.unipatis.fr\/ja\/wp-json\/wp\/v2\/product_brand?post=13523"},{"taxonomy":"product_cat","embeddable":true,"href":"https:\/\/www.unipatis.fr\/ja\/wp-json\/wp\/v2\/product_cat?post=13523"},{"taxonomy":"product_tag","embeddable":true,"href":"https:\/\/www.unipatis.fr\/ja\/wp-json\/wp\/v2\/product_tag?post=13523"}],"curies":[{"name":"wp","href":"https:\/\/api.w.org\/{rel}","templated":true}]}}