{"id":13815,"date":"2022-02-11T12:11:14","date_gmt":"2022-02-11T11:11:14","guid":{"rendered":"https:\/\/www.unipatis.fr\/produit\/%e3%82%ad%e3%83%a3%e3%83%a9%e3%83%a1%e3%83%aa%e3%82%bc%e3%83%bb%e3%83%94%e3%83%bc%e3%82%ab%e3%83%b3%e3%83%bb%e3%83%97%e3%83%a9%e3%83%aa%e3%83%8d50%ef%bc%85%ef%bc%88%e3%83%95%e3%83%a9%e3%83%b3-2\/"},"modified":"2026-03-12T09:55:57","modified_gmt":"2026-03-12T08:55:57","slug":"%e3%82%ad%e3%83%a3%e3%83%a9%e3%83%a1%e3%83%aa%e3%82%bc%e3%83%bb%e3%83%94%e3%83%bc%e3%82%ab%e3%83%b3%e3%83%bb%e3%83%97%e3%83%a9%e3%83%aa%e3%83%8d50%ef%bc%85%ef%bc%88%e3%83%95%e3%83%a9%e3%83%b3-2","status":"publish","type":"product","link":"https:\/\/www.unipatis.fr\/ja\/produit\/%e3%82%ad%e3%83%a3%e3%83%a9%e3%83%a1%e3%83%aa%e3%82%bc%e3%83%bb%e3%83%94%e3%83%bc%e3%82%ab%e3%83%b3%e3%83%bb%e3%83%97%e3%83%a9%e3%83%aa%e3%83%8d50%ef%bc%85%ef%bc%88%e3%83%95%e3%83%a9%e3%83%b3-2\/","title":{"rendered":"\u30ad\u30e3\u30e9\u30e1\u30ea\u30bc\u30fb\u30d4\u30fc\u30ab\u30f3\u30fb\u30d7\u30e9\u30ea\u30cd50\uff05\uff08\u30d5\u30e9\u30f3\u30b9\u8a9e\uff09"},"content":{"rendered":"","protected":false},"excerpt":{"rendered":"<p>\u30ed\u30fc\u30b9\u30c8\u3057\u305f\u30d4\u30fc\u30ab\u30f3\u309250\uff05\u4f7f\u7528\u3057\u3001\u716e\u8a70\u3081\u305f\u7802\u7cd6\u3067\u30ad\u30e3\u30e9\u30e1\u30ea\u30bc\u3059\u308b\u3053\u3068\u3067\u3001\u30d4\u30fc\u30ab\u30f3\u306e\u30a2\u30ed\u30de\u306e\u98a8\u5473\u3092\u5f15\u304d\u51fa\u3057\u3066\u3044\u308b\u3002<\/p>\n","protected":false},"featured_media":31790,"comment_status":"closed","ping_status":"closed","template":"","meta":{"_acf_changed":false,"inline_featured_image":false},"product_brand":[],"product_cat":[489],"product_tag":[],"class_list":{"0":"post-13815","1":"product","2":"type-product","3":"status-publish","4":"has-post-thumbnail","6":"product_cat-11-","7":"sales-flash-overlay","8":"woocommerce-text-align-center","9":"woocommerce-image-align-center","10":"do-quantity-buttons","12":"first","13":"instock","14":"product-type-simple"},"acf":[],"yoast_head":"<!-- This site is optimized with the Yoast SEO plugin v27.2 - https:\/\/yoast.com\/product\/yoast-seo-wordpress\/ -->\n<title>\u30d5\u30e9\u30f3\u30b9\u88fd - Unipatis<\/title>\n<meta name=\"description\" content=\"\u30d4\u30fc\u30ab\u30f3\u30fb\u30d7\u30e9\u30ea\u30cd 50\uff05 \u30d5\u30e9\u30f3\u30b9\u7523\uff1aUSA\u7523\u30d4\u30fc\u30ab\u30f3\u3001\u30ed\u30fc\u30b9\u30c8\u30b3\u30f3\u30c8\u30ed\u30fc\u30eb\u3001\u30b5\u30af\u30b5\u30af\u3057\u305f\u98df\u611f\u3002\u30c1\u30e7\u30b3\u30ec\u30fc\u30c8\u3084\u30da\u30b9\u30c8\u30ea\u30fc\u306b\u3002\" \/>\n<meta name=\"robots\" content=\"index, follow, max-snippet:-1, max-image-preview:large, max-video-preview:-1\" \/>\n<link rel=\"canonical\" href=\"https:\/\/www.unipatis.fr\/ja\/produit\/\u30ad\u30e3\u30e9\u30e1\u30ea\u30bc\u30fb\u30d4\u30fc\u30ab\u30f3\u30fb\u30d7\u30e9\u30ea\u30cd50\uff05\uff08\u30d5\u30e9\u30f3-2\/\" \/>\n<meta property=\"og:locale\" content=\"ja_JP\" \/>\n<meta property=\"og:type\" content=\"article\" \/>\n<meta property=\"og:title\" content=\"\u30d5\u30e9\u30f3\u30b9\u88fd - Unipatis\" \/>\n<meta property=\"og:description\" content=\"\u30d4\u30fc\u30ab\u30f3\u30fb\u30d7\u30e9\u30ea\u30cd 50\uff05 \u30d5\u30e9\u30f3\u30b9\u7523\uff1aUSA\u7523\u30d4\u30fc\u30ab\u30f3\u3001\u30ed\u30fc\u30b9\u30c8\u30b3\u30f3\u30c8\u30ed\u30fc\u30eb\u3001\u30b5\u30af\u30b5\u30af\u3057\u305f\u98df\u611f\u3002\u30c1\u30e7\u30b3\u30ec\u30fc\u30c8\u3084\u30da\u30b9\u30c8\u30ea\u30fc\u306b\u3002\" \/>\n<meta property=\"og:url\" content=\"https:\/\/www.unipatis.fr\/ja\/produit\/\u30ad\u30e3\u30e9\u30e1\u30ea\u30bc\u30fb\u30d4\u30fc\u30ab\u30f3\u30fb\u30d7\u30e9\u30ea\u30cd50\uff05\uff08\u30d5\u30e9\u30f3-2\/\" \/>\n<meta property=\"og:site_name\" content=\"Unipatis\" \/>\n<meta property=\"article:publisher\" content=\"https:\/\/www.facebook.com\/unipatis\" \/>\n<meta property=\"article:modified_time\" content=\"2026-03-12T08:55:57+00:00\" \/>\n<meta property=\"og:image\" content=\"https:\/\/www.unipatis.fr\/wp-content\/uploads\/2022\/02\/Praline-Caramelise-Pecan-50-Unipatis.png\" \/>\n\t<meta property=\"og:image:width\" content=\"600\" \/>\n\t<meta property=\"og:image:height\" content=\"600\" \/>\n\t<meta property=\"og:image:type\" content=\"image\/png\" \/>\n<meta name=\"twitter:card\" content=\"summary_large_image\" \/>\n<script type=\"application\/ld+json\" class=\"yoast-schema-graph\">{\"@context\":\"https:\/\/schema.org\",\"@graph\":[{\"@type\":\"WebPage\",\"@id\":\"https:\/\/www.unipatis.fr\/ja\/produit\/%e3%82%ad%e3%83%a3%e3%83%a9%e3%83%a1%e3%83%aa%e3%82%bc%e3%83%bb%e3%83%94%e3%83%bc%e3%82%ab%e3%83%b3%e3%83%bb%e3%83%97%e3%83%a9%e3%83%aa%e3%83%8d50%ef%bc%85%ef%bc%88%e3%83%95%e3%83%a9%e3%83%b3-2\/\",\"url\":\"https:\/\/www.unipatis.fr\/ja\/produit\/%e3%82%ad%e3%83%a3%e3%83%a9%e3%83%a1%e3%83%aa%e3%82%bc%e3%83%bb%e3%83%94%e3%83%bc%e3%82%ab%e3%83%b3%e3%83%bb%e3%83%97%e3%83%a9%e3%83%aa%e3%83%8d50%ef%bc%85%ef%bc%88%e3%83%95%e3%83%a9%e3%83%b3-2\/\",\"name\":\"\u30d5\u30e9\u30f3\u30b9\u88fd - Unipatis\",\"isPartOf\":{\"@id\":\"https:\/\/www.unipatis.fr\/en\/#website\"},\"primaryImageOfPage\":{\"@id\":\"https:\/\/www.unipatis.fr\/ja\/produit\/%e3%82%ad%e3%83%a3%e3%83%a9%e3%83%a1%e3%83%aa%e3%82%bc%e3%83%bb%e3%83%94%e3%83%bc%e3%82%ab%e3%83%b3%e3%83%bb%e3%83%97%e3%83%a9%e3%83%aa%e3%83%8d50%ef%bc%85%ef%bc%88%e3%83%95%e3%83%a9%e3%83%b3-2\/#primaryimage\"},\"image\":{\"@id\":\"https:\/\/www.unipatis.fr\/ja\/produit\/%e3%82%ad%e3%83%a3%e3%83%a9%e3%83%a1%e3%83%aa%e3%82%bc%e3%83%bb%e3%83%94%e3%83%bc%e3%82%ab%e3%83%b3%e3%83%bb%e3%83%97%e3%83%a9%e3%83%aa%e3%83%8d50%ef%bc%85%ef%bc%88%e3%83%95%e3%83%a9%e3%83%b3-2\/#primaryimage\"},\"thumbnailUrl\":\"https:\/\/www.unipatis.fr\/wp-content\/uploads\/2022\/02\/Praline-Caramelise-Pecan-50-Unipatis.png\",\"datePublished\":\"2022-02-11T11:11:14+00:00\",\"dateModified\":\"2026-03-12T08:55:57+00:00\",\"description\":\"\u30d4\u30fc\u30ab\u30f3\u30fb\u30d7\u30e9\u30ea\u30cd 50\uff05 \u30d5\u30e9\u30f3\u30b9\u7523\uff1aUSA\u7523\u30d4\u30fc\u30ab\u30f3\u3001\u30ed\u30fc\u30b9\u30c8\u30b3\u30f3\u30c8\u30ed\u30fc\u30eb\u3001\u30b5\u30af\u30b5\u30af\u3057\u305f\u98df\u611f\u3002\u30c1\u30e7\u30b3\u30ec\u30fc\u30c8\u3084\u30da\u30b9\u30c8\u30ea\u30fc\u306b\u3002\",\"breadcrumb\":{\"@id\":\"https:\/\/www.unipatis.fr\/ja\/produit\/%e3%82%ad%e3%83%a3%e3%83%a9%e3%83%a1%e3%83%aa%e3%82%bc%e3%83%bb%e3%83%94%e3%83%bc%e3%82%ab%e3%83%b3%e3%83%bb%e3%83%97%e3%83%a9%e3%83%aa%e3%83%8d50%ef%bc%85%ef%bc%88%e3%83%95%e3%83%a9%e3%83%b3-2\/#breadcrumb\"},\"inLanguage\":\"ja\",\"potentialAction\":[{\"@type\":\"ReadAction\",\"target\":[\"https:\/\/www.unipatis.fr\/ja\/produit\/%e3%82%ad%e3%83%a3%e3%83%a9%e3%83%a1%e3%83%aa%e3%82%bc%e3%83%bb%e3%83%94%e3%83%bc%e3%82%ab%e3%83%b3%e3%83%bb%e3%83%97%e3%83%a9%e3%83%aa%e3%83%8d50%ef%bc%85%ef%bc%88%e3%83%95%e3%83%a9%e3%83%b3-2\/\"]}]},{\"@type\":\"ImageObject\",\"inLanguage\":\"ja\",\"@id\":\"https:\/\/www.unipatis.fr\/ja\/produit\/%e3%82%ad%e3%83%a3%e3%83%a9%e3%83%a1%e3%83%aa%e3%82%bc%e3%83%bb%e3%83%94%e3%83%bc%e3%82%ab%e3%83%b3%e3%83%bb%e3%83%97%e3%83%a9%e3%83%aa%e3%83%8d50%ef%bc%85%ef%bc%88%e3%83%95%e3%83%a9%e3%83%b3-2\/#primaryimage\",\"url\":\"https:\/\/www.unipatis.fr\/wp-content\/uploads\/2022\/02\/Praline-Caramelise-Pecan-50-Unipatis.png\",\"contentUrl\":\"https:\/\/www.unipatis.fr\/wp-content\/uploads\/2022\/02\/Praline-Caramelise-Pecan-50-Unipatis.png\",\"width\":600,\"height\":600,\"caption\":\"\u30ad\u30e3\u30e9\u30e1\u30ea\u30bc\u30fb\u30d4\u30fc\u30ab\u30f3\u30fb\u30d7\u30e9\u30ea\u30cd 50% \u30e6\u30cb\u30d1\u30c6\u30a3\u30b9\"},{\"@type\":\"BreadcrumbList\",\"@id\":\"https:\/\/www.unipatis.fr\/ja\/produit\/%e3%82%ad%e3%83%a3%e3%83%a9%e3%83%a1%e3%83%aa%e3%82%bc%e3%83%bb%e3%83%94%e3%83%bc%e3%82%ab%e3%83%b3%e3%83%bb%e3%83%97%e3%83%a9%e3%83%aa%e3%83%8d50%ef%bc%85%ef%bc%88%e3%83%95%e3%83%a9%e3%83%b3-2\/#breadcrumb\",\"itemListElement\":[{\"@type\":\"ListItem\",\"position\":1,\"name\":\"Accueil\",\"item\":\"https:\/\/www.unipatis.fr\/ja\/%e3%83%9b%e3%83%bc%e3%83%a0-2\/\"},{\"@type\":\"ListItem\",\"position\":2,\"name\":\"\u30b7\u30e7\u30c3\u30d7\",\"item\":\"https:\/\/www.unipatis.fr\/ja\/%e3%82%b7%e3%83%a7%e3%83%83%e3%83%97\/\"},{\"@type\":\"ListItem\",\"position\":3,\"name\":\"\u30ad\u30e3\u30e9\u30e1\u30ea\u30bc\u30fb\u30d4\u30fc\u30ab\u30f3\u30fb\u30d7\u30e9\u30ea\u30cd50\uff05\uff08\u30d5\u30e9\u30f3\u30b9\u8a9e\uff09\"}]},{\"@type\":\"WebSite\",\"@id\":\"https:\/\/www.unipatis.fr\/en\/#website\",\"url\":\"https:\/\/www.unipatis.fr\/en\/\",\"name\":\"Unipatis\",\"description\":\"Unipatis Maison est une entreprise familiale sp\u00e9cialis\u00e9e dans la fabrication d&#039;ingr\u00e9dients p\u00e2tissiers et chocolatiers depuis quatre g\u00e9n\u00e9rations.\",\"publisher\":{\"@id\":\"https:\/\/www.unipatis.fr\/en\/#organization\"},\"potentialAction\":[{\"@type\":\"SearchAction\",\"target\":{\"@type\":\"EntryPoint\",\"urlTemplate\":\"https:\/\/www.unipatis.fr\/en\/?s={search_term_string}\"},\"query-input\":{\"@type\":\"PropertyValueSpecification\",\"valueRequired\":true,\"valueName\":\"search_term_string\"}}],\"inLanguage\":\"ja\"},{\"@type\":\"Organization\",\"@id\":\"https:\/\/www.unipatis.fr\/en\/#organization\",\"name\":\"Unipatis\",\"url\":\"https:\/\/www.unipatis.fr\/en\/\",\"logo\":{\"@type\":\"ImageObject\",\"inLanguage\":\"ja\",\"@id\":\"https:\/\/www.unipatis.fr\/en\/#\/schema\/logo\/image\/\",\"url\":\"https:\/\/www.unipatis.fr\/wp-content\/uploads\/2021\/10\/UNIPATIS_logo_flag_2021-1.svg\",\"contentUrl\":\"https:\/\/www.unipatis.fr\/wp-content\/uploads\/2021\/10\/UNIPATIS_logo_flag_2021-1.svg\",\"width\":150,\"height\":184,\"caption\":\"Unipatis\"},\"image\":{\"@id\":\"https:\/\/www.unipatis.fr\/en\/#\/schema\/logo\/image\/\"},\"sameAs\":[\"https:\/\/www.facebook.com\/unipatis\",\"https:\/\/www.instagram.com\/unipatis\",\"https:\/\/www.youtube.com\/@Unipatis\"]}]}<\/script>\n<!-- \/ Yoast SEO plugin. -->","yoast_head_json":{"title":"\u30d5\u30e9\u30f3\u30b9\u88fd - Unipatis","description":"\u30d4\u30fc\u30ab\u30f3\u30fb\u30d7\u30e9\u30ea\u30cd 50\uff05 \u30d5\u30e9\u30f3\u30b9\u7523\uff1aUSA\u7523\u30d4\u30fc\u30ab\u30f3\u3001\u30ed\u30fc\u30b9\u30c8\u30b3\u30f3\u30c8\u30ed\u30fc\u30eb\u3001\u30b5\u30af\u30b5\u30af\u3057\u305f\u98df\u611f\u3002\u30c1\u30e7\u30b3\u30ec\u30fc\u30c8\u3084\u30da\u30b9\u30c8\u30ea\u30fc\u306b\u3002","robots":{"index":"index","follow":"follow","max-snippet":"max-snippet:-1","max-image-preview":"max-image-preview:large","max-video-preview":"max-video-preview:-1"},"canonical":"https:\/\/www.unipatis.fr\/ja\/produit\/\u30ad\u30e3\u30e9\u30e1\u30ea\u30bc\u30fb\u30d4\u30fc\u30ab\u30f3\u30fb\u30d7\u30e9\u30ea\u30cd50\uff05\uff08\u30d5\u30e9\u30f3-2\/","og_locale":"ja_JP","og_type":"article","og_title":"\u30d5\u30e9\u30f3\u30b9\u88fd - Unipatis","og_description":"\u30d4\u30fc\u30ab\u30f3\u30fb\u30d7\u30e9\u30ea\u30cd 50\uff05 \u30d5\u30e9\u30f3\u30b9\u7523\uff1aUSA\u7523\u30d4\u30fc\u30ab\u30f3\u3001\u30ed\u30fc\u30b9\u30c8\u30b3\u30f3\u30c8\u30ed\u30fc\u30eb\u3001\u30b5\u30af\u30b5\u30af\u3057\u305f\u98df\u611f\u3002\u30c1\u30e7\u30b3\u30ec\u30fc\u30c8\u3084\u30da\u30b9\u30c8\u30ea\u30fc\u306b\u3002","og_url":"https:\/\/www.unipatis.fr\/ja\/produit\/\u30ad\u30e3\u30e9\u30e1\u30ea\u30bc\u30fb\u30d4\u30fc\u30ab\u30f3\u30fb\u30d7\u30e9\u30ea\u30cd50\uff05\uff08\u30d5\u30e9\u30f3-2\/","og_site_name":"Unipatis","article_publisher":"https:\/\/www.facebook.com\/unipatis","article_modified_time":"2026-03-12T08:55:57+00:00","og_image":[{"width":600,"height":600,"url":"https:\/\/www.unipatis.fr\/wp-content\/uploads\/2022\/02\/Praline-Caramelise-Pecan-50-Unipatis.png","type":"image\/png"}],"twitter_card":"summary_large_image","schema":{"@context":"https:\/\/schema.org","@graph":[{"@type":"WebPage","@id":"https:\/\/www.unipatis.fr\/ja\/produit\/%e3%82%ad%e3%83%a3%e3%83%a9%e3%83%a1%e3%83%aa%e3%82%bc%e3%83%bb%e3%83%94%e3%83%bc%e3%82%ab%e3%83%b3%e3%83%bb%e3%83%97%e3%83%a9%e3%83%aa%e3%83%8d50%ef%bc%85%ef%bc%88%e3%83%95%e3%83%a9%e3%83%b3-2\/","url":"https:\/\/www.unipatis.fr\/ja\/produit\/%e3%82%ad%e3%83%a3%e3%83%a9%e3%83%a1%e3%83%aa%e3%82%bc%e3%83%bb%e3%83%94%e3%83%bc%e3%82%ab%e3%83%b3%e3%83%bb%e3%83%97%e3%83%a9%e3%83%aa%e3%83%8d50%ef%bc%85%ef%bc%88%e3%83%95%e3%83%a9%e3%83%b3-2\/","name":"\u30d5\u30e9\u30f3\u30b9\u88fd - Unipatis","isPartOf":{"@id":"https:\/\/www.unipatis.fr\/en\/#website"},"primaryImageOfPage":{"@id":"https:\/\/www.unipatis.fr\/ja\/produit\/%e3%82%ad%e3%83%a3%e3%83%a9%e3%83%a1%e3%83%aa%e3%82%bc%e3%83%bb%e3%83%94%e3%83%bc%e3%82%ab%e3%83%b3%e3%83%bb%e3%83%97%e3%83%a9%e3%83%aa%e3%83%8d50%ef%bc%85%ef%bc%88%e3%83%95%e3%83%a9%e3%83%b3-2\/#primaryimage"},"image":{"@id":"https:\/\/www.unipatis.fr\/ja\/produit\/%e3%82%ad%e3%83%a3%e3%83%a9%e3%83%a1%e3%83%aa%e3%82%bc%e3%83%bb%e3%83%94%e3%83%bc%e3%82%ab%e3%83%b3%e3%83%bb%e3%83%97%e3%83%a9%e3%83%aa%e3%83%8d50%ef%bc%85%ef%bc%88%e3%83%95%e3%83%a9%e3%83%b3-2\/#primaryimage"},"thumbnailUrl":"https:\/\/www.unipatis.fr\/wp-content\/uploads\/2022\/02\/Praline-Caramelise-Pecan-50-Unipatis.png","datePublished":"2022-02-11T11:11:14+00:00","dateModified":"2026-03-12T08:55:57+00:00","description":"\u30d4\u30fc\u30ab\u30f3\u30fb\u30d7\u30e9\u30ea\u30cd 50\uff05 \u30d5\u30e9\u30f3\u30b9\u7523\uff1aUSA\u7523\u30d4\u30fc\u30ab\u30f3\u3001\u30ed\u30fc\u30b9\u30c8\u30b3\u30f3\u30c8\u30ed\u30fc\u30eb\u3001\u30b5\u30af\u30b5\u30af\u3057\u305f\u98df\u611f\u3002\u30c1\u30e7\u30b3\u30ec\u30fc\u30c8\u3084\u30da\u30b9\u30c8\u30ea\u30fc\u306b\u3002","breadcrumb":{"@id":"https:\/\/www.unipatis.fr\/ja\/produit\/%e3%82%ad%e3%83%a3%e3%83%a9%e3%83%a1%e3%83%aa%e3%82%bc%e3%83%bb%e3%83%94%e3%83%bc%e3%82%ab%e3%83%b3%e3%83%bb%e3%83%97%e3%83%a9%e3%83%aa%e3%83%8d50%ef%bc%85%ef%bc%88%e3%83%95%e3%83%a9%e3%83%b3-2\/#breadcrumb"},"inLanguage":"ja","potentialAction":[{"@type":"ReadAction","target":["https:\/\/www.unipatis.fr\/ja\/produit\/%e3%82%ad%e3%83%a3%e3%83%a9%e3%83%a1%e3%83%aa%e3%82%bc%e3%83%bb%e3%83%94%e3%83%bc%e3%82%ab%e3%83%b3%e3%83%bb%e3%83%97%e3%83%a9%e3%83%aa%e3%83%8d50%ef%bc%85%ef%bc%88%e3%83%95%e3%83%a9%e3%83%b3-2\/"]}]},{"@type":"ImageObject","inLanguage":"ja","@id":"https:\/\/www.unipatis.fr\/ja\/produit\/%e3%82%ad%e3%83%a3%e3%83%a9%e3%83%a1%e3%83%aa%e3%82%bc%e3%83%bb%e3%83%94%e3%83%bc%e3%82%ab%e3%83%b3%e3%83%bb%e3%83%97%e3%83%a9%e3%83%aa%e3%83%8d50%ef%bc%85%ef%bc%88%e3%83%95%e3%83%a9%e3%83%b3-2\/#primaryimage","url":"https:\/\/www.unipatis.fr\/wp-content\/uploads\/2022\/02\/Praline-Caramelise-Pecan-50-Unipatis.png","contentUrl":"https:\/\/www.unipatis.fr\/wp-content\/uploads\/2022\/02\/Praline-Caramelise-Pecan-50-Unipatis.png","width":600,"height":600,"caption":"\u30ad\u30e3\u30e9\u30e1\u30ea\u30bc\u30fb\u30d4\u30fc\u30ab\u30f3\u30fb\u30d7\u30e9\u30ea\u30cd 50% \u30e6\u30cb\u30d1\u30c6\u30a3\u30b9"},{"@type":"BreadcrumbList","@id":"https:\/\/www.unipatis.fr\/ja\/produit\/%e3%82%ad%e3%83%a3%e3%83%a9%e3%83%a1%e3%83%aa%e3%82%bc%e3%83%bb%e3%83%94%e3%83%bc%e3%82%ab%e3%83%b3%e3%83%bb%e3%83%97%e3%83%a9%e3%83%aa%e3%83%8d50%ef%bc%85%ef%bc%88%e3%83%95%e3%83%a9%e3%83%b3-2\/#breadcrumb","itemListElement":[{"@type":"ListItem","position":1,"name":"Accueil","item":"https:\/\/www.unipatis.fr\/ja\/%e3%83%9b%e3%83%bc%e3%83%a0-2\/"},{"@type":"ListItem","position":2,"name":"\u30b7\u30e7\u30c3\u30d7","item":"https:\/\/www.unipatis.fr\/ja\/%e3%82%b7%e3%83%a7%e3%83%83%e3%83%97\/"},{"@type":"ListItem","position":3,"name":"\u30ad\u30e3\u30e9\u30e1\u30ea\u30bc\u30fb\u30d4\u30fc\u30ab\u30f3\u30fb\u30d7\u30e9\u30ea\u30cd50\uff05\uff08\u30d5\u30e9\u30f3\u30b9\u8a9e\uff09"}]},{"@type":"WebSite","@id":"https:\/\/www.unipatis.fr\/en\/#website","url":"https:\/\/www.unipatis.fr\/en\/","name":"Unipatis","description":"Unipatis Maison est une entreprise familiale sp\u00e9cialis\u00e9e dans la fabrication d&#039;ingr\u00e9dients p\u00e2tissiers et chocolatiers depuis quatre g\u00e9n\u00e9rations.","publisher":{"@id":"https:\/\/www.unipatis.fr\/en\/#organization"},"potentialAction":[{"@type":"SearchAction","target":{"@type":"EntryPoint","urlTemplate":"https:\/\/www.unipatis.fr\/en\/?s={search_term_string}"},"query-input":{"@type":"PropertyValueSpecification","valueRequired":true,"valueName":"search_term_string"}}],"inLanguage":"ja"},{"@type":"Organization","@id":"https:\/\/www.unipatis.fr\/en\/#organization","name":"Unipatis","url":"https:\/\/www.unipatis.fr\/en\/","logo":{"@type":"ImageObject","inLanguage":"ja","@id":"https:\/\/www.unipatis.fr\/en\/#\/schema\/logo\/image\/","url":"https:\/\/www.unipatis.fr\/wp-content\/uploads\/2021\/10\/UNIPATIS_logo_flag_2021-1.svg","contentUrl":"https:\/\/www.unipatis.fr\/wp-content\/uploads\/2021\/10\/UNIPATIS_logo_flag_2021-1.svg","width":150,"height":184,"caption":"Unipatis"},"image":{"@id":"https:\/\/www.unipatis.fr\/en\/#\/schema\/logo\/image\/"},"sameAs":["https:\/\/www.facebook.com\/unipatis","https:\/\/www.instagram.com\/unipatis","https:\/\/www.youtube.com\/@Unipatis"]}]}},"_links":{"self":[{"href":"https:\/\/www.unipatis.fr\/ja\/wp-json\/wp\/v2\/product\/13815","targetHints":{"allow":["GET"]}}],"collection":[{"href":"https:\/\/www.unipatis.fr\/ja\/wp-json\/wp\/v2\/product"}],"about":[{"href":"https:\/\/www.unipatis.fr\/ja\/wp-json\/wp\/v2\/types\/product"}],"replies":[{"embeddable":true,"href":"https:\/\/www.unipatis.fr\/ja\/wp-json\/wp\/v2\/comments?post=13815"}],"version-history":[{"count":1,"href":"https:\/\/www.unipatis.fr\/ja\/wp-json\/wp\/v2\/product\/13815\/revisions"}],"predecessor-version":[{"id":27321,"href":"https:\/\/www.unipatis.fr\/ja\/wp-json\/wp\/v2\/product\/13815\/revisions\/27321"}],"wp:featuredmedia":[{"embeddable":true,"href":"https:\/\/www.unipatis.fr\/ja\/wp-json\/wp\/v2\/media\/31790"}],"wp:attachment":[{"href":"https:\/\/www.unipatis.fr\/ja\/wp-json\/wp\/v2\/media?parent=13815"}],"wp:term":[{"taxonomy":"product_brand","embeddable":true,"href":"https:\/\/www.unipatis.fr\/ja\/wp-json\/wp\/v2\/product_brand?post=13815"},{"taxonomy":"product_cat","embeddable":true,"href":"https:\/\/www.unipatis.fr\/ja\/wp-json\/wp\/v2\/product_cat?post=13815"},{"taxonomy":"product_tag","embeddable":true,"href":"https:\/\/www.unipatis.fr\/ja\/wp-json\/wp\/v2\/product_tag?post=13815"}],"curies":[{"name":"wp","href":"https:\/\/api.w.org\/{rel}","templated":true}]}}