{"id":13821,"date":"2022-02-11T12:11:14","date_gmt":"2022-02-11T11:11:14","guid":{"rendered":"https:\/\/www.unipatis.fr\/produit\/%e3%82%ad%e3%83%a3%e3%83%a9%e3%83%a1%e3%83%aa%e3%82%bc%e3%81%97%e3%81%9f%e3%83%98%e3%83%bc%e3%82%bc%e3%83%ab%e3%83%8a%e3%83%83%e3%83%84%e3%81%a8%e3%83%a9%e3%82%ba%e3%83%99%e3%83%aa%e3%83%bc%e3%81%ae-2\/"},"modified":"2026-04-09T10:33:10","modified_gmt":"2026-04-09T08:33:10","slug":"%e3%82%ad%e3%83%a3%e3%83%a9%e3%83%a1%e3%83%aa%e3%82%bc%e3%81%97%e3%81%9f%e3%83%98%e3%83%bc%e3%82%bc%e3%83%ab%e3%83%8a%e3%83%83%e3%83%84%e3%81%a8%e3%83%a9%e3%82%ba%e3%83%99%e3%83%aa%e3%83%bc%e3%81%ae-2","status":"publish","type":"product","link":"https:\/\/www.unipatis.fr\/ja\/produit\/%e3%82%ad%e3%83%a3%e3%83%a9%e3%83%a1%e3%83%aa%e3%82%bc%e3%81%97%e3%81%9f%e3%83%98%e3%83%bc%e3%82%bc%e3%83%ab%e3%83%8a%e3%83%83%e3%83%84%e3%81%a8%e3%83%a9%e3%82%ba%e3%83%99%e3%83%aa%e3%83%bc%e3%81%ae-2\/","title":{"rendered":"\u30ad\u30e3\u30e9\u30e1\u30ea\u30bc\u3057\u305f\u30d8\u30fc\u30bc\u30eb\u30ca\u30c3\u30c4\u3068\u30e9\u30ba\u30d9\u30ea\u30fc\u306e\u30d7\u30e9\u30ea\u30cd50\uff05\uff08\u30d5\u30e9\u30f3\u30b9\u8a9e\uff09"},"content":{"rendered":"","protected":false},"excerpt":{"rendered":"<p>\u30ed\u30fc\u30b9\u30c8\u3057\u305f\u30d8\u30fc\u30bc\u30eb\u30ca\u30c3\u30c4\uff0850\uff05\uff09\u3092\u4f7f\u7528\u3057\u3001\u30d8\u30fc\u30bc\u30eb\u30ca\u30c3\u30c4\u3068\u30e9\u30ba\u30d9\u30ea\u30fc\u306e\u30a2\u30ed\u30de\u3092\u5f15\u304d\u51fa\u3059\u305f\u3081\u306b\u3001\u716e\u8a70\u3081\u305f\u7802\u7cd6\u3068\u30e9\u30ba\u30d9\u30ea\u30fc\uff0810\uff05\uff09\u3067\u30ad\u30e3\u30e9\u30e1\u30ea\u30bc\u3057\u3066\u3044\u308b\u3002<\/p>\n","protected":false},"featured_media":11324,"comment_status":"closed","ping_status":"closed","template":"","meta":{"_acf_changed":false,"inline_featured_image":false},"product_brand":[],"product_cat":[489],"product_tag":[],"class_list":{"0":"post-13821","1":"product","2":"type-product","3":"status-publish","4":"has-post-thumbnail","6":"product_cat-11-","7":"sales-flash-overlay","8":"woocommerce-text-align-center","9":"woocommerce-image-align-center","10":"do-quantity-buttons","12":"first","13":"instock","14":"product-type-simple"},"acf":[],"yoast_head":"<!-- This site is optimized with the Yoast SEO plugin v27.2 - https:\/\/yoast.com\/product\/yoast-seo-wordpress\/ -->\n<title>\u30ad\u30e3\u30e9\u30e1\u30ea\u30bc\u3057\u305f\u30d8\u30fc\u30bc\u30eb\u30ca\u30c3\u30c4\u3068\u30e9\u30ba\u30d9\u30ea\u30fc\u306e\u30d7\u30e9\u30ea\u30cd50\uff05\uff08\u30d5\u30e9\u30f3\u30b9\u8a9e\uff09 - Unipatis<\/title>\n<meta name=\"robots\" content=\"index, follow, max-snippet:-1, max-image-preview:large, max-video-preview:-1\" \/>\n<link rel=\"canonical\" href=\"https:\/\/www.unipatis.fr\/ja\/produit\/\u30ad\u30e3\u30e9\u30e1\u30ea\u30bc\u3057\u305f\u30d8\u30fc\u30bc\u30eb\u30ca\u30c3\u30c4\u3068\u30e9\u30ba\u30d9\u30ea\u30fc\u306e-2\/\" \/>\n<meta property=\"og:locale\" content=\"ja_JP\" \/>\n<meta property=\"og:type\" content=\"article\" \/>\n<meta property=\"og:title\" content=\"\u30ad\u30e3\u30e9\u30e1\u30ea\u30bc\u3057\u305f\u30d8\u30fc\u30bc\u30eb\u30ca\u30c3\u30c4\u3068\u30e9\u30ba\u30d9\u30ea\u30fc\u306e\u30d7\u30e9\u30ea\u30cd50\uff05\uff08\u30d5\u30e9\u30f3\u30b9\u8a9e\uff09 - Unipatis\" \/>\n<meta property=\"og:description\" content=\"\u30ed\u30fc\u30b9\u30c8\u3057\u305f\u30d8\u30fc\u30bc\u30eb\u30ca\u30c3\u30c4\uff0850\uff05\uff09\u3092\u4f7f\u7528\u3057\u3001\u30d8\u30fc\u30bc\u30eb\u30ca\u30c3\u30c4\u3068\u30e9\u30ba\u30d9\u30ea\u30fc\u306e\u30a2\u30ed\u30de\u3092\u5f15\u304d\u51fa\u3059\u305f\u3081\u306b\u3001\u716e\u8a70\u3081\u305f\u7802\u7cd6\u3068\u30e9\u30ba\u30d9\u30ea\u30fc\uff0810\uff05\uff09\u3067\u30ad\u30e3\u30e9\u30e1\u30ea\u30bc\u3057\u3066\u3044\u308b\u3002\" \/>\n<meta property=\"og:url\" content=\"https:\/\/www.unipatis.fr\/ja\/produit\/\u30ad\u30e3\u30e9\u30e1\u30ea\u30bc\u3057\u305f\u30d8\u30fc\u30bc\u30eb\u30ca\u30c3\u30c4\u3068\u30e9\u30ba\u30d9\u30ea\u30fc\u306e-2\/\" \/>\n<meta property=\"og:site_name\" content=\"Unipatis\" \/>\n<meta property=\"article:publisher\" content=\"https:\/\/www.facebook.com\/unipatis\" \/>\n<meta property=\"article:modified_time\" content=\"2026-04-09T08:33:10+00:00\" \/>\n<meta property=\"og:image\" content=\"https:\/\/www.unipatis.fr\/wp-content\/uploads\/2022\/02\/seau_caramelise_noisette_framboise.png\" \/>\n\t<meta property=\"og:image:width\" content=\"1261\" \/>\n\t<meta property=\"og:image:height\" content=\"1179\" \/>\n\t<meta property=\"og:image:type\" content=\"image\/png\" \/>\n<meta name=\"twitter:card\" content=\"summary_large_image\" \/>\n<script type=\"application\/ld+json\" class=\"yoast-schema-graph\">{\"@context\":\"https:\/\/schema.org\",\"@graph\":[{\"@type\":\"WebPage\",\"@id\":\"https:\/\/www.unipatis.fr\/ja\/produit\/%e3%82%ad%e3%83%a3%e3%83%a9%e3%83%a1%e3%83%aa%e3%82%bc%e3%81%97%e3%81%9f%e3%83%98%e3%83%bc%e3%82%bc%e3%83%ab%e3%83%8a%e3%83%83%e3%83%84%e3%81%a8%e3%83%a9%e3%82%ba%e3%83%99%e3%83%aa%e3%83%bc%e3%81%ae-2\/\",\"url\":\"https:\/\/www.unipatis.fr\/ja\/produit\/%e3%82%ad%e3%83%a3%e3%83%a9%e3%83%a1%e3%83%aa%e3%82%bc%e3%81%97%e3%81%9f%e3%83%98%e3%83%bc%e3%82%bc%e3%83%ab%e3%83%8a%e3%83%83%e3%83%84%e3%81%a8%e3%83%a9%e3%82%ba%e3%83%99%e3%83%aa%e3%83%bc%e3%81%ae-2\/\",\"name\":\"\u30ad\u30e3\u30e9\u30e1\u30ea\u30bc\u3057\u305f\u30d8\u30fc\u30bc\u30eb\u30ca\u30c3\u30c4\u3068\u30e9\u30ba\u30d9\u30ea\u30fc\u306e\u30d7\u30e9\u30ea\u30cd50\uff05\uff08\u30d5\u30e9\u30f3\u30b9\u8a9e\uff09 - Unipatis\",\"isPartOf\":{\"@id\":\"https:\/\/www.unipatis.fr\/en\/#website\"},\"primaryImageOfPage\":{\"@id\":\"https:\/\/www.unipatis.fr\/ja\/produit\/%e3%82%ad%e3%83%a3%e3%83%a9%e3%83%a1%e3%83%aa%e3%82%bc%e3%81%97%e3%81%9f%e3%83%98%e3%83%bc%e3%82%bc%e3%83%ab%e3%83%8a%e3%83%83%e3%83%84%e3%81%a8%e3%83%a9%e3%82%ba%e3%83%99%e3%83%aa%e3%83%bc%e3%81%ae-2\/#primaryimage\"},\"image\":{\"@id\":\"https:\/\/www.unipatis.fr\/ja\/produit\/%e3%82%ad%e3%83%a3%e3%83%a9%e3%83%a1%e3%83%aa%e3%82%bc%e3%81%97%e3%81%9f%e3%83%98%e3%83%bc%e3%82%bc%e3%83%ab%e3%83%8a%e3%83%83%e3%83%84%e3%81%a8%e3%83%a9%e3%82%ba%e3%83%99%e3%83%aa%e3%83%bc%e3%81%ae-2\/#primaryimage\"},\"thumbnailUrl\":\"https:\/\/www.unipatis.fr\/wp-content\/uploads\/2022\/02\/seau_caramelise_noisette_framboise.png\",\"datePublished\":\"2022-02-11T11:11:14+00:00\",\"dateModified\":\"2026-04-09T08:33:10+00:00\",\"breadcrumb\":{\"@id\":\"https:\/\/www.unipatis.fr\/ja\/produit\/%e3%82%ad%e3%83%a3%e3%83%a9%e3%83%a1%e3%83%aa%e3%82%bc%e3%81%97%e3%81%9f%e3%83%98%e3%83%bc%e3%82%bc%e3%83%ab%e3%83%8a%e3%83%83%e3%83%84%e3%81%a8%e3%83%a9%e3%82%ba%e3%83%99%e3%83%aa%e3%83%bc%e3%81%ae-2\/#breadcrumb\"},\"inLanguage\":\"ja\",\"potentialAction\":[{\"@type\":\"ReadAction\",\"target\":[\"https:\/\/www.unipatis.fr\/ja\/produit\/%e3%82%ad%e3%83%a3%e3%83%a9%e3%83%a1%e3%83%aa%e3%82%bc%e3%81%97%e3%81%9f%e3%83%98%e3%83%bc%e3%82%bc%e3%83%ab%e3%83%8a%e3%83%83%e3%83%84%e3%81%a8%e3%83%a9%e3%82%ba%e3%83%99%e3%83%aa%e3%83%bc%e3%81%ae-2\/\"]}]},{\"@type\":\"ImageObject\",\"inLanguage\":\"ja\",\"@id\":\"https:\/\/www.unipatis.fr\/ja\/produit\/%e3%82%ad%e3%83%a3%e3%83%a9%e3%83%a1%e3%83%aa%e3%82%bc%e3%81%97%e3%81%9f%e3%83%98%e3%83%bc%e3%82%bc%e3%83%ab%e3%83%8a%e3%83%83%e3%83%84%e3%81%a8%e3%83%a9%e3%82%ba%e3%83%99%e3%83%aa%e3%83%bc%e3%81%ae-2\/#primaryimage\",\"url\":\"https:\/\/www.unipatis.fr\/wp-content\/uploads\/2022\/02\/seau_caramelise_noisette_framboise.png\",\"contentUrl\":\"https:\/\/www.unipatis.fr\/wp-content\/uploads\/2022\/02\/seau_caramelise_noisette_framboise.png\",\"width\":1261,\"height\":1179,\"caption\":\"\u30ad\u30e3\u30e9\u30e1\u30ea\u30bc\u30fb\u30d8\u30fc\u30bc\u30eb\u30ca\u30c3\u30c4\u30fb\u30d5\u30e9\u30f3\u30dc\u30ef\u30fc\u30ba\u30fb\u30e6\u30cb\u30d1\u30c6\u30a3\u30b9\"},{\"@type\":\"BreadcrumbList\",\"@id\":\"https:\/\/www.unipatis.fr\/ja\/produit\/%e3%82%ad%e3%83%a3%e3%83%a9%e3%83%a1%e3%83%aa%e3%82%bc%e3%81%97%e3%81%9f%e3%83%98%e3%83%bc%e3%82%bc%e3%83%ab%e3%83%8a%e3%83%83%e3%83%84%e3%81%a8%e3%83%a9%e3%82%ba%e3%83%99%e3%83%aa%e3%83%bc%e3%81%ae-2\/#breadcrumb\",\"itemListElement\":[{\"@type\":\"ListItem\",\"position\":1,\"name\":\"Accueil\",\"item\":\"https:\/\/www.unipatis.fr\/ja\/%e3%83%9b%e3%83%bc%e3%83%a0-2\/\"},{\"@type\":\"ListItem\",\"position\":2,\"name\":\"\u30b7\u30e7\u30c3\u30d7\",\"item\":\"https:\/\/www.unipatis.fr\/ja\/%e3%82%b7%e3%83%a7%e3%83%83%e3%83%97\/\"},{\"@type\":\"ListItem\",\"position\":3,\"name\":\"\u30ad\u30e3\u30e9\u30e1\u30ea\u30bc\u3057\u305f\u30d8\u30fc\u30bc\u30eb\u30ca\u30c3\u30c4\u3068\u30e9\u30ba\u30d9\u30ea\u30fc\u306e\u30d7\u30e9\u30ea\u30cd50\uff05\uff08\u30d5\u30e9\u30f3\u30b9\u8a9e\uff09\"}]},{\"@type\":\"WebSite\",\"@id\":\"https:\/\/www.unipatis.fr\/en\/#website\",\"url\":\"https:\/\/www.unipatis.fr\/en\/\",\"name\":\"Unipatis\",\"description\":\"Unipatis Maison est une entreprise familiale sp\u00e9cialis\u00e9e dans la fabrication d&#039;ingr\u00e9dients p\u00e2tissiers et chocolatiers depuis quatre g\u00e9n\u00e9rations.\",\"publisher\":{\"@id\":\"https:\/\/www.unipatis.fr\/en\/#organization\"},\"potentialAction\":[{\"@type\":\"SearchAction\",\"target\":{\"@type\":\"EntryPoint\",\"urlTemplate\":\"https:\/\/www.unipatis.fr\/en\/?s={search_term_string}\"},\"query-input\":{\"@type\":\"PropertyValueSpecification\",\"valueRequired\":true,\"valueName\":\"search_term_string\"}}],\"inLanguage\":\"ja\"},{\"@type\":\"Organization\",\"@id\":\"https:\/\/www.unipatis.fr\/en\/#organization\",\"name\":\"Unipatis\",\"url\":\"https:\/\/www.unipatis.fr\/en\/\",\"logo\":{\"@type\":\"ImageObject\",\"inLanguage\":\"ja\",\"@id\":\"https:\/\/www.unipatis.fr\/en\/#\/schema\/logo\/image\/\",\"url\":\"https:\/\/www.unipatis.fr\/wp-content\/uploads\/2021\/10\/UNIPATIS_logo_flag_2021-1.svg\",\"contentUrl\":\"https:\/\/www.unipatis.fr\/wp-content\/uploads\/2021\/10\/UNIPATIS_logo_flag_2021-1.svg\",\"width\":150,\"height\":184,\"caption\":\"Unipatis\"},\"image\":{\"@id\":\"https:\/\/www.unipatis.fr\/en\/#\/schema\/logo\/image\/\"},\"sameAs\":[\"https:\/\/www.facebook.com\/unipatis\",\"https:\/\/www.instagram.com\/unipatis\",\"https:\/\/www.youtube.com\/@Unipatis\"]}]}<\/script>\n<!-- \/ Yoast SEO plugin. -->","yoast_head_json":{"title":"\u30ad\u30e3\u30e9\u30e1\u30ea\u30bc\u3057\u305f\u30d8\u30fc\u30bc\u30eb\u30ca\u30c3\u30c4\u3068\u30e9\u30ba\u30d9\u30ea\u30fc\u306e\u30d7\u30e9\u30ea\u30cd50\uff05\uff08\u30d5\u30e9\u30f3\u30b9\u8a9e\uff09 - Unipatis","robots":{"index":"index","follow":"follow","max-snippet":"max-snippet:-1","max-image-preview":"max-image-preview:large","max-video-preview":"max-video-preview:-1"},"canonical":"https:\/\/www.unipatis.fr\/ja\/produit\/\u30ad\u30e3\u30e9\u30e1\u30ea\u30bc\u3057\u305f\u30d8\u30fc\u30bc\u30eb\u30ca\u30c3\u30c4\u3068\u30e9\u30ba\u30d9\u30ea\u30fc\u306e-2\/","og_locale":"ja_JP","og_type":"article","og_title":"\u30ad\u30e3\u30e9\u30e1\u30ea\u30bc\u3057\u305f\u30d8\u30fc\u30bc\u30eb\u30ca\u30c3\u30c4\u3068\u30e9\u30ba\u30d9\u30ea\u30fc\u306e\u30d7\u30e9\u30ea\u30cd50\uff05\uff08\u30d5\u30e9\u30f3\u30b9\u8a9e\uff09 - Unipatis","og_description":"\u30ed\u30fc\u30b9\u30c8\u3057\u305f\u30d8\u30fc\u30bc\u30eb\u30ca\u30c3\u30c4\uff0850\uff05\uff09\u3092\u4f7f\u7528\u3057\u3001\u30d8\u30fc\u30bc\u30eb\u30ca\u30c3\u30c4\u3068\u30e9\u30ba\u30d9\u30ea\u30fc\u306e\u30a2\u30ed\u30de\u3092\u5f15\u304d\u51fa\u3059\u305f\u3081\u306b\u3001\u716e\u8a70\u3081\u305f\u7802\u7cd6\u3068\u30e9\u30ba\u30d9\u30ea\u30fc\uff0810\uff05\uff09\u3067\u30ad\u30e3\u30e9\u30e1\u30ea\u30bc\u3057\u3066\u3044\u308b\u3002","og_url":"https:\/\/www.unipatis.fr\/ja\/produit\/\u30ad\u30e3\u30e9\u30e1\u30ea\u30bc\u3057\u305f\u30d8\u30fc\u30bc\u30eb\u30ca\u30c3\u30c4\u3068\u30e9\u30ba\u30d9\u30ea\u30fc\u306e-2\/","og_site_name":"Unipatis","article_publisher":"https:\/\/www.facebook.com\/unipatis","article_modified_time":"2026-04-09T08:33:10+00:00","og_image":[{"width":1261,"height":1179,"url":"https:\/\/www.unipatis.fr\/wp-content\/uploads\/2022\/02\/seau_caramelise_noisette_framboise.png","type":"image\/png"}],"twitter_card":"summary_large_image","schema":{"@context":"https:\/\/schema.org","@graph":[{"@type":"WebPage","@id":"https:\/\/www.unipatis.fr\/ja\/produit\/%e3%82%ad%e3%83%a3%e3%83%a9%e3%83%a1%e3%83%aa%e3%82%bc%e3%81%97%e3%81%9f%e3%83%98%e3%83%bc%e3%82%bc%e3%83%ab%e3%83%8a%e3%83%83%e3%83%84%e3%81%a8%e3%83%a9%e3%82%ba%e3%83%99%e3%83%aa%e3%83%bc%e3%81%ae-2\/","url":"https:\/\/www.unipatis.fr\/ja\/produit\/%e3%82%ad%e3%83%a3%e3%83%a9%e3%83%a1%e3%83%aa%e3%82%bc%e3%81%97%e3%81%9f%e3%83%98%e3%83%bc%e3%82%bc%e3%83%ab%e3%83%8a%e3%83%83%e3%83%84%e3%81%a8%e3%83%a9%e3%82%ba%e3%83%99%e3%83%aa%e3%83%bc%e3%81%ae-2\/","name":"\u30ad\u30e3\u30e9\u30e1\u30ea\u30bc\u3057\u305f\u30d8\u30fc\u30bc\u30eb\u30ca\u30c3\u30c4\u3068\u30e9\u30ba\u30d9\u30ea\u30fc\u306e\u30d7\u30e9\u30ea\u30cd50\uff05\uff08\u30d5\u30e9\u30f3\u30b9\u8a9e\uff09 - Unipatis","isPartOf":{"@id":"https:\/\/www.unipatis.fr\/en\/#website"},"primaryImageOfPage":{"@id":"https:\/\/www.unipatis.fr\/ja\/produit\/%e3%82%ad%e3%83%a3%e3%83%a9%e3%83%a1%e3%83%aa%e3%82%bc%e3%81%97%e3%81%9f%e3%83%98%e3%83%bc%e3%82%bc%e3%83%ab%e3%83%8a%e3%83%83%e3%83%84%e3%81%a8%e3%83%a9%e3%82%ba%e3%83%99%e3%83%aa%e3%83%bc%e3%81%ae-2\/#primaryimage"},"image":{"@id":"https:\/\/www.unipatis.fr\/ja\/produit\/%e3%82%ad%e3%83%a3%e3%83%a9%e3%83%a1%e3%83%aa%e3%82%bc%e3%81%97%e3%81%9f%e3%83%98%e3%83%bc%e3%82%bc%e3%83%ab%e3%83%8a%e3%83%83%e3%83%84%e3%81%a8%e3%83%a9%e3%82%ba%e3%83%99%e3%83%aa%e3%83%bc%e3%81%ae-2\/#primaryimage"},"thumbnailUrl":"https:\/\/www.unipatis.fr\/wp-content\/uploads\/2022\/02\/seau_caramelise_noisette_framboise.png","datePublished":"2022-02-11T11:11:14+00:00","dateModified":"2026-04-09T08:33:10+00:00","breadcrumb":{"@id":"https:\/\/www.unipatis.fr\/ja\/produit\/%e3%82%ad%e3%83%a3%e3%83%a9%e3%83%a1%e3%83%aa%e3%82%bc%e3%81%97%e3%81%9f%e3%83%98%e3%83%bc%e3%82%bc%e3%83%ab%e3%83%8a%e3%83%83%e3%83%84%e3%81%a8%e3%83%a9%e3%82%ba%e3%83%99%e3%83%aa%e3%83%bc%e3%81%ae-2\/#breadcrumb"},"inLanguage":"ja","potentialAction":[{"@type":"ReadAction","target":["https:\/\/www.unipatis.fr\/ja\/produit\/%e3%82%ad%e3%83%a3%e3%83%a9%e3%83%a1%e3%83%aa%e3%82%bc%e3%81%97%e3%81%9f%e3%83%98%e3%83%bc%e3%82%bc%e3%83%ab%e3%83%8a%e3%83%83%e3%83%84%e3%81%a8%e3%83%a9%e3%82%ba%e3%83%99%e3%83%aa%e3%83%bc%e3%81%ae-2\/"]}]},{"@type":"ImageObject","inLanguage":"ja","@id":"https:\/\/www.unipatis.fr\/ja\/produit\/%e3%82%ad%e3%83%a3%e3%83%a9%e3%83%a1%e3%83%aa%e3%82%bc%e3%81%97%e3%81%9f%e3%83%98%e3%83%bc%e3%82%bc%e3%83%ab%e3%83%8a%e3%83%83%e3%83%84%e3%81%a8%e3%83%a9%e3%82%ba%e3%83%99%e3%83%aa%e3%83%bc%e3%81%ae-2\/#primaryimage","url":"https:\/\/www.unipatis.fr\/wp-content\/uploads\/2022\/02\/seau_caramelise_noisette_framboise.png","contentUrl":"https:\/\/www.unipatis.fr\/wp-content\/uploads\/2022\/02\/seau_caramelise_noisette_framboise.png","width":1261,"height":1179,"caption":"\u30ad\u30e3\u30e9\u30e1\u30ea\u30bc\u30fb\u30d8\u30fc\u30bc\u30eb\u30ca\u30c3\u30c4\u30fb\u30d5\u30e9\u30f3\u30dc\u30ef\u30fc\u30ba\u30fb\u30e6\u30cb\u30d1\u30c6\u30a3\u30b9"},{"@type":"BreadcrumbList","@id":"https:\/\/www.unipatis.fr\/ja\/produit\/%e3%82%ad%e3%83%a3%e3%83%a9%e3%83%a1%e3%83%aa%e3%82%bc%e3%81%97%e3%81%9f%e3%83%98%e3%83%bc%e3%82%bc%e3%83%ab%e3%83%8a%e3%83%83%e3%83%84%e3%81%a8%e3%83%a9%e3%82%ba%e3%83%99%e3%83%aa%e3%83%bc%e3%81%ae-2\/#breadcrumb","itemListElement":[{"@type":"ListItem","position":1,"name":"Accueil","item":"https:\/\/www.unipatis.fr\/ja\/%e3%83%9b%e3%83%bc%e3%83%a0-2\/"},{"@type":"ListItem","position":2,"name":"\u30b7\u30e7\u30c3\u30d7","item":"https:\/\/www.unipatis.fr\/ja\/%e3%82%b7%e3%83%a7%e3%83%83%e3%83%97\/"},{"@type":"ListItem","position":3,"name":"\u30ad\u30e3\u30e9\u30e1\u30ea\u30bc\u3057\u305f\u30d8\u30fc\u30bc\u30eb\u30ca\u30c3\u30c4\u3068\u30e9\u30ba\u30d9\u30ea\u30fc\u306e\u30d7\u30e9\u30ea\u30cd50\uff05\uff08\u30d5\u30e9\u30f3\u30b9\u8a9e\uff09"}]},{"@type":"WebSite","@id":"https:\/\/www.unipatis.fr\/en\/#website","url":"https:\/\/www.unipatis.fr\/en\/","name":"Unipatis","description":"Unipatis Maison est une entreprise familiale sp\u00e9cialis\u00e9e dans la fabrication d&#039;ingr\u00e9dients p\u00e2tissiers et chocolatiers depuis quatre g\u00e9n\u00e9rations.","publisher":{"@id":"https:\/\/www.unipatis.fr\/en\/#organization"},"potentialAction":[{"@type":"SearchAction","target":{"@type":"EntryPoint","urlTemplate":"https:\/\/www.unipatis.fr\/en\/?s={search_term_string}"},"query-input":{"@type":"PropertyValueSpecification","valueRequired":true,"valueName":"search_term_string"}}],"inLanguage":"ja"},{"@type":"Organization","@id":"https:\/\/www.unipatis.fr\/en\/#organization","name":"Unipatis","url":"https:\/\/www.unipatis.fr\/en\/","logo":{"@type":"ImageObject","inLanguage":"ja","@id":"https:\/\/www.unipatis.fr\/en\/#\/schema\/logo\/image\/","url":"https:\/\/www.unipatis.fr\/wp-content\/uploads\/2021\/10\/UNIPATIS_logo_flag_2021-1.svg","contentUrl":"https:\/\/www.unipatis.fr\/wp-content\/uploads\/2021\/10\/UNIPATIS_logo_flag_2021-1.svg","width":150,"height":184,"caption":"Unipatis"},"image":{"@id":"https:\/\/www.unipatis.fr\/en\/#\/schema\/logo\/image\/"},"sameAs":["https:\/\/www.facebook.com\/unipatis","https:\/\/www.instagram.com\/unipatis","https:\/\/www.youtube.com\/@Unipatis"]}]}},"_links":{"self":[{"href":"https:\/\/www.unipatis.fr\/ja\/wp-json\/wp\/v2\/product\/13821","targetHints":{"allow":["GET"]}}],"collection":[{"href":"https:\/\/www.unipatis.fr\/ja\/wp-json\/wp\/v2\/product"}],"about":[{"href":"https:\/\/www.unipatis.fr\/ja\/wp-json\/wp\/v2\/types\/product"}],"replies":[{"embeddable":true,"href":"https:\/\/www.unipatis.fr\/ja\/wp-json\/wp\/v2\/comments?post=13821"}],"version-history":[{"count":1,"href":"https:\/\/www.unipatis.fr\/ja\/wp-json\/wp\/v2\/product\/13821\/revisions"}],"predecessor-version":[{"id":26645,"href":"https:\/\/www.unipatis.fr\/ja\/wp-json\/wp\/v2\/product\/13821\/revisions\/26645"}],"wp:featuredmedia":[{"embeddable":true,"href":"https:\/\/www.unipatis.fr\/ja\/wp-json\/wp\/v2\/media\/11324"}],"wp:attachment":[{"href":"https:\/\/www.unipatis.fr\/ja\/wp-json\/wp\/v2\/media?parent=13821"}],"wp:term":[{"taxonomy":"product_brand","embeddable":true,"href":"https:\/\/www.unipatis.fr\/ja\/wp-json\/wp\/v2\/product_brand?post=13821"},{"taxonomy":"product_cat","embeddable":true,"href":"https:\/\/www.unipatis.fr\/ja\/wp-json\/wp\/v2\/product_cat?post=13821"},{"taxonomy":"product_tag","embeddable":true,"href":"https:\/\/www.unipatis.fr\/ja\/wp-json\/wp\/v2\/product_tag?post=13821"}],"curies":[{"name":"wp","href":"https:\/\/api.w.org\/{rel}","templated":true}]}}