{"id":14073,"date":"2022-02-11T12:11:14","date_gmt":"2022-02-11T11:11:14","guid":{"rendered":"https:\/\/www.unipatis.fr\/produit\/%e3%83%9b%e3%83%83%e3%83%88%e3%83%81%e3%83%a7%e3%82%b3%e3%83%ac%e3%83%bc%e3%83%88%e3%82%bd%e3%83%bc%e3%82%b9-35\/"},"modified":"2026-04-09T10:34:05","modified_gmt":"2026-04-09T08:34:05","slug":"%e3%83%9b%e3%83%83%e3%83%88%e3%83%81%e3%83%a7%e3%82%b3%e3%83%ac%e3%83%bc%e3%83%88%e3%82%bd%e3%83%bc%e3%82%b9-35","status":"publish","type":"product","link":"https:\/\/www.unipatis.fr\/ja\/produit\/%e3%83%9b%e3%83%83%e3%83%88%e3%83%81%e3%83%a7%e3%82%b3%e3%83%ac%e3%83%bc%e3%83%88%e3%82%bd%e3%83%bc%e3%82%b9-35\/","title":{"rendered":"\u30db\u30c3\u30c8\u30c1\u30e7\u30b3\u30ec\u30fc\u30c8\u30bd\u30fc\u30b9 (35%)"},"content":{"rendered":"","protected":false},"excerpt":{"rendered":"<p>\u30a2\u30a4\u30b9\u30af\u30ea\u30fc\u30e0\u3001\u30d7\u30ed\u30d5\u30a3\u30c8\u30ed\u30fc\u30eb\u3001\u30d9\u30eb\u30a8\u30ec\u30fc\u30cc\u6d0b\u68a8\u3001\u30af\u30ec\u30fc\u30d7\u306b\u6700\u9069\u306a\u30c1\u30e7\u30b3\u30ec\u30fc\u30c8\u30c7\u30b6\u30fc\u30c8\u30bd\u30fc\u30b9&#8230;<\/p>\n<p>\u4ed6\u306e\u690d\u7269\u6027\u6cb9\u8102\u3092\u4e00\u5207\u4f7f\u7528\u305b\u305a\u3001\u7d14\u7c8b\u306a\u30c0\u30fc\u30af\u30ab\u30ab\u30aa\u30d0\u30bf\u30fc\u30c1\u30e7\u30b3\u30ec\u30fc\u30c8\uff0835\uff05\uff09\u3092\u4f7f\u7528\u3002<\/p>\n<p>\u30d1\u30fc\u30e0\u6cb9\u4e0d\u4f7f\u7528\u3001\u7740\u8272\u6599\u4e0d\u4f7f\u7528\u3001\u907a\u4f1d\u5b50\u7d44\u307f\u63db\u3048\u98df\u54c1\u4e0d\u4f7f\u7528\u3002<\/p>\n","protected":false},"featured_media":25208,"comment_status":"closed","ping_status":"closed","template":"","meta":{"_acf_changed":false,"inline_featured_image":false},"product_brand":[],"product_cat":[560,439,504],"product_tag":[],"class_list":{"0":"post-14073","1":"product","2":"type-product","3":"status-publish","4":"has-post-thumbnail","6":"product_cat-21-","7":"product_cat-24-","8":"product_cat-504","9":"sales-flash-overlay","10":"woocommerce-text-align-center","11":"woocommerce-image-align-center","12":"do-quantity-buttons","14":"first","15":"instock","16":"product-type-simple"},"acf":[],"yoast_head":"<!-- This site is optimized with the Yoast SEO plugin v27.2 - https:\/\/yoast.com\/product\/yoast-seo-wordpress\/ -->\n<title>\u30db\u30c3\u30c8\u30c1\u30e7\u30b3\u30ec\u30fc\u30c8\u30bd\u30fc\u30b9 (35%) - Unipatis<\/title>\n<meta name=\"description\" content=\"\u30e6\u30cb\u30d1\u30c6\u30a3\u30b935\uff05\u696d\u52d9\u7528\u30db\u30c3\u30c8\u30c1\u30e7\u30b3\u30ec\u30fc\u30c8\u30bd\u30fc\u30b9\uff1a\u30d4\u30e5\u30a2\u30c0\u30fc\u30af\u30b3\u30b3\u30a2\u30d0\u30bf\u30fc\u30c1\u30e7\u30b3\u30ec\u30fc\u30c8\u3002\u30a2\u30a4\u30b9\u30af\u30ea\u30fc\u30e0\u3001\u30d7\u30ed\u30d5\u30a3\u30c8\u30ed\u30fc\u30eb\u3001\u30af\u30ec\u30fc\u30d7\u306b\u6700\u9069\u3002\u3059\u3050\u306b\u4f7f\u3048\u308b\u3001\u30d1\u30fc\u30e0\u30d5\u30ea\u30fc\u3002\" \/>\n<meta name=\"robots\" content=\"index, follow, max-snippet:-1, max-image-preview:large, max-video-preview:-1\" \/>\n<link rel=\"canonical\" href=\"https:\/\/www.unipatis.fr\/ja\/produit\/\u30db\u30c3\u30c8\u30c1\u30e7\u30b3\u30ec\u30fc\u30c8\u30bd\u30fc\u30b9-35\/\" \/>\n<meta property=\"og:locale\" content=\"ja_JP\" \/>\n<meta property=\"og:type\" content=\"article\" \/>\n<meta property=\"og:title\" content=\"\u30db\u30c3\u30c8\u30c1\u30e7\u30b3\u30ec\u30fc\u30c8\u30bd\u30fc\u30b9 (35%) - Unipatis\" \/>\n<meta property=\"og:description\" content=\"\u30e6\u30cb\u30d1\u30c6\u30a3\u30b935\uff05\u696d\u52d9\u7528\u30db\u30c3\u30c8\u30c1\u30e7\u30b3\u30ec\u30fc\u30c8\u30bd\u30fc\u30b9\uff1a\u30d4\u30e5\u30a2\u30c0\u30fc\u30af\u30b3\u30b3\u30a2\u30d0\u30bf\u30fc\u30c1\u30e7\u30b3\u30ec\u30fc\u30c8\u3002\u30a2\u30a4\u30b9\u30af\u30ea\u30fc\u30e0\u3001\u30d7\u30ed\u30d5\u30a3\u30c8\u30ed\u30fc\u30eb\u3001\u30af\u30ec\u30fc\u30d7\u306b\u6700\u9069\u3002\u3059\u3050\u306b\u4f7f\u3048\u308b\u3001\u30d1\u30fc\u30e0\u30d5\u30ea\u30fc\u3002\" \/>\n<meta property=\"og:url\" content=\"https:\/\/www.unipatis.fr\/ja\/produit\/\u30db\u30c3\u30c8\u30c1\u30e7\u30b3\u30ec\u30fc\u30c8\u30bd\u30fc\u30b9-35\/\" \/>\n<meta property=\"og:site_name\" content=\"Unipatis\" \/>\n<meta property=\"article:publisher\" content=\"https:\/\/www.facebook.com\/unipatis\" \/>\n<meta property=\"article:modified_time\" content=\"2026-04-09T08:34:05+00:00\" \/>\n<meta property=\"og:image\" content=\"https:\/\/www.unipatis.fr\/wp-content\/uploads\/2022\/02\/Sauce-chaude-au-chocolat-35.png\" \/>\n\t<meta property=\"og:image:width\" content=\"544\" \/>\n\t<meta property=\"og:image:height\" content=\"544\" \/>\n\t<meta property=\"og:image:type\" content=\"image\/png\" \/>\n<meta name=\"twitter:card\" content=\"summary_large_image\" \/>\n<script type=\"application\/ld+json\" class=\"yoast-schema-graph\">{\"@context\":\"https:\/\/schema.org\",\"@graph\":[{\"@type\":\"WebPage\",\"@id\":\"https:\/\/www.unipatis.fr\/ja\/produit\/%e3%83%9b%e3%83%83%e3%83%88%e3%83%81%e3%83%a7%e3%82%b3%e3%83%ac%e3%83%bc%e3%83%88%e3%82%bd%e3%83%bc%e3%82%b9-35\/\",\"url\":\"https:\/\/www.unipatis.fr\/ja\/produit\/%e3%83%9b%e3%83%83%e3%83%88%e3%83%81%e3%83%a7%e3%82%b3%e3%83%ac%e3%83%bc%e3%83%88%e3%82%bd%e3%83%bc%e3%82%b9-35\/\",\"name\":\"\u30db\u30c3\u30c8\u30c1\u30e7\u30b3\u30ec\u30fc\u30c8\u30bd\u30fc\u30b9 (35%) - Unipatis\",\"isPartOf\":{\"@id\":\"https:\/\/www.unipatis.fr\/en\/#website\"},\"primaryImageOfPage\":{\"@id\":\"https:\/\/www.unipatis.fr\/ja\/produit\/%e3%83%9b%e3%83%83%e3%83%88%e3%83%81%e3%83%a7%e3%82%b3%e3%83%ac%e3%83%bc%e3%83%88%e3%82%bd%e3%83%bc%e3%82%b9-35\/#primaryimage\"},\"image\":{\"@id\":\"https:\/\/www.unipatis.fr\/ja\/produit\/%e3%83%9b%e3%83%83%e3%83%88%e3%83%81%e3%83%a7%e3%82%b3%e3%83%ac%e3%83%bc%e3%83%88%e3%82%bd%e3%83%bc%e3%82%b9-35\/#primaryimage\"},\"thumbnailUrl\":\"https:\/\/www.unipatis.fr\/wp-content\/uploads\/2022\/02\/Sauce-chaude-au-chocolat-35.png\",\"datePublished\":\"2022-02-11T11:11:14+00:00\",\"dateModified\":\"2026-04-09T08:34:05+00:00\",\"description\":\"\u30e6\u30cb\u30d1\u30c6\u30a3\u30b935\uff05\u696d\u52d9\u7528\u30db\u30c3\u30c8\u30c1\u30e7\u30b3\u30ec\u30fc\u30c8\u30bd\u30fc\u30b9\uff1a\u30d4\u30e5\u30a2\u30c0\u30fc\u30af\u30b3\u30b3\u30a2\u30d0\u30bf\u30fc\u30c1\u30e7\u30b3\u30ec\u30fc\u30c8\u3002\u30a2\u30a4\u30b9\u30af\u30ea\u30fc\u30e0\u3001\u30d7\u30ed\u30d5\u30a3\u30c8\u30ed\u30fc\u30eb\u3001\u30af\u30ec\u30fc\u30d7\u306b\u6700\u9069\u3002\u3059\u3050\u306b\u4f7f\u3048\u308b\u3001\u30d1\u30fc\u30e0\u30d5\u30ea\u30fc\u3002\",\"breadcrumb\":{\"@id\":\"https:\/\/www.unipatis.fr\/ja\/produit\/%e3%83%9b%e3%83%83%e3%83%88%e3%83%81%e3%83%a7%e3%82%b3%e3%83%ac%e3%83%bc%e3%83%88%e3%82%bd%e3%83%bc%e3%82%b9-35\/#breadcrumb\"},\"inLanguage\":\"ja\",\"potentialAction\":[{\"@type\":\"ReadAction\",\"target\":[\"https:\/\/www.unipatis.fr\/ja\/produit\/%e3%83%9b%e3%83%83%e3%83%88%e3%83%81%e3%83%a7%e3%82%b3%e3%83%ac%e3%83%bc%e3%83%88%e3%82%bd%e3%83%bc%e3%82%b9-35\/\"]}]},{\"@type\":\"ImageObject\",\"inLanguage\":\"ja\",\"@id\":\"https:\/\/www.unipatis.fr\/ja\/produit\/%e3%83%9b%e3%83%83%e3%83%88%e3%83%81%e3%83%a7%e3%82%b3%e3%83%ac%e3%83%bc%e3%83%88%e3%82%bd%e3%83%bc%e3%82%b9-35\/#primaryimage\",\"url\":\"https:\/\/www.unipatis.fr\/wp-content\/uploads\/2022\/02\/Sauce-chaude-au-chocolat-35.png\",\"contentUrl\":\"https:\/\/www.unipatis.fr\/wp-content\/uploads\/2022\/02\/Sauce-chaude-au-chocolat-35.png\",\"width\":544,\"height\":544,\"caption\":\"\u30e6\u30cb\u30d1\u30c6\u30a3\u30b9 \u30db\u30c3\u30c8\u30c1\u30e7\u30b3\u30ec\u30fc\u30c8\u30bd\u30fc\u30b9 (35%)\"},{\"@type\":\"BreadcrumbList\",\"@id\":\"https:\/\/www.unipatis.fr\/ja\/produit\/%e3%83%9b%e3%83%83%e3%83%88%e3%83%81%e3%83%a7%e3%82%b3%e3%83%ac%e3%83%bc%e3%83%88%e3%82%bd%e3%83%bc%e3%82%b9-35\/#breadcrumb\",\"itemListElement\":[{\"@type\":\"ListItem\",\"position\":1,\"name\":\"Accueil\",\"item\":\"https:\/\/www.unipatis.fr\/ja\/%e3%83%9b%e3%83%bc%e3%83%a0-2\/\"},{\"@type\":\"ListItem\",\"position\":2,\"name\":\"\u30b7\u30e7\u30c3\u30d7\",\"item\":\"https:\/\/www.unipatis.fr\/ja\/%e3%82%b7%e3%83%a7%e3%83%83%e3%83%97\/\"},{\"@type\":\"ListItem\",\"position\":3,\"name\":\"\u30db\u30c3\u30c8\u30c1\u30e7\u30b3\u30ec\u30fc\u30c8\u30bd\u30fc\u30b9 (35%)\"}]},{\"@type\":\"WebSite\",\"@id\":\"https:\/\/www.unipatis.fr\/en\/#website\",\"url\":\"https:\/\/www.unipatis.fr\/en\/\",\"name\":\"Unipatis\",\"description\":\"Unipatis Maison est une entreprise familiale sp\u00e9cialis\u00e9e dans la fabrication d&#039;ingr\u00e9dients p\u00e2tissiers et chocolatiers depuis quatre g\u00e9n\u00e9rations.\",\"publisher\":{\"@id\":\"https:\/\/www.unipatis.fr\/en\/#organization\"},\"potentialAction\":[{\"@type\":\"SearchAction\",\"target\":{\"@type\":\"EntryPoint\",\"urlTemplate\":\"https:\/\/www.unipatis.fr\/en\/?s={search_term_string}\"},\"query-input\":{\"@type\":\"PropertyValueSpecification\",\"valueRequired\":true,\"valueName\":\"search_term_string\"}}],\"inLanguage\":\"ja\"},{\"@type\":\"Organization\",\"@id\":\"https:\/\/www.unipatis.fr\/en\/#organization\",\"name\":\"Unipatis\",\"url\":\"https:\/\/www.unipatis.fr\/en\/\",\"logo\":{\"@type\":\"ImageObject\",\"inLanguage\":\"ja\",\"@id\":\"https:\/\/www.unipatis.fr\/en\/#\/schema\/logo\/image\/\",\"url\":\"https:\/\/www.unipatis.fr\/wp-content\/uploads\/2021\/10\/UNIPATIS_logo_flag_2021-1.svg\",\"contentUrl\":\"https:\/\/www.unipatis.fr\/wp-content\/uploads\/2021\/10\/UNIPATIS_logo_flag_2021-1.svg\",\"width\":150,\"height\":184,\"caption\":\"Unipatis\"},\"image\":{\"@id\":\"https:\/\/www.unipatis.fr\/en\/#\/schema\/logo\/image\/\"},\"sameAs\":[\"https:\/\/www.facebook.com\/unipatis\",\"https:\/\/www.instagram.com\/unipatis\",\"https:\/\/www.youtube.com\/@Unipatis\"]}]}<\/script>\n<!-- \/ Yoast SEO plugin. -->","yoast_head_json":{"title":"\u30db\u30c3\u30c8\u30c1\u30e7\u30b3\u30ec\u30fc\u30c8\u30bd\u30fc\u30b9 (35%) - Unipatis","description":"\u30e6\u30cb\u30d1\u30c6\u30a3\u30b935\uff05\u696d\u52d9\u7528\u30db\u30c3\u30c8\u30c1\u30e7\u30b3\u30ec\u30fc\u30c8\u30bd\u30fc\u30b9\uff1a\u30d4\u30e5\u30a2\u30c0\u30fc\u30af\u30b3\u30b3\u30a2\u30d0\u30bf\u30fc\u30c1\u30e7\u30b3\u30ec\u30fc\u30c8\u3002\u30a2\u30a4\u30b9\u30af\u30ea\u30fc\u30e0\u3001\u30d7\u30ed\u30d5\u30a3\u30c8\u30ed\u30fc\u30eb\u3001\u30af\u30ec\u30fc\u30d7\u306b\u6700\u9069\u3002\u3059\u3050\u306b\u4f7f\u3048\u308b\u3001\u30d1\u30fc\u30e0\u30d5\u30ea\u30fc\u3002","robots":{"index":"index","follow":"follow","max-snippet":"max-snippet:-1","max-image-preview":"max-image-preview:large","max-video-preview":"max-video-preview:-1"},"canonical":"https:\/\/www.unipatis.fr\/ja\/produit\/\u30db\u30c3\u30c8\u30c1\u30e7\u30b3\u30ec\u30fc\u30c8\u30bd\u30fc\u30b9-35\/","og_locale":"ja_JP","og_type":"article","og_title":"\u30db\u30c3\u30c8\u30c1\u30e7\u30b3\u30ec\u30fc\u30c8\u30bd\u30fc\u30b9 (35%) - Unipatis","og_description":"\u30e6\u30cb\u30d1\u30c6\u30a3\u30b935\uff05\u696d\u52d9\u7528\u30db\u30c3\u30c8\u30c1\u30e7\u30b3\u30ec\u30fc\u30c8\u30bd\u30fc\u30b9\uff1a\u30d4\u30e5\u30a2\u30c0\u30fc\u30af\u30b3\u30b3\u30a2\u30d0\u30bf\u30fc\u30c1\u30e7\u30b3\u30ec\u30fc\u30c8\u3002\u30a2\u30a4\u30b9\u30af\u30ea\u30fc\u30e0\u3001\u30d7\u30ed\u30d5\u30a3\u30c8\u30ed\u30fc\u30eb\u3001\u30af\u30ec\u30fc\u30d7\u306b\u6700\u9069\u3002\u3059\u3050\u306b\u4f7f\u3048\u308b\u3001\u30d1\u30fc\u30e0\u30d5\u30ea\u30fc\u3002","og_url":"https:\/\/www.unipatis.fr\/ja\/produit\/\u30db\u30c3\u30c8\u30c1\u30e7\u30b3\u30ec\u30fc\u30c8\u30bd\u30fc\u30b9-35\/","og_site_name":"Unipatis","article_publisher":"https:\/\/www.facebook.com\/unipatis","article_modified_time":"2026-04-09T08:34:05+00:00","og_image":[{"width":544,"height":544,"url":"https:\/\/www.unipatis.fr\/wp-content\/uploads\/2022\/02\/Sauce-chaude-au-chocolat-35.png","type":"image\/png"}],"twitter_card":"summary_large_image","schema":{"@context":"https:\/\/schema.org","@graph":[{"@type":"WebPage","@id":"https:\/\/www.unipatis.fr\/ja\/produit\/%e3%83%9b%e3%83%83%e3%83%88%e3%83%81%e3%83%a7%e3%82%b3%e3%83%ac%e3%83%bc%e3%83%88%e3%82%bd%e3%83%bc%e3%82%b9-35\/","url":"https:\/\/www.unipatis.fr\/ja\/produit\/%e3%83%9b%e3%83%83%e3%83%88%e3%83%81%e3%83%a7%e3%82%b3%e3%83%ac%e3%83%bc%e3%83%88%e3%82%bd%e3%83%bc%e3%82%b9-35\/","name":"\u30db\u30c3\u30c8\u30c1\u30e7\u30b3\u30ec\u30fc\u30c8\u30bd\u30fc\u30b9 (35%) - Unipatis","isPartOf":{"@id":"https:\/\/www.unipatis.fr\/en\/#website"},"primaryImageOfPage":{"@id":"https:\/\/www.unipatis.fr\/ja\/produit\/%e3%83%9b%e3%83%83%e3%83%88%e3%83%81%e3%83%a7%e3%82%b3%e3%83%ac%e3%83%bc%e3%83%88%e3%82%bd%e3%83%bc%e3%82%b9-35\/#primaryimage"},"image":{"@id":"https:\/\/www.unipatis.fr\/ja\/produit\/%e3%83%9b%e3%83%83%e3%83%88%e3%83%81%e3%83%a7%e3%82%b3%e3%83%ac%e3%83%bc%e3%83%88%e3%82%bd%e3%83%bc%e3%82%b9-35\/#primaryimage"},"thumbnailUrl":"https:\/\/www.unipatis.fr\/wp-content\/uploads\/2022\/02\/Sauce-chaude-au-chocolat-35.png","datePublished":"2022-02-11T11:11:14+00:00","dateModified":"2026-04-09T08:34:05+00:00","description":"\u30e6\u30cb\u30d1\u30c6\u30a3\u30b935\uff05\u696d\u52d9\u7528\u30db\u30c3\u30c8\u30c1\u30e7\u30b3\u30ec\u30fc\u30c8\u30bd\u30fc\u30b9\uff1a\u30d4\u30e5\u30a2\u30c0\u30fc\u30af\u30b3\u30b3\u30a2\u30d0\u30bf\u30fc\u30c1\u30e7\u30b3\u30ec\u30fc\u30c8\u3002\u30a2\u30a4\u30b9\u30af\u30ea\u30fc\u30e0\u3001\u30d7\u30ed\u30d5\u30a3\u30c8\u30ed\u30fc\u30eb\u3001\u30af\u30ec\u30fc\u30d7\u306b\u6700\u9069\u3002\u3059\u3050\u306b\u4f7f\u3048\u308b\u3001\u30d1\u30fc\u30e0\u30d5\u30ea\u30fc\u3002","breadcrumb":{"@id":"https:\/\/www.unipatis.fr\/ja\/produit\/%e3%83%9b%e3%83%83%e3%83%88%e3%83%81%e3%83%a7%e3%82%b3%e3%83%ac%e3%83%bc%e3%83%88%e3%82%bd%e3%83%bc%e3%82%b9-35\/#breadcrumb"},"inLanguage":"ja","potentialAction":[{"@type":"ReadAction","target":["https:\/\/www.unipatis.fr\/ja\/produit\/%e3%83%9b%e3%83%83%e3%83%88%e3%83%81%e3%83%a7%e3%82%b3%e3%83%ac%e3%83%bc%e3%83%88%e3%82%bd%e3%83%bc%e3%82%b9-35\/"]}]},{"@type":"ImageObject","inLanguage":"ja","@id":"https:\/\/www.unipatis.fr\/ja\/produit\/%e3%83%9b%e3%83%83%e3%83%88%e3%83%81%e3%83%a7%e3%82%b3%e3%83%ac%e3%83%bc%e3%83%88%e3%82%bd%e3%83%bc%e3%82%b9-35\/#primaryimage","url":"https:\/\/www.unipatis.fr\/wp-content\/uploads\/2022\/02\/Sauce-chaude-au-chocolat-35.png","contentUrl":"https:\/\/www.unipatis.fr\/wp-content\/uploads\/2022\/02\/Sauce-chaude-au-chocolat-35.png","width":544,"height":544,"caption":"\u30e6\u30cb\u30d1\u30c6\u30a3\u30b9 \u30db\u30c3\u30c8\u30c1\u30e7\u30b3\u30ec\u30fc\u30c8\u30bd\u30fc\u30b9 (35%)"},{"@type":"BreadcrumbList","@id":"https:\/\/www.unipatis.fr\/ja\/produit\/%e3%83%9b%e3%83%83%e3%83%88%e3%83%81%e3%83%a7%e3%82%b3%e3%83%ac%e3%83%bc%e3%83%88%e3%82%bd%e3%83%bc%e3%82%b9-35\/#breadcrumb","itemListElement":[{"@type":"ListItem","position":1,"name":"Accueil","item":"https:\/\/www.unipatis.fr\/ja\/%e3%83%9b%e3%83%bc%e3%83%a0-2\/"},{"@type":"ListItem","position":2,"name":"\u30b7\u30e7\u30c3\u30d7","item":"https:\/\/www.unipatis.fr\/ja\/%e3%82%b7%e3%83%a7%e3%83%83%e3%83%97\/"},{"@type":"ListItem","position":3,"name":"\u30db\u30c3\u30c8\u30c1\u30e7\u30b3\u30ec\u30fc\u30c8\u30bd\u30fc\u30b9 (35%)"}]},{"@type":"WebSite","@id":"https:\/\/www.unipatis.fr\/en\/#website","url":"https:\/\/www.unipatis.fr\/en\/","name":"Unipatis","description":"Unipatis Maison est une entreprise familiale sp\u00e9cialis\u00e9e dans la fabrication d&#039;ingr\u00e9dients p\u00e2tissiers et chocolatiers depuis quatre g\u00e9n\u00e9rations.","publisher":{"@id":"https:\/\/www.unipatis.fr\/en\/#organization"},"potentialAction":[{"@type":"SearchAction","target":{"@type":"EntryPoint","urlTemplate":"https:\/\/www.unipatis.fr\/en\/?s={search_term_string}"},"query-input":{"@type":"PropertyValueSpecification","valueRequired":true,"valueName":"search_term_string"}}],"inLanguage":"ja"},{"@type":"Organization","@id":"https:\/\/www.unipatis.fr\/en\/#organization","name":"Unipatis","url":"https:\/\/www.unipatis.fr\/en\/","logo":{"@type":"ImageObject","inLanguage":"ja","@id":"https:\/\/www.unipatis.fr\/en\/#\/schema\/logo\/image\/","url":"https:\/\/www.unipatis.fr\/wp-content\/uploads\/2021\/10\/UNIPATIS_logo_flag_2021-1.svg","contentUrl":"https:\/\/www.unipatis.fr\/wp-content\/uploads\/2021\/10\/UNIPATIS_logo_flag_2021-1.svg","width":150,"height":184,"caption":"Unipatis"},"image":{"@id":"https:\/\/www.unipatis.fr\/en\/#\/schema\/logo\/image\/"},"sameAs":["https:\/\/www.facebook.com\/unipatis","https:\/\/www.instagram.com\/unipatis","https:\/\/www.youtube.com\/@Unipatis"]}]}},"_links":{"self":[{"href":"https:\/\/www.unipatis.fr\/ja\/wp-json\/wp\/v2\/product\/14073","targetHints":{"allow":["GET"]}}],"collection":[{"href":"https:\/\/www.unipatis.fr\/ja\/wp-json\/wp\/v2\/product"}],"about":[{"href":"https:\/\/www.unipatis.fr\/ja\/wp-json\/wp\/v2\/types\/product"}],"replies":[{"embeddable":true,"href":"https:\/\/www.unipatis.fr\/ja\/wp-json\/wp\/v2\/comments?post=14073"}],"version-history":[{"count":1,"href":"https:\/\/www.unipatis.fr\/ja\/wp-json\/wp\/v2\/product\/14073\/revisions"}],"predecessor-version":[{"id":27361,"href":"https:\/\/www.unipatis.fr\/ja\/wp-json\/wp\/v2\/product\/14073\/revisions\/27361"}],"wp:featuredmedia":[{"embeddable":true,"href":"https:\/\/www.unipatis.fr\/ja\/wp-json\/wp\/v2\/media\/25208"}],"wp:attachment":[{"href":"https:\/\/www.unipatis.fr\/ja\/wp-json\/wp\/v2\/media?parent=14073"}],"wp:term":[{"taxonomy":"product_brand","embeddable":true,"href":"https:\/\/www.unipatis.fr\/ja\/wp-json\/wp\/v2\/product_brand?post=14073"},{"taxonomy":"product_cat","embeddable":true,"href":"https:\/\/www.unipatis.fr\/ja\/wp-json\/wp\/v2\/product_cat?post=14073"},{"taxonomy":"product_tag","embeddable":true,"href":"https:\/\/www.unipatis.fr\/ja\/wp-json\/wp\/v2\/product_tag?post=14073"}],"curies":[{"name":"wp","href":"https:\/\/api.w.org\/{rel}","templated":true}]}}