{"id":14510,"date":"2022-02-11T12:12:43","date_gmt":"2022-02-11T11:12:43","guid":{"rendered":"https:\/\/www.unipatis.fr\/produit\/%e3%83%95%e3%83%ab%e3%83%bc%e3%83%84%e3%83%9a%e3%83%bc%e3%82%b9%e3%83%88%e7%94%a8%e3%83%9a%e3%82%af%e3%83%81%e3%83%b3\/"},"modified":"2026-04-12T08:29:11","modified_gmt":"2026-04-12T06:29:11","slug":"%e3%83%95%e3%83%ab%e3%83%bc%e3%83%84%e3%83%9a%e3%83%bc%e3%82%b9%e3%83%88%e7%94%a8%e3%83%9a%e3%82%af%e3%83%81%e3%83%b3","status":"publish","type":"product","link":"https:\/\/www.unipatis.fr\/ja\/produit\/%e3%83%95%e3%83%ab%e3%83%bc%e3%83%84%e3%83%9a%e3%83%bc%e3%82%b9%e3%83%88%e7%94%a8%e3%83%9a%e3%82%af%e3%83%81%e3%83%b3\/","title":{"rendered":"\u30da\u30af\u30c1\u30f3\u30d5\u30eb\u30fc\u30c4\u30da\u30fc\u30b9\u30c8"},"content":{"rendered":"","protected":false},"excerpt":{"rendered":"<p>\u30d5\u30eb\u30fc\u30c4\u30da\u30fc\u30b9\u30c8\u3084\u83d3\u5b50\u306e\u30b2\u30eb\u5316\u5264\u3002<\/p>\n","protected":false},"featured_media":21990,"comment_status":"closed","ping_status":"closed","template":"","meta":{"_acf_changed":false,"inline_featured_image":false},"product_brand":[],"product_cat":[462,464],"product_tag":[],"class_list":{"0":"post-14510","1":"product","2":"type-product","3":"status-publish","4":"has-post-thumbnail","6":"product_cat-12--2","7":"product_cat-464","8":"sales-flash-overlay","9":"woocommerce-text-align-center","10":"woocommerce-image-align-center","11":"do-quantity-buttons","13":"first","14":"instock","15":"product-type-simple"},"acf":[],"yoast_head":"<!-- This site is optimized with the Yoast SEO plugin v27.2 - https:\/\/yoast.com\/product\/yoast-seo-wordpress\/ -->\n<title>\u30da\u30af\u30c1\u30f3\u30d5\u30eb\u30fc\u30c4\u30da\u30fc\u30b9\u30c8 - Unipatis<\/title>\n<meta name=\"description\" content=\"\u7279\u6b8a\u306a\u30d5\u30eb\u30fc\u30c4\u30da\u30fc\u30b9\u30c8\u3068\u88fd\u83d3\u7528\u30da\u30af\u30c1\u30f3\u3002\u3057\u3063\u304b\u308a\u3068\u3057\u305f\u6700\u7d42\u30c6\u30af\u30b9\u30c1\u30e3\u30fc\u3001\u4e0d\u53ef\u9006\u7684\u306a\u30b2\u30eb\u3002\u7528\u91cf1\uff5e2\uff05\u3002250g\u3001500g\u30011kg\u306e\u30c1\u30e5\u30fc\u30d6\u5165\u308a\u3002\u30d7\u30ed\u306e\u54c1\u8cea\u4fdd\u8a3c\uff01\" \/>\n<meta name=\"robots\" content=\"index, follow, max-snippet:-1, max-image-preview:large, max-video-preview:-1\" \/>\n<link rel=\"canonical\" href=\"https:\/\/www.unipatis.fr\/ja\/produit\/\u30d5\u30eb\u30fc\u30c4\u30da\u30fc\u30b9\u30c8\u7528\u30da\u30af\u30c1\u30f3\/\" \/>\n<meta property=\"og:locale\" content=\"ja_JP\" \/>\n<meta property=\"og:type\" content=\"article\" \/>\n<meta property=\"og:title\" content=\"\u30da\u30af\u30c1\u30f3\u30d5\u30eb\u30fc\u30c4\u30da\u30fc\u30b9\u30c8 - Unipatis\" \/>\n<meta property=\"og:description\" content=\"\u7279\u6b8a\u306a\u30d5\u30eb\u30fc\u30c4\u30da\u30fc\u30b9\u30c8\u3068\u88fd\u83d3\u7528\u30da\u30af\u30c1\u30f3\u3002\u3057\u3063\u304b\u308a\u3068\u3057\u305f\u6700\u7d42\u30c6\u30af\u30b9\u30c1\u30e3\u30fc\u3001\u4e0d\u53ef\u9006\u7684\u306a\u30b2\u30eb\u3002\u7528\u91cf1\uff5e2\uff05\u3002250g\u3001500g\u30011kg\u306e\u30c1\u30e5\u30fc\u30d6\u5165\u308a\u3002\u30d7\u30ed\u306e\u54c1\u8cea\u4fdd\u8a3c\uff01\" \/>\n<meta property=\"og:url\" content=\"https:\/\/www.unipatis.fr\/ja\/produit\/\u30d5\u30eb\u30fc\u30c4\u30da\u30fc\u30b9\u30c8\u7528\u30da\u30af\u30c1\u30f3\/\" \/>\n<meta property=\"og:site_name\" content=\"Unipatis\" \/>\n<meta property=\"article:publisher\" content=\"https:\/\/www.facebook.com\/unipatis\" \/>\n<meta property=\"article:modified_time\" content=\"2026-04-12T06:29:11+00:00\" \/>\n<meta property=\"og:image\" content=\"https:\/\/www.unipatis.fr\/wp-content\/uploads\/2022\/02\/POT_Pectine-nappage-pate_de_fruit_1kg_octobre2024.png\" \/>\n\t<meta property=\"og:image:width\" content=\"1261\" \/>\n\t<meta property=\"og:image:height\" content=\"1179\" \/>\n\t<meta property=\"og:image:type\" content=\"image\/png\" \/>\n<meta name=\"twitter:card\" content=\"summary_large_image\" \/>\n<script type=\"application\/ld+json\" class=\"yoast-schema-graph\">{\"@context\":\"https:\/\/schema.org\",\"@graph\":[{\"@type\":\"WebPage\",\"@id\":\"https:\/\/www.unipatis.fr\/ja\/produit\/%e3%83%95%e3%83%ab%e3%83%bc%e3%83%84%e3%83%9a%e3%83%bc%e3%82%b9%e3%83%88%e7%94%a8%e3%83%9a%e3%82%af%e3%83%81%e3%83%b3\/\",\"url\":\"https:\/\/www.unipatis.fr\/ja\/produit\/%e3%83%95%e3%83%ab%e3%83%bc%e3%83%84%e3%83%9a%e3%83%bc%e3%82%b9%e3%83%88%e7%94%a8%e3%83%9a%e3%82%af%e3%83%81%e3%83%b3\/\",\"name\":\"\u30da\u30af\u30c1\u30f3\u30d5\u30eb\u30fc\u30c4\u30da\u30fc\u30b9\u30c8 - Unipatis\",\"isPartOf\":{\"@id\":\"https:\/\/www.unipatis.fr\/en\/#website\"},\"primaryImageOfPage\":{\"@id\":\"https:\/\/www.unipatis.fr\/ja\/produit\/%e3%83%95%e3%83%ab%e3%83%bc%e3%83%84%e3%83%9a%e3%83%bc%e3%82%b9%e3%83%88%e7%94%a8%e3%83%9a%e3%82%af%e3%83%81%e3%83%b3\/#primaryimage\"},\"image\":{\"@id\":\"https:\/\/www.unipatis.fr\/ja\/produit\/%e3%83%95%e3%83%ab%e3%83%bc%e3%83%84%e3%83%9a%e3%83%bc%e3%82%b9%e3%83%88%e7%94%a8%e3%83%9a%e3%82%af%e3%83%81%e3%83%b3\/#primaryimage\"},\"thumbnailUrl\":\"https:\/\/www.unipatis.fr\/wp-content\/uploads\/2022\/02\/POT_Pectine-nappage-pate_de_fruit_1kg_octobre2024.png\",\"datePublished\":\"2022-02-11T11:12:43+00:00\",\"dateModified\":\"2026-04-12T06:29:11+00:00\",\"description\":\"\u7279\u6b8a\u306a\u30d5\u30eb\u30fc\u30c4\u30da\u30fc\u30b9\u30c8\u3068\u88fd\u83d3\u7528\u30da\u30af\u30c1\u30f3\u3002\u3057\u3063\u304b\u308a\u3068\u3057\u305f\u6700\u7d42\u30c6\u30af\u30b9\u30c1\u30e3\u30fc\u3001\u4e0d\u53ef\u9006\u7684\u306a\u30b2\u30eb\u3002\u7528\u91cf1\uff5e2\uff05\u3002250g\u3001500g\u30011kg\u306e\u30c1\u30e5\u30fc\u30d6\u5165\u308a\u3002\u30d7\u30ed\u306e\u54c1\u8cea\u4fdd\u8a3c\uff01\",\"breadcrumb\":{\"@id\":\"https:\/\/www.unipatis.fr\/ja\/produit\/%e3%83%95%e3%83%ab%e3%83%bc%e3%83%84%e3%83%9a%e3%83%bc%e3%82%b9%e3%83%88%e7%94%a8%e3%83%9a%e3%82%af%e3%83%81%e3%83%b3\/#breadcrumb\"},\"inLanguage\":\"ja\",\"potentialAction\":[{\"@type\":\"ReadAction\",\"target\":[\"https:\/\/www.unipatis.fr\/ja\/produit\/%e3%83%95%e3%83%ab%e3%83%bc%e3%83%84%e3%83%9a%e3%83%bc%e3%82%b9%e3%83%88%e7%94%a8%e3%83%9a%e3%82%af%e3%83%81%e3%83%b3\/\"]}]},{\"@type\":\"ImageObject\",\"inLanguage\":\"ja\",\"@id\":\"https:\/\/www.unipatis.fr\/ja\/produit\/%e3%83%95%e3%83%ab%e3%83%bc%e3%83%84%e3%83%9a%e3%83%bc%e3%82%b9%e3%83%88%e7%94%a8%e3%83%9a%e3%82%af%e3%83%81%e3%83%b3\/#primaryimage\",\"url\":\"https:\/\/www.unipatis.fr\/wp-content\/uploads\/2022\/02\/POT_Pectine-nappage-pate_de_fruit_1kg_octobre2024.png\",\"contentUrl\":\"https:\/\/www.unipatis.fr\/wp-content\/uploads\/2022\/02\/POT_Pectine-nappage-pate_de_fruit_1kg_octobre2024.png\",\"width\":1261,\"height\":1179,\"caption\":\"\u30e6\u30cb\u30d1\u30c6\u30a3\u30b9\u30fb\u30d5\u30eb\u30fc\u30c4\u30da\u30fc\u30b9\u30c8\u30fb\u30c8\u30c3\u30d4\u30f3\u30b0\u30fb\u30da\u30af\u30c1\u30f3\"},{\"@type\":\"BreadcrumbList\",\"@id\":\"https:\/\/www.unipatis.fr\/ja\/produit\/%e3%83%95%e3%83%ab%e3%83%bc%e3%83%84%e3%83%9a%e3%83%bc%e3%82%b9%e3%83%88%e7%94%a8%e3%83%9a%e3%82%af%e3%83%81%e3%83%b3\/#breadcrumb\",\"itemListElement\":[{\"@type\":\"ListItem\",\"position\":1,\"name\":\"Accueil\",\"item\":\"https:\/\/www.unipatis.fr\/ja\/%e3%83%9b%e3%83%bc%e3%83%a0-2\/\"},{\"@type\":\"ListItem\",\"position\":2,\"name\":\"\u30b7\u30e7\u30c3\u30d7\",\"item\":\"https:\/\/www.unipatis.fr\/ja\/%e3%82%b7%e3%83%a7%e3%83%83%e3%83%97\/\"},{\"@type\":\"ListItem\",\"position\":3,\"name\":\"\u30da\u30af\u30c1\u30f3\u30d5\u30eb\u30fc\u30c4\u30da\u30fc\u30b9\u30c8\"}]},{\"@type\":\"WebSite\",\"@id\":\"https:\/\/www.unipatis.fr\/en\/#website\",\"url\":\"https:\/\/www.unipatis.fr\/en\/\",\"name\":\"Unipatis\",\"description\":\"Unipatis Maison est une entreprise familiale sp\u00e9cialis\u00e9e dans la fabrication d&#039;ingr\u00e9dients p\u00e2tissiers et chocolatiers depuis quatre g\u00e9n\u00e9rations.\",\"publisher\":{\"@id\":\"https:\/\/www.unipatis.fr\/en\/#organization\"},\"potentialAction\":[{\"@type\":\"SearchAction\",\"target\":{\"@type\":\"EntryPoint\",\"urlTemplate\":\"https:\/\/www.unipatis.fr\/en\/?s={search_term_string}\"},\"query-input\":{\"@type\":\"PropertyValueSpecification\",\"valueRequired\":true,\"valueName\":\"search_term_string\"}}],\"inLanguage\":\"ja\"},{\"@type\":\"Organization\",\"@id\":\"https:\/\/www.unipatis.fr\/en\/#organization\",\"name\":\"Unipatis\",\"url\":\"https:\/\/www.unipatis.fr\/en\/\",\"logo\":{\"@type\":\"ImageObject\",\"inLanguage\":\"ja\",\"@id\":\"https:\/\/www.unipatis.fr\/en\/#\/schema\/logo\/image\/\",\"url\":\"https:\/\/www.unipatis.fr\/wp-content\/uploads\/2021\/10\/UNIPATIS_logo_flag_2021-1.svg\",\"contentUrl\":\"https:\/\/www.unipatis.fr\/wp-content\/uploads\/2021\/10\/UNIPATIS_logo_flag_2021-1.svg\",\"width\":150,\"height\":184,\"caption\":\"Unipatis\"},\"image\":{\"@id\":\"https:\/\/www.unipatis.fr\/en\/#\/schema\/logo\/image\/\"},\"sameAs\":[\"https:\/\/www.facebook.com\/unipatis\",\"https:\/\/www.instagram.com\/unipatis\",\"https:\/\/www.youtube.com\/@Unipatis\"]}]}<\/script>\n<!-- \/ Yoast SEO plugin. -->","yoast_head_json":{"title":"\u30da\u30af\u30c1\u30f3\u30d5\u30eb\u30fc\u30c4\u30da\u30fc\u30b9\u30c8 - Unipatis","description":"\u7279\u6b8a\u306a\u30d5\u30eb\u30fc\u30c4\u30da\u30fc\u30b9\u30c8\u3068\u88fd\u83d3\u7528\u30da\u30af\u30c1\u30f3\u3002\u3057\u3063\u304b\u308a\u3068\u3057\u305f\u6700\u7d42\u30c6\u30af\u30b9\u30c1\u30e3\u30fc\u3001\u4e0d\u53ef\u9006\u7684\u306a\u30b2\u30eb\u3002\u7528\u91cf1\uff5e2\uff05\u3002250g\u3001500g\u30011kg\u306e\u30c1\u30e5\u30fc\u30d6\u5165\u308a\u3002\u30d7\u30ed\u306e\u54c1\u8cea\u4fdd\u8a3c\uff01","robots":{"index":"index","follow":"follow","max-snippet":"max-snippet:-1","max-image-preview":"max-image-preview:large","max-video-preview":"max-video-preview:-1"},"canonical":"https:\/\/www.unipatis.fr\/ja\/produit\/\u30d5\u30eb\u30fc\u30c4\u30da\u30fc\u30b9\u30c8\u7528\u30da\u30af\u30c1\u30f3\/","og_locale":"ja_JP","og_type":"article","og_title":"\u30da\u30af\u30c1\u30f3\u30d5\u30eb\u30fc\u30c4\u30da\u30fc\u30b9\u30c8 - Unipatis","og_description":"\u7279\u6b8a\u306a\u30d5\u30eb\u30fc\u30c4\u30da\u30fc\u30b9\u30c8\u3068\u88fd\u83d3\u7528\u30da\u30af\u30c1\u30f3\u3002\u3057\u3063\u304b\u308a\u3068\u3057\u305f\u6700\u7d42\u30c6\u30af\u30b9\u30c1\u30e3\u30fc\u3001\u4e0d\u53ef\u9006\u7684\u306a\u30b2\u30eb\u3002\u7528\u91cf1\uff5e2\uff05\u3002250g\u3001500g\u30011kg\u306e\u30c1\u30e5\u30fc\u30d6\u5165\u308a\u3002\u30d7\u30ed\u306e\u54c1\u8cea\u4fdd\u8a3c\uff01","og_url":"https:\/\/www.unipatis.fr\/ja\/produit\/\u30d5\u30eb\u30fc\u30c4\u30da\u30fc\u30b9\u30c8\u7528\u30da\u30af\u30c1\u30f3\/","og_site_name":"Unipatis","article_publisher":"https:\/\/www.facebook.com\/unipatis","article_modified_time":"2026-04-12T06:29:11+00:00","og_image":[{"width":1261,"height":1179,"url":"https:\/\/www.unipatis.fr\/wp-content\/uploads\/2022\/02\/POT_Pectine-nappage-pate_de_fruit_1kg_octobre2024.png","type":"image\/png"}],"twitter_card":"summary_large_image","schema":{"@context":"https:\/\/schema.org","@graph":[{"@type":"WebPage","@id":"https:\/\/www.unipatis.fr\/ja\/produit\/%e3%83%95%e3%83%ab%e3%83%bc%e3%83%84%e3%83%9a%e3%83%bc%e3%82%b9%e3%83%88%e7%94%a8%e3%83%9a%e3%82%af%e3%83%81%e3%83%b3\/","url":"https:\/\/www.unipatis.fr\/ja\/produit\/%e3%83%95%e3%83%ab%e3%83%bc%e3%83%84%e3%83%9a%e3%83%bc%e3%82%b9%e3%83%88%e7%94%a8%e3%83%9a%e3%82%af%e3%83%81%e3%83%b3\/","name":"\u30da\u30af\u30c1\u30f3\u30d5\u30eb\u30fc\u30c4\u30da\u30fc\u30b9\u30c8 - Unipatis","isPartOf":{"@id":"https:\/\/www.unipatis.fr\/en\/#website"},"primaryImageOfPage":{"@id":"https:\/\/www.unipatis.fr\/ja\/produit\/%e3%83%95%e3%83%ab%e3%83%bc%e3%83%84%e3%83%9a%e3%83%bc%e3%82%b9%e3%83%88%e7%94%a8%e3%83%9a%e3%82%af%e3%83%81%e3%83%b3\/#primaryimage"},"image":{"@id":"https:\/\/www.unipatis.fr\/ja\/produit\/%e3%83%95%e3%83%ab%e3%83%bc%e3%83%84%e3%83%9a%e3%83%bc%e3%82%b9%e3%83%88%e7%94%a8%e3%83%9a%e3%82%af%e3%83%81%e3%83%b3\/#primaryimage"},"thumbnailUrl":"https:\/\/www.unipatis.fr\/wp-content\/uploads\/2022\/02\/POT_Pectine-nappage-pate_de_fruit_1kg_octobre2024.png","datePublished":"2022-02-11T11:12:43+00:00","dateModified":"2026-04-12T06:29:11+00:00","description":"\u7279\u6b8a\u306a\u30d5\u30eb\u30fc\u30c4\u30da\u30fc\u30b9\u30c8\u3068\u88fd\u83d3\u7528\u30da\u30af\u30c1\u30f3\u3002\u3057\u3063\u304b\u308a\u3068\u3057\u305f\u6700\u7d42\u30c6\u30af\u30b9\u30c1\u30e3\u30fc\u3001\u4e0d\u53ef\u9006\u7684\u306a\u30b2\u30eb\u3002\u7528\u91cf1\uff5e2\uff05\u3002250g\u3001500g\u30011kg\u306e\u30c1\u30e5\u30fc\u30d6\u5165\u308a\u3002\u30d7\u30ed\u306e\u54c1\u8cea\u4fdd\u8a3c\uff01","breadcrumb":{"@id":"https:\/\/www.unipatis.fr\/ja\/produit\/%e3%83%95%e3%83%ab%e3%83%bc%e3%83%84%e3%83%9a%e3%83%bc%e3%82%b9%e3%83%88%e7%94%a8%e3%83%9a%e3%82%af%e3%83%81%e3%83%b3\/#breadcrumb"},"inLanguage":"ja","potentialAction":[{"@type":"ReadAction","target":["https:\/\/www.unipatis.fr\/ja\/produit\/%e3%83%95%e3%83%ab%e3%83%bc%e3%83%84%e3%83%9a%e3%83%bc%e3%82%b9%e3%83%88%e7%94%a8%e3%83%9a%e3%82%af%e3%83%81%e3%83%b3\/"]}]},{"@type":"ImageObject","inLanguage":"ja","@id":"https:\/\/www.unipatis.fr\/ja\/produit\/%e3%83%95%e3%83%ab%e3%83%bc%e3%83%84%e3%83%9a%e3%83%bc%e3%82%b9%e3%83%88%e7%94%a8%e3%83%9a%e3%82%af%e3%83%81%e3%83%b3\/#primaryimage","url":"https:\/\/www.unipatis.fr\/wp-content\/uploads\/2022\/02\/POT_Pectine-nappage-pate_de_fruit_1kg_octobre2024.png","contentUrl":"https:\/\/www.unipatis.fr\/wp-content\/uploads\/2022\/02\/POT_Pectine-nappage-pate_de_fruit_1kg_octobre2024.png","width":1261,"height":1179,"caption":"\u30e6\u30cb\u30d1\u30c6\u30a3\u30b9\u30fb\u30d5\u30eb\u30fc\u30c4\u30da\u30fc\u30b9\u30c8\u30fb\u30c8\u30c3\u30d4\u30f3\u30b0\u30fb\u30da\u30af\u30c1\u30f3"},{"@type":"BreadcrumbList","@id":"https:\/\/www.unipatis.fr\/ja\/produit\/%e3%83%95%e3%83%ab%e3%83%bc%e3%83%84%e3%83%9a%e3%83%bc%e3%82%b9%e3%83%88%e7%94%a8%e3%83%9a%e3%82%af%e3%83%81%e3%83%b3\/#breadcrumb","itemListElement":[{"@type":"ListItem","position":1,"name":"Accueil","item":"https:\/\/www.unipatis.fr\/ja\/%e3%83%9b%e3%83%bc%e3%83%a0-2\/"},{"@type":"ListItem","position":2,"name":"\u30b7\u30e7\u30c3\u30d7","item":"https:\/\/www.unipatis.fr\/ja\/%e3%82%b7%e3%83%a7%e3%83%83%e3%83%97\/"},{"@type":"ListItem","position":3,"name":"\u30da\u30af\u30c1\u30f3\u30d5\u30eb\u30fc\u30c4\u30da\u30fc\u30b9\u30c8"}]},{"@type":"WebSite","@id":"https:\/\/www.unipatis.fr\/en\/#website","url":"https:\/\/www.unipatis.fr\/en\/","name":"Unipatis","description":"Unipatis Maison est une entreprise familiale sp\u00e9cialis\u00e9e dans la fabrication d&#039;ingr\u00e9dients p\u00e2tissiers et chocolatiers depuis quatre g\u00e9n\u00e9rations.","publisher":{"@id":"https:\/\/www.unipatis.fr\/en\/#organization"},"potentialAction":[{"@type":"SearchAction","target":{"@type":"EntryPoint","urlTemplate":"https:\/\/www.unipatis.fr\/en\/?s={search_term_string}"},"query-input":{"@type":"PropertyValueSpecification","valueRequired":true,"valueName":"search_term_string"}}],"inLanguage":"ja"},{"@type":"Organization","@id":"https:\/\/www.unipatis.fr\/en\/#organization","name":"Unipatis","url":"https:\/\/www.unipatis.fr\/en\/","logo":{"@type":"ImageObject","inLanguage":"ja","@id":"https:\/\/www.unipatis.fr\/en\/#\/schema\/logo\/image\/","url":"https:\/\/www.unipatis.fr\/wp-content\/uploads\/2021\/10\/UNIPATIS_logo_flag_2021-1.svg","contentUrl":"https:\/\/www.unipatis.fr\/wp-content\/uploads\/2021\/10\/UNIPATIS_logo_flag_2021-1.svg","width":150,"height":184,"caption":"Unipatis"},"image":{"@id":"https:\/\/www.unipatis.fr\/en\/#\/schema\/logo\/image\/"},"sameAs":["https:\/\/www.facebook.com\/unipatis","https:\/\/www.instagram.com\/unipatis","https:\/\/www.youtube.com\/@Unipatis"]}]}},"_links":{"self":[{"href":"https:\/\/www.unipatis.fr\/ja\/wp-json\/wp\/v2\/product\/14510","targetHints":{"allow":["GET"]}}],"collection":[{"href":"https:\/\/www.unipatis.fr\/ja\/wp-json\/wp\/v2\/product"}],"about":[{"href":"https:\/\/www.unipatis.fr\/ja\/wp-json\/wp\/v2\/types\/product"}],"replies":[{"embeddable":true,"href":"https:\/\/www.unipatis.fr\/ja\/wp-json\/wp\/v2\/comments?post=14510"}],"version-history":[{"count":2,"href":"https:\/\/www.unipatis.fr\/ja\/wp-json\/wp\/v2\/product\/14510\/revisions"}],"predecessor-version":[{"id":26992,"href":"https:\/\/www.unipatis.fr\/ja\/wp-json\/wp\/v2\/product\/14510\/revisions\/26992"}],"wp:featuredmedia":[{"embeddable":true,"href":"https:\/\/www.unipatis.fr\/ja\/wp-json\/wp\/v2\/media\/21990"}],"wp:attachment":[{"href":"https:\/\/www.unipatis.fr\/ja\/wp-json\/wp\/v2\/media?parent=14510"}],"wp:term":[{"taxonomy":"product_brand","embeddable":true,"href":"https:\/\/www.unipatis.fr\/ja\/wp-json\/wp\/v2\/product_brand?post=14510"},{"taxonomy":"product_cat","embeddable":true,"href":"https:\/\/www.unipatis.fr\/ja\/wp-json\/wp\/v2\/product_cat?post=14510"},{"taxonomy":"product_tag","embeddable":true,"href":"https:\/\/www.unipatis.fr\/ja\/wp-json\/wp\/v2\/product_tag?post=14510"}],"curies":[{"name":"wp","href":"https:\/\/api.w.org\/{rel}","templated":true}]}}