{"id":15324,"date":"2022-02-11T12:10:28","date_gmt":"2022-02-11T11:10:28","guid":{"rendered":"https:\/\/www.unipatis.fr\/produit\/%e3%82%b9%e3%83%88%e3%83%ad%e3%83%99%e3%83%aa%e3%83%bc%e3%83%bb%e3%83%94%e3%83%b3%e3%82%af%e3%83%bb%e3%82%aa%e3%83%9a%e3%83%a9%e3%83%bb%e3%82%a2%e3%82%a4%e3%82%b7%e3%83%b3%e3%82%b0\/"},"modified":"2026-04-09T10:31:35","modified_gmt":"2026-04-09T08:31:35","slug":"%e3%82%b9%e3%83%88%e3%83%ad%e3%83%99%e3%83%aa%e3%83%bc%e3%83%bb%e3%83%94%e3%83%b3%e3%82%af%e3%83%bb%e3%82%aa%e3%83%9a%e3%83%a9%e3%83%bb%e3%82%a2%e3%82%a4%e3%82%b7%e3%83%b3%e3%82%b0","status":"publish","type":"product","link":"https:\/\/www.unipatis.fr\/ja\/produit\/%e3%82%b9%e3%83%88%e3%83%ad%e3%83%99%e3%83%aa%e3%83%bc%e3%83%bb%e3%83%94%e3%83%b3%e3%82%af%e3%83%bb%e3%82%aa%e3%83%9a%e3%83%a9%e3%83%bb%e3%82%a2%e3%82%a4%e3%82%b7%e3%83%b3%e3%82%b0\/","title":{"rendered":"\u30b9\u30c8\u30ed\u30d9\u30ea\u30fc\u30fb\u30d4\u30f3\u30af\u30fb\u30aa\u30da\u30e9\u30fb\u30a2\u30a4\u30b7\u30f3\u30b0"},"content":{"rendered":"","protected":false},"excerpt":{"rendered":"<p>\u30e6\u30cb\u30d1\u30c6\u30a3\u30b9\u306e\u30b9\u30c8\u30ed\u30d9\u30ea\u30fc\u30d4\u30f3\u30af\u30aa\u30da\u30e9\u30b0\u30ec\u30fc\u30ba\u306f\u3001\u6d17\u7df4\u3055\u308c\u305f\u30de\u30c3\u30c8\u306a\u4ed5\u4e0a\u304c\u308a\u3092\u6c42\u3081\u308b\u30d1\u30c6\u30a3\u30b7\u30a8\u306e\u305f\u3081\u306e\u7279\u5225\u306a\u88fd\u54c1\u3067\u3059\u3002\u3053\u306e\u3068\u308d\u3051\u308b\u3088\u3046\u306a\u30b9\u30c8\u30ed\u30d9\u30ea\u30fc\u30d4\u30f3\u30af\u30aa\u30da\u30e9\u30b0\u30ec\u30fc\u30ba\u306f\u3001\u30a2\u30f3\u30c8\u30eb\u30e1\u3001\u30e0\u30fc\u30b9\u3001\u30d0\u30d0\u30ed\u30a2\u3001\u30a2\u30a4\u30b9\u30af\u30ea\u30fc\u30e0\u3092\u7e4a\u7d30\u306a\u30b9\u30c8\u30ed\u30d9\u30ea\u30fc\u30d4\u30f3\u30af\u8272\u3067\u5f15\u304d\u7acb\u3066\u308b\u306e\u306b\u7406\u60f3\u7684\u3067\u3059\u3002\u690d\u7269\u3068\u91ce\u83dc\u306e\u30a8\u30ad\u30b9\u3067\u81ea\u7136\u306b\u8272\u4ed8\u3051\u3055\u308c\u305f\u3053\u306e\u30b9\u30c8\u30ed\u30d9\u30ea\u30fc\u30d4\u30f3\u30af\u30fb\u30aa\u30da\u30e9\u30fb\u30b0\u30ec\u30fc\u30ba\u306f\u3001\u30c9\u30fc\u30e0\u3001\u30e6\u30fc\u30eb\u30ed\u30b0\u3001\u30b1\u30fc\u30ad\u3001\u624b\u306e\u8fbc\u3093\u3060\u30da\u30b9\u30c8\u30ea\u30fc\u306a\u3069\u3001\u3042\u3089\u3086\u308b\u7a2e\u985e\u306e\u8868\u9762\u3092\u304d\u308c\u3044\u306b\u30ab\u30c3\u30c8\u3059\u308b\u305f\u3081\u306e\u5b89\u5b9a\u3057\u305f\u30c6\u30af\u30b9\u30c1\u30e3\u30fc\u3092\u6301\u3063\u3066\u3044\u307e\u3059\u3002  <\/p>\n<p>\u3053\u306e<strong>\u30b9\u30c8\u30ed\u30d9\u30ea\u30fc\u30fb\u30d4\u30f3\u30af\u30fb\u30aa\u30da\u30e9\u30fb\u30a2\u30a4\u30b7\u30f3\u30b0\u306f<\/strong>\u3001\u6700\u9ad8\u7d1a\u306e<strong>\u539f\u6750\u6599\u3092\u4f7f\u7528<\/strong>\u3057\u3001\u7d76\u5999\u306a\u30d0\u30e9\u30f3\u30b9\u3067<strong>\u7802\u7cd6\u304c<\/strong>\u914d\u5408\u3055\u308c\u3066\u3044\u307e\u3059<strong>\u3002<\/strong>\u8131\u6c34\u3057\u305f<strong>\u679c\u76ae\u3092<\/strong>\u914d\u5408\u3059\u308b\u3053\u3068\u3067\u3001\u30de\u30c3\u30c8\u306a\u30a2\u30a4\u30b7\u30f3\u30b0\u306e<strong>\u81ea\u7136\u306a<\/strong> <strong>\u98a8\u5473\u304c<\/strong>\u3055\u3089\u306b\u5f15\u304d\u7acb\u3061\u307e\u3059\u3002\u8d64\u3044<strong>\u30d5\u30eb\u30fc\u30c4\u306e<\/strong><strong>\u30a2\u30f3\u30c8\u30eb\u30e1\u306e<\/strong>\u4ed5\u4e0a\u3052\u3001\u30d0\u30fc\u30b9\u30c7\u30fc<strong>\u30b1\u30fc\u30ad\u306e<\/strong>\u30c8\u30c3\u30d4\u30f3\u30b0\u3001\u30a2\u30a4\u30b9<strong>\u30c7\u30b6\u30fc\u30c8\u306e<\/strong>\u30c7\u30b3\u30ec\u30fc\u30b7\u30e7\u30f3\u306a\u3069\u3001\u3053\u306e<strong>\u30b9\u30c8\u30ed\u30d9\u30ea\u30fc\u30d4\u30f3\u30af\u30aa\u30da\u30e9\u30b0\u30ec\u30fc\u30ba\u306e<\/strong>\u69d8\u3005\u306a\u7528\u9014\u3092<strong>\u3054\u89a7<\/strong>\u304f\u3060\u3055\u3044\u3002 <\/p>\n","protected":false},"featured_media":15325,"comment_status":"closed","ping_status":"closed","template":"","meta":{"_acf_changed":false,"inline_featured_image":false},"product_brand":[],"product_cat":[591,572],"product_tag":[],"class_list":{"0":"post-15324","1":"product","2":"type-product","3":"status-publish","4":"has-post-thumbnail","6":"product_cat-06-","7":"product_cat-08-","8":"sales-flash-overlay","9":"woocommerce-text-align-center","10":"woocommerce-image-align-center","11":"do-quantity-buttons","13":"first","14":"instock","15":"product-type-simple"},"acf":[],"yoast_head":"<!-- This site is optimized with the Yoast SEO plugin v27.2 - https:\/\/yoast.com\/product\/yoast-seo-wordpress\/ -->\n<title>\u30b9\u30c8\u30ed\u30d9\u30ea\u30fc\u30fb\u30d4\u30f3\u30af\u30fb\u30aa\u30da\u30e9\u30fb\u30a2\u30a4\u30b7\u30f3\u30b0 matt and melting - Unipatis<\/title>\n<meta name=\"description\" content=\"\u30e6\u30cb\u30d1\u30c6\u30a3\u30b9\u30fb\u30b9\u30c8\u30ed\u30d9\u30ea\u30fc\u30d4\u30f3\u30af\u30fb\u30aa\u30da\u30e9\u30fb\u30b0\u30ec\u30fc\u30ba\uff1a\u30a2\u30f3\u30c8\u30eb\u30e1\u3001\u30b1\u30fc\u30ad\u3001\u30c7\u30b6\u30fc\u30c8\u7528\u306e\u30de\u30c3\u30c8\u306a\u30d5\u30a9\u30f3\u30c0\u30f3\u30fb\u30b0\u30ec\u30fc\u30ba\u3002\u5b89\u5b9a\u3057\u305f\u8cea\u611f\u3001\u304d\u308c\u3044\u306a\u30ab\u30c3\u30c8\u3001\u81ea\u7136\u306a\u8272\u5408\u3044\u3002 \u3059\u3050\u306b\u4f7f\u3048\u308b\u3002\" \/>\n<meta name=\"robots\" content=\"index, follow, max-snippet:-1, max-image-preview:large, max-video-preview:-1\" \/>\n<link rel=\"canonical\" href=\"https:\/\/www.unipatis.fr\/ja\/produit\/\u30b9\u30c8\u30ed\u30d9\u30ea\u30fc\u30fb\u30d4\u30f3\u30af\u30fb\u30aa\u30da\u30e9\u30fb\u30a2\u30a4\u30b7\u30f3\u30b0\/\" \/>\n<meta property=\"og:locale\" content=\"ja_JP\" \/>\n<meta property=\"og:type\" content=\"article\" \/>\n<meta property=\"og:title\" content=\"\u30b9\u30c8\u30ed\u30d9\u30ea\u30fc\u30fb\u30d4\u30f3\u30af\u30fb\u30aa\u30da\u30e9\u30fb\u30a2\u30a4\u30b7\u30f3\u30b0 matt and melting - Unipatis\" \/>\n<meta property=\"og:description\" content=\"\u30e6\u30cb\u30d1\u30c6\u30a3\u30b9\u30fb\u30b9\u30c8\u30ed\u30d9\u30ea\u30fc\u30d4\u30f3\u30af\u30fb\u30aa\u30da\u30e9\u30fb\u30b0\u30ec\u30fc\u30ba\uff1a\u30a2\u30f3\u30c8\u30eb\u30e1\u3001\u30b1\u30fc\u30ad\u3001\u30c7\u30b6\u30fc\u30c8\u7528\u306e\u30de\u30c3\u30c8\u306a\u30d5\u30a9\u30f3\u30c0\u30f3\u30fb\u30b0\u30ec\u30fc\u30ba\u3002\u5b89\u5b9a\u3057\u305f\u8cea\u611f\u3001\u304d\u308c\u3044\u306a\u30ab\u30c3\u30c8\u3001\u81ea\u7136\u306a\u8272\u5408\u3044\u3002 \u3059\u3050\u306b\u4f7f\u3048\u308b\u3002\" \/>\n<meta property=\"og:url\" content=\"https:\/\/www.unipatis.fr\/ja\/produit\/\u30b9\u30c8\u30ed\u30d9\u30ea\u30fc\u30fb\u30d4\u30f3\u30af\u30fb\u30aa\u30da\u30e9\u30fb\u30a2\u30a4\u30b7\u30f3\u30b0\/\" \/>\n<meta property=\"og:site_name\" content=\"Unipatis\" \/>\n<meta property=\"article:publisher\" content=\"https:\/\/www.facebook.com\/unipatis\" \/>\n<meta property=\"article:modified_time\" content=\"2026-04-09T08:31:35+00:00\" \/>\n<meta property=\"og:image\" content=\"https:\/\/www.unipatis.fr\/wp-content\/uploads\/2022\/02\/seau_glacage_opera_rose_fraise.png\" \/>\n\t<meta property=\"og:image:width\" content=\"1261\" \/>\n\t<meta property=\"og:image:height\" content=\"1179\" \/>\n\t<meta property=\"og:image:type\" content=\"image\/png\" \/>\n<meta name=\"twitter:card\" content=\"summary_large_image\" \/>\n<script type=\"application\/ld+json\" class=\"yoast-schema-graph\">{\"@context\":\"https:\/\/schema.org\",\"@graph\":[{\"@type\":\"WebPage\",\"@id\":\"https:\/\/www.unipatis.fr\/ja\/produit\/%e3%82%b9%e3%83%88%e3%83%ad%e3%83%99%e3%83%aa%e3%83%bc%e3%83%bb%e3%83%94%e3%83%b3%e3%82%af%e3%83%bb%e3%82%aa%e3%83%9a%e3%83%a9%e3%83%bb%e3%82%a2%e3%82%a4%e3%82%b7%e3%83%b3%e3%82%b0\/\",\"url\":\"https:\/\/www.unipatis.fr\/ja\/produit\/%e3%82%b9%e3%83%88%e3%83%ad%e3%83%99%e3%83%aa%e3%83%bc%e3%83%bb%e3%83%94%e3%83%b3%e3%82%af%e3%83%bb%e3%82%aa%e3%83%9a%e3%83%a9%e3%83%bb%e3%82%a2%e3%82%a4%e3%82%b7%e3%83%b3%e3%82%b0\/\",\"name\":\"\u30b9\u30c8\u30ed\u30d9\u30ea\u30fc\u30fb\u30d4\u30f3\u30af\u30fb\u30aa\u30da\u30e9\u30fb\u30a2\u30a4\u30b7\u30f3\u30b0 matt and melting - Unipatis\",\"isPartOf\":{\"@id\":\"https:\/\/www.unipatis.fr\/en\/#website\"},\"primaryImageOfPage\":{\"@id\":\"https:\/\/www.unipatis.fr\/ja\/produit\/%e3%82%b9%e3%83%88%e3%83%ad%e3%83%99%e3%83%aa%e3%83%bc%e3%83%bb%e3%83%94%e3%83%b3%e3%82%af%e3%83%bb%e3%82%aa%e3%83%9a%e3%83%a9%e3%83%bb%e3%82%a2%e3%82%a4%e3%82%b7%e3%83%b3%e3%82%b0\/#primaryimage\"},\"image\":{\"@id\":\"https:\/\/www.unipatis.fr\/ja\/produit\/%e3%82%b9%e3%83%88%e3%83%ad%e3%83%99%e3%83%aa%e3%83%bc%e3%83%bb%e3%83%94%e3%83%b3%e3%82%af%e3%83%bb%e3%82%aa%e3%83%9a%e3%83%a9%e3%83%bb%e3%82%a2%e3%82%a4%e3%82%b7%e3%83%b3%e3%82%b0\/#primaryimage\"},\"thumbnailUrl\":\"https:\/\/www.unipatis.fr\/wp-content\/uploads\/2022\/02\/seau_glacage_opera_rose_fraise.png\",\"datePublished\":\"2022-02-11T11:10:28+00:00\",\"dateModified\":\"2026-04-09T08:31:35+00:00\",\"description\":\"\u30e6\u30cb\u30d1\u30c6\u30a3\u30b9\u30fb\u30b9\u30c8\u30ed\u30d9\u30ea\u30fc\u30d4\u30f3\u30af\u30fb\u30aa\u30da\u30e9\u30fb\u30b0\u30ec\u30fc\u30ba\uff1a\u30a2\u30f3\u30c8\u30eb\u30e1\u3001\u30b1\u30fc\u30ad\u3001\u30c7\u30b6\u30fc\u30c8\u7528\u306e\u30de\u30c3\u30c8\u306a\u30d5\u30a9\u30f3\u30c0\u30f3\u30fb\u30b0\u30ec\u30fc\u30ba\u3002\u5b89\u5b9a\u3057\u305f\u8cea\u611f\u3001\u304d\u308c\u3044\u306a\u30ab\u30c3\u30c8\u3001\u81ea\u7136\u306a\u8272\u5408\u3044\u3002 \u3059\u3050\u306b\u4f7f\u3048\u308b\u3002\",\"breadcrumb\":{\"@id\":\"https:\/\/www.unipatis.fr\/ja\/produit\/%e3%82%b9%e3%83%88%e3%83%ad%e3%83%99%e3%83%aa%e3%83%bc%e3%83%bb%e3%83%94%e3%83%b3%e3%82%af%e3%83%bb%e3%82%aa%e3%83%9a%e3%83%a9%e3%83%bb%e3%82%a2%e3%82%a4%e3%82%b7%e3%83%b3%e3%82%b0\/#breadcrumb\"},\"inLanguage\":\"ja\",\"potentialAction\":[{\"@type\":\"ReadAction\",\"target\":[\"https:\/\/www.unipatis.fr\/ja\/produit\/%e3%82%b9%e3%83%88%e3%83%ad%e3%83%99%e3%83%aa%e3%83%bc%e3%83%bb%e3%83%94%e3%83%b3%e3%82%af%e3%83%bb%e3%82%aa%e3%83%9a%e3%83%a9%e3%83%bb%e3%82%a2%e3%82%a4%e3%82%b7%e3%83%b3%e3%82%b0\/\"]}]},{\"@type\":\"ImageObject\",\"inLanguage\":\"ja\",\"@id\":\"https:\/\/www.unipatis.fr\/ja\/produit\/%e3%82%b9%e3%83%88%e3%83%ad%e3%83%99%e3%83%aa%e3%83%bc%e3%83%bb%e3%83%94%e3%83%b3%e3%82%af%e3%83%bb%e3%82%aa%e3%83%9a%e3%83%a9%e3%83%bb%e3%82%a2%e3%82%a4%e3%82%b7%e3%83%b3%e3%82%b0\/#primaryimage\",\"url\":\"https:\/\/www.unipatis.fr\/wp-content\/uploads\/2022\/02\/seau_glacage_opera_rose_fraise.png\",\"contentUrl\":\"https:\/\/www.unipatis.fr\/wp-content\/uploads\/2022\/02\/seau_glacage_opera_rose_fraise.png\",\"width\":1261,\"height\":1179,\"caption\":\"\u30b9\u30c8\u30ed\u30d9\u30ea\u30fc_\u30ed\u30fc\u30ba_\u30b0\u30ec\u30fc\u30b8\u30e5\u30e6\u30cb\u30d1\u30c6\u30a3\u30b9\"},{\"@type\":\"BreadcrumbList\",\"@id\":\"https:\/\/www.unipatis.fr\/ja\/produit\/%e3%82%b9%e3%83%88%e3%83%ad%e3%83%99%e3%83%aa%e3%83%bc%e3%83%bb%e3%83%94%e3%83%b3%e3%82%af%e3%83%bb%e3%82%aa%e3%83%9a%e3%83%a9%e3%83%bb%e3%82%a2%e3%82%a4%e3%82%b7%e3%83%b3%e3%82%b0\/#breadcrumb\",\"itemListElement\":[{\"@type\":\"ListItem\",\"position\":1,\"name\":\"Accueil\",\"item\":\"https:\/\/www.unipatis.fr\/ja\/%e3%83%9b%e3%83%bc%e3%83%a0-2\/\"},{\"@type\":\"ListItem\",\"position\":2,\"name\":\"\u30b7\u30e7\u30c3\u30d7\",\"item\":\"https:\/\/www.unipatis.fr\/ja\/%e3%82%b7%e3%83%a7%e3%83%83%e3%83%97\/\"},{\"@type\":\"ListItem\",\"position\":3,\"name\":\"\u30b9\u30c8\u30ed\u30d9\u30ea\u30fc\u30fb\u30d4\u30f3\u30af\u30fb\u30aa\u30da\u30e9\u30fb\u30a2\u30a4\u30b7\u30f3\u30b0\"}]},{\"@type\":\"WebSite\",\"@id\":\"https:\/\/www.unipatis.fr\/en\/#website\",\"url\":\"https:\/\/www.unipatis.fr\/en\/\",\"name\":\"Unipatis\",\"description\":\"Unipatis Maison est une entreprise familiale sp\u00e9cialis\u00e9e dans la fabrication d&#039;ingr\u00e9dients p\u00e2tissiers et chocolatiers depuis quatre g\u00e9n\u00e9rations.\",\"publisher\":{\"@id\":\"https:\/\/www.unipatis.fr\/en\/#organization\"},\"potentialAction\":[{\"@type\":\"SearchAction\",\"target\":{\"@type\":\"EntryPoint\",\"urlTemplate\":\"https:\/\/www.unipatis.fr\/en\/?s={search_term_string}\"},\"query-input\":{\"@type\":\"PropertyValueSpecification\",\"valueRequired\":true,\"valueName\":\"search_term_string\"}}],\"inLanguage\":\"ja\"},{\"@type\":\"Organization\",\"@id\":\"https:\/\/www.unipatis.fr\/en\/#organization\",\"name\":\"Unipatis\",\"url\":\"https:\/\/www.unipatis.fr\/en\/\",\"logo\":{\"@type\":\"ImageObject\",\"inLanguage\":\"ja\",\"@id\":\"https:\/\/www.unipatis.fr\/en\/#\/schema\/logo\/image\/\",\"url\":\"https:\/\/www.unipatis.fr\/wp-content\/uploads\/2021\/10\/UNIPATIS_logo_flag_2021-1.svg\",\"contentUrl\":\"https:\/\/www.unipatis.fr\/wp-content\/uploads\/2021\/10\/UNIPATIS_logo_flag_2021-1.svg\",\"width\":150,\"height\":184,\"caption\":\"Unipatis\"},\"image\":{\"@id\":\"https:\/\/www.unipatis.fr\/en\/#\/schema\/logo\/image\/\"},\"sameAs\":[\"https:\/\/www.facebook.com\/unipatis\",\"https:\/\/www.instagram.com\/unipatis\",\"https:\/\/www.youtube.com\/@Unipatis\"]}]}<\/script>\n<!-- \/ Yoast SEO plugin. -->","yoast_head_json":{"title":"\u30b9\u30c8\u30ed\u30d9\u30ea\u30fc\u30fb\u30d4\u30f3\u30af\u30fb\u30aa\u30da\u30e9\u30fb\u30a2\u30a4\u30b7\u30f3\u30b0 matt and melting - Unipatis","description":"\u30e6\u30cb\u30d1\u30c6\u30a3\u30b9\u30fb\u30b9\u30c8\u30ed\u30d9\u30ea\u30fc\u30d4\u30f3\u30af\u30fb\u30aa\u30da\u30e9\u30fb\u30b0\u30ec\u30fc\u30ba\uff1a\u30a2\u30f3\u30c8\u30eb\u30e1\u3001\u30b1\u30fc\u30ad\u3001\u30c7\u30b6\u30fc\u30c8\u7528\u306e\u30de\u30c3\u30c8\u306a\u30d5\u30a9\u30f3\u30c0\u30f3\u30fb\u30b0\u30ec\u30fc\u30ba\u3002\u5b89\u5b9a\u3057\u305f\u8cea\u611f\u3001\u304d\u308c\u3044\u306a\u30ab\u30c3\u30c8\u3001\u81ea\u7136\u306a\u8272\u5408\u3044\u3002 \u3059\u3050\u306b\u4f7f\u3048\u308b\u3002","robots":{"index":"index","follow":"follow","max-snippet":"max-snippet:-1","max-image-preview":"max-image-preview:large","max-video-preview":"max-video-preview:-1"},"canonical":"https:\/\/www.unipatis.fr\/ja\/produit\/\u30b9\u30c8\u30ed\u30d9\u30ea\u30fc\u30fb\u30d4\u30f3\u30af\u30fb\u30aa\u30da\u30e9\u30fb\u30a2\u30a4\u30b7\u30f3\u30b0\/","og_locale":"ja_JP","og_type":"article","og_title":"\u30b9\u30c8\u30ed\u30d9\u30ea\u30fc\u30fb\u30d4\u30f3\u30af\u30fb\u30aa\u30da\u30e9\u30fb\u30a2\u30a4\u30b7\u30f3\u30b0 matt and melting - Unipatis","og_description":"\u30e6\u30cb\u30d1\u30c6\u30a3\u30b9\u30fb\u30b9\u30c8\u30ed\u30d9\u30ea\u30fc\u30d4\u30f3\u30af\u30fb\u30aa\u30da\u30e9\u30fb\u30b0\u30ec\u30fc\u30ba\uff1a\u30a2\u30f3\u30c8\u30eb\u30e1\u3001\u30b1\u30fc\u30ad\u3001\u30c7\u30b6\u30fc\u30c8\u7528\u306e\u30de\u30c3\u30c8\u306a\u30d5\u30a9\u30f3\u30c0\u30f3\u30fb\u30b0\u30ec\u30fc\u30ba\u3002\u5b89\u5b9a\u3057\u305f\u8cea\u611f\u3001\u304d\u308c\u3044\u306a\u30ab\u30c3\u30c8\u3001\u81ea\u7136\u306a\u8272\u5408\u3044\u3002 \u3059\u3050\u306b\u4f7f\u3048\u308b\u3002","og_url":"https:\/\/www.unipatis.fr\/ja\/produit\/\u30b9\u30c8\u30ed\u30d9\u30ea\u30fc\u30fb\u30d4\u30f3\u30af\u30fb\u30aa\u30da\u30e9\u30fb\u30a2\u30a4\u30b7\u30f3\u30b0\/","og_site_name":"Unipatis","article_publisher":"https:\/\/www.facebook.com\/unipatis","article_modified_time":"2026-04-09T08:31:35+00:00","og_image":[{"width":1261,"height":1179,"url":"https:\/\/www.unipatis.fr\/wp-content\/uploads\/2022\/02\/seau_glacage_opera_rose_fraise.png","type":"image\/png"}],"twitter_card":"summary_large_image","schema":{"@context":"https:\/\/schema.org","@graph":[{"@type":"WebPage","@id":"https:\/\/www.unipatis.fr\/ja\/produit\/%e3%82%b9%e3%83%88%e3%83%ad%e3%83%99%e3%83%aa%e3%83%bc%e3%83%bb%e3%83%94%e3%83%b3%e3%82%af%e3%83%bb%e3%82%aa%e3%83%9a%e3%83%a9%e3%83%bb%e3%82%a2%e3%82%a4%e3%82%b7%e3%83%b3%e3%82%b0\/","url":"https:\/\/www.unipatis.fr\/ja\/produit\/%e3%82%b9%e3%83%88%e3%83%ad%e3%83%99%e3%83%aa%e3%83%bc%e3%83%bb%e3%83%94%e3%83%b3%e3%82%af%e3%83%bb%e3%82%aa%e3%83%9a%e3%83%a9%e3%83%bb%e3%82%a2%e3%82%a4%e3%82%b7%e3%83%b3%e3%82%b0\/","name":"\u30b9\u30c8\u30ed\u30d9\u30ea\u30fc\u30fb\u30d4\u30f3\u30af\u30fb\u30aa\u30da\u30e9\u30fb\u30a2\u30a4\u30b7\u30f3\u30b0 matt and melting - Unipatis","isPartOf":{"@id":"https:\/\/www.unipatis.fr\/en\/#website"},"primaryImageOfPage":{"@id":"https:\/\/www.unipatis.fr\/ja\/produit\/%e3%82%b9%e3%83%88%e3%83%ad%e3%83%99%e3%83%aa%e3%83%bc%e3%83%bb%e3%83%94%e3%83%b3%e3%82%af%e3%83%bb%e3%82%aa%e3%83%9a%e3%83%a9%e3%83%bb%e3%82%a2%e3%82%a4%e3%82%b7%e3%83%b3%e3%82%b0\/#primaryimage"},"image":{"@id":"https:\/\/www.unipatis.fr\/ja\/produit\/%e3%82%b9%e3%83%88%e3%83%ad%e3%83%99%e3%83%aa%e3%83%bc%e3%83%bb%e3%83%94%e3%83%b3%e3%82%af%e3%83%bb%e3%82%aa%e3%83%9a%e3%83%a9%e3%83%bb%e3%82%a2%e3%82%a4%e3%82%b7%e3%83%b3%e3%82%b0\/#primaryimage"},"thumbnailUrl":"https:\/\/www.unipatis.fr\/wp-content\/uploads\/2022\/02\/seau_glacage_opera_rose_fraise.png","datePublished":"2022-02-11T11:10:28+00:00","dateModified":"2026-04-09T08:31:35+00:00","description":"\u30e6\u30cb\u30d1\u30c6\u30a3\u30b9\u30fb\u30b9\u30c8\u30ed\u30d9\u30ea\u30fc\u30d4\u30f3\u30af\u30fb\u30aa\u30da\u30e9\u30fb\u30b0\u30ec\u30fc\u30ba\uff1a\u30a2\u30f3\u30c8\u30eb\u30e1\u3001\u30b1\u30fc\u30ad\u3001\u30c7\u30b6\u30fc\u30c8\u7528\u306e\u30de\u30c3\u30c8\u306a\u30d5\u30a9\u30f3\u30c0\u30f3\u30fb\u30b0\u30ec\u30fc\u30ba\u3002\u5b89\u5b9a\u3057\u305f\u8cea\u611f\u3001\u304d\u308c\u3044\u306a\u30ab\u30c3\u30c8\u3001\u81ea\u7136\u306a\u8272\u5408\u3044\u3002 \u3059\u3050\u306b\u4f7f\u3048\u308b\u3002","breadcrumb":{"@id":"https:\/\/www.unipatis.fr\/ja\/produit\/%e3%82%b9%e3%83%88%e3%83%ad%e3%83%99%e3%83%aa%e3%83%bc%e3%83%bb%e3%83%94%e3%83%b3%e3%82%af%e3%83%bb%e3%82%aa%e3%83%9a%e3%83%a9%e3%83%bb%e3%82%a2%e3%82%a4%e3%82%b7%e3%83%b3%e3%82%b0\/#breadcrumb"},"inLanguage":"ja","potentialAction":[{"@type":"ReadAction","target":["https:\/\/www.unipatis.fr\/ja\/produit\/%e3%82%b9%e3%83%88%e3%83%ad%e3%83%99%e3%83%aa%e3%83%bc%e3%83%bb%e3%83%94%e3%83%b3%e3%82%af%e3%83%bb%e3%82%aa%e3%83%9a%e3%83%a9%e3%83%bb%e3%82%a2%e3%82%a4%e3%82%b7%e3%83%b3%e3%82%b0\/"]}]},{"@type":"ImageObject","inLanguage":"ja","@id":"https:\/\/www.unipatis.fr\/ja\/produit\/%e3%82%b9%e3%83%88%e3%83%ad%e3%83%99%e3%83%aa%e3%83%bc%e3%83%bb%e3%83%94%e3%83%b3%e3%82%af%e3%83%bb%e3%82%aa%e3%83%9a%e3%83%a9%e3%83%bb%e3%82%a2%e3%82%a4%e3%82%b7%e3%83%b3%e3%82%b0\/#primaryimage","url":"https:\/\/www.unipatis.fr\/wp-content\/uploads\/2022\/02\/seau_glacage_opera_rose_fraise.png","contentUrl":"https:\/\/www.unipatis.fr\/wp-content\/uploads\/2022\/02\/seau_glacage_opera_rose_fraise.png","width":1261,"height":1179,"caption":"\u30b9\u30c8\u30ed\u30d9\u30ea\u30fc_\u30ed\u30fc\u30ba_\u30b0\u30ec\u30fc\u30b8\u30e5\u30e6\u30cb\u30d1\u30c6\u30a3\u30b9"},{"@type":"BreadcrumbList","@id":"https:\/\/www.unipatis.fr\/ja\/produit\/%e3%82%b9%e3%83%88%e3%83%ad%e3%83%99%e3%83%aa%e3%83%bc%e3%83%bb%e3%83%94%e3%83%b3%e3%82%af%e3%83%bb%e3%82%aa%e3%83%9a%e3%83%a9%e3%83%bb%e3%82%a2%e3%82%a4%e3%82%b7%e3%83%b3%e3%82%b0\/#breadcrumb","itemListElement":[{"@type":"ListItem","position":1,"name":"Accueil","item":"https:\/\/www.unipatis.fr\/ja\/%e3%83%9b%e3%83%bc%e3%83%a0-2\/"},{"@type":"ListItem","position":2,"name":"\u30b7\u30e7\u30c3\u30d7","item":"https:\/\/www.unipatis.fr\/ja\/%e3%82%b7%e3%83%a7%e3%83%83%e3%83%97\/"},{"@type":"ListItem","position":3,"name":"\u30b9\u30c8\u30ed\u30d9\u30ea\u30fc\u30fb\u30d4\u30f3\u30af\u30fb\u30aa\u30da\u30e9\u30fb\u30a2\u30a4\u30b7\u30f3\u30b0"}]},{"@type":"WebSite","@id":"https:\/\/www.unipatis.fr\/en\/#website","url":"https:\/\/www.unipatis.fr\/en\/","name":"Unipatis","description":"Unipatis Maison est une entreprise familiale sp\u00e9cialis\u00e9e dans la fabrication d&#039;ingr\u00e9dients p\u00e2tissiers et chocolatiers depuis quatre g\u00e9n\u00e9rations.","publisher":{"@id":"https:\/\/www.unipatis.fr\/en\/#organization"},"potentialAction":[{"@type":"SearchAction","target":{"@type":"EntryPoint","urlTemplate":"https:\/\/www.unipatis.fr\/en\/?s={search_term_string}"},"query-input":{"@type":"PropertyValueSpecification","valueRequired":true,"valueName":"search_term_string"}}],"inLanguage":"ja"},{"@type":"Organization","@id":"https:\/\/www.unipatis.fr\/en\/#organization","name":"Unipatis","url":"https:\/\/www.unipatis.fr\/en\/","logo":{"@type":"ImageObject","inLanguage":"ja","@id":"https:\/\/www.unipatis.fr\/en\/#\/schema\/logo\/image\/","url":"https:\/\/www.unipatis.fr\/wp-content\/uploads\/2021\/10\/UNIPATIS_logo_flag_2021-1.svg","contentUrl":"https:\/\/www.unipatis.fr\/wp-content\/uploads\/2021\/10\/UNIPATIS_logo_flag_2021-1.svg","width":150,"height":184,"caption":"Unipatis"},"image":{"@id":"https:\/\/www.unipatis.fr\/en\/#\/schema\/logo\/image\/"},"sameAs":["https:\/\/www.facebook.com\/unipatis","https:\/\/www.instagram.com\/unipatis","https:\/\/www.youtube.com\/@Unipatis"]}]}},"_links":{"self":[{"href":"https:\/\/www.unipatis.fr\/ja\/wp-json\/wp\/v2\/product\/15324","targetHints":{"allow":["GET"]}}],"collection":[{"href":"https:\/\/www.unipatis.fr\/ja\/wp-json\/wp\/v2\/product"}],"about":[{"href":"https:\/\/www.unipatis.fr\/ja\/wp-json\/wp\/v2\/types\/product"}],"replies":[{"embeddable":true,"href":"https:\/\/www.unipatis.fr\/ja\/wp-json\/wp\/v2\/comments?post=15324"}],"version-history":[{"count":1,"href":"https:\/\/www.unipatis.fr\/ja\/wp-json\/wp\/v2\/product\/15324\/revisions"}],"predecessor-version":[{"id":26453,"href":"https:\/\/www.unipatis.fr\/ja\/wp-json\/wp\/v2\/product\/15324\/revisions\/26453"}],"wp:featuredmedia":[{"embeddable":true,"href":"https:\/\/www.unipatis.fr\/ja\/wp-json\/wp\/v2\/media\/15325"}],"wp:attachment":[{"href":"https:\/\/www.unipatis.fr\/ja\/wp-json\/wp\/v2\/media?parent=15324"}],"wp:term":[{"taxonomy":"product_brand","embeddable":true,"href":"https:\/\/www.unipatis.fr\/ja\/wp-json\/wp\/v2\/product_brand?post=15324"},{"taxonomy":"product_cat","embeddable":true,"href":"https:\/\/www.unipatis.fr\/ja\/wp-json\/wp\/v2\/product_cat?post=15324"},{"taxonomy":"product_tag","embeddable":true,"href":"https:\/\/www.unipatis.fr\/ja\/wp-json\/wp\/v2\/product_tag?post=15324"}],"curies":[{"name":"wp","href":"https:\/\/api.w.org\/{rel}","templated":true}]}}