{"id":15424,"date":"2022-02-11T12:10:43","date_gmt":"2022-02-11T11:10:43","guid":{"rendered":"https:\/\/www.unipatis.fr\/produit\/%e3%83%90%e3%83%8b%e3%83%a9%e3%82%a2%e3%82%a4%e3%82%b7%e3%83%b3%e3%82%b0\/"},"modified":"2026-04-09T10:29:44","modified_gmt":"2026-04-09T08:29:44","slug":"%e3%83%90%e3%83%8b%e3%83%a9%e3%82%a2%e3%82%a4%e3%82%b7%e3%83%b3%e3%82%b0","status":"publish","type":"product","link":"https:\/\/www.unipatis.fr\/ja\/produit\/%e3%83%90%e3%83%8b%e3%83%a9%e3%82%a2%e3%82%a4%e3%82%b7%e3%83%b3%e3%82%b0\/","title":{"rendered":"\u30d0\u30cb\u30e9\u30a2\u30a4\u30b7\u30f3\u30b0"},"content":{"rendered":"","protected":false},"excerpt":{"rendered":"<p>\u633d\u3044\u305f\u30d0\u30cb\u30e9\u30d3\u30fc\u30f3\u30ba\u3092\u30d5\u30eb\u30fc\u30c4\u30da\u30af\u30c1\u30f3\u3067\u56fa\u3081\u305f\u93e1\u9762\u30b0\u30ec\u30fc\u30ba<\/p>\n","protected":false},"featured_media":18604,"comment_status":"closed","ping_status":"closed","template":"","meta":{"_acf_changed":false,"inline_featured_image":false},"product_brand":[],"product_cat":[601],"product_tag":[],"class_list":{"0":"post-15424","1":"product","2":"type-product","3":"status-publish","4":"has-post-thumbnail","6":"product_cat-15-","7":"sales-flash-overlay","8":"woocommerce-text-align-center","9":"woocommerce-image-align-center","10":"do-quantity-buttons","12":"first","13":"instock","14":"product-type-simple"},"acf":[],"yoast_head":"<!-- This site is optimized with the Yoast SEO plugin v27.2 - https:\/\/yoast.com\/product\/yoast-seo-wordpress\/ -->\n<title>\u30d0\u30cb\u30e9\u30a2\u30a4\u30b7\u30f3\u30b0 - Unipatis<\/title>\n<meta name=\"description\" content=\"\u672c\u7269\u306e\u30d0\u30cb\u30e9\u30d3\u30fc\u30f3\u30ba\u5165\u308a\u306e\u900f\u660e\u306a\u30db\u30c3\u30c8\u30b0\u30ec\u30fc\u30ba\u3002\u51b7\u51cd\u3067\u3082\u5b89\u5b9a\u3057\u305f\u30c6\u30af\u30b9\u30c1\u30e3\u30fc\u3067\u3001\u8f1d\u304d\u3092\u4fdd\u3061\u307e\u3059\u300245-50\u2103\u3067\u4f7f\u7528\u30021kg\u30012kg\u30016kg\u30d0\u30b1\u30c3\u30c8\u3002\" \/>\n<meta name=\"robots\" content=\"index, follow, max-snippet:-1, max-image-preview:large, max-video-preview:-1\" \/>\n<link rel=\"canonical\" href=\"https:\/\/www.unipatis.fr\/ja\/produit\/\u30d0\u30cb\u30e9\u30a2\u30a4\u30b7\u30f3\u30b0\/\" \/>\n<meta property=\"og:locale\" content=\"ja_JP\" \/>\n<meta property=\"og:type\" content=\"article\" \/>\n<meta property=\"og:title\" content=\"\u30d0\u30cb\u30e9\u30a2\u30a4\u30b7\u30f3\u30b0 - Unipatis\" \/>\n<meta property=\"og:description\" content=\"\u672c\u7269\u306e\u30d0\u30cb\u30e9\u30d3\u30fc\u30f3\u30ba\u5165\u308a\u306e\u900f\u660e\u306a\u30db\u30c3\u30c8\u30b0\u30ec\u30fc\u30ba\u3002\u51b7\u51cd\u3067\u3082\u5b89\u5b9a\u3057\u305f\u30c6\u30af\u30b9\u30c1\u30e3\u30fc\u3067\u3001\u8f1d\u304d\u3092\u4fdd\u3061\u307e\u3059\u300245-50\u2103\u3067\u4f7f\u7528\u30021kg\u30012kg\u30016kg\u30d0\u30b1\u30c3\u30c8\u3002\" \/>\n<meta property=\"og:url\" content=\"https:\/\/www.unipatis.fr\/ja\/produit\/\u30d0\u30cb\u30e9\u30a2\u30a4\u30b7\u30f3\u30b0\/\" \/>\n<meta property=\"og:site_name\" content=\"Unipatis\" \/>\n<meta property=\"article:publisher\" content=\"https:\/\/www.facebook.com\/unipatis\" \/>\n<meta property=\"article:modified_time\" content=\"2026-04-09T08:29:44+00:00\" \/>\n<meta property=\"og:image\" content=\"https:\/\/www.unipatis.fr\/wp-content\/uploads\/2022\/02\/seau_glacage_vanille_grains_2024.png\" \/>\n\t<meta property=\"og:image:width\" content=\"1261\" \/>\n\t<meta property=\"og:image:height\" content=\"1179\" \/>\n\t<meta property=\"og:image:type\" content=\"image\/png\" \/>\n<meta name=\"twitter:card\" content=\"summary_large_image\" \/>\n<script type=\"application\/ld+json\" class=\"yoast-schema-graph\">{\"@context\":\"https:\/\/schema.org\",\"@graph\":[{\"@type\":\"WebPage\",\"@id\":\"https:\/\/www.unipatis.fr\/ja\/produit\/%e3%83%90%e3%83%8b%e3%83%a9%e3%82%a2%e3%82%a4%e3%82%b7%e3%83%b3%e3%82%b0\/\",\"url\":\"https:\/\/www.unipatis.fr\/ja\/produit\/%e3%83%90%e3%83%8b%e3%83%a9%e3%82%a2%e3%82%a4%e3%82%b7%e3%83%b3%e3%82%b0\/\",\"name\":\"\u30d0\u30cb\u30e9\u30a2\u30a4\u30b7\u30f3\u30b0 - Unipatis\",\"isPartOf\":{\"@id\":\"https:\/\/www.unipatis.fr\/en\/#website\"},\"primaryImageOfPage\":{\"@id\":\"https:\/\/www.unipatis.fr\/ja\/produit\/%e3%83%90%e3%83%8b%e3%83%a9%e3%82%a2%e3%82%a4%e3%82%b7%e3%83%b3%e3%82%b0\/#primaryimage\"},\"image\":{\"@id\":\"https:\/\/www.unipatis.fr\/ja\/produit\/%e3%83%90%e3%83%8b%e3%83%a9%e3%82%a2%e3%82%a4%e3%82%b7%e3%83%b3%e3%82%b0\/#primaryimage\"},\"thumbnailUrl\":\"https:\/\/www.unipatis.fr\/wp-content\/uploads\/2022\/02\/seau_glacage_vanille_grains_2024.png\",\"datePublished\":\"2022-02-11T11:10:43+00:00\",\"dateModified\":\"2026-04-09T08:29:44+00:00\",\"description\":\"\u672c\u7269\u306e\u30d0\u30cb\u30e9\u30d3\u30fc\u30f3\u30ba\u5165\u308a\u306e\u900f\u660e\u306a\u30db\u30c3\u30c8\u30b0\u30ec\u30fc\u30ba\u3002\u51b7\u51cd\u3067\u3082\u5b89\u5b9a\u3057\u305f\u30c6\u30af\u30b9\u30c1\u30e3\u30fc\u3067\u3001\u8f1d\u304d\u3092\u4fdd\u3061\u307e\u3059\u300245-50\u2103\u3067\u4f7f\u7528\u30021kg\u30012kg\u30016kg\u30d0\u30b1\u30c3\u30c8\u3002\",\"breadcrumb\":{\"@id\":\"https:\/\/www.unipatis.fr\/ja\/produit\/%e3%83%90%e3%83%8b%e3%83%a9%e3%82%a2%e3%82%a4%e3%82%b7%e3%83%b3%e3%82%b0\/#breadcrumb\"},\"inLanguage\":\"ja\",\"potentialAction\":[{\"@type\":\"ReadAction\",\"target\":[\"https:\/\/www.unipatis.fr\/ja\/produit\/%e3%83%90%e3%83%8b%e3%83%a9%e3%82%a2%e3%82%a4%e3%82%b7%e3%83%b3%e3%82%b0\/\"]}]},{\"@type\":\"ImageObject\",\"inLanguage\":\"ja\",\"@id\":\"https:\/\/www.unipatis.fr\/ja\/produit\/%e3%83%90%e3%83%8b%e3%83%a9%e3%82%a2%e3%82%a4%e3%82%b7%e3%83%b3%e3%82%b0\/#primaryimage\",\"url\":\"https:\/\/www.unipatis.fr\/wp-content\/uploads\/2022\/02\/seau_glacage_vanille_grains_2024.png\",\"contentUrl\":\"https:\/\/www.unipatis.fr\/wp-content\/uploads\/2022\/02\/seau_glacage_vanille_grains_2024.png\",\"width\":1261,\"height\":1179,\"caption\":\"\u30b0\u30ec\u30fc\u30b8\u30f3\u30b0_\u30d0\u30cb\u30e9\u30b0\u30ec\u30a4\u30f3\"},{\"@type\":\"BreadcrumbList\",\"@id\":\"https:\/\/www.unipatis.fr\/ja\/produit\/%e3%83%90%e3%83%8b%e3%83%a9%e3%82%a2%e3%82%a4%e3%82%b7%e3%83%b3%e3%82%b0\/#breadcrumb\",\"itemListElement\":[{\"@type\":\"ListItem\",\"position\":1,\"name\":\"Accueil\",\"item\":\"https:\/\/www.unipatis.fr\/ja\/%e3%83%9b%e3%83%bc%e3%83%a0-2\/\"},{\"@type\":\"ListItem\",\"position\":2,\"name\":\"\u30b7\u30e7\u30c3\u30d7\",\"item\":\"https:\/\/www.unipatis.fr\/ja\/%e3%82%b7%e3%83%a7%e3%83%83%e3%83%97\/\"},{\"@type\":\"ListItem\",\"position\":3,\"name\":\"\u30d0\u30cb\u30e9\u30a2\u30a4\u30b7\u30f3\u30b0\"}]},{\"@type\":\"WebSite\",\"@id\":\"https:\/\/www.unipatis.fr\/en\/#website\",\"url\":\"https:\/\/www.unipatis.fr\/en\/\",\"name\":\"Unipatis\",\"description\":\"Unipatis Maison est une entreprise familiale sp\u00e9cialis\u00e9e dans la fabrication d&#039;ingr\u00e9dients p\u00e2tissiers et chocolatiers depuis quatre g\u00e9n\u00e9rations.\",\"publisher\":{\"@id\":\"https:\/\/www.unipatis.fr\/en\/#organization\"},\"potentialAction\":[{\"@type\":\"SearchAction\",\"target\":{\"@type\":\"EntryPoint\",\"urlTemplate\":\"https:\/\/www.unipatis.fr\/en\/?s={search_term_string}\"},\"query-input\":{\"@type\":\"PropertyValueSpecification\",\"valueRequired\":true,\"valueName\":\"search_term_string\"}}],\"inLanguage\":\"ja\"},{\"@type\":\"Organization\",\"@id\":\"https:\/\/www.unipatis.fr\/en\/#organization\",\"name\":\"Unipatis\",\"url\":\"https:\/\/www.unipatis.fr\/en\/\",\"logo\":{\"@type\":\"ImageObject\",\"inLanguage\":\"ja\",\"@id\":\"https:\/\/www.unipatis.fr\/en\/#\/schema\/logo\/image\/\",\"url\":\"https:\/\/www.unipatis.fr\/wp-content\/uploads\/2021\/10\/UNIPATIS_logo_flag_2021-1.svg\",\"contentUrl\":\"https:\/\/www.unipatis.fr\/wp-content\/uploads\/2021\/10\/UNIPATIS_logo_flag_2021-1.svg\",\"width\":150,\"height\":184,\"caption\":\"Unipatis\"},\"image\":{\"@id\":\"https:\/\/www.unipatis.fr\/en\/#\/schema\/logo\/image\/\"},\"sameAs\":[\"https:\/\/www.facebook.com\/unipatis\",\"https:\/\/www.instagram.com\/unipatis\",\"https:\/\/www.youtube.com\/@Unipatis\"]}]}<\/script>\n<!-- \/ Yoast SEO plugin. -->","yoast_head_json":{"title":"\u30d0\u30cb\u30e9\u30a2\u30a4\u30b7\u30f3\u30b0 - Unipatis","description":"\u672c\u7269\u306e\u30d0\u30cb\u30e9\u30d3\u30fc\u30f3\u30ba\u5165\u308a\u306e\u900f\u660e\u306a\u30db\u30c3\u30c8\u30b0\u30ec\u30fc\u30ba\u3002\u51b7\u51cd\u3067\u3082\u5b89\u5b9a\u3057\u305f\u30c6\u30af\u30b9\u30c1\u30e3\u30fc\u3067\u3001\u8f1d\u304d\u3092\u4fdd\u3061\u307e\u3059\u300245-50\u2103\u3067\u4f7f\u7528\u30021kg\u30012kg\u30016kg\u30d0\u30b1\u30c3\u30c8\u3002","robots":{"index":"index","follow":"follow","max-snippet":"max-snippet:-1","max-image-preview":"max-image-preview:large","max-video-preview":"max-video-preview:-1"},"canonical":"https:\/\/www.unipatis.fr\/ja\/produit\/\u30d0\u30cb\u30e9\u30a2\u30a4\u30b7\u30f3\u30b0\/","og_locale":"ja_JP","og_type":"article","og_title":"\u30d0\u30cb\u30e9\u30a2\u30a4\u30b7\u30f3\u30b0 - Unipatis","og_description":"\u672c\u7269\u306e\u30d0\u30cb\u30e9\u30d3\u30fc\u30f3\u30ba\u5165\u308a\u306e\u900f\u660e\u306a\u30db\u30c3\u30c8\u30b0\u30ec\u30fc\u30ba\u3002\u51b7\u51cd\u3067\u3082\u5b89\u5b9a\u3057\u305f\u30c6\u30af\u30b9\u30c1\u30e3\u30fc\u3067\u3001\u8f1d\u304d\u3092\u4fdd\u3061\u307e\u3059\u300245-50\u2103\u3067\u4f7f\u7528\u30021kg\u30012kg\u30016kg\u30d0\u30b1\u30c3\u30c8\u3002","og_url":"https:\/\/www.unipatis.fr\/ja\/produit\/\u30d0\u30cb\u30e9\u30a2\u30a4\u30b7\u30f3\u30b0\/","og_site_name":"Unipatis","article_publisher":"https:\/\/www.facebook.com\/unipatis","article_modified_time":"2026-04-09T08:29:44+00:00","og_image":[{"width":1261,"height":1179,"url":"https:\/\/www.unipatis.fr\/wp-content\/uploads\/2022\/02\/seau_glacage_vanille_grains_2024.png","type":"image\/png"}],"twitter_card":"summary_large_image","schema":{"@context":"https:\/\/schema.org","@graph":[{"@type":"WebPage","@id":"https:\/\/www.unipatis.fr\/ja\/produit\/%e3%83%90%e3%83%8b%e3%83%a9%e3%82%a2%e3%82%a4%e3%82%b7%e3%83%b3%e3%82%b0\/","url":"https:\/\/www.unipatis.fr\/ja\/produit\/%e3%83%90%e3%83%8b%e3%83%a9%e3%82%a2%e3%82%a4%e3%82%b7%e3%83%b3%e3%82%b0\/","name":"\u30d0\u30cb\u30e9\u30a2\u30a4\u30b7\u30f3\u30b0 - Unipatis","isPartOf":{"@id":"https:\/\/www.unipatis.fr\/en\/#website"},"primaryImageOfPage":{"@id":"https:\/\/www.unipatis.fr\/ja\/produit\/%e3%83%90%e3%83%8b%e3%83%a9%e3%82%a2%e3%82%a4%e3%82%b7%e3%83%b3%e3%82%b0\/#primaryimage"},"image":{"@id":"https:\/\/www.unipatis.fr\/ja\/produit\/%e3%83%90%e3%83%8b%e3%83%a9%e3%82%a2%e3%82%a4%e3%82%b7%e3%83%b3%e3%82%b0\/#primaryimage"},"thumbnailUrl":"https:\/\/www.unipatis.fr\/wp-content\/uploads\/2022\/02\/seau_glacage_vanille_grains_2024.png","datePublished":"2022-02-11T11:10:43+00:00","dateModified":"2026-04-09T08:29:44+00:00","description":"\u672c\u7269\u306e\u30d0\u30cb\u30e9\u30d3\u30fc\u30f3\u30ba\u5165\u308a\u306e\u900f\u660e\u306a\u30db\u30c3\u30c8\u30b0\u30ec\u30fc\u30ba\u3002\u51b7\u51cd\u3067\u3082\u5b89\u5b9a\u3057\u305f\u30c6\u30af\u30b9\u30c1\u30e3\u30fc\u3067\u3001\u8f1d\u304d\u3092\u4fdd\u3061\u307e\u3059\u300245-50\u2103\u3067\u4f7f\u7528\u30021kg\u30012kg\u30016kg\u30d0\u30b1\u30c3\u30c8\u3002","breadcrumb":{"@id":"https:\/\/www.unipatis.fr\/ja\/produit\/%e3%83%90%e3%83%8b%e3%83%a9%e3%82%a2%e3%82%a4%e3%82%b7%e3%83%b3%e3%82%b0\/#breadcrumb"},"inLanguage":"ja","potentialAction":[{"@type":"ReadAction","target":["https:\/\/www.unipatis.fr\/ja\/produit\/%e3%83%90%e3%83%8b%e3%83%a9%e3%82%a2%e3%82%a4%e3%82%b7%e3%83%b3%e3%82%b0\/"]}]},{"@type":"ImageObject","inLanguage":"ja","@id":"https:\/\/www.unipatis.fr\/ja\/produit\/%e3%83%90%e3%83%8b%e3%83%a9%e3%82%a2%e3%82%a4%e3%82%b7%e3%83%b3%e3%82%b0\/#primaryimage","url":"https:\/\/www.unipatis.fr\/wp-content\/uploads\/2022\/02\/seau_glacage_vanille_grains_2024.png","contentUrl":"https:\/\/www.unipatis.fr\/wp-content\/uploads\/2022\/02\/seau_glacage_vanille_grains_2024.png","width":1261,"height":1179,"caption":"\u30b0\u30ec\u30fc\u30b8\u30f3\u30b0_\u30d0\u30cb\u30e9\u30b0\u30ec\u30a4\u30f3"},{"@type":"BreadcrumbList","@id":"https:\/\/www.unipatis.fr\/ja\/produit\/%e3%83%90%e3%83%8b%e3%83%a9%e3%82%a2%e3%82%a4%e3%82%b7%e3%83%b3%e3%82%b0\/#breadcrumb","itemListElement":[{"@type":"ListItem","position":1,"name":"Accueil","item":"https:\/\/www.unipatis.fr\/ja\/%e3%83%9b%e3%83%bc%e3%83%a0-2\/"},{"@type":"ListItem","position":2,"name":"\u30b7\u30e7\u30c3\u30d7","item":"https:\/\/www.unipatis.fr\/ja\/%e3%82%b7%e3%83%a7%e3%83%83%e3%83%97\/"},{"@type":"ListItem","position":3,"name":"\u30d0\u30cb\u30e9\u30a2\u30a4\u30b7\u30f3\u30b0"}]},{"@type":"WebSite","@id":"https:\/\/www.unipatis.fr\/en\/#website","url":"https:\/\/www.unipatis.fr\/en\/","name":"Unipatis","description":"Unipatis Maison est une entreprise familiale sp\u00e9cialis\u00e9e dans la fabrication d&#039;ingr\u00e9dients p\u00e2tissiers et chocolatiers depuis quatre g\u00e9n\u00e9rations.","publisher":{"@id":"https:\/\/www.unipatis.fr\/en\/#organization"},"potentialAction":[{"@type":"SearchAction","target":{"@type":"EntryPoint","urlTemplate":"https:\/\/www.unipatis.fr\/en\/?s={search_term_string}"},"query-input":{"@type":"PropertyValueSpecification","valueRequired":true,"valueName":"search_term_string"}}],"inLanguage":"ja"},{"@type":"Organization","@id":"https:\/\/www.unipatis.fr\/en\/#organization","name":"Unipatis","url":"https:\/\/www.unipatis.fr\/en\/","logo":{"@type":"ImageObject","inLanguage":"ja","@id":"https:\/\/www.unipatis.fr\/en\/#\/schema\/logo\/image\/","url":"https:\/\/www.unipatis.fr\/wp-content\/uploads\/2021\/10\/UNIPATIS_logo_flag_2021-1.svg","contentUrl":"https:\/\/www.unipatis.fr\/wp-content\/uploads\/2021\/10\/UNIPATIS_logo_flag_2021-1.svg","width":150,"height":184,"caption":"Unipatis"},"image":{"@id":"https:\/\/www.unipatis.fr\/en\/#\/schema\/logo\/image\/"},"sameAs":["https:\/\/www.facebook.com\/unipatis","https:\/\/www.instagram.com\/unipatis","https:\/\/www.youtube.com\/@Unipatis"]}]}},"_links":{"self":[{"href":"https:\/\/www.unipatis.fr\/ja\/wp-json\/wp\/v2\/product\/15424","targetHints":{"allow":["GET"]}}],"collection":[{"href":"https:\/\/www.unipatis.fr\/ja\/wp-json\/wp\/v2\/product"}],"about":[{"href":"https:\/\/www.unipatis.fr\/ja\/wp-json\/wp\/v2\/types\/product"}],"replies":[{"embeddable":true,"href":"https:\/\/www.unipatis.fr\/ja\/wp-json\/wp\/v2\/comments?post=15424"}],"version-history":[{"count":1,"href":"https:\/\/www.unipatis.fr\/ja\/wp-json\/wp\/v2\/product\/15424\/revisions"}],"predecessor-version":[{"id":26832,"href":"https:\/\/www.unipatis.fr\/ja\/wp-json\/wp\/v2\/product\/15424\/revisions\/26832"}],"wp:featuredmedia":[{"embeddable":true,"href":"https:\/\/www.unipatis.fr\/ja\/wp-json\/wp\/v2\/media\/18604"}],"wp:attachment":[{"href":"https:\/\/www.unipatis.fr\/ja\/wp-json\/wp\/v2\/media?parent=15424"}],"wp:term":[{"taxonomy":"product_brand","embeddable":true,"href":"https:\/\/www.unipatis.fr\/ja\/wp-json\/wp\/v2\/product_brand?post=15424"},{"taxonomy":"product_cat","embeddable":true,"href":"https:\/\/www.unipatis.fr\/ja\/wp-json\/wp\/v2\/product_cat?post=15424"},{"taxonomy":"product_tag","embeddable":true,"href":"https:\/\/www.unipatis.fr\/ja\/wp-json\/wp\/v2\/product_tag?post=15424"}],"curies":[{"name":"wp","href":"https:\/\/api.w.org\/{rel}","templated":true}]}}