{"id":15641,"date":"2022-02-11T12:10:43","date_gmt":"2022-02-11T11:10:43","guid":{"rendered":"https:\/\/www.unipatis.fr\/produit\/%e3%83%92%e3%83%9e%e3%83%a9%e3%83%a4%e3%83%bb%e3%83%96%e3%83%ad%e3%83%b3%e3%83%89%e3%83%bb%e3%82%b0%e3%83%ac%e3%83%bc%e3%82%b8%e3%83%a5\/"},"modified":"2026-04-09T10:29:57","modified_gmt":"2026-04-09T08:29:57","slug":"%e3%83%92%e3%83%9e%e3%83%a9%e3%83%a4%e3%83%bb%e3%83%96%e3%83%ad%e3%83%b3%e3%83%89%e3%83%bb%e3%82%b0%e3%83%ac%e3%83%bc%e3%82%b8%e3%83%a5","status":"publish","type":"product","link":"https:\/\/www.unipatis.fr\/ja\/produit\/%e3%83%92%e3%83%9e%e3%83%a9%e3%83%a4%e3%83%bb%e3%83%96%e3%83%ad%e3%83%b3%e3%83%89%e3%83%bb%e3%82%b0%e3%83%ac%e3%83%bc%e3%82%b8%e3%83%a5\/","title":{"rendered":"\u30d2\u30de\u30e9\u30e4\u30fb\u30d6\u30ed\u30f3\u30c9\u30fb\u30c6\u30fc\u30d6\u30eb\u30af\u30ed\u30b9"},"content":{"rendered":"","protected":false},"excerpt":{"rendered":"<p>\u30c7\u30b6\u30fc\u30c8\u3001\u30e0\u30fc\u30b9\u3001\u30d0\u30d0\u30ed\u30a2\u3001\u30a2\u30a4\u30b9\u30af\u30ea\u30fc\u30e0\u3001\u30d5\u30eb\u30fc\u30c4\u30bf\u30eb\u30c8\u7528\u306e\u30d6\u30ed\u30f3\u30c9\u8272\u306e\u51b7\u305f\u3044\u30b0\u30ec\u30fc\u30ba\u3002<\/p>\n<p>\u690d\u7269\u306b\u3088\u308b\u81ea\u7136\u306a\u8272\u5408\u3044\u3002 \u30d5\u30eb\u30fc\u30c4\u30da\u30af\u30c1\u30f3\u3067\u30b2\u30eb\u5316\u3002 \u5929\u7136\u306e\u30a2\u30d7\u30ea\u30b3\u30c3\u30c8\u98a8\u5473\u3067\u4e0a\u8cea\u306a\u5473\u308f\u3044\u3002<\/p>\n","protected":false},"featured_media":21163,"comment_status":"closed","ping_status":"closed","template":"","meta":{"_acf_changed":false,"inline_featured_image":false},"product_brand":[],"product_cat":[609],"product_tag":[],"class_list":{"0":"post-15641","1":"product","2":"type-product","3":"status-publish","4":"has-post-thumbnail","6":"product_cat-16-cold","7":"sales-flash-overlay","8":"woocommerce-text-align-center","9":"woocommerce-image-align-center","10":"do-quantity-buttons","12":"first","13":"instock","14":"product-type-simple"},"acf":[],"yoast_head":"<!-- This site is optimized with the Yoast SEO plugin v27.2 - https:\/\/yoast.com\/product\/yoast-seo-wordpress\/ -->\n<title>\u30d2\u30de\u30e9\u30e4\u30fb\u30d6\u30ed\u30f3\u30c9\u30fb\u30c6\u30fc\u30d6\u30eb\u30af\u30ed\u30b9 - Unipatis<\/title>\n<meta name=\"description\" content=\"\u30d6\u30ed\u30f3\u30c9\u8272\u306e\u30b3\u30fc\u30eb\u30c9\u30b0\u30ec\u30fc\u30ba\u3001\u5929\u7136\u306e\u30a2\u30d7\u30ea\u30b3\u30c3\u30c8\u98a8\u5473\u3001\u30d5\u30eb\u30fc\u30c4\u30da\u30af\u30c1\u30f3\u3067\u30b2\u30eb\u5316\u3002\u30d6\u30e9\u30b7\u3067\u7c21\u5358\u306b\u5857\u5e03\u3067\u304d\u3001\u8f1d\u304d\u3092\u653e\u3064\u30021kg\u30012kg\u30016kg\u30d0\u30b1\u30c3\u30c8\" \/>\n<meta name=\"robots\" content=\"index, follow, max-snippet:-1, max-image-preview:large, max-video-preview:-1\" \/>\n<link rel=\"canonical\" href=\"https:\/\/www.unipatis.fr\/ja\/produit\/\u30d2\u30de\u30e9\u30e4\u30fb\u30d6\u30ed\u30f3\u30c9\u30fb\u30b0\u30ec\u30fc\u30b8\u30e5\/\" \/>\n<meta property=\"og:locale\" content=\"ja_JP\" \/>\n<meta property=\"og:type\" content=\"article\" \/>\n<meta property=\"og:title\" content=\"\u30d2\u30de\u30e9\u30e4\u30fb\u30d6\u30ed\u30f3\u30c9\u30fb\u30c6\u30fc\u30d6\u30eb\u30af\u30ed\u30b9 - Unipatis\" \/>\n<meta property=\"og:description\" content=\"\u30d6\u30ed\u30f3\u30c9\u8272\u306e\u30b3\u30fc\u30eb\u30c9\u30b0\u30ec\u30fc\u30ba\u3001\u5929\u7136\u306e\u30a2\u30d7\u30ea\u30b3\u30c3\u30c8\u98a8\u5473\u3001\u30d5\u30eb\u30fc\u30c4\u30da\u30af\u30c1\u30f3\u3067\u30b2\u30eb\u5316\u3002\u30d6\u30e9\u30b7\u3067\u7c21\u5358\u306b\u5857\u5e03\u3067\u304d\u3001\u8f1d\u304d\u3092\u653e\u3064\u30021kg\u30012kg\u30016kg\u30d0\u30b1\u30c3\u30c8\" \/>\n<meta property=\"og:url\" content=\"https:\/\/www.unipatis.fr\/ja\/produit\/\u30d2\u30de\u30e9\u30e4\u30fb\u30d6\u30ed\u30f3\u30c9\u30fb\u30b0\u30ec\u30fc\u30b8\u30e5\/\" \/>\n<meta property=\"og:site_name\" content=\"Unipatis\" \/>\n<meta property=\"article:publisher\" content=\"https:\/\/www.facebook.com\/unipatis\" \/>\n<meta property=\"article:modified_time\" content=\"2026-04-09T08:29:57+00:00\" \/>\n<meta property=\"og:image\" content=\"https:\/\/www.unipatis.fr\/wp-content\/uploads\/2022\/02\/seau_glacage_himalaya_blond-2.png\" \/>\n\t<meta property=\"og:image:width\" content=\"1261\" \/>\n\t<meta property=\"og:image:height\" content=\"1179\" \/>\n\t<meta property=\"og:image:type\" content=\"image\/png\" \/>\n<meta name=\"twitter:card\" content=\"summary_large_image\" \/>\n<script type=\"application\/ld+json\" class=\"yoast-schema-graph\">{\"@context\":\"https:\/\/schema.org\",\"@graph\":[{\"@type\":\"WebPage\",\"@id\":\"https:\/\/www.unipatis.fr\/ja\/produit\/%e3%83%92%e3%83%9e%e3%83%a9%e3%83%a4%e3%83%bb%e3%83%96%e3%83%ad%e3%83%b3%e3%83%89%e3%83%bb%e3%82%b0%e3%83%ac%e3%83%bc%e3%82%b8%e3%83%a5\/\",\"url\":\"https:\/\/www.unipatis.fr\/ja\/produit\/%e3%83%92%e3%83%9e%e3%83%a9%e3%83%a4%e3%83%bb%e3%83%96%e3%83%ad%e3%83%b3%e3%83%89%e3%83%bb%e3%82%b0%e3%83%ac%e3%83%bc%e3%82%b8%e3%83%a5\/\",\"name\":\"\u30d2\u30de\u30e9\u30e4\u30fb\u30d6\u30ed\u30f3\u30c9\u30fb\u30c6\u30fc\u30d6\u30eb\u30af\u30ed\u30b9 - Unipatis\",\"isPartOf\":{\"@id\":\"https:\/\/www.unipatis.fr\/en\/#website\"},\"primaryImageOfPage\":{\"@id\":\"https:\/\/www.unipatis.fr\/ja\/produit\/%e3%83%92%e3%83%9e%e3%83%a9%e3%83%a4%e3%83%bb%e3%83%96%e3%83%ad%e3%83%b3%e3%83%89%e3%83%bb%e3%82%b0%e3%83%ac%e3%83%bc%e3%82%b8%e3%83%a5\/#primaryimage\"},\"image\":{\"@id\":\"https:\/\/www.unipatis.fr\/ja\/produit\/%e3%83%92%e3%83%9e%e3%83%a9%e3%83%a4%e3%83%bb%e3%83%96%e3%83%ad%e3%83%b3%e3%83%89%e3%83%bb%e3%82%b0%e3%83%ac%e3%83%bc%e3%82%b8%e3%83%a5\/#primaryimage\"},\"thumbnailUrl\":\"https:\/\/www.unipatis.fr\/wp-content\/uploads\/2022\/02\/seau_glacage_himalaya_blond-2.png\",\"datePublished\":\"2022-02-11T11:10:43+00:00\",\"dateModified\":\"2026-04-09T08:29:57+00:00\",\"description\":\"\u30d6\u30ed\u30f3\u30c9\u8272\u306e\u30b3\u30fc\u30eb\u30c9\u30b0\u30ec\u30fc\u30ba\u3001\u5929\u7136\u306e\u30a2\u30d7\u30ea\u30b3\u30c3\u30c8\u98a8\u5473\u3001\u30d5\u30eb\u30fc\u30c4\u30da\u30af\u30c1\u30f3\u3067\u30b2\u30eb\u5316\u3002\u30d6\u30e9\u30b7\u3067\u7c21\u5358\u306b\u5857\u5e03\u3067\u304d\u3001\u8f1d\u304d\u3092\u653e\u3064\u30021kg\u30012kg\u30016kg\u30d0\u30b1\u30c3\u30c8\",\"breadcrumb\":{\"@id\":\"https:\/\/www.unipatis.fr\/ja\/produit\/%e3%83%92%e3%83%9e%e3%83%a9%e3%83%a4%e3%83%bb%e3%83%96%e3%83%ad%e3%83%b3%e3%83%89%e3%83%bb%e3%82%b0%e3%83%ac%e3%83%bc%e3%82%b8%e3%83%a5\/#breadcrumb\"},\"inLanguage\":\"ja\",\"potentialAction\":[{\"@type\":\"ReadAction\",\"target\":[\"https:\/\/www.unipatis.fr\/ja\/produit\/%e3%83%92%e3%83%9e%e3%83%a9%e3%83%a4%e3%83%bb%e3%83%96%e3%83%ad%e3%83%b3%e3%83%89%e3%83%bb%e3%82%b0%e3%83%ac%e3%83%bc%e3%82%b8%e3%83%a5\/\"]}]},{\"@type\":\"ImageObject\",\"inLanguage\":\"ja\",\"@id\":\"https:\/\/www.unipatis.fr\/ja\/produit\/%e3%83%92%e3%83%9e%e3%83%a9%e3%83%a4%e3%83%bb%e3%83%96%e3%83%ad%e3%83%b3%e3%83%89%e3%83%bb%e3%82%b0%e3%83%ac%e3%83%bc%e3%82%b8%e3%83%a5\/#primaryimage\",\"url\":\"https:\/\/www.unipatis.fr\/wp-content\/uploads\/2022\/02\/seau_glacage_himalaya_blond-2.png\",\"contentUrl\":\"https:\/\/www.unipatis.fr\/wp-content\/uploads\/2022\/02\/seau_glacage_himalaya_blond-2.png\",\"width\":1261,\"height\":1179,\"caption\":\"\u30b0\u30e9\u30b1\u30fc\u30b8_\u30d2\u30de\u30e9\u30e4_\u30d6\u30ed\u30f3\u30c9 \u30e6\u30cb\u30d1\u30c6\u30a3\u30b9\"},{\"@type\":\"BreadcrumbList\",\"@id\":\"https:\/\/www.unipatis.fr\/ja\/produit\/%e3%83%92%e3%83%9e%e3%83%a9%e3%83%a4%e3%83%bb%e3%83%96%e3%83%ad%e3%83%b3%e3%83%89%e3%83%bb%e3%82%b0%e3%83%ac%e3%83%bc%e3%82%b8%e3%83%a5\/#breadcrumb\",\"itemListElement\":[{\"@type\":\"ListItem\",\"position\":1,\"name\":\"Accueil\",\"item\":\"https:\/\/www.unipatis.fr\/ja\/%e3%83%9b%e3%83%bc%e3%83%a0-2\/\"},{\"@type\":\"ListItem\",\"position\":2,\"name\":\"\u30b7\u30e7\u30c3\u30d7\",\"item\":\"https:\/\/www.unipatis.fr\/ja\/%e3%82%b7%e3%83%a7%e3%83%83%e3%83%97\/\"},{\"@type\":\"ListItem\",\"position\":3,\"name\":\"\u30d2\u30de\u30e9\u30e4\u30fb\u30d6\u30ed\u30f3\u30c9\u30fb\u30c6\u30fc\u30d6\u30eb\u30af\u30ed\u30b9\"}]},{\"@type\":\"WebSite\",\"@id\":\"https:\/\/www.unipatis.fr\/en\/#website\",\"url\":\"https:\/\/www.unipatis.fr\/en\/\",\"name\":\"Unipatis\",\"description\":\"Unipatis Maison est une entreprise familiale sp\u00e9cialis\u00e9e dans la fabrication d&#039;ingr\u00e9dients p\u00e2tissiers et chocolatiers depuis quatre g\u00e9n\u00e9rations.\",\"publisher\":{\"@id\":\"https:\/\/www.unipatis.fr\/en\/#organization\"},\"potentialAction\":[{\"@type\":\"SearchAction\",\"target\":{\"@type\":\"EntryPoint\",\"urlTemplate\":\"https:\/\/www.unipatis.fr\/en\/?s={search_term_string}\"},\"query-input\":{\"@type\":\"PropertyValueSpecification\",\"valueRequired\":true,\"valueName\":\"search_term_string\"}}],\"inLanguage\":\"ja\"},{\"@type\":\"Organization\",\"@id\":\"https:\/\/www.unipatis.fr\/en\/#organization\",\"name\":\"Unipatis\",\"url\":\"https:\/\/www.unipatis.fr\/en\/\",\"logo\":{\"@type\":\"ImageObject\",\"inLanguage\":\"ja\",\"@id\":\"https:\/\/www.unipatis.fr\/en\/#\/schema\/logo\/image\/\",\"url\":\"https:\/\/www.unipatis.fr\/wp-content\/uploads\/2021\/10\/UNIPATIS_logo_flag_2021-1.svg\",\"contentUrl\":\"https:\/\/www.unipatis.fr\/wp-content\/uploads\/2021\/10\/UNIPATIS_logo_flag_2021-1.svg\",\"width\":150,\"height\":184,\"caption\":\"Unipatis\"},\"image\":{\"@id\":\"https:\/\/www.unipatis.fr\/en\/#\/schema\/logo\/image\/\"},\"sameAs\":[\"https:\/\/www.facebook.com\/unipatis\",\"https:\/\/www.instagram.com\/unipatis\",\"https:\/\/www.youtube.com\/@Unipatis\"]}]}<\/script>\n<!-- \/ Yoast SEO plugin. -->","yoast_head_json":{"title":"\u30d2\u30de\u30e9\u30e4\u30fb\u30d6\u30ed\u30f3\u30c9\u30fb\u30c6\u30fc\u30d6\u30eb\u30af\u30ed\u30b9 - Unipatis","description":"\u30d6\u30ed\u30f3\u30c9\u8272\u306e\u30b3\u30fc\u30eb\u30c9\u30b0\u30ec\u30fc\u30ba\u3001\u5929\u7136\u306e\u30a2\u30d7\u30ea\u30b3\u30c3\u30c8\u98a8\u5473\u3001\u30d5\u30eb\u30fc\u30c4\u30da\u30af\u30c1\u30f3\u3067\u30b2\u30eb\u5316\u3002\u30d6\u30e9\u30b7\u3067\u7c21\u5358\u306b\u5857\u5e03\u3067\u304d\u3001\u8f1d\u304d\u3092\u653e\u3064\u30021kg\u30012kg\u30016kg\u30d0\u30b1\u30c3\u30c8","robots":{"index":"index","follow":"follow","max-snippet":"max-snippet:-1","max-image-preview":"max-image-preview:large","max-video-preview":"max-video-preview:-1"},"canonical":"https:\/\/www.unipatis.fr\/ja\/produit\/\u30d2\u30de\u30e9\u30e4\u30fb\u30d6\u30ed\u30f3\u30c9\u30fb\u30b0\u30ec\u30fc\u30b8\u30e5\/","og_locale":"ja_JP","og_type":"article","og_title":"\u30d2\u30de\u30e9\u30e4\u30fb\u30d6\u30ed\u30f3\u30c9\u30fb\u30c6\u30fc\u30d6\u30eb\u30af\u30ed\u30b9 - Unipatis","og_description":"\u30d6\u30ed\u30f3\u30c9\u8272\u306e\u30b3\u30fc\u30eb\u30c9\u30b0\u30ec\u30fc\u30ba\u3001\u5929\u7136\u306e\u30a2\u30d7\u30ea\u30b3\u30c3\u30c8\u98a8\u5473\u3001\u30d5\u30eb\u30fc\u30c4\u30da\u30af\u30c1\u30f3\u3067\u30b2\u30eb\u5316\u3002\u30d6\u30e9\u30b7\u3067\u7c21\u5358\u306b\u5857\u5e03\u3067\u304d\u3001\u8f1d\u304d\u3092\u653e\u3064\u30021kg\u30012kg\u30016kg\u30d0\u30b1\u30c3\u30c8","og_url":"https:\/\/www.unipatis.fr\/ja\/produit\/\u30d2\u30de\u30e9\u30e4\u30fb\u30d6\u30ed\u30f3\u30c9\u30fb\u30b0\u30ec\u30fc\u30b8\u30e5\/","og_site_name":"Unipatis","article_publisher":"https:\/\/www.facebook.com\/unipatis","article_modified_time":"2026-04-09T08:29:57+00:00","og_image":[{"width":1261,"height":1179,"url":"https:\/\/www.unipatis.fr\/wp-content\/uploads\/2022\/02\/seau_glacage_himalaya_blond-2.png","type":"image\/png"}],"twitter_card":"summary_large_image","schema":{"@context":"https:\/\/schema.org","@graph":[{"@type":"WebPage","@id":"https:\/\/www.unipatis.fr\/ja\/produit\/%e3%83%92%e3%83%9e%e3%83%a9%e3%83%a4%e3%83%bb%e3%83%96%e3%83%ad%e3%83%b3%e3%83%89%e3%83%bb%e3%82%b0%e3%83%ac%e3%83%bc%e3%82%b8%e3%83%a5\/","url":"https:\/\/www.unipatis.fr\/ja\/produit\/%e3%83%92%e3%83%9e%e3%83%a9%e3%83%a4%e3%83%bb%e3%83%96%e3%83%ad%e3%83%b3%e3%83%89%e3%83%bb%e3%82%b0%e3%83%ac%e3%83%bc%e3%82%b8%e3%83%a5\/","name":"\u30d2\u30de\u30e9\u30e4\u30fb\u30d6\u30ed\u30f3\u30c9\u30fb\u30c6\u30fc\u30d6\u30eb\u30af\u30ed\u30b9 - Unipatis","isPartOf":{"@id":"https:\/\/www.unipatis.fr\/en\/#website"},"primaryImageOfPage":{"@id":"https:\/\/www.unipatis.fr\/ja\/produit\/%e3%83%92%e3%83%9e%e3%83%a9%e3%83%a4%e3%83%bb%e3%83%96%e3%83%ad%e3%83%b3%e3%83%89%e3%83%bb%e3%82%b0%e3%83%ac%e3%83%bc%e3%82%b8%e3%83%a5\/#primaryimage"},"image":{"@id":"https:\/\/www.unipatis.fr\/ja\/produit\/%e3%83%92%e3%83%9e%e3%83%a9%e3%83%a4%e3%83%bb%e3%83%96%e3%83%ad%e3%83%b3%e3%83%89%e3%83%bb%e3%82%b0%e3%83%ac%e3%83%bc%e3%82%b8%e3%83%a5\/#primaryimage"},"thumbnailUrl":"https:\/\/www.unipatis.fr\/wp-content\/uploads\/2022\/02\/seau_glacage_himalaya_blond-2.png","datePublished":"2022-02-11T11:10:43+00:00","dateModified":"2026-04-09T08:29:57+00:00","description":"\u30d6\u30ed\u30f3\u30c9\u8272\u306e\u30b3\u30fc\u30eb\u30c9\u30b0\u30ec\u30fc\u30ba\u3001\u5929\u7136\u306e\u30a2\u30d7\u30ea\u30b3\u30c3\u30c8\u98a8\u5473\u3001\u30d5\u30eb\u30fc\u30c4\u30da\u30af\u30c1\u30f3\u3067\u30b2\u30eb\u5316\u3002\u30d6\u30e9\u30b7\u3067\u7c21\u5358\u306b\u5857\u5e03\u3067\u304d\u3001\u8f1d\u304d\u3092\u653e\u3064\u30021kg\u30012kg\u30016kg\u30d0\u30b1\u30c3\u30c8","breadcrumb":{"@id":"https:\/\/www.unipatis.fr\/ja\/produit\/%e3%83%92%e3%83%9e%e3%83%a9%e3%83%a4%e3%83%bb%e3%83%96%e3%83%ad%e3%83%b3%e3%83%89%e3%83%bb%e3%82%b0%e3%83%ac%e3%83%bc%e3%82%b8%e3%83%a5\/#breadcrumb"},"inLanguage":"ja","potentialAction":[{"@type":"ReadAction","target":["https:\/\/www.unipatis.fr\/ja\/produit\/%e3%83%92%e3%83%9e%e3%83%a9%e3%83%a4%e3%83%bb%e3%83%96%e3%83%ad%e3%83%b3%e3%83%89%e3%83%bb%e3%82%b0%e3%83%ac%e3%83%bc%e3%82%b8%e3%83%a5\/"]}]},{"@type":"ImageObject","inLanguage":"ja","@id":"https:\/\/www.unipatis.fr\/ja\/produit\/%e3%83%92%e3%83%9e%e3%83%a9%e3%83%a4%e3%83%bb%e3%83%96%e3%83%ad%e3%83%b3%e3%83%89%e3%83%bb%e3%82%b0%e3%83%ac%e3%83%bc%e3%82%b8%e3%83%a5\/#primaryimage","url":"https:\/\/www.unipatis.fr\/wp-content\/uploads\/2022\/02\/seau_glacage_himalaya_blond-2.png","contentUrl":"https:\/\/www.unipatis.fr\/wp-content\/uploads\/2022\/02\/seau_glacage_himalaya_blond-2.png","width":1261,"height":1179,"caption":"\u30b0\u30e9\u30b1\u30fc\u30b8_\u30d2\u30de\u30e9\u30e4_\u30d6\u30ed\u30f3\u30c9 \u30e6\u30cb\u30d1\u30c6\u30a3\u30b9"},{"@type":"BreadcrumbList","@id":"https:\/\/www.unipatis.fr\/ja\/produit\/%e3%83%92%e3%83%9e%e3%83%a9%e3%83%a4%e3%83%bb%e3%83%96%e3%83%ad%e3%83%b3%e3%83%89%e3%83%bb%e3%82%b0%e3%83%ac%e3%83%bc%e3%82%b8%e3%83%a5\/#breadcrumb","itemListElement":[{"@type":"ListItem","position":1,"name":"Accueil","item":"https:\/\/www.unipatis.fr\/ja\/%e3%83%9b%e3%83%bc%e3%83%a0-2\/"},{"@type":"ListItem","position":2,"name":"\u30b7\u30e7\u30c3\u30d7","item":"https:\/\/www.unipatis.fr\/ja\/%e3%82%b7%e3%83%a7%e3%83%83%e3%83%97\/"},{"@type":"ListItem","position":3,"name":"\u30d2\u30de\u30e9\u30e4\u30fb\u30d6\u30ed\u30f3\u30c9\u30fb\u30c6\u30fc\u30d6\u30eb\u30af\u30ed\u30b9"}]},{"@type":"WebSite","@id":"https:\/\/www.unipatis.fr\/en\/#website","url":"https:\/\/www.unipatis.fr\/en\/","name":"Unipatis","description":"Unipatis Maison est une entreprise familiale sp\u00e9cialis\u00e9e dans la fabrication d&#039;ingr\u00e9dients p\u00e2tissiers et chocolatiers depuis quatre g\u00e9n\u00e9rations.","publisher":{"@id":"https:\/\/www.unipatis.fr\/en\/#organization"},"potentialAction":[{"@type":"SearchAction","target":{"@type":"EntryPoint","urlTemplate":"https:\/\/www.unipatis.fr\/en\/?s={search_term_string}"},"query-input":{"@type":"PropertyValueSpecification","valueRequired":true,"valueName":"search_term_string"}}],"inLanguage":"ja"},{"@type":"Organization","@id":"https:\/\/www.unipatis.fr\/en\/#organization","name":"Unipatis","url":"https:\/\/www.unipatis.fr\/en\/","logo":{"@type":"ImageObject","inLanguage":"ja","@id":"https:\/\/www.unipatis.fr\/en\/#\/schema\/logo\/image\/","url":"https:\/\/www.unipatis.fr\/wp-content\/uploads\/2021\/10\/UNIPATIS_logo_flag_2021-1.svg","contentUrl":"https:\/\/www.unipatis.fr\/wp-content\/uploads\/2021\/10\/UNIPATIS_logo_flag_2021-1.svg","width":150,"height":184,"caption":"Unipatis"},"image":{"@id":"https:\/\/www.unipatis.fr\/en\/#\/schema\/logo\/image\/"},"sameAs":["https:\/\/www.facebook.com\/unipatis","https:\/\/www.instagram.com\/unipatis","https:\/\/www.youtube.com\/@Unipatis"]}]}},"_links":{"self":[{"href":"https:\/\/www.unipatis.fr\/ja\/wp-json\/wp\/v2\/product\/15641","targetHints":{"allow":["GET"]}}],"collection":[{"href":"https:\/\/www.unipatis.fr\/ja\/wp-json\/wp\/v2\/product"}],"about":[{"href":"https:\/\/www.unipatis.fr\/ja\/wp-json\/wp\/v2\/types\/product"}],"replies":[{"embeddable":true,"href":"https:\/\/www.unipatis.fr\/ja\/wp-json\/wp\/v2\/comments?post=15641"}],"version-history":[{"count":1,"href":"https:\/\/www.unipatis.fr\/ja\/wp-json\/wp\/v2\/product\/15641\/revisions"}],"predecessor-version":[{"id":27073,"href":"https:\/\/www.unipatis.fr\/ja\/wp-json\/wp\/v2\/product\/15641\/revisions\/27073"}],"wp:featuredmedia":[{"embeddable":true,"href":"https:\/\/www.unipatis.fr\/ja\/wp-json\/wp\/v2\/media\/21163"}],"wp:attachment":[{"href":"https:\/\/www.unipatis.fr\/ja\/wp-json\/wp\/v2\/media?parent=15641"}],"wp:term":[{"taxonomy":"product_brand","embeddable":true,"href":"https:\/\/www.unipatis.fr\/ja\/wp-json\/wp\/v2\/product_brand?post=15641"},{"taxonomy":"product_cat","embeddable":true,"href":"https:\/\/www.unipatis.fr\/ja\/wp-json\/wp\/v2\/product_cat?post=15641"},{"taxonomy":"product_tag","embeddable":true,"href":"https:\/\/www.unipatis.fr\/ja\/wp-json\/wp\/v2\/product_tag?post=15641"}],"curies":[{"name":"wp","href":"https:\/\/api.w.org\/{rel}","templated":true}]}}