{"id":16015,"date":"2022-02-11T12:10:59","date_gmt":"2022-02-11T11:10:59","guid":{"rendered":"https:\/\/www.unipatis.fr\/produit\/%e3%82%b9%e3%83%91%e3%83%bc%e3%82%af%e3%83%aa%e3%83%b3%e3%82%b0%e3%83%bb%e3%83%a9%e3%82%ba%e3%83%99%e3%83%aa%e3%83%bc%e3%83%bb%e3%82%af%e3%83%aa%e3%82%b9%e3%83%97%e3%83%bb%e3%83%95%e3%82%a3%e3%83%aa\/"},"modified":"2026-04-09T10:28:28","modified_gmt":"2026-04-09T08:28:28","slug":"%e3%82%b9%e3%83%91%e3%83%bc%e3%82%af%e3%83%aa%e3%83%b3%e3%82%b0%e3%83%bb%e3%83%a9%e3%82%ba%e3%83%99%e3%83%aa%e3%83%bc%e3%83%bb%e3%82%af%e3%83%aa%e3%82%b9%e3%83%97%e3%83%bb%e3%83%95%e3%82%a3%e3%83%aa","status":"publish","type":"product","link":"https:\/\/www.unipatis.fr\/ja\/produit\/%e3%82%b9%e3%83%91%e3%83%bc%e3%82%af%e3%83%aa%e3%83%b3%e3%82%b0%e3%83%bb%e3%83%a9%e3%82%ba%e3%83%99%e3%83%aa%e3%83%bc%e3%83%bb%e3%82%af%e3%83%aa%e3%82%b9%e3%83%97%e3%83%bb%e3%83%95%e3%82%a3%e3%83%aa\/","title":{"rendered":"\u30b9\u30d1\u30fc\u30af\u30ea\u30f3\u30b0\u30fb\u30e9\u30ba\u30d9\u30ea\u30fc\u30fb\u30af\u30ea\u30b9\u30d7\u30fb\u30d5\u30a3\u30ea\u30f3\u30b0"},"content":{"rendered":"","protected":false},"excerpt":{"rendered":"<p>\u7d14\u767d\u306e\u30b3\u30b3\u30a2\u30fb\u30d0\u30bf\u30fc\u30fb\u30c1\u30e7\u30b3\u30ec\u30fc\u30c8\u3001\u30d3\u30b9\u30ad\u30e5\u30a4\u30fb\u30b7\u30e7\u30fc\u30c8\u30d6\u30ec\u30c3\u30c9\u3001\u30e9\u30ba\u30d9\u30ea\u30fc\u3092\u4e7e\u71e5\u3055\u305b\u305f\u30af\u30ea\u30b9\u30d4\u30fc\u3067\u30d5\u30eb\u30fc\u30c6\u30a3\u30fc\u306a\u30d5\u30a3\u30ea\u30f3\u30b0\u3002\u30a2\u30f3\u30c8\u30eb\u30e1\u3001\u30bf\u30eb\u30c8\u3001\u30a8\u30af\u30ec\u30a2\u3001\u30a2\u30a4\u30b9\u30af\u30ea\u30fc\u30e0\u3001\u30dc\u30f3\u30dc\u30f3\u30b7\u30e7\u30b3\u30e9\u306e\u5185\u5074\u306b\u3002 <\/p>\n<p>\u30d1\u30fc\u30e0\u6cb9\u4e0d\u4f7f\u7528\u3002 \u81ea\u7136\u306a\u30d5\u30eb\u30fc\u30c6\u30a3\u30fc\u3055\u3068\u690d\u7269\u30a8\u30ad\u30b9\u306b\u3088\u308b\u81ea\u7136\u306a\u8272\u5408\u3044\u3002 <\/p>\n<p>\u53e3\u306e\u4e2d\u3067\u30d1\u30c1\u30d1\u30c1\u3068\u97f3\u304c\u3059\u308b\u3002<\/p>\n","protected":false},"featured_media":15817,"comment_status":"closed","ping_status":"closed","template":"","meta":{"_acf_changed":false,"inline_featured_image":false},"product_brand":[],"product_cat":[440,441],"product_tag":[],"class_list":{"0":"post-16015","1":"product","2":"type-product","3":"status-publish","4":"has-post-thumbnail","6":"product_cat-01-","7":"product_cat-441","8":"sales-flash-overlay","9":"woocommerce-text-align-center","10":"woocommerce-image-align-center","11":"do-quantity-buttons","13":"first","14":"instock","15":"product-type-simple"},"acf":[],"yoast_head":"<!-- This site is optimized with the Yoast SEO plugin v27.2 - https:\/\/yoast.com\/product\/yoast-seo-wordpress\/ -->\n<title>\u30d5\u30a9\u30ec\u30c3\u30b8\u306e\u30b9\u30d1\u30fc\u30af\u30ea\u30f3\u30b0\u30fb\u30e9\u30ba\u30d9\u30ea\u30fc\u30fb\u30af\u30ea\u30b9\u30d7\u30fb\u30d5\u30a3\u30ea\u30f3\u30b0<\/title>\n<meta name=\"description\" content=\"\u30db\u30ef\u30a4\u30c8\u30c1\u30e7\u30b3\u30ec\u30fc\u30c8\u3001\u30d3\u30b9\u30ad\u30e5\u30a4\u30fb\u30b7\u30e7\u30fc\u30c8\u30d6\u30ec\u30c3\u30c9\u3001\u30e9\u30ba\u30d9\u30ea\u30fc\u3067\u4f5c\u3089\u308c\u305f\u30af\u30ea\u30b9\u30d4\u30fc\u3067\u30b9\u30d1\u30fc\u30af\u30ea\u30f3\u30b0\u306a\u30e9\u30ba\u30d9\u30ea\u30fc\u30d5\u30a3\u30ea\u30f3\u30b0\u3002\u53e3\u306e\u4e2d\u3067\u30b9\u30d1\u30fc\u30af\u30ea\u30f3\u30b0\u304c\u5e83\u304c\u308b\u3002\" \/>\n<meta name=\"robots\" content=\"index, follow, max-snippet:-1, max-image-preview:large, max-video-preview:-1\" \/>\n<link rel=\"canonical\" href=\"https:\/\/www.unipatis.fr\/ja\/produit\/\u30b9\u30d1\u30fc\u30af\u30ea\u30f3\u30b0\u30fb\u30e9\u30ba\u30d9\u30ea\u30fc\u30fb\u30af\u30ea\u30b9\u30d7\u30fb\u30d5\u30a3\u30ea\/\" \/>\n<meta property=\"og:locale\" content=\"ja_JP\" \/>\n<meta property=\"og:type\" content=\"article\" \/>\n<meta property=\"og:title\" content=\"\u30d5\u30a9\u30ec\u30c3\u30b8\u306e\u30b9\u30d1\u30fc\u30af\u30ea\u30f3\u30b0\u30fb\u30e9\u30ba\u30d9\u30ea\u30fc\u30fb\u30af\u30ea\u30b9\u30d7\u30fb\u30d5\u30a3\u30ea\u30f3\u30b0\" \/>\n<meta property=\"og:description\" content=\"\u30db\u30ef\u30a4\u30c8\u30c1\u30e7\u30b3\u30ec\u30fc\u30c8\u3001\u30d3\u30b9\u30ad\u30e5\u30a4\u30fb\u30b7\u30e7\u30fc\u30c8\u30d6\u30ec\u30c3\u30c9\u3001\u30e9\u30ba\u30d9\u30ea\u30fc\u3067\u4f5c\u3089\u308c\u305f\u30af\u30ea\u30b9\u30d4\u30fc\u3067\u30b9\u30d1\u30fc\u30af\u30ea\u30f3\u30b0\u306a\u30e9\u30ba\u30d9\u30ea\u30fc\u30d5\u30a3\u30ea\u30f3\u30b0\u3002\u53e3\u306e\u4e2d\u3067\u30b9\u30d1\u30fc\u30af\u30ea\u30f3\u30b0\u304c\u5e83\u304c\u308b\u3002\" \/>\n<meta property=\"og:url\" content=\"https:\/\/www.unipatis.fr\/ja\/produit\/\u30b9\u30d1\u30fc\u30af\u30ea\u30f3\u30b0\u30fb\u30e9\u30ba\u30d9\u30ea\u30fc\u30fb\u30af\u30ea\u30b9\u30d7\u30fb\u30d5\u30a3\u30ea\/\" \/>\n<meta property=\"og:site_name\" content=\"Unipatis\" \/>\n<meta property=\"article:publisher\" content=\"https:\/\/www.facebook.com\/unipatis\" \/>\n<meta property=\"article:modified_time\" content=\"2026-04-09T08:28:28+00:00\" \/>\n<meta property=\"og:image\" content=\"https:\/\/www.unipatis.fr\/wp-content\/uploads\/2022\/02\/seau_croustillant_framboise_petillante.png\" \/>\n\t<meta property=\"og:image:width\" content=\"1261\" \/>\n\t<meta property=\"og:image:height\" content=\"1179\" \/>\n\t<meta property=\"og:image:type\" content=\"image\/png\" \/>\n<meta name=\"twitter:card\" content=\"summary_large_image\" \/>\n<script type=\"application\/ld+json\" class=\"yoast-schema-graph\">{\"@context\":\"https:\/\/schema.org\",\"@graph\":[{\"@type\":\"WebPage\",\"@id\":\"https:\/\/www.unipatis.fr\/ja\/produit\/%e3%82%b9%e3%83%91%e3%83%bc%e3%82%af%e3%83%aa%e3%83%b3%e3%82%b0%e3%83%bb%e3%83%a9%e3%82%ba%e3%83%99%e3%83%aa%e3%83%bc%e3%83%bb%e3%82%af%e3%83%aa%e3%82%b9%e3%83%97%e3%83%bb%e3%83%95%e3%82%a3%e3%83%aa\/\",\"url\":\"https:\/\/www.unipatis.fr\/ja\/produit\/%e3%82%b9%e3%83%91%e3%83%bc%e3%82%af%e3%83%aa%e3%83%b3%e3%82%b0%e3%83%bb%e3%83%a9%e3%82%ba%e3%83%99%e3%83%aa%e3%83%bc%e3%83%bb%e3%82%af%e3%83%aa%e3%82%b9%e3%83%97%e3%83%bb%e3%83%95%e3%82%a3%e3%83%aa\/\",\"name\":\"\u30d5\u30a9\u30ec\u30c3\u30b8\u306e\u30b9\u30d1\u30fc\u30af\u30ea\u30f3\u30b0\u30fb\u30e9\u30ba\u30d9\u30ea\u30fc\u30fb\u30af\u30ea\u30b9\u30d7\u30fb\u30d5\u30a3\u30ea\u30f3\u30b0\",\"isPartOf\":{\"@id\":\"https:\/\/www.unipatis.fr\/en\/#website\"},\"primaryImageOfPage\":{\"@id\":\"https:\/\/www.unipatis.fr\/ja\/produit\/%e3%82%b9%e3%83%91%e3%83%bc%e3%82%af%e3%83%aa%e3%83%b3%e3%82%b0%e3%83%bb%e3%83%a9%e3%82%ba%e3%83%99%e3%83%aa%e3%83%bc%e3%83%bb%e3%82%af%e3%83%aa%e3%82%b9%e3%83%97%e3%83%bb%e3%83%95%e3%82%a3%e3%83%aa\/#primaryimage\"},\"image\":{\"@id\":\"https:\/\/www.unipatis.fr\/ja\/produit\/%e3%82%b9%e3%83%91%e3%83%bc%e3%82%af%e3%83%aa%e3%83%b3%e3%82%b0%e3%83%bb%e3%83%a9%e3%82%ba%e3%83%99%e3%83%aa%e3%83%bc%e3%83%bb%e3%82%af%e3%83%aa%e3%82%b9%e3%83%97%e3%83%bb%e3%83%95%e3%82%a3%e3%83%aa\/#primaryimage\"},\"thumbnailUrl\":\"https:\/\/www.unipatis.fr\/wp-content\/uploads\/2022\/02\/seau_croustillant_framboise_petillante.png\",\"datePublished\":\"2022-02-11T11:10:59+00:00\",\"dateModified\":\"2026-04-09T08:28:28+00:00\",\"description\":\"\u30db\u30ef\u30a4\u30c8\u30c1\u30e7\u30b3\u30ec\u30fc\u30c8\u3001\u30d3\u30b9\u30ad\u30e5\u30a4\u30fb\u30b7\u30e7\u30fc\u30c8\u30d6\u30ec\u30c3\u30c9\u3001\u30e9\u30ba\u30d9\u30ea\u30fc\u3067\u4f5c\u3089\u308c\u305f\u30af\u30ea\u30b9\u30d4\u30fc\u3067\u30b9\u30d1\u30fc\u30af\u30ea\u30f3\u30b0\u306a\u30e9\u30ba\u30d9\u30ea\u30fc\u30d5\u30a3\u30ea\u30f3\u30b0\u3002\u53e3\u306e\u4e2d\u3067\u30b9\u30d1\u30fc\u30af\u30ea\u30f3\u30b0\u304c\u5e83\u304c\u308b\u3002\",\"breadcrumb\":{\"@id\":\"https:\/\/www.unipatis.fr\/ja\/produit\/%e3%82%b9%e3%83%91%e3%83%bc%e3%82%af%e3%83%aa%e3%83%b3%e3%82%b0%e3%83%bb%e3%83%a9%e3%82%ba%e3%83%99%e3%83%aa%e3%83%bc%e3%83%bb%e3%82%af%e3%83%aa%e3%82%b9%e3%83%97%e3%83%bb%e3%83%95%e3%82%a3%e3%83%aa\/#breadcrumb\"},\"inLanguage\":\"ja\",\"potentialAction\":[{\"@type\":\"ReadAction\",\"target\":[\"https:\/\/www.unipatis.fr\/ja\/produit\/%e3%82%b9%e3%83%91%e3%83%bc%e3%82%af%e3%83%aa%e3%83%b3%e3%82%b0%e3%83%bb%e3%83%a9%e3%82%ba%e3%83%99%e3%83%aa%e3%83%bc%e3%83%bb%e3%82%af%e3%83%aa%e3%82%b9%e3%83%97%e3%83%bb%e3%83%95%e3%82%a3%e3%83%aa\/\"]}]},{\"@type\":\"ImageObject\",\"inLanguage\":\"ja\",\"@id\":\"https:\/\/www.unipatis.fr\/ja\/produit\/%e3%82%b9%e3%83%91%e3%83%bc%e3%82%af%e3%83%aa%e3%83%b3%e3%82%b0%e3%83%bb%e3%83%a9%e3%82%ba%e3%83%99%e3%83%aa%e3%83%bc%e3%83%bb%e3%82%af%e3%83%aa%e3%82%b9%e3%83%97%e3%83%bb%e3%83%95%e3%82%a3%e3%83%aa\/#primaryimage\",\"url\":\"https:\/\/www.unipatis.fr\/wp-content\/uploads\/2022\/02\/seau_croustillant_framboise_petillante.png\",\"contentUrl\":\"https:\/\/www.unipatis.fr\/wp-content\/uploads\/2022\/02\/seau_croustillant_framboise_petillante.png\",\"width\":1261,\"height\":1179,\"caption\":\"\u30af\u30ea\u30b9\u30d7_\u30e9\u30ba\u30d9\u30ea\u30fc_\u30af\u30ea\u30b9\u30d7 \u30e6\u30cb\u30d1\u30c6\u30a3\u30b9\"},{\"@type\":\"BreadcrumbList\",\"@id\":\"https:\/\/www.unipatis.fr\/ja\/produit\/%e3%82%b9%e3%83%91%e3%83%bc%e3%82%af%e3%83%aa%e3%83%b3%e3%82%b0%e3%83%bb%e3%83%a9%e3%82%ba%e3%83%99%e3%83%aa%e3%83%bc%e3%83%bb%e3%82%af%e3%83%aa%e3%82%b9%e3%83%97%e3%83%bb%e3%83%95%e3%82%a3%e3%83%aa\/#breadcrumb\",\"itemListElement\":[{\"@type\":\"ListItem\",\"position\":1,\"name\":\"Accueil\",\"item\":\"https:\/\/www.unipatis.fr\/ja\/%e3%83%9b%e3%83%bc%e3%83%a0-2\/\"},{\"@type\":\"ListItem\",\"position\":2,\"name\":\"\u30b7\u30e7\u30c3\u30d7\",\"item\":\"https:\/\/www.unipatis.fr\/ja\/%e3%82%b7%e3%83%a7%e3%83%83%e3%83%97\/\"},{\"@type\":\"ListItem\",\"position\":3,\"name\":\"\u30b9\u30d1\u30fc\u30af\u30ea\u30f3\u30b0\u30fb\u30e9\u30ba\u30d9\u30ea\u30fc\u30fb\u30af\u30ea\u30b9\u30d7\u30fb\u30d5\u30a3\u30ea\u30f3\u30b0\"}]},{\"@type\":\"WebSite\",\"@id\":\"https:\/\/www.unipatis.fr\/en\/#website\",\"url\":\"https:\/\/www.unipatis.fr\/en\/\",\"name\":\"Unipatis\",\"description\":\"Unipatis Maison est une entreprise familiale sp\u00e9cialis\u00e9e dans la fabrication d&#039;ingr\u00e9dients p\u00e2tissiers et chocolatiers depuis quatre g\u00e9n\u00e9rations.\",\"publisher\":{\"@id\":\"https:\/\/www.unipatis.fr\/en\/#organization\"},\"potentialAction\":[{\"@type\":\"SearchAction\",\"target\":{\"@type\":\"EntryPoint\",\"urlTemplate\":\"https:\/\/www.unipatis.fr\/en\/?s={search_term_string}\"},\"query-input\":{\"@type\":\"PropertyValueSpecification\",\"valueRequired\":true,\"valueName\":\"search_term_string\"}}],\"inLanguage\":\"ja\"},{\"@type\":\"Organization\",\"@id\":\"https:\/\/www.unipatis.fr\/en\/#organization\",\"name\":\"Unipatis\",\"url\":\"https:\/\/www.unipatis.fr\/en\/\",\"logo\":{\"@type\":\"ImageObject\",\"inLanguage\":\"ja\",\"@id\":\"https:\/\/www.unipatis.fr\/en\/#\/schema\/logo\/image\/\",\"url\":\"https:\/\/www.unipatis.fr\/wp-content\/uploads\/2021\/10\/UNIPATIS_logo_flag_2021-1.svg\",\"contentUrl\":\"https:\/\/www.unipatis.fr\/wp-content\/uploads\/2021\/10\/UNIPATIS_logo_flag_2021-1.svg\",\"width\":150,\"height\":184,\"caption\":\"Unipatis\"},\"image\":{\"@id\":\"https:\/\/www.unipatis.fr\/en\/#\/schema\/logo\/image\/\"},\"sameAs\":[\"https:\/\/www.facebook.com\/unipatis\",\"https:\/\/www.instagram.com\/unipatis\",\"https:\/\/www.youtube.com\/@Unipatis\"]}]}<\/script>\n<!-- \/ Yoast SEO plugin. -->","yoast_head_json":{"title":"\u30d5\u30a9\u30ec\u30c3\u30b8\u306e\u30b9\u30d1\u30fc\u30af\u30ea\u30f3\u30b0\u30fb\u30e9\u30ba\u30d9\u30ea\u30fc\u30fb\u30af\u30ea\u30b9\u30d7\u30fb\u30d5\u30a3\u30ea\u30f3\u30b0","description":"\u30db\u30ef\u30a4\u30c8\u30c1\u30e7\u30b3\u30ec\u30fc\u30c8\u3001\u30d3\u30b9\u30ad\u30e5\u30a4\u30fb\u30b7\u30e7\u30fc\u30c8\u30d6\u30ec\u30c3\u30c9\u3001\u30e9\u30ba\u30d9\u30ea\u30fc\u3067\u4f5c\u3089\u308c\u305f\u30af\u30ea\u30b9\u30d4\u30fc\u3067\u30b9\u30d1\u30fc\u30af\u30ea\u30f3\u30b0\u306a\u30e9\u30ba\u30d9\u30ea\u30fc\u30d5\u30a3\u30ea\u30f3\u30b0\u3002\u53e3\u306e\u4e2d\u3067\u30b9\u30d1\u30fc\u30af\u30ea\u30f3\u30b0\u304c\u5e83\u304c\u308b\u3002","robots":{"index":"index","follow":"follow","max-snippet":"max-snippet:-1","max-image-preview":"max-image-preview:large","max-video-preview":"max-video-preview:-1"},"canonical":"https:\/\/www.unipatis.fr\/ja\/produit\/\u30b9\u30d1\u30fc\u30af\u30ea\u30f3\u30b0\u30fb\u30e9\u30ba\u30d9\u30ea\u30fc\u30fb\u30af\u30ea\u30b9\u30d7\u30fb\u30d5\u30a3\u30ea\/","og_locale":"ja_JP","og_type":"article","og_title":"\u30d5\u30a9\u30ec\u30c3\u30b8\u306e\u30b9\u30d1\u30fc\u30af\u30ea\u30f3\u30b0\u30fb\u30e9\u30ba\u30d9\u30ea\u30fc\u30fb\u30af\u30ea\u30b9\u30d7\u30fb\u30d5\u30a3\u30ea\u30f3\u30b0","og_description":"\u30db\u30ef\u30a4\u30c8\u30c1\u30e7\u30b3\u30ec\u30fc\u30c8\u3001\u30d3\u30b9\u30ad\u30e5\u30a4\u30fb\u30b7\u30e7\u30fc\u30c8\u30d6\u30ec\u30c3\u30c9\u3001\u30e9\u30ba\u30d9\u30ea\u30fc\u3067\u4f5c\u3089\u308c\u305f\u30af\u30ea\u30b9\u30d4\u30fc\u3067\u30b9\u30d1\u30fc\u30af\u30ea\u30f3\u30b0\u306a\u30e9\u30ba\u30d9\u30ea\u30fc\u30d5\u30a3\u30ea\u30f3\u30b0\u3002\u53e3\u306e\u4e2d\u3067\u30b9\u30d1\u30fc\u30af\u30ea\u30f3\u30b0\u304c\u5e83\u304c\u308b\u3002","og_url":"https:\/\/www.unipatis.fr\/ja\/produit\/\u30b9\u30d1\u30fc\u30af\u30ea\u30f3\u30b0\u30fb\u30e9\u30ba\u30d9\u30ea\u30fc\u30fb\u30af\u30ea\u30b9\u30d7\u30fb\u30d5\u30a3\u30ea\/","og_site_name":"Unipatis","article_publisher":"https:\/\/www.facebook.com\/unipatis","article_modified_time":"2026-04-09T08:28:28+00:00","og_image":[{"width":1261,"height":1179,"url":"https:\/\/www.unipatis.fr\/wp-content\/uploads\/2022\/02\/seau_croustillant_framboise_petillante.png","type":"image\/png"}],"twitter_card":"summary_large_image","schema":{"@context":"https:\/\/schema.org","@graph":[{"@type":"WebPage","@id":"https:\/\/www.unipatis.fr\/ja\/produit\/%e3%82%b9%e3%83%91%e3%83%bc%e3%82%af%e3%83%aa%e3%83%b3%e3%82%b0%e3%83%bb%e3%83%a9%e3%82%ba%e3%83%99%e3%83%aa%e3%83%bc%e3%83%bb%e3%82%af%e3%83%aa%e3%82%b9%e3%83%97%e3%83%bb%e3%83%95%e3%82%a3%e3%83%aa\/","url":"https:\/\/www.unipatis.fr\/ja\/produit\/%e3%82%b9%e3%83%91%e3%83%bc%e3%82%af%e3%83%aa%e3%83%b3%e3%82%b0%e3%83%bb%e3%83%a9%e3%82%ba%e3%83%99%e3%83%aa%e3%83%bc%e3%83%bb%e3%82%af%e3%83%aa%e3%82%b9%e3%83%97%e3%83%bb%e3%83%95%e3%82%a3%e3%83%aa\/","name":"\u30d5\u30a9\u30ec\u30c3\u30b8\u306e\u30b9\u30d1\u30fc\u30af\u30ea\u30f3\u30b0\u30fb\u30e9\u30ba\u30d9\u30ea\u30fc\u30fb\u30af\u30ea\u30b9\u30d7\u30fb\u30d5\u30a3\u30ea\u30f3\u30b0","isPartOf":{"@id":"https:\/\/www.unipatis.fr\/en\/#website"},"primaryImageOfPage":{"@id":"https:\/\/www.unipatis.fr\/ja\/produit\/%e3%82%b9%e3%83%91%e3%83%bc%e3%82%af%e3%83%aa%e3%83%b3%e3%82%b0%e3%83%bb%e3%83%a9%e3%82%ba%e3%83%99%e3%83%aa%e3%83%bc%e3%83%bb%e3%82%af%e3%83%aa%e3%82%b9%e3%83%97%e3%83%bb%e3%83%95%e3%82%a3%e3%83%aa\/#primaryimage"},"image":{"@id":"https:\/\/www.unipatis.fr\/ja\/produit\/%e3%82%b9%e3%83%91%e3%83%bc%e3%82%af%e3%83%aa%e3%83%b3%e3%82%b0%e3%83%bb%e3%83%a9%e3%82%ba%e3%83%99%e3%83%aa%e3%83%bc%e3%83%bb%e3%82%af%e3%83%aa%e3%82%b9%e3%83%97%e3%83%bb%e3%83%95%e3%82%a3%e3%83%aa\/#primaryimage"},"thumbnailUrl":"https:\/\/www.unipatis.fr\/wp-content\/uploads\/2022\/02\/seau_croustillant_framboise_petillante.png","datePublished":"2022-02-11T11:10:59+00:00","dateModified":"2026-04-09T08:28:28+00:00","description":"\u30db\u30ef\u30a4\u30c8\u30c1\u30e7\u30b3\u30ec\u30fc\u30c8\u3001\u30d3\u30b9\u30ad\u30e5\u30a4\u30fb\u30b7\u30e7\u30fc\u30c8\u30d6\u30ec\u30c3\u30c9\u3001\u30e9\u30ba\u30d9\u30ea\u30fc\u3067\u4f5c\u3089\u308c\u305f\u30af\u30ea\u30b9\u30d4\u30fc\u3067\u30b9\u30d1\u30fc\u30af\u30ea\u30f3\u30b0\u306a\u30e9\u30ba\u30d9\u30ea\u30fc\u30d5\u30a3\u30ea\u30f3\u30b0\u3002\u53e3\u306e\u4e2d\u3067\u30b9\u30d1\u30fc\u30af\u30ea\u30f3\u30b0\u304c\u5e83\u304c\u308b\u3002","breadcrumb":{"@id":"https:\/\/www.unipatis.fr\/ja\/produit\/%e3%82%b9%e3%83%91%e3%83%bc%e3%82%af%e3%83%aa%e3%83%b3%e3%82%b0%e3%83%bb%e3%83%a9%e3%82%ba%e3%83%99%e3%83%aa%e3%83%bc%e3%83%bb%e3%82%af%e3%83%aa%e3%82%b9%e3%83%97%e3%83%bb%e3%83%95%e3%82%a3%e3%83%aa\/#breadcrumb"},"inLanguage":"ja","potentialAction":[{"@type":"ReadAction","target":["https:\/\/www.unipatis.fr\/ja\/produit\/%e3%82%b9%e3%83%91%e3%83%bc%e3%82%af%e3%83%aa%e3%83%b3%e3%82%b0%e3%83%bb%e3%83%a9%e3%82%ba%e3%83%99%e3%83%aa%e3%83%bc%e3%83%bb%e3%82%af%e3%83%aa%e3%82%b9%e3%83%97%e3%83%bb%e3%83%95%e3%82%a3%e3%83%aa\/"]}]},{"@type":"ImageObject","inLanguage":"ja","@id":"https:\/\/www.unipatis.fr\/ja\/produit\/%e3%82%b9%e3%83%91%e3%83%bc%e3%82%af%e3%83%aa%e3%83%b3%e3%82%b0%e3%83%bb%e3%83%a9%e3%82%ba%e3%83%99%e3%83%aa%e3%83%bc%e3%83%bb%e3%82%af%e3%83%aa%e3%82%b9%e3%83%97%e3%83%bb%e3%83%95%e3%82%a3%e3%83%aa\/#primaryimage","url":"https:\/\/www.unipatis.fr\/wp-content\/uploads\/2022\/02\/seau_croustillant_framboise_petillante.png","contentUrl":"https:\/\/www.unipatis.fr\/wp-content\/uploads\/2022\/02\/seau_croustillant_framboise_petillante.png","width":1261,"height":1179,"caption":"\u30af\u30ea\u30b9\u30d7_\u30e9\u30ba\u30d9\u30ea\u30fc_\u30af\u30ea\u30b9\u30d7 \u30e6\u30cb\u30d1\u30c6\u30a3\u30b9"},{"@type":"BreadcrumbList","@id":"https:\/\/www.unipatis.fr\/ja\/produit\/%e3%82%b9%e3%83%91%e3%83%bc%e3%82%af%e3%83%aa%e3%83%b3%e3%82%b0%e3%83%bb%e3%83%a9%e3%82%ba%e3%83%99%e3%83%aa%e3%83%bc%e3%83%bb%e3%82%af%e3%83%aa%e3%82%b9%e3%83%97%e3%83%bb%e3%83%95%e3%82%a3%e3%83%aa\/#breadcrumb","itemListElement":[{"@type":"ListItem","position":1,"name":"Accueil","item":"https:\/\/www.unipatis.fr\/ja\/%e3%83%9b%e3%83%bc%e3%83%a0-2\/"},{"@type":"ListItem","position":2,"name":"\u30b7\u30e7\u30c3\u30d7","item":"https:\/\/www.unipatis.fr\/ja\/%e3%82%b7%e3%83%a7%e3%83%83%e3%83%97\/"},{"@type":"ListItem","position":3,"name":"\u30b9\u30d1\u30fc\u30af\u30ea\u30f3\u30b0\u30fb\u30e9\u30ba\u30d9\u30ea\u30fc\u30fb\u30af\u30ea\u30b9\u30d7\u30fb\u30d5\u30a3\u30ea\u30f3\u30b0"}]},{"@type":"WebSite","@id":"https:\/\/www.unipatis.fr\/en\/#website","url":"https:\/\/www.unipatis.fr\/en\/","name":"Unipatis","description":"Unipatis Maison est une entreprise familiale sp\u00e9cialis\u00e9e dans la fabrication d&#039;ingr\u00e9dients p\u00e2tissiers et chocolatiers depuis quatre g\u00e9n\u00e9rations.","publisher":{"@id":"https:\/\/www.unipatis.fr\/en\/#organization"},"potentialAction":[{"@type":"SearchAction","target":{"@type":"EntryPoint","urlTemplate":"https:\/\/www.unipatis.fr\/en\/?s={search_term_string}"},"query-input":{"@type":"PropertyValueSpecification","valueRequired":true,"valueName":"search_term_string"}}],"inLanguage":"ja"},{"@type":"Organization","@id":"https:\/\/www.unipatis.fr\/en\/#organization","name":"Unipatis","url":"https:\/\/www.unipatis.fr\/en\/","logo":{"@type":"ImageObject","inLanguage":"ja","@id":"https:\/\/www.unipatis.fr\/en\/#\/schema\/logo\/image\/","url":"https:\/\/www.unipatis.fr\/wp-content\/uploads\/2021\/10\/UNIPATIS_logo_flag_2021-1.svg","contentUrl":"https:\/\/www.unipatis.fr\/wp-content\/uploads\/2021\/10\/UNIPATIS_logo_flag_2021-1.svg","width":150,"height":184,"caption":"Unipatis"},"image":{"@id":"https:\/\/www.unipatis.fr\/en\/#\/schema\/logo\/image\/"},"sameAs":["https:\/\/www.facebook.com\/unipatis","https:\/\/www.instagram.com\/unipatis","https:\/\/www.youtube.com\/@Unipatis"]}]}},"_links":{"self":[{"href":"https:\/\/www.unipatis.fr\/ja\/wp-json\/wp\/v2\/product\/16015","targetHints":{"allow":["GET"]}}],"collection":[{"href":"https:\/\/www.unipatis.fr\/ja\/wp-json\/wp\/v2\/product"}],"about":[{"href":"https:\/\/www.unipatis.fr\/ja\/wp-json\/wp\/v2\/types\/product"}],"replies":[{"embeddable":true,"href":"https:\/\/www.unipatis.fr\/ja\/wp-json\/wp\/v2\/comments?post=16015"}],"version-history":[{"count":3,"href":"https:\/\/www.unipatis.fr\/ja\/wp-json\/wp\/v2\/product\/16015\/revisions"}],"predecessor-version":[{"id":30399,"href":"https:\/\/www.unipatis.fr\/ja\/wp-json\/wp\/v2\/product\/16015\/revisions\/30399"}],"wp:featuredmedia":[{"embeddable":true,"href":"https:\/\/www.unipatis.fr\/ja\/wp-json\/wp\/v2\/media\/15817"}],"wp:attachment":[{"href":"https:\/\/www.unipatis.fr\/ja\/wp-json\/wp\/v2\/media?parent=16015"}],"wp:term":[{"taxonomy":"product_brand","embeddable":true,"href":"https:\/\/www.unipatis.fr\/ja\/wp-json\/wp\/v2\/product_brand?post=16015"},{"taxonomy":"product_cat","embeddable":true,"href":"https:\/\/www.unipatis.fr\/ja\/wp-json\/wp\/v2\/product_cat?post=16015"},{"taxonomy":"product_tag","embeddable":true,"href":"https:\/\/www.unipatis.fr\/ja\/wp-json\/wp\/v2\/product_tag?post=16015"}],"curies":[{"name":"wp","href":"https:\/\/api.w.org\/{rel}","templated":true}]}}