{"id":18076,"date":"2024-08-26T16:38:48","date_gmt":"2024-08-26T14:38:48","guid":{"rendered":"https:\/\/www.unipatis.fr\/produit\/%e3%82%b3%e3%82%b3%e3%83%8a%e3%83%83%e3%83%84%e3%83%bb%e3%83%95%e3%83%ac%e3%83%bc%e3%83%90%e3%83%bc%e3%83%bb%e3%82%b7%e3%83%a3%e3%83%bc%e3%83%99%e3%83%83%e3%83%88-%e7%b2%89%e6%9c%ab%e3%82%bf\/"},"modified":"2026-04-12T08:35:24","modified_gmt":"2026-04-12T06:35:24","slug":"%e3%82%b3%e3%82%b3%e3%83%8a%e3%83%83%e3%83%84%e3%83%bb%e3%83%95%e3%83%ac%e3%83%bc%e3%83%90%e3%83%bc%e3%83%bb%e3%82%b7%e3%83%a3%e3%83%bc%e3%83%99%e3%83%83%e3%83%88-%e7%b2%89%e6%9c%ab%e3%82%bf","status":"publish","type":"product","link":"https:\/\/www.unipatis.fr\/ja\/produit\/%e3%82%b3%e3%82%b3%e3%83%8a%e3%83%83%e3%83%84%e3%83%bb%e3%83%95%e3%83%ac%e3%83%bc%e3%83%90%e3%83%bc%e3%83%bb%e3%82%b7%e3%83%a3%e3%83%bc%e3%83%99%e3%83%83%e3%83%88-%e7%b2%89%e6%9c%ab%e3%82%bf\/","title":{"rendered":"\u30b3\u30b3\u30ca\u30c3\u30c4\u30fb\u30d5\u30ec\u30fc\u30d0\u30fc\u30fb\u30b7\u30e3\u30fc\u30d9\u30c3\u30c8 &#8211; \u7c89\u672b\u30bf\u30a4\u30d7"},"content":{"rendered":"","protected":false},"excerpt":{"rendered":"<p>\u7f8e\u5473\u3057\u3044\u81ea\u5bb6\u88fd\u30b7\u30e3\u30fc\u30d9\u30c3\u30c8\u306e\u305f\u3081\u306e\u3001\u679c\u5b9f\u5473\u8c4a\u304b\u306a\u30b7\u30e3\u30fc\u30d9\u30c3\u30c8\u30d1\u30a6\u30c0\u30fc\u3002<\/p>\n","protected":false},"featured_media":17217,"comment_status":"closed","ping_status":"closed","template":"","meta":{"_acf_changed":false,"inline_featured_image":false},"product_brand":[],"product_cat":[658],"product_tag":[],"class_list":{"0":"post-18076","1":"product","2":"type-product","3":"status-publish","4":"has-post-thumbnail","6":"product_cat-16-","7":"sales-flash-overlay","8":"woocommerce-text-align-center","9":"woocommerce-image-align-center","10":"do-quantity-buttons","12":"first","13":"instock","14":"shipping-taxable","15":"product-type-simple"},"acf":[],"yoast_head":"<!-- This site is optimized with the Yoast SEO plugin v27.2 - https:\/\/yoast.com\/product\/yoast-seo-wordpress\/ -->\n<title>\u30b3\u30b3\u30ca\u30c3\u30c4\u30fb\u30d5\u30ec\u30fc\u30d0\u30fc\u30fb\u30b7\u30e3\u30fc\u30d9\u30c3\u30c8 - \u7c89\u672b\u30bf\u30a4\u30d7 - Unipatis<\/title>\n<meta name=\"robots\" content=\"index, follow, max-snippet:-1, max-image-preview:large, max-video-preview:-1\" \/>\n<link rel=\"canonical\" href=\"https:\/\/www.unipatis.fr\/ja\/produit\/\u30b3\u30b3\u30ca\u30c3\u30c4\u30fb\u30d5\u30ec\u30fc\u30d0\u30fc\u30fb\u30b7\u30e3\u30fc\u30d9\u30c3\u30c8-\u7c89\u672b\u30bf\/\" \/>\n<meta property=\"og:locale\" content=\"ja_JP\" \/>\n<meta property=\"og:type\" content=\"article\" \/>\n<meta property=\"og:title\" content=\"\u30b3\u30b3\u30ca\u30c3\u30c4\u30fb\u30d5\u30ec\u30fc\u30d0\u30fc\u30fb\u30b7\u30e3\u30fc\u30d9\u30c3\u30c8 - \u7c89\u672b\u30bf\u30a4\u30d7 - Unipatis\" \/>\n<meta property=\"og:description\" content=\"\u7f8e\u5473\u3057\u3044\u81ea\u5bb6\u88fd\u30b7\u30e3\u30fc\u30d9\u30c3\u30c8\u306e\u305f\u3081\u306e\u3001\u679c\u5b9f\u5473\u8c4a\u304b\u306a\u30b7\u30e3\u30fc\u30d9\u30c3\u30c8\u30d1\u30a6\u30c0\u30fc\u3002\" \/>\n<meta property=\"og:url\" content=\"https:\/\/www.unipatis.fr\/ja\/produit\/\u30b3\u30b3\u30ca\u30c3\u30c4\u30fb\u30d5\u30ec\u30fc\u30d0\u30fc\u30fb\u30b7\u30e3\u30fc\u30d9\u30c3\u30c8-\u7c89\u672b\u30bf\/\" \/>\n<meta property=\"og:site_name\" content=\"Unipatis\" \/>\n<meta property=\"article:publisher\" content=\"https:\/\/www.facebook.com\/unipatis\" \/>\n<meta property=\"article:modified_time\" content=\"2026-04-12T06:35:24+00:00\" \/>\n<meta property=\"og:image\" content=\"https:\/\/www.unipatis.fr\/wp-content\/uploads\/2024\/08\/Seau-sorbet-coco.png\" \/>\n\t<meta property=\"og:image:width\" content=\"1261\" \/>\n\t<meta property=\"og:image:height\" content=\"1179\" \/>\n\t<meta property=\"og:image:type\" content=\"image\/png\" \/>\n<meta name=\"twitter:card\" content=\"summary_large_image\" \/>\n<script type=\"application\/ld+json\" class=\"yoast-schema-graph\">{\"@context\":\"https:\/\/schema.org\",\"@graph\":[{\"@type\":\"WebPage\",\"@id\":\"https:\/\/www.unipatis.fr\/ja\/produit\/%e3%82%b3%e3%82%b3%e3%83%8a%e3%83%83%e3%83%84%e3%83%bb%e3%83%95%e3%83%ac%e3%83%bc%e3%83%90%e3%83%bc%e3%83%bb%e3%82%b7%e3%83%a3%e3%83%bc%e3%83%99%e3%83%83%e3%83%88-%e7%b2%89%e6%9c%ab%e3%82%bf\/\",\"url\":\"https:\/\/www.unipatis.fr\/ja\/produit\/%e3%82%b3%e3%82%b3%e3%83%8a%e3%83%83%e3%83%84%e3%83%bb%e3%83%95%e3%83%ac%e3%83%bc%e3%83%90%e3%83%bc%e3%83%bb%e3%82%b7%e3%83%a3%e3%83%bc%e3%83%99%e3%83%83%e3%83%88-%e7%b2%89%e6%9c%ab%e3%82%bf\/\",\"name\":\"\u30b3\u30b3\u30ca\u30c3\u30c4\u30fb\u30d5\u30ec\u30fc\u30d0\u30fc\u30fb\u30b7\u30e3\u30fc\u30d9\u30c3\u30c8 - \u7c89\u672b\u30bf\u30a4\u30d7 - Unipatis\",\"isPartOf\":{\"@id\":\"https:\/\/www.unipatis.fr\/en\/#website\"},\"primaryImageOfPage\":{\"@id\":\"https:\/\/www.unipatis.fr\/ja\/produit\/%e3%82%b3%e3%82%b3%e3%83%8a%e3%83%83%e3%83%84%e3%83%bb%e3%83%95%e3%83%ac%e3%83%bc%e3%83%90%e3%83%bc%e3%83%bb%e3%82%b7%e3%83%a3%e3%83%bc%e3%83%99%e3%83%83%e3%83%88-%e7%b2%89%e6%9c%ab%e3%82%bf\/#primaryimage\"},\"image\":{\"@id\":\"https:\/\/www.unipatis.fr\/ja\/produit\/%e3%82%b3%e3%82%b3%e3%83%8a%e3%83%83%e3%83%84%e3%83%bb%e3%83%95%e3%83%ac%e3%83%bc%e3%83%90%e3%83%bc%e3%83%bb%e3%82%b7%e3%83%a3%e3%83%bc%e3%83%99%e3%83%83%e3%83%88-%e7%b2%89%e6%9c%ab%e3%82%bf\/#primaryimage\"},\"thumbnailUrl\":\"https:\/\/www.unipatis.fr\/wp-content\/uploads\/2024\/08\/Seau-sorbet-coco.png\",\"datePublished\":\"2024-08-26T14:38:48+00:00\",\"dateModified\":\"2026-04-12T06:35:24+00:00\",\"breadcrumb\":{\"@id\":\"https:\/\/www.unipatis.fr\/ja\/produit\/%e3%82%b3%e3%82%b3%e3%83%8a%e3%83%83%e3%83%84%e3%83%bb%e3%83%95%e3%83%ac%e3%83%bc%e3%83%90%e3%83%bc%e3%83%bb%e3%82%b7%e3%83%a3%e3%83%bc%e3%83%99%e3%83%83%e3%83%88-%e7%b2%89%e6%9c%ab%e3%82%bf\/#breadcrumb\"},\"inLanguage\":\"ja\",\"potentialAction\":[{\"@type\":\"ReadAction\",\"target\":[\"https:\/\/www.unipatis.fr\/ja\/produit\/%e3%82%b3%e3%82%b3%e3%83%8a%e3%83%83%e3%83%84%e3%83%bb%e3%83%95%e3%83%ac%e3%83%bc%e3%83%90%e3%83%bc%e3%83%bb%e3%82%b7%e3%83%a3%e3%83%bc%e3%83%99%e3%83%83%e3%83%88-%e7%b2%89%e6%9c%ab%e3%82%bf\/\"]}]},{\"@type\":\"ImageObject\",\"inLanguage\":\"ja\",\"@id\":\"https:\/\/www.unipatis.fr\/ja\/produit\/%e3%82%b3%e3%82%b3%e3%83%8a%e3%83%83%e3%83%84%e3%83%bb%e3%83%95%e3%83%ac%e3%83%bc%e3%83%90%e3%83%bc%e3%83%bb%e3%82%b7%e3%83%a3%e3%83%bc%e3%83%99%e3%83%83%e3%83%88-%e7%b2%89%e6%9c%ab%e3%82%bf\/#primaryimage\",\"url\":\"https:\/\/www.unipatis.fr\/wp-content\/uploads\/2024\/08\/Seau-sorbet-coco.png\",\"contentUrl\":\"https:\/\/www.unipatis.fr\/wp-content\/uploads\/2024\/08\/Seau-sorbet-coco.png\",\"width\":1261,\"height\":1179,\"caption\":\"\u30e6\u30cb\u30d1\u30c6\u30a3\u30b9\u30fb\u30b3\u30b3\u30ca\u30c3\u30c4\u30fb\u30b7\u30e3\u30fc\u30d9\u30c3\u30c8\"},{\"@type\":\"BreadcrumbList\",\"@id\":\"https:\/\/www.unipatis.fr\/ja\/produit\/%e3%82%b3%e3%82%b3%e3%83%8a%e3%83%83%e3%83%84%e3%83%bb%e3%83%95%e3%83%ac%e3%83%bc%e3%83%90%e3%83%bc%e3%83%bb%e3%82%b7%e3%83%a3%e3%83%bc%e3%83%99%e3%83%83%e3%83%88-%e7%b2%89%e6%9c%ab%e3%82%bf\/#breadcrumb\",\"itemListElement\":[{\"@type\":\"ListItem\",\"position\":1,\"name\":\"Accueil\",\"item\":\"https:\/\/www.unipatis.fr\/ja\/%e3%83%9b%e3%83%bc%e3%83%a0-2\/\"},{\"@type\":\"ListItem\",\"position\":2,\"name\":\"\u30b7\u30e7\u30c3\u30d7\",\"item\":\"https:\/\/www.unipatis.fr\/ja\/%e3%82%b7%e3%83%a7%e3%83%83%e3%83%97\/\"},{\"@type\":\"ListItem\",\"position\":3,\"name\":\"\u30b3\u30b3\u30ca\u30c3\u30c4\u30fb\u30d5\u30ec\u30fc\u30d0\u30fc\u30fb\u30b7\u30e3\u30fc\u30d9\u30c3\u30c8 &#8211; \u7c89\u672b\u30bf\u30a4\u30d7\"}]},{\"@type\":\"WebSite\",\"@id\":\"https:\/\/www.unipatis.fr\/en\/#website\",\"url\":\"https:\/\/www.unipatis.fr\/en\/\",\"name\":\"Unipatis\",\"description\":\"Unipatis Maison est une entreprise familiale sp\u00e9cialis\u00e9e dans la fabrication d&#039;ingr\u00e9dients p\u00e2tissiers et chocolatiers depuis quatre g\u00e9n\u00e9rations.\",\"publisher\":{\"@id\":\"https:\/\/www.unipatis.fr\/en\/#organization\"},\"potentialAction\":[{\"@type\":\"SearchAction\",\"target\":{\"@type\":\"EntryPoint\",\"urlTemplate\":\"https:\/\/www.unipatis.fr\/en\/?s={search_term_string}\"},\"query-input\":{\"@type\":\"PropertyValueSpecification\",\"valueRequired\":true,\"valueName\":\"search_term_string\"}}],\"inLanguage\":\"ja\"},{\"@type\":\"Organization\",\"@id\":\"https:\/\/www.unipatis.fr\/en\/#organization\",\"name\":\"Unipatis\",\"url\":\"https:\/\/www.unipatis.fr\/en\/\",\"logo\":{\"@type\":\"ImageObject\",\"inLanguage\":\"ja\",\"@id\":\"https:\/\/www.unipatis.fr\/en\/#\/schema\/logo\/image\/\",\"url\":\"https:\/\/www.unipatis.fr\/wp-content\/uploads\/2021\/10\/UNIPATIS_logo_flag_2021-1.svg\",\"contentUrl\":\"https:\/\/www.unipatis.fr\/wp-content\/uploads\/2021\/10\/UNIPATIS_logo_flag_2021-1.svg\",\"width\":150,\"height\":184,\"caption\":\"Unipatis\"},\"image\":{\"@id\":\"https:\/\/www.unipatis.fr\/en\/#\/schema\/logo\/image\/\"},\"sameAs\":[\"https:\/\/www.facebook.com\/unipatis\",\"https:\/\/www.instagram.com\/unipatis\",\"https:\/\/www.youtube.com\/@Unipatis\"]}]}<\/script>\n<!-- \/ Yoast SEO plugin. -->","yoast_head_json":{"title":"\u30b3\u30b3\u30ca\u30c3\u30c4\u30fb\u30d5\u30ec\u30fc\u30d0\u30fc\u30fb\u30b7\u30e3\u30fc\u30d9\u30c3\u30c8 - \u7c89\u672b\u30bf\u30a4\u30d7 - Unipatis","robots":{"index":"index","follow":"follow","max-snippet":"max-snippet:-1","max-image-preview":"max-image-preview:large","max-video-preview":"max-video-preview:-1"},"canonical":"https:\/\/www.unipatis.fr\/ja\/produit\/\u30b3\u30b3\u30ca\u30c3\u30c4\u30fb\u30d5\u30ec\u30fc\u30d0\u30fc\u30fb\u30b7\u30e3\u30fc\u30d9\u30c3\u30c8-\u7c89\u672b\u30bf\/","og_locale":"ja_JP","og_type":"article","og_title":"\u30b3\u30b3\u30ca\u30c3\u30c4\u30fb\u30d5\u30ec\u30fc\u30d0\u30fc\u30fb\u30b7\u30e3\u30fc\u30d9\u30c3\u30c8 - \u7c89\u672b\u30bf\u30a4\u30d7 - Unipatis","og_description":"\u7f8e\u5473\u3057\u3044\u81ea\u5bb6\u88fd\u30b7\u30e3\u30fc\u30d9\u30c3\u30c8\u306e\u305f\u3081\u306e\u3001\u679c\u5b9f\u5473\u8c4a\u304b\u306a\u30b7\u30e3\u30fc\u30d9\u30c3\u30c8\u30d1\u30a6\u30c0\u30fc\u3002","og_url":"https:\/\/www.unipatis.fr\/ja\/produit\/\u30b3\u30b3\u30ca\u30c3\u30c4\u30fb\u30d5\u30ec\u30fc\u30d0\u30fc\u30fb\u30b7\u30e3\u30fc\u30d9\u30c3\u30c8-\u7c89\u672b\u30bf\/","og_site_name":"Unipatis","article_publisher":"https:\/\/www.facebook.com\/unipatis","article_modified_time":"2026-04-12T06:35:24+00:00","og_image":[{"width":1261,"height":1179,"url":"https:\/\/www.unipatis.fr\/wp-content\/uploads\/2024\/08\/Seau-sorbet-coco.png","type":"image\/png"}],"twitter_card":"summary_large_image","schema":{"@context":"https:\/\/schema.org","@graph":[{"@type":"WebPage","@id":"https:\/\/www.unipatis.fr\/ja\/produit\/%e3%82%b3%e3%82%b3%e3%83%8a%e3%83%83%e3%83%84%e3%83%bb%e3%83%95%e3%83%ac%e3%83%bc%e3%83%90%e3%83%bc%e3%83%bb%e3%82%b7%e3%83%a3%e3%83%bc%e3%83%99%e3%83%83%e3%83%88-%e7%b2%89%e6%9c%ab%e3%82%bf\/","url":"https:\/\/www.unipatis.fr\/ja\/produit\/%e3%82%b3%e3%82%b3%e3%83%8a%e3%83%83%e3%83%84%e3%83%bb%e3%83%95%e3%83%ac%e3%83%bc%e3%83%90%e3%83%bc%e3%83%bb%e3%82%b7%e3%83%a3%e3%83%bc%e3%83%99%e3%83%83%e3%83%88-%e7%b2%89%e6%9c%ab%e3%82%bf\/","name":"\u30b3\u30b3\u30ca\u30c3\u30c4\u30fb\u30d5\u30ec\u30fc\u30d0\u30fc\u30fb\u30b7\u30e3\u30fc\u30d9\u30c3\u30c8 - \u7c89\u672b\u30bf\u30a4\u30d7 - Unipatis","isPartOf":{"@id":"https:\/\/www.unipatis.fr\/en\/#website"},"primaryImageOfPage":{"@id":"https:\/\/www.unipatis.fr\/ja\/produit\/%e3%82%b3%e3%82%b3%e3%83%8a%e3%83%83%e3%83%84%e3%83%bb%e3%83%95%e3%83%ac%e3%83%bc%e3%83%90%e3%83%bc%e3%83%bb%e3%82%b7%e3%83%a3%e3%83%bc%e3%83%99%e3%83%83%e3%83%88-%e7%b2%89%e6%9c%ab%e3%82%bf\/#primaryimage"},"image":{"@id":"https:\/\/www.unipatis.fr\/ja\/produit\/%e3%82%b3%e3%82%b3%e3%83%8a%e3%83%83%e3%83%84%e3%83%bb%e3%83%95%e3%83%ac%e3%83%bc%e3%83%90%e3%83%bc%e3%83%bb%e3%82%b7%e3%83%a3%e3%83%bc%e3%83%99%e3%83%83%e3%83%88-%e7%b2%89%e6%9c%ab%e3%82%bf\/#primaryimage"},"thumbnailUrl":"https:\/\/www.unipatis.fr\/wp-content\/uploads\/2024\/08\/Seau-sorbet-coco.png","datePublished":"2024-08-26T14:38:48+00:00","dateModified":"2026-04-12T06:35:24+00:00","breadcrumb":{"@id":"https:\/\/www.unipatis.fr\/ja\/produit\/%e3%82%b3%e3%82%b3%e3%83%8a%e3%83%83%e3%83%84%e3%83%bb%e3%83%95%e3%83%ac%e3%83%bc%e3%83%90%e3%83%bc%e3%83%bb%e3%82%b7%e3%83%a3%e3%83%bc%e3%83%99%e3%83%83%e3%83%88-%e7%b2%89%e6%9c%ab%e3%82%bf\/#breadcrumb"},"inLanguage":"ja","potentialAction":[{"@type":"ReadAction","target":["https:\/\/www.unipatis.fr\/ja\/produit\/%e3%82%b3%e3%82%b3%e3%83%8a%e3%83%83%e3%83%84%e3%83%bb%e3%83%95%e3%83%ac%e3%83%bc%e3%83%90%e3%83%bc%e3%83%bb%e3%82%b7%e3%83%a3%e3%83%bc%e3%83%99%e3%83%83%e3%83%88-%e7%b2%89%e6%9c%ab%e3%82%bf\/"]}]},{"@type":"ImageObject","inLanguage":"ja","@id":"https:\/\/www.unipatis.fr\/ja\/produit\/%e3%82%b3%e3%82%b3%e3%83%8a%e3%83%83%e3%83%84%e3%83%bb%e3%83%95%e3%83%ac%e3%83%bc%e3%83%90%e3%83%bc%e3%83%bb%e3%82%b7%e3%83%a3%e3%83%bc%e3%83%99%e3%83%83%e3%83%88-%e7%b2%89%e6%9c%ab%e3%82%bf\/#primaryimage","url":"https:\/\/www.unipatis.fr\/wp-content\/uploads\/2024\/08\/Seau-sorbet-coco.png","contentUrl":"https:\/\/www.unipatis.fr\/wp-content\/uploads\/2024\/08\/Seau-sorbet-coco.png","width":1261,"height":1179,"caption":"\u30e6\u30cb\u30d1\u30c6\u30a3\u30b9\u30fb\u30b3\u30b3\u30ca\u30c3\u30c4\u30fb\u30b7\u30e3\u30fc\u30d9\u30c3\u30c8"},{"@type":"BreadcrumbList","@id":"https:\/\/www.unipatis.fr\/ja\/produit\/%e3%82%b3%e3%82%b3%e3%83%8a%e3%83%83%e3%83%84%e3%83%bb%e3%83%95%e3%83%ac%e3%83%bc%e3%83%90%e3%83%bc%e3%83%bb%e3%82%b7%e3%83%a3%e3%83%bc%e3%83%99%e3%83%83%e3%83%88-%e7%b2%89%e6%9c%ab%e3%82%bf\/#breadcrumb","itemListElement":[{"@type":"ListItem","position":1,"name":"Accueil","item":"https:\/\/www.unipatis.fr\/ja\/%e3%83%9b%e3%83%bc%e3%83%a0-2\/"},{"@type":"ListItem","position":2,"name":"\u30b7\u30e7\u30c3\u30d7","item":"https:\/\/www.unipatis.fr\/ja\/%e3%82%b7%e3%83%a7%e3%83%83%e3%83%97\/"},{"@type":"ListItem","position":3,"name":"\u30b3\u30b3\u30ca\u30c3\u30c4\u30fb\u30d5\u30ec\u30fc\u30d0\u30fc\u30fb\u30b7\u30e3\u30fc\u30d9\u30c3\u30c8 &#8211; \u7c89\u672b\u30bf\u30a4\u30d7"}]},{"@type":"WebSite","@id":"https:\/\/www.unipatis.fr\/en\/#website","url":"https:\/\/www.unipatis.fr\/en\/","name":"Unipatis","description":"Unipatis Maison est une entreprise familiale sp\u00e9cialis\u00e9e dans la fabrication d&#039;ingr\u00e9dients p\u00e2tissiers et chocolatiers depuis quatre g\u00e9n\u00e9rations.","publisher":{"@id":"https:\/\/www.unipatis.fr\/en\/#organization"},"potentialAction":[{"@type":"SearchAction","target":{"@type":"EntryPoint","urlTemplate":"https:\/\/www.unipatis.fr\/en\/?s={search_term_string}"},"query-input":{"@type":"PropertyValueSpecification","valueRequired":true,"valueName":"search_term_string"}}],"inLanguage":"ja"},{"@type":"Organization","@id":"https:\/\/www.unipatis.fr\/en\/#organization","name":"Unipatis","url":"https:\/\/www.unipatis.fr\/en\/","logo":{"@type":"ImageObject","inLanguage":"ja","@id":"https:\/\/www.unipatis.fr\/en\/#\/schema\/logo\/image\/","url":"https:\/\/www.unipatis.fr\/wp-content\/uploads\/2021\/10\/UNIPATIS_logo_flag_2021-1.svg","contentUrl":"https:\/\/www.unipatis.fr\/wp-content\/uploads\/2021\/10\/UNIPATIS_logo_flag_2021-1.svg","width":150,"height":184,"caption":"Unipatis"},"image":{"@id":"https:\/\/www.unipatis.fr\/en\/#\/schema\/logo\/image\/"},"sameAs":["https:\/\/www.facebook.com\/unipatis","https:\/\/www.instagram.com\/unipatis","https:\/\/www.youtube.com\/@Unipatis"]}]}},"_links":{"self":[{"href":"https:\/\/www.unipatis.fr\/ja\/wp-json\/wp\/v2\/product\/18076","targetHints":{"allow":["GET"]}}],"collection":[{"href":"https:\/\/www.unipatis.fr\/ja\/wp-json\/wp\/v2\/product"}],"about":[{"href":"https:\/\/www.unipatis.fr\/ja\/wp-json\/wp\/v2\/types\/product"}],"replies":[{"embeddable":true,"href":"https:\/\/www.unipatis.fr\/ja\/wp-json\/wp\/v2\/comments?post=18076"}],"version-history":[{"count":1,"href":"https:\/\/www.unipatis.fr\/ja\/wp-json\/wp\/v2\/product\/18076\/revisions"}],"predecessor-version":[{"id":28264,"href":"https:\/\/www.unipatis.fr\/ja\/wp-json\/wp\/v2\/product\/18076\/revisions\/28264"}],"wp:featuredmedia":[{"embeddable":true,"href":"https:\/\/www.unipatis.fr\/ja\/wp-json\/wp\/v2\/media\/17217"}],"wp:attachment":[{"href":"https:\/\/www.unipatis.fr\/ja\/wp-json\/wp\/v2\/media?parent=18076"}],"wp:term":[{"taxonomy":"product_brand","embeddable":true,"href":"https:\/\/www.unipatis.fr\/ja\/wp-json\/wp\/v2\/product_brand?post=18076"},{"taxonomy":"product_cat","embeddable":true,"href":"https:\/\/www.unipatis.fr\/ja\/wp-json\/wp\/v2\/product_cat?post=18076"},{"taxonomy":"product_tag","embeddable":true,"href":"https:\/\/www.unipatis.fr\/ja\/wp-json\/wp\/v2\/product_tag?post=18076"}],"curies":[{"name":"wp","href":"https:\/\/api.w.org\/{rel}","templated":true}]}}