{"id":18897,"date":"2024-09-03T10:34:07","date_gmt":"2024-09-03T08:34:07","guid":{"rendered":"https:\/\/www.unipatis.fr\/produit\/%e3%82%af%e3%83%aa%e3%82%b9%e3%83%94%e3%83%bc%e3%83%bb%e3%83%81%e3%83%a7%e3%82%b3%e3%83%ac%e3%83%bc%e3%83%88%e3%83%bb%e3%83%97%e3%83%a9%e3%83%aa%e3%83%8d%e3%83%bb%e3%83%9f%e3%83%ab%e3%82%af%e3%83%bb\/"},"modified":"2026-04-12T08:34:23","modified_gmt":"2026-04-12T06:34:23","slug":"%e3%82%af%e3%83%aa%e3%82%b9%e3%83%94%e3%83%bc%e3%83%bb%e3%83%81%e3%83%a7%e3%82%b3%e3%83%ac%e3%83%bc%e3%83%88%e3%83%bb%e3%83%97%e3%83%a9%e3%83%aa%e3%83%8d%e3%83%bb%e3%83%9f%e3%83%ab%e3%82%af%e3%83%bb","status":"publish","type":"product","link":"https:\/\/www.unipatis.fr\/ja\/produit\/%e3%82%af%e3%83%aa%e3%82%b9%e3%83%94%e3%83%bc%e3%83%bb%e3%83%81%e3%83%a7%e3%82%b3%e3%83%ac%e3%83%bc%e3%83%88%e3%83%bb%e3%83%97%e3%83%a9%e3%83%aa%e3%83%8d%e3%83%bb%e3%83%9f%e3%83%ab%e3%82%af%e3%83%bb\/","title":{"rendered":"\u30af\u30ea\u30b9\u30d4\u30fc\u30fb\u30c1\u30e7\u30b3\u30ec\u30fc\u30c8\u30fb\u30d7\u30e9\u30ea\u30cd\u30fb\u30df\u30eb\u30af\u30fb\u30d1\u30d5\u30fb\u30e9\u30a4\u30b9"},"content":{"rendered":"","protected":false},"excerpt":{"rendered":"<p>\u7d14\u30b3\u30b3\u30a2\u30d0\u30bf\u30fc\u306e\u30df\u30eb\u30af\u30c1\u30e7\u30b3\u30ec\u30fc\u30c8\u30af\u30fc\u30d9\u30eb\u30c1\u30e5\u30fc\u30eb\u3068\u30d8\u30fc\u30bc\u30eb\u30ca\u30c3\u30c4\u30d7\u30e9\u30ea\u30cd\u5165\u308a\u306e\u30b5\u30af\u30b5\u30af\u3057\u305f\u30e9\u30a4\u30b9\u30d5\u30a3\u30ea\u30f3\u30b0\u306b\u3001\u98df\u611f\u3092\u548c\u3089\u3052\u308b\u305f\u3081\u306b\u83dc\u7a2e\u6cb9\u3092\u5c11\u3005\u52a0\u3048\u305f\u3002<\/p>\n<p>\u30d1\u30fc\u30e0\u6cb9\u4e0d\u4f7f\u7528\u3002<\/p>\n","protected":false},"featured_media":21737,"comment_status":"closed","ping_status":"closed","template":"","meta":{"_acf_changed":false,"inline_featured_image":false},"product_brand":[],"product_cat":[414],"product_tag":[],"class_list":{"0":"post-18897","1":"product","2":"type-product","3":"status-publish","4":"has-post-thumbnail","6":"product_cat-02-","7":"sales-flash-overlay","8":"woocommerce-text-align-center","9":"woocommerce-image-align-center","10":"do-quantity-buttons","12":"first","13":"instock","14":"shipping-taxable","15":"product-type-simple"},"acf":[],"yoast_head":"<!-- This site is optimized with the Yoast SEO plugin v27.2 - https:\/\/yoast.com\/product\/yoast-seo-wordpress\/ -->\n<title>\u30af\u30ea\u30b9\u30d4\u30fc\u30fb\u30c1\u30e7\u30b3\u30ec\u30fc\u30c8\u30fb\u30d7\u30e9\u30ea\u30cd\u30fb\u30df\u30eb\u30af\u30fb\u30d1\u30d5\u30fb\u30e9\u30a4\u30b9 - Unipatis<\/title>\n<meta name=\"description\" content=\"\u30b5\u30af\u30b5\u30af\u306e\u30df\u30eb\u30af\u30c1\u30e7\u30b3\u30ec\u30fc\u30c8\u30d7\u30e9\u30ea\u30cd\u3068\u30d1\u30d5\u30e9\u30a4\u30b9\u306e\u30a4\u30f3\u30b5\u30fc\u30c8\u3002\u7206\u767a\u7684\u306a\u98df\u611f\u3001\u30b5\u30af\u30b5\u30af\u611f\u304c\u6301\u7d9a\u3059\u308b\u30ab\u30d7\u30bb\u30eb\u5316\u3055\u308c\u305f\u30e9\u30a4\u30b9\u3002\u8cde\u5473\u671f\u965012\u30f6\u6708\u3002 4kg\u30d0\u30b1\u30c4\u3002\" \/>\n<meta name=\"robots\" content=\"index, follow, max-snippet:-1, max-image-preview:large, max-video-preview:-1\" \/>\n<link rel=\"canonical\" href=\"https:\/\/www.unipatis.fr\/ja\/produit\/\u30af\u30ea\u30b9\u30d4\u30fc\u30fb\u30c1\u30e7\u30b3\u30ec\u30fc\u30c8\u30fb\u30d7\u30e9\u30ea\u30cd\u30fb\u30df\u30eb\u30af\u30fb\/\" \/>\n<meta property=\"og:locale\" content=\"ja_JP\" \/>\n<meta property=\"og:type\" content=\"article\" \/>\n<meta property=\"og:title\" content=\"\u30af\u30ea\u30b9\u30d4\u30fc\u30fb\u30c1\u30e7\u30b3\u30ec\u30fc\u30c8\u30fb\u30d7\u30e9\u30ea\u30cd\u30fb\u30df\u30eb\u30af\u30fb\u30d1\u30d5\u30fb\u30e9\u30a4\u30b9 - Unipatis\" \/>\n<meta property=\"og:description\" content=\"\u30b5\u30af\u30b5\u30af\u306e\u30df\u30eb\u30af\u30c1\u30e7\u30b3\u30ec\u30fc\u30c8\u30d7\u30e9\u30ea\u30cd\u3068\u30d1\u30d5\u30e9\u30a4\u30b9\u306e\u30a4\u30f3\u30b5\u30fc\u30c8\u3002\u7206\u767a\u7684\u306a\u98df\u611f\u3001\u30b5\u30af\u30b5\u30af\u611f\u304c\u6301\u7d9a\u3059\u308b\u30ab\u30d7\u30bb\u30eb\u5316\u3055\u308c\u305f\u30e9\u30a4\u30b9\u3002\u8cde\u5473\u671f\u965012\u30f6\u6708\u3002 4kg\u30d0\u30b1\u30c4\u3002\" \/>\n<meta property=\"og:url\" content=\"https:\/\/www.unipatis.fr\/ja\/produit\/\u30af\u30ea\u30b9\u30d4\u30fc\u30fb\u30c1\u30e7\u30b3\u30ec\u30fc\u30c8\u30fb\u30d7\u30e9\u30ea\u30cd\u30fb\u30df\u30eb\u30af\u30fb\/\" \/>\n<meta property=\"og:site_name\" content=\"Unipatis\" \/>\n<meta property=\"article:publisher\" content=\"https:\/\/www.facebook.com\/unipatis\" \/>\n<meta property=\"article:modified_time\" content=\"2026-04-12T06:34:23+00:00\" \/>\n<meta property=\"og:image\" content=\"https:\/\/www.unipatis.fr\/wp-content\/uploads\/2024\/09\/seau_croustillant_praline-lait_OCT2024-1.png\" \/>\n\t<meta property=\"og:image:width\" content=\"1261\" \/>\n\t<meta property=\"og:image:height\" content=\"1179\" \/>\n\t<meta property=\"og:image:type\" content=\"image\/png\" \/>\n<meta name=\"twitter:card\" content=\"summary_large_image\" \/>\n<script type=\"application\/ld+json\" class=\"yoast-schema-graph\">{\"@context\":\"https:\/\/schema.org\",\"@graph\":[{\"@type\":\"WebPage\",\"@id\":\"https:\/\/www.unipatis.fr\/ja\/produit\/%e3%82%af%e3%83%aa%e3%82%b9%e3%83%94%e3%83%bc%e3%83%bb%e3%83%81%e3%83%a7%e3%82%b3%e3%83%ac%e3%83%bc%e3%83%88%e3%83%bb%e3%83%97%e3%83%a9%e3%83%aa%e3%83%8d%e3%83%bb%e3%83%9f%e3%83%ab%e3%82%af%e3%83%bb\/\",\"url\":\"https:\/\/www.unipatis.fr\/ja\/produit\/%e3%82%af%e3%83%aa%e3%82%b9%e3%83%94%e3%83%bc%e3%83%bb%e3%83%81%e3%83%a7%e3%82%b3%e3%83%ac%e3%83%bc%e3%83%88%e3%83%bb%e3%83%97%e3%83%a9%e3%83%aa%e3%83%8d%e3%83%bb%e3%83%9f%e3%83%ab%e3%82%af%e3%83%bb\/\",\"name\":\"\u30af\u30ea\u30b9\u30d4\u30fc\u30fb\u30c1\u30e7\u30b3\u30ec\u30fc\u30c8\u30fb\u30d7\u30e9\u30ea\u30cd\u30fb\u30df\u30eb\u30af\u30fb\u30d1\u30d5\u30fb\u30e9\u30a4\u30b9 - Unipatis\",\"isPartOf\":{\"@id\":\"https:\/\/www.unipatis.fr\/en\/#website\"},\"primaryImageOfPage\":{\"@id\":\"https:\/\/www.unipatis.fr\/ja\/produit\/%e3%82%af%e3%83%aa%e3%82%b9%e3%83%94%e3%83%bc%e3%83%bb%e3%83%81%e3%83%a7%e3%82%b3%e3%83%ac%e3%83%bc%e3%83%88%e3%83%bb%e3%83%97%e3%83%a9%e3%83%aa%e3%83%8d%e3%83%bb%e3%83%9f%e3%83%ab%e3%82%af%e3%83%bb\/#primaryimage\"},\"image\":{\"@id\":\"https:\/\/www.unipatis.fr\/ja\/produit\/%e3%82%af%e3%83%aa%e3%82%b9%e3%83%94%e3%83%bc%e3%83%bb%e3%83%81%e3%83%a7%e3%82%b3%e3%83%ac%e3%83%bc%e3%83%88%e3%83%bb%e3%83%97%e3%83%a9%e3%83%aa%e3%83%8d%e3%83%bb%e3%83%9f%e3%83%ab%e3%82%af%e3%83%bb\/#primaryimage\"},\"thumbnailUrl\":\"https:\/\/www.unipatis.fr\/wp-content\/uploads\/2024\/09\/seau_croustillant_praline-lait_OCT2024-1.png\",\"datePublished\":\"2024-09-03T08:34:07+00:00\",\"dateModified\":\"2026-04-12T06:34:23+00:00\",\"description\":\"\u30b5\u30af\u30b5\u30af\u306e\u30df\u30eb\u30af\u30c1\u30e7\u30b3\u30ec\u30fc\u30c8\u30d7\u30e9\u30ea\u30cd\u3068\u30d1\u30d5\u30e9\u30a4\u30b9\u306e\u30a4\u30f3\u30b5\u30fc\u30c8\u3002\u7206\u767a\u7684\u306a\u98df\u611f\u3001\u30b5\u30af\u30b5\u30af\u611f\u304c\u6301\u7d9a\u3059\u308b\u30ab\u30d7\u30bb\u30eb\u5316\u3055\u308c\u305f\u30e9\u30a4\u30b9\u3002\u8cde\u5473\u671f\u965012\u30f6\u6708\u3002 4kg\u30d0\u30b1\u30c4\u3002\",\"breadcrumb\":{\"@id\":\"https:\/\/www.unipatis.fr\/ja\/produit\/%e3%82%af%e3%83%aa%e3%82%b9%e3%83%94%e3%83%bc%e3%83%bb%e3%83%81%e3%83%a7%e3%82%b3%e3%83%ac%e3%83%bc%e3%83%88%e3%83%bb%e3%83%97%e3%83%a9%e3%83%aa%e3%83%8d%e3%83%bb%e3%83%9f%e3%83%ab%e3%82%af%e3%83%bb\/#breadcrumb\"},\"inLanguage\":\"ja\",\"potentialAction\":[{\"@type\":\"ReadAction\",\"target\":[\"https:\/\/www.unipatis.fr\/ja\/produit\/%e3%82%af%e3%83%aa%e3%82%b9%e3%83%94%e3%83%bc%e3%83%bb%e3%83%81%e3%83%a7%e3%82%b3%e3%83%ac%e3%83%bc%e3%83%88%e3%83%bb%e3%83%97%e3%83%a9%e3%83%aa%e3%83%8d%e3%83%bb%e3%83%9f%e3%83%ab%e3%82%af%e3%83%bb\/\"]}]},{\"@type\":\"ImageObject\",\"inLanguage\":\"ja\",\"@id\":\"https:\/\/www.unipatis.fr\/ja\/produit\/%e3%82%af%e3%83%aa%e3%82%b9%e3%83%94%e3%83%bc%e3%83%bb%e3%83%81%e3%83%a7%e3%82%b3%e3%83%ac%e3%83%bc%e3%83%88%e3%83%bb%e3%83%97%e3%83%a9%e3%83%aa%e3%83%8d%e3%83%bb%e3%83%9f%e3%83%ab%e3%82%af%e3%83%bb\/#primaryimage\",\"url\":\"https:\/\/www.unipatis.fr\/wp-content\/uploads\/2024\/09\/seau_croustillant_praline-lait_OCT2024-1.png\",\"contentUrl\":\"https:\/\/www.unipatis.fr\/wp-content\/uploads\/2024\/09\/seau_croustillant_praline-lait_OCT2024-1.png\",\"width\":1261,\"height\":1179,\"caption\":\"\u30e6\u30cb\u30d1\u30c6\u30a3\u30b9\u30fb\u30df\u30eb\u30af\u30fb\u30d7\u30e9\u30ea\u30cd\u30fb\u30af\u30ea\u30b9\u30d7\"},{\"@type\":\"BreadcrumbList\",\"@id\":\"https:\/\/www.unipatis.fr\/ja\/produit\/%e3%82%af%e3%83%aa%e3%82%b9%e3%83%94%e3%83%bc%e3%83%bb%e3%83%81%e3%83%a7%e3%82%b3%e3%83%ac%e3%83%bc%e3%83%88%e3%83%bb%e3%83%97%e3%83%a9%e3%83%aa%e3%83%8d%e3%83%bb%e3%83%9f%e3%83%ab%e3%82%af%e3%83%bb\/#breadcrumb\",\"itemListElement\":[{\"@type\":\"ListItem\",\"position\":1,\"name\":\"Accueil\",\"item\":\"https:\/\/www.unipatis.fr\/ja\/%e3%83%9b%e3%83%bc%e3%83%a0-2\/\"},{\"@type\":\"ListItem\",\"position\":2,\"name\":\"\u30b7\u30e7\u30c3\u30d7\",\"item\":\"https:\/\/www.unipatis.fr\/ja\/%e3%82%b7%e3%83%a7%e3%83%83%e3%83%97\/\"},{\"@type\":\"ListItem\",\"position\":3,\"name\":\"\u30af\u30ea\u30b9\u30d4\u30fc\u30fb\u30c1\u30e7\u30b3\u30ec\u30fc\u30c8\u30fb\u30d7\u30e9\u30ea\u30cd\u30fb\u30df\u30eb\u30af\u30fb\u30d1\u30d5\u30fb\u30e9\u30a4\u30b9\"}]},{\"@type\":\"WebSite\",\"@id\":\"https:\/\/www.unipatis.fr\/en\/#website\",\"url\":\"https:\/\/www.unipatis.fr\/en\/\",\"name\":\"Unipatis\",\"description\":\"Unipatis Maison est une entreprise familiale sp\u00e9cialis\u00e9e dans la fabrication d&#039;ingr\u00e9dients p\u00e2tissiers et chocolatiers depuis quatre g\u00e9n\u00e9rations.\",\"publisher\":{\"@id\":\"https:\/\/www.unipatis.fr\/en\/#organization\"},\"potentialAction\":[{\"@type\":\"SearchAction\",\"target\":{\"@type\":\"EntryPoint\",\"urlTemplate\":\"https:\/\/www.unipatis.fr\/en\/?s={search_term_string}\"},\"query-input\":{\"@type\":\"PropertyValueSpecification\",\"valueRequired\":true,\"valueName\":\"search_term_string\"}}],\"inLanguage\":\"ja\"},{\"@type\":\"Organization\",\"@id\":\"https:\/\/www.unipatis.fr\/en\/#organization\",\"name\":\"Unipatis\",\"url\":\"https:\/\/www.unipatis.fr\/en\/\",\"logo\":{\"@type\":\"ImageObject\",\"inLanguage\":\"ja\",\"@id\":\"https:\/\/www.unipatis.fr\/en\/#\/schema\/logo\/image\/\",\"url\":\"https:\/\/www.unipatis.fr\/wp-content\/uploads\/2021\/10\/UNIPATIS_logo_flag_2021-1.svg\",\"contentUrl\":\"https:\/\/www.unipatis.fr\/wp-content\/uploads\/2021\/10\/UNIPATIS_logo_flag_2021-1.svg\",\"width\":150,\"height\":184,\"caption\":\"Unipatis\"},\"image\":{\"@id\":\"https:\/\/www.unipatis.fr\/en\/#\/schema\/logo\/image\/\"},\"sameAs\":[\"https:\/\/www.facebook.com\/unipatis\",\"https:\/\/www.instagram.com\/unipatis\",\"https:\/\/www.youtube.com\/@Unipatis\"]}]}<\/script>\n<!-- \/ Yoast SEO plugin. -->","yoast_head_json":{"title":"\u30af\u30ea\u30b9\u30d4\u30fc\u30fb\u30c1\u30e7\u30b3\u30ec\u30fc\u30c8\u30fb\u30d7\u30e9\u30ea\u30cd\u30fb\u30df\u30eb\u30af\u30fb\u30d1\u30d5\u30fb\u30e9\u30a4\u30b9 - Unipatis","description":"\u30b5\u30af\u30b5\u30af\u306e\u30df\u30eb\u30af\u30c1\u30e7\u30b3\u30ec\u30fc\u30c8\u30d7\u30e9\u30ea\u30cd\u3068\u30d1\u30d5\u30e9\u30a4\u30b9\u306e\u30a4\u30f3\u30b5\u30fc\u30c8\u3002\u7206\u767a\u7684\u306a\u98df\u611f\u3001\u30b5\u30af\u30b5\u30af\u611f\u304c\u6301\u7d9a\u3059\u308b\u30ab\u30d7\u30bb\u30eb\u5316\u3055\u308c\u305f\u30e9\u30a4\u30b9\u3002\u8cde\u5473\u671f\u965012\u30f6\u6708\u3002 4kg\u30d0\u30b1\u30c4\u3002","robots":{"index":"index","follow":"follow","max-snippet":"max-snippet:-1","max-image-preview":"max-image-preview:large","max-video-preview":"max-video-preview:-1"},"canonical":"https:\/\/www.unipatis.fr\/ja\/produit\/\u30af\u30ea\u30b9\u30d4\u30fc\u30fb\u30c1\u30e7\u30b3\u30ec\u30fc\u30c8\u30fb\u30d7\u30e9\u30ea\u30cd\u30fb\u30df\u30eb\u30af\u30fb\/","og_locale":"ja_JP","og_type":"article","og_title":"\u30af\u30ea\u30b9\u30d4\u30fc\u30fb\u30c1\u30e7\u30b3\u30ec\u30fc\u30c8\u30fb\u30d7\u30e9\u30ea\u30cd\u30fb\u30df\u30eb\u30af\u30fb\u30d1\u30d5\u30fb\u30e9\u30a4\u30b9 - Unipatis","og_description":"\u30b5\u30af\u30b5\u30af\u306e\u30df\u30eb\u30af\u30c1\u30e7\u30b3\u30ec\u30fc\u30c8\u30d7\u30e9\u30ea\u30cd\u3068\u30d1\u30d5\u30e9\u30a4\u30b9\u306e\u30a4\u30f3\u30b5\u30fc\u30c8\u3002\u7206\u767a\u7684\u306a\u98df\u611f\u3001\u30b5\u30af\u30b5\u30af\u611f\u304c\u6301\u7d9a\u3059\u308b\u30ab\u30d7\u30bb\u30eb\u5316\u3055\u308c\u305f\u30e9\u30a4\u30b9\u3002\u8cde\u5473\u671f\u965012\u30f6\u6708\u3002 4kg\u30d0\u30b1\u30c4\u3002","og_url":"https:\/\/www.unipatis.fr\/ja\/produit\/\u30af\u30ea\u30b9\u30d4\u30fc\u30fb\u30c1\u30e7\u30b3\u30ec\u30fc\u30c8\u30fb\u30d7\u30e9\u30ea\u30cd\u30fb\u30df\u30eb\u30af\u30fb\/","og_site_name":"Unipatis","article_publisher":"https:\/\/www.facebook.com\/unipatis","article_modified_time":"2026-04-12T06:34:23+00:00","og_image":[{"width":1261,"height":1179,"url":"https:\/\/www.unipatis.fr\/wp-content\/uploads\/2024\/09\/seau_croustillant_praline-lait_OCT2024-1.png","type":"image\/png"}],"twitter_card":"summary_large_image","schema":{"@context":"https:\/\/schema.org","@graph":[{"@type":"WebPage","@id":"https:\/\/www.unipatis.fr\/ja\/produit\/%e3%82%af%e3%83%aa%e3%82%b9%e3%83%94%e3%83%bc%e3%83%bb%e3%83%81%e3%83%a7%e3%82%b3%e3%83%ac%e3%83%bc%e3%83%88%e3%83%bb%e3%83%97%e3%83%a9%e3%83%aa%e3%83%8d%e3%83%bb%e3%83%9f%e3%83%ab%e3%82%af%e3%83%bb\/","url":"https:\/\/www.unipatis.fr\/ja\/produit\/%e3%82%af%e3%83%aa%e3%82%b9%e3%83%94%e3%83%bc%e3%83%bb%e3%83%81%e3%83%a7%e3%82%b3%e3%83%ac%e3%83%bc%e3%83%88%e3%83%bb%e3%83%97%e3%83%a9%e3%83%aa%e3%83%8d%e3%83%bb%e3%83%9f%e3%83%ab%e3%82%af%e3%83%bb\/","name":"\u30af\u30ea\u30b9\u30d4\u30fc\u30fb\u30c1\u30e7\u30b3\u30ec\u30fc\u30c8\u30fb\u30d7\u30e9\u30ea\u30cd\u30fb\u30df\u30eb\u30af\u30fb\u30d1\u30d5\u30fb\u30e9\u30a4\u30b9 - Unipatis","isPartOf":{"@id":"https:\/\/www.unipatis.fr\/en\/#website"},"primaryImageOfPage":{"@id":"https:\/\/www.unipatis.fr\/ja\/produit\/%e3%82%af%e3%83%aa%e3%82%b9%e3%83%94%e3%83%bc%e3%83%bb%e3%83%81%e3%83%a7%e3%82%b3%e3%83%ac%e3%83%bc%e3%83%88%e3%83%bb%e3%83%97%e3%83%a9%e3%83%aa%e3%83%8d%e3%83%bb%e3%83%9f%e3%83%ab%e3%82%af%e3%83%bb\/#primaryimage"},"image":{"@id":"https:\/\/www.unipatis.fr\/ja\/produit\/%e3%82%af%e3%83%aa%e3%82%b9%e3%83%94%e3%83%bc%e3%83%bb%e3%83%81%e3%83%a7%e3%82%b3%e3%83%ac%e3%83%bc%e3%83%88%e3%83%bb%e3%83%97%e3%83%a9%e3%83%aa%e3%83%8d%e3%83%bb%e3%83%9f%e3%83%ab%e3%82%af%e3%83%bb\/#primaryimage"},"thumbnailUrl":"https:\/\/www.unipatis.fr\/wp-content\/uploads\/2024\/09\/seau_croustillant_praline-lait_OCT2024-1.png","datePublished":"2024-09-03T08:34:07+00:00","dateModified":"2026-04-12T06:34:23+00:00","description":"\u30b5\u30af\u30b5\u30af\u306e\u30df\u30eb\u30af\u30c1\u30e7\u30b3\u30ec\u30fc\u30c8\u30d7\u30e9\u30ea\u30cd\u3068\u30d1\u30d5\u30e9\u30a4\u30b9\u306e\u30a4\u30f3\u30b5\u30fc\u30c8\u3002\u7206\u767a\u7684\u306a\u98df\u611f\u3001\u30b5\u30af\u30b5\u30af\u611f\u304c\u6301\u7d9a\u3059\u308b\u30ab\u30d7\u30bb\u30eb\u5316\u3055\u308c\u305f\u30e9\u30a4\u30b9\u3002\u8cde\u5473\u671f\u965012\u30f6\u6708\u3002 4kg\u30d0\u30b1\u30c4\u3002","breadcrumb":{"@id":"https:\/\/www.unipatis.fr\/ja\/produit\/%e3%82%af%e3%83%aa%e3%82%b9%e3%83%94%e3%83%bc%e3%83%bb%e3%83%81%e3%83%a7%e3%82%b3%e3%83%ac%e3%83%bc%e3%83%88%e3%83%bb%e3%83%97%e3%83%a9%e3%83%aa%e3%83%8d%e3%83%bb%e3%83%9f%e3%83%ab%e3%82%af%e3%83%bb\/#breadcrumb"},"inLanguage":"ja","potentialAction":[{"@type":"ReadAction","target":["https:\/\/www.unipatis.fr\/ja\/produit\/%e3%82%af%e3%83%aa%e3%82%b9%e3%83%94%e3%83%bc%e3%83%bb%e3%83%81%e3%83%a7%e3%82%b3%e3%83%ac%e3%83%bc%e3%83%88%e3%83%bb%e3%83%97%e3%83%a9%e3%83%aa%e3%83%8d%e3%83%bb%e3%83%9f%e3%83%ab%e3%82%af%e3%83%bb\/"]}]},{"@type":"ImageObject","inLanguage":"ja","@id":"https:\/\/www.unipatis.fr\/ja\/produit\/%e3%82%af%e3%83%aa%e3%82%b9%e3%83%94%e3%83%bc%e3%83%bb%e3%83%81%e3%83%a7%e3%82%b3%e3%83%ac%e3%83%bc%e3%83%88%e3%83%bb%e3%83%97%e3%83%a9%e3%83%aa%e3%83%8d%e3%83%bb%e3%83%9f%e3%83%ab%e3%82%af%e3%83%bb\/#primaryimage","url":"https:\/\/www.unipatis.fr\/wp-content\/uploads\/2024\/09\/seau_croustillant_praline-lait_OCT2024-1.png","contentUrl":"https:\/\/www.unipatis.fr\/wp-content\/uploads\/2024\/09\/seau_croustillant_praline-lait_OCT2024-1.png","width":1261,"height":1179,"caption":"\u30e6\u30cb\u30d1\u30c6\u30a3\u30b9\u30fb\u30df\u30eb\u30af\u30fb\u30d7\u30e9\u30ea\u30cd\u30fb\u30af\u30ea\u30b9\u30d7"},{"@type":"BreadcrumbList","@id":"https:\/\/www.unipatis.fr\/ja\/produit\/%e3%82%af%e3%83%aa%e3%82%b9%e3%83%94%e3%83%bc%e3%83%bb%e3%83%81%e3%83%a7%e3%82%b3%e3%83%ac%e3%83%bc%e3%83%88%e3%83%bb%e3%83%97%e3%83%a9%e3%83%aa%e3%83%8d%e3%83%bb%e3%83%9f%e3%83%ab%e3%82%af%e3%83%bb\/#breadcrumb","itemListElement":[{"@type":"ListItem","position":1,"name":"Accueil","item":"https:\/\/www.unipatis.fr\/ja\/%e3%83%9b%e3%83%bc%e3%83%a0-2\/"},{"@type":"ListItem","position":2,"name":"\u30b7\u30e7\u30c3\u30d7","item":"https:\/\/www.unipatis.fr\/ja\/%e3%82%b7%e3%83%a7%e3%83%83%e3%83%97\/"},{"@type":"ListItem","position":3,"name":"\u30af\u30ea\u30b9\u30d4\u30fc\u30fb\u30c1\u30e7\u30b3\u30ec\u30fc\u30c8\u30fb\u30d7\u30e9\u30ea\u30cd\u30fb\u30df\u30eb\u30af\u30fb\u30d1\u30d5\u30fb\u30e9\u30a4\u30b9"}]},{"@type":"WebSite","@id":"https:\/\/www.unipatis.fr\/en\/#website","url":"https:\/\/www.unipatis.fr\/en\/","name":"Unipatis","description":"Unipatis Maison est une entreprise familiale sp\u00e9cialis\u00e9e dans la fabrication d&#039;ingr\u00e9dients p\u00e2tissiers et chocolatiers depuis quatre g\u00e9n\u00e9rations.","publisher":{"@id":"https:\/\/www.unipatis.fr\/en\/#organization"},"potentialAction":[{"@type":"SearchAction","target":{"@type":"EntryPoint","urlTemplate":"https:\/\/www.unipatis.fr\/en\/?s={search_term_string}"},"query-input":{"@type":"PropertyValueSpecification","valueRequired":true,"valueName":"search_term_string"}}],"inLanguage":"ja"},{"@type":"Organization","@id":"https:\/\/www.unipatis.fr\/en\/#organization","name":"Unipatis","url":"https:\/\/www.unipatis.fr\/en\/","logo":{"@type":"ImageObject","inLanguage":"ja","@id":"https:\/\/www.unipatis.fr\/en\/#\/schema\/logo\/image\/","url":"https:\/\/www.unipatis.fr\/wp-content\/uploads\/2021\/10\/UNIPATIS_logo_flag_2021-1.svg","contentUrl":"https:\/\/www.unipatis.fr\/wp-content\/uploads\/2021\/10\/UNIPATIS_logo_flag_2021-1.svg","width":150,"height":184,"caption":"Unipatis"},"image":{"@id":"https:\/\/www.unipatis.fr\/en\/#\/schema\/logo\/image\/"},"sameAs":["https:\/\/www.facebook.com\/unipatis","https:\/\/www.instagram.com\/unipatis","https:\/\/www.youtube.com\/@Unipatis"]}]}},"_links":{"self":[{"href":"https:\/\/www.unipatis.fr\/ja\/wp-json\/wp\/v2\/product\/18897","targetHints":{"allow":["GET"]}}],"collection":[{"href":"https:\/\/www.unipatis.fr\/ja\/wp-json\/wp\/v2\/product"}],"about":[{"href":"https:\/\/www.unipatis.fr\/ja\/wp-json\/wp\/v2\/types\/product"}],"replies":[{"embeddable":true,"href":"https:\/\/www.unipatis.fr\/ja\/wp-json\/wp\/v2\/comments?post=18897"}],"version-history":[{"count":1,"href":"https:\/\/www.unipatis.fr\/ja\/wp-json\/wp\/v2\/product\/18897\/revisions"}],"predecessor-version":[{"id":28292,"href":"https:\/\/www.unipatis.fr\/ja\/wp-json\/wp\/v2\/product\/18897\/revisions\/28292"}],"wp:featuredmedia":[{"embeddable":true,"href":"https:\/\/www.unipatis.fr\/ja\/wp-json\/wp\/v2\/media\/21737"}],"wp:attachment":[{"href":"https:\/\/www.unipatis.fr\/ja\/wp-json\/wp\/v2\/media?parent=18897"}],"wp:term":[{"taxonomy":"product_brand","embeddable":true,"href":"https:\/\/www.unipatis.fr\/ja\/wp-json\/wp\/v2\/product_brand?post=18897"},{"taxonomy":"product_cat","embeddable":true,"href":"https:\/\/www.unipatis.fr\/ja\/wp-json\/wp\/v2\/product_cat?post=18897"},{"taxonomy":"product_tag","embeddable":true,"href":"https:\/\/www.unipatis.fr\/ja\/wp-json\/wp\/v2\/product_tag?post=18897"}],"curies":[{"name":"wp","href":"https:\/\/api.w.org\/{rel}","templated":true}]}}