{"id":23566,"date":"2025-06-02T16:37:32","date_gmt":"2025-06-02T14:37:32","guid":{"rendered":"https:\/\/www.unipatis.fr\/produit\/%e3%83%94%e3%82%b9%e3%82%bf%e3%83%81%e3%82%aa%e3%81%ae%e9%a3%bc%e6%96%99-%e3%82%ab%e3%83%80%e3%82%a4%e3%83%95-%e3%83%89%e3%82%a5%e3%83%90%e3%83%96%e9%a2%a8\/"},"modified":"2026-04-12T08:38:03","modified_gmt":"2026-04-12T06:38:03","slug":"%e3%83%94%e3%82%b9%e3%82%bf%e3%83%81%e3%82%aa%e3%81%ae%e9%a3%bc%e6%96%99-%e3%82%ab%e3%83%80%e3%82%a4%e3%83%95-%e3%83%89%e3%82%a5%e3%83%90%e3%83%96%e9%a2%a8","status":"publish","type":"product","link":"https:\/\/www.unipatis.fr\/ja\/produit\/%e3%83%94%e3%82%b9%e3%82%bf%e3%83%81%e3%82%aa%e3%81%ae%e9%a3%bc%e6%96%99-%e3%82%ab%e3%83%80%e3%82%a4%e3%83%95-%e3%83%89%e3%82%a5%e3%83%90%e3%83%96%e9%a2%a8\/","title":{"rendered":"\u30d4\u30b9\u30bf\u30c1\u30aa\u306e\u98fc\u6599 \u30ab\u30c0\u30a4\u30d5 \u30c9\u30a5\u30d0\u30d6\u98a8"},"content":{"rendered":"<p>\u30a2\u30f3\u30c8\u30eb\u30e1\u3001\u4e38\u592a\u3001\u30bf\u30eb\u30c8\u3001\u30a8\u30af\u30ec\u30a2\u3001\u30a2\u30a4\u30b9\u30af\u30ea\u30fc\u30e0\u3001\u30dc\u30f3\u30dc\u30f3\u30b7\u30e7\u30b3\u30e9\u306a\u3069\u306e\u30d5\u30a3\u30ea\u30f3\u30b0\u306b\u3002<\/p>\n","protected":false},"excerpt":{"rendered":"<p>DUBA\u00cf STYLE \u30d4\u30b9\u30bf\u30c1\u30aa\u3068\u30ab\u30c0\u30a4\u30d5\u306e\u30d5\u30a3\u30ea\u30f3\u30b0 \u30d1\u30c6\u30a3\u30b7\u30a8\u3001\u30c1\u30e7\u30b3\u30ec\u30fc\u30c8\u8077\u4eba\u3001\u30ec\u30b9\u30c8\u30e9\u30f3\u7d4c\u55b6\u8005\u5411\u3051\u3002<\/p>\n","protected":false},"featured_media":22646,"comment_status":"closed","ping_status":"closed","template":"","meta":{"_acf_changed":false,"inline_featured_image":false},"product_brand":[],"product_cat":[773],"product_tag":[],"class_list":{"0":"post-23566","1":"product","2":"type-product","3":"status-publish","4":"has-post-thumbnail","6":"product_cat-05-","7":"sales-flash-overlay","8":"woocommerce-text-align-center","9":"woocommerce-image-align-center","10":"do-quantity-buttons","12":"first","13":"instock","14":"shipping-taxable","15":"product-type-simple"},"acf":[],"yoast_head":"<!-- This site is optimized with the Yoast SEO plugin v27.2 - https:\/\/yoast.com\/product\/yoast-seo-wordpress\/ -->\n<title>\u30d4\u30b9\u30bf\u30c1\u30aa\u306e\u98fc\u6599 \u30ab\u30c0\u30a4\u30d5 \u30c9\u30a5\u30d0\u30d6\u98a8 - Unipatis<\/title>\n<meta name=\"description\" content=\"\u30c7\u30e5\u30d0\u30a4\u98a8\u30d4\u30b9\u30bf\u30c1\u30aa\u30fb\u30ab\u30c0\u30a4\u30d5\u30fb\u30d5\u30a3\u30ea\u30f3\u30b0\u3002\u30a2\u30f3\u30c8\u30eb\u30e1\u3001\u30ed\u30b0\u3001\u30bf\u30eb\u30c8\u3001\u30a8\u30af\u30ec\u30a2\u3001\u30a2\u30a4\u30b9\u30af\u30ea\u30fc\u30e0\u3001\u30dc\u30f3\u30dc\u30f3\u30b7\u30e7\u30b3\u30e9\u306b\u3002\" \/>\n<meta name=\"robots\" content=\"index, follow, max-snippet:-1, max-image-preview:large, max-video-preview:-1\" \/>\n<link rel=\"canonical\" href=\"https:\/\/www.unipatis.fr\/ja\/produit\/\u30d4\u30b9\u30bf\u30c1\u30aa\u306e\u98fc\u6599-\u30ab\u30c0\u30a4\u30d5-\u30c9\u30a5\u30d0\u30d6\u98a8\/\" \/>\n<meta property=\"og:locale\" content=\"ja_JP\" \/>\n<meta property=\"og:type\" content=\"article\" \/>\n<meta property=\"og:title\" content=\"\u30d4\u30b9\u30bf\u30c1\u30aa\u306e\u98fc\u6599 \u30ab\u30c0\u30a4\u30d5 \u30c9\u30a5\u30d0\u30d6\u98a8 - Unipatis\" \/>\n<meta property=\"og:description\" content=\"\u30c7\u30e5\u30d0\u30a4\u98a8\u30d4\u30b9\u30bf\u30c1\u30aa\u30fb\u30ab\u30c0\u30a4\u30d5\u30fb\u30d5\u30a3\u30ea\u30f3\u30b0\u3002\u30a2\u30f3\u30c8\u30eb\u30e1\u3001\u30ed\u30b0\u3001\u30bf\u30eb\u30c8\u3001\u30a8\u30af\u30ec\u30a2\u3001\u30a2\u30a4\u30b9\u30af\u30ea\u30fc\u30e0\u3001\u30dc\u30f3\u30dc\u30f3\u30b7\u30e7\u30b3\u30e9\u306b\u3002\" \/>\n<meta property=\"og:url\" content=\"https:\/\/www.unipatis.fr\/ja\/produit\/\u30d4\u30b9\u30bf\u30c1\u30aa\u306e\u98fc\u6599-\u30ab\u30c0\u30a4\u30d5-\u30c9\u30a5\u30d0\u30d6\u98a8\/\" \/>\n<meta property=\"og:site_name\" content=\"Unipatis\" \/>\n<meta property=\"article:publisher\" content=\"https:\/\/www.facebook.com\/unipatis\" \/>\n<meta property=\"article:modified_time\" content=\"2026-04-12T06:38:03+00:00\" \/>\n<meta property=\"og:image\" content=\"https:\/\/www.unipatis.fr\/wp-content\/uploads\/2025\/06\/MOCKUP_SEAU_fourrage_kadaif_pistache_faconDUBAI.webp\" \/>\n\t<meta property=\"og:image:width\" content=\"1575\" \/>\n\t<meta property=\"og:image:height\" content=\"1634\" \/>\n\t<meta property=\"og:image:type\" content=\"image\/png\" \/>\n<meta name=\"twitter:card\" content=\"summary_large_image\" \/>\n<script type=\"application\/ld+json\" class=\"yoast-schema-graph\">{\"@context\":\"https:\/\/schema.org\",\"@graph\":[{\"@type\":\"WebPage\",\"@id\":\"https:\/\/www.unipatis.fr\/ja\/produit\/%e3%83%94%e3%82%b9%e3%82%bf%e3%83%81%e3%82%aa%e3%81%ae%e9%a3%bc%e6%96%99-%e3%82%ab%e3%83%80%e3%82%a4%e3%83%95-%e3%83%89%e3%82%a5%e3%83%90%e3%83%96%e9%a2%a8\/\",\"url\":\"https:\/\/www.unipatis.fr\/ja\/produit\/%e3%83%94%e3%82%b9%e3%82%bf%e3%83%81%e3%82%aa%e3%81%ae%e9%a3%bc%e6%96%99-%e3%82%ab%e3%83%80%e3%82%a4%e3%83%95-%e3%83%89%e3%82%a5%e3%83%90%e3%83%96%e9%a2%a8\/\",\"name\":\"\u30d4\u30b9\u30bf\u30c1\u30aa\u306e\u98fc\u6599 \u30ab\u30c0\u30a4\u30d5 \u30c9\u30a5\u30d0\u30d6\u98a8 - Unipatis\",\"isPartOf\":{\"@id\":\"https:\/\/www.unipatis.fr\/en\/#website\"},\"primaryImageOfPage\":{\"@id\":\"https:\/\/www.unipatis.fr\/ja\/produit\/%e3%83%94%e3%82%b9%e3%82%bf%e3%83%81%e3%82%aa%e3%81%ae%e9%a3%bc%e6%96%99-%e3%82%ab%e3%83%80%e3%82%a4%e3%83%95-%e3%83%89%e3%82%a5%e3%83%90%e3%83%96%e9%a2%a8\/#primaryimage\"},\"image\":{\"@id\":\"https:\/\/www.unipatis.fr\/ja\/produit\/%e3%83%94%e3%82%b9%e3%82%bf%e3%83%81%e3%82%aa%e3%81%ae%e9%a3%bc%e6%96%99-%e3%82%ab%e3%83%80%e3%82%a4%e3%83%95-%e3%83%89%e3%82%a5%e3%83%90%e3%83%96%e9%a2%a8\/#primaryimage\"},\"thumbnailUrl\":\"https:\/\/www.unipatis.fr\/wp-content\/uploads\/2025\/06\/MOCKUP_SEAU_fourrage_kadaif_pistache_faconDUBAI.webp\",\"datePublished\":\"2025-06-02T14:37:32+00:00\",\"dateModified\":\"2026-04-12T06:38:03+00:00\",\"description\":\"\u30c7\u30e5\u30d0\u30a4\u98a8\u30d4\u30b9\u30bf\u30c1\u30aa\u30fb\u30ab\u30c0\u30a4\u30d5\u30fb\u30d5\u30a3\u30ea\u30f3\u30b0\u3002\u30a2\u30f3\u30c8\u30eb\u30e1\u3001\u30ed\u30b0\u3001\u30bf\u30eb\u30c8\u3001\u30a8\u30af\u30ec\u30a2\u3001\u30a2\u30a4\u30b9\u30af\u30ea\u30fc\u30e0\u3001\u30dc\u30f3\u30dc\u30f3\u30b7\u30e7\u30b3\u30e9\u306b\u3002\",\"breadcrumb\":{\"@id\":\"https:\/\/www.unipatis.fr\/ja\/produit\/%e3%83%94%e3%82%b9%e3%82%bf%e3%83%81%e3%82%aa%e3%81%ae%e9%a3%bc%e6%96%99-%e3%82%ab%e3%83%80%e3%82%a4%e3%83%95-%e3%83%89%e3%82%a5%e3%83%90%e3%83%96%e9%a2%a8\/#breadcrumb\"},\"inLanguage\":\"ja\",\"potentialAction\":[{\"@type\":\"ReadAction\",\"target\":[\"https:\/\/www.unipatis.fr\/ja\/produit\/%e3%83%94%e3%82%b9%e3%82%bf%e3%83%81%e3%82%aa%e3%81%ae%e9%a3%bc%e6%96%99-%e3%82%ab%e3%83%80%e3%82%a4%e3%83%95-%e3%83%89%e3%82%a5%e3%83%90%e3%83%96%e9%a2%a8\/\"]}]},{\"@type\":\"ImageObject\",\"inLanguage\":\"ja\",\"@id\":\"https:\/\/www.unipatis.fr\/ja\/produit\/%e3%83%94%e3%82%b9%e3%82%bf%e3%83%81%e3%82%aa%e3%81%ae%e9%a3%bc%e6%96%99-%e3%82%ab%e3%83%80%e3%82%a4%e3%83%95-%e3%83%89%e3%82%a5%e3%83%90%e3%83%96%e9%a2%a8\/#primaryimage\",\"url\":\"https:\/\/www.unipatis.fr\/wp-content\/uploads\/2025\/06\/MOCKUP_SEAU_fourrage_kadaif_pistache_faconDUBAI.webp\",\"contentUrl\":\"https:\/\/www.unipatis.fr\/wp-content\/uploads\/2025\/06\/MOCKUP_SEAU_fourrage_kadaif_pistache_faconDUBAI.webp\",\"width\":1575,\"height\":1634,\"caption\":\"\u98fc\u6599_\u30ab\u30c0\u30a4\u30d5_\u30d4\u30b9\u30bf\u30c1\u30aa \u30e6\u30cb\u30d1\u30c6\u30a3\u30b9\"},{\"@type\":\"BreadcrumbList\",\"@id\":\"https:\/\/www.unipatis.fr\/ja\/produit\/%e3%83%94%e3%82%b9%e3%82%bf%e3%83%81%e3%82%aa%e3%81%ae%e9%a3%bc%e6%96%99-%e3%82%ab%e3%83%80%e3%82%a4%e3%83%95-%e3%83%89%e3%82%a5%e3%83%90%e3%83%96%e9%a2%a8\/#breadcrumb\",\"itemListElement\":[{\"@type\":\"ListItem\",\"position\":1,\"name\":\"Accueil\",\"item\":\"https:\/\/www.unipatis.fr\/ja\/%e3%83%9b%e3%83%bc%e3%83%a0-2\/\"},{\"@type\":\"ListItem\",\"position\":2,\"name\":\"\u30b7\u30e7\u30c3\u30d7\",\"item\":\"https:\/\/www.unipatis.fr\/ja\/%e3%82%b7%e3%83%a7%e3%83%83%e3%83%97\/\"},{\"@type\":\"ListItem\",\"position\":3,\"name\":\"\u30d4\u30b9\u30bf\u30c1\u30aa\u306e\u98fc\u6599 \u30ab\u30c0\u30a4\u30d5 \u30c9\u30a5\u30d0\u30d6\u98a8\"}]},{\"@type\":\"WebSite\",\"@id\":\"https:\/\/www.unipatis.fr\/en\/#website\",\"url\":\"https:\/\/www.unipatis.fr\/en\/\",\"name\":\"Unipatis\",\"description\":\"Unipatis Maison est une entreprise familiale sp\u00e9cialis\u00e9e dans la fabrication d&#039;ingr\u00e9dients p\u00e2tissiers et chocolatiers depuis quatre g\u00e9n\u00e9rations.\",\"publisher\":{\"@id\":\"https:\/\/www.unipatis.fr\/en\/#organization\"},\"potentialAction\":[{\"@type\":\"SearchAction\",\"target\":{\"@type\":\"EntryPoint\",\"urlTemplate\":\"https:\/\/www.unipatis.fr\/en\/?s={search_term_string}\"},\"query-input\":{\"@type\":\"PropertyValueSpecification\",\"valueRequired\":true,\"valueName\":\"search_term_string\"}}],\"inLanguage\":\"ja\"},{\"@type\":\"Organization\",\"@id\":\"https:\/\/www.unipatis.fr\/en\/#organization\",\"name\":\"Unipatis\",\"url\":\"https:\/\/www.unipatis.fr\/en\/\",\"logo\":{\"@type\":\"ImageObject\",\"inLanguage\":\"ja\",\"@id\":\"https:\/\/www.unipatis.fr\/en\/#\/schema\/logo\/image\/\",\"url\":\"https:\/\/www.unipatis.fr\/wp-content\/uploads\/2021\/10\/UNIPATIS_logo_flag_2021-1.svg\",\"contentUrl\":\"https:\/\/www.unipatis.fr\/wp-content\/uploads\/2021\/10\/UNIPATIS_logo_flag_2021-1.svg\",\"width\":150,\"height\":184,\"caption\":\"Unipatis\"},\"image\":{\"@id\":\"https:\/\/www.unipatis.fr\/en\/#\/schema\/logo\/image\/\"},\"sameAs\":[\"https:\/\/www.facebook.com\/unipatis\",\"https:\/\/www.instagram.com\/unipatis\",\"https:\/\/www.youtube.com\/@Unipatis\"]}]}<\/script>\n<!-- \/ Yoast SEO plugin. -->","yoast_head_json":{"title":"\u30d4\u30b9\u30bf\u30c1\u30aa\u306e\u98fc\u6599 \u30ab\u30c0\u30a4\u30d5 \u30c9\u30a5\u30d0\u30d6\u98a8 - Unipatis","description":"\u30c7\u30e5\u30d0\u30a4\u98a8\u30d4\u30b9\u30bf\u30c1\u30aa\u30fb\u30ab\u30c0\u30a4\u30d5\u30fb\u30d5\u30a3\u30ea\u30f3\u30b0\u3002\u30a2\u30f3\u30c8\u30eb\u30e1\u3001\u30ed\u30b0\u3001\u30bf\u30eb\u30c8\u3001\u30a8\u30af\u30ec\u30a2\u3001\u30a2\u30a4\u30b9\u30af\u30ea\u30fc\u30e0\u3001\u30dc\u30f3\u30dc\u30f3\u30b7\u30e7\u30b3\u30e9\u306b\u3002","robots":{"index":"index","follow":"follow","max-snippet":"max-snippet:-1","max-image-preview":"max-image-preview:large","max-video-preview":"max-video-preview:-1"},"canonical":"https:\/\/www.unipatis.fr\/ja\/produit\/\u30d4\u30b9\u30bf\u30c1\u30aa\u306e\u98fc\u6599-\u30ab\u30c0\u30a4\u30d5-\u30c9\u30a5\u30d0\u30d6\u98a8\/","og_locale":"ja_JP","og_type":"article","og_title":"\u30d4\u30b9\u30bf\u30c1\u30aa\u306e\u98fc\u6599 \u30ab\u30c0\u30a4\u30d5 \u30c9\u30a5\u30d0\u30d6\u98a8 - Unipatis","og_description":"\u30c7\u30e5\u30d0\u30a4\u98a8\u30d4\u30b9\u30bf\u30c1\u30aa\u30fb\u30ab\u30c0\u30a4\u30d5\u30fb\u30d5\u30a3\u30ea\u30f3\u30b0\u3002\u30a2\u30f3\u30c8\u30eb\u30e1\u3001\u30ed\u30b0\u3001\u30bf\u30eb\u30c8\u3001\u30a8\u30af\u30ec\u30a2\u3001\u30a2\u30a4\u30b9\u30af\u30ea\u30fc\u30e0\u3001\u30dc\u30f3\u30dc\u30f3\u30b7\u30e7\u30b3\u30e9\u306b\u3002","og_url":"https:\/\/www.unipatis.fr\/ja\/produit\/\u30d4\u30b9\u30bf\u30c1\u30aa\u306e\u98fc\u6599-\u30ab\u30c0\u30a4\u30d5-\u30c9\u30a5\u30d0\u30d6\u98a8\/","og_site_name":"Unipatis","article_publisher":"https:\/\/www.facebook.com\/unipatis","article_modified_time":"2026-04-12T06:38:03+00:00","og_image":[{"width":1575,"height":1634,"url":"https:\/\/www.unipatis.fr\/wp-content\/uploads\/2025\/06\/MOCKUP_SEAU_fourrage_kadaif_pistache_faconDUBAI.webp","type":"image\/png"}],"twitter_card":"summary_large_image","schema":{"@context":"https:\/\/schema.org","@graph":[{"@type":"WebPage","@id":"https:\/\/www.unipatis.fr\/ja\/produit\/%e3%83%94%e3%82%b9%e3%82%bf%e3%83%81%e3%82%aa%e3%81%ae%e9%a3%bc%e6%96%99-%e3%82%ab%e3%83%80%e3%82%a4%e3%83%95-%e3%83%89%e3%82%a5%e3%83%90%e3%83%96%e9%a2%a8\/","url":"https:\/\/www.unipatis.fr\/ja\/produit\/%e3%83%94%e3%82%b9%e3%82%bf%e3%83%81%e3%82%aa%e3%81%ae%e9%a3%bc%e6%96%99-%e3%82%ab%e3%83%80%e3%82%a4%e3%83%95-%e3%83%89%e3%82%a5%e3%83%90%e3%83%96%e9%a2%a8\/","name":"\u30d4\u30b9\u30bf\u30c1\u30aa\u306e\u98fc\u6599 \u30ab\u30c0\u30a4\u30d5 \u30c9\u30a5\u30d0\u30d6\u98a8 - Unipatis","isPartOf":{"@id":"https:\/\/www.unipatis.fr\/en\/#website"},"primaryImageOfPage":{"@id":"https:\/\/www.unipatis.fr\/ja\/produit\/%e3%83%94%e3%82%b9%e3%82%bf%e3%83%81%e3%82%aa%e3%81%ae%e9%a3%bc%e6%96%99-%e3%82%ab%e3%83%80%e3%82%a4%e3%83%95-%e3%83%89%e3%82%a5%e3%83%90%e3%83%96%e9%a2%a8\/#primaryimage"},"image":{"@id":"https:\/\/www.unipatis.fr\/ja\/produit\/%e3%83%94%e3%82%b9%e3%82%bf%e3%83%81%e3%82%aa%e3%81%ae%e9%a3%bc%e6%96%99-%e3%82%ab%e3%83%80%e3%82%a4%e3%83%95-%e3%83%89%e3%82%a5%e3%83%90%e3%83%96%e9%a2%a8\/#primaryimage"},"thumbnailUrl":"https:\/\/www.unipatis.fr\/wp-content\/uploads\/2025\/06\/MOCKUP_SEAU_fourrage_kadaif_pistache_faconDUBAI.webp","datePublished":"2025-06-02T14:37:32+00:00","dateModified":"2026-04-12T06:38:03+00:00","description":"\u30c7\u30e5\u30d0\u30a4\u98a8\u30d4\u30b9\u30bf\u30c1\u30aa\u30fb\u30ab\u30c0\u30a4\u30d5\u30fb\u30d5\u30a3\u30ea\u30f3\u30b0\u3002\u30a2\u30f3\u30c8\u30eb\u30e1\u3001\u30ed\u30b0\u3001\u30bf\u30eb\u30c8\u3001\u30a8\u30af\u30ec\u30a2\u3001\u30a2\u30a4\u30b9\u30af\u30ea\u30fc\u30e0\u3001\u30dc\u30f3\u30dc\u30f3\u30b7\u30e7\u30b3\u30e9\u306b\u3002","breadcrumb":{"@id":"https:\/\/www.unipatis.fr\/ja\/produit\/%e3%83%94%e3%82%b9%e3%82%bf%e3%83%81%e3%82%aa%e3%81%ae%e9%a3%bc%e6%96%99-%e3%82%ab%e3%83%80%e3%82%a4%e3%83%95-%e3%83%89%e3%82%a5%e3%83%90%e3%83%96%e9%a2%a8\/#breadcrumb"},"inLanguage":"ja","potentialAction":[{"@type":"ReadAction","target":["https:\/\/www.unipatis.fr\/ja\/produit\/%e3%83%94%e3%82%b9%e3%82%bf%e3%83%81%e3%82%aa%e3%81%ae%e9%a3%bc%e6%96%99-%e3%82%ab%e3%83%80%e3%82%a4%e3%83%95-%e3%83%89%e3%82%a5%e3%83%90%e3%83%96%e9%a2%a8\/"]}]},{"@type":"ImageObject","inLanguage":"ja","@id":"https:\/\/www.unipatis.fr\/ja\/produit\/%e3%83%94%e3%82%b9%e3%82%bf%e3%83%81%e3%82%aa%e3%81%ae%e9%a3%bc%e6%96%99-%e3%82%ab%e3%83%80%e3%82%a4%e3%83%95-%e3%83%89%e3%82%a5%e3%83%90%e3%83%96%e9%a2%a8\/#primaryimage","url":"https:\/\/www.unipatis.fr\/wp-content\/uploads\/2025\/06\/MOCKUP_SEAU_fourrage_kadaif_pistache_faconDUBAI.webp","contentUrl":"https:\/\/www.unipatis.fr\/wp-content\/uploads\/2025\/06\/MOCKUP_SEAU_fourrage_kadaif_pistache_faconDUBAI.webp","width":1575,"height":1634,"caption":"\u98fc\u6599_\u30ab\u30c0\u30a4\u30d5_\u30d4\u30b9\u30bf\u30c1\u30aa \u30e6\u30cb\u30d1\u30c6\u30a3\u30b9"},{"@type":"BreadcrumbList","@id":"https:\/\/www.unipatis.fr\/ja\/produit\/%e3%83%94%e3%82%b9%e3%82%bf%e3%83%81%e3%82%aa%e3%81%ae%e9%a3%bc%e6%96%99-%e3%82%ab%e3%83%80%e3%82%a4%e3%83%95-%e3%83%89%e3%82%a5%e3%83%90%e3%83%96%e9%a2%a8\/#breadcrumb","itemListElement":[{"@type":"ListItem","position":1,"name":"Accueil","item":"https:\/\/www.unipatis.fr\/ja\/%e3%83%9b%e3%83%bc%e3%83%a0-2\/"},{"@type":"ListItem","position":2,"name":"\u30b7\u30e7\u30c3\u30d7","item":"https:\/\/www.unipatis.fr\/ja\/%e3%82%b7%e3%83%a7%e3%83%83%e3%83%97\/"},{"@type":"ListItem","position":3,"name":"\u30d4\u30b9\u30bf\u30c1\u30aa\u306e\u98fc\u6599 \u30ab\u30c0\u30a4\u30d5 \u30c9\u30a5\u30d0\u30d6\u98a8"}]},{"@type":"WebSite","@id":"https:\/\/www.unipatis.fr\/en\/#website","url":"https:\/\/www.unipatis.fr\/en\/","name":"Unipatis","description":"Unipatis Maison est une entreprise familiale sp\u00e9cialis\u00e9e dans la fabrication d&#039;ingr\u00e9dients p\u00e2tissiers et chocolatiers depuis quatre g\u00e9n\u00e9rations.","publisher":{"@id":"https:\/\/www.unipatis.fr\/en\/#organization"},"potentialAction":[{"@type":"SearchAction","target":{"@type":"EntryPoint","urlTemplate":"https:\/\/www.unipatis.fr\/en\/?s={search_term_string}"},"query-input":{"@type":"PropertyValueSpecification","valueRequired":true,"valueName":"search_term_string"}}],"inLanguage":"ja"},{"@type":"Organization","@id":"https:\/\/www.unipatis.fr\/en\/#organization","name":"Unipatis","url":"https:\/\/www.unipatis.fr\/en\/","logo":{"@type":"ImageObject","inLanguage":"ja","@id":"https:\/\/www.unipatis.fr\/en\/#\/schema\/logo\/image\/","url":"https:\/\/www.unipatis.fr\/wp-content\/uploads\/2021\/10\/UNIPATIS_logo_flag_2021-1.svg","contentUrl":"https:\/\/www.unipatis.fr\/wp-content\/uploads\/2021\/10\/UNIPATIS_logo_flag_2021-1.svg","width":150,"height":184,"caption":"Unipatis"},"image":{"@id":"https:\/\/www.unipatis.fr\/en\/#\/schema\/logo\/image\/"},"sameAs":["https:\/\/www.facebook.com\/unipatis","https:\/\/www.instagram.com\/unipatis","https:\/\/www.youtube.com\/@Unipatis"]}]}},"_links":{"self":[{"href":"https:\/\/www.unipatis.fr\/ja\/wp-json\/wp\/v2\/product\/23566","targetHints":{"allow":["GET"]}}],"collection":[{"href":"https:\/\/www.unipatis.fr\/ja\/wp-json\/wp\/v2\/product"}],"about":[{"href":"https:\/\/www.unipatis.fr\/ja\/wp-json\/wp\/v2\/types\/product"}],"replies":[{"embeddable":true,"href":"https:\/\/www.unipatis.fr\/ja\/wp-json\/wp\/v2\/comments?post=23566"}],"version-history":[{"count":1,"href":"https:\/\/www.unipatis.fr\/ja\/wp-json\/wp\/v2\/product\/23566\/revisions"}],"predecessor-version":[{"id":23567,"href":"https:\/\/www.unipatis.fr\/ja\/wp-json\/wp\/v2\/product\/23566\/revisions\/23567"}],"wp:featuredmedia":[{"embeddable":true,"href":"https:\/\/www.unipatis.fr\/ja\/wp-json\/wp\/v2\/media\/22646"}],"wp:attachment":[{"href":"https:\/\/www.unipatis.fr\/ja\/wp-json\/wp\/v2\/media?parent=23566"}],"wp:term":[{"taxonomy":"product_brand","embeddable":true,"href":"https:\/\/www.unipatis.fr\/ja\/wp-json\/wp\/v2\/product_brand?post=23566"},{"taxonomy":"product_cat","embeddable":true,"href":"https:\/\/www.unipatis.fr\/ja\/wp-json\/wp\/v2\/product_cat?post=23566"},{"taxonomy":"product_tag","embeddable":true,"href":"https:\/\/www.unipatis.fr\/ja\/wp-json\/wp\/v2\/product_tag?post=23566"}],"curies":[{"name":"wp","href":"https:\/\/api.w.org\/{rel}","templated":true}]}}