{"id":24540,"date":"2025-07-17T11:47:45","date_gmt":"2025-07-17T09:47:45","guid":{"rendered":"https:\/\/www.unipatis.fr\/produit\/%e3%83%99%e3%83%ab%e3%83%99%e3%83%83%e3%83%88%e3%83%bb%e3%82%b9%e3%83%97%e3%83%ac%e3%83%bc-%e3%83%ac%e3%83%83%e3%83%89-400ml\/"},"modified":"2026-04-12T08:37:34","modified_gmt":"2026-04-12T06:37:34","slug":"%e3%83%99%e3%83%ab%e3%83%99%e3%83%83%e3%83%88%e3%83%bb%e3%82%b9%e3%83%97%e3%83%ac%e3%83%bc-%e3%83%ac%e3%83%83%e3%83%89-400ml","status":"publish","type":"product","link":"https:\/\/www.unipatis.fr\/ja\/produit\/%e3%83%99%e3%83%ab%e3%83%99%e3%83%83%e3%83%88%e3%83%bb%e3%82%b9%e3%83%97%e3%83%ac%e3%83%bc-%e3%83%ac%e3%83%83%e3%83%89-400ml\/","title":{"rendered":"\u30d9\u30eb\u30d9\u30c3\u30c8\u30fb\u30b9\u30d7\u30ec\u30fc \u30ec\u30c3\u30c9 400ml"},"content":{"rendered":"<p>\u30c7\u30b6\u30fc\u30c8\u3001\u4e38\u592a\u3001\u30a2\u30a4\u30b9\u30af\u30ea\u30fc\u30e0\u3001\u3060\u307e\u3057\u7d75\u306b\u30b9\u30d7\u30ec\u30fc\u3059\u308b\u305f\u3081\u306e\u3001\u5929\u7136\u306e\u300c\u30d9\u30eb\u30d9\u30c3\u30c8\u52b9\u679c\u300d\u98df\u54c1\u7740\u8272\u6599<\/p>\n<p>\u77ed\u304f\u30b7\u30f3\u30d7\u30eb\u306a\u6210\u5206\u30ea\u30b9\u30c8\uff1a\u30b3\u30b3\u30a2\u30d0\u30bf\u30fc\u3068\u7740\u8272\u52b9\u679c\u306e\u3042\u308b\u690d\u7269\u30a8\u30ad\u30b9\u3002<\/p>\n","protected":false},"excerpt":{"rendered":"<p>\u8d64\u3044\u30b9\u30d7\u30ec\u30fc\u5f0f\u98df\u7528\u8272\u7d20<\/p>\n","protected":false},"featured_media":22703,"comment_status":"closed","ping_status":"closed","template":"","meta":{"_acf_changed":false,"inline_featured_image":false},"product_brand":[],"product_cat":[432],"product_tag":[],"class_list":{"0":"post-24540","1":"product","2":"type-product","3":"status-publish","4":"has-post-thumbnail","6":"product_cat-18-","7":"sales-flash-overlay","8":"woocommerce-text-align-center","9":"woocommerce-image-align-center","10":"do-quantity-buttons","12":"first","13":"instock","14":"shipping-taxable","15":"product-type-simple"},"acf":[],"yoast_head":"<!-- This site is optimized with the Yoast SEO plugin v27.2 - https:\/\/yoast.com\/product\/yoast-seo-wordpress\/ -->\n<title>\u30d9\u30eb\u30d9\u30c3\u30c8\u30fb\u30b9\u30d7\u30ec\u30fc \u30ec\u30c3\u30c9 400ml - Unipatis<\/title>\n<meta name=\"description\" content=\"\u8d64\u3044\u30b9\u30d7\u30ec\u30fc\u5f0f\u98df\u7528\u8272\u7d20\" \/>\n<meta name=\"robots\" content=\"index, follow, max-snippet:-1, max-image-preview:large, max-video-preview:-1\" \/>\n<link rel=\"canonical\" href=\"https:\/\/www.unipatis.fr\/ja\/produit\/\u30d9\u30eb\u30d9\u30c3\u30c8\u30fb\u30b9\u30d7\u30ec\u30fc-\u30ec\u30c3\u30c9-400ml\/\" \/>\n<meta property=\"og:locale\" content=\"ja_JP\" \/>\n<meta property=\"og:type\" content=\"article\" \/>\n<meta property=\"og:title\" content=\"\u30d9\u30eb\u30d9\u30c3\u30c8\u30fb\u30b9\u30d7\u30ec\u30fc \u30ec\u30c3\u30c9 400ml - Unipatis\" \/>\n<meta property=\"og:description\" content=\"\u8d64\u3044\u30b9\u30d7\u30ec\u30fc\u5f0f\u98df\u7528\u8272\u7d20\" \/>\n<meta property=\"og:url\" content=\"https:\/\/www.unipatis.fr\/ja\/produit\/\u30d9\u30eb\u30d9\u30c3\u30c8\u30fb\u30b9\u30d7\u30ec\u30fc-\u30ec\u30c3\u30c9-400ml\/\" \/>\n<meta property=\"og:site_name\" content=\"Unipatis\" \/>\n<meta property=\"article:publisher\" content=\"https:\/\/www.facebook.com\/unipatis\" \/>\n<meta property=\"article:modified_time\" content=\"2026-04-12T06:37:34+00:00\" \/>\n<meta property=\"og:image\" content=\"https:\/\/www.unipatis.fr\/wp-content\/uploads\/2025\/07\/03-MOCKUP-Spray-velours-400ml.webp\" \/>\n\t<meta property=\"og:image:width\" content=\"1200\" \/>\n\t<meta property=\"og:image:height\" content=\"1200\" \/>\n\t<meta property=\"og:image:type\" content=\"image\/png\" \/>\n<meta name=\"twitter:card\" content=\"summary_large_image\" \/>\n<script type=\"application\/ld+json\" class=\"yoast-schema-graph\">{\"@context\":\"https:\/\/schema.org\",\"@graph\":[{\"@type\":\"WebPage\",\"@id\":\"https:\/\/www.unipatis.fr\/ja\/produit\/%e3%83%99%e3%83%ab%e3%83%99%e3%83%83%e3%83%88%e3%83%bb%e3%82%b9%e3%83%97%e3%83%ac%e3%83%bc-%e3%83%ac%e3%83%83%e3%83%89-400ml\/\",\"url\":\"https:\/\/www.unipatis.fr\/ja\/produit\/%e3%83%99%e3%83%ab%e3%83%99%e3%83%83%e3%83%88%e3%83%bb%e3%82%b9%e3%83%97%e3%83%ac%e3%83%bc-%e3%83%ac%e3%83%83%e3%83%89-400ml\/\",\"name\":\"\u30d9\u30eb\u30d9\u30c3\u30c8\u30fb\u30b9\u30d7\u30ec\u30fc \u30ec\u30c3\u30c9 400ml - Unipatis\",\"isPartOf\":{\"@id\":\"https:\/\/www.unipatis.fr\/en\/#website\"},\"primaryImageOfPage\":{\"@id\":\"https:\/\/www.unipatis.fr\/ja\/produit\/%e3%83%99%e3%83%ab%e3%83%99%e3%83%83%e3%83%88%e3%83%bb%e3%82%b9%e3%83%97%e3%83%ac%e3%83%bc-%e3%83%ac%e3%83%83%e3%83%89-400ml\/#primaryimage\"},\"image\":{\"@id\":\"https:\/\/www.unipatis.fr\/ja\/produit\/%e3%83%99%e3%83%ab%e3%83%99%e3%83%83%e3%83%88%e3%83%bb%e3%82%b9%e3%83%97%e3%83%ac%e3%83%bc-%e3%83%ac%e3%83%83%e3%83%89-400ml\/#primaryimage\"},\"thumbnailUrl\":\"https:\/\/www.unipatis.fr\/wp-content\/uploads\/2025\/07\/03-MOCKUP-Spray-velours-400ml.webp\",\"datePublished\":\"2025-07-17T09:47:45+00:00\",\"dateModified\":\"2026-04-12T06:37:34+00:00\",\"description\":\"\u8d64\u3044\u30b9\u30d7\u30ec\u30fc\u5f0f\u98df\u7528\u8272\u7d20\",\"breadcrumb\":{\"@id\":\"https:\/\/www.unipatis.fr\/ja\/produit\/%e3%83%99%e3%83%ab%e3%83%99%e3%83%83%e3%83%88%e3%83%bb%e3%82%b9%e3%83%97%e3%83%ac%e3%83%bc-%e3%83%ac%e3%83%83%e3%83%89-400ml\/#breadcrumb\"},\"inLanguage\":\"ja\",\"potentialAction\":[{\"@type\":\"ReadAction\",\"target\":[\"https:\/\/www.unipatis.fr\/ja\/produit\/%e3%83%99%e3%83%ab%e3%83%99%e3%83%83%e3%83%88%e3%83%bb%e3%82%b9%e3%83%97%e3%83%ac%e3%83%bc-%e3%83%ac%e3%83%83%e3%83%89-400ml\/\"]}]},{\"@type\":\"ImageObject\",\"inLanguage\":\"ja\",\"@id\":\"https:\/\/www.unipatis.fr\/ja\/produit\/%e3%83%99%e3%83%ab%e3%83%99%e3%83%83%e3%83%88%e3%83%bb%e3%82%b9%e3%83%97%e3%83%ac%e3%83%bc-%e3%83%ac%e3%83%83%e3%83%89-400ml\/#primaryimage\",\"url\":\"https:\/\/www.unipatis.fr\/wp-content\/uploads\/2025\/07\/03-MOCKUP-Spray-velours-400ml.webp\",\"contentUrl\":\"https:\/\/www.unipatis.fr\/wp-content\/uploads\/2025\/07\/03-MOCKUP-Spray-velours-400ml.webp\",\"width\":1200,\"height\":1200,\"caption\":\"\u30e6\u30cb\u30d1\u30c6\u30a3\u30b9\u30fb\u30ec\u30c3\u30c9\u30d9\u30eb\u30d9\u30c3\u30c8\u30b9\u30d7\u30ec\u30fc\"},{\"@type\":\"BreadcrumbList\",\"@id\":\"https:\/\/www.unipatis.fr\/ja\/produit\/%e3%83%99%e3%83%ab%e3%83%99%e3%83%83%e3%83%88%e3%83%bb%e3%82%b9%e3%83%97%e3%83%ac%e3%83%bc-%e3%83%ac%e3%83%83%e3%83%89-400ml\/#breadcrumb\",\"itemListElement\":[{\"@type\":\"ListItem\",\"position\":1,\"name\":\"Accueil\",\"item\":\"https:\/\/www.unipatis.fr\/ja\/%e3%83%9b%e3%83%bc%e3%83%a0-2\/\"},{\"@type\":\"ListItem\",\"position\":2,\"name\":\"\u30b7\u30e7\u30c3\u30d7\",\"item\":\"https:\/\/www.unipatis.fr\/ja\/%e3%82%b7%e3%83%a7%e3%83%83%e3%83%97\/\"},{\"@type\":\"ListItem\",\"position\":3,\"name\":\"\u30d9\u30eb\u30d9\u30c3\u30c8\u30fb\u30b9\u30d7\u30ec\u30fc \u30ec\u30c3\u30c9 400ml\"}]},{\"@type\":\"WebSite\",\"@id\":\"https:\/\/www.unipatis.fr\/en\/#website\",\"url\":\"https:\/\/www.unipatis.fr\/en\/\",\"name\":\"Unipatis\",\"description\":\"Unipatis Maison est une entreprise familiale sp\u00e9cialis\u00e9e dans la fabrication d&#039;ingr\u00e9dients p\u00e2tissiers et chocolatiers depuis quatre g\u00e9n\u00e9rations.\",\"publisher\":{\"@id\":\"https:\/\/www.unipatis.fr\/en\/#organization\"},\"potentialAction\":[{\"@type\":\"SearchAction\",\"target\":{\"@type\":\"EntryPoint\",\"urlTemplate\":\"https:\/\/www.unipatis.fr\/en\/?s={search_term_string}\"},\"query-input\":{\"@type\":\"PropertyValueSpecification\",\"valueRequired\":true,\"valueName\":\"search_term_string\"}}],\"inLanguage\":\"ja\"},{\"@type\":\"Organization\",\"@id\":\"https:\/\/www.unipatis.fr\/en\/#organization\",\"name\":\"Unipatis\",\"url\":\"https:\/\/www.unipatis.fr\/en\/\",\"logo\":{\"@type\":\"ImageObject\",\"inLanguage\":\"ja\",\"@id\":\"https:\/\/www.unipatis.fr\/en\/#\/schema\/logo\/image\/\",\"url\":\"https:\/\/www.unipatis.fr\/wp-content\/uploads\/2021\/10\/UNIPATIS_logo_flag_2021-1.svg\",\"contentUrl\":\"https:\/\/www.unipatis.fr\/wp-content\/uploads\/2021\/10\/UNIPATIS_logo_flag_2021-1.svg\",\"width\":150,\"height\":184,\"caption\":\"Unipatis\"},\"image\":{\"@id\":\"https:\/\/www.unipatis.fr\/en\/#\/schema\/logo\/image\/\"},\"sameAs\":[\"https:\/\/www.facebook.com\/unipatis\",\"https:\/\/www.instagram.com\/unipatis\",\"https:\/\/www.youtube.com\/@Unipatis\"]}]}<\/script>\n<!-- \/ Yoast SEO plugin. -->","yoast_head_json":{"title":"\u30d9\u30eb\u30d9\u30c3\u30c8\u30fb\u30b9\u30d7\u30ec\u30fc \u30ec\u30c3\u30c9 400ml - Unipatis","description":"\u8d64\u3044\u30b9\u30d7\u30ec\u30fc\u5f0f\u98df\u7528\u8272\u7d20","robots":{"index":"index","follow":"follow","max-snippet":"max-snippet:-1","max-image-preview":"max-image-preview:large","max-video-preview":"max-video-preview:-1"},"canonical":"https:\/\/www.unipatis.fr\/ja\/produit\/\u30d9\u30eb\u30d9\u30c3\u30c8\u30fb\u30b9\u30d7\u30ec\u30fc-\u30ec\u30c3\u30c9-400ml\/","og_locale":"ja_JP","og_type":"article","og_title":"\u30d9\u30eb\u30d9\u30c3\u30c8\u30fb\u30b9\u30d7\u30ec\u30fc \u30ec\u30c3\u30c9 400ml - Unipatis","og_description":"\u8d64\u3044\u30b9\u30d7\u30ec\u30fc\u5f0f\u98df\u7528\u8272\u7d20","og_url":"https:\/\/www.unipatis.fr\/ja\/produit\/\u30d9\u30eb\u30d9\u30c3\u30c8\u30fb\u30b9\u30d7\u30ec\u30fc-\u30ec\u30c3\u30c9-400ml\/","og_site_name":"Unipatis","article_publisher":"https:\/\/www.facebook.com\/unipatis","article_modified_time":"2026-04-12T06:37:34+00:00","og_image":[{"width":1200,"height":1200,"url":"https:\/\/www.unipatis.fr\/wp-content\/uploads\/2025\/07\/03-MOCKUP-Spray-velours-400ml.webp","type":"image\/png"}],"twitter_card":"summary_large_image","schema":{"@context":"https:\/\/schema.org","@graph":[{"@type":"WebPage","@id":"https:\/\/www.unipatis.fr\/ja\/produit\/%e3%83%99%e3%83%ab%e3%83%99%e3%83%83%e3%83%88%e3%83%bb%e3%82%b9%e3%83%97%e3%83%ac%e3%83%bc-%e3%83%ac%e3%83%83%e3%83%89-400ml\/","url":"https:\/\/www.unipatis.fr\/ja\/produit\/%e3%83%99%e3%83%ab%e3%83%99%e3%83%83%e3%83%88%e3%83%bb%e3%82%b9%e3%83%97%e3%83%ac%e3%83%bc-%e3%83%ac%e3%83%83%e3%83%89-400ml\/","name":"\u30d9\u30eb\u30d9\u30c3\u30c8\u30fb\u30b9\u30d7\u30ec\u30fc \u30ec\u30c3\u30c9 400ml - Unipatis","isPartOf":{"@id":"https:\/\/www.unipatis.fr\/en\/#website"},"primaryImageOfPage":{"@id":"https:\/\/www.unipatis.fr\/ja\/produit\/%e3%83%99%e3%83%ab%e3%83%99%e3%83%83%e3%83%88%e3%83%bb%e3%82%b9%e3%83%97%e3%83%ac%e3%83%bc-%e3%83%ac%e3%83%83%e3%83%89-400ml\/#primaryimage"},"image":{"@id":"https:\/\/www.unipatis.fr\/ja\/produit\/%e3%83%99%e3%83%ab%e3%83%99%e3%83%83%e3%83%88%e3%83%bb%e3%82%b9%e3%83%97%e3%83%ac%e3%83%bc-%e3%83%ac%e3%83%83%e3%83%89-400ml\/#primaryimage"},"thumbnailUrl":"https:\/\/www.unipatis.fr\/wp-content\/uploads\/2025\/07\/03-MOCKUP-Spray-velours-400ml.webp","datePublished":"2025-07-17T09:47:45+00:00","dateModified":"2026-04-12T06:37:34+00:00","description":"\u8d64\u3044\u30b9\u30d7\u30ec\u30fc\u5f0f\u98df\u7528\u8272\u7d20","breadcrumb":{"@id":"https:\/\/www.unipatis.fr\/ja\/produit\/%e3%83%99%e3%83%ab%e3%83%99%e3%83%83%e3%83%88%e3%83%bb%e3%82%b9%e3%83%97%e3%83%ac%e3%83%bc-%e3%83%ac%e3%83%83%e3%83%89-400ml\/#breadcrumb"},"inLanguage":"ja","potentialAction":[{"@type":"ReadAction","target":["https:\/\/www.unipatis.fr\/ja\/produit\/%e3%83%99%e3%83%ab%e3%83%99%e3%83%83%e3%83%88%e3%83%bb%e3%82%b9%e3%83%97%e3%83%ac%e3%83%bc-%e3%83%ac%e3%83%83%e3%83%89-400ml\/"]}]},{"@type":"ImageObject","inLanguage":"ja","@id":"https:\/\/www.unipatis.fr\/ja\/produit\/%e3%83%99%e3%83%ab%e3%83%99%e3%83%83%e3%83%88%e3%83%bb%e3%82%b9%e3%83%97%e3%83%ac%e3%83%bc-%e3%83%ac%e3%83%83%e3%83%89-400ml\/#primaryimage","url":"https:\/\/www.unipatis.fr\/wp-content\/uploads\/2025\/07\/03-MOCKUP-Spray-velours-400ml.webp","contentUrl":"https:\/\/www.unipatis.fr\/wp-content\/uploads\/2025\/07\/03-MOCKUP-Spray-velours-400ml.webp","width":1200,"height":1200,"caption":"\u30e6\u30cb\u30d1\u30c6\u30a3\u30b9\u30fb\u30ec\u30c3\u30c9\u30d9\u30eb\u30d9\u30c3\u30c8\u30b9\u30d7\u30ec\u30fc"},{"@type":"BreadcrumbList","@id":"https:\/\/www.unipatis.fr\/ja\/produit\/%e3%83%99%e3%83%ab%e3%83%99%e3%83%83%e3%83%88%e3%83%bb%e3%82%b9%e3%83%97%e3%83%ac%e3%83%bc-%e3%83%ac%e3%83%83%e3%83%89-400ml\/#breadcrumb","itemListElement":[{"@type":"ListItem","position":1,"name":"Accueil","item":"https:\/\/www.unipatis.fr\/ja\/%e3%83%9b%e3%83%bc%e3%83%a0-2\/"},{"@type":"ListItem","position":2,"name":"\u30b7\u30e7\u30c3\u30d7","item":"https:\/\/www.unipatis.fr\/ja\/%e3%82%b7%e3%83%a7%e3%83%83%e3%83%97\/"},{"@type":"ListItem","position":3,"name":"\u30d9\u30eb\u30d9\u30c3\u30c8\u30fb\u30b9\u30d7\u30ec\u30fc \u30ec\u30c3\u30c9 400ml"}]},{"@type":"WebSite","@id":"https:\/\/www.unipatis.fr\/en\/#website","url":"https:\/\/www.unipatis.fr\/en\/","name":"Unipatis","description":"Unipatis Maison est une entreprise familiale sp\u00e9cialis\u00e9e dans la fabrication d&#039;ingr\u00e9dients p\u00e2tissiers et chocolatiers depuis quatre g\u00e9n\u00e9rations.","publisher":{"@id":"https:\/\/www.unipatis.fr\/en\/#organization"},"potentialAction":[{"@type":"SearchAction","target":{"@type":"EntryPoint","urlTemplate":"https:\/\/www.unipatis.fr\/en\/?s={search_term_string}"},"query-input":{"@type":"PropertyValueSpecification","valueRequired":true,"valueName":"search_term_string"}}],"inLanguage":"ja"},{"@type":"Organization","@id":"https:\/\/www.unipatis.fr\/en\/#organization","name":"Unipatis","url":"https:\/\/www.unipatis.fr\/en\/","logo":{"@type":"ImageObject","inLanguage":"ja","@id":"https:\/\/www.unipatis.fr\/en\/#\/schema\/logo\/image\/","url":"https:\/\/www.unipatis.fr\/wp-content\/uploads\/2021\/10\/UNIPATIS_logo_flag_2021-1.svg","contentUrl":"https:\/\/www.unipatis.fr\/wp-content\/uploads\/2021\/10\/UNIPATIS_logo_flag_2021-1.svg","width":150,"height":184,"caption":"Unipatis"},"image":{"@id":"https:\/\/www.unipatis.fr\/en\/#\/schema\/logo\/image\/"},"sameAs":["https:\/\/www.facebook.com\/unipatis","https:\/\/www.instagram.com\/unipatis","https:\/\/www.youtube.com\/@Unipatis"]}]}},"_links":{"self":[{"href":"https:\/\/www.unipatis.fr\/ja\/wp-json\/wp\/v2\/product\/24540","targetHints":{"allow":["GET"]}}],"collection":[{"href":"https:\/\/www.unipatis.fr\/ja\/wp-json\/wp\/v2\/product"}],"about":[{"href":"https:\/\/www.unipatis.fr\/ja\/wp-json\/wp\/v2\/types\/product"}],"replies":[{"embeddable":true,"href":"https:\/\/www.unipatis.fr\/ja\/wp-json\/wp\/v2\/comments?post=24540"}],"version-history":[{"count":1,"href":"https:\/\/www.unipatis.fr\/ja\/wp-json\/wp\/v2\/product\/24540\/revisions"}],"predecessor-version":[{"id":27729,"href":"https:\/\/www.unipatis.fr\/ja\/wp-json\/wp\/v2\/product\/24540\/revisions\/27729"}],"wp:featuredmedia":[{"embeddable":true,"href":"https:\/\/www.unipatis.fr\/ja\/wp-json\/wp\/v2\/media\/22703"}],"wp:attachment":[{"href":"https:\/\/www.unipatis.fr\/ja\/wp-json\/wp\/v2\/media?parent=24540"}],"wp:term":[{"taxonomy":"product_brand","embeddable":true,"href":"https:\/\/www.unipatis.fr\/ja\/wp-json\/wp\/v2\/product_brand?post=24540"},{"taxonomy":"product_cat","embeddable":true,"href":"https:\/\/www.unipatis.fr\/ja\/wp-json\/wp\/v2\/product_cat?post=24540"},{"taxonomy":"product_tag","embeddable":true,"href":"https:\/\/www.unipatis.fr\/ja\/wp-json\/wp\/v2\/product_tag?post=24540"}],"curies":[{"name":"wp","href":"https:\/\/api.w.org\/{rel}","templated":true}]}}