{"id":28334,"date":"2025-10-26T11:25:13","date_gmt":"2025-10-26T10:25:13","guid":{"rendered":"https:\/\/www.unipatis.fr\/produit\/%e3%83%95%e3%83%a9%e3%83%bc%e3%82%b8%e3%83%a5%e3%83%bb%e3%82%af%e3%83%a9%e3%82%ab%e3%83%b3%e3%83%bb%e3%82%af%e3%83%ad%e3%82%b3%e3%83%bb%e3%82%ad%e3%83%a3%e3%83%a9%e3%83%a1%e3%83%ab\/"},"modified":"2026-04-12T08:36:57","modified_gmt":"2026-04-12T06:36:57","slug":"%e3%83%95%e3%83%a9%e3%83%bc%e3%82%b8%e3%83%a5%e3%83%bb%e3%82%af%e3%83%a9%e3%82%ab%e3%83%b3%e3%83%bb%e3%82%af%e3%83%ad%e3%82%b3%e3%83%bb%e3%82%ad%e3%83%a3%e3%83%a9%e3%83%a1%e3%83%ab","status":"publish","type":"product","link":"https:\/\/www.unipatis.fr\/ja\/produit\/%e3%83%95%e3%83%a9%e3%83%bc%e3%82%b8%e3%83%a5%e3%83%bb%e3%82%af%e3%83%a9%e3%82%ab%e3%83%b3%e3%83%bb%e3%82%af%e3%83%ad%e3%82%b3%e3%83%bb%e3%82%ad%e3%83%a3%e3%83%a9%e3%83%a1%e3%83%ab\/","title":{"rendered":"\u30d5\u30e9\u30fc\u30b8\u30e5\u30fb\u30af\u30e9\u30ab\u30f3\u30fb\u30af\u30ed\u30b3\u30fb\u30ad\u30e3\u30e9\u30e1\u30eb"},"content":{"rendered":"","protected":false},"excerpt":{"rendered":"<p>\u30a4\u30b7\u30cb\u30fc\u30ad\u30e3\u30e9\u30e1\u30eb\u306e\u584a\u3001\u30d5\u30ec\u30fc\u30af\u72b6\u306e\u30d3\u30b9\u30b1\u30c3\u30c8\u30c1\u30c3\u30d7\u3001\u30db\u30ef\u30a4\u30c8\u30c1\u30e7\u30b3\u30ec\u30fc\u30c8\u3001\u975e\u6c34\u7d20\u5316\u30b3\u30d7\u30e9\u30b3\u30b3\u30ca\u30c3\u30c4\u304c\u3001\u5473\u306b\u59a5\u5354\u3059\u308b\u3053\u3068\u306a\u304f\u3001\u9ad8\u6027\u80fd\u3067\u8cac\u4efb\u3042\u308b\u30b3\u30f3\u30d3\u30cd\u30fc\u30b7\u30e7\u30f3\u3092\u4fdd\u8a3c\u3059\u308b\u3002\u30d1\u30fc\u30e0\u6cb90\uff05\u3002<br \/>\n\u30a2\u30f3\u30c8\u30eb\u30e1\u3001\u30bf\u30eb\u30c8\u3001\u30a8\u30af\u30ec\u30a2\u3001\u30a2\u30a4\u30b9\u30af\u30ea\u30fc\u30e0\u3001\u30ad\u30e3\u30f3\u30c7\u30a3\u30fc\u30c1\u30e7\u30b3\u30ec\u30fc\u30c8\u306e\u5185\u88c5\u306b\u3002 <\/p>\n","protected":false},"featured_media":28335,"comment_status":"closed","ping_status":"closed","template":"","meta":{"_acf_changed":false,"inline_featured_image":false},"product_brand":[],"product_cat":[440,821],"product_tag":[],"class_list":{"0":"post-28334","1":"product","2":"type-product","3":"status-publish","4":"has-post-thumbnail","6":"product_cat-01-","7":"product_cat-821","8":"sales-flash-overlay","9":"woocommerce-text-align-center","10":"woocommerce-image-align-center","11":"do-quantity-buttons","13":"first","14":"instock","15":"product-type-simple"},"acf":[],"yoast_head":"<!-- This site is optimized with the Yoast SEO plugin v27.2 - https:\/\/yoast.com\/product\/yoast-seo-wordpress\/ -->\n<title>\u30d5\u30e9\u30fc\u30b8\u30e5\u30fb\u30af\u30e9\u30ab\u30f3\u30fb\u30af\u30ed\u30b3\u30fb\u30ad\u30e3\u30e9\u30e1\u30eb - Unipatis<\/title>\n<meta name=\"description\" content=\"\u30af\u30e9\u30ab\u30f3\u30fb\u30af\u30ed\u30b3\u30fb\u30ad\u30e3\u30e9\u30e1\u30eb\u30fb\u30d5\u30a3\u30ea\u30f3\u30b0\uff1a\u30a4\u30b7\u30cb\u30fc\u793e\u306ePDO\u30ad\u30e3\u30e9\u30e1\u30eb\u3001\u30b7\u30e5\u30fc\u751f\u5730\u3001\u30db\u30ef\u30a4\u30c8\u30fb\u30c1\u30e7\u30b3\u30ec\u30fc\u30c8\u3092\u4f7f\u7528\u3057\u305f\u30b0\u30eb\u30e1\u306a\u30d5\u30a3\u30ea\u30f3\u30b0\u3002\u30c7\u30b6\u30fc\u30c8\u3001\u30bf\u30eb\u30c8\u3001\u30a8\u30af\u30ec\u30a2\u3001\u30a2\u30a4\u30b9\u30af\u30ea\u30fc\u30e0\u3001\u30b7\u30e7\u30b3\u30e9\u306b\u3002\" \/>\n<meta name=\"robots\" content=\"index, follow, max-snippet:-1, max-image-preview:large, max-video-preview:-1\" \/>\n<link rel=\"canonical\" href=\"https:\/\/www.unipatis.fr\/ja\/produit\/\u30d5\u30e9\u30fc\u30b8\u30e5\u30fb\u30af\u30e9\u30ab\u30f3\u30fb\u30af\u30ed\u30b3\u30fb\u30ad\u30e3\u30e9\u30e1\u30eb\/\" \/>\n<meta property=\"og:locale\" content=\"ja_JP\" \/>\n<meta property=\"og:type\" content=\"article\" \/>\n<meta property=\"og:title\" content=\"\u30d5\u30e9\u30fc\u30b8\u30e5\u30fb\u30af\u30e9\u30ab\u30f3\u30fb\u30af\u30ed\u30b3\u30fb\u30ad\u30e3\u30e9\u30e1\u30eb - Unipatis\" \/>\n<meta property=\"og:description\" content=\"\u30af\u30e9\u30ab\u30f3\u30fb\u30af\u30ed\u30b3\u30fb\u30ad\u30e3\u30e9\u30e1\u30eb\u30fb\u30d5\u30a3\u30ea\u30f3\u30b0\uff1a\u30a4\u30b7\u30cb\u30fc\u793e\u306ePDO\u30ad\u30e3\u30e9\u30e1\u30eb\u3001\u30b7\u30e5\u30fc\u751f\u5730\u3001\u30db\u30ef\u30a4\u30c8\u30fb\u30c1\u30e7\u30b3\u30ec\u30fc\u30c8\u3092\u4f7f\u7528\u3057\u305f\u30b0\u30eb\u30e1\u306a\u30d5\u30a3\u30ea\u30f3\u30b0\u3002\u30c7\u30b6\u30fc\u30c8\u3001\u30bf\u30eb\u30c8\u3001\u30a8\u30af\u30ec\u30a2\u3001\u30a2\u30a4\u30b9\u30af\u30ea\u30fc\u30e0\u3001\u30b7\u30e7\u30b3\u30e9\u306b\u3002\" \/>\n<meta property=\"og:url\" content=\"https:\/\/www.unipatis.fr\/ja\/produit\/\u30d5\u30e9\u30fc\u30b8\u30e5\u30fb\u30af\u30e9\u30ab\u30f3\u30fb\u30af\u30ed\u30b3\u30fb\u30ad\u30e3\u30e9\u30e1\u30eb\/\" \/>\n<meta property=\"og:site_name\" content=\"Unipatis\" \/>\n<meta property=\"article:publisher\" content=\"https:\/\/www.facebook.com\/unipatis\" \/>\n<meta property=\"article:modified_time\" content=\"2026-04-12T06:36:57+00:00\" \/>\n<meta property=\"og:image\" content=\"https:\/\/www.unipatis.fr\/wp-content\/uploads\/2025\/10\/Fourrage-croc-caramel.png\" \/>\n\t<meta property=\"og:image:width\" content=\"625\" \/>\n\t<meta property=\"og:image:height\" content=\"584\" \/>\n\t<meta property=\"og:image:type\" content=\"image\/png\" \/>\n<meta name=\"twitter:card\" content=\"summary_large_image\" \/>\n<script type=\"application\/ld+json\" class=\"yoast-schema-graph\">{\"@context\":\"https:\/\/schema.org\",\"@graph\":[{\"@type\":\"WebPage\",\"@id\":\"https:\/\/www.unipatis.fr\/ja\/produit\/%e3%83%95%e3%83%a9%e3%83%bc%e3%82%b8%e3%83%a5%e3%83%bb%e3%82%af%e3%83%a9%e3%82%ab%e3%83%b3%e3%83%bb%e3%82%af%e3%83%ad%e3%82%b3%e3%83%bb%e3%82%ad%e3%83%a3%e3%83%a9%e3%83%a1%e3%83%ab\/\",\"url\":\"https:\/\/www.unipatis.fr\/ja\/produit\/%e3%83%95%e3%83%a9%e3%83%bc%e3%82%b8%e3%83%a5%e3%83%bb%e3%82%af%e3%83%a9%e3%82%ab%e3%83%b3%e3%83%bb%e3%82%af%e3%83%ad%e3%82%b3%e3%83%bb%e3%82%ad%e3%83%a3%e3%83%a9%e3%83%a1%e3%83%ab\/\",\"name\":\"\u30d5\u30e9\u30fc\u30b8\u30e5\u30fb\u30af\u30e9\u30ab\u30f3\u30fb\u30af\u30ed\u30b3\u30fb\u30ad\u30e3\u30e9\u30e1\u30eb - Unipatis\",\"isPartOf\":{\"@id\":\"https:\/\/www.unipatis.fr\/en\/#website\"},\"primaryImageOfPage\":{\"@id\":\"https:\/\/www.unipatis.fr\/ja\/produit\/%e3%83%95%e3%83%a9%e3%83%bc%e3%82%b8%e3%83%a5%e3%83%bb%e3%82%af%e3%83%a9%e3%82%ab%e3%83%b3%e3%83%bb%e3%82%af%e3%83%ad%e3%82%b3%e3%83%bb%e3%82%ad%e3%83%a3%e3%83%a9%e3%83%a1%e3%83%ab\/#primaryimage\"},\"image\":{\"@id\":\"https:\/\/www.unipatis.fr\/ja\/produit\/%e3%83%95%e3%83%a9%e3%83%bc%e3%82%b8%e3%83%a5%e3%83%bb%e3%82%af%e3%83%a9%e3%82%ab%e3%83%b3%e3%83%bb%e3%82%af%e3%83%ad%e3%82%b3%e3%83%bb%e3%82%ad%e3%83%a3%e3%83%a9%e3%83%a1%e3%83%ab\/#primaryimage\"},\"thumbnailUrl\":\"https:\/\/www.unipatis.fr\/wp-content\/uploads\/2025\/10\/Fourrage-croc-caramel.png\",\"datePublished\":\"2025-10-26T10:25:13+00:00\",\"dateModified\":\"2026-04-12T06:36:57+00:00\",\"description\":\"\u30af\u30e9\u30ab\u30f3\u30fb\u30af\u30ed\u30b3\u30fb\u30ad\u30e3\u30e9\u30e1\u30eb\u30fb\u30d5\u30a3\u30ea\u30f3\u30b0\uff1a\u30a4\u30b7\u30cb\u30fc\u793e\u306ePDO\u30ad\u30e3\u30e9\u30e1\u30eb\u3001\u30b7\u30e5\u30fc\u751f\u5730\u3001\u30db\u30ef\u30a4\u30c8\u30fb\u30c1\u30e7\u30b3\u30ec\u30fc\u30c8\u3092\u4f7f\u7528\u3057\u305f\u30b0\u30eb\u30e1\u306a\u30d5\u30a3\u30ea\u30f3\u30b0\u3002\u30c7\u30b6\u30fc\u30c8\u3001\u30bf\u30eb\u30c8\u3001\u30a8\u30af\u30ec\u30a2\u3001\u30a2\u30a4\u30b9\u30af\u30ea\u30fc\u30e0\u3001\u30b7\u30e7\u30b3\u30e9\u306b\u3002\",\"breadcrumb\":{\"@id\":\"https:\/\/www.unipatis.fr\/ja\/produit\/%e3%83%95%e3%83%a9%e3%83%bc%e3%82%b8%e3%83%a5%e3%83%bb%e3%82%af%e3%83%a9%e3%82%ab%e3%83%b3%e3%83%bb%e3%82%af%e3%83%ad%e3%82%b3%e3%83%bb%e3%82%ad%e3%83%a3%e3%83%a9%e3%83%a1%e3%83%ab\/#breadcrumb\"},\"inLanguage\":\"ja\",\"potentialAction\":[{\"@type\":\"ReadAction\",\"target\":[\"https:\/\/www.unipatis.fr\/ja\/produit\/%e3%83%95%e3%83%a9%e3%83%bc%e3%82%b8%e3%83%a5%e3%83%bb%e3%82%af%e3%83%a9%e3%82%ab%e3%83%b3%e3%83%bb%e3%82%af%e3%83%ad%e3%82%b3%e3%83%bb%e3%82%ad%e3%83%a3%e3%83%a9%e3%83%a1%e3%83%ab\/\"]}]},{\"@type\":\"ImageObject\",\"inLanguage\":\"ja\",\"@id\":\"https:\/\/www.unipatis.fr\/ja\/produit\/%e3%83%95%e3%83%a9%e3%83%bc%e3%82%b8%e3%83%a5%e3%83%bb%e3%82%af%e3%83%a9%e3%82%ab%e3%83%b3%e3%83%bb%e3%82%af%e3%83%ad%e3%82%b3%e3%83%bb%e3%82%ad%e3%83%a3%e3%83%a9%e3%83%a1%e3%83%ab\/#primaryimage\",\"url\":\"https:\/\/www.unipatis.fr\/wp-content\/uploads\/2025\/10\/Fourrage-croc-caramel.png\",\"contentUrl\":\"https:\/\/www.unipatis.fr\/wp-content\/uploads\/2025\/10\/Fourrage-croc-caramel.png\",\"width\":625,\"height\":584,\"caption\":\"\u30ad\u30e3\u30e9\u30e1\u30eb\u30af\u30ed\u30b3\u30d5\u30a3\u30ea\u30f3\u30b0\"},{\"@type\":\"BreadcrumbList\",\"@id\":\"https:\/\/www.unipatis.fr\/ja\/produit\/%e3%83%95%e3%83%a9%e3%83%bc%e3%82%b8%e3%83%a5%e3%83%bb%e3%82%af%e3%83%a9%e3%82%ab%e3%83%b3%e3%83%bb%e3%82%af%e3%83%ad%e3%82%b3%e3%83%bb%e3%82%ad%e3%83%a3%e3%83%a9%e3%83%a1%e3%83%ab\/#breadcrumb\",\"itemListElement\":[{\"@type\":\"ListItem\",\"position\":1,\"name\":\"Accueil\",\"item\":\"https:\/\/www.unipatis.fr\/ja\/%e3%83%9b%e3%83%bc%e3%83%a0-2\/\"},{\"@type\":\"ListItem\",\"position\":2,\"name\":\"\u30b7\u30e7\u30c3\u30d7\",\"item\":\"https:\/\/www.unipatis.fr\/ja\/%e3%82%b7%e3%83%a7%e3%83%83%e3%83%97\/\"},{\"@type\":\"ListItem\",\"position\":3,\"name\":\"\u30d5\u30e9\u30fc\u30b8\u30e5\u30fb\u30af\u30e9\u30ab\u30f3\u30fb\u30af\u30ed\u30b3\u30fb\u30ad\u30e3\u30e9\u30e1\u30eb\"}]},{\"@type\":\"WebSite\",\"@id\":\"https:\/\/www.unipatis.fr\/en\/#website\",\"url\":\"https:\/\/www.unipatis.fr\/en\/\",\"name\":\"Unipatis\",\"description\":\"Unipatis Maison est une entreprise familiale sp\u00e9cialis\u00e9e dans la fabrication d&#039;ingr\u00e9dients p\u00e2tissiers et chocolatiers depuis quatre g\u00e9n\u00e9rations.\",\"publisher\":{\"@id\":\"https:\/\/www.unipatis.fr\/en\/#organization\"},\"potentialAction\":[{\"@type\":\"SearchAction\",\"target\":{\"@type\":\"EntryPoint\",\"urlTemplate\":\"https:\/\/www.unipatis.fr\/en\/?s={search_term_string}\"},\"query-input\":{\"@type\":\"PropertyValueSpecification\",\"valueRequired\":true,\"valueName\":\"search_term_string\"}}],\"inLanguage\":\"ja\"},{\"@type\":\"Organization\",\"@id\":\"https:\/\/www.unipatis.fr\/en\/#organization\",\"name\":\"Unipatis\",\"url\":\"https:\/\/www.unipatis.fr\/en\/\",\"logo\":{\"@type\":\"ImageObject\",\"inLanguage\":\"ja\",\"@id\":\"https:\/\/www.unipatis.fr\/en\/#\/schema\/logo\/image\/\",\"url\":\"https:\/\/www.unipatis.fr\/wp-content\/uploads\/2021\/10\/UNIPATIS_logo_flag_2021-1.svg\",\"contentUrl\":\"https:\/\/www.unipatis.fr\/wp-content\/uploads\/2021\/10\/UNIPATIS_logo_flag_2021-1.svg\",\"width\":150,\"height\":184,\"caption\":\"Unipatis\"},\"image\":{\"@id\":\"https:\/\/www.unipatis.fr\/en\/#\/schema\/logo\/image\/\"},\"sameAs\":[\"https:\/\/www.facebook.com\/unipatis\",\"https:\/\/www.instagram.com\/unipatis\",\"https:\/\/www.youtube.com\/@Unipatis\"]}]}<\/script>\n<!-- \/ Yoast SEO plugin. -->","yoast_head_json":{"title":"\u30d5\u30e9\u30fc\u30b8\u30e5\u30fb\u30af\u30e9\u30ab\u30f3\u30fb\u30af\u30ed\u30b3\u30fb\u30ad\u30e3\u30e9\u30e1\u30eb - Unipatis","description":"\u30af\u30e9\u30ab\u30f3\u30fb\u30af\u30ed\u30b3\u30fb\u30ad\u30e3\u30e9\u30e1\u30eb\u30fb\u30d5\u30a3\u30ea\u30f3\u30b0\uff1a\u30a4\u30b7\u30cb\u30fc\u793e\u306ePDO\u30ad\u30e3\u30e9\u30e1\u30eb\u3001\u30b7\u30e5\u30fc\u751f\u5730\u3001\u30db\u30ef\u30a4\u30c8\u30fb\u30c1\u30e7\u30b3\u30ec\u30fc\u30c8\u3092\u4f7f\u7528\u3057\u305f\u30b0\u30eb\u30e1\u306a\u30d5\u30a3\u30ea\u30f3\u30b0\u3002\u30c7\u30b6\u30fc\u30c8\u3001\u30bf\u30eb\u30c8\u3001\u30a8\u30af\u30ec\u30a2\u3001\u30a2\u30a4\u30b9\u30af\u30ea\u30fc\u30e0\u3001\u30b7\u30e7\u30b3\u30e9\u306b\u3002","robots":{"index":"index","follow":"follow","max-snippet":"max-snippet:-1","max-image-preview":"max-image-preview:large","max-video-preview":"max-video-preview:-1"},"canonical":"https:\/\/www.unipatis.fr\/ja\/produit\/\u30d5\u30e9\u30fc\u30b8\u30e5\u30fb\u30af\u30e9\u30ab\u30f3\u30fb\u30af\u30ed\u30b3\u30fb\u30ad\u30e3\u30e9\u30e1\u30eb\/","og_locale":"ja_JP","og_type":"article","og_title":"\u30d5\u30e9\u30fc\u30b8\u30e5\u30fb\u30af\u30e9\u30ab\u30f3\u30fb\u30af\u30ed\u30b3\u30fb\u30ad\u30e3\u30e9\u30e1\u30eb - Unipatis","og_description":"\u30af\u30e9\u30ab\u30f3\u30fb\u30af\u30ed\u30b3\u30fb\u30ad\u30e3\u30e9\u30e1\u30eb\u30fb\u30d5\u30a3\u30ea\u30f3\u30b0\uff1a\u30a4\u30b7\u30cb\u30fc\u793e\u306ePDO\u30ad\u30e3\u30e9\u30e1\u30eb\u3001\u30b7\u30e5\u30fc\u751f\u5730\u3001\u30db\u30ef\u30a4\u30c8\u30fb\u30c1\u30e7\u30b3\u30ec\u30fc\u30c8\u3092\u4f7f\u7528\u3057\u305f\u30b0\u30eb\u30e1\u306a\u30d5\u30a3\u30ea\u30f3\u30b0\u3002\u30c7\u30b6\u30fc\u30c8\u3001\u30bf\u30eb\u30c8\u3001\u30a8\u30af\u30ec\u30a2\u3001\u30a2\u30a4\u30b9\u30af\u30ea\u30fc\u30e0\u3001\u30b7\u30e7\u30b3\u30e9\u306b\u3002","og_url":"https:\/\/www.unipatis.fr\/ja\/produit\/\u30d5\u30e9\u30fc\u30b8\u30e5\u30fb\u30af\u30e9\u30ab\u30f3\u30fb\u30af\u30ed\u30b3\u30fb\u30ad\u30e3\u30e9\u30e1\u30eb\/","og_site_name":"Unipatis","article_publisher":"https:\/\/www.facebook.com\/unipatis","article_modified_time":"2026-04-12T06:36:57+00:00","og_image":[{"width":625,"height":584,"url":"https:\/\/www.unipatis.fr\/wp-content\/uploads\/2025\/10\/Fourrage-croc-caramel.png","type":"image\/png"}],"twitter_card":"summary_large_image","schema":{"@context":"https:\/\/schema.org","@graph":[{"@type":"WebPage","@id":"https:\/\/www.unipatis.fr\/ja\/produit\/%e3%83%95%e3%83%a9%e3%83%bc%e3%82%b8%e3%83%a5%e3%83%bb%e3%82%af%e3%83%a9%e3%82%ab%e3%83%b3%e3%83%bb%e3%82%af%e3%83%ad%e3%82%b3%e3%83%bb%e3%82%ad%e3%83%a3%e3%83%a9%e3%83%a1%e3%83%ab\/","url":"https:\/\/www.unipatis.fr\/ja\/produit\/%e3%83%95%e3%83%a9%e3%83%bc%e3%82%b8%e3%83%a5%e3%83%bb%e3%82%af%e3%83%a9%e3%82%ab%e3%83%b3%e3%83%bb%e3%82%af%e3%83%ad%e3%82%b3%e3%83%bb%e3%82%ad%e3%83%a3%e3%83%a9%e3%83%a1%e3%83%ab\/","name":"\u30d5\u30e9\u30fc\u30b8\u30e5\u30fb\u30af\u30e9\u30ab\u30f3\u30fb\u30af\u30ed\u30b3\u30fb\u30ad\u30e3\u30e9\u30e1\u30eb - Unipatis","isPartOf":{"@id":"https:\/\/www.unipatis.fr\/en\/#website"},"primaryImageOfPage":{"@id":"https:\/\/www.unipatis.fr\/ja\/produit\/%e3%83%95%e3%83%a9%e3%83%bc%e3%82%b8%e3%83%a5%e3%83%bb%e3%82%af%e3%83%a9%e3%82%ab%e3%83%b3%e3%83%bb%e3%82%af%e3%83%ad%e3%82%b3%e3%83%bb%e3%82%ad%e3%83%a3%e3%83%a9%e3%83%a1%e3%83%ab\/#primaryimage"},"image":{"@id":"https:\/\/www.unipatis.fr\/ja\/produit\/%e3%83%95%e3%83%a9%e3%83%bc%e3%82%b8%e3%83%a5%e3%83%bb%e3%82%af%e3%83%a9%e3%82%ab%e3%83%b3%e3%83%bb%e3%82%af%e3%83%ad%e3%82%b3%e3%83%bb%e3%82%ad%e3%83%a3%e3%83%a9%e3%83%a1%e3%83%ab\/#primaryimage"},"thumbnailUrl":"https:\/\/www.unipatis.fr\/wp-content\/uploads\/2025\/10\/Fourrage-croc-caramel.png","datePublished":"2025-10-26T10:25:13+00:00","dateModified":"2026-04-12T06:36:57+00:00","description":"\u30af\u30e9\u30ab\u30f3\u30fb\u30af\u30ed\u30b3\u30fb\u30ad\u30e3\u30e9\u30e1\u30eb\u30fb\u30d5\u30a3\u30ea\u30f3\u30b0\uff1a\u30a4\u30b7\u30cb\u30fc\u793e\u306ePDO\u30ad\u30e3\u30e9\u30e1\u30eb\u3001\u30b7\u30e5\u30fc\u751f\u5730\u3001\u30db\u30ef\u30a4\u30c8\u30fb\u30c1\u30e7\u30b3\u30ec\u30fc\u30c8\u3092\u4f7f\u7528\u3057\u305f\u30b0\u30eb\u30e1\u306a\u30d5\u30a3\u30ea\u30f3\u30b0\u3002\u30c7\u30b6\u30fc\u30c8\u3001\u30bf\u30eb\u30c8\u3001\u30a8\u30af\u30ec\u30a2\u3001\u30a2\u30a4\u30b9\u30af\u30ea\u30fc\u30e0\u3001\u30b7\u30e7\u30b3\u30e9\u306b\u3002","breadcrumb":{"@id":"https:\/\/www.unipatis.fr\/ja\/produit\/%e3%83%95%e3%83%a9%e3%83%bc%e3%82%b8%e3%83%a5%e3%83%bb%e3%82%af%e3%83%a9%e3%82%ab%e3%83%b3%e3%83%bb%e3%82%af%e3%83%ad%e3%82%b3%e3%83%bb%e3%82%ad%e3%83%a3%e3%83%a9%e3%83%a1%e3%83%ab\/#breadcrumb"},"inLanguage":"ja","potentialAction":[{"@type":"ReadAction","target":["https:\/\/www.unipatis.fr\/ja\/produit\/%e3%83%95%e3%83%a9%e3%83%bc%e3%82%b8%e3%83%a5%e3%83%bb%e3%82%af%e3%83%a9%e3%82%ab%e3%83%b3%e3%83%bb%e3%82%af%e3%83%ad%e3%82%b3%e3%83%bb%e3%82%ad%e3%83%a3%e3%83%a9%e3%83%a1%e3%83%ab\/"]}]},{"@type":"ImageObject","inLanguage":"ja","@id":"https:\/\/www.unipatis.fr\/ja\/produit\/%e3%83%95%e3%83%a9%e3%83%bc%e3%82%b8%e3%83%a5%e3%83%bb%e3%82%af%e3%83%a9%e3%82%ab%e3%83%b3%e3%83%bb%e3%82%af%e3%83%ad%e3%82%b3%e3%83%bb%e3%82%ad%e3%83%a3%e3%83%a9%e3%83%a1%e3%83%ab\/#primaryimage","url":"https:\/\/www.unipatis.fr\/wp-content\/uploads\/2025\/10\/Fourrage-croc-caramel.png","contentUrl":"https:\/\/www.unipatis.fr\/wp-content\/uploads\/2025\/10\/Fourrage-croc-caramel.png","width":625,"height":584,"caption":"\u30ad\u30e3\u30e9\u30e1\u30eb\u30af\u30ed\u30b3\u30d5\u30a3\u30ea\u30f3\u30b0"},{"@type":"BreadcrumbList","@id":"https:\/\/www.unipatis.fr\/ja\/produit\/%e3%83%95%e3%83%a9%e3%83%bc%e3%82%b8%e3%83%a5%e3%83%bb%e3%82%af%e3%83%a9%e3%82%ab%e3%83%b3%e3%83%bb%e3%82%af%e3%83%ad%e3%82%b3%e3%83%bb%e3%82%ad%e3%83%a3%e3%83%a9%e3%83%a1%e3%83%ab\/#breadcrumb","itemListElement":[{"@type":"ListItem","position":1,"name":"Accueil","item":"https:\/\/www.unipatis.fr\/ja\/%e3%83%9b%e3%83%bc%e3%83%a0-2\/"},{"@type":"ListItem","position":2,"name":"\u30b7\u30e7\u30c3\u30d7","item":"https:\/\/www.unipatis.fr\/ja\/%e3%82%b7%e3%83%a7%e3%83%83%e3%83%97\/"},{"@type":"ListItem","position":3,"name":"\u30d5\u30e9\u30fc\u30b8\u30e5\u30fb\u30af\u30e9\u30ab\u30f3\u30fb\u30af\u30ed\u30b3\u30fb\u30ad\u30e3\u30e9\u30e1\u30eb"}]},{"@type":"WebSite","@id":"https:\/\/www.unipatis.fr\/en\/#website","url":"https:\/\/www.unipatis.fr\/en\/","name":"Unipatis","description":"Unipatis Maison est une entreprise familiale sp\u00e9cialis\u00e9e dans la fabrication d&#039;ingr\u00e9dients p\u00e2tissiers et chocolatiers depuis quatre g\u00e9n\u00e9rations.","publisher":{"@id":"https:\/\/www.unipatis.fr\/en\/#organization"},"potentialAction":[{"@type":"SearchAction","target":{"@type":"EntryPoint","urlTemplate":"https:\/\/www.unipatis.fr\/en\/?s={search_term_string}"},"query-input":{"@type":"PropertyValueSpecification","valueRequired":true,"valueName":"search_term_string"}}],"inLanguage":"ja"},{"@type":"Organization","@id":"https:\/\/www.unipatis.fr\/en\/#organization","name":"Unipatis","url":"https:\/\/www.unipatis.fr\/en\/","logo":{"@type":"ImageObject","inLanguage":"ja","@id":"https:\/\/www.unipatis.fr\/en\/#\/schema\/logo\/image\/","url":"https:\/\/www.unipatis.fr\/wp-content\/uploads\/2021\/10\/UNIPATIS_logo_flag_2021-1.svg","contentUrl":"https:\/\/www.unipatis.fr\/wp-content\/uploads\/2021\/10\/UNIPATIS_logo_flag_2021-1.svg","width":150,"height":184,"caption":"Unipatis"},"image":{"@id":"https:\/\/www.unipatis.fr\/en\/#\/schema\/logo\/image\/"},"sameAs":["https:\/\/www.facebook.com\/unipatis","https:\/\/www.instagram.com\/unipatis","https:\/\/www.youtube.com\/@Unipatis"]}]}},"_links":{"self":[{"href":"https:\/\/www.unipatis.fr\/ja\/wp-json\/wp\/v2\/product\/28334","targetHints":{"allow":["GET"]}}],"collection":[{"href":"https:\/\/www.unipatis.fr\/ja\/wp-json\/wp\/v2\/product"}],"about":[{"href":"https:\/\/www.unipatis.fr\/ja\/wp-json\/wp\/v2\/types\/product"}],"replies":[{"embeddable":true,"href":"https:\/\/www.unipatis.fr\/ja\/wp-json\/wp\/v2\/comments?post=28334"}],"version-history":[{"count":1,"href":"https:\/\/www.unipatis.fr\/ja\/wp-json\/wp\/v2\/product\/28334\/revisions"}],"predecessor-version":[{"id":30436,"href":"https:\/\/www.unipatis.fr\/ja\/wp-json\/wp\/v2\/product\/28334\/revisions\/30436"}],"wp:featuredmedia":[{"embeddable":true,"href":"https:\/\/www.unipatis.fr\/ja\/wp-json\/wp\/v2\/media\/28335"}],"wp:attachment":[{"href":"https:\/\/www.unipatis.fr\/ja\/wp-json\/wp\/v2\/media?parent=28334"}],"wp:term":[{"taxonomy":"product_brand","embeddable":true,"href":"https:\/\/www.unipatis.fr\/ja\/wp-json\/wp\/v2\/product_brand?post=28334"},{"taxonomy":"product_cat","embeddable":true,"href":"https:\/\/www.unipatis.fr\/ja\/wp-json\/wp\/v2\/product_cat?post=28334"},{"taxonomy":"product_tag","embeddable":true,"href":"https:\/\/www.unipatis.fr\/ja\/wp-json\/wp\/v2\/product_tag?post=28334"}],"curies":[{"name":"wp","href":"https:\/\/api.w.org\/{rel}","templated":true}]}}