{"id":17013,"date":"2024-08-23T17:27:22","date_gmt":"2024-08-23T15:27:22","guid":{"rendered":"https:\/\/www.unipatis.fr\/juridische-informatie\/"},"modified":"2025-12-16T09:37:22","modified_gmt":"2025-12-16T08:37:22","slug":"juridische-informatie","status":"publish","type":"page","link":"https:\/\/www.unipatis.fr\/nl\/juridische-informatie\/","title":{"rendered":"Juridische informatie"},"content":{"rendered":"\t\t<div data-elementor-type=\"wp-page\" data-elementor-id=\"17013\" class=\"elementor elementor-17013 elementor-33\" data-elementor-post-type=\"page\">\n\t\t\t\t\t\t<section class=\"elementor-section elementor-top-section elementor-element elementor-element-74c3687 elementor-section-boxed elementor-section-height-default elementor-section-height-default\" data-id=\"74c3687\" data-element_type=\"section\" data-e-type=\"section\">\n\t\t\t\t\t\t<div class=\"elementor-container elementor-column-gap-default\">\n\t\t\t\t\t<div class=\"elementor-column elementor-col-100 elementor-top-column elementor-element elementor-element-8763ae2\" data-id=\"8763ae2\" data-element_type=\"column\" data-e-type=\"column\">\n\t\t\t<div class=\"elementor-widget-wrap elementor-element-populated\">\n\t\t\t\t\t\t<div class=\"elementor-element elementor-element-6fd4f8e elementor-widget elementor-widget-text-editor\" data-id=\"6fd4f8e\" data-element_type=\"widget\" data-e-type=\"widget\" data-widget_type=\"text-editor.default\">\n\t\t\t\t<div class=\"elementor-widget-container\">\n\t\t\t\t\t\t\t\t\t<p>Wettelijke vermeldingen: Deze website is eigendom van Mediapilote Caen, waarvan het hoofdkantoor op het volgende adres is gevestigd:<\/p>\t\t\t\t\t\t\t\t<\/div>\n\t\t\t\t<\/div>\n\t\t\t\t<div class=\"elementor-element elementor-element-34b29a2 elementor-widget elementor-widget-text-editor\" data-id=\"34b29a2\" data-element_type=\"widget\" data-e-type=\"widget\" data-widget_type=\"text-editor.default\">\n\t\t\t\t<div class=\"elementor-widget-container\">\n\t\t\t\t\t\t\t\t\t<p>80 Laan van Thi\u00e8s<\/p>\n<p>&nbsp; 14000 CAEN<\/p>\n<p>De publicatiedirecteur van de website is raphael marieux in zijn hoedanigheid van Web Project Manager.<\/p>\n<p>De hostingprovider is Medialibs.<\/p>\n<p>De site is gemaakt door het mediapilote agentschap.<\/p>\n<p>De gebruiker wordt ervan op de hoogte gesteld dat, in overeenstemming met artikel 27 van de Franse wet op de bescherming van persoonsgegevens van 6 januari 1978, de informatie die door de gebruiker wordt verstrekt via de formulieren op de site nodig is om te reageren op zijn\/haar verzoek en uitsluitend bestemd is voor Mediapilote Caen, voor administratieve beheersdoeleinden.<\/p>\n<p>Gebruikers van de website dienen zich te houden aan de bepalingen van de wet op gegevensverwerking, gegevensbestanden en individuele vrijheden, waarvan overtreding strafbaar is.<\/p>\n<p>In het bijzonder moeten zij zich onthouden van het verzamelen of misbruiken van persoonlijke informatie waartoe zij toegang hebben en, in het algemeen, van elke handeling die Mediapilote Caen, het priv\u00e9leven of de reputatie van personen kan schaden.<\/p>\n<p>De algemene structuur, teksten, afbeeldingen (al dan niet geanimeerd), knowhow en alle andere elementen waaruit de site bestaat, zijn het exclusieve eigendom van Mediapilote.<\/p>\n<p>Elke gehele of gedeeltelijke weergave van deze site door welk bedrijf dan ook zonder de uitdrukkelijke toestemming van Mediapilote is verboden en vormt een inbreuk die wordt bestraft door de artikelen L.335-2 en volgende van de Franse wet op het intellectuele eigendom. Hetzelfde geldt voor alle databases die op de website staan, die beschermd worden door de bepalingen van de wet van 1 juli 1998 die de Europese richtlijn van 11 maart 1996 over de wettelijke bescherming van databases omzet in het Wetboek van Intellectueel Eigendom. <\/p>\n<p>Elke gehele of gedeeltelijke reproductie van handelsmerken of logo&#8217;s, gemaakt op basis van elementen van de site zonder de uitdrukkelijke toestemming van de houder of houders van de rechten die hierop betrekking hebben, is daarom verboden, in de zin van artikel L.713-2 van de Franse wet op intellectueel eigendom.<\/p>\n<p>De hyperlinks op de site kunnen de gebruiker naar verschillende sites leiden. Er wordt gespecificeerd dat de Mediapilote website niet alle sites die gelinkt kunnen zijn aan de Mediapilote website, hun inhoud en de informatie die ze bevatten, heeft gecontroleerd en nodigt de gebruiker uit om op eigen verantwoordelijkheid de conformiteit, juistheid, volledigheid en\/of wettigheid van de informatie en\/of inhoud waartoe hij toegang heeft op deze sites, te valideren. Mediapilote wijst daarom alle verantwoordelijkheid af voor de inhoud en diensten die worden aangeboden op sites waartoe de bezoeker toegang heeft via hyperlinks vanaf de Mediapilote website en voor het gebruik van dergelijke sites door de gebruiker. De gebruiker is als enige verantwoordelijk voor het gebruik van dergelijke sites.   <\/p>\n<p>Gebruikers en bezoekers van de website mogen geen hyperlink naar deze site maken zonder de uitdrukkelijke voorafgaande toestemming van Mediapilote.<\/p>\n<p>Mediapilote stelt alles in het werk om gebruikers te voorzien van beschikbare en gecontroleerde informatie en\/of tools, maar kan in geen geval aansprakelijk worden gesteld voor fouten, het niet beschikbaar zijn van informatie en\/of de aanwezigheid van virussen op haar site.<\/p>\t\t\t\t\t\t\t\t<\/div>\n\t\t\t\t<\/div>\n\t\t\t\t\t<\/div>\n\t\t<\/div>\n\t\t\t\t\t<\/div>\n\t\t<\/section>\n\t\t\t\t<\/div>\n\t\t","protected":false},"excerpt":{"rendered":"<p>Wettelijke vermeldingen: Deze website is eigendom van Mediapilote Caen, waarvan het hoofdkantoor op het volgende adres is gevestigd: 80 Laan van Thi\u00e8s &nbsp; 14000 CAEN De publicatiedirecteur van de website is raphael marieux in zijn hoedanigheid van Web Project Manager. De hostingprovider is Medialibs. De site is gemaakt door het mediapilote agentschap. De gebruiker wordt &#8230; <a title=\"Juridische informatie\" class=\"read-more\" href=\"https:\/\/www.unipatis.fr\/nl\/juridische-informatie\/\" aria-label=\"Lees meer over Juridische informatie\">Lees meer<\/a><\/p>\n","protected":false},"author":1,"featured_media":0,"parent":0,"menu_order":0,"comment_status":"closed","ping_status":"closed","template":"","meta":{"_acf_changed":false,"inline_featured_image":false,"footnotes":""},"class_list":["post-17013","page","type-page","status-publish"],"acf":[],"yoast_head":"<!-- This site is optimized with the Yoast SEO plugin v27.2 - https:\/\/yoast.com\/product\/yoast-seo-wordpress\/ -->\n<title>Juridische informatie - Unipatis<\/title>\n<meta name=\"description\" content=\"Juridische kennisgeving Unipatis - Informatie over de uitgever van de site, hosting, intellectueel eigendom en gebruik. M\u00e9diapilote Caen, 80 Avenue de Thi\u00e8s, 14000 Caen.\" \/>\n<meta name=\"robots\" content=\"index, follow, max-snippet:-1, max-image-preview:large, max-video-preview:-1\" \/>\n<link rel=\"canonical\" href=\"https:\/\/www.unipatis.fr\/nl\/juridische-informatie\/\" \/>\n<meta property=\"og:locale\" content=\"nl_NL\" \/>\n<meta property=\"og:type\" content=\"article\" \/>\n<meta property=\"og:title\" content=\"Juridische informatie - Unipatis\" \/>\n<meta property=\"og:description\" content=\"Juridische kennisgeving Unipatis - Informatie over de uitgever van de site, hosting, intellectueel eigendom en gebruik. M\u00e9diapilote Caen, 80 Avenue de Thi\u00e8s, 14000 Caen.\" \/>\n<meta property=\"og:url\" content=\"https:\/\/www.unipatis.fr\/nl\/juridische-informatie\/\" \/>\n<meta property=\"og:site_name\" content=\"Unipatis\" \/>\n<meta property=\"article:publisher\" content=\"https:\/\/www.facebook.com\/unipatis\" \/>\n<meta property=\"article:modified_time\" content=\"2025-12-16T08:37:22+00:00\" \/>\n<meta name=\"twitter:card\" content=\"summary_large_image\" \/>\n<meta name=\"twitter:label1\" content=\"Geschatte leestijd\" \/>\n\t<meta name=\"twitter:data1\" content=\"3 minuten\" \/>\n<script type=\"application\/ld+json\" class=\"yoast-schema-graph\">{\"@context\":\"https:\/\/schema.org\",\"@graph\":[{\"@type\":\"WebPage\",\"@id\":\"https:\/\/www.unipatis.fr\/nl\/juridische-informatie\/\",\"url\":\"https:\/\/www.unipatis.fr\/nl\/juridische-informatie\/\",\"name\":\"Juridische informatie - Unipatis\",\"isPartOf\":{\"@id\":\"https:\/\/www.unipatis.fr\/en\/#website\"},\"datePublished\":\"2024-08-23T15:27:22+00:00\",\"dateModified\":\"2025-12-16T08:37:22+00:00\",\"description\":\"Juridische kennisgeving Unipatis - Informatie over de uitgever van de site, hosting, intellectueel eigendom en gebruik. M\u00e9diapilote Caen, 80 Avenue de Thi\u00e8s, 14000 Caen.\",\"breadcrumb\":{\"@id\":\"https:\/\/www.unipatis.fr\/nl\/juridische-informatie\/#breadcrumb\"},\"inLanguage\":\"nl-NL\",\"potentialAction\":[{\"@type\":\"ReadAction\",\"target\":[\"https:\/\/www.unipatis.fr\/nl\/juridische-informatie\/\"]}]},{\"@type\":\"BreadcrumbList\",\"@id\":\"https:\/\/www.unipatis.fr\/nl\/juridische-informatie\/#breadcrumb\",\"itemListElement\":[{\"@type\":\"ListItem\",\"position\":1,\"name\":\"Accueil\",\"item\":\"https:\/\/www.unipatis.fr\/nl\/home\/\"},{\"@type\":\"ListItem\",\"position\":2,\"name\":\"Juridische informatie\"}]},{\"@type\":\"WebSite\",\"@id\":\"https:\/\/www.unipatis.fr\/en\/#website\",\"url\":\"https:\/\/www.unipatis.fr\/en\/\",\"name\":\"Unipatis\",\"description\":\"Unipatis Maison est une entreprise familiale sp\u00e9cialis\u00e9e dans la fabrication d&#039;ingr\u00e9dients p\u00e2tissiers et chocolatiers depuis quatre g\u00e9n\u00e9rations.\",\"publisher\":{\"@id\":\"https:\/\/www.unipatis.fr\/en\/#organization\"},\"potentialAction\":[{\"@type\":\"SearchAction\",\"target\":{\"@type\":\"EntryPoint\",\"urlTemplate\":\"https:\/\/www.unipatis.fr\/en\/?s={search_term_string}\"},\"query-input\":{\"@type\":\"PropertyValueSpecification\",\"valueRequired\":true,\"valueName\":\"search_term_string\"}}],\"inLanguage\":\"nl-NL\"},{\"@type\":\"Organization\",\"@id\":\"https:\/\/www.unipatis.fr\/en\/#organization\",\"name\":\"Unipatis\",\"url\":\"https:\/\/www.unipatis.fr\/en\/\",\"logo\":{\"@type\":\"ImageObject\",\"inLanguage\":\"nl-NL\",\"@id\":\"https:\/\/www.unipatis.fr\/en\/#\/schema\/logo\/image\/\",\"url\":\"https:\/\/www.unipatis.fr\/wp-content\/uploads\/2021\/10\/UNIPATIS_logo_flag_2021-1.svg\",\"contentUrl\":\"https:\/\/www.unipatis.fr\/wp-content\/uploads\/2021\/10\/UNIPATIS_logo_flag_2021-1.svg\",\"width\":150,\"height\":184,\"caption\":\"Unipatis\"},\"image\":{\"@id\":\"https:\/\/www.unipatis.fr\/en\/#\/schema\/logo\/image\/\"},\"sameAs\":[\"https:\/\/www.facebook.com\/unipatis\",\"https:\/\/www.instagram.com\/unipatis\",\"https:\/\/www.youtube.com\/@Unipatis\"]}]}<\/script>\n<!-- \/ Yoast SEO plugin. -->","yoast_head_json":{"title":"Juridische informatie - Unipatis","description":"Juridische kennisgeving Unipatis - Informatie over de uitgever van de site, hosting, intellectueel eigendom en gebruik. M\u00e9diapilote Caen, 80 Avenue de Thi\u00e8s, 14000 Caen.","robots":{"index":"index","follow":"follow","max-snippet":"max-snippet:-1","max-image-preview":"max-image-preview:large","max-video-preview":"max-video-preview:-1"},"canonical":"https:\/\/www.unipatis.fr\/nl\/juridische-informatie\/","og_locale":"nl_NL","og_type":"article","og_title":"Juridische informatie - Unipatis","og_description":"Juridische kennisgeving Unipatis - Informatie over de uitgever van de site, hosting, intellectueel eigendom en gebruik. M\u00e9diapilote Caen, 80 Avenue de Thi\u00e8s, 14000 Caen.","og_url":"https:\/\/www.unipatis.fr\/nl\/juridische-informatie\/","og_site_name":"Unipatis","article_publisher":"https:\/\/www.facebook.com\/unipatis","article_modified_time":"2025-12-16T08:37:22+00:00","twitter_card":"summary_large_image","twitter_misc":{"Geschatte leestijd":"3 minuten"},"schema":{"@context":"https:\/\/schema.org","@graph":[{"@type":"WebPage","@id":"https:\/\/www.unipatis.fr\/nl\/juridische-informatie\/","url":"https:\/\/www.unipatis.fr\/nl\/juridische-informatie\/","name":"Juridische informatie - Unipatis","isPartOf":{"@id":"https:\/\/www.unipatis.fr\/en\/#website"},"datePublished":"2024-08-23T15:27:22+00:00","dateModified":"2025-12-16T08:37:22+00:00","description":"Juridische kennisgeving Unipatis - Informatie over de uitgever van de site, hosting, intellectueel eigendom en gebruik. M\u00e9diapilote Caen, 80 Avenue de Thi\u00e8s, 14000 Caen.","breadcrumb":{"@id":"https:\/\/www.unipatis.fr\/nl\/juridische-informatie\/#breadcrumb"},"inLanguage":"nl-NL","potentialAction":[{"@type":"ReadAction","target":["https:\/\/www.unipatis.fr\/nl\/juridische-informatie\/"]}]},{"@type":"BreadcrumbList","@id":"https:\/\/www.unipatis.fr\/nl\/juridische-informatie\/#breadcrumb","itemListElement":[{"@type":"ListItem","position":1,"name":"Accueil","item":"https:\/\/www.unipatis.fr\/nl\/home\/"},{"@type":"ListItem","position":2,"name":"Juridische informatie"}]},{"@type":"WebSite","@id":"https:\/\/www.unipatis.fr\/en\/#website","url":"https:\/\/www.unipatis.fr\/en\/","name":"Unipatis","description":"Unipatis Maison est une entreprise familiale sp\u00e9cialis\u00e9e dans la fabrication d&#039;ingr\u00e9dients p\u00e2tissiers et chocolatiers depuis quatre g\u00e9n\u00e9rations.","publisher":{"@id":"https:\/\/www.unipatis.fr\/en\/#organization"},"potentialAction":[{"@type":"SearchAction","target":{"@type":"EntryPoint","urlTemplate":"https:\/\/www.unipatis.fr\/en\/?s={search_term_string}"},"query-input":{"@type":"PropertyValueSpecification","valueRequired":true,"valueName":"search_term_string"}}],"inLanguage":"nl-NL"},{"@type":"Organization","@id":"https:\/\/www.unipatis.fr\/en\/#organization","name":"Unipatis","url":"https:\/\/www.unipatis.fr\/en\/","logo":{"@type":"ImageObject","inLanguage":"nl-NL","@id":"https:\/\/www.unipatis.fr\/en\/#\/schema\/logo\/image\/","url":"https:\/\/www.unipatis.fr\/wp-content\/uploads\/2021\/10\/UNIPATIS_logo_flag_2021-1.svg","contentUrl":"https:\/\/www.unipatis.fr\/wp-content\/uploads\/2021\/10\/UNIPATIS_logo_flag_2021-1.svg","width":150,"height":184,"caption":"Unipatis"},"image":{"@id":"https:\/\/www.unipatis.fr\/en\/#\/schema\/logo\/image\/"},"sameAs":["https:\/\/www.facebook.com\/unipatis","https:\/\/www.instagram.com\/unipatis","https:\/\/www.youtube.com\/@Unipatis"]}]}},"_links":{"self":[{"href":"https:\/\/www.unipatis.fr\/nl\/wp-json\/wp\/v2\/pages\/17013","targetHints":{"allow":["GET"]}}],"collection":[{"href":"https:\/\/www.unipatis.fr\/nl\/wp-json\/wp\/v2\/pages"}],"about":[{"href":"https:\/\/www.unipatis.fr\/nl\/wp-json\/wp\/v2\/types\/page"}],"author":[{"embeddable":true,"href":"https:\/\/www.unipatis.fr\/nl\/wp-json\/wp\/v2\/users\/1"}],"replies":[{"embeddable":true,"href":"https:\/\/www.unipatis.fr\/nl\/wp-json\/wp\/v2\/comments?post=17013"}],"version-history":[{"count":2,"href":"https:\/\/www.unipatis.fr\/nl\/wp-json\/wp\/v2\/pages\/17013\/revisions"}],"predecessor-version":[{"id":30373,"href":"https:\/\/www.unipatis.fr\/nl\/wp-json\/wp\/v2\/pages\/17013\/revisions\/30373"}],"wp:attachment":[{"href":"https:\/\/www.unipatis.fr\/nl\/wp-json\/wp\/v2\/media?parent=17013"}],"curies":[{"name":"wp","href":"https:\/\/api.w.org\/{rel}","templated":true}]}}