{"id":17036,"date":"2024-08-23T17:27:34","date_gmt":"2024-08-23T15:27:34","guid":{"rendered":"https:\/\/www.unipatis.fr\/privacybeleid\/"},"modified":"2025-12-16T09:36:15","modified_gmt":"2025-12-16T08:36:15","slug":"privacybeleid","status":"publish","type":"page","link":"https:\/\/www.unipatis.fr\/nl\/privacybeleid\/","title":{"rendered":"Privacybeleid"},"content":{"rendered":"\t\t<div data-elementor-type=\"wp-page\" data-elementor-id=\"17036\" class=\"elementor elementor-17036 elementor-3\" data-elementor-post-type=\"page\">\n\t\t\t\t\t\t<section class=\"elementor-section elementor-top-section elementor-element elementor-element-e131709 elementor-section-boxed elementor-section-height-default elementor-section-height-default\" data-id=\"e131709\" data-element_type=\"section\" data-e-type=\"section\">\n\t\t\t\t\t\t<div class=\"elementor-container elementor-column-gap-default\">\n\t\t\t\t\t<div class=\"elementor-column elementor-col-100 elementor-top-column elementor-element elementor-element-f5a3367\" data-id=\"f5a3367\" data-element_type=\"column\" data-e-type=\"column\">\n\t\t\t<div class=\"elementor-widget-wrap elementor-element-populated\">\n\t\t\t\t\t\t<div class=\"elementor-element elementor-element-a996042 elementor-widget elementor-widget-text-editor\" data-id=\"a996042\" data-element_type=\"widget\" data-e-type=\"widget\" data-widget_type=\"text-editor.default\">\n\t\t\t\t<div class=\"elementor-widget-container\">\n\t\t\t\t\t\t\t\t\t<p>Over de site  <\/p><p>De site <span style=\"font-size: 1.5rem; font-family: -apple-system, system-ui, BlinkMacSystemFont, 'Segoe UI', Helvetica, Arial, sans-serif, 'Apple Color Emoji', 'Segoe UI Emoji', 'Segoe UI Symbol';\"> is eigendom van Mediapilote Caen<\/span><\/p><p>Publicatiemanager: Raphael Marieux<\/p><p>De site bevat een vragenlijst voor videoconferentie-afspraken  <\/p>\t\t\t\t\t\t\t\t<\/div>\n\t\t\t\t<\/div>\n\t\t\t\t<div class=\"elementor-element elementor-element-df9525b elementor-widget elementor-widget-heading\" data-id=\"df9525b\" data-element_type=\"widget\" data-e-type=\"widget\" data-widget_type=\"heading.default\">\n\t\t\t\t<div class=\"elementor-widget-container\">\n\t\t\t\t\t<h2 class=\"elementor-heading-title elementor-size-default\">Gegevensverzameling<\/h2>\t\t\t\t<\/div>\n\t\t\t\t<\/div>\n\t\t\t\t<div class=\"elementor-element elementor-element-b511feb elementor-widget elementor-widget-text-editor\" data-id=\"b511feb\" data-element_type=\"widget\" data-e-type=\"widget\" data-widget_type=\"text-editor.default\">\n\t\t\t\t<div class=\"elementor-widget-container\">\n\t\t\t\t\t\t\t\t\t<p>voert een aantal verwerkingen van persoonsgegevens uit om online functionaliteiten aan te bieden: Inschrijven voor videoconferenties georganiseerd door mediapilote Caen met behulp van een formulier.<\/p>\t\t\t\t\t\t\t\t<\/div>\n\t\t\t\t<\/div>\n\t\t\t\t<div class=\"elementor-element elementor-element-37fed67 elementor-widget elementor-widget-heading\" data-id=\"37fed67\" data-element_type=\"widget\" data-e-type=\"widget\" data-widget_type=\"heading.default\">\n\t\t\t\t<div class=\"elementor-widget-container\">\n\t\t\t\t\t<h2 class=\"elementor-heading-title elementor-size-default\">Meet het publiek op de site (Google Analytics-tool).<\/h2>\t\t\t\t<\/div>\n\t\t\t\t<\/div>\n\t\t\t\t<div class=\"elementor-element elementor-element-9660ac9 elementor-widget elementor-widget-text-editor\" data-id=\"9660ac9\" data-element_type=\"widget\" data-e-type=\"widget\" data-widget_type=\"text-editor.default\">\n\t\t\t\t<div class=\"elementor-widget-container\">\n\t\t\t\t\t\t\t\t\t<p>Er is geen publieksmeting op deze site.<\/p>\t\t\t\t\t\t\t\t<\/div>\n\t\t\t\t<\/div>\n\t\t\t\t<div class=\"elementor-element elementor-element-4a21977 elementor-widget elementor-widget-heading\" data-id=\"4a21977\" data-element_type=\"widget\" data-e-type=\"widget\" data-widget_type=\"heading.default\">\n\t\t\t\t<div class=\"elementor-widget-container\">\n\t\t\t\t\t<h2 class=\"elementor-heading-title elementor-size-default\">Hoe kan ik mijn gegevens wijzigen, bekijken, downloaden en verwijderen?<\/h2>\t\t\t\t<\/div>\n\t\t\t\t<\/div>\n\t\t\t\t<div class=\"elementor-element elementor-element-4481b40 elementor-widget elementor-widget-text-editor\" data-id=\"4481b40\" data-element_type=\"widget\" data-e-type=\"widget\" data-widget_type=\"text-editor.default\">\n\t\t\t\t<div class=\"elementor-widget-container\">\n\t\t\t\t\t\t\t\t\t<p><br><br>In overeenstemming met de artikelen 39 en volgende van de Franse wet nr. 78-17 van 6 januari 1978 over gegevensverwerking, gegevensbestanden en individuele vrijheden, hebt u het recht op toegang, rectificatie, wijziging, verzet en verwijdering van de gegevens die op u betrekking hebben. U kunt dit recht uitoefenen door contact met ons op te nemen via r.marieux@mediapilote.com of door een verzoek per post te sturen naar het volgende adres: Mediapilote<\/p><p>80 Laan van Thi\u00e8s<\/p><p>14000 Caen<\/p><p> <\/p>\t\t\t\t\t\t\t\t<\/div>\n\t\t\t\t<\/div>\n\t\t\t\t<div class=\"elementor-element elementor-element-3bc6e75 elementor-widget elementor-widget-heading\" data-id=\"3bc6e75\" data-element_type=\"widget\" data-e-type=\"widget\" data-widget_type=\"heading.default\">\n\t\t\t\t<div class=\"elementor-widget-container\">\n\t\t\t\t\t<h2 class=\"elementor-heading-title elementor-size-default\">Waar zijn je gegevens opgeslagen?<\/h2>\t\t\t\t<\/div>\n\t\t\t\t<\/div>\n\t\t\t\t<div class=\"elementor-element elementor-element-c0f7800 elementor-widget elementor-widget-text-editor\" data-id=\"c0f7800\" data-element_type=\"widget\" data-e-type=\"widget\" data-widget_type=\"text-editor.default\">\n\t\t\t\t<div class=\"elementor-widget-container\">\n\t\t\t\t\t\t\t\t\t<p>Alle persoonlijke gegevens van Mediapilote worden gehost door Medialibs in Frankrijk.<\/p>\t\t\t\t\t\t\t\t<\/div>\n\t\t\t\t<\/div>\n\t\t\t\t<div class=\"elementor-element elementor-element-b60f1c8 elementor-widget elementor-widget-heading\" data-id=\"b60f1c8\" data-element_type=\"widget\" data-e-type=\"widget\" data-widget_type=\"heading.default\">\n\t\t\t\t<div class=\"elementor-widget-container\">\n\t\t\t\t\t<h2 class=\"elementor-heading-title elementor-size-default\">Besturingselementen<\/h2>\t\t\t\t<\/div>\n\t\t\t\t<\/div>\n\t\t\t\t<div class=\"elementor-element elementor-element-5751405 elementor-widget elementor-widget-text-editor\" data-id=\"5751405\" data-element_type=\"widget\" data-e-type=\"widget\" data-widget_type=\"text-editor.default\">\n\t\t\t\t<div class=\"elementor-widget-container\">\n\t\t\t\t\t\t\t\t\tDe diensten aangeboden door een zijn onderhevig aan moderatie door de servicebeheerder.\t\t\t\t\t\t\t\t<\/div>\n\t\t\t\t<\/div>\n\t\t\t\t<div class=\"elementor-element elementor-element-7426863 elementor-widget elementor-widget-heading\" data-id=\"7426863\" data-element_type=\"widget\" data-e-type=\"widget\" data-widget_type=\"heading.default\">\n\t\t\t\t<div class=\"elementor-widget-container\">\n\t\t\t\t\t<h2 class=\"elementor-heading-title elementor-size-default\">Oproepen van derden<\/h2>\t\t\t\t<\/div>\n\t\t\t\t<\/div>\n\t\t\t\t<div class=\"elementor-element elementor-element-f29e196 elementor-widget elementor-widget-text-editor\" data-id=\"f29e196\" data-element_type=\"widget\" data-e-type=\"widget\" data-widget_type=\"text-editor.default\">\n\t\t\t\t<div class=\"elementor-widget-container\">\n\t\t\t\t\t\t\t\t\t<p>Er worden services van derden aangeroepen. Deze zijn noodzakelijk voor de goede werking van de site.<br>De services van derden die worden aangeroepen zijn : Youtube, Vimeo, jQuery, Dailymotion. Andere services van derden kunnen ook worden aangeroepen.  <\/p>\t\t\t\t\t\t\t\t<\/div>\n\t\t\t\t<\/div>\n\t\t\t\t<div class=\"elementor-element elementor-element-245cbe0 elementor-widget elementor-widget-heading\" data-id=\"245cbe0\" data-element_type=\"widget\" data-e-type=\"widget\" data-widget_type=\"heading.default\">\n\t\t\t\t<div class=\"elementor-widget-container\">\n\t\t\t\t\t<h2 class=\"elementor-heading-title elementor-size-default\">Back-ups en opslag van back-ups<\/h2>\t\t\t\t<\/div>\n\t\t\t\t<\/div>\n\t\t\t\t<div class=\"elementor-element elementor-element-78e8800 elementor-widget elementor-widget-text-editor\" data-id=\"78e8800\" data-element_type=\"widget\" data-e-type=\"widget\" data-widget_type=\"text-editor.default\">\n\t\t\t\t<div class=\"elementor-widget-container\">\n\t\t\t\t\t\t\t\t\tVan alle gegevens wordt elke dag een back-up gemaakt. Ze worden veilig opgeslagen op servers van Medialibs\nBovendien worden de gegevens die worden verzameld via de verwerking van persoonsgegevens op deze site niet doorgegeven buiten het grondgebied van de Europese Unie.\nBovendien worden de gegevens die via de site worden doorgegeven voortdurend gecontroleerd op veiligheid en vertrouwelijkheid. Toegang tot de backoffice van de site is mogelijk via logins en complexe wachtwoorden met sterke beveiliging. Hetzelfde geldt voor de mailbox, die de persoonlijke gegevens van gebruikers en klanten bevat.\nDe website brasseriedelavire.com is ook uitgerust met talloze beveiligingsmodules om kwaadaardige indringers en datalekken te voorkomen.\n\t\t\t\t\t\t\t\t<\/div>\n\t\t\t\t<\/div>\n\t\t\t\t<div class=\"elementor-element elementor-element-d92cbf1 elementor-widget elementor-widget-heading\" data-id=\"d92cbf1\" data-element_type=\"widget\" data-e-type=\"widget\" data-widget_type=\"heading.default\">\n\t\t\t\t<div class=\"elementor-widget-container\">\n\t\t\t\t\t<h2 class=\"elementor-heading-title elementor-size-default\">Beheer van cookies<\/h2>\t\t\t\t<\/div>\n\t\t\t\t<\/div>\n\t\t\t\t<div class=\"elementor-element elementor-element-d98f0ce elementor-widget elementor-widget-text-editor\" data-id=\"d98f0ce\" data-element_type=\"widget\" data-e-type=\"widget\" data-widget_type=\"text-editor.default\">\n\t\t\t\t<div class=\"elementor-widget-container\">\n\t\t\t\t\t\t\t\t\tWe gebruiken permanente cookies om de gebruikerservaring te verbeteren. Deze cookies worden op uw computer opgeslagen, zelfs nadat u uw browser hebt afgesloten, en worden opnieuw gebruikt wanneer u onze sites de volgende keer bezoekt. We gebruiken cookies ook om beter te begrijpen hoe u omgaat met onze sites en diensten en om ze te verbeteren.  \t\t\t\t\t\t\t\t<\/div>\n\t\t\t\t<\/div>\n\t\t\t\t<div class=\"elementor-element elementor-element-c85a669 elementor-widget elementor-widget-heading\" data-id=\"c85a669\" data-element_type=\"widget\" data-e-type=\"widget\" data-widget_type=\"heading.default\">\n\t\t\t\t<div class=\"elementor-widget-container\">\n\t\t\t\t\t<h2 class=\"elementor-heading-title elementor-size-default\">Welke soorten cookies worden op de site gebruikt?<\/h2>\t\t\t\t<\/div>\n\t\t\t\t<\/div>\n\t\t\t\t<div class=\"elementor-element elementor-element-6693045 elementor-widget elementor-widget-text-editor\" data-id=\"6693045\" data-element_type=\"widget\" data-e-type=\"widget\" data-widget_type=\"text-editor.default\">\n\t\t\t\t<div class=\"elementor-widget-container\">\n\t\t\t\t\t\t\t\t\tTechnische en navigatiecookies: deze cookies maken het makkelijker voor u om te navigeren tussen pagina&#8217;s op onze site. Ze zijn ook nodig om u te laten profiteren van bepaalde functies van onze sites en\/of diensten (account aanmaken, identificatie, enz.) en verlopen automatisch wanneer u uw browser sluit. Als u ervoor hebt gekozen om deze cookies via uw webbrowser uit te schakelen, kan de toegang tot onze diensten worden belemmerd. We raden u daarom aan om ze actief te laten om ten volle te profiteren van onze diensten en uw browsen op onze site.   \t\t\t\t\t\t\t\t<\/div>\n\t\t\t\t<\/div>\n\t\t\t\t<div class=\"elementor-element elementor-element-2a6c2f7 elementor-widget elementor-widget-heading\" data-id=\"2a6c2f7\" data-element_type=\"widget\" data-e-type=\"widget\" data-widget_type=\"heading.default\">\n\t\t\t\t<div class=\"elementor-widget-container\">\n\t\t\t\t\t<h2 class=\"elementor-heading-title elementor-size-default\">Sessiecookies op deze site :<\/h2>\t\t\t\t<\/div>\n\t\t\t\t<\/div>\n\t\t\t\t<div class=\"elementor-element elementor-element-9ecd8d6 elementor-widget elementor-widget-text-editor\" data-id=\"9ecd8d6\" data-element_type=\"widget\" data-e-type=\"widget\" data-widget_type=\"text-editor.default\">\n\t\t\t\t<div class=\"elementor-widget-container\">\n\t\t\t\t\t\t\t\t\tPHPSESSID : Sessiecookie specifiek voor PHP voor de duur van de sessie wordpress_* : Sessiecookies gebruikt door WordPress wp-settings* : WordPress personalisatie cookies Publieksmeting en browsing tracking cookie: Met deze cookie kunnen we anonieme statistische gegevens verzamelen over het aantal bezoekers van onze site om de bruikbaarheid ervan te verbeteren. _ga, _gat, _gid: Specifieke cookies voor Google Analytics (statistieken)\n\nVISITOR_INFO1_LIVE, YSC, PREF, GPS: Youtube cookies -&gt; .youtube.com\n\ncookieconsent_status, wordpress_test_cookie, : Cookies van de cookiegoedkeuringsmodule\n\nAlle informatie over het naleven van de Google Analytics T&amp;C&#8217;s vindt u hier.\n\nArtikelen op deze site kunnen ingesloten inhoud bevatten (bijv. video&#8217;s, afbeeldingen, artikelen, enz.). Inhoud die ge\u00efntegreerd is vanaf andere sites gedraagt zich op dezelfde manier alsof de bezoeker naar die andere site ging.\nDeze websites kunnen gegevens over u verzamelen, cookies gebruiken, trackingtools van derden insluiten en uw interacties met deze ingesloten inhoud bijhouden als u een account hebt die verbonden is met hun website.\n\t\t\t\t\t\t\t\t<\/div>\n\t\t\t\t<\/div>\n\t\t\t\t<div class=\"elementor-element elementor-element-fd37a1c elementor-widget elementor-widget-heading\" data-id=\"fd37a1c\" data-element_type=\"widget\" data-e-type=\"widget\" data-widget_type=\"heading.default\">\n\t\t\t\t<div class=\"elementor-widget-container\">\n\t\t\t\t\t<h2 class=\"elementor-heading-title elementor-size-default\">Cookies uitschakelen\/uitschakelen via uw browser<\/h2>\t\t\t\t<\/div>\n\t\t\t\t<\/div>\n\t\t\t\t<div class=\"elementor-element elementor-element-b290cb3 elementor-widget elementor-widget-text-editor\" data-id=\"b290cb3\" data-element_type=\"widget\" data-e-type=\"widget\" data-widget_type=\"text-editor.default\">\n\t\t\t\t<div class=\"elementor-widget-container\">\n\t\t\t\t\t\t\t\t\tEr zijn een aantal manieren waarop u cookies en andere trackingtechnologie\u00ebn kunt beheren. U kunt cookies accepteren of weigeren door uw browserinstellingen aan te passen of door uw browser om bevestiging te laten vragen voordat u een cookie accepteert van de websites die u bezoekt. Houd er rekening mee dat als u ervoor kiest om cookies volledig uit te schakelen, u mogelijk niet al onze functies kunt gebruiken.\nAls u meerdere computers op verschillende locaties gebruikt, moet u ervoor zorgen dat elke browser is ingesteld volgens uw voorkeuren.\nU kunt alle cookies verwijderen die zijn ge\u00efnstalleerd in de cookie-map van uw browser. Elke browser biedt verschillende procedures voor het beheren van je instellingen. Klik op een van de onderstaande browserlinks om de instructies te raadplegen.\nMicrosoft Internet Explorer\n\nGoogle Chrome\n\nMozilla Firefox\n\nAls u geen van de bovenstaande browsers gebruikt, moet u de optie &#8220;cookies&#8221; selecteren in de &#8220;Help&#8221;-functie om informatie te verkrijgen over de locatie van uw cookie-map.\n\t\t\t\t\t\t\t\t<\/div>\n\t\t\t\t<\/div>\n\t\t\t\t\t<\/div>\n\t\t<\/div>\n\t\t\t\t\t<\/div>\n\t\t<\/section>\n\t\t\t\t<\/div>\n\t\t","protected":false},"excerpt":{"rendered":"<p>Over de site De site is eigendom van Mediapilote Caen Publicatiemanager: Raphael Marieux De site bevat een vragenlijst voor videoconferentie-afspraken Gegevensverzameling voert een aantal verwerkingen van persoonsgegevens uit om online functionaliteiten aan te bieden: Inschrijven voor videoconferenties georganiseerd door mediapilote Caen met behulp van een formulier. Meet het publiek op de site (Google Analytics-tool). Er &#8230; <a title=\"Privacybeleid\" class=\"read-more\" href=\"https:\/\/www.unipatis.fr\/nl\/privacybeleid\/\" aria-label=\"Lees meer over Privacybeleid\">Lees meer<\/a><\/p>\n","protected":false},"author":1,"featured_media":0,"parent":0,"menu_order":0,"comment_status":"closed","ping_status":"open","template":"","meta":{"_acf_changed":false,"inline_featured_image":false,"footnotes":""},"class_list":["post-17036","page","type-page","status-publish"],"acf":[],"yoast_head":"<!-- This site is optimized with the Yoast SEO plugin v27.2 - https:\/\/yoast.com\/product\/yoast-seo-wordpress\/ -->\n<title>Privacybeleid - Unipatis<\/title>\n<meta name=\"description\" content=\"Unipatis privacybeleid: lees hoe we je persoonlijke gegevens beschermen in overeenstemming met de RGPD. Transparantie en veiligheid gegarandeerd.\" \/>\n<meta name=\"robots\" content=\"index, follow, max-snippet:-1, max-image-preview:large, max-video-preview:-1\" \/>\n<link rel=\"canonical\" href=\"https:\/\/www.unipatis.fr\/nl\/privacybeleid\/\" \/>\n<meta property=\"og:locale\" content=\"nl_NL\" \/>\n<meta property=\"og:type\" content=\"article\" \/>\n<meta property=\"og:title\" content=\"Privacybeleid - Unipatis\" \/>\n<meta property=\"og:description\" content=\"Unipatis privacybeleid: lees hoe we je persoonlijke gegevens beschermen in overeenstemming met de RGPD. Transparantie en veiligheid gegarandeerd.\" \/>\n<meta property=\"og:url\" content=\"https:\/\/www.unipatis.fr\/nl\/privacybeleid\/\" \/>\n<meta property=\"og:site_name\" content=\"Unipatis\" \/>\n<meta property=\"article:publisher\" content=\"https:\/\/www.facebook.com\/unipatis\" \/>\n<meta property=\"article:modified_time\" content=\"2025-12-16T08:36:15+00:00\" \/>\n<meta name=\"twitter:card\" content=\"summary_large_image\" \/>\n<meta name=\"twitter:label1\" content=\"Geschatte leestijd\" \/>\n\t<meta name=\"twitter:data1\" content=\"4 minuten\" \/>\n<script type=\"application\/ld+json\" class=\"yoast-schema-graph\">{\"@context\":\"https:\/\/schema.org\",\"@graph\":[{\"@type\":\"WebPage\",\"@id\":\"https:\/\/www.unipatis.fr\/nl\/privacybeleid\/\",\"url\":\"https:\/\/www.unipatis.fr\/nl\/privacybeleid\/\",\"name\":\"Privacybeleid - Unipatis\",\"isPartOf\":{\"@id\":\"https:\/\/www.unipatis.fr\/en\/#website\"},\"datePublished\":\"2024-08-23T15:27:34+00:00\",\"dateModified\":\"2025-12-16T08:36:15+00:00\",\"description\":\"Unipatis privacybeleid: lees hoe we je persoonlijke gegevens beschermen in overeenstemming met de RGPD. Transparantie en veiligheid gegarandeerd.\",\"breadcrumb\":{\"@id\":\"https:\/\/www.unipatis.fr\/nl\/privacybeleid\/#breadcrumb\"},\"inLanguage\":\"nl-NL\",\"potentialAction\":[{\"@type\":\"ReadAction\",\"target\":[\"https:\/\/www.unipatis.fr\/nl\/privacybeleid\/\"]}]},{\"@type\":\"BreadcrumbList\",\"@id\":\"https:\/\/www.unipatis.fr\/nl\/privacybeleid\/#breadcrumb\",\"itemListElement\":[{\"@type\":\"ListItem\",\"position\":1,\"name\":\"Accueil\",\"item\":\"https:\/\/www.unipatis.fr\/nl\/home\/\"},{\"@type\":\"ListItem\",\"position\":2,\"name\":\"Privacybeleid\"}]},{\"@type\":\"WebSite\",\"@id\":\"https:\/\/www.unipatis.fr\/en\/#website\",\"url\":\"https:\/\/www.unipatis.fr\/en\/\",\"name\":\"Unipatis\",\"description\":\"Unipatis Maison est une entreprise familiale sp\u00e9cialis\u00e9e dans la fabrication d&#039;ingr\u00e9dients p\u00e2tissiers et chocolatiers depuis quatre g\u00e9n\u00e9rations.\",\"publisher\":{\"@id\":\"https:\/\/www.unipatis.fr\/en\/#organization\"},\"potentialAction\":[{\"@type\":\"SearchAction\",\"target\":{\"@type\":\"EntryPoint\",\"urlTemplate\":\"https:\/\/www.unipatis.fr\/en\/?s={search_term_string}\"},\"query-input\":{\"@type\":\"PropertyValueSpecification\",\"valueRequired\":true,\"valueName\":\"search_term_string\"}}],\"inLanguage\":\"nl-NL\"},{\"@type\":\"Organization\",\"@id\":\"https:\/\/www.unipatis.fr\/en\/#organization\",\"name\":\"Unipatis\",\"url\":\"https:\/\/www.unipatis.fr\/en\/\",\"logo\":{\"@type\":\"ImageObject\",\"inLanguage\":\"nl-NL\",\"@id\":\"https:\/\/www.unipatis.fr\/en\/#\/schema\/logo\/image\/\",\"url\":\"https:\/\/www.unipatis.fr\/wp-content\/uploads\/2021\/10\/UNIPATIS_logo_flag_2021-1.svg\",\"contentUrl\":\"https:\/\/www.unipatis.fr\/wp-content\/uploads\/2021\/10\/UNIPATIS_logo_flag_2021-1.svg\",\"width\":150,\"height\":184,\"caption\":\"Unipatis\"},\"image\":{\"@id\":\"https:\/\/www.unipatis.fr\/en\/#\/schema\/logo\/image\/\"},\"sameAs\":[\"https:\/\/www.facebook.com\/unipatis\",\"https:\/\/www.instagram.com\/unipatis\",\"https:\/\/www.youtube.com\/@Unipatis\"]}]}<\/script>\n<!-- \/ Yoast SEO plugin. -->","yoast_head_json":{"title":"Privacybeleid - Unipatis","description":"Unipatis privacybeleid: lees hoe we je persoonlijke gegevens beschermen in overeenstemming met de RGPD. Transparantie en veiligheid gegarandeerd.","robots":{"index":"index","follow":"follow","max-snippet":"max-snippet:-1","max-image-preview":"max-image-preview:large","max-video-preview":"max-video-preview:-1"},"canonical":"https:\/\/www.unipatis.fr\/nl\/privacybeleid\/","og_locale":"nl_NL","og_type":"article","og_title":"Privacybeleid - Unipatis","og_description":"Unipatis privacybeleid: lees hoe we je persoonlijke gegevens beschermen in overeenstemming met de RGPD. Transparantie en veiligheid gegarandeerd.","og_url":"https:\/\/www.unipatis.fr\/nl\/privacybeleid\/","og_site_name":"Unipatis","article_publisher":"https:\/\/www.facebook.com\/unipatis","article_modified_time":"2025-12-16T08:36:15+00:00","twitter_card":"summary_large_image","twitter_misc":{"Geschatte leestijd":"4 minuten"},"schema":{"@context":"https:\/\/schema.org","@graph":[{"@type":"WebPage","@id":"https:\/\/www.unipatis.fr\/nl\/privacybeleid\/","url":"https:\/\/www.unipatis.fr\/nl\/privacybeleid\/","name":"Privacybeleid - Unipatis","isPartOf":{"@id":"https:\/\/www.unipatis.fr\/en\/#website"},"datePublished":"2024-08-23T15:27:34+00:00","dateModified":"2025-12-16T08:36:15+00:00","description":"Unipatis privacybeleid: lees hoe we je persoonlijke gegevens beschermen in overeenstemming met de RGPD. Transparantie en veiligheid gegarandeerd.","breadcrumb":{"@id":"https:\/\/www.unipatis.fr\/nl\/privacybeleid\/#breadcrumb"},"inLanguage":"nl-NL","potentialAction":[{"@type":"ReadAction","target":["https:\/\/www.unipatis.fr\/nl\/privacybeleid\/"]}]},{"@type":"BreadcrumbList","@id":"https:\/\/www.unipatis.fr\/nl\/privacybeleid\/#breadcrumb","itemListElement":[{"@type":"ListItem","position":1,"name":"Accueil","item":"https:\/\/www.unipatis.fr\/nl\/home\/"},{"@type":"ListItem","position":2,"name":"Privacybeleid"}]},{"@type":"WebSite","@id":"https:\/\/www.unipatis.fr\/en\/#website","url":"https:\/\/www.unipatis.fr\/en\/","name":"Unipatis","description":"Unipatis Maison est une entreprise familiale sp\u00e9cialis\u00e9e dans la fabrication d&#039;ingr\u00e9dients p\u00e2tissiers et chocolatiers depuis quatre g\u00e9n\u00e9rations.","publisher":{"@id":"https:\/\/www.unipatis.fr\/en\/#organization"},"potentialAction":[{"@type":"SearchAction","target":{"@type":"EntryPoint","urlTemplate":"https:\/\/www.unipatis.fr\/en\/?s={search_term_string}"},"query-input":{"@type":"PropertyValueSpecification","valueRequired":true,"valueName":"search_term_string"}}],"inLanguage":"nl-NL"},{"@type":"Organization","@id":"https:\/\/www.unipatis.fr\/en\/#organization","name":"Unipatis","url":"https:\/\/www.unipatis.fr\/en\/","logo":{"@type":"ImageObject","inLanguage":"nl-NL","@id":"https:\/\/www.unipatis.fr\/en\/#\/schema\/logo\/image\/","url":"https:\/\/www.unipatis.fr\/wp-content\/uploads\/2021\/10\/UNIPATIS_logo_flag_2021-1.svg","contentUrl":"https:\/\/www.unipatis.fr\/wp-content\/uploads\/2021\/10\/UNIPATIS_logo_flag_2021-1.svg","width":150,"height":184,"caption":"Unipatis"},"image":{"@id":"https:\/\/www.unipatis.fr\/en\/#\/schema\/logo\/image\/"},"sameAs":["https:\/\/www.facebook.com\/unipatis","https:\/\/www.instagram.com\/unipatis","https:\/\/www.youtube.com\/@Unipatis"]}]}},"_links":{"self":[{"href":"https:\/\/www.unipatis.fr\/nl\/wp-json\/wp\/v2\/pages\/17036","targetHints":{"allow":["GET"]}}],"collection":[{"href":"https:\/\/www.unipatis.fr\/nl\/wp-json\/wp\/v2\/pages"}],"about":[{"href":"https:\/\/www.unipatis.fr\/nl\/wp-json\/wp\/v2\/types\/page"}],"author":[{"embeddable":true,"href":"https:\/\/www.unipatis.fr\/nl\/wp-json\/wp\/v2\/users\/1"}],"replies":[{"embeddable":true,"href":"https:\/\/www.unipatis.fr\/nl\/wp-json\/wp\/v2\/comments?post=17036"}],"version-history":[{"count":2,"href":"https:\/\/www.unipatis.fr\/nl\/wp-json\/wp\/v2\/pages\/17036\/revisions"}],"predecessor-version":[{"id":30369,"href":"https:\/\/www.unipatis.fr\/nl\/wp-json\/wp\/v2\/pages\/17036\/revisions\/30369"}],"wp:attachment":[{"href":"https:\/\/www.unipatis.fr\/nl\/wp-json\/wp\/v2\/media?parent=17036"}],"curies":[{"name":"wp","href":"https:\/\/api.w.org\/{rel}","templated":true}]}}