{"id":12593,"date":"2022-07-04T11:00:47","date_gmt":"2022-07-04T09:00:47","guid":{"rendered":"https:\/\/www.unipatis.fr\/produit\/gemodificeerd-maiszetmeel\/"},"modified":"2026-04-12T08:24:48","modified_gmt":"2026-04-12T06:24:48","slug":"gemodificeerd-maiszetmeel","status":"publish","type":"product","link":"https:\/\/www.unipatis.fr\/nl\/produit\/gemodificeerd-maiszetmeel\/","title":{"rendered":"GEMODIFICEERD MA\u00cfSZETMEEL"},"content":{"rendered":"<p>Gemodificeerd ma\u00efszetmeel is een geleermiddel dat consistentie toevoegt aan bijvoorbeeld sauzen. Met dit gemodificeerde zetmeelpoeder kunnen vloeistoffen koud worden gebonden. Deze bereiding is ideaal voor stevige vullingen en toppings.<\/p>\n","protected":false},"excerpt":{"rendered":"<p>Gemodificeerd ma\u00efszetmeel is een geleermiddel dat consistentie toevoegt aan bijvoorbeeld sauzen. Dit gemodificeerde zetmeelpoeder kan worden gebruikt als koud bindmiddel voor vloeistoffen. Dit preparaat is ideaal voor het maken van vullingen, roomtoetjes en stevige toppings in de banketbakkerij.  <\/p>\n","protected":false},"featured_media":21876,"comment_status":"closed","ping_status":"closed","template":"","meta":{"_acf_changed":false,"inline_featured_image":false},"product_brand":[],"product_cat":[466,477],"product_tag":[],"class_list":{"0":"post-12593","1":"product","2":"type-product","3":"status-publish","4":"has-post-thumbnail","6":"product_cat-12-technische-ingredienten","7":"product_cat-texturisers","8":"sales-flash-overlay","9":"woocommerce-text-align-center","10":"woocommerce-image-align-center","11":"do-quantity-buttons","13":"first","14":"instock","15":"product-type-simple"},"acf":[],"yoast_head":"<!-- This site is optimized with the Yoast SEO plugin v27.2 - https:\/\/yoast.com\/product\/yoast-seo-wordpress\/ -->\n<title>GEMODIFICEERD MA\u00cfSZETMEEL - Unipatis<\/title>\n<meta name=\"description\" content=\"Gemodificeerd ma\u00efszetmeel dat consistentie geeft aan bijvoorbeeld sauzen. Deze bereiding is ideaal voor het verkrijgen van stevige vullingen en toppings.\" \/>\n<meta name=\"robots\" content=\"index, follow, max-snippet:-1, max-image-preview:large, max-video-preview:-1\" \/>\n<link rel=\"canonical\" href=\"https:\/\/www.unipatis.fr\/nl\/produit\/gemodificeerd-maiszetmeel\/\" \/>\n<meta property=\"og:locale\" content=\"nl_NL\" \/>\n<meta property=\"og:type\" content=\"article\" \/>\n<meta property=\"og:title\" content=\"GEMODIFICEERD MA\u00cfSZETMEEL - Unipatis\" \/>\n<meta property=\"og:description\" content=\"Gemodificeerd ma\u00efszetmeel dat consistentie geeft aan bijvoorbeeld sauzen. Deze bereiding is ideaal voor het verkrijgen van stevige vullingen en toppings.\" \/>\n<meta property=\"og:url\" content=\"https:\/\/www.unipatis.fr\/nl\/produit\/gemodificeerd-maiszetmeel\/\" \/>\n<meta property=\"og:site_name\" content=\"Unipatis\" \/>\n<meta property=\"article:publisher\" content=\"https:\/\/www.facebook.com\/unipatis\" \/>\n<meta property=\"article:modified_time\" content=\"2026-04-12T06:24:48+00:00\" \/>\n<meta property=\"og:image\" content=\"https:\/\/www.unipatis.fr\/wp-content\/uploads\/2022\/07\/POT_Amidon_modifie_de_mais_1kg_octobre2024.png\" \/>\n\t<meta property=\"og:image:width\" content=\"1261\" \/>\n\t<meta property=\"og:image:height\" content=\"1179\" \/>\n\t<meta property=\"og:image:type\" content=\"image\/png\" \/>\n<meta name=\"twitter:card\" content=\"summary_large_image\" \/>\n<script type=\"application\/ld+json\" class=\"yoast-schema-graph\">{\"@context\":\"https:\/\/schema.org\",\"@graph\":[{\"@type\":\"WebPage\",\"@id\":\"https:\/\/www.unipatis.fr\/nl\/produit\/gemodificeerd-maiszetmeel\/\",\"url\":\"https:\/\/www.unipatis.fr\/nl\/produit\/gemodificeerd-maiszetmeel\/\",\"name\":\"GEMODIFICEERD MA\u00cfSZETMEEL - Unipatis\",\"isPartOf\":{\"@id\":\"https:\/\/www.unipatis.fr\/en\/#website\"},\"primaryImageOfPage\":{\"@id\":\"https:\/\/www.unipatis.fr\/nl\/produit\/gemodificeerd-maiszetmeel\/#primaryimage\"},\"image\":{\"@id\":\"https:\/\/www.unipatis.fr\/nl\/produit\/gemodificeerd-maiszetmeel\/#primaryimage\"},\"thumbnailUrl\":\"https:\/\/www.unipatis.fr\/wp-content\/uploads\/2022\/07\/POT_Amidon_modifie_de_mais_1kg_octobre2024.png\",\"datePublished\":\"2022-07-04T09:00:47+00:00\",\"dateModified\":\"2026-04-12T06:24:48+00:00\",\"description\":\"Gemodificeerd ma\u00efszetmeel dat consistentie geeft aan bijvoorbeeld sauzen. Deze bereiding is ideaal voor het verkrijgen van stevige vullingen en toppings.\",\"breadcrumb\":{\"@id\":\"https:\/\/www.unipatis.fr\/nl\/produit\/gemodificeerd-maiszetmeel\/#breadcrumb\"},\"inLanguage\":\"nl-NL\",\"potentialAction\":[{\"@type\":\"ReadAction\",\"target\":[\"https:\/\/www.unipatis.fr\/nl\/produit\/gemodificeerd-maiszetmeel\/\"]}]},{\"@type\":\"ImageObject\",\"inLanguage\":\"nl-NL\",\"@id\":\"https:\/\/www.unipatis.fr\/nl\/produit\/gemodificeerd-maiszetmeel\/#primaryimage\",\"url\":\"https:\/\/www.unipatis.fr\/wp-content\/uploads\/2022\/07\/POT_Amidon_modifie_de_mais_1kg_octobre2024.png\",\"contentUrl\":\"https:\/\/www.unipatis.fr\/wp-content\/uploads\/2022\/07\/POT_Amidon_modifie_de_mais_1kg_octobre2024.png\",\"width\":1261,\"height\":1179,\"caption\":\"Unipatis_gemodificeerd_ma\u00efszetmeel\"},{\"@type\":\"BreadcrumbList\",\"@id\":\"https:\/\/www.unipatis.fr\/nl\/produit\/gemodificeerd-maiszetmeel\/#breadcrumb\",\"itemListElement\":[{\"@type\":\"ListItem\",\"position\":1,\"name\":\"Accueil\",\"item\":\"https:\/\/www.unipatis.fr\/nl\/home\/\"},{\"@type\":\"ListItem\",\"position\":2,\"name\":\"Winkel op\",\"item\":\"https:\/\/www.unipatis.fr\/nl\/winkel-op\/\"},{\"@type\":\"ListItem\",\"position\":3,\"name\":\"GEMODIFICEERD MA\u00cfSZETMEEL\"}]},{\"@type\":\"WebSite\",\"@id\":\"https:\/\/www.unipatis.fr\/en\/#website\",\"url\":\"https:\/\/www.unipatis.fr\/en\/\",\"name\":\"Unipatis\",\"description\":\"Unipatis Maison est une entreprise familiale sp\u00e9cialis\u00e9e dans la fabrication d&#039;ingr\u00e9dients p\u00e2tissiers et chocolatiers depuis quatre g\u00e9n\u00e9rations.\",\"publisher\":{\"@id\":\"https:\/\/www.unipatis.fr\/en\/#organization\"},\"potentialAction\":[{\"@type\":\"SearchAction\",\"target\":{\"@type\":\"EntryPoint\",\"urlTemplate\":\"https:\/\/www.unipatis.fr\/en\/?s={search_term_string}\"},\"query-input\":{\"@type\":\"PropertyValueSpecification\",\"valueRequired\":true,\"valueName\":\"search_term_string\"}}],\"inLanguage\":\"nl-NL\"},{\"@type\":\"Organization\",\"@id\":\"https:\/\/www.unipatis.fr\/en\/#organization\",\"name\":\"Unipatis\",\"url\":\"https:\/\/www.unipatis.fr\/en\/\",\"logo\":{\"@type\":\"ImageObject\",\"inLanguage\":\"nl-NL\",\"@id\":\"https:\/\/www.unipatis.fr\/en\/#\/schema\/logo\/image\/\",\"url\":\"https:\/\/www.unipatis.fr\/wp-content\/uploads\/2021\/10\/UNIPATIS_logo_flag_2021-1.svg\",\"contentUrl\":\"https:\/\/www.unipatis.fr\/wp-content\/uploads\/2021\/10\/UNIPATIS_logo_flag_2021-1.svg\",\"width\":150,\"height\":184,\"caption\":\"Unipatis\"},\"image\":{\"@id\":\"https:\/\/www.unipatis.fr\/en\/#\/schema\/logo\/image\/\"},\"sameAs\":[\"https:\/\/www.facebook.com\/unipatis\",\"https:\/\/www.instagram.com\/unipatis\",\"https:\/\/www.youtube.com\/@Unipatis\"]}]}<\/script>\n<!-- \/ Yoast SEO plugin. -->","yoast_head_json":{"title":"GEMODIFICEERD MA\u00cfSZETMEEL - Unipatis","description":"Gemodificeerd ma\u00efszetmeel dat consistentie geeft aan bijvoorbeeld sauzen. Deze bereiding is ideaal voor het verkrijgen van stevige vullingen en toppings.","robots":{"index":"index","follow":"follow","max-snippet":"max-snippet:-1","max-image-preview":"max-image-preview:large","max-video-preview":"max-video-preview:-1"},"canonical":"https:\/\/www.unipatis.fr\/nl\/produit\/gemodificeerd-maiszetmeel\/","og_locale":"nl_NL","og_type":"article","og_title":"GEMODIFICEERD MA\u00cfSZETMEEL - Unipatis","og_description":"Gemodificeerd ma\u00efszetmeel dat consistentie geeft aan bijvoorbeeld sauzen. Deze bereiding is ideaal voor het verkrijgen van stevige vullingen en toppings.","og_url":"https:\/\/www.unipatis.fr\/nl\/produit\/gemodificeerd-maiszetmeel\/","og_site_name":"Unipatis","article_publisher":"https:\/\/www.facebook.com\/unipatis","article_modified_time":"2026-04-12T06:24:48+00:00","og_image":[{"width":1261,"height":1179,"url":"https:\/\/www.unipatis.fr\/wp-content\/uploads\/2022\/07\/POT_Amidon_modifie_de_mais_1kg_octobre2024.png","type":"image\/png"}],"twitter_card":"summary_large_image","schema":{"@context":"https:\/\/schema.org","@graph":[{"@type":"WebPage","@id":"https:\/\/www.unipatis.fr\/nl\/produit\/gemodificeerd-maiszetmeel\/","url":"https:\/\/www.unipatis.fr\/nl\/produit\/gemodificeerd-maiszetmeel\/","name":"GEMODIFICEERD MA\u00cfSZETMEEL - Unipatis","isPartOf":{"@id":"https:\/\/www.unipatis.fr\/en\/#website"},"primaryImageOfPage":{"@id":"https:\/\/www.unipatis.fr\/nl\/produit\/gemodificeerd-maiszetmeel\/#primaryimage"},"image":{"@id":"https:\/\/www.unipatis.fr\/nl\/produit\/gemodificeerd-maiszetmeel\/#primaryimage"},"thumbnailUrl":"https:\/\/www.unipatis.fr\/wp-content\/uploads\/2022\/07\/POT_Amidon_modifie_de_mais_1kg_octobre2024.png","datePublished":"2022-07-04T09:00:47+00:00","dateModified":"2026-04-12T06:24:48+00:00","description":"Gemodificeerd ma\u00efszetmeel dat consistentie geeft aan bijvoorbeeld sauzen. Deze bereiding is ideaal voor het verkrijgen van stevige vullingen en toppings.","breadcrumb":{"@id":"https:\/\/www.unipatis.fr\/nl\/produit\/gemodificeerd-maiszetmeel\/#breadcrumb"},"inLanguage":"nl-NL","potentialAction":[{"@type":"ReadAction","target":["https:\/\/www.unipatis.fr\/nl\/produit\/gemodificeerd-maiszetmeel\/"]}]},{"@type":"ImageObject","inLanguage":"nl-NL","@id":"https:\/\/www.unipatis.fr\/nl\/produit\/gemodificeerd-maiszetmeel\/#primaryimage","url":"https:\/\/www.unipatis.fr\/wp-content\/uploads\/2022\/07\/POT_Amidon_modifie_de_mais_1kg_octobre2024.png","contentUrl":"https:\/\/www.unipatis.fr\/wp-content\/uploads\/2022\/07\/POT_Amidon_modifie_de_mais_1kg_octobre2024.png","width":1261,"height":1179,"caption":"Unipatis_gemodificeerd_ma\u00efszetmeel"},{"@type":"BreadcrumbList","@id":"https:\/\/www.unipatis.fr\/nl\/produit\/gemodificeerd-maiszetmeel\/#breadcrumb","itemListElement":[{"@type":"ListItem","position":1,"name":"Accueil","item":"https:\/\/www.unipatis.fr\/nl\/home\/"},{"@type":"ListItem","position":2,"name":"Winkel op","item":"https:\/\/www.unipatis.fr\/nl\/winkel-op\/"},{"@type":"ListItem","position":3,"name":"GEMODIFICEERD MA\u00cfSZETMEEL"}]},{"@type":"WebSite","@id":"https:\/\/www.unipatis.fr\/en\/#website","url":"https:\/\/www.unipatis.fr\/en\/","name":"Unipatis","description":"Unipatis Maison est une entreprise familiale sp\u00e9cialis\u00e9e dans la fabrication d&#039;ingr\u00e9dients p\u00e2tissiers et chocolatiers depuis quatre g\u00e9n\u00e9rations.","publisher":{"@id":"https:\/\/www.unipatis.fr\/en\/#organization"},"potentialAction":[{"@type":"SearchAction","target":{"@type":"EntryPoint","urlTemplate":"https:\/\/www.unipatis.fr\/en\/?s={search_term_string}"},"query-input":{"@type":"PropertyValueSpecification","valueRequired":true,"valueName":"search_term_string"}}],"inLanguage":"nl-NL"},{"@type":"Organization","@id":"https:\/\/www.unipatis.fr\/en\/#organization","name":"Unipatis","url":"https:\/\/www.unipatis.fr\/en\/","logo":{"@type":"ImageObject","inLanguage":"nl-NL","@id":"https:\/\/www.unipatis.fr\/en\/#\/schema\/logo\/image\/","url":"https:\/\/www.unipatis.fr\/wp-content\/uploads\/2021\/10\/UNIPATIS_logo_flag_2021-1.svg","contentUrl":"https:\/\/www.unipatis.fr\/wp-content\/uploads\/2021\/10\/UNIPATIS_logo_flag_2021-1.svg","width":150,"height":184,"caption":"Unipatis"},"image":{"@id":"https:\/\/www.unipatis.fr\/en\/#\/schema\/logo\/image\/"},"sameAs":["https:\/\/www.facebook.com\/unipatis","https:\/\/www.instagram.com\/unipatis","https:\/\/www.youtube.com\/@Unipatis"]}]}},"_links":{"self":[{"href":"https:\/\/www.unipatis.fr\/nl\/wp-json\/wp\/v2\/product\/12593","targetHints":{"allow":["GET"]}}],"collection":[{"href":"https:\/\/www.unipatis.fr\/nl\/wp-json\/wp\/v2\/product"}],"about":[{"href":"https:\/\/www.unipatis.fr\/nl\/wp-json\/wp\/v2\/types\/product"}],"replies":[{"embeddable":true,"href":"https:\/\/www.unipatis.fr\/nl\/wp-json\/wp\/v2\/comments?post=12593"}],"version-history":[{"count":3,"href":"https:\/\/www.unipatis.fr\/nl\/wp-json\/wp\/v2\/product\/12593\/revisions"}],"predecessor-version":[{"id":30410,"href":"https:\/\/www.unipatis.fr\/nl\/wp-json\/wp\/v2\/product\/12593\/revisions\/30410"}],"wp:featuredmedia":[{"embeddable":true,"href":"https:\/\/www.unipatis.fr\/nl\/wp-json\/wp\/v2\/media\/21876"}],"wp:attachment":[{"href":"https:\/\/www.unipatis.fr\/nl\/wp-json\/wp\/v2\/media?parent=12593"}],"wp:term":[{"taxonomy":"product_brand","embeddable":true,"href":"https:\/\/www.unipatis.fr\/nl\/wp-json\/wp\/v2\/product_brand?post=12593"},{"taxonomy":"product_cat","embeddable":true,"href":"https:\/\/www.unipatis.fr\/nl\/wp-json\/wp\/v2\/product_cat?post=12593"},{"taxonomy":"product_tag","embeddable":true,"href":"https:\/\/www.unipatis.fr\/nl\/wp-json\/wp\/v2\/product_tag?post=12593"}],"curies":[{"name":"wp","href":"https:\/\/api.w.org\/{rel}","templated":true}]}}