{"id":13271,"date":"2022-02-11T12:11:45","date_gmt":"2022-02-11T11:11:45","guid":{"rendered":"https:\/\/www.unipatis.fr\/produit\/tartilove-broodbeleg-amandel-hazelnoot-60\/"},"modified":"2026-04-09T10:32:44","modified_gmt":"2026-04-09T08:32:44","slug":"tartilove-broodbeleg-amandel-hazelnoot-60","status":"publish","type":"product","link":"https:\/\/www.unipatis.fr\/nl\/produit\/tartilove-broodbeleg-amandel-hazelnoot-60\/","title":{"rendered":"Tarti&#8217;Love broodbeleg &#8211; Amandel &amp; hazelnoot (60%)"},"content":{"rendered":"","protected":false},"excerpt":{"rendered":"<p>Een spread gemaakt met de beste ingredi\u00ebnten: geroosterde amandelen en hazelnoten, cacaopoeder, kokosmelk. Geen palmolie, geen toegevoegde olie, geen conserveringsmiddelen. <\/p>\n","protected":false},"featured_media":29839,"comment_status":"closed","ping_status":"closed","template":"","meta":{"_acf_changed":false,"inline_featured_image":false},"product_brand":[],"product_cat":[435],"product_tag":[],"class_list":{"0":"post-13271","1":"product","2":"type-product","3":"status-publish","4":"has-post-thumbnail","6":"product_cat-24-winkelformaten","7":"sales-flash-overlay","8":"woocommerce-text-align-center","9":"woocommerce-image-align-center","10":"do-quantity-buttons","12":"first","13":"instock","14":"product-type-simple"},"acf":[],"yoast_head":"<!-- This site is optimized with the Yoast SEO plugin v27.2 - https:\/\/yoast.com\/product\/yoast-seo-wordpress\/ -->\n<title>Tarti&#039;Love broodbeleg - Amandel &amp; hazelnoot (60%) - Unipatis<\/title>\n<meta name=\"description\" content=\"Ambachtelijk 60% geroosterde amandel-hazelnootpasta, zonder palmolie, met kokosmelk. Veganistisch, Made in France. 300g kuipje. Authentieke smaak!\" \/>\n<meta name=\"robots\" content=\"index, follow, max-snippet:-1, max-image-preview:large, max-video-preview:-1\" \/>\n<link rel=\"canonical\" href=\"https:\/\/www.unipatis.fr\/nl\/produit\/tartilove-broodbeleg-amandel-hazelnoot-60\/\" \/>\n<meta property=\"og:locale\" content=\"nl_NL\" \/>\n<meta property=\"og:type\" content=\"article\" \/>\n<meta property=\"og:title\" content=\"Tarti&#039;Love broodbeleg - Amandel &amp; hazelnoot (60%) - Unipatis\" \/>\n<meta property=\"og:description\" content=\"Ambachtelijk 60% geroosterde amandel-hazelnootpasta, zonder palmolie, met kokosmelk. Veganistisch, Made in France. 300g kuipje. Authentieke smaak!\" \/>\n<meta property=\"og:url\" content=\"https:\/\/www.unipatis.fr\/nl\/produit\/tartilove-broodbeleg-amandel-hazelnoot-60\/\" \/>\n<meta property=\"og:site_name\" content=\"Unipatis\" \/>\n<meta property=\"article:publisher\" content=\"https:\/\/www.facebook.com\/unipatis\" \/>\n<meta property=\"article:modified_time\" content=\"2026-04-09T08:32:44+00:00\" \/>\n<meta property=\"og:image\" content=\"https:\/\/www.unipatis.fr\/wp-content\/uploads\/2022\/02\/pot_tarti_love_amande_noisette-unipatis.png\" \/>\n\t<meta property=\"og:image:width\" content=\"600\" \/>\n\t<meta property=\"og:image:height\" content=\"600\" \/>\n\t<meta property=\"og:image:type\" content=\"image\/png\" \/>\n<meta name=\"twitter:card\" content=\"summary_large_image\" \/>\n<script type=\"application\/ld+json\" class=\"yoast-schema-graph\">{\"@context\":\"https:\/\/schema.org\",\"@graph\":[{\"@type\":\"WebPage\",\"@id\":\"https:\/\/www.unipatis.fr\/nl\/produit\/tartilove-broodbeleg-amandel-hazelnoot-60\/\",\"url\":\"https:\/\/www.unipatis.fr\/nl\/produit\/tartilove-broodbeleg-amandel-hazelnoot-60\/\",\"name\":\"Tarti'Love broodbeleg - Amandel &amp; hazelnoot (60%) - Unipatis\",\"isPartOf\":{\"@id\":\"https:\/\/www.unipatis.fr\/en\/#website\"},\"primaryImageOfPage\":{\"@id\":\"https:\/\/www.unipatis.fr\/nl\/produit\/tartilove-broodbeleg-amandel-hazelnoot-60\/#primaryimage\"},\"image\":{\"@id\":\"https:\/\/www.unipatis.fr\/nl\/produit\/tartilove-broodbeleg-amandel-hazelnoot-60\/#primaryimage\"},\"thumbnailUrl\":\"https:\/\/www.unipatis.fr\/wp-content\/uploads\/2022\/02\/pot_tarti_love_amande_noisette-unipatis.png\",\"datePublished\":\"2022-02-11T11:11:45+00:00\",\"dateModified\":\"2026-04-09T08:32:44+00:00\",\"description\":\"Ambachtelijk 60% geroosterde amandel-hazelnootpasta, zonder palmolie, met kokosmelk. Veganistisch, Made in France. 300g kuipje. Authentieke smaak!\",\"breadcrumb\":{\"@id\":\"https:\/\/www.unipatis.fr\/nl\/produit\/tartilove-broodbeleg-amandel-hazelnoot-60\/#breadcrumb\"},\"inLanguage\":\"nl-NL\",\"potentialAction\":[{\"@type\":\"ReadAction\",\"target\":[\"https:\/\/www.unipatis.fr\/nl\/produit\/tartilove-broodbeleg-amandel-hazelnoot-60\/\"]}]},{\"@type\":\"ImageObject\",\"inLanguage\":\"nl-NL\",\"@id\":\"https:\/\/www.unipatis.fr\/nl\/produit\/tartilove-broodbeleg-amandel-hazelnoot-60\/#primaryimage\",\"url\":\"https:\/\/www.unipatis.fr\/wp-content\/uploads\/2022\/02\/pot_tarti_love_amande_noisette-unipatis.png\",\"contentUrl\":\"https:\/\/www.unipatis.fr\/wp-content\/uploads\/2022\/02\/pot_tarti_love_amande_noisette-unipatis.png\",\"width\":600,\"height\":600,\"caption\":\"Unipatis hazelnoot- en amandelpasta\"},{\"@type\":\"BreadcrumbList\",\"@id\":\"https:\/\/www.unipatis.fr\/nl\/produit\/tartilove-broodbeleg-amandel-hazelnoot-60\/#breadcrumb\",\"itemListElement\":[{\"@type\":\"ListItem\",\"position\":1,\"name\":\"Accueil\",\"item\":\"https:\/\/www.unipatis.fr\/nl\/home\/\"},{\"@type\":\"ListItem\",\"position\":2,\"name\":\"Winkel op\",\"item\":\"https:\/\/www.unipatis.fr\/nl\/winkel-op\/\"},{\"@type\":\"ListItem\",\"position\":3,\"name\":\"Tarti&#8217;Love broodbeleg &#8211; Amandel &amp; hazelnoot (60%)\"}]},{\"@type\":\"WebSite\",\"@id\":\"https:\/\/www.unipatis.fr\/en\/#website\",\"url\":\"https:\/\/www.unipatis.fr\/en\/\",\"name\":\"Unipatis\",\"description\":\"Unipatis Maison est une entreprise familiale sp\u00e9cialis\u00e9e dans la fabrication d&#039;ingr\u00e9dients p\u00e2tissiers et chocolatiers depuis quatre g\u00e9n\u00e9rations.\",\"publisher\":{\"@id\":\"https:\/\/www.unipatis.fr\/en\/#organization\"},\"potentialAction\":[{\"@type\":\"SearchAction\",\"target\":{\"@type\":\"EntryPoint\",\"urlTemplate\":\"https:\/\/www.unipatis.fr\/en\/?s={search_term_string}\"},\"query-input\":{\"@type\":\"PropertyValueSpecification\",\"valueRequired\":true,\"valueName\":\"search_term_string\"}}],\"inLanguage\":\"nl-NL\"},{\"@type\":\"Organization\",\"@id\":\"https:\/\/www.unipatis.fr\/en\/#organization\",\"name\":\"Unipatis\",\"url\":\"https:\/\/www.unipatis.fr\/en\/\",\"logo\":{\"@type\":\"ImageObject\",\"inLanguage\":\"nl-NL\",\"@id\":\"https:\/\/www.unipatis.fr\/en\/#\/schema\/logo\/image\/\",\"url\":\"https:\/\/www.unipatis.fr\/wp-content\/uploads\/2021\/10\/UNIPATIS_logo_flag_2021-1.svg\",\"contentUrl\":\"https:\/\/www.unipatis.fr\/wp-content\/uploads\/2021\/10\/UNIPATIS_logo_flag_2021-1.svg\",\"width\":150,\"height\":184,\"caption\":\"Unipatis\"},\"image\":{\"@id\":\"https:\/\/www.unipatis.fr\/en\/#\/schema\/logo\/image\/\"},\"sameAs\":[\"https:\/\/www.facebook.com\/unipatis\",\"https:\/\/www.instagram.com\/unipatis\",\"https:\/\/www.youtube.com\/@Unipatis\"]}]}<\/script>\n<!-- \/ Yoast SEO plugin. -->","yoast_head_json":{"title":"Tarti'Love broodbeleg - Amandel &amp; hazelnoot (60%) - Unipatis","description":"Ambachtelijk 60% geroosterde amandel-hazelnootpasta, zonder palmolie, met kokosmelk. Veganistisch, Made in France. 300g kuipje. Authentieke smaak!","robots":{"index":"index","follow":"follow","max-snippet":"max-snippet:-1","max-image-preview":"max-image-preview:large","max-video-preview":"max-video-preview:-1"},"canonical":"https:\/\/www.unipatis.fr\/nl\/produit\/tartilove-broodbeleg-amandel-hazelnoot-60\/","og_locale":"nl_NL","og_type":"article","og_title":"Tarti'Love broodbeleg - Amandel &amp; hazelnoot (60%) - Unipatis","og_description":"Ambachtelijk 60% geroosterde amandel-hazelnootpasta, zonder palmolie, met kokosmelk. Veganistisch, Made in France. 300g kuipje. Authentieke smaak!","og_url":"https:\/\/www.unipatis.fr\/nl\/produit\/tartilove-broodbeleg-amandel-hazelnoot-60\/","og_site_name":"Unipatis","article_publisher":"https:\/\/www.facebook.com\/unipatis","article_modified_time":"2026-04-09T08:32:44+00:00","og_image":[{"width":600,"height":600,"url":"https:\/\/www.unipatis.fr\/wp-content\/uploads\/2022\/02\/pot_tarti_love_amande_noisette-unipatis.png","type":"image\/png"}],"twitter_card":"summary_large_image","schema":{"@context":"https:\/\/schema.org","@graph":[{"@type":"WebPage","@id":"https:\/\/www.unipatis.fr\/nl\/produit\/tartilove-broodbeleg-amandel-hazelnoot-60\/","url":"https:\/\/www.unipatis.fr\/nl\/produit\/tartilove-broodbeleg-amandel-hazelnoot-60\/","name":"Tarti'Love broodbeleg - Amandel &amp; hazelnoot (60%) - Unipatis","isPartOf":{"@id":"https:\/\/www.unipatis.fr\/en\/#website"},"primaryImageOfPage":{"@id":"https:\/\/www.unipatis.fr\/nl\/produit\/tartilove-broodbeleg-amandel-hazelnoot-60\/#primaryimage"},"image":{"@id":"https:\/\/www.unipatis.fr\/nl\/produit\/tartilove-broodbeleg-amandel-hazelnoot-60\/#primaryimage"},"thumbnailUrl":"https:\/\/www.unipatis.fr\/wp-content\/uploads\/2022\/02\/pot_tarti_love_amande_noisette-unipatis.png","datePublished":"2022-02-11T11:11:45+00:00","dateModified":"2026-04-09T08:32:44+00:00","description":"Ambachtelijk 60% geroosterde amandel-hazelnootpasta, zonder palmolie, met kokosmelk. Veganistisch, Made in France. 300g kuipje. Authentieke smaak!","breadcrumb":{"@id":"https:\/\/www.unipatis.fr\/nl\/produit\/tartilove-broodbeleg-amandel-hazelnoot-60\/#breadcrumb"},"inLanguage":"nl-NL","potentialAction":[{"@type":"ReadAction","target":["https:\/\/www.unipatis.fr\/nl\/produit\/tartilove-broodbeleg-amandel-hazelnoot-60\/"]}]},{"@type":"ImageObject","inLanguage":"nl-NL","@id":"https:\/\/www.unipatis.fr\/nl\/produit\/tartilove-broodbeleg-amandel-hazelnoot-60\/#primaryimage","url":"https:\/\/www.unipatis.fr\/wp-content\/uploads\/2022\/02\/pot_tarti_love_amande_noisette-unipatis.png","contentUrl":"https:\/\/www.unipatis.fr\/wp-content\/uploads\/2022\/02\/pot_tarti_love_amande_noisette-unipatis.png","width":600,"height":600,"caption":"Unipatis hazelnoot- en amandelpasta"},{"@type":"BreadcrumbList","@id":"https:\/\/www.unipatis.fr\/nl\/produit\/tartilove-broodbeleg-amandel-hazelnoot-60\/#breadcrumb","itemListElement":[{"@type":"ListItem","position":1,"name":"Accueil","item":"https:\/\/www.unipatis.fr\/nl\/home\/"},{"@type":"ListItem","position":2,"name":"Winkel op","item":"https:\/\/www.unipatis.fr\/nl\/winkel-op\/"},{"@type":"ListItem","position":3,"name":"Tarti&#8217;Love broodbeleg &#8211; Amandel &amp; hazelnoot (60%)"}]},{"@type":"WebSite","@id":"https:\/\/www.unipatis.fr\/en\/#website","url":"https:\/\/www.unipatis.fr\/en\/","name":"Unipatis","description":"Unipatis Maison est une entreprise familiale sp\u00e9cialis\u00e9e dans la fabrication d&#039;ingr\u00e9dients p\u00e2tissiers et chocolatiers depuis quatre g\u00e9n\u00e9rations.","publisher":{"@id":"https:\/\/www.unipatis.fr\/en\/#organization"},"potentialAction":[{"@type":"SearchAction","target":{"@type":"EntryPoint","urlTemplate":"https:\/\/www.unipatis.fr\/en\/?s={search_term_string}"},"query-input":{"@type":"PropertyValueSpecification","valueRequired":true,"valueName":"search_term_string"}}],"inLanguage":"nl-NL"},{"@type":"Organization","@id":"https:\/\/www.unipatis.fr\/en\/#organization","name":"Unipatis","url":"https:\/\/www.unipatis.fr\/en\/","logo":{"@type":"ImageObject","inLanguage":"nl-NL","@id":"https:\/\/www.unipatis.fr\/en\/#\/schema\/logo\/image\/","url":"https:\/\/www.unipatis.fr\/wp-content\/uploads\/2021\/10\/UNIPATIS_logo_flag_2021-1.svg","contentUrl":"https:\/\/www.unipatis.fr\/wp-content\/uploads\/2021\/10\/UNIPATIS_logo_flag_2021-1.svg","width":150,"height":184,"caption":"Unipatis"},"image":{"@id":"https:\/\/www.unipatis.fr\/en\/#\/schema\/logo\/image\/"},"sameAs":["https:\/\/www.facebook.com\/unipatis","https:\/\/www.instagram.com\/unipatis","https:\/\/www.youtube.com\/@Unipatis"]}]}},"_links":{"self":[{"href":"https:\/\/www.unipatis.fr\/nl\/wp-json\/wp\/v2\/product\/13271","targetHints":{"allow":["GET"]}}],"collection":[{"href":"https:\/\/www.unipatis.fr\/nl\/wp-json\/wp\/v2\/product"}],"about":[{"href":"https:\/\/www.unipatis.fr\/nl\/wp-json\/wp\/v2\/types\/product"}],"replies":[{"embeddable":true,"href":"https:\/\/www.unipatis.fr\/nl\/wp-json\/wp\/v2\/comments?post=13271"}],"version-history":[{"count":1,"href":"https:\/\/www.unipatis.fr\/nl\/wp-json\/wp\/v2\/product\/13271\/revisions"}],"predecessor-version":[{"id":26957,"href":"https:\/\/www.unipatis.fr\/nl\/wp-json\/wp\/v2\/product\/13271\/revisions\/26957"}],"wp:featuredmedia":[{"embeddable":true,"href":"https:\/\/www.unipatis.fr\/nl\/wp-json\/wp\/v2\/media\/29839"}],"wp:attachment":[{"href":"https:\/\/www.unipatis.fr\/nl\/wp-json\/wp\/v2\/media?parent=13271"}],"wp:term":[{"taxonomy":"product_brand","embeddable":true,"href":"https:\/\/www.unipatis.fr\/nl\/wp-json\/wp\/v2\/product_brand?post=13271"},{"taxonomy":"product_cat","embeddable":true,"href":"https:\/\/www.unipatis.fr\/nl\/wp-json\/wp\/v2\/product_cat?post=13271"},{"taxonomy":"product_tag","embeddable":true,"href":"https:\/\/www.unipatis.fr\/nl\/wp-json\/wp\/v2\/product_tag?post=13271"}],"curies":[{"name":"wp","href":"https:\/\/api.w.org\/{rel}","templated":true}]}}