{"id":13736,"date":"2022-02-11T12:10:59","date_gmt":"2022-02-11T11:10:59","guid":{"rendered":"https:\/\/www.unipatis.fr\/produit\/krokante-praline-melkvulling\/"},"modified":"2026-04-09T10:28:21","modified_gmt":"2026-04-09T08:28:21","slug":"krokante-praline-melkvulling","status":"publish","type":"product","link":"https:\/\/www.unipatis.fr\/nl\/produit\/krokante-praline-melkvulling\/","title":{"rendered":"Krokante Pralin\u00e9 Melkvulling"},"content":{"rendered":"<p>Krokante vulling van melkchocolade (41%), zandkoekjes, hazelnootpasta en amandelpuree (23%). Zonder palmolie.<br \/>\nGebruiksklaar, snel klaar.<br \/>\nGeschikt voor invriezen en diepvriezen, blijft knapperig.  <\/p>\n","protected":false},"excerpt":{"rendered":"<p>Krokante pralin\u00e9vulling gemaakt met pure cacaoboter melkchocolade, zandkoekjes, hazelnootpasta en amandelpuree. Voor tussengerechten, taarten, eclairs, ijsjes en chocolade bonbon interieurs. <\/p>\n<p>Zonder palmolie.<\/p>\n","protected":false},"featured_media":13738,"comment_status":"closed","ping_status":"closed","template":"","meta":{"_acf_changed":false,"inline_featured_image":false},"product_brand":[],"product_cat":[444,541],"product_tag":[],"class_list":{"0":"post-13736","1":"product","2":"type-product","3":"status-publish","4":"has-post-thumbnail","6":"product_cat-01-knapperige-vullingen","7":"product_cat-conventionele-voedergewassen-nl","8":"sales-flash-overlay","9":"woocommerce-text-align-center","10":"woocommerce-image-align-center","11":"do-quantity-buttons","13":"first","14":"instock","15":"product-type-simple"},"acf":[],"yoast_head":"<!-- This site is optimized with the Yoast SEO plugin v27.2 - https:\/\/yoast.com\/product\/yoast-seo-wordpress\/ -->\n<title>Vulling Vulling Crunchy Praline Chocolademelk - Unipatis<\/title>\n<meta name=\"description\" content=\"Krokante melkpralin\u00e9vulling gemaakt met melkchocolade, koekjessnippers, hazelnootpasta en amandelpuree. Zonder palmolie.\" \/>\n<meta name=\"robots\" content=\"index, follow, max-snippet:-1, max-image-preview:large, max-video-preview:-1\" \/>\n<link rel=\"canonical\" href=\"https:\/\/www.unipatis.fr\/nl\/produit\/krokante-praline-melkvulling\/\" \/>\n<meta property=\"og:locale\" content=\"nl_NL\" \/>\n<meta property=\"og:type\" content=\"article\" \/>\n<meta property=\"og:title\" content=\"Vulling Vulling Crunchy Praline Chocolademelk - Unipatis\" \/>\n<meta property=\"og:description\" content=\"Krokante melkpralin\u00e9vulling gemaakt met melkchocolade, koekjessnippers, hazelnootpasta en amandelpuree. Zonder palmolie.\" \/>\n<meta property=\"og:url\" content=\"https:\/\/www.unipatis.fr\/nl\/produit\/krokante-praline-melkvulling\/\" \/>\n<meta property=\"og:site_name\" content=\"Unipatis\" \/>\n<meta property=\"article:publisher\" content=\"https:\/\/www.facebook.com\/unipatis\" \/>\n<meta property=\"article:modified_time\" content=\"2026-04-09T08:28:21+00:00\" \/>\n<meta property=\"og:image\" content=\"https:\/\/www.unipatis.fr\/wp-content\/uploads\/2022\/02\/SEAU_croustillant_praline_amande_noisette.png\" \/>\n\t<meta property=\"og:image:width\" content=\"1261\" \/>\n\t<meta property=\"og:image:height\" content=\"1179\" \/>\n\t<meta property=\"og:image:type\" content=\"image\/png\" \/>\n<meta name=\"twitter:card\" content=\"summary_large_image\" \/>\n<script type=\"application\/ld+json\" class=\"yoast-schema-graph\">{\"@context\":\"https:\/\/schema.org\",\"@graph\":[{\"@type\":\"WebPage\",\"@id\":\"https:\/\/www.unipatis.fr\/nl\/produit\/krokante-praline-melkvulling\/\",\"url\":\"https:\/\/www.unipatis.fr\/nl\/produit\/krokante-praline-melkvulling\/\",\"name\":\"Vulling Vulling Crunchy Praline Chocolademelk - Unipatis\",\"isPartOf\":{\"@id\":\"https:\/\/www.unipatis.fr\/en\/#website\"},\"primaryImageOfPage\":{\"@id\":\"https:\/\/www.unipatis.fr\/nl\/produit\/krokante-praline-melkvulling\/#primaryimage\"},\"image\":{\"@id\":\"https:\/\/www.unipatis.fr\/nl\/produit\/krokante-praline-melkvulling\/#primaryimage\"},\"thumbnailUrl\":\"https:\/\/www.unipatis.fr\/wp-content\/uploads\/2022\/02\/SEAU_croustillant_praline_amande_noisette.png\",\"datePublished\":\"2022-02-11T11:10:59+00:00\",\"dateModified\":\"2026-04-09T08:28:21+00:00\",\"description\":\"Krokante melkpralin\u00e9vulling gemaakt met melkchocolade, koekjessnippers, hazelnootpasta en amandelpuree. Zonder palmolie.\",\"breadcrumb\":{\"@id\":\"https:\/\/www.unipatis.fr\/nl\/produit\/krokante-praline-melkvulling\/#breadcrumb\"},\"inLanguage\":\"nl-NL\",\"potentialAction\":[{\"@type\":\"ReadAction\",\"target\":[\"https:\/\/www.unipatis.fr\/nl\/produit\/krokante-praline-melkvulling\/\"]}]},{\"@type\":\"ImageObject\",\"inLanguage\":\"nl-NL\",\"@id\":\"https:\/\/www.unipatis.fr\/nl\/produit\/krokante-praline-melkvulling\/#primaryimage\",\"url\":\"https:\/\/www.unipatis.fr\/wp-content\/uploads\/2022\/02\/SEAU_croustillant_praline_amande_noisette.png\",\"contentUrl\":\"https:\/\/www.unipatis.fr\/wp-content\/uploads\/2022\/02\/SEAU_croustillant_praline_amande_noisette.png\",\"width\":1261,\"height\":1179,\"caption\":\"Krokante_praline_amandel_azelnoot Unipatis\"},{\"@type\":\"BreadcrumbList\",\"@id\":\"https:\/\/www.unipatis.fr\/nl\/produit\/krokante-praline-melkvulling\/#breadcrumb\",\"itemListElement\":[{\"@type\":\"ListItem\",\"position\":1,\"name\":\"Accueil\",\"item\":\"https:\/\/www.unipatis.fr\/nl\/home\/\"},{\"@type\":\"ListItem\",\"position\":2,\"name\":\"Winkel op\",\"item\":\"https:\/\/www.unipatis.fr\/nl\/winkel-op\/\"},{\"@type\":\"ListItem\",\"position\":3,\"name\":\"Krokante Pralin\u00e9 Melkvulling\"}]},{\"@type\":\"WebSite\",\"@id\":\"https:\/\/www.unipatis.fr\/en\/#website\",\"url\":\"https:\/\/www.unipatis.fr\/en\/\",\"name\":\"Unipatis\",\"description\":\"Unipatis Maison est une entreprise familiale sp\u00e9cialis\u00e9e dans la fabrication d&#039;ingr\u00e9dients p\u00e2tissiers et chocolatiers depuis quatre g\u00e9n\u00e9rations.\",\"publisher\":{\"@id\":\"https:\/\/www.unipatis.fr\/en\/#organization\"},\"potentialAction\":[{\"@type\":\"SearchAction\",\"target\":{\"@type\":\"EntryPoint\",\"urlTemplate\":\"https:\/\/www.unipatis.fr\/en\/?s={search_term_string}\"},\"query-input\":{\"@type\":\"PropertyValueSpecification\",\"valueRequired\":true,\"valueName\":\"search_term_string\"}}],\"inLanguage\":\"nl-NL\"},{\"@type\":\"Organization\",\"@id\":\"https:\/\/www.unipatis.fr\/en\/#organization\",\"name\":\"Unipatis\",\"url\":\"https:\/\/www.unipatis.fr\/en\/\",\"logo\":{\"@type\":\"ImageObject\",\"inLanguage\":\"nl-NL\",\"@id\":\"https:\/\/www.unipatis.fr\/en\/#\/schema\/logo\/image\/\",\"url\":\"https:\/\/www.unipatis.fr\/wp-content\/uploads\/2021\/10\/UNIPATIS_logo_flag_2021-1.svg\",\"contentUrl\":\"https:\/\/www.unipatis.fr\/wp-content\/uploads\/2021\/10\/UNIPATIS_logo_flag_2021-1.svg\",\"width\":150,\"height\":184,\"caption\":\"Unipatis\"},\"image\":{\"@id\":\"https:\/\/www.unipatis.fr\/en\/#\/schema\/logo\/image\/\"},\"sameAs\":[\"https:\/\/www.facebook.com\/unipatis\",\"https:\/\/www.instagram.com\/unipatis\",\"https:\/\/www.youtube.com\/@Unipatis\"]}]}<\/script>\n<!-- \/ Yoast SEO plugin. -->","yoast_head_json":{"title":"Vulling Vulling Crunchy Praline Chocolademelk - Unipatis","description":"Krokante melkpralin\u00e9vulling gemaakt met melkchocolade, koekjessnippers, hazelnootpasta en amandelpuree. Zonder palmolie.","robots":{"index":"index","follow":"follow","max-snippet":"max-snippet:-1","max-image-preview":"max-image-preview:large","max-video-preview":"max-video-preview:-1"},"canonical":"https:\/\/www.unipatis.fr\/nl\/produit\/krokante-praline-melkvulling\/","og_locale":"nl_NL","og_type":"article","og_title":"Vulling Vulling Crunchy Praline Chocolademelk - Unipatis","og_description":"Krokante melkpralin\u00e9vulling gemaakt met melkchocolade, koekjessnippers, hazelnootpasta en amandelpuree. Zonder palmolie.","og_url":"https:\/\/www.unipatis.fr\/nl\/produit\/krokante-praline-melkvulling\/","og_site_name":"Unipatis","article_publisher":"https:\/\/www.facebook.com\/unipatis","article_modified_time":"2026-04-09T08:28:21+00:00","og_image":[{"width":1261,"height":1179,"url":"https:\/\/www.unipatis.fr\/wp-content\/uploads\/2022\/02\/SEAU_croustillant_praline_amande_noisette.png","type":"image\/png"}],"twitter_card":"summary_large_image","schema":{"@context":"https:\/\/schema.org","@graph":[{"@type":"WebPage","@id":"https:\/\/www.unipatis.fr\/nl\/produit\/krokante-praline-melkvulling\/","url":"https:\/\/www.unipatis.fr\/nl\/produit\/krokante-praline-melkvulling\/","name":"Vulling Vulling Crunchy Praline Chocolademelk - Unipatis","isPartOf":{"@id":"https:\/\/www.unipatis.fr\/en\/#website"},"primaryImageOfPage":{"@id":"https:\/\/www.unipatis.fr\/nl\/produit\/krokante-praline-melkvulling\/#primaryimage"},"image":{"@id":"https:\/\/www.unipatis.fr\/nl\/produit\/krokante-praline-melkvulling\/#primaryimage"},"thumbnailUrl":"https:\/\/www.unipatis.fr\/wp-content\/uploads\/2022\/02\/SEAU_croustillant_praline_amande_noisette.png","datePublished":"2022-02-11T11:10:59+00:00","dateModified":"2026-04-09T08:28:21+00:00","description":"Krokante melkpralin\u00e9vulling gemaakt met melkchocolade, koekjessnippers, hazelnootpasta en amandelpuree. Zonder palmolie.","breadcrumb":{"@id":"https:\/\/www.unipatis.fr\/nl\/produit\/krokante-praline-melkvulling\/#breadcrumb"},"inLanguage":"nl-NL","potentialAction":[{"@type":"ReadAction","target":["https:\/\/www.unipatis.fr\/nl\/produit\/krokante-praline-melkvulling\/"]}]},{"@type":"ImageObject","inLanguage":"nl-NL","@id":"https:\/\/www.unipatis.fr\/nl\/produit\/krokante-praline-melkvulling\/#primaryimage","url":"https:\/\/www.unipatis.fr\/wp-content\/uploads\/2022\/02\/SEAU_croustillant_praline_amande_noisette.png","contentUrl":"https:\/\/www.unipatis.fr\/wp-content\/uploads\/2022\/02\/SEAU_croustillant_praline_amande_noisette.png","width":1261,"height":1179,"caption":"Krokante_praline_amandel_azelnoot Unipatis"},{"@type":"BreadcrumbList","@id":"https:\/\/www.unipatis.fr\/nl\/produit\/krokante-praline-melkvulling\/#breadcrumb","itemListElement":[{"@type":"ListItem","position":1,"name":"Accueil","item":"https:\/\/www.unipatis.fr\/nl\/home\/"},{"@type":"ListItem","position":2,"name":"Winkel op","item":"https:\/\/www.unipatis.fr\/nl\/winkel-op\/"},{"@type":"ListItem","position":3,"name":"Krokante Pralin\u00e9 Melkvulling"}]},{"@type":"WebSite","@id":"https:\/\/www.unipatis.fr\/en\/#website","url":"https:\/\/www.unipatis.fr\/en\/","name":"Unipatis","description":"Unipatis Maison est une entreprise familiale sp\u00e9cialis\u00e9e dans la fabrication d&#039;ingr\u00e9dients p\u00e2tissiers et chocolatiers depuis quatre g\u00e9n\u00e9rations.","publisher":{"@id":"https:\/\/www.unipatis.fr\/en\/#organization"},"potentialAction":[{"@type":"SearchAction","target":{"@type":"EntryPoint","urlTemplate":"https:\/\/www.unipatis.fr\/en\/?s={search_term_string}"},"query-input":{"@type":"PropertyValueSpecification","valueRequired":true,"valueName":"search_term_string"}}],"inLanguage":"nl-NL"},{"@type":"Organization","@id":"https:\/\/www.unipatis.fr\/en\/#organization","name":"Unipatis","url":"https:\/\/www.unipatis.fr\/en\/","logo":{"@type":"ImageObject","inLanguage":"nl-NL","@id":"https:\/\/www.unipatis.fr\/en\/#\/schema\/logo\/image\/","url":"https:\/\/www.unipatis.fr\/wp-content\/uploads\/2021\/10\/UNIPATIS_logo_flag_2021-1.svg","contentUrl":"https:\/\/www.unipatis.fr\/wp-content\/uploads\/2021\/10\/UNIPATIS_logo_flag_2021-1.svg","width":150,"height":184,"caption":"Unipatis"},"image":{"@id":"https:\/\/www.unipatis.fr\/en\/#\/schema\/logo\/image\/"},"sameAs":["https:\/\/www.facebook.com\/unipatis","https:\/\/www.instagram.com\/unipatis","https:\/\/www.youtube.com\/@Unipatis"]}]}},"_links":{"self":[{"href":"https:\/\/www.unipatis.fr\/nl\/wp-json\/wp\/v2\/product\/13736","targetHints":{"allow":["GET"]}}],"collection":[{"href":"https:\/\/www.unipatis.fr\/nl\/wp-json\/wp\/v2\/product"}],"about":[{"href":"https:\/\/www.unipatis.fr\/nl\/wp-json\/wp\/v2\/types\/product"}],"replies":[{"embeddable":true,"href":"https:\/\/www.unipatis.fr\/nl\/wp-json\/wp\/v2\/comments?post=13736"}],"version-history":[{"count":1,"href":"https:\/\/www.unipatis.fr\/nl\/wp-json\/wp\/v2\/product\/13736\/revisions"}],"predecessor-version":[{"id":26798,"href":"https:\/\/www.unipatis.fr\/nl\/wp-json\/wp\/v2\/product\/13736\/revisions\/26798"}],"wp:featuredmedia":[{"embeddable":true,"href":"https:\/\/www.unipatis.fr\/nl\/wp-json\/wp\/v2\/media\/13738"}],"wp:attachment":[{"href":"https:\/\/www.unipatis.fr\/nl\/wp-json\/wp\/v2\/media?parent=13736"}],"wp:term":[{"taxonomy":"product_brand","embeddable":true,"href":"https:\/\/www.unipatis.fr\/nl\/wp-json\/wp\/v2\/product_brand?post=13736"},{"taxonomy":"product_cat","embeddable":true,"href":"https:\/\/www.unipatis.fr\/nl\/wp-json\/wp\/v2\/product_cat?post=13736"},{"taxonomy":"product_tag","embeddable":true,"href":"https:\/\/www.unipatis.fr\/nl\/wp-json\/wp\/v2\/product_tag?post=13736"}],"curies":[{"name":"wp","href":"https:\/\/api.w.org\/{rel}","templated":true}]}}