{"id":15293,"date":"2022-02-11T12:10:28","date_gmt":"2022-02-11T11:10:28","guid":{"rendered":"https:\/\/www.unipatis.fr\/produit\/aardbeien-pink-opera-icing\/"},"modified":"2026-04-09T10:23:37","modified_gmt":"2026-04-09T08:23:37","slug":"aardbeien-pink-opera-icing","status":"publish","type":"product","link":"https:\/\/www.unipatis.fr\/nl\/produit\/aardbeien-pink-opera-icing\/","title":{"rendered":"Aardbeien Pink Opera Icing"},"content":{"rendered":"","protected":false},"excerpt":{"rendered":"<p>Unipatis Strawberry Pink Opera Glaze is een uitzonderlijk product voor banketbakkers die op zoek zijn naar een verfijnde, matte afwerking. Deze smeltende Strawberry Pink Opera Glaze is ideaal om je entremets, mousses, bavarois en ijsjes een delicate aardbeiroze kleur te geven. Deze Strawberry Pink Opera Glaze is natuurlijk gekleurd met planten- en plantenextracten en heeft een stabiele textuur voor een mooie afwerking op alle soorten oppervlakken: koepels, kerststammen, gebak en uitgebreid gebak.  <\/p>\n<p>Samengesteld met <strong>ingredi\u00ebnten<\/strong> van topkwaliteit en verrijkt met <strong>suiker<\/strong> voor een perfecte balans, biedt deze <strong>Strawberry Pink Opera Icing<\/strong> een subtiele <strong>aardbeiensmaak<\/strong> die je <strong>klanten<\/strong> in verrukking zal brengen. De gedehydrateerde <strong>fruitschil<\/strong> in de samenstelling versterkt de <strong>natuurlijke<\/strong> <strong>smaken<\/strong> van deze matte glazuur. <strong>Ontdek<\/strong> de vele toepassingen voor deze <strong>Strawberry Pink Opera Glazuur<\/strong>: afwerking van rode <strong>fruittaartjes<\/strong>, topping van <strong>verjaardagstaarten<\/strong>, decoratie van <strong>ijsdesserts<\/strong>. <\/p>\n","protected":false},"featured_media":15295,"comment_status":"closed","ping_status":"closed","template":"","meta":{"_acf_changed":false,"inline_featured_image":false},"product_brand":[],"product_cat":[592,568],"product_tag":[],"class_list":{"0":"post-15293","1":"product","2":"type-product","3":"status-publish","4":"has-post-thumbnail","6":"product_cat-06-opera-matte-glazuren","7":"product_cat-08-chocoladekleurig-glazuur-nl","8":"sales-flash-overlay","9":"woocommerce-text-align-center","10":"woocommerce-image-align-center","11":"do-quantity-buttons","13":"first","14":"instock","15":"product-type-simple"},"acf":[],"yoast_head":"<!-- This site is optimized with the Yoast SEO plugin v27.2 - https:\/\/yoast.com\/product\/yoast-seo-wordpress\/ -->\n<title>Aardbeien Pink Opera Icing matt and melting - Unipatis<\/title>\n<meta name=\"description\" content=\"Unipatis Strawberry Pink Opera Glaze: mat fondantglazuur voor tussengerechten, taarten en desserts. Stabiele textuur, zuiver van snit, natuurlijk gekleurd. Klaar voor gebruik.\" \/>\n<meta name=\"robots\" content=\"index, follow, max-snippet:-1, max-image-preview:large, max-video-preview:-1\" \/>\n<link rel=\"canonical\" href=\"https:\/\/www.unipatis.fr\/nl\/produit\/aardbeien-pink-opera-icing\/\" \/>\n<meta property=\"og:locale\" content=\"nl_NL\" \/>\n<meta property=\"og:type\" content=\"article\" \/>\n<meta property=\"og:title\" content=\"Aardbeien Pink Opera Icing matt and melting - Unipatis\" \/>\n<meta property=\"og:description\" content=\"Unipatis Strawberry Pink Opera Glaze: mat fondantglazuur voor tussengerechten, taarten en desserts. Stabiele textuur, zuiver van snit, natuurlijk gekleurd. Klaar voor gebruik.\" \/>\n<meta property=\"og:url\" content=\"https:\/\/www.unipatis.fr\/nl\/produit\/aardbeien-pink-opera-icing\/\" \/>\n<meta property=\"og:site_name\" content=\"Unipatis\" \/>\n<meta property=\"article:publisher\" content=\"https:\/\/www.facebook.com\/unipatis\" \/>\n<meta property=\"article:modified_time\" content=\"2026-04-09T08:23:37+00:00\" \/>\n<meta property=\"og:image\" content=\"https:\/\/www.unipatis.fr\/wp-content\/uploads\/2022\/02\/seau_glacage_opera_rose_fraise.png\" \/>\n\t<meta property=\"og:image:width\" content=\"1261\" \/>\n\t<meta property=\"og:image:height\" content=\"1179\" \/>\n\t<meta property=\"og:image:type\" content=\"image\/png\" \/>\n<meta name=\"twitter:card\" content=\"summary_large_image\" \/>\n<script type=\"application\/ld+json\" class=\"yoast-schema-graph\">{\"@context\":\"https:\/\/schema.org\",\"@graph\":[{\"@type\":\"WebPage\",\"@id\":\"https:\/\/www.unipatis.fr\/nl\/produit\/aardbeien-pink-opera-icing\/\",\"url\":\"https:\/\/www.unipatis.fr\/nl\/produit\/aardbeien-pink-opera-icing\/\",\"name\":\"Aardbeien Pink Opera Icing matt and melting - Unipatis\",\"isPartOf\":{\"@id\":\"https:\/\/www.unipatis.fr\/en\/#website\"},\"primaryImageOfPage\":{\"@id\":\"https:\/\/www.unipatis.fr\/nl\/produit\/aardbeien-pink-opera-icing\/#primaryimage\"},\"image\":{\"@id\":\"https:\/\/www.unipatis.fr\/nl\/produit\/aardbeien-pink-opera-icing\/#primaryimage\"},\"thumbnailUrl\":\"https:\/\/www.unipatis.fr\/wp-content\/uploads\/2022\/02\/seau_glacage_opera_rose_fraise.png\",\"datePublished\":\"2022-02-11T11:10:28+00:00\",\"dateModified\":\"2026-04-09T08:23:37+00:00\",\"description\":\"Unipatis Strawberry Pink Opera Glaze: mat fondantglazuur voor tussengerechten, taarten en desserts. Stabiele textuur, zuiver van snit, natuurlijk gekleurd. Klaar voor gebruik.\",\"breadcrumb\":{\"@id\":\"https:\/\/www.unipatis.fr\/nl\/produit\/aardbeien-pink-opera-icing\/#breadcrumb\"},\"inLanguage\":\"nl-NL\",\"potentialAction\":[{\"@type\":\"ReadAction\",\"target\":[\"https:\/\/www.unipatis.fr\/nl\/produit\/aardbeien-pink-opera-icing\/\"]}]},{\"@type\":\"ImageObject\",\"inLanguage\":\"nl-NL\",\"@id\":\"https:\/\/www.unipatis.fr\/nl\/produit\/aardbeien-pink-opera-icing\/#primaryimage\",\"url\":\"https:\/\/www.unipatis.fr\/wp-content\/uploads\/2022\/02\/seau_glacage_opera_rose_fraise.png\",\"contentUrl\":\"https:\/\/www.unipatis.fr\/wp-content\/uploads\/2022\/02\/seau_glacage_opera_rose_fraise.png\",\"width\":1261,\"height\":1179,\"caption\":\"aardbei_roos_opera_glazuur Unipatis\"},{\"@type\":\"BreadcrumbList\",\"@id\":\"https:\/\/www.unipatis.fr\/nl\/produit\/aardbeien-pink-opera-icing\/#breadcrumb\",\"itemListElement\":[{\"@type\":\"ListItem\",\"position\":1,\"name\":\"Accueil\",\"item\":\"https:\/\/www.unipatis.fr\/nl\/home\/\"},{\"@type\":\"ListItem\",\"position\":2,\"name\":\"Winkel op\",\"item\":\"https:\/\/www.unipatis.fr\/nl\/winkel-op\/\"},{\"@type\":\"ListItem\",\"position\":3,\"name\":\"Aardbeien Pink Opera Icing\"}]},{\"@type\":\"WebSite\",\"@id\":\"https:\/\/www.unipatis.fr\/en\/#website\",\"url\":\"https:\/\/www.unipatis.fr\/en\/\",\"name\":\"Unipatis\",\"description\":\"Unipatis Maison est une entreprise familiale sp\u00e9cialis\u00e9e dans la fabrication d&#039;ingr\u00e9dients p\u00e2tissiers et chocolatiers depuis quatre g\u00e9n\u00e9rations.\",\"publisher\":{\"@id\":\"https:\/\/www.unipatis.fr\/en\/#organization\"},\"potentialAction\":[{\"@type\":\"SearchAction\",\"target\":{\"@type\":\"EntryPoint\",\"urlTemplate\":\"https:\/\/www.unipatis.fr\/en\/?s={search_term_string}\"},\"query-input\":{\"@type\":\"PropertyValueSpecification\",\"valueRequired\":true,\"valueName\":\"search_term_string\"}}],\"inLanguage\":\"nl-NL\"},{\"@type\":\"Organization\",\"@id\":\"https:\/\/www.unipatis.fr\/en\/#organization\",\"name\":\"Unipatis\",\"url\":\"https:\/\/www.unipatis.fr\/en\/\",\"logo\":{\"@type\":\"ImageObject\",\"inLanguage\":\"nl-NL\",\"@id\":\"https:\/\/www.unipatis.fr\/en\/#\/schema\/logo\/image\/\",\"url\":\"https:\/\/www.unipatis.fr\/wp-content\/uploads\/2021\/10\/UNIPATIS_logo_flag_2021-1.svg\",\"contentUrl\":\"https:\/\/www.unipatis.fr\/wp-content\/uploads\/2021\/10\/UNIPATIS_logo_flag_2021-1.svg\",\"width\":150,\"height\":184,\"caption\":\"Unipatis\"},\"image\":{\"@id\":\"https:\/\/www.unipatis.fr\/en\/#\/schema\/logo\/image\/\"},\"sameAs\":[\"https:\/\/www.facebook.com\/unipatis\",\"https:\/\/www.instagram.com\/unipatis\",\"https:\/\/www.youtube.com\/@Unipatis\"]}]}<\/script>\n<!-- \/ Yoast SEO plugin. -->","yoast_head_json":{"title":"Aardbeien Pink Opera Icing matt and melting - Unipatis","description":"Unipatis Strawberry Pink Opera Glaze: mat fondantglazuur voor tussengerechten, taarten en desserts. Stabiele textuur, zuiver van snit, natuurlijk gekleurd. Klaar voor gebruik.","robots":{"index":"index","follow":"follow","max-snippet":"max-snippet:-1","max-image-preview":"max-image-preview:large","max-video-preview":"max-video-preview:-1"},"canonical":"https:\/\/www.unipatis.fr\/nl\/produit\/aardbeien-pink-opera-icing\/","og_locale":"nl_NL","og_type":"article","og_title":"Aardbeien Pink Opera Icing matt and melting - Unipatis","og_description":"Unipatis Strawberry Pink Opera Glaze: mat fondantglazuur voor tussengerechten, taarten en desserts. Stabiele textuur, zuiver van snit, natuurlijk gekleurd. Klaar voor gebruik.","og_url":"https:\/\/www.unipatis.fr\/nl\/produit\/aardbeien-pink-opera-icing\/","og_site_name":"Unipatis","article_publisher":"https:\/\/www.facebook.com\/unipatis","article_modified_time":"2026-04-09T08:23:37+00:00","og_image":[{"width":1261,"height":1179,"url":"https:\/\/www.unipatis.fr\/wp-content\/uploads\/2022\/02\/seau_glacage_opera_rose_fraise.png","type":"image\/png"}],"twitter_card":"summary_large_image","schema":{"@context":"https:\/\/schema.org","@graph":[{"@type":"WebPage","@id":"https:\/\/www.unipatis.fr\/nl\/produit\/aardbeien-pink-opera-icing\/","url":"https:\/\/www.unipatis.fr\/nl\/produit\/aardbeien-pink-opera-icing\/","name":"Aardbeien Pink Opera Icing matt and melting - Unipatis","isPartOf":{"@id":"https:\/\/www.unipatis.fr\/en\/#website"},"primaryImageOfPage":{"@id":"https:\/\/www.unipatis.fr\/nl\/produit\/aardbeien-pink-opera-icing\/#primaryimage"},"image":{"@id":"https:\/\/www.unipatis.fr\/nl\/produit\/aardbeien-pink-opera-icing\/#primaryimage"},"thumbnailUrl":"https:\/\/www.unipatis.fr\/wp-content\/uploads\/2022\/02\/seau_glacage_opera_rose_fraise.png","datePublished":"2022-02-11T11:10:28+00:00","dateModified":"2026-04-09T08:23:37+00:00","description":"Unipatis Strawberry Pink Opera Glaze: mat fondantglazuur voor tussengerechten, taarten en desserts. Stabiele textuur, zuiver van snit, natuurlijk gekleurd. Klaar voor gebruik.","breadcrumb":{"@id":"https:\/\/www.unipatis.fr\/nl\/produit\/aardbeien-pink-opera-icing\/#breadcrumb"},"inLanguage":"nl-NL","potentialAction":[{"@type":"ReadAction","target":["https:\/\/www.unipatis.fr\/nl\/produit\/aardbeien-pink-opera-icing\/"]}]},{"@type":"ImageObject","inLanguage":"nl-NL","@id":"https:\/\/www.unipatis.fr\/nl\/produit\/aardbeien-pink-opera-icing\/#primaryimage","url":"https:\/\/www.unipatis.fr\/wp-content\/uploads\/2022\/02\/seau_glacage_opera_rose_fraise.png","contentUrl":"https:\/\/www.unipatis.fr\/wp-content\/uploads\/2022\/02\/seau_glacage_opera_rose_fraise.png","width":1261,"height":1179,"caption":"aardbei_roos_opera_glazuur Unipatis"},{"@type":"BreadcrumbList","@id":"https:\/\/www.unipatis.fr\/nl\/produit\/aardbeien-pink-opera-icing\/#breadcrumb","itemListElement":[{"@type":"ListItem","position":1,"name":"Accueil","item":"https:\/\/www.unipatis.fr\/nl\/home\/"},{"@type":"ListItem","position":2,"name":"Winkel op","item":"https:\/\/www.unipatis.fr\/nl\/winkel-op\/"},{"@type":"ListItem","position":3,"name":"Aardbeien Pink Opera Icing"}]},{"@type":"WebSite","@id":"https:\/\/www.unipatis.fr\/en\/#website","url":"https:\/\/www.unipatis.fr\/en\/","name":"Unipatis","description":"Unipatis Maison est une entreprise familiale sp\u00e9cialis\u00e9e dans la fabrication d&#039;ingr\u00e9dients p\u00e2tissiers et chocolatiers depuis quatre g\u00e9n\u00e9rations.","publisher":{"@id":"https:\/\/www.unipatis.fr\/en\/#organization"},"potentialAction":[{"@type":"SearchAction","target":{"@type":"EntryPoint","urlTemplate":"https:\/\/www.unipatis.fr\/en\/?s={search_term_string}"},"query-input":{"@type":"PropertyValueSpecification","valueRequired":true,"valueName":"search_term_string"}}],"inLanguage":"nl-NL"},{"@type":"Organization","@id":"https:\/\/www.unipatis.fr\/en\/#organization","name":"Unipatis","url":"https:\/\/www.unipatis.fr\/en\/","logo":{"@type":"ImageObject","inLanguage":"nl-NL","@id":"https:\/\/www.unipatis.fr\/en\/#\/schema\/logo\/image\/","url":"https:\/\/www.unipatis.fr\/wp-content\/uploads\/2021\/10\/UNIPATIS_logo_flag_2021-1.svg","contentUrl":"https:\/\/www.unipatis.fr\/wp-content\/uploads\/2021\/10\/UNIPATIS_logo_flag_2021-1.svg","width":150,"height":184,"caption":"Unipatis"},"image":{"@id":"https:\/\/www.unipatis.fr\/en\/#\/schema\/logo\/image\/"},"sameAs":["https:\/\/www.facebook.com\/unipatis","https:\/\/www.instagram.com\/unipatis","https:\/\/www.youtube.com\/@Unipatis"]}]}},"_links":{"self":[{"href":"https:\/\/www.unipatis.fr\/nl\/wp-json\/wp\/v2\/product\/15293","targetHints":{"allow":["GET"]}}],"collection":[{"href":"https:\/\/www.unipatis.fr\/nl\/wp-json\/wp\/v2\/product"}],"about":[{"href":"https:\/\/www.unipatis.fr\/nl\/wp-json\/wp\/v2\/types\/product"}],"replies":[{"embeddable":true,"href":"https:\/\/www.unipatis.fr\/nl\/wp-json\/wp\/v2\/comments?post=15293"}],"version-history":[{"count":1,"href":"https:\/\/www.unipatis.fr\/nl\/wp-json\/wp\/v2\/product\/15293\/revisions"}],"predecessor-version":[{"id":26450,"href":"https:\/\/www.unipatis.fr\/nl\/wp-json\/wp\/v2\/product\/15293\/revisions\/26450"}],"wp:featuredmedia":[{"embeddable":true,"href":"https:\/\/www.unipatis.fr\/nl\/wp-json\/wp\/v2\/media\/15295"}],"wp:attachment":[{"href":"https:\/\/www.unipatis.fr\/nl\/wp-json\/wp\/v2\/media?parent=15293"}],"wp:term":[{"taxonomy":"product_brand","embeddable":true,"href":"https:\/\/www.unipatis.fr\/nl\/wp-json\/wp\/v2\/product_brand?post=15293"},{"taxonomy":"product_cat","embeddable":true,"href":"https:\/\/www.unipatis.fr\/nl\/wp-json\/wp\/v2\/product_cat?post=15293"},{"taxonomy":"product_tag","embeddable":true,"href":"https:\/\/www.unipatis.fr\/nl\/wp-json\/wp\/v2\/product_tag?post=15293"}],"curies":[{"name":"wp","href":"https:\/\/api.w.org\/{rel}","templated":true}]}}