{"id":15701,"date":"2022-02-11T12:10:43","date_gmt":"2022-02-11T11:10:43","guid":{"rendered":"https:\/\/www.unipatis.fr\/produit\/doopbloem-blauw\/"},"modified":"2026-04-09T10:30:30","modified_gmt":"2026-04-09T08:30:30","slug":"doopbloem-blauw","status":"publish","type":"product","link":"https:\/\/www.unipatis.fr\/nl\/produit\/doopbloem-blauw\/","title":{"rendered":"Doopbloem blauw"},"content":{"rendered":"","protected":false},"excerpt":{"rendered":"<p>Afwerkingsproduct met een fluweelzacht pareleffect van cacaopoeder voor desserts, kerststollen en ijs.<\/p>\n<p>Op basis van cacaoboterchocolade, met een vleugje bijenwas (banketbakkerscoating) om de parelmoerachtige textuur van het fluweel te verbeteren en het smeltpunt te verhogen om de afwerking van je desserts beter te beschermen (afbakening, behandelingsmarkeringen). Natuurlijk gekleurd met planten (fruit en groenten) om je creaties een boost te geven.<\/p>\n","protected":false},"featured_media":21264,"comment_status":"closed","ping_status":"closed","template":"","meta":{"_acf_changed":false,"inline_featured_image":false},"product_brand":[],"product_cat":[575],"product_tag":[],"class_list":{"0":"post-15701","1":"product","2":"type-product","3":"status-publish","4":"has-post-thumbnail","6":"product_cat-17-fluweelvlok","7":"sales-flash-overlay","8":"woocommerce-text-align-center","9":"woocommerce-image-align-center","10":"do-quantity-buttons","12":"first","13":"instock","14":"product-type-simple"},"acf":[],"yoast_head":"<!-- This site is optimized with the Yoast SEO plugin v27.2 - https:\/\/yoast.com\/product\/yoast-seo-wordpress\/ -->\n<title>Doopbloem blauw - Unipatis<\/title>\n<meta name=\"robots\" content=\"index, follow, max-snippet:-1, max-image-preview:large, max-video-preview:-1\" \/>\n<link rel=\"canonical\" href=\"https:\/\/www.unipatis.fr\/nl\/produit\/doopbloem-blauw\/\" \/>\n<meta property=\"og:locale\" content=\"nl_NL\" \/>\n<meta property=\"og:type\" content=\"article\" \/>\n<meta property=\"og:title\" content=\"Doopbloem blauw - Unipatis\" \/>\n<meta property=\"og:description\" content=\"Afwerkingsproduct met een fluweelzacht pareleffect van cacaopoeder voor desserts, kerststollen en ijs. Op basis van cacaoboterchocolade, met een vleugje bijenwas (banketbakkerscoating) om de parelmoerachtige textuur van het fluweel te verbeteren en het smeltpunt te verhogen om de afwerking van je desserts beter te beschermen (afbakening, behandelingsmarkeringen). Natuurlijk gekleurd met planten (fruit en groenten) om je creaties een boost te geven.\" \/>\n<meta property=\"og:url\" content=\"https:\/\/www.unipatis.fr\/nl\/produit\/doopbloem-blauw\/\" \/>\n<meta property=\"og:site_name\" content=\"Unipatis\" \/>\n<meta property=\"article:publisher\" content=\"https:\/\/www.facebook.com\/unipatis\" \/>\n<meta property=\"article:modified_time\" content=\"2026-04-09T08:30:30+00:00\" \/>\n<meta property=\"og:image\" content=\"https:\/\/www.unipatis.fr\/wp-content\/uploads\/2022\/02\/seau_velours_bleu-2.png\" \/>\n\t<meta property=\"og:image:width\" content=\"1261\" \/>\n\t<meta property=\"og:image:height\" content=\"1179\" \/>\n\t<meta property=\"og:image:type\" content=\"image\/png\" \/>\n<meta name=\"twitter:card\" content=\"summary_large_image\" \/>\n<script type=\"application\/ld+json\" class=\"yoast-schema-graph\">{\"@context\":\"https:\/\/schema.org\",\"@graph\":[{\"@type\":\"WebPage\",\"@id\":\"https:\/\/www.unipatis.fr\/nl\/produit\/doopbloem-blauw\/\",\"url\":\"https:\/\/www.unipatis.fr\/nl\/produit\/doopbloem-blauw\/\",\"name\":\"Doopbloem blauw - Unipatis\",\"isPartOf\":{\"@id\":\"https:\/\/www.unipatis.fr\/en\/#website\"},\"primaryImageOfPage\":{\"@id\":\"https:\/\/www.unipatis.fr\/nl\/produit\/doopbloem-blauw\/#primaryimage\"},\"image\":{\"@id\":\"https:\/\/www.unipatis.fr\/nl\/produit\/doopbloem-blauw\/#primaryimage\"},\"thumbnailUrl\":\"https:\/\/www.unipatis.fr\/wp-content\/uploads\/2022\/02\/seau_velours_bleu-2.png\",\"datePublished\":\"2022-02-11T11:10:43+00:00\",\"dateModified\":\"2026-04-09T08:30:30+00:00\",\"breadcrumb\":{\"@id\":\"https:\/\/www.unipatis.fr\/nl\/produit\/doopbloem-blauw\/#breadcrumb\"},\"inLanguage\":\"nl-NL\",\"potentialAction\":[{\"@type\":\"ReadAction\",\"target\":[\"https:\/\/www.unipatis.fr\/nl\/produit\/doopbloem-blauw\/\"]}]},{\"@type\":\"ImageObject\",\"inLanguage\":\"nl-NL\",\"@id\":\"https:\/\/www.unipatis.fr\/nl\/produit\/doopbloem-blauw\/#primaryimage\",\"url\":\"https:\/\/www.unipatis.fr\/wp-content\/uploads\/2022\/02\/seau_velours_bleu-2.png\",\"contentUrl\":\"https:\/\/www.unipatis.fr\/wp-content\/uploads\/2022\/02\/seau_velours_bleu-2.png\",\"width\":1261,\"height\":1179,\"caption\":\"fluweelblauw Unipatis\"},{\"@type\":\"BreadcrumbList\",\"@id\":\"https:\/\/www.unipatis.fr\/nl\/produit\/doopbloem-blauw\/#breadcrumb\",\"itemListElement\":[{\"@type\":\"ListItem\",\"position\":1,\"name\":\"Accueil\",\"item\":\"https:\/\/www.unipatis.fr\/nl\/home\/\"},{\"@type\":\"ListItem\",\"position\":2,\"name\":\"Winkel op\",\"item\":\"https:\/\/www.unipatis.fr\/nl\/winkel-op\/\"},{\"@type\":\"ListItem\",\"position\":3,\"name\":\"Doopbloem blauw\"}]},{\"@type\":\"WebSite\",\"@id\":\"https:\/\/www.unipatis.fr\/en\/#website\",\"url\":\"https:\/\/www.unipatis.fr\/en\/\",\"name\":\"Unipatis\",\"description\":\"Unipatis Maison est une entreprise familiale sp\u00e9cialis\u00e9e dans la fabrication d&#039;ingr\u00e9dients p\u00e2tissiers et chocolatiers depuis quatre g\u00e9n\u00e9rations.\",\"publisher\":{\"@id\":\"https:\/\/www.unipatis.fr\/en\/#organization\"},\"potentialAction\":[{\"@type\":\"SearchAction\",\"target\":{\"@type\":\"EntryPoint\",\"urlTemplate\":\"https:\/\/www.unipatis.fr\/en\/?s={search_term_string}\"},\"query-input\":{\"@type\":\"PropertyValueSpecification\",\"valueRequired\":true,\"valueName\":\"search_term_string\"}}],\"inLanguage\":\"nl-NL\"},{\"@type\":\"Organization\",\"@id\":\"https:\/\/www.unipatis.fr\/en\/#organization\",\"name\":\"Unipatis\",\"url\":\"https:\/\/www.unipatis.fr\/en\/\",\"logo\":{\"@type\":\"ImageObject\",\"inLanguage\":\"nl-NL\",\"@id\":\"https:\/\/www.unipatis.fr\/en\/#\/schema\/logo\/image\/\",\"url\":\"https:\/\/www.unipatis.fr\/wp-content\/uploads\/2021\/10\/UNIPATIS_logo_flag_2021-1.svg\",\"contentUrl\":\"https:\/\/www.unipatis.fr\/wp-content\/uploads\/2021\/10\/UNIPATIS_logo_flag_2021-1.svg\",\"width\":150,\"height\":184,\"caption\":\"Unipatis\"},\"image\":{\"@id\":\"https:\/\/www.unipatis.fr\/en\/#\/schema\/logo\/image\/\"},\"sameAs\":[\"https:\/\/www.facebook.com\/unipatis\",\"https:\/\/www.instagram.com\/unipatis\",\"https:\/\/www.youtube.com\/@Unipatis\"]}]}<\/script>\n<!-- \/ Yoast SEO plugin. -->","yoast_head_json":{"title":"Doopbloem blauw - Unipatis","robots":{"index":"index","follow":"follow","max-snippet":"max-snippet:-1","max-image-preview":"max-image-preview:large","max-video-preview":"max-video-preview:-1"},"canonical":"https:\/\/www.unipatis.fr\/nl\/produit\/doopbloem-blauw\/","og_locale":"nl_NL","og_type":"article","og_title":"Doopbloem blauw - Unipatis","og_description":"Afwerkingsproduct met een fluweelzacht pareleffect van cacaopoeder voor desserts, kerststollen en ijs. Op basis van cacaoboterchocolade, met een vleugje bijenwas (banketbakkerscoating) om de parelmoerachtige textuur van het fluweel te verbeteren en het smeltpunt te verhogen om de afwerking van je desserts beter te beschermen (afbakening, behandelingsmarkeringen). Natuurlijk gekleurd met planten (fruit en groenten) om je creaties een boost te geven.","og_url":"https:\/\/www.unipatis.fr\/nl\/produit\/doopbloem-blauw\/","og_site_name":"Unipatis","article_publisher":"https:\/\/www.facebook.com\/unipatis","article_modified_time":"2026-04-09T08:30:30+00:00","og_image":[{"width":1261,"height":1179,"url":"https:\/\/www.unipatis.fr\/wp-content\/uploads\/2022\/02\/seau_velours_bleu-2.png","type":"image\/png"}],"twitter_card":"summary_large_image","schema":{"@context":"https:\/\/schema.org","@graph":[{"@type":"WebPage","@id":"https:\/\/www.unipatis.fr\/nl\/produit\/doopbloem-blauw\/","url":"https:\/\/www.unipatis.fr\/nl\/produit\/doopbloem-blauw\/","name":"Doopbloem blauw - Unipatis","isPartOf":{"@id":"https:\/\/www.unipatis.fr\/en\/#website"},"primaryImageOfPage":{"@id":"https:\/\/www.unipatis.fr\/nl\/produit\/doopbloem-blauw\/#primaryimage"},"image":{"@id":"https:\/\/www.unipatis.fr\/nl\/produit\/doopbloem-blauw\/#primaryimage"},"thumbnailUrl":"https:\/\/www.unipatis.fr\/wp-content\/uploads\/2022\/02\/seau_velours_bleu-2.png","datePublished":"2022-02-11T11:10:43+00:00","dateModified":"2026-04-09T08:30:30+00:00","breadcrumb":{"@id":"https:\/\/www.unipatis.fr\/nl\/produit\/doopbloem-blauw\/#breadcrumb"},"inLanguage":"nl-NL","potentialAction":[{"@type":"ReadAction","target":["https:\/\/www.unipatis.fr\/nl\/produit\/doopbloem-blauw\/"]}]},{"@type":"ImageObject","inLanguage":"nl-NL","@id":"https:\/\/www.unipatis.fr\/nl\/produit\/doopbloem-blauw\/#primaryimage","url":"https:\/\/www.unipatis.fr\/wp-content\/uploads\/2022\/02\/seau_velours_bleu-2.png","contentUrl":"https:\/\/www.unipatis.fr\/wp-content\/uploads\/2022\/02\/seau_velours_bleu-2.png","width":1261,"height":1179,"caption":"fluweelblauw Unipatis"},{"@type":"BreadcrumbList","@id":"https:\/\/www.unipatis.fr\/nl\/produit\/doopbloem-blauw\/#breadcrumb","itemListElement":[{"@type":"ListItem","position":1,"name":"Accueil","item":"https:\/\/www.unipatis.fr\/nl\/home\/"},{"@type":"ListItem","position":2,"name":"Winkel op","item":"https:\/\/www.unipatis.fr\/nl\/winkel-op\/"},{"@type":"ListItem","position":3,"name":"Doopbloem blauw"}]},{"@type":"WebSite","@id":"https:\/\/www.unipatis.fr\/en\/#website","url":"https:\/\/www.unipatis.fr\/en\/","name":"Unipatis","description":"Unipatis Maison est une entreprise familiale sp\u00e9cialis\u00e9e dans la fabrication d&#039;ingr\u00e9dients p\u00e2tissiers et chocolatiers depuis quatre g\u00e9n\u00e9rations.","publisher":{"@id":"https:\/\/www.unipatis.fr\/en\/#organization"},"potentialAction":[{"@type":"SearchAction","target":{"@type":"EntryPoint","urlTemplate":"https:\/\/www.unipatis.fr\/en\/?s={search_term_string}"},"query-input":{"@type":"PropertyValueSpecification","valueRequired":true,"valueName":"search_term_string"}}],"inLanguage":"nl-NL"},{"@type":"Organization","@id":"https:\/\/www.unipatis.fr\/en\/#organization","name":"Unipatis","url":"https:\/\/www.unipatis.fr\/en\/","logo":{"@type":"ImageObject","inLanguage":"nl-NL","@id":"https:\/\/www.unipatis.fr\/en\/#\/schema\/logo\/image\/","url":"https:\/\/www.unipatis.fr\/wp-content\/uploads\/2021\/10\/UNIPATIS_logo_flag_2021-1.svg","contentUrl":"https:\/\/www.unipatis.fr\/wp-content\/uploads\/2021\/10\/UNIPATIS_logo_flag_2021-1.svg","width":150,"height":184,"caption":"Unipatis"},"image":{"@id":"https:\/\/www.unipatis.fr\/en\/#\/schema\/logo\/image\/"},"sameAs":["https:\/\/www.facebook.com\/unipatis","https:\/\/www.instagram.com\/unipatis","https:\/\/www.youtube.com\/@Unipatis"]}]}},"_links":{"self":[{"href":"https:\/\/www.unipatis.fr\/nl\/wp-json\/wp\/v2\/product\/15701","targetHints":{"allow":["GET"]}}],"collection":[{"href":"https:\/\/www.unipatis.fr\/nl\/wp-json\/wp\/v2\/product"}],"about":[{"href":"https:\/\/www.unipatis.fr\/nl\/wp-json\/wp\/v2\/types\/product"}],"replies":[{"embeddable":true,"href":"https:\/\/www.unipatis.fr\/nl\/wp-json\/wp\/v2\/comments?post=15701"}],"version-history":[{"count":1,"href":"https:\/\/www.unipatis.fr\/nl\/wp-json\/wp\/v2\/product\/15701\/revisions"}],"predecessor-version":[{"id":27077,"href":"https:\/\/www.unipatis.fr\/nl\/wp-json\/wp\/v2\/product\/15701\/revisions\/27077"}],"wp:featuredmedia":[{"embeddable":true,"href":"https:\/\/www.unipatis.fr\/nl\/wp-json\/wp\/v2\/media\/21264"}],"wp:attachment":[{"href":"https:\/\/www.unipatis.fr\/nl\/wp-json\/wp\/v2\/media?parent=15701"}],"wp:term":[{"taxonomy":"product_brand","embeddable":true,"href":"https:\/\/www.unipatis.fr\/nl\/wp-json\/wp\/v2\/product_brand?post=15701"},{"taxonomy":"product_cat","embeddable":true,"href":"https:\/\/www.unipatis.fr\/nl\/wp-json\/wp\/v2\/product_cat?post=15701"},{"taxonomy":"product_tag","embeddable":true,"href":"https:\/\/www.unipatis.fr\/nl\/wp-json\/wp\/v2\/product_tag?post=15701"}],"curies":[{"name":"wp","href":"https:\/\/api.w.org\/{rel}","templated":true}]}}