{"id":15713,"date":"2022-02-11T12:10:43","date_gmt":"2022-02-11T11:10:43","guid":{"rendered":"https:\/\/www.unipatis.fr\/produit\/fluwelen-zwarte-inkt\/"},"modified":"2026-04-09T10:30:31","modified_gmt":"2026-04-09T08:30:31","slug":"fluwelen-zwarte-inkt","status":"publish","type":"product","link":"https:\/\/www.unipatis.fr\/nl\/produit\/fluwelen-zwarte-inkt\/","title":{"rendered":"Fluwelen zwarte inkt"},"content":{"rendered":"","protected":false},"excerpt":{"rendered":"<p>Afwerkingsproduct met een fluweelzacht pareleffect van cacaopoeder voor desserts, kerststollen en ijs.<\/p>\n<p>Op basis van cacaoboterchocolade, met een vleugje bijenwas (banketbakkerscoating) om de parelmoerachtige textuur van het fluweel te verbeteren en het smeltpunt te verhogen om de afwerking van je desserts beter te beschermen (afbakening, behandelingsmarkeringen). Natuurlijk gekleurd met planten (fruit en groenten) om je creaties een boost te geven.<\/p>\n","protected":false},"featured_media":21304,"comment_status":"closed","ping_status":"closed","template":"","meta":{"_acf_changed":false,"inline_featured_image":false},"product_brand":[],"product_cat":[575],"product_tag":[],"class_list":{"0":"post-15713","1":"product","2":"type-product","3":"status-publish","4":"has-post-thumbnail","6":"product_cat-17-fluweelvlok","7":"sales-flash-overlay","8":"woocommerce-text-align-center","9":"woocommerce-image-align-center","10":"do-quantity-buttons","12":"first","13":"instock","14":"product-type-simple"},"acf":[],"yoast_head":"<!-- This site is optimized with the Yoast SEO plugin v27.2 - https:\/\/yoast.com\/product\/yoast-seo-wordpress\/ -->\n<title>Fluwelen zwarte inkt - Unipatis<\/title>\n<meta name=\"description\" content=\"Zwarte fluwelen spuitinkt met cacaoboter. Intens pareleffect, natuurlijk gekleurd. Diepvriesbestendig, smeltpunt 40\u00b0C. Emmers van 1kg\/5kg.\" \/>\n<meta name=\"robots\" content=\"index, follow, max-snippet:-1, max-image-preview:large, max-video-preview:-1\" \/>\n<link rel=\"canonical\" href=\"https:\/\/www.unipatis.fr\/nl\/produit\/fluwelen-zwarte-inkt\/\" \/>\n<meta property=\"og:locale\" content=\"nl_NL\" \/>\n<meta property=\"og:type\" content=\"article\" \/>\n<meta property=\"og:title\" content=\"Fluwelen zwarte inkt - Unipatis\" \/>\n<meta property=\"og:description\" content=\"Zwarte fluwelen spuitinkt met cacaoboter. Intens pareleffect, natuurlijk gekleurd. Diepvriesbestendig, smeltpunt 40\u00b0C. Emmers van 1kg\/5kg.\" \/>\n<meta property=\"og:url\" content=\"https:\/\/www.unipatis.fr\/nl\/produit\/fluwelen-zwarte-inkt\/\" \/>\n<meta property=\"og:site_name\" content=\"Unipatis\" \/>\n<meta property=\"article:publisher\" content=\"https:\/\/www.facebook.com\/unipatis\" \/>\n<meta property=\"article:modified_time\" content=\"2026-04-09T08:30:31+00:00\" \/>\n<meta property=\"og:image\" content=\"https:\/\/www.unipatis.fr\/wp-content\/uploads\/2022\/02\/seau_velour_noirSEP2024.png\" \/>\n\t<meta property=\"og:image:width\" content=\"1261\" \/>\n\t<meta property=\"og:image:height\" content=\"1179\" \/>\n\t<meta property=\"og:image:type\" content=\"image\/png\" \/>\n<meta name=\"twitter:card\" content=\"summary_large_image\" \/>\n<script type=\"application\/ld+json\" class=\"yoast-schema-graph\">{\"@context\":\"https:\/\/schema.org\",\"@graph\":[{\"@type\":\"WebPage\",\"@id\":\"https:\/\/www.unipatis.fr\/nl\/produit\/fluwelen-zwarte-inkt\/\",\"url\":\"https:\/\/www.unipatis.fr\/nl\/produit\/fluwelen-zwarte-inkt\/\",\"name\":\"Fluwelen zwarte inkt - Unipatis\",\"isPartOf\":{\"@id\":\"https:\/\/www.unipatis.fr\/en\/#website\"},\"primaryImageOfPage\":{\"@id\":\"https:\/\/www.unipatis.fr\/nl\/produit\/fluwelen-zwarte-inkt\/#primaryimage\"},\"image\":{\"@id\":\"https:\/\/www.unipatis.fr\/nl\/produit\/fluwelen-zwarte-inkt\/#primaryimage\"},\"thumbnailUrl\":\"https:\/\/www.unipatis.fr\/wp-content\/uploads\/2022\/02\/seau_velour_noirSEP2024.png\",\"datePublished\":\"2022-02-11T11:10:43+00:00\",\"dateModified\":\"2026-04-09T08:30:31+00:00\",\"description\":\"Zwarte fluwelen spuitinkt met cacaoboter. Intens pareleffect, natuurlijk gekleurd. Diepvriesbestendig, smeltpunt 40\u00b0C. Emmers van 1kg\/5kg.\",\"breadcrumb\":{\"@id\":\"https:\/\/www.unipatis.fr\/nl\/produit\/fluwelen-zwarte-inkt\/#breadcrumb\"},\"inLanguage\":\"nl-NL\",\"potentialAction\":[{\"@type\":\"ReadAction\",\"target\":[\"https:\/\/www.unipatis.fr\/nl\/produit\/fluwelen-zwarte-inkt\/\"]}]},{\"@type\":\"ImageObject\",\"inLanguage\":\"nl-NL\",\"@id\":\"https:\/\/www.unipatis.fr\/nl\/produit\/fluwelen-zwarte-inkt\/#primaryimage\",\"url\":\"https:\/\/www.unipatis.fr\/wp-content\/uploads\/2022\/02\/seau_velour_noirSEP2024.png\",\"contentUrl\":\"https:\/\/www.unipatis.fr\/wp-content\/uploads\/2022\/02\/seau_velour_noirSEP2024.png\",\"width\":1261,\"height\":1179,\"caption\":\"velour_noir unipatis\"},{\"@type\":\"BreadcrumbList\",\"@id\":\"https:\/\/www.unipatis.fr\/nl\/produit\/fluwelen-zwarte-inkt\/#breadcrumb\",\"itemListElement\":[{\"@type\":\"ListItem\",\"position\":1,\"name\":\"Accueil\",\"item\":\"https:\/\/www.unipatis.fr\/nl\/home\/\"},{\"@type\":\"ListItem\",\"position\":2,\"name\":\"Winkel op\",\"item\":\"https:\/\/www.unipatis.fr\/nl\/winkel-op\/\"},{\"@type\":\"ListItem\",\"position\":3,\"name\":\"Fluwelen zwarte inkt\"}]},{\"@type\":\"WebSite\",\"@id\":\"https:\/\/www.unipatis.fr\/en\/#website\",\"url\":\"https:\/\/www.unipatis.fr\/en\/\",\"name\":\"Unipatis\",\"description\":\"Unipatis Maison est une entreprise familiale sp\u00e9cialis\u00e9e dans la fabrication d&#039;ingr\u00e9dients p\u00e2tissiers et chocolatiers depuis quatre g\u00e9n\u00e9rations.\",\"publisher\":{\"@id\":\"https:\/\/www.unipatis.fr\/en\/#organization\"},\"potentialAction\":[{\"@type\":\"SearchAction\",\"target\":{\"@type\":\"EntryPoint\",\"urlTemplate\":\"https:\/\/www.unipatis.fr\/en\/?s={search_term_string}\"},\"query-input\":{\"@type\":\"PropertyValueSpecification\",\"valueRequired\":true,\"valueName\":\"search_term_string\"}}],\"inLanguage\":\"nl-NL\"},{\"@type\":\"Organization\",\"@id\":\"https:\/\/www.unipatis.fr\/en\/#organization\",\"name\":\"Unipatis\",\"url\":\"https:\/\/www.unipatis.fr\/en\/\",\"logo\":{\"@type\":\"ImageObject\",\"inLanguage\":\"nl-NL\",\"@id\":\"https:\/\/www.unipatis.fr\/en\/#\/schema\/logo\/image\/\",\"url\":\"https:\/\/www.unipatis.fr\/wp-content\/uploads\/2021\/10\/UNIPATIS_logo_flag_2021-1.svg\",\"contentUrl\":\"https:\/\/www.unipatis.fr\/wp-content\/uploads\/2021\/10\/UNIPATIS_logo_flag_2021-1.svg\",\"width\":150,\"height\":184,\"caption\":\"Unipatis\"},\"image\":{\"@id\":\"https:\/\/www.unipatis.fr\/en\/#\/schema\/logo\/image\/\"},\"sameAs\":[\"https:\/\/www.facebook.com\/unipatis\",\"https:\/\/www.instagram.com\/unipatis\",\"https:\/\/www.youtube.com\/@Unipatis\"]}]}<\/script>\n<!-- \/ Yoast SEO plugin. -->","yoast_head_json":{"title":"Fluwelen zwarte inkt - Unipatis","description":"Zwarte fluwelen spuitinkt met cacaoboter. Intens pareleffect, natuurlijk gekleurd. Diepvriesbestendig, smeltpunt 40\u00b0C. Emmers van 1kg\/5kg.","robots":{"index":"index","follow":"follow","max-snippet":"max-snippet:-1","max-image-preview":"max-image-preview:large","max-video-preview":"max-video-preview:-1"},"canonical":"https:\/\/www.unipatis.fr\/nl\/produit\/fluwelen-zwarte-inkt\/","og_locale":"nl_NL","og_type":"article","og_title":"Fluwelen zwarte inkt - Unipatis","og_description":"Zwarte fluwelen spuitinkt met cacaoboter. Intens pareleffect, natuurlijk gekleurd. Diepvriesbestendig, smeltpunt 40\u00b0C. Emmers van 1kg\/5kg.","og_url":"https:\/\/www.unipatis.fr\/nl\/produit\/fluwelen-zwarte-inkt\/","og_site_name":"Unipatis","article_publisher":"https:\/\/www.facebook.com\/unipatis","article_modified_time":"2026-04-09T08:30:31+00:00","og_image":[{"width":1261,"height":1179,"url":"https:\/\/www.unipatis.fr\/wp-content\/uploads\/2022\/02\/seau_velour_noirSEP2024.png","type":"image\/png"}],"twitter_card":"summary_large_image","schema":{"@context":"https:\/\/schema.org","@graph":[{"@type":"WebPage","@id":"https:\/\/www.unipatis.fr\/nl\/produit\/fluwelen-zwarte-inkt\/","url":"https:\/\/www.unipatis.fr\/nl\/produit\/fluwelen-zwarte-inkt\/","name":"Fluwelen zwarte inkt - Unipatis","isPartOf":{"@id":"https:\/\/www.unipatis.fr\/en\/#website"},"primaryImageOfPage":{"@id":"https:\/\/www.unipatis.fr\/nl\/produit\/fluwelen-zwarte-inkt\/#primaryimage"},"image":{"@id":"https:\/\/www.unipatis.fr\/nl\/produit\/fluwelen-zwarte-inkt\/#primaryimage"},"thumbnailUrl":"https:\/\/www.unipatis.fr\/wp-content\/uploads\/2022\/02\/seau_velour_noirSEP2024.png","datePublished":"2022-02-11T11:10:43+00:00","dateModified":"2026-04-09T08:30:31+00:00","description":"Zwarte fluwelen spuitinkt met cacaoboter. Intens pareleffect, natuurlijk gekleurd. Diepvriesbestendig, smeltpunt 40\u00b0C. Emmers van 1kg\/5kg.","breadcrumb":{"@id":"https:\/\/www.unipatis.fr\/nl\/produit\/fluwelen-zwarte-inkt\/#breadcrumb"},"inLanguage":"nl-NL","potentialAction":[{"@type":"ReadAction","target":["https:\/\/www.unipatis.fr\/nl\/produit\/fluwelen-zwarte-inkt\/"]}]},{"@type":"ImageObject","inLanguage":"nl-NL","@id":"https:\/\/www.unipatis.fr\/nl\/produit\/fluwelen-zwarte-inkt\/#primaryimage","url":"https:\/\/www.unipatis.fr\/wp-content\/uploads\/2022\/02\/seau_velour_noirSEP2024.png","contentUrl":"https:\/\/www.unipatis.fr\/wp-content\/uploads\/2022\/02\/seau_velour_noirSEP2024.png","width":1261,"height":1179,"caption":"velour_noir unipatis"},{"@type":"BreadcrumbList","@id":"https:\/\/www.unipatis.fr\/nl\/produit\/fluwelen-zwarte-inkt\/#breadcrumb","itemListElement":[{"@type":"ListItem","position":1,"name":"Accueil","item":"https:\/\/www.unipatis.fr\/nl\/home\/"},{"@type":"ListItem","position":2,"name":"Winkel op","item":"https:\/\/www.unipatis.fr\/nl\/winkel-op\/"},{"@type":"ListItem","position":3,"name":"Fluwelen zwarte inkt"}]},{"@type":"WebSite","@id":"https:\/\/www.unipatis.fr\/en\/#website","url":"https:\/\/www.unipatis.fr\/en\/","name":"Unipatis","description":"Unipatis Maison est une entreprise familiale sp\u00e9cialis\u00e9e dans la fabrication d&#039;ingr\u00e9dients p\u00e2tissiers et chocolatiers depuis quatre g\u00e9n\u00e9rations.","publisher":{"@id":"https:\/\/www.unipatis.fr\/en\/#organization"},"potentialAction":[{"@type":"SearchAction","target":{"@type":"EntryPoint","urlTemplate":"https:\/\/www.unipatis.fr\/en\/?s={search_term_string}"},"query-input":{"@type":"PropertyValueSpecification","valueRequired":true,"valueName":"search_term_string"}}],"inLanguage":"nl-NL"},{"@type":"Organization","@id":"https:\/\/www.unipatis.fr\/en\/#organization","name":"Unipatis","url":"https:\/\/www.unipatis.fr\/en\/","logo":{"@type":"ImageObject","inLanguage":"nl-NL","@id":"https:\/\/www.unipatis.fr\/en\/#\/schema\/logo\/image\/","url":"https:\/\/www.unipatis.fr\/wp-content\/uploads\/2021\/10\/UNIPATIS_logo_flag_2021-1.svg","contentUrl":"https:\/\/www.unipatis.fr\/wp-content\/uploads\/2021\/10\/UNIPATIS_logo_flag_2021-1.svg","width":150,"height":184,"caption":"Unipatis"},"image":{"@id":"https:\/\/www.unipatis.fr\/en\/#\/schema\/logo\/image\/"},"sameAs":["https:\/\/www.facebook.com\/unipatis","https:\/\/www.instagram.com\/unipatis","https:\/\/www.youtube.com\/@Unipatis"]}]}},"_links":{"self":[{"href":"https:\/\/www.unipatis.fr\/nl\/wp-json\/wp\/v2\/product\/15713","targetHints":{"allow":["GET"]}}],"collection":[{"href":"https:\/\/www.unipatis.fr\/nl\/wp-json\/wp\/v2\/product"}],"about":[{"href":"https:\/\/www.unipatis.fr\/nl\/wp-json\/wp\/v2\/types\/product"}],"replies":[{"embeddable":true,"href":"https:\/\/www.unipatis.fr\/nl\/wp-json\/wp\/v2\/comments?post=15713"}],"version-history":[{"count":1,"href":"https:\/\/www.unipatis.fr\/nl\/wp-json\/wp\/v2\/product\/15713\/revisions"}],"predecessor-version":[{"id":26553,"href":"https:\/\/www.unipatis.fr\/nl\/wp-json\/wp\/v2\/product\/15713\/revisions\/26553"}],"wp:featuredmedia":[{"embeddable":true,"href":"https:\/\/www.unipatis.fr\/nl\/wp-json\/wp\/v2\/media\/21304"}],"wp:attachment":[{"href":"https:\/\/www.unipatis.fr\/nl\/wp-json\/wp\/v2\/media?parent=15713"}],"wp:term":[{"taxonomy":"product_brand","embeddable":true,"href":"https:\/\/www.unipatis.fr\/nl\/wp-json\/wp\/v2\/product_brand?post=15713"},{"taxonomy":"product_cat","embeddable":true,"href":"https:\/\/www.unipatis.fr\/nl\/wp-json\/wp\/v2\/product_cat?post=15713"},{"taxonomy":"product_tag","embeddable":true,"href":"https:\/\/www.unipatis.fr\/nl\/wp-json\/wp\/v2\/product_tag?post=15713"}],"curies":[{"name":"wp","href":"https:\/\/api.w.org\/{rel}","templated":true}]}}